{"id":128,"date":"2019-05-26T19:02:30","date_gmt":"2019-05-26T17:02:30","guid":{"rendered":"http:\/\/talja.pl\/?page_id=128"},"modified":"2022-12-15T14:39:23","modified_gmt":"2022-12-15T13:39:23","slug":"o-pracowni","status":"publish","type":"page","link":"https:\/\/talja.pl\/index.php\/o-pracowni\/","title":{"rendered":"O pracowni"},"content":{"rendered":"\t\t<div data-elementor-type=\"wp-page\" data-elementor-id=\"128\" class=\"elementor elementor-128\">\n\t\t\t\t\t\t<section class=\"elementor-section elementor-top-section elementor-element elementor-element-56d18b0d elementor-section-content-middle elementor-section-boxed elementor-section-height-default elementor-section-height-default\" data-id=\"56d18b0d\" data-element_type=\"section\" data-e-type=\"section\">\n\t\t\t\t\t\t<div class=\"elementor-container elementor-column-gap-no\">\n\t\t\t\t\t<div class=\"elementor-column elementor-col-50 elementor-top-column elementor-element elementor-element-296b2ef5\" data-id=\"296b2ef5\" data-element_type=\"column\" data-e-type=\"column\">\n\t\t\t<div class=\"elementor-widget-wrap elementor-element-populated\">\n\t\t\t\t\t\t<div class=\"elementor-element elementor-element-3b4177af elementor-widget elementor-widget-image\" data-id=\"3b4177af\" data-element_type=\"widget\" data-e-type=\"widget\" data-widget_type=\"image.default\">\n\t\t\t\t<div class=\"elementor-widget-container\">\n\t\t\t\t\t\t\t\t\t\t\t\t\t\t\t<img fetchpriority=\"high\" decoding=\"async\" width=\"768\" height=\"960\" src=\"https:\/\/talja.pl\/wp-content\/uploads\/2022\/12\/11.jpg\" class=\"attachment-medium_large size-medium_large wp-image-6857 wvs-archive-product-image\" alt=\"talja lniana pracownia\" srcset=\"https:\/\/talja.pl\/wp-content\/uploads\/2022\/12\/11.jpg 1080w, https:\/\/talja.pl\/wp-content\/uploads\/2022\/12\/11-999x1249.jpg 999w\" sizes=\"(max-width: 768px) 100vw, 768px\" \/>\t\t\t\t\t\t\t\t\t\t\t\t\t\t\t<\/div>\n\t\t\t\t<\/div>\n\t\t\t\t\t<\/div>\n\t\t<\/div>\n\t\t\t\t<div class=\"elementor-column elementor-col-50 elementor-top-column elementor-element elementor-element-3f167863\" data-id=\"3f167863\" data-element_type=\"column\" data-e-type=\"column\">\n\t\t\t<div class=\"elementor-widget-wrap elementor-element-populated\">\n\t\t\t\t\t\t<div class=\"elementor-element elementor-element-48e352ad elementor-widget elementor-widget-heading\" data-id=\"48e352ad\" data-element_type=\"widget\" data-e-type=\"widget\" data-widget_type=\"heading.default\">\n\t\t\t\t<div class=\"elementor-widget-container\">\n\t\t\t\t\t<h4 class=\"elementor-heading-title elementor-size-default\">Witaj!<\/h4>\t\t\t\t<\/div>\n\t\t\t\t<\/div>\n\t\t\t\t<div class=\"elementor-element elementor-element-6bc217d9 elementor-widget elementor-widget-text-editor\" data-id=\"6bc217d9\" data-element_type=\"widget\" data-e-type=\"widget\" data-widget_type=\"text-editor.default\">\n\t\t\t\t<div class=\"elementor-widget-container\">\n\t\t\t\t\t\t\t\t\t<p>\u00a0<\/p>\n<p>Nazywam si\u0119 Natalia Iwa\u0144ska i jestem g\u0142ow\u0105, r\u0119k\u0105 i sercem pracowni TALJA. Prowadz\u0119 <strong>kameraln\u0105 pracowni\u0119 w Szczecinie, kt\u00f3ra powsta\u0142a z mi\u0142o\u015bci do krawiectwa najwy\u017cszej jako\u015bci oraz tkanin naturalnych<\/strong>, g\u0142\u00f3wnie lnu.<\/p>\n<p>Uwielbiam tworzy\u0107 dla kobiet ubrania, kt\u00f3re podkre\u015blaj\u0105 ich wrodzone pi\u0119kno.<strong> Kreacje, kt\u00f3re tworz\u0119 inspirowane s\u0105 natur\u0105 w po\u0142\u0105czeniu z romantycznym i dziewcz\u0119cym akcentem. <\/strong>Stawiam du\u017cy nacisk na wyko\u0144czenia szytej odzie\u017cy oraz detale, kt\u00f3re niekiedy prostym, minimalistycznym ubraniom potrafi\u0105 doda\u0107 nietuzinkowy charakter.<\/p>\t\t\t\t\t\t\t\t<\/div>\n\t\t\t\t<\/div>\n\t\t\t\t\t<\/div>\n\t\t<\/div>\n\t\t\t\t\t<\/div>\n\t\t<\/section>\n\t\t\t\t<section class=\"elementor-section elementor-top-section elementor-element elementor-element-9206d87 elementor-section-boxed elementor-section-height-default elementor-section-height-default\" data-id=\"9206d87\" data-element_type=\"section\" data-e-type=\"section\">\n\t\t\t\t\t\t<div class=\"elementor-container elementor-column-gap-default\">\n\t\t\t\t\t<div class=\"elementor-column elementor-col-50 elementor-top-column elementor-element elementor-element-aeb8ac1\" data-id=\"aeb8ac1\" data-element_type=\"column\" data-e-type=\"column\">\n\t\t\t<div class=\"elementor-widget-wrap elementor-element-populated\">\n\t\t\t\t\t\t<div class=\"elementor-element elementor-element-7d74329 elementor-widget elementor-widget-text-editor\" data-id=\"7d74329\" data-element_type=\"widget\" data-e-type=\"widget\" data-widget_type=\"text-editor.default\">\n\t\t\t\t<div class=\"elementor-widget-container\">\n\t\t\t\t\t\t\t\t\t<p>W naszym sklepie tworzymy sukienki, sp\u00f3dnice i koszule zdecydowanie r\u00f3\u017cnorodne w kwestii kroj\u00f3w.<strong>&nbsp;Znajdziesz tu minimalistyczne, kroje klasyczne; znajdziesz dziewcz\u0119ce zamaszyste lu\u017aniejsze sukienki z urokliwymi falbankami, a tak\u017ce sukienki w klimacie vintage dla mi\u0142o\u015bniczek mnogo\u015bci detali i oblekanych lnem guziczk\u00f3w.&nbsp;<\/strong>Lny, z kt\u00f3rych szyjemy ( a poczyta\u0107 o nich wi\u0119cej mo\u017cesz&nbsp;<a href=\"https:\/\/talja.pl\/index.php\/kolory-lnow\/\">tutaj&nbsp;<\/a>) dost\u0119pne s\u0105 w ponad 20 barwach i wzorach. Tak ! To oznacza, \u017ce ka\u017cdy model w naszej pracowni mo\u017cesz mie\u0107 w a\u017c 20 kolorach , czy\u017c to nie wspania\u0142e?<\/p>\n<p><strong>Wszystkie lny produkowane s\u0105 w Polsce.<\/strong>&nbsp;Wszystkie maj\u0105 uszlachetniaj\u0105ce wyko\u0144czenie zwane zmi\u0119kczaniem. Dzi\u0119ki niemu nasze lny s\u0105 cudownie mi\u0119kkie, a wraz z ka\u017cdym kolejnym praniem mi\u0119kn\u0105 jeszcze bardziej.<\/p>\n<p>Zdecydowan\u0105 wi\u0119kszo\u015b\u0107 naszych kreacji szyjemy dopiero po z\u0142o\u017ceniu zam\u00f3wienia. Dlatego czas na oczekiwanie zam\u00f3wionej sukienki\/ sp\u00f3dnicy zajmuje nam 5-10 dni roboczych i jest to uzale\u017cnione od aktualnego terminu ob\u0142o\u017cenia pracowni.<\/p>\t\t\t\t\t\t\t\t<\/div>\n\t\t\t\t<\/div>\n\t\t\t\t<div class=\"elementor-element elementor-element-874b80f elementor-widget elementor-widget-image\" data-id=\"874b80f\" data-element_type=\"widget\" data-e-type=\"widget\" data-widget_type=\"image.default\">\n\t\t\t\t<div class=\"elementor-widget-container\">\n\t\t\t\t\t\t\t\t\t\t\t\t\t\t\t<img decoding=\"async\" width=\"150\" height=\"60\" src=\"https:\/\/talja.pl\/wp-content\/uploads\/2022\/04\/Certyfikat-Oeko-Tex-standard-100-e1698257301591.png\" class=\"attachment-thumbnail size-thumbnail wp-image-5333 wvs-archive-product-image\" alt=\"\" \/>\t\t\t\t\t\t\t\t\t\t\t\t\t\t\t<\/div>\n\t\t\t\t<\/div>\n\t\t\t\t\t<\/div>\n\t\t<\/div>\n\t\t\t\t<div class=\"elementor-column elementor-col-50 elementor-top-column elementor-element elementor-element-1dec086\" data-id=\"1dec086\" data-element_type=\"column\" data-e-type=\"column\">\n\t\t\t<div class=\"elementor-widget-wrap elementor-element-populated\">\n\t\t\t\t\t\t<div class=\"elementor-element elementor-element-20d90ac elementor-widget elementor-widget-image\" data-id=\"20d90ac\" data-element_type=\"widget\" data-e-type=\"widget\" data-widget_type=\"image.default\">\n\t\t\t\t<div class=\"elementor-widget-container\">\n\t\t\t\t\t\t\t\t\t\t\t\t\t\t\t<img decoding=\"async\" width=\"683\" height=\"1024\" src=\"https:\/\/talja.pl\/wp-content\/uploads\/2022\/04\/talja-lniana-sukienka-641A9686-1.jpg\" class=\"attachment-large size-large wp-image-5382 wvs-archive-product-image\" alt=\"talja lniana sukienka\" srcset=\"https:\/\/talja.pl\/wp-content\/uploads\/2022\/04\/talja-lniana-sukienka-641A9686-1.jpg 1200w, https:\/\/talja.pl\/wp-content\/uploads\/2022\/04\/talja-lniana-sukienka-641A9686-1-999x1499.jpg 999w\" sizes=\"(max-width: 683px) 100vw, 683px\" \/>\t\t\t\t\t\t\t\t\t\t\t\t\t\t\t<\/div>\n\t\t\t\t<\/div>\n\t\t\t\t\t<\/div>\n\t\t<\/div>\n\t\t\t\t\t<\/div>\n\t\t<\/section>\n\t\t\t\t<section class=\"elementor-section elementor-top-section elementor-element elementor-element-02ab8c6 elementor-section-content-middle elementor-section-boxed elementor-section-height-default elementor-section-height-default\" data-id=\"02ab8c6\" data-element_type=\"section\" data-e-type=\"section\">\n\t\t\t\t\t\t<div class=\"elementor-container elementor-column-gap-no\">\n\t\t\t\t\t<div class=\"elementor-column elementor-col-50 elementor-top-column elementor-element elementor-element-9f10a3e\" data-id=\"9f10a3e\" data-element_type=\"column\" data-e-type=\"column\">\n\t\t\t<div class=\"elementor-widget-wrap elementor-element-populated\">\n\t\t\t\t\t\t<div class=\"elementor-element elementor-element-9827b60 elementor-widget elementor-widget-image\" data-id=\"9827b60\" data-element_type=\"widget\" data-e-type=\"widget\" data-widget_type=\"image.default\">\n\t\t\t\t<div class=\"elementor-widget-container\">\n\t\t\t\t\t\t\t\t\t\t\t\t\t\t\t<img loading=\"lazy\" decoding=\"async\" width=\"614\" height=\"1024\" src=\"https:\/\/talja.pl\/wp-content\/uploads\/2022\/04\/KOLORY-LNOW-TALJA.png\" class=\"attachment-large size-large wp-image-5655 wvs-archive-product-image\" alt=\"\" \/>\t\t\t\t\t\t\t\t\t\t\t\t\t\t\t<\/div>\n\t\t\t\t<\/div>\n\t\t\t\t\t<\/div>\n\t\t<\/div>\n\t\t\t\t<div class=\"elementor-column elementor-col-50 elementor-top-column elementor-element elementor-element-744d64e\" data-id=\"744d64e\" data-element_type=\"column\" data-e-type=\"column\">\n\t\t\t<div class=\"elementor-widget-wrap elementor-element-populated\">\n\t\t\t\t\t\t<div class=\"elementor-element elementor-element-24cc598 elementor-widget elementor-widget-text-editor\" data-id=\"24cc598\" data-element_type=\"widget\" data-e-type=\"widget\" data-widget_type=\"text-editor.default\">\n\t\t\t\t<div class=\"elementor-widget-container\">\n\t\t\t\t\t\t\t\t\t<p><span style=\"font-size: 16px;\">Cz\u0119\u015b\u0107 produkt\u00f3w, kt\u00f3r\u0105 mamy ju\u017c uszyt\u0105 i gotow\u0105 do wysy\u0142ki znajdziesz w dziale <a href=\"https:\/\/talja.pl\/index.php\/kategoria-produktu\/dostepne-od-reki\/\"><b>Dost\u0119pne w&nbsp;48h<\/b><\/a>. Produkty z tego dzia\u0142u wysy\u0142amy do 48h od otrzymania p\u0142atno\u015bci.<\/span><\/p>\n<p>Szyjemy z wielk\u0105 dba\u0142o\u015bci\u0105 o najmniejszy detal. Chcemy, by kreacja kt\u00f3r\u0105 u nas zam\u00f3wisz by\u0142a dopieszczona w ka\u017cdym szczeg\u00f3le, by\u015b czu\u0142a si\u0119 w niej wyj\u0105tkowo. Wiedz, \u017ce stworzy\u0142y j\u0105 bowiem r\u0119ce i maszyny pracuj\u0105ce w Polsce, kt\u00f3re zar\u00f3wno jako\u015b\u0107 swoich produkt\u00f3w jak i zadowolenie swoich klientek stawiaj\u0105 na pierwszym miejscu.<\/p>\n<p>Pracownia mie\u015bci si\u0119 w Szczecinie, na os. Ksi\u0105\u017c\u0105t Pomorskich. Zach\u0119camy do odwiedzin, gdzie mo\u017cna podotyka\u0107 wszelakiej ma\u015bci tkanin lnianych i obejrze\u0107\/ pomierzy\u0107 dost\u0119pne modele sukienek.&nbsp;<\/p>\n<p>Je\u015bli masz do nas pytania, napisz prosz\u0119 na kontakt@talja.pl.&nbsp;<\/p>\n<p><\/p>\t\t\t\t\t\t\t\t<\/div>\n\t\t\t\t<\/div>\n\t\t\t\t\t<\/div>\n\t\t<\/div>\n\t\t\t\t\t<\/div>\n\t\t<\/section>\n\t\t\t\t<section class=\"elementor-section elementor-top-section elementor-element elementor-element-1835c024 elementor-section-boxed elementor-section-height-default elementor-section-height-default\" data-id=\"1835c024\" data-element_type=\"section\" data-e-type=\"section\">\n\t\t\t\t\t\t<div class=\"elementor-container elementor-column-gap-default\">\n\t\t\t\t\t<div class=\"elementor-column elementor-col-100 elementor-top-column elementor-element elementor-element-224ea051\" data-id=\"224ea051\" data-element_type=\"column\" data-e-type=\"column\">\n\t\t\t<div class=\"elementor-widget-wrap elementor-element-populated\">\n\t\t\t\t\t\t<div class=\"elementor-element elementor-element-4e8c741f elementor-widget elementor-widget-text-editor\" data-id=\"4e8c741f\" data-element_type=\"widget\" data-e-type=\"widget\" data-widget_type=\"text-editor.default\">\n\t\t\t\t<div class=\"elementor-widget-container\">\n\t\t\t\t\t\t\t\t\t<p><\/p>\n<p class=\"has-medium-font-size\"><br><\/p>\n<p><\/p>\n<figure class=\"wp-block-gallery aligncenter has-nested-images columns-default is-cropped wp-block-gallery-2 is-layout-flex wp-block-gallery-is-layout-flex\"><p><\/p>\n<figure class=\"wp-block-image size-large\"><img decoding=\"async\" data-id=\"2610\" class=\"wp-image-2610\" src=\"https:\/\/talja.pl\/wp-content\/uploads\/2020\/03\/IMG-20191211_150436_9510-113904148-683x1024.jpg\" alt=\"\"><\/figure>\n<p><\/p>\n<figure class=\"wp-block-image size-large\"><img decoding=\"async\" data-id=\"2612\" class=\"wp-image-2612\" src=\"https:\/\/talja.pl\/wp-content\/uploads\/2020\/03\/IMG-20191117_142639_2090-113669906-01-731x1024.jpeg\" alt=\"\"><\/figure>\n<p><\/p>\n<figure class=\"wp-block-image size-large\"><img decoding=\"async\" data-id=\"2613\" class=\"wp-image-2613\" src=\"https:\/\/talja.pl\/wp-content\/uploads\/2020\/03\/IMG-20191126_085421_3240-113904171-01-01-01-731x1024.jpeg\" alt=\"\"><\/figure>\n<p><\/p><\/figure>\n<p><\/p>\t\t\t\t\t\t\t\t<\/div>\n\t\t\t\t<\/div>\n\t\t\t\t\t<\/div>\n\t\t<\/div>\n\t\t\t\t\t<\/div>\n\t\t<\/section>\n\t\t\t\t<\/div>\n\t\t","protected":false},"excerpt":{"rendered":"<p>Witaj! \u00a0 Nazywam si\u0119 Natalia Iwa\u0144ska i jestem g\u0142ow\u0105, r\u0119k\u0105 i sercem pracowni TALJA. Prowadz\u0119 kameraln\u0105 pracowni\u0119 w Szczecinie, kt\u00f3ra powsta\u0142a z mi\u0142o\u015bci do krawiectwa najwy\u017cszej jako\u015bci oraz tkanin naturalnych, g\u0142\u00f3wnie lnu. Uwielbiam tworzy\u0107 dla kobiet ubrania, kt\u00f3re podkre\u015blaj\u0105 ich wrodzone pi\u0119kno. Kreacje, kt\u00f3re tworz\u0119 inspirowane s\u0105 natur\u0105 w po\u0142\u0105czeniu z romantycznym i dziewcz\u0119cym akcentem. [&hellip;]<\/p>\n","protected":false},"author":1,"featured_media":6857,"parent":0,"menu_order":0,"comment_status":"closed","ping_status":"closed","template":"","meta":{"footnotes":""},"class_list":["post-128","page","type-page","status-publish","has-post-thumbnail","hentry","entry","has-media","owp-thumbs-layout-horizontal","owp-btn-big","owp-tabs-layout-horizontal","has-no-thumbnails","has-product-nav"],"yoast_head":"<!-- This site is optimized with the Yoast SEO plugin v27.0 - https:\/\/yoast.com\/product\/yoast-seo-wordpress\/ -->\n<title>O pracowni - www.talja.pl<\/title>\n<meta name=\"robots\" content=\"index, follow, max-snippet:-1, max-image-preview:large, max-video-preview:-1\" \/>\n<link rel=\"canonical\" href=\"https:\/\/talja.pl\/index.php\/o-pracowni\/\" \/>\n<meta property=\"og:locale\" content=\"pl_PL\" \/>\n<meta property=\"og:type\" content=\"article\" \/>\n<meta property=\"og:title\" content=\"O pracowni - www.talja.pl\" \/>\n<meta property=\"og:description\" content=\"Witaj! \u00a0 Nazywam si\u0119 Natalia Iwa\u0144ska i jestem g\u0142ow\u0105, r\u0119k\u0105 i sercem pracowni TALJA. Prowadz\u0119 kameraln\u0105 pracowni\u0119 w Szczecinie, kt\u00f3ra powsta\u0142a z mi\u0142o\u015bci do krawiectwa najwy\u017cszej jako\u015bci oraz tkanin naturalnych, g\u0142\u00f3wnie lnu. Uwielbiam tworzy\u0107 dla kobiet ubrania, kt\u00f3re podkre\u015blaj\u0105 ich wrodzone pi\u0119kno. Kreacje, kt\u00f3re tworz\u0119 inspirowane s\u0105 natur\u0105 w po\u0142\u0105czeniu z romantycznym i dziewcz\u0119cym akcentem. [&hellip;]\" \/>\n<meta property=\"og:url\" content=\"https:\/\/talja.pl\/index.php\/o-pracowni\/\" \/>\n<meta property=\"og:site_name\" content=\"www.talja.pl\" \/>\n<meta property=\"article:publisher\" content=\"https:\/\/www.facebook.com\/Talja-418285408906660\/\" \/>\n<meta property=\"article:modified_time\" content=\"2022-12-15T13:39:23+00:00\" \/>\n<meta property=\"og:image\" content=\"https:\/\/talja.pl\/wp-content\/uploads\/2022\/12\/11.jpg\" \/>\n\t<meta property=\"og:image:width\" content=\"1080\" \/>\n\t<meta property=\"og:image:height\" content=\"1350\" \/>\n\t<meta property=\"og:image:type\" content=\"image\/jpeg\" \/>\n<meta name=\"twitter:card\" content=\"summary_large_image\" \/>\n<meta name=\"twitter:site\" content=\"@talja_pracownia\" \/>\n<meta name=\"twitter:label1\" content=\"Szacowany czas czytania\" \/>\n\t<meta name=\"twitter:data1\" content=\"4 minuty\" \/>\n<script type=\"application\/ld+json\" class=\"yoast-schema-graph\">{\"@context\":\"https:\/\/schema.org\",\"@graph\":[{\"@type\":\"WebPage\",\"@id\":\"https:\/\/talja.pl\/index.php\/o-pracowni\/\",\"url\":\"https:\/\/talja.pl\/index.php\/o-pracowni\/\",\"name\":\"O pracowni - www.talja.pl\",\"isPartOf\":{\"@id\":\"https:\/\/talja.pl\/#website\"},\"primaryImageOfPage\":{\"@id\":\"https:\/\/talja.pl\/index.php\/o-pracowni\/#primaryimage\"},\"image\":{\"@id\":\"https:\/\/talja.pl\/index.php\/o-pracowni\/#primaryimage\"},\"thumbnailUrl\":\"https:\/\/talja.pl\/wp-content\/uploads\/2022\/12\/11.jpg\",\"datePublished\":\"2019-05-26T17:02:30+00:00\",\"dateModified\":\"2022-12-15T13:39:23+00:00\",\"breadcrumb\":{\"@id\":\"https:\/\/talja.pl\/index.php\/o-pracowni\/#breadcrumb\"},\"inLanguage\":\"pl-PL\",\"potentialAction\":[{\"@type\":\"ReadAction\",\"target\":[\"https:\/\/talja.pl\/index.php\/o-pracowni\/\"]}]},{\"@type\":\"ImageObject\",\"inLanguage\":\"pl-PL\",\"@id\":\"https:\/\/talja.pl\/index.php\/o-pracowni\/#primaryimage\",\"url\":\"https:\/\/talja.pl\/wp-content\/uploads\/2022\/12\/11.jpg\",\"contentUrl\":\"https:\/\/talja.pl\/wp-content\/uploads\/2022\/12\/11.jpg\",\"width\":1080,\"height\":1350,\"caption\":\"talja lniana pracownia\"},{\"@type\":\"BreadcrumbList\",\"@id\":\"https:\/\/talja.pl\/index.php\/o-pracowni\/#breadcrumb\",\"itemListElement\":[{\"@type\":\"ListItem\",\"position\":1,\"name\":\"Strona g\u0142\u00f3wna\",\"item\":\"https:\/\/talja.pl\/\"},{\"@type\":\"ListItem\",\"position\":2,\"name\":\"O pracowni\"}]},{\"@type\":\"WebSite\",\"@id\":\"https:\/\/talja.pl\/#website\",\"url\":\"https:\/\/talja.pl\/\",\"name\":\"www.talja.pl\",\"description\":\"\",\"publisher\":{\"@id\":\"https:\/\/talja.pl\/#organization\"},\"potentialAction\":[{\"@type\":\"SearchAction\",\"target\":{\"@type\":\"EntryPoint\",\"urlTemplate\":\"https:\/\/talja.pl\/?s={search_term_string}\"},\"query-input\":{\"@type\":\"PropertyValueSpecification\",\"valueRequired\":true,\"valueName\":\"search_term_string\"}}],\"inLanguage\":\"pl-PL\"},{\"@type\":\"Organization\",\"@id\":\"https:\/\/talja.pl\/#organization\",\"name\":\"Talja\",\"url\":\"https:\/\/talja.pl\/\",\"logo\":{\"@type\":\"ImageObject\",\"inLanguage\":\"pl-PL\",\"@id\":\"https:\/\/talja.pl\/#\/schema\/logo\/image\/\",\"url\":\"https:\/\/talja.pl\/wp-content\/uploads\/2019\/06\/baner-talja-2.jpg\",\"contentUrl\":\"https:\/\/talja.pl\/wp-content\/uploads\/2019\/06\/baner-talja-2.jpg\",\"width\":1300,\"height\":300,\"caption\":\"Talja\"},\"image\":{\"@id\":\"https:\/\/talja.pl\/#\/schema\/logo\/image\/\"},\"sameAs\":[\"https:\/\/www.facebook.com\/Talja-418285408906660\/\",\"https:\/\/x.com\/talja_pracownia\",\"https:\/\/www.instagram.com\/talja_pracownia\/\"]}]}<\/script>\n<!-- \/ Yoast SEO plugin. -->","yoast_head_json":{"title":"O pracowni - www.talja.pl","robots":{"index":"index","follow":"follow","max-snippet":"max-snippet:-1","max-image-preview":"max-image-preview:large","max-video-preview":"max-video-preview:-1"},"canonical":"https:\/\/talja.pl\/index.php\/o-pracowni\/","og_locale":"pl_PL","og_type":"article","og_title":"O pracowni - www.talja.pl","og_description":"Witaj! \u00a0 Nazywam si\u0119 Natalia Iwa\u0144ska i jestem g\u0142ow\u0105, r\u0119k\u0105 i sercem pracowni TALJA. Prowadz\u0119 kameraln\u0105 pracowni\u0119 w Szczecinie, kt\u00f3ra powsta\u0142a z mi\u0142o\u015bci do krawiectwa najwy\u017cszej jako\u015bci oraz tkanin naturalnych, g\u0142\u00f3wnie lnu. Uwielbiam tworzy\u0107 dla kobiet ubrania, kt\u00f3re podkre\u015blaj\u0105 ich wrodzone pi\u0119kno. Kreacje, kt\u00f3re tworz\u0119 inspirowane s\u0105 natur\u0105 w po\u0142\u0105czeniu z romantycznym i dziewcz\u0119cym akcentem. [&hellip;]","og_url":"https:\/\/talja.pl\/index.php\/o-pracowni\/","og_site_name":"www.talja.pl","article_publisher":"https:\/\/www.facebook.com\/Talja-418285408906660\/","article_modified_time":"2022-12-15T13:39:23+00:00","og_image":[{"width":1080,"height":1350,"url":"https:\/\/talja.pl\/wp-content\/uploads\/2022\/12\/11.jpg","type":"image\/jpeg"}],"twitter_card":"summary_large_image","twitter_site":"@talja_pracownia","twitter_misc":{"Szacowany czas czytania":"4 minuty"},"schema":{"@context":"https:\/\/schema.org","@graph":[{"@type":"WebPage","@id":"https:\/\/talja.pl\/index.php\/o-pracowni\/","url":"https:\/\/talja.pl\/index.php\/o-pracowni\/","name":"O pracowni - www.talja.pl","isPartOf":{"@id":"https:\/\/talja.pl\/#website"},"primaryImageOfPage":{"@id":"https:\/\/talja.pl\/index.php\/o-pracowni\/#primaryimage"},"image":{"@id":"https:\/\/talja.pl\/index.php\/o-pracowni\/#primaryimage"},"thumbnailUrl":"https:\/\/talja.pl\/wp-content\/uploads\/2022\/12\/11.jpg","datePublished":"2019-05-26T17:02:30+00:00","dateModified":"2022-12-15T13:39:23+00:00","breadcrumb":{"@id":"https:\/\/talja.pl\/index.php\/o-pracowni\/#breadcrumb"},"inLanguage":"pl-PL","potentialAction":[{"@type":"ReadAction","target":["https:\/\/talja.pl\/index.php\/o-pracowni\/"]}]},{"@type":"ImageObject","inLanguage":"pl-PL","@id":"https:\/\/talja.pl\/index.php\/o-pracowni\/#primaryimage","url":"https:\/\/talja.pl\/wp-content\/uploads\/2022\/12\/11.jpg","contentUrl":"https:\/\/talja.pl\/wp-content\/uploads\/2022\/12\/11.jpg","width":1080,"height":1350,"caption":"talja lniana pracownia"},{"@type":"BreadcrumbList","@id":"https:\/\/talja.pl\/index.php\/o-pracowni\/#breadcrumb","itemListElement":[{"@type":"ListItem","position":1,"name":"Strona g\u0142\u00f3wna","item":"https:\/\/talja.pl\/"},{"@type":"ListItem","position":2,"name":"O pracowni"}]},{"@type":"WebSite","@id":"https:\/\/talja.pl\/#website","url":"https:\/\/talja.pl\/","name":"www.talja.pl","description":"","publisher":{"@id":"https:\/\/talja.pl\/#organization"},"potentialAction":[{"@type":"SearchAction","target":{"@type":"EntryPoint","urlTemplate":"https:\/\/talja.pl\/?s={search_term_string}"},"query-input":{"@type":"PropertyValueSpecification","valueRequired":true,"valueName":"search_term_string"}}],"inLanguage":"pl-PL"},{"@type":"Organization","@id":"https:\/\/talja.pl\/#organization","name":"Talja","url":"https:\/\/talja.pl\/","logo":{"@type":"ImageObject","inLanguage":"pl-PL","@id":"https:\/\/talja.pl\/#\/schema\/logo\/image\/","url":"https:\/\/talja.pl\/wp-content\/uploads\/2019\/06\/baner-talja-2.jpg","contentUrl":"https:\/\/talja.pl\/wp-content\/uploads\/2019\/06\/baner-talja-2.jpg","width":1300,"height":300,"caption":"Talja"},"image":{"@id":"https:\/\/talja.pl\/#\/schema\/logo\/image\/"},"sameAs":["https:\/\/www.facebook.com\/Talja-418285408906660\/","https:\/\/x.com\/talja_pracownia","https:\/\/www.instagram.com\/talja_pracownia\/"]}]}},"_links":{"self":[{"href":"https:\/\/talja.pl\/index.php\/wp-json\/wp\/v2\/pages\/128","targetHints":{"allow":["GET"]}}],"collection":[{"href":"https:\/\/talja.pl\/index.php\/wp-json\/wp\/v2\/pages"}],"about":[{"href":"https:\/\/talja.pl\/index.php\/wp-json\/wp\/v2\/types\/page"}],"author":[{"embeddable":true,"href":"https:\/\/talja.pl\/index.php\/wp-json\/wp\/v2\/users\/1"}],"replies":[{"embeddable":true,"href":"https:\/\/talja.pl\/index.php\/wp-json\/wp\/v2\/comments?post=128"}],"version-history":[{"count":68,"href":"https:\/\/talja.pl\/index.php\/wp-json\/wp\/v2\/pages\/128\/revisions"}],"predecessor-version":[{"id":6910,"href":"https:\/\/talja.pl\/index.php\/wp-json\/wp\/v2\/pages\/128\/revisions\/6910"}],"wp:featuredmedia":[{"embeddable":true,"href":"https:\/\/talja.pl\/index.php\/wp-json\/wp\/v2\/media\/6857"}],"wp:attachment":[{"href":"https:\/\/talja.pl\/index.php\/wp-json\/wp\/v2\/media?parent=128"}],"curies":[{"name":"wp","href":"https:\/\/api.w.org\/{rel}","templated":true}]}}