{"id":15611,"date":"2026-03-06T10:38:54","date_gmt":"2026-03-06T09:38:54","guid":{"rendered":"https:\/\/talja.pl\/?page_id=15611"},"modified":"2026-03-13T12:17:36","modified_gmt":"2026-03-13T11:17:36","slug":"tkaniny_wzory_2026","status":"publish","type":"page","link":"https:\/\/talja.pl\/index.php\/tkaniny_wzory_2026\/","title":{"rendered":"TKANINY WE WZORY"},"content":{"rendered":"\t\t<div data-elementor-type=\"wp-page\" data-elementor-id=\"15611\" class=\"elementor elementor-15611\">\n\t\t\t\t\t\t<section class=\"elementor-section elementor-top-section elementor-element elementor-element-75cf5fd elementor-section-boxed elementor-section-height-default elementor-section-height-default\" data-id=\"75cf5fd\" data-element_type=\"section\" data-e-type=\"section\">\n\t\t\t\t\t\t<div class=\"elementor-container elementor-column-gap-default\">\n\t\t\t\t\t<div class=\"elementor-column elementor-col-100 elementor-top-column elementor-element elementor-element-e7ede81\" data-id=\"e7ede81\" data-element_type=\"column\" data-e-type=\"column\">\n\t\t\t<div class=\"elementor-widget-wrap elementor-element-populated\">\n\t\t\t\t\t\t<div class=\"elementor-element elementor-element-6d5e7aa elementor-widget elementor-widget-heading\" data-id=\"6d5e7aa\" data-element_type=\"widget\" data-e-type=\"widget\" data-widget_type=\"heading.default\">\n\t\t\t\t<div class=\"elementor-widget-container\">\n\t\t\t\t\t<h2 class=\"elementor-heading-title elementor-size-default\">Poznaj nasze wzorzyste tkaniny w limitowanych ilo\u015bciach!\n<\/h2>\t\t\t\t<\/div>\n\t\t\t\t<\/div>\n\t\t\t\t<div class=\"elementor-element elementor-element-6dfda12 elementor-widget elementor-widget-text-editor\" data-id=\"6dfda12\" data-element_type=\"widget\" data-e-type=\"widget\" data-widget_type=\"text-editor.default\">\n\t\t\t\t<div class=\"elementor-widget-container\">\n\t\t\t\t\t\t\t\t\t<p>W szczeci\u0144skiej pracowni Talja czu\u0107 ju\u017c wiosn\u0119! Z ogromn\u0105 rado\u015bci\u0105 przedstawiam Wam trzy nowe, wzorzyste materia\u0142y, kt\u00f3re w\u0142a\u015bnie do\u0142\u0105czy\u0142y do naszej oferty. Wiem, jak kochacie nasze klasyczne lny, ale tym razem postanowi\u0142am doda\u0107 do nich odrobin\u0119 szlachetnych print\u00f3w w bardzo limitowanych ilo\u015bciach.\u00a0<\/p>\t\t\t\t\t\t\t\t<\/div>\n\t\t\t\t<\/div>\n\t\t\t\t<div class=\"elementor-element elementor-element-abea01f elementor-widget elementor-widget-heading\" data-id=\"abea01f\" data-element_type=\"widget\" data-e-type=\"widget\" data-widget_type=\"heading.default\">\n\t\t\t\t<div class=\"elementor-widget-container\">\n\t\t\t\t\t<h2 class=\"elementor-heading-title elementor-size-default\">UWAGA : tkanina \" Pastelowa harmonia\" aktualnie si\u0119 wyprzeda\u0142a. Je\u015bli chcesz, by powiadomi\u0107 Ci\u0119 o jej ponownej dost\u0119pno\u015bci, zostaw nam sw\u00f3j mail tutaj: <\/h2>\t\t\t\t<\/div>\n\t\t\t\t<\/div>\n\t\t\t\t<div class=\"elementor-element elementor-element-6e7d47c elementor-align-center elementor-widget elementor-widget-button\" data-id=\"6e7d47c\" data-element_type=\"widget\" data-e-type=\"widget\" data-widget_type=\"button.default\">\n\t\t\t\t<div class=\"elementor-widget-container\">\n\t\t\t\t\t\t\t\t\t<div class=\"elementor-button-wrapper\">\n\t\t\t\t\t<a class=\"elementor-button elementor-button-link elementor-size-sm\" href=\"https:\/\/landing.mailerlite.com\/webforms\/landing\/r4h1x5\">\n\t\t\t\t\t\t<span class=\"elementor-button-content-wrapper\">\n\t\t\t\t\t\t\t\t\t<span class=\"elementor-button-text\">Powiadom o dost\u0119pno\u015bci<\/span>\n\t\t\t\t\t<\/span>\n\t\t\t\t\t<\/a>\n\t\t\t\t<\/div>\n\t\t\t\t\t\t\t\t<\/div>\n\t\t\t\t<\/div>\n\t\t\t\t<div class=\"elementor-element elementor-element-f1a93fa elementor-widget elementor-widget-image\" data-id=\"f1a93fa\" data-element_type=\"widget\" data-e-type=\"widget\" data-widget_type=\"image.default\">\n\t\t\t\t<div class=\"elementor-widget-container\">\n\t\t\t\t\t\t\t\t\t\t\t\t\t\t\t<img fetchpriority=\"high\" decoding=\"async\" width=\"768\" height=\"1073\" src=\"https:\/\/talja.pl\/wp-content\/uploads\/2026\/03\/zdjecie-tkaniny-we-wzory--scaled.webp\" class=\"attachment-medium_large size-medium_large wp-image-15650 wvs-archive-product-image\" alt=\"\" \/>\t\t\t\t\t\t\t\t\t\t\t\t\t\t\t<\/div>\n\t\t\t\t<\/div>\n\t\t\t\t<div class=\"elementor-element elementor-element-5a092b1 elementor-widget elementor-widget-heading\" data-id=\"5a092b1\" data-element_type=\"widget\" data-e-type=\"widget\" data-widget_type=\"heading.default\">\n\t\t\t\t<div class=\"elementor-widget-container\">\n\t\t\t\t\t<h2 class=\"elementor-heading-title elementor-size-default\">Jak zam\u00f3wi\u0107?<\/h2>\t\t\t\t<\/div>\n\t\t\t\t<\/div>\n\t\t\t\t<div class=\"elementor-element elementor-element-384bdd4 elementor-widget elementor-widget-text-editor\" data-id=\"384bdd4\" data-element_type=\"widget\" data-e-type=\"widget\" data-widget_type=\"text-editor.default\">\n\t\t\t\t<div class=\"elementor-widget-container\">\n\t\t\t\t\t\t\t\t\t<p>Z tkanin we wzory mo\u017cesz zam\u00f3wi\u0107 u nas zdecydowanie wi\u0119kszo\u015b\u0107 z naszych sukienek, koszul czy sp\u00f3dnic. Wystarczy, \u017ce wejdziesz w interesuj\u0105cy Ci\u0119 produkt a z dost\u0119pnych kolor\u00f3w wybierzesz jeden ze wzor\u00f3w. Je\u015bli masz jakiekolwiek w\u0105tpliwo\u015bci, napisz na kontakt@talja.pl !\u00a0<\/p>\t\t\t\t\t\t\t\t<\/div>\n\t\t\t\t<\/div>\n\t\t\t\t<div class=\"elementor-element elementor-element-425a3a8 elementor-widget elementor-widget-heading\" data-id=\"425a3a8\" data-element_type=\"widget\" data-e-type=\"widget\" data-widget_type=\"heading.default\">\n\t\t\t\t<div class=\"elementor-widget-container\">\n\t\t\t\t\t<h2 class=\"elementor-heading-title elementor-size-default\">Francuski szyk \u2013 granatowo-bia\u0142a krata Vichy (100% len)<\/h2>\t\t\t\t<\/div>\n\t\t\t\t<\/div>\n\t\t\t\t<div class=\"elementor-element elementor-element-7e27093 elementor-widget elementor-widget-text-editor\" data-id=\"7e27093\" data-element_type=\"widget\" data-e-type=\"widget\" data-widget_type=\"text-editor.default\">\n\t\t\t\t<div class=\"elementor-widget-container\">\n\t\t\t\t\t\t\t\t\t<p>Absolutny klasyk w stylu retro. To naturalny len tkany w drobn\u0105 kratk\u0119 o boku 7 mm. Zestawienie g\u0142\u0119bokiego granatu z biel\u0105 to ponadczasowa elegancja, idealna zar\u00f3wno na letnie wyjazdy, jak i do codziennych, miejskich stylizacji.<\/p>\t\t\t\t\t\t\t\t<\/div>\n\t\t\t\t<\/div>\n\t\t\t\t<div class=\"elementor-element elementor-element-94366f9 elementor-widget elementor-widget-heading\" data-id=\"94366f9\" data-element_type=\"widget\" data-e-type=\"widget\" data-widget_type=\"heading.default\">\n\t\t\t\t<div class=\"elementor-widget-container\">\n\t\t\t\t\t<h2 class=\"elementor-heading-title elementor-size-default\">Kwiatowe akwarele (30% len + 70% wiskoza)<\/h2>\t\t\t\t<\/div>\n\t\t\t\t<\/div>\n\t\t\t\t<div class=\"elementor-element elementor-element-b19d650 elementor-widget elementor-widget-text-editor\" data-id=\"b19d650\" data-element_type=\"widget\" data-e-type=\"widget\" data-widget_type=\"text-editor.default\">\n\t\t\t\t<div class=\"elementor-widget-container\">\n\t\t\t\t\t\t\t\t\t<p data-path-to-node=\"9\">Dwa kolejne wzory to nasz nowo\u015bci kwiatowe. Subtelne, delikatne &#8211; co\u015b dla fanek romantycznych dusz ! Zdecydowa\u0142am si\u0119 na po\u0142\u0105czenie lnu z wiskoz\u0105, dzi\u0119ki czemu tkanina zyska\u0142a nowe w\u0142a\u015bciwo\u015bci: jest niezwykle przyjemna w dotyku, bardziej &#8220;mi\u0119sista&#8221;, pi\u0119knie lej\u0105ca i \u2013 co najwa\u017cniejsze \u2013 <b data-path-to-node=\"9\" data-index-in-node=\"234\">znacznie mniej si\u0119 gniecie<\/b>\u00a0w por\u00f3wnaniu do klasycznego lnu!<\/p><p data-path-to-node=\"10\">Na tej mi\u0119kkiej bazie mamy dost\u0119pne dwa nadruki, kt\u00f3re wygl\u0105daj\u0105 jak r\u0119cznie malowane akwarele:<\/p><ul data-path-to-node=\"11\"><li><p data-path-to-node=\"11,0,0\"><b data-path-to-node=\"11,0,0\" data-index-in-node=\"0\">Pastelowa Harmonia <\/b>\u2013 bardzo delikatna i kobieca. Na naturalnym, jasnym tle rozkwitaj\u0105 kwiaty w romantycznych odcieniach fioletu, r\u00f3\u017cu i ch\u0142odnego eukaliptusa.<\/p><\/li><li><p data-path-to-node=\"11,1,0\"><b data-path-to-node=\"11,1,0\" data-index-in-node=\"0\">Tajemniczy Ogr\u00f3d\u00a0<\/b>\u2013 szlachetna i intryguj\u0105ca kompozycja o g\u0142\u0119bszych barwach: zieleni, niebiesko\u015bci, ciep\u0142ych br\u0105zach mu\u015bni\u0119tych kropl\u0105 pomara\u0144czy.<\/p><\/li><\/ul>\t\t\t\t\t\t\t\t<\/div>\n\t\t\t\t<\/div>\n\t\t\t\t<div class=\"elementor-element elementor-element-e4052d6 elementor-widget elementor-widget-image\" data-id=\"e4052d6\" data-element_type=\"widget\" data-e-type=\"widget\" data-widget_type=\"image.default\">\n\t\t\t\t<div class=\"elementor-widget-container\">\n\t\t\t\t\t\t\t\t\t\t\t\t\t\t\t<img decoding=\"async\" width=\"576\" height=\"1024\" src=\"https:\/\/talja.pl\/wp-content\/uploads\/2026\/02\/3.webp\" class=\"attachment-large size-large wp-image-15596 wvs-archive-product-image\" alt=\"\" \/>\t\t\t\t\t\t\t\t\t\t\t\t\t\t\t<\/div>\n\t\t\t\t<\/div>\n\t\t\t\t<div class=\"elementor-element elementor-element-7de25c0 elementor-widget elementor-widget-image\" data-id=\"7de25c0\" data-element_type=\"widget\" data-e-type=\"widget\" data-widget_type=\"image.default\">\n\t\t\t\t<div class=\"elementor-widget-container\">\n\t\t\t\t\t\t\t\t\t\t\t\t\t\t\t<img decoding=\"async\" width=\"576\" height=\"1024\" src=\"https:\/\/talja.pl\/wp-content\/uploads\/2026\/02\/2.webp\" class=\"attachment-large size-large wp-image-15597 wvs-archive-product-image\" alt=\"\" \/>\t\t\t\t\t\t\t\t\t\t\t\t\t\t\t<\/div>\n\t\t\t\t<\/div>\n\t\t\t\t<div class=\"elementor-element elementor-element-bef5b12 elementor-widget elementor-widget-text-editor\" data-id=\"bef5b12\" data-element_type=\"widget\" data-e-type=\"widget\" data-widget_type=\"text-editor.default\">\n\t\t\t\t<div class=\"elementor-widget-container\">\n\t\t\t\t\t\t\t\t\t<h3 data-path-to-node=\"12\">Zobacz je w ruchu!<\/h3><p data-path-to-node=\"13\">Zdj\u0119cia to czasem za ma\u0142o, by poczu\u0107 magi\u0119 materia\u0142u. Chc\u0119, \u017ceby\u015bcie dok\u0142adnie zobaczy\u0142y, jak te tkaniny pracuj\u0105 i zachowuj\u0105 si\u0119 na sylwetce. Dlatego przygotowa\u0142y\u015bmy dla Was nagrania wideo z gotowymi sukienkami i bluzkami w rolach g\u0142\u00f3wnych.<\/p><p data-path-to-node=\"14\">Zapraszam do ogl\u0105dania \u2013 zobaczcie, jak pi\u0119knie uk\u0142adaj\u0105 si\u0119 w ruchu!\u00a0<\/p>\t\t\t\t\t\t\t\t<\/div>\n\t\t\t\t<\/div>\n\t\t\t\t<div class=\"elementor-element elementor-element-9a31a09 elementor-widget elementor-widget-video\" data-id=\"9a31a09\" data-element_type=\"widget\" data-e-type=\"widget\" data-settings=\"{&quot;youtube_url&quot;:&quot;https:\\\/\\\/www.youtube.com\\\/shorts\\\/IWEANjTgyIQ&quot;,&quot;video_type&quot;:&quot;youtube&quot;,&quot;controls&quot;:&quot;yes&quot;}\" data-widget_type=\"video.default\">\n\t\t\t\t<div class=\"elementor-widget-container\">\n\t\t\t\t\t\t\t<div class=\"elementor-wrapper elementor-open-inline\">\n\t\t\t<div class=\"elementor-video\"><\/div>\t\t<\/div>\n\t\t\t\t\t\t<\/div>\n\t\t\t\t<\/div>\n\t\t\t\t<div class=\"elementor-element elementor-element-01ba60f elementor-widget elementor-widget-video\" data-id=\"01ba60f\" data-element_type=\"widget\" data-e-type=\"widget\" data-settings=\"{&quot;youtube_url&quot;:&quot;https:\\\/\\\/www.youtube.com\\\/shorts\\\/ghUDSgjvJg8&quot;,&quot;video_type&quot;:&quot;youtube&quot;,&quot;controls&quot;:&quot;yes&quot;}\" data-widget_type=\"video.default\">\n\t\t\t\t<div class=\"elementor-widget-container\">\n\t\t\t\t\t\t\t<div class=\"elementor-wrapper elementor-open-inline\">\n\t\t\t<div class=\"elementor-video\"><\/div>\t\t<\/div>\n\t\t\t\t\t\t<\/div>\n\t\t\t\t<\/div>\n\t\t\t\t<div class=\"elementor-element elementor-element-9780f33 elementor-widget elementor-widget-video\" data-id=\"9780f33\" data-element_type=\"widget\" data-e-type=\"widget\" data-settings=\"{&quot;youtube_url&quot;:&quot;https:\\\/\\\/www.youtube.com\\\/shorts\\\/S7WF8CiAMAc&quot;,&quot;video_type&quot;:&quot;youtube&quot;,&quot;controls&quot;:&quot;yes&quot;}\" data-widget_type=\"video.default\">\n\t\t\t\t<div class=\"elementor-widget-container\">\n\t\t\t\t\t\t\t<div class=\"elementor-wrapper elementor-open-inline\">\n\t\t\t<div class=\"elementor-video\"><\/div>\t\t<\/div>\n\t\t\t\t\t\t<\/div>\n\t\t\t\t<\/div>\n\t\t\t\t\t<\/div>\n\t\t<\/div>\n\t\t\t\t\t<\/div>\n\t\t<\/section>\n\t\t\t\t<section class=\"elementor-section elementor-top-section elementor-element elementor-element-062caad elementor-section-boxed elementor-section-height-default elementor-section-height-default\" data-id=\"062caad\" data-element_type=\"section\" data-e-type=\"section\">\n\t\t\t\t\t\t<div class=\"elementor-container elementor-column-gap-default\">\n\t\t\t\t\t<div class=\"elementor-column elementor-col-100 elementor-top-column elementor-element elementor-element-3a3b40b\" data-id=\"3a3b40b\" data-element_type=\"column\" data-e-type=\"column\">\n\t\t\t<div class=\"elementor-widget-wrap\">\n\t\t\t\t\t\t\t<\/div>\n\t\t<\/div>\n\t\t\t\t\t<\/div>\n\t\t<\/section>\n\t\t\t\t<\/div>\n\t\t","protected":false},"excerpt":{"rendered":"<p>Poznaj nasze wzorzyste tkaniny w limitowanych ilo\u015bciach! W szczeci\u0144skiej pracowni Talja czu\u0107 ju\u017c wiosn\u0119! Z ogromn\u0105 rado\u015bci\u0105 przedstawiam Wam trzy nowe, wzorzyste materia\u0142y, kt\u00f3re w\u0142a\u015bnie do\u0142\u0105czy\u0142y do naszej oferty. Wiem, jak kochacie nasze klasyczne lny, ale tym razem postanowi\u0142am doda\u0107 do nich odrobin\u0119 szlachetnych print\u00f3w w bardzo limitowanych ilo\u015bciach.\u00a0 UWAGA : tkanina &#8221; Pastelowa harmonia&#8221; [&hellip;]<\/p>\n","protected":false},"author":2,"featured_media":0,"parent":0,"menu_order":0,"comment_status":"closed","ping_status":"closed","template":"","meta":{"footnotes":""},"class_list":["post-15611","page","type-page","status-publish","hentry","entry","owp-thumbs-layout-horizontal","owp-btn-big","owp-tabs-layout-horizontal","has-no-thumbnails","has-product-nav"],"yoast_head":"<!-- This site is optimized with the Yoast SEO plugin v27.0 - https:\/\/yoast.com\/product\/yoast-seo-wordpress\/ -->\n<title>TKANINY WE WZORY - www.talja.pl<\/title>\n<meta name=\"robots\" content=\"index, follow, max-snippet:-1, max-image-preview:large, max-video-preview:-1\" \/>\n<link rel=\"canonical\" href=\"https:\/\/talja.pl\/index.php\/tkaniny_wzory_2026\/\" \/>\n<meta property=\"og:locale\" content=\"pl_PL\" \/>\n<meta property=\"og:type\" content=\"article\" \/>\n<meta property=\"og:title\" content=\"TKANINY WE WZORY - www.talja.pl\" \/>\n<meta property=\"og:description\" content=\"Poznaj nasze wzorzyste tkaniny w limitowanych ilo\u015bciach! W szczeci\u0144skiej pracowni Talja czu\u0107 ju\u017c wiosn\u0119! Z ogromn\u0105 rado\u015bci\u0105 przedstawiam Wam trzy nowe, wzorzyste materia\u0142y, kt\u00f3re w\u0142a\u015bnie do\u0142\u0105czy\u0142y do naszej oferty. Wiem, jak kochacie nasze klasyczne lny, ale tym razem postanowi\u0142am doda\u0107 do nich odrobin\u0119 szlachetnych print\u00f3w w bardzo limitowanych ilo\u015bciach.\u00a0 UWAGA : tkanina &#8221; Pastelowa harmonia&#8221; [&hellip;]\" \/>\n<meta property=\"og:url\" content=\"https:\/\/talja.pl\/index.php\/tkaniny_wzory_2026\/\" \/>\n<meta property=\"og:site_name\" content=\"www.talja.pl\" \/>\n<meta property=\"article:publisher\" content=\"https:\/\/www.facebook.com\/Talja-418285408906660\/\" \/>\n<meta property=\"article:modified_time\" content=\"2026-03-13T11:17:36+00:00\" \/>\n<meta property=\"og:image\" content=\"https:\/\/talja.pl\/wp-content\/uploads\/2026\/03\/zdjecie-tkaniny-we-wzory--scaled.webp\" \/>\n\t<meta property=\"og:image:width\" content=\"1832\" \/>\n\t<meta property=\"og:image:height\" content=\"2560\" \/>\n\t<meta property=\"og:image:type\" content=\"image\/webp\" \/>\n<meta name=\"twitter:card\" content=\"summary_large_image\" \/>\n<meta name=\"twitter:site\" content=\"@talja_pracownia\" \/>\n<meta name=\"twitter:label1\" content=\"Szacowany czas czytania\" \/>\n\t<meta name=\"twitter:data1\" content=\"3 minuty\" \/>\n<script type=\"application\/ld+json\" class=\"yoast-schema-graph\">{\"@context\":\"https:\/\/schema.org\",\"@graph\":[{\"@type\":\"WebPage\",\"@id\":\"https:\/\/talja.pl\/index.php\/tkaniny_wzory_2026\/\",\"url\":\"https:\/\/talja.pl\/index.php\/tkaniny_wzory_2026\/\",\"name\":\"TKANINY WE WZORY - www.talja.pl\",\"isPartOf\":{\"@id\":\"https:\/\/talja.pl\/#website\"},\"primaryImageOfPage\":{\"@id\":\"https:\/\/talja.pl\/index.php\/tkaniny_wzory_2026\/#primaryimage\"},\"image\":{\"@id\":\"https:\/\/talja.pl\/index.php\/tkaniny_wzory_2026\/#primaryimage\"},\"thumbnailUrl\":\"https:\/\/talja.pl\/wp-content\/uploads\/2026\/03\/zdjecie-tkaniny-we-wzory--scaled.webp\",\"datePublished\":\"2026-03-06T09:38:54+00:00\",\"dateModified\":\"2026-03-13T11:17:36+00:00\",\"breadcrumb\":{\"@id\":\"https:\/\/talja.pl\/index.php\/tkaniny_wzory_2026\/#breadcrumb\"},\"inLanguage\":\"pl-PL\",\"potentialAction\":[{\"@type\":\"ReadAction\",\"target\":[\"https:\/\/talja.pl\/index.php\/tkaniny_wzory_2026\/\"]}]},{\"@type\":\"ImageObject\",\"inLanguage\":\"pl-PL\",\"@id\":\"https:\/\/talja.pl\/index.php\/tkaniny_wzory_2026\/#primaryimage\",\"url\":\"https:\/\/talja.pl\/wp-content\/uploads\/2026\/03\/zdjecie-tkaniny-we-wzory--scaled.webp\",\"contentUrl\":\"https:\/\/talja.pl\/wp-content\/uploads\/2026\/03\/zdjecie-tkaniny-we-wzory--scaled.webp\",\"width\":1832,\"height\":2560},{\"@type\":\"BreadcrumbList\",\"@id\":\"https:\/\/talja.pl\/index.php\/tkaniny_wzory_2026\/#breadcrumb\",\"itemListElement\":[{\"@type\":\"ListItem\",\"position\":1,\"name\":\"Strona g\u0142\u00f3wna\",\"item\":\"https:\/\/talja.pl\/\"},{\"@type\":\"ListItem\",\"position\":2,\"name\":\"TKANINY WE WZORY\"}]},{\"@type\":\"WebSite\",\"@id\":\"https:\/\/talja.pl\/#website\",\"url\":\"https:\/\/talja.pl\/\",\"name\":\"www.talja.pl\",\"description\":\"\",\"publisher\":{\"@id\":\"https:\/\/talja.pl\/#organization\"},\"potentialAction\":[{\"@type\":\"SearchAction\",\"target\":{\"@type\":\"EntryPoint\",\"urlTemplate\":\"https:\/\/talja.pl\/?s={search_term_string}\"},\"query-input\":{\"@type\":\"PropertyValueSpecification\",\"valueRequired\":true,\"valueName\":\"search_term_string\"}}],\"inLanguage\":\"pl-PL\"},{\"@type\":\"Organization\",\"@id\":\"https:\/\/talja.pl\/#organization\",\"name\":\"Talja\",\"url\":\"https:\/\/talja.pl\/\",\"logo\":{\"@type\":\"ImageObject\",\"inLanguage\":\"pl-PL\",\"@id\":\"https:\/\/talja.pl\/#\/schema\/logo\/image\/\",\"url\":\"https:\/\/talja.pl\/wp-content\/uploads\/2019\/06\/baner-talja-2.jpg\",\"contentUrl\":\"https:\/\/talja.pl\/wp-content\/uploads\/2019\/06\/baner-talja-2.jpg\",\"width\":1300,\"height\":300,\"caption\":\"Talja\"},\"image\":{\"@id\":\"https:\/\/talja.pl\/#\/schema\/logo\/image\/\"},\"sameAs\":[\"https:\/\/www.facebook.com\/Talja-418285408906660\/\",\"https:\/\/x.com\/talja_pracownia\",\"https:\/\/www.instagram.com\/talja_pracownia\/\"]}]}<\/script>\n<!-- \/ Yoast SEO plugin. -->","yoast_head_json":{"title":"TKANINY WE WZORY - www.talja.pl","robots":{"index":"index","follow":"follow","max-snippet":"max-snippet:-1","max-image-preview":"max-image-preview:large","max-video-preview":"max-video-preview:-1"},"canonical":"https:\/\/talja.pl\/index.php\/tkaniny_wzory_2026\/","og_locale":"pl_PL","og_type":"article","og_title":"TKANINY WE WZORY - www.talja.pl","og_description":"Poznaj nasze wzorzyste tkaniny w limitowanych ilo\u015bciach! W szczeci\u0144skiej pracowni Talja czu\u0107 ju\u017c wiosn\u0119! Z ogromn\u0105 rado\u015bci\u0105 przedstawiam Wam trzy nowe, wzorzyste materia\u0142y, kt\u00f3re w\u0142a\u015bnie do\u0142\u0105czy\u0142y do naszej oferty. Wiem, jak kochacie nasze klasyczne lny, ale tym razem postanowi\u0142am doda\u0107 do nich odrobin\u0119 szlachetnych print\u00f3w w bardzo limitowanych ilo\u015bciach.\u00a0 UWAGA : tkanina &#8221; Pastelowa harmonia&#8221; [&hellip;]","og_url":"https:\/\/talja.pl\/index.php\/tkaniny_wzory_2026\/","og_site_name":"www.talja.pl","article_publisher":"https:\/\/www.facebook.com\/Talja-418285408906660\/","article_modified_time":"2026-03-13T11:17:36+00:00","og_image":[{"width":1832,"height":2560,"url":"https:\/\/talja.pl\/wp-content\/uploads\/2026\/03\/zdjecie-tkaniny-we-wzory--scaled.webp","type":"image\/webp"}],"twitter_card":"summary_large_image","twitter_site":"@talja_pracownia","twitter_misc":{"Szacowany czas czytania":"3 minuty"},"schema":{"@context":"https:\/\/schema.org","@graph":[{"@type":"WebPage","@id":"https:\/\/talja.pl\/index.php\/tkaniny_wzory_2026\/","url":"https:\/\/talja.pl\/index.php\/tkaniny_wzory_2026\/","name":"TKANINY WE WZORY - www.talja.pl","isPartOf":{"@id":"https:\/\/talja.pl\/#website"},"primaryImageOfPage":{"@id":"https:\/\/talja.pl\/index.php\/tkaniny_wzory_2026\/#primaryimage"},"image":{"@id":"https:\/\/talja.pl\/index.php\/tkaniny_wzory_2026\/#primaryimage"},"thumbnailUrl":"https:\/\/talja.pl\/wp-content\/uploads\/2026\/03\/zdjecie-tkaniny-we-wzory--scaled.webp","datePublished":"2026-03-06T09:38:54+00:00","dateModified":"2026-03-13T11:17:36+00:00","breadcrumb":{"@id":"https:\/\/talja.pl\/index.php\/tkaniny_wzory_2026\/#breadcrumb"},"inLanguage":"pl-PL","potentialAction":[{"@type":"ReadAction","target":["https:\/\/talja.pl\/index.php\/tkaniny_wzory_2026\/"]}]},{"@type":"ImageObject","inLanguage":"pl-PL","@id":"https:\/\/talja.pl\/index.php\/tkaniny_wzory_2026\/#primaryimage","url":"https:\/\/talja.pl\/wp-content\/uploads\/2026\/03\/zdjecie-tkaniny-we-wzory--scaled.webp","contentUrl":"https:\/\/talja.pl\/wp-content\/uploads\/2026\/03\/zdjecie-tkaniny-we-wzory--scaled.webp","width":1832,"height":2560},{"@type":"BreadcrumbList","@id":"https:\/\/talja.pl\/index.php\/tkaniny_wzory_2026\/#breadcrumb","itemListElement":[{"@type":"ListItem","position":1,"name":"Strona g\u0142\u00f3wna","item":"https:\/\/talja.pl\/"},{"@type":"ListItem","position":2,"name":"TKANINY WE WZORY"}]},{"@type":"WebSite","@id":"https:\/\/talja.pl\/#website","url":"https:\/\/talja.pl\/","name":"www.talja.pl","description":"","publisher":{"@id":"https:\/\/talja.pl\/#organization"},"potentialAction":[{"@type":"SearchAction","target":{"@type":"EntryPoint","urlTemplate":"https:\/\/talja.pl\/?s={search_term_string}"},"query-input":{"@type":"PropertyValueSpecification","valueRequired":true,"valueName":"search_term_string"}}],"inLanguage":"pl-PL"},{"@type":"Organization","@id":"https:\/\/talja.pl\/#organization","name":"Talja","url":"https:\/\/talja.pl\/","logo":{"@type":"ImageObject","inLanguage":"pl-PL","@id":"https:\/\/talja.pl\/#\/schema\/logo\/image\/","url":"https:\/\/talja.pl\/wp-content\/uploads\/2019\/06\/baner-talja-2.jpg","contentUrl":"https:\/\/talja.pl\/wp-content\/uploads\/2019\/06\/baner-talja-2.jpg","width":1300,"height":300,"caption":"Talja"},"image":{"@id":"https:\/\/talja.pl\/#\/schema\/logo\/image\/"},"sameAs":["https:\/\/www.facebook.com\/Talja-418285408906660\/","https:\/\/x.com\/talja_pracownia","https:\/\/www.instagram.com\/talja_pracownia\/"]}]}},"_links":{"self":[{"href":"https:\/\/talja.pl\/index.php\/wp-json\/wp\/v2\/pages\/15611","targetHints":{"allow":["GET"]}}],"collection":[{"href":"https:\/\/talja.pl\/index.php\/wp-json\/wp\/v2\/pages"}],"about":[{"href":"https:\/\/talja.pl\/index.php\/wp-json\/wp\/v2\/types\/page"}],"author":[{"embeddable":true,"href":"https:\/\/talja.pl\/index.php\/wp-json\/wp\/v2\/users\/2"}],"replies":[{"embeddable":true,"href":"https:\/\/talja.pl\/index.php\/wp-json\/wp\/v2\/comments?post=15611"}],"version-history":[{"count":24,"href":"https:\/\/talja.pl\/index.php\/wp-json\/wp\/v2\/pages\/15611\/revisions"}],"predecessor-version":[{"id":15723,"href":"https:\/\/talja.pl\/index.php\/wp-json\/wp\/v2\/pages\/15611\/revisions\/15723"}],"wp:attachment":[{"href":"https:\/\/talja.pl\/index.php\/wp-json\/wp\/v2\/media?parent=15611"}],"curies":[{"name":"wp","href":"https:\/\/api.w.org\/{rel}","templated":true}]}}