{"id":79,"date":"2019-05-26T13:48:37","date_gmt":"2019-05-26T11:48:37","guid":{"rendered":"http:\/\/talja.pl\/?page_id=79"},"modified":"2025-02-12T11:26:38","modified_gmt":"2025-02-12T10:26:38","slug":"dostawa","status":"publish","type":"page","link":"https:\/\/talja.pl\/index.php\/dostawa\/","title":{"rendered":"DOSTAWA"},"content":{"rendered":"\n<h2 class=\"wp-block-heading has-text-align-center\"><\/h2>\n\n\n\n<p><\/p>\n\n\n\n<p class=\"has-text-align-center\"><strong>Na terenie Polski us\u0142ug\u0119 dostawy zakupionych towar\u00f3w wykonujemy poprzez :<\/strong><\/p>\n\n\n\n<p class=\"has-text-align-center\">Paczkomaty In Post 13,00 z\u0142<\/p>\n\n\n\n<p class=\"has-text-align-center\">Kurier In Post 19,00 z\u0142<\/p>\n\n\n\n<p class=\"has-text-align-center\">Kurier In Post pobranie 22z\u0142<\/p>\n\n\n\n<p><\/p>\n\n\n\n<p class=\"has-text-align-center\"><strong>Wysy\u0142ki zagraniczne  UE: <\/strong><\/p>\n\n\n\n<p class=\"has-text-align-center\">Wysy\u0142amy do wszystkich kraj\u00f3w UE poprzez Poczt\u0119 Polsk\u0105 &#8211; kwota za wysy\u0142k\u0119 wyliczy si\u0119 automatycznie po dodaniu produktu do koszyka i wpisaniu adresu wysy\u0142ki.<\/p>\n\n\n\n<p class=\"has-text-align-center\"><strong>Wysy\u0142ki zagraniczne poza UE : <\/strong><\/p>\n\n\n\n<p class=\"has-text-align-center\">Wysy\u0142amy r\u00f3wnie\u017c poza UE. Je\u015bli kwota wysy\u0142ki nie wy\u015bwietli si\u0119 podczas sk\u0142adania zam\u00f3wienia napisz do nas na :<strong> kontakt@talja.pl<\/strong> &#8211; na pewno co\u015b zaradzimy, wysy\u0142amy bowiem na ca\u0142y \u015bwiat. <\/p>\n\n\n\n<p class=\"has-text-align-center\"><\/p>\n\n\n\n<p><\/p>\n\n\n\n<p><\/p>\n\n\n\n<p><\/p>\n\n\n\n<div class=\"wp-block-group\"><div class=\"wp-block-group__inner-container is-layout-flow wp-block-group-is-layout-flow\">\n<p><\/p>\n\n\n\n<p><\/p>\n\n\n\n<p><\/p>\n\n\n\n<p class=\"has-text-align-center\"> Je\u017celi przesy\u0142ka nie zostanie podj\u0119ta w terminie i  zostanie zwr\u00f3cona na adres nadawcy, koszt ponownej przesy\u0142ki jest po stronie kupuj\u0105cego. Tak samo dzieje si\u0119 w przypadku b\u0142\u0119dnie podanego adresu. <\/p>\n<\/div><\/div>\n","protected":false},"excerpt":{"rendered":"<p>Na terenie Polski us\u0142ug\u0119 dostawy zakupionych towar\u00f3w wykonujemy poprzez : Paczkomaty In Post 13,00 z\u0142 Kurier In Post 19,00 z\u0142 Kurier In Post pobranie 22z\u0142 Wysy\u0142ki zagraniczne UE: Wysy\u0142amy do wszystkich kraj\u00f3w UE poprzez Poczt\u0119 Polsk\u0105 &#8211; kwota za wysy\u0142k\u0119 wyliczy si\u0119 automatycznie po dodaniu produktu do koszyka i wpisaniu adresu wysy\u0142ki. Wysy\u0142ki zagraniczne poza [&hellip;]<\/p>\n","protected":false},"author":1,"featured_media":0,"parent":0,"menu_order":2,"comment_status":"closed","ping_status":"closed","template":"","meta":{"footnotes":""},"class_list":["post-79","page","type-page","status-publish","hentry","entry","owp-thumbs-layout-horizontal","owp-btn-big","owp-tabs-layout-horizontal","has-no-thumbnails","has-product-nav"],"yoast_head":"<!-- This site is optimized with the Yoast SEO plugin v27.0 - https:\/\/yoast.com\/product\/yoast-seo-wordpress\/ -->\n<title>DOSTAWA - www.talja.pl<\/title>\n<meta name=\"robots\" content=\"index, follow, max-snippet:-1, max-image-preview:large, max-video-preview:-1\" \/>\n<link rel=\"canonical\" href=\"https:\/\/talja.pl\/index.php\/dostawa\/\" \/>\n<meta property=\"og:locale\" content=\"pl_PL\" \/>\n<meta property=\"og:type\" content=\"article\" \/>\n<meta property=\"og:title\" content=\"DOSTAWA - www.talja.pl\" \/>\n<meta property=\"og:description\" content=\"Na terenie Polski us\u0142ug\u0119 dostawy zakupionych towar\u00f3w wykonujemy poprzez : Paczkomaty In Post 13,00 z\u0142 Kurier In Post 19,00 z\u0142 Kurier In Post pobranie 22z\u0142 Wysy\u0142ki zagraniczne UE: Wysy\u0142amy do wszystkich kraj\u00f3w UE poprzez Poczt\u0119 Polsk\u0105 &#8211; kwota za wysy\u0142k\u0119 wyliczy si\u0119 automatycznie po dodaniu produktu do koszyka i wpisaniu adresu wysy\u0142ki. Wysy\u0142ki zagraniczne poza [&hellip;]\" \/>\n<meta property=\"og:url\" content=\"https:\/\/talja.pl\/index.php\/dostawa\/\" \/>\n<meta property=\"og:site_name\" content=\"www.talja.pl\" \/>\n<meta property=\"article:publisher\" content=\"https:\/\/www.facebook.com\/Talja-418285408906660\/\" \/>\n<meta property=\"article:modified_time\" content=\"2025-02-12T10:26:38+00:00\" \/>\n<meta name=\"twitter:card\" content=\"summary_large_image\" \/>\n<meta name=\"twitter:site\" content=\"@talja_pracownia\" \/>\n<meta name=\"twitter:label1\" content=\"Szacowany czas czytania\" \/>\n\t<meta name=\"twitter:data1\" content=\"1 minuta\" \/>\n<script type=\"application\/ld+json\" class=\"yoast-schema-graph\">{\"@context\":\"https:\/\/schema.org\",\"@graph\":[{\"@type\":\"WebPage\",\"@id\":\"https:\/\/talja.pl\/index.php\/dostawa\/\",\"url\":\"https:\/\/talja.pl\/index.php\/dostawa\/\",\"name\":\"DOSTAWA - www.talja.pl\",\"isPartOf\":{\"@id\":\"https:\/\/talja.pl\/#website\"},\"datePublished\":\"2019-05-26T11:48:37+00:00\",\"dateModified\":\"2025-02-12T10:26:38+00:00\",\"breadcrumb\":{\"@id\":\"https:\/\/talja.pl\/index.php\/dostawa\/#breadcrumb\"},\"inLanguage\":\"pl-PL\",\"potentialAction\":[{\"@type\":\"ReadAction\",\"target\":[\"https:\/\/talja.pl\/index.php\/dostawa\/\"]}]},{\"@type\":\"BreadcrumbList\",\"@id\":\"https:\/\/talja.pl\/index.php\/dostawa\/#breadcrumb\",\"itemListElement\":[{\"@type\":\"ListItem\",\"position\":1,\"name\":\"Strona g\u0142\u00f3wna\",\"item\":\"https:\/\/talja.pl\/\"},{\"@type\":\"ListItem\",\"position\":2,\"name\":\"DOSTAWA\"}]},{\"@type\":\"WebSite\",\"@id\":\"https:\/\/talja.pl\/#website\",\"url\":\"https:\/\/talja.pl\/\",\"name\":\"www.talja.pl\",\"description\":\"\",\"publisher\":{\"@id\":\"https:\/\/talja.pl\/#organization\"},\"potentialAction\":[{\"@type\":\"SearchAction\",\"target\":{\"@type\":\"EntryPoint\",\"urlTemplate\":\"https:\/\/talja.pl\/?s={search_term_string}\"},\"query-input\":{\"@type\":\"PropertyValueSpecification\",\"valueRequired\":true,\"valueName\":\"search_term_string\"}}],\"inLanguage\":\"pl-PL\"},{\"@type\":\"Organization\",\"@id\":\"https:\/\/talja.pl\/#organization\",\"name\":\"Talja\",\"url\":\"https:\/\/talja.pl\/\",\"logo\":{\"@type\":\"ImageObject\",\"inLanguage\":\"pl-PL\",\"@id\":\"https:\/\/talja.pl\/#\/schema\/logo\/image\/\",\"url\":\"https:\/\/talja.pl\/wp-content\/uploads\/2019\/06\/baner-talja-2.jpg\",\"contentUrl\":\"https:\/\/talja.pl\/wp-content\/uploads\/2019\/06\/baner-talja-2.jpg\",\"width\":1300,\"height\":300,\"caption\":\"Talja\"},\"image\":{\"@id\":\"https:\/\/talja.pl\/#\/schema\/logo\/image\/\"},\"sameAs\":[\"https:\/\/www.facebook.com\/Talja-418285408906660\/\",\"https:\/\/x.com\/talja_pracownia\",\"https:\/\/www.instagram.com\/talja_pracownia\/\"]}]}<\/script>\n<!-- \/ Yoast SEO plugin. -->","yoast_head_json":{"title":"DOSTAWA - www.talja.pl","robots":{"index":"index","follow":"follow","max-snippet":"max-snippet:-1","max-image-preview":"max-image-preview:large","max-video-preview":"max-video-preview:-1"},"canonical":"https:\/\/talja.pl\/index.php\/dostawa\/","og_locale":"pl_PL","og_type":"article","og_title":"DOSTAWA - www.talja.pl","og_description":"Na terenie Polski us\u0142ug\u0119 dostawy zakupionych towar\u00f3w wykonujemy poprzez : Paczkomaty In Post 13,00 z\u0142 Kurier In Post 19,00 z\u0142 Kurier In Post pobranie 22z\u0142 Wysy\u0142ki zagraniczne UE: Wysy\u0142amy do wszystkich kraj\u00f3w UE poprzez Poczt\u0119 Polsk\u0105 &#8211; kwota za wysy\u0142k\u0119 wyliczy si\u0119 automatycznie po dodaniu produktu do koszyka i wpisaniu adresu wysy\u0142ki. Wysy\u0142ki zagraniczne poza [&hellip;]","og_url":"https:\/\/talja.pl\/index.php\/dostawa\/","og_site_name":"www.talja.pl","article_publisher":"https:\/\/www.facebook.com\/Talja-418285408906660\/","article_modified_time":"2025-02-12T10:26:38+00:00","twitter_card":"summary_large_image","twitter_site":"@talja_pracownia","twitter_misc":{"Szacowany czas czytania":"1 minuta"},"schema":{"@context":"https:\/\/schema.org","@graph":[{"@type":"WebPage","@id":"https:\/\/talja.pl\/index.php\/dostawa\/","url":"https:\/\/talja.pl\/index.php\/dostawa\/","name":"DOSTAWA - www.talja.pl","isPartOf":{"@id":"https:\/\/talja.pl\/#website"},"datePublished":"2019-05-26T11:48:37+00:00","dateModified":"2025-02-12T10:26:38+00:00","breadcrumb":{"@id":"https:\/\/talja.pl\/index.php\/dostawa\/#breadcrumb"},"inLanguage":"pl-PL","potentialAction":[{"@type":"ReadAction","target":["https:\/\/talja.pl\/index.php\/dostawa\/"]}]},{"@type":"BreadcrumbList","@id":"https:\/\/talja.pl\/index.php\/dostawa\/#breadcrumb","itemListElement":[{"@type":"ListItem","position":1,"name":"Strona g\u0142\u00f3wna","item":"https:\/\/talja.pl\/"},{"@type":"ListItem","position":2,"name":"DOSTAWA"}]},{"@type":"WebSite","@id":"https:\/\/talja.pl\/#website","url":"https:\/\/talja.pl\/","name":"www.talja.pl","description":"","publisher":{"@id":"https:\/\/talja.pl\/#organization"},"potentialAction":[{"@type":"SearchAction","target":{"@type":"EntryPoint","urlTemplate":"https:\/\/talja.pl\/?s={search_term_string}"},"query-input":{"@type":"PropertyValueSpecification","valueRequired":true,"valueName":"search_term_string"}}],"inLanguage":"pl-PL"},{"@type":"Organization","@id":"https:\/\/talja.pl\/#organization","name":"Talja","url":"https:\/\/talja.pl\/","logo":{"@type":"ImageObject","inLanguage":"pl-PL","@id":"https:\/\/talja.pl\/#\/schema\/logo\/image\/","url":"https:\/\/talja.pl\/wp-content\/uploads\/2019\/06\/baner-talja-2.jpg","contentUrl":"https:\/\/talja.pl\/wp-content\/uploads\/2019\/06\/baner-talja-2.jpg","width":1300,"height":300,"caption":"Talja"},"image":{"@id":"https:\/\/talja.pl\/#\/schema\/logo\/image\/"},"sameAs":["https:\/\/www.facebook.com\/Talja-418285408906660\/","https:\/\/x.com\/talja_pracownia","https:\/\/www.instagram.com\/talja_pracownia\/"]}]}},"_links":{"self":[{"href":"https:\/\/talja.pl\/index.php\/wp-json\/wp\/v2\/pages\/79","targetHints":{"allow":["GET"]}}],"collection":[{"href":"https:\/\/talja.pl\/index.php\/wp-json\/wp\/v2\/pages"}],"about":[{"href":"https:\/\/talja.pl\/index.php\/wp-json\/wp\/v2\/types\/page"}],"author":[{"embeddable":true,"href":"https:\/\/talja.pl\/index.php\/wp-json\/wp\/v2\/users\/1"}],"replies":[{"embeddable":true,"href":"https:\/\/talja.pl\/index.php\/wp-json\/wp\/v2\/comments?post=79"}],"version-history":[{"count":17,"href":"https:\/\/talja.pl\/index.php\/wp-json\/wp\/v2\/pages\/79\/revisions"}],"predecessor-version":[{"id":12461,"href":"https:\/\/talja.pl\/index.php\/wp-json\/wp\/v2\/pages\/79\/revisions\/12461"}],"wp:attachment":[{"href":"https:\/\/talja.pl\/index.php\/wp-json\/wp\/v2\/media?parent=79"}],"curies":[{"name":"wp","href":"https:\/\/api.w.org\/{rel}","templated":true}]}}