{"id":10276,"date":"2024-09-07T21:34:12","date_gmt":"2024-09-07T19:34:12","guid":{"rendered":"https:\/\/talja.pl\/?post_type=product&#038;p=10276"},"modified":"2026-02-02T13:28:42","modified_gmt":"2026-02-02T12:28:42","slug":"lniana-spodnica-z-rozcieciem","status":"publish","type":"product","link":"https:\/\/talja.pl\/index.php\/produkt\/lniana-spodnica-z-rozcieciem\/","title":{"rendered":"Lniana midi sp\u00f3dnica z rozci\u0119ciem"},"content":{"rendered":"<h4><strong>Lniana midi sp\u00f3dnica z rozci\u0119ciem<br \/>\n<\/strong><\/h4>\n<p>Lniana midi sp\u00f3dnica z g\u0142\u0119bszym rozci\u0119ciem to minimalistyczna sp\u00f3dnica, kt\u00f3ra stanie si\u0119 baz\u0105 do wielu Twoich stylizacji dodaj\u0105c im zarazem lekkiego pazura. B\u0119dzie pasowa\u0142a do wielu &#8221; g\u00f3r&#8221; i pi\u0119knie zagra z naszymi lnianymi <a href=\"https:\/\/talja.pl\/index.php\/produkt\/lniany-top-kolory\/\">topami<\/a>, <a href=\"https:\/\/talja.pl\/index.php\/produkt\/lniana-bluzka-kopertowa-gaja-uszyta-w-polskiej-manufakturze-kolory\/\">bluzkami<\/a>, czy <a href=\"https:\/\/talja.pl\/index.php\/produkt\/lniana-koszula-marzycielka-dostepne-od-reki\/\">koszulami<\/a>. Pro TIP: Zam\u00f3w j\u0105 z dowoln\u0105 g\u00f3r\u0105 z naszego sklepu w tym samym kolorze i stw\u00f3rz sobie wizualnie sukienk\u0119!<\/p>\n<p>Za\u0142\u00f3\u017c do niej sanda\u0142ki, klapki, tenis\u00f3wki lub adidasy, a przekonasz si\u0119 jaki z niej kameleon! Odnajdzie si\u0119 wy\u015bmienicie w wielu stylizacjach, je\u015bli tylko nie boisz si\u0119 ods\u0142oni\u0107 odrobiny n\u00f3\u017cki \ud83d\ude42<\/p>\n<h4><strong>Za co j\u0105 pokochasz?\u00a0<\/strong><\/h4>\n<ul>\n<li>za mo\u017cliwo\u015b\u0107 uszycia <strong>w jednym z ponad 20 dost\u0119pnych kolor\u00f3w ln\u00f3w ( 100%len &#8211; zmi\u0119kczany)\u00a0<\/strong><\/li>\n<li>niezaprzeczalna wygodna \u2013 sp\u00f3dnica ma w talii wszyt\u0105 szerok\u0105, wygodn\u0105 gum\u0119<\/li>\n<li>minimalistyczny, acz przykuwaj\u0105cy uwag\u0119 fason, kt\u00f3ry wystylizujesz na tuzin sposob\u00f3w!<\/li>\n<li>sp\u00f3dnica ma g\u0142\u0119bsze rozci\u0119cie i pi\u0119knie eksponuje n\u00f3\u017ck\u0119 &#8211; upa\u0142y Ci nie straszne! ; rozci\u0119cie jest umiejscowione na jedynym szwie bocznym , co oznacza, \u017ce mo\u017cesz je przesuwa\u0107 i nosi\u0107 je na n\u00f3\u017cce z przodu, bardziej z boku lub ca\u0142kowicie z ty\u0142u;<\/li>\n<li>nie ma kieszeni i nic Ci\u0119 nie poszerzy w biodrach<\/li>\n<li>uszyjemy j\u0105 z dba\u0142o\u015bci\u0105 dla Ciebie w niewielkiej manufakturze w Szczecinie<\/li>\n<\/ul>\n<h4><strong>Rozmiar\u00a0<\/strong><\/h4>\n<p><img fetchpriority=\"high\" decoding=\"async\" class=\"alignnone size-full wp-image-10300\" src=\"https:\/\/talja.pl\/wp-content\/uploads\/2024\/04\/Spodnica-z-rozcieciem.png\" alt=\"\" width=\"615\" height=\"201\" srcset=\"https:\/\/talja.pl\/wp-content\/uploads\/2024\/04\/Spodnica-z-rozcieciem.png 615w, https:\/\/talja.pl\/wp-content\/uploads\/2024\/04\/Spodnica-z-rozcieciem-300x98.png 300w\" sizes=\"(max-width: 615px) 100vw, 615px\" \/><\/p>\n<p>Natalia (173cm ) prezentuje sp\u00f3dnic w rozmiarze S w kolorach: pochmurne niebo, \u015bliwka, ciemna ziele\u0144, czer\u0144. Je\u015bli chcesz dowiedzie\u0107 si\u0119 wi\u0119cej o kolorach z jakich szyjemy w pracowni &#8211; zerknij<a href=\"https:\/\/talja.pl\/index.php\/kolory-lnow\/\"> tutaj<\/a> .<\/p>\n<p>Je\u015bli masz problem z doborem rozmiaru, czy koloru lnu &#8211; napisz do nas na kontakt@talja.pl \u2013 ch\u0119tnie pomo\u017cemy!<\/p>\n<p class=\"responsive-video-wrap clr\"><iframe title=\"Lniana sp\u00f3dnica na gumie z rozci\u0119ciem\" width=\"563\" height=\"1000\" src=\"https:\/\/www.youtube.com\/embed\/GuZyjRSKE7o?feature=oembed\" frameborder=\"0\" allow=\"accelerometer; autoplay; clipboard-write; encrypted-media; gyroscope; picture-in-picture; web-share\" referrerpolicy=\"strict-origin-when-cross-origin\" allowfullscreen><\/iframe><\/p>\n<p><img decoding=\"async\" class=\"wp-image-5333 size-medium aligncenter\" src=\"https:\/\/talja.pl\/wp-content\/uploads\/2022\/04\/Certyfikat-Oeko-Tex-standard-100-300x119.png\" alt=\"\" width=\"300\" height=\"119\" \/><\/p>\n<p>Wszystkie nasze lny s\u0105 produkcji polskiej oraz spe\u0142niaj\u0105 wymogi\u00a0 norm\u00a0<strong>OEKO TEX \u2013 Standard 100<\/strong>, co oznacza, \u017ce zosta\u0142y przebadane i nie zawieraj\u0105 \u015brodk\u00f3w szkodliwych zar\u00f3wno dla cz\u0142owieka jak i \u015brodowiska. Dodatkowo s\u0105 cudownie zmi\u0119kczane, a ten fakt z pewno\u015bci\u0105 doceni Twoja sk\u00f3ra.<\/p>\n<h4><strong>Piel\u0119gnacja\u00a0<\/strong><\/h4>\n<p>Ubrania z lnu traktuj delikatnie. Nie wybielaj, pierz w 30 stopniach, odwirowuj w pralce na ni\u017cszych obrotach i prasuj max w 150st. Dbaj o nie a b\u0119d\u0105 Ci wdzi\u0119czne.<\/p>\n","protected":false},"excerpt":{"rendered":"<h4><strong>Sk\u0142ad : Len 100% , polskiej produkcji<\/strong><\/h4>\n<p><strong>Sp\u00f3dnica dost\u0119pna jest w r\u00f3\u017cnych wersjach kolorystycznych .<br \/>\n<\/strong><\/p>\n<p><em>Wysy\u0142ka w : 5-14 dni roboczych . Pami\u0119taj : wszystkie nasze sukienki szyte s\u0105 przez nas dopiero po z\u0142o\u017ceniu zam\u00f3wienia. Pozw\u00f3l nam na precyzyjn\u0105 realizacj\u0119 Twojego zam\u00f3wienia<\/em>.<\/p>\n","protected":false},"featured_media":10278,"comment_status":"open","ping_status":"closed","template":"","meta":[],"product_brand":[],"product_cat":[45,21],"product_tag":[25,29],"class_list":{"0":"post-10276","1":"product","2":"type-product","3":"status-publish","4":"has-post-thumbnail","6":"product_cat-produkty-na-zamowienie","7":"product_cat-spodnice","8":"product_tag-len","9":"product_tag-spodnica","10":"pa_kolor-koktajl-truskawkowy-150g-m2","11":"pa_kolor-malina","12":"pa_kolor-liliowy-170g-m2","13":"pa_kolor-pochmurne-niebo-170g-m2","14":"pa_kolor-zielen-trawiasta-170g-m2","15":"pa_kolor-czerwone-wino-150g-m2","16":"pa_kolor-sliwka-170g-m2","17":"pa_kolor-mleczna-czekolada-170g-m2","18":"pa_kolor-letnie-niebo-150g-m2","19":"pa_kolor-biel-170g-m2","20":"pa_kolor-paski-150g-m2-len-100","21":"pa_kolor-naturalny-150g-m2","22":"pa_kolor-fuksja","23":"pa_kolor-morelowy","24":"pa_kolor-chabrowy-150g-m2","25":"pa_kolor-karmel-170-g-m2","26":"pa_kolor-baby-blue-150g-m2","27":"pa_kolor-pudrowy-roz-150g-m2","28":"pa_kolor-arbuz-150g-m2","29":"pa_kolor-pudrowy-szary-170g-m2","30":"pa_kolor-cegla-150g-m2","31":"pa_kolor-ciemna-zielen-150g-m2","32":"pa_kolor-ciemny-niebieski-170g-m2","33":"pa_kolor-cynamon-150g-m2","34":"pa_kolor-czern-150g-m2","35":"pa_kolor-eukaliptus-150g-m2","36":"pa_kolor-khaki-150g-m2","37":"pa_kolor-melon-150g-m2","38":"pa_kolor-wrszos-150g-m2","39":"pa_kolor-stalowo-szary-170g-m2","40":"pa_kolor-wisnia-150g-m2","42":"entry","43":"has-media","45":"first","46":"instock","47":"taxable","48":"shipping-taxable","49":"purchasable","50":"product-type-variable","51":"wvs-archive-product-wrapper","52":"has-rating","53":"has-product-nav","54":"col","55":"span_1_of_4","56":"owp-content-center","57":"owp-thumbs-layout-horizontal","58":"owp-btn-big","59":"owp-tabs-layout-horizontal"},"yoast_head":"<!-- This site is optimized with the Yoast SEO plugin v27.0 - https:\/\/yoast.com\/product\/yoast-seo-wordpress\/ -->\n<title>Lniana midi sp\u00f3dnica z rozci\u0119ciem - www.talja.pl<\/title>\n<meta name=\"description\" content=\"Lniana midi sp\u00f3dnica z rozci\u0119ciem Lniana midi sp\u00f3dnica z g\u0142\u0119bszym rozci\u0119ciem to minimalistyczna sp\u00f3dnica, kt\u00f3ra stanie si\u0119 baz\u0105 do wielu Twoich stylizacji.\" \/>\n<meta name=\"robots\" content=\"index, follow, max-snippet:-1, max-image-preview:large, max-video-preview:-1\" \/>\n<link rel=\"canonical\" href=\"https:\/\/talja.pl\/index.php\/produkt\/lniana-spodnica-z-rozcieciem\/\" \/>\n<meta property=\"og:locale\" content=\"pl_PL\" \/>\n<meta property=\"og:type\" content=\"article\" \/>\n<meta property=\"og:title\" content=\"Lniana midi sp\u00f3dnica z rozci\u0119ciem - www.talja.pl\" \/>\n<meta property=\"og:description\" content=\"Lniana midi sp\u00f3dnica z rozci\u0119ciem Lniana midi sp\u00f3dnica z g\u0142\u0119bszym rozci\u0119ciem to minimalistyczna sp\u00f3dnica, kt\u00f3ra stanie si\u0119 baz\u0105 do wielu Twoich stylizacji.\" \/>\n<meta property=\"og:url\" content=\"https:\/\/talja.pl\/index.php\/produkt\/lniana-spodnica-z-rozcieciem\/\" \/>\n<meta property=\"og:site_name\" content=\"www.talja.pl\" \/>\n<meta property=\"article:publisher\" content=\"https:\/\/www.facebook.com\/Talja-418285408906660\/\" \/>\n<meta property=\"article:modified_time\" content=\"2026-02-02T12:28:42+00:00\" \/>\n<meta property=\"og:image\" content=\"https:\/\/talja.pl\/wp-content\/uploads\/2024\/04\/6I3A7069-scaled-e1714074307247.jpg\" \/>\n\t<meta property=\"og:image:width\" content=\"1369\" \/>\n\t<meta property=\"og:image:height\" content=\"2035\" \/>\n\t<meta property=\"og:image:type\" content=\"image\/jpeg\" \/>\n<meta name=\"twitter:card\" content=\"summary_large_image\" \/>\n<meta name=\"twitter:site\" content=\"@talja_pracownia\" \/>\n<meta name=\"twitter:label1\" content=\"Szacowany czas czytania\" \/>\n\t<meta name=\"twitter:data1\" content=\"3 minuty\" \/>\n<script type=\"application\/ld+json\" class=\"yoast-schema-graph\">{\"@context\":\"https:\/\/schema.org\",\"@graph\":[{\"@type\":\"WebPage\",\"@id\":\"https:\/\/talja.pl\/index.php\/produkt\/lniana-spodnica-z-rozcieciem\/\",\"url\":\"https:\/\/talja.pl\/index.php\/produkt\/lniana-spodnica-z-rozcieciem\/\",\"name\":\"Lniana midi sp\u00f3dnica z rozci\u0119ciem - www.talja.pl\",\"isPartOf\":{\"@id\":\"https:\/\/talja.pl\/#website\"},\"primaryImageOfPage\":{\"@id\":\"https:\/\/talja.pl\/index.php\/produkt\/lniana-spodnica-z-rozcieciem\/#primaryimage\"},\"image\":{\"@id\":\"https:\/\/talja.pl\/index.php\/produkt\/lniana-spodnica-z-rozcieciem\/#primaryimage\"},\"thumbnailUrl\":\"https:\/\/talja.pl\/wp-content\/uploads\/2024\/04\/6I3A7069-scaled-e1714074307247.jpg\",\"datePublished\":\"2024-09-07T19:34:12+00:00\",\"dateModified\":\"2026-02-02T12:28:42+00:00\",\"description\":\"Lniana midi sp\u00f3dnica z rozci\u0119ciem Lniana midi sp\u00f3dnica z g\u0142\u0119bszym rozci\u0119ciem to minimalistyczna sp\u00f3dnica, kt\u00f3ra stanie si\u0119 baz\u0105 do wielu Twoich stylizacji.\",\"breadcrumb\":{\"@id\":\"https:\/\/talja.pl\/index.php\/produkt\/lniana-spodnica-z-rozcieciem\/#breadcrumb\"},\"inLanguage\":\"pl-PL\",\"potentialAction\":[{\"@type\":\"ReadAction\",\"target\":[\"https:\/\/talja.pl\/index.php\/produkt\/lniana-spodnica-z-rozcieciem\/\"]}]},{\"@type\":\"ImageObject\",\"inLanguage\":\"pl-PL\",\"@id\":\"https:\/\/talja.pl\/index.php\/produkt\/lniana-spodnica-z-rozcieciem\/#primaryimage\",\"url\":\"https:\/\/talja.pl\/wp-content\/uploads\/2024\/04\/6I3A7069-scaled-e1714074307247.jpg\",\"contentUrl\":\"https:\/\/talja.pl\/wp-content\/uploads\/2024\/04\/6I3A7069-scaled-e1714074307247.jpg\",\"width\":1369,\"height\":2035,\"caption\":\"lniana sp\u00f3dnica midi z rozci\u0119ciem talja\"},{\"@type\":\"BreadcrumbList\",\"@id\":\"https:\/\/talja.pl\/index.php\/produkt\/lniana-spodnica-z-rozcieciem\/#breadcrumb\",\"itemListElement\":[{\"@type\":\"ListItem\",\"position\":1,\"name\":\"Strona g\u0142\u00f3wna\",\"item\":\"https:\/\/talja.pl\/\"},{\"@type\":\"ListItem\",\"position\":2,\"name\":\"talja.pl\",\"item\":\"https:\/\/talja.pl\/index.php\/sklep\/\"},{\"@type\":\"ListItem\",\"position\":3,\"name\":\"Lniana midi sp\u00f3dnica z rozci\u0119ciem\"}]},{\"@type\":\"WebSite\",\"@id\":\"https:\/\/talja.pl\/#website\",\"url\":\"https:\/\/talja.pl\/\",\"name\":\"www.talja.pl\",\"description\":\"\",\"publisher\":{\"@id\":\"https:\/\/talja.pl\/#organization\"},\"potentialAction\":[{\"@type\":\"SearchAction\",\"target\":{\"@type\":\"EntryPoint\",\"urlTemplate\":\"https:\/\/talja.pl\/?s={search_term_string}\"},\"query-input\":{\"@type\":\"PropertyValueSpecification\",\"valueRequired\":true,\"valueName\":\"search_term_string\"}}],\"inLanguage\":\"pl-PL\"},{\"@type\":\"Organization\",\"@id\":\"https:\/\/talja.pl\/#organization\",\"name\":\"Talja\",\"url\":\"https:\/\/talja.pl\/\",\"logo\":{\"@type\":\"ImageObject\",\"inLanguage\":\"pl-PL\",\"@id\":\"https:\/\/talja.pl\/#\/schema\/logo\/image\/\",\"url\":\"https:\/\/talja.pl\/wp-content\/uploads\/2019\/06\/baner-talja-2.jpg\",\"contentUrl\":\"https:\/\/talja.pl\/wp-content\/uploads\/2019\/06\/baner-talja-2.jpg\",\"width\":1300,\"height\":300,\"caption\":\"Talja\"},\"image\":{\"@id\":\"https:\/\/talja.pl\/#\/schema\/logo\/image\/\"},\"sameAs\":[\"https:\/\/www.facebook.com\/Talja-418285408906660\/\",\"https:\/\/x.com\/talja_pracownia\",\"https:\/\/www.instagram.com\/talja_pracownia\/\"]}]}<\/script>\n<!-- \/ Yoast SEO plugin. -->","yoast_head_json":{"title":"Lniana midi sp\u00f3dnica z rozci\u0119ciem - www.talja.pl","description":"Lniana midi sp\u00f3dnica z rozci\u0119ciem Lniana midi sp\u00f3dnica z g\u0142\u0119bszym rozci\u0119ciem to minimalistyczna sp\u00f3dnica, kt\u00f3ra stanie si\u0119 baz\u0105 do wielu Twoich stylizacji.","robots":{"index":"index","follow":"follow","max-snippet":"max-snippet:-1","max-image-preview":"max-image-preview:large","max-video-preview":"max-video-preview:-1"},"canonical":"https:\/\/talja.pl\/index.php\/produkt\/lniana-spodnica-z-rozcieciem\/","og_locale":"pl_PL","og_type":"article","og_title":"Lniana midi sp\u00f3dnica z rozci\u0119ciem - www.talja.pl","og_description":"Lniana midi sp\u00f3dnica z rozci\u0119ciem Lniana midi sp\u00f3dnica z g\u0142\u0119bszym rozci\u0119ciem to minimalistyczna sp\u00f3dnica, kt\u00f3ra stanie si\u0119 baz\u0105 do wielu Twoich stylizacji.","og_url":"https:\/\/talja.pl\/index.php\/produkt\/lniana-spodnica-z-rozcieciem\/","og_site_name":"www.talja.pl","article_publisher":"https:\/\/www.facebook.com\/Talja-418285408906660\/","article_modified_time":"2026-02-02T12:28:42+00:00","og_image":[{"width":1369,"height":2035,"url":"https:\/\/talja.pl\/wp-content\/uploads\/2024\/04\/6I3A7069-scaled-e1714074307247.jpg","type":"image\/jpeg"}],"twitter_card":"summary_large_image","twitter_site":"@talja_pracownia","twitter_misc":{"Szacowany czas czytania":"3 minuty"},"schema":{"@context":"https:\/\/schema.org","@graph":[{"@type":"WebPage","@id":"https:\/\/talja.pl\/index.php\/produkt\/lniana-spodnica-z-rozcieciem\/","url":"https:\/\/talja.pl\/index.php\/produkt\/lniana-spodnica-z-rozcieciem\/","name":"Lniana midi sp\u00f3dnica z rozci\u0119ciem - www.talja.pl","isPartOf":{"@id":"https:\/\/talja.pl\/#website"},"primaryImageOfPage":{"@id":"https:\/\/talja.pl\/index.php\/produkt\/lniana-spodnica-z-rozcieciem\/#primaryimage"},"image":{"@id":"https:\/\/talja.pl\/index.php\/produkt\/lniana-spodnica-z-rozcieciem\/#primaryimage"},"thumbnailUrl":"https:\/\/talja.pl\/wp-content\/uploads\/2024\/04\/6I3A7069-scaled-e1714074307247.jpg","datePublished":"2024-09-07T19:34:12+00:00","dateModified":"2026-02-02T12:28:42+00:00","description":"Lniana midi sp\u00f3dnica z rozci\u0119ciem Lniana midi sp\u00f3dnica z g\u0142\u0119bszym rozci\u0119ciem to minimalistyczna sp\u00f3dnica, kt\u00f3ra stanie si\u0119 baz\u0105 do wielu Twoich stylizacji.","breadcrumb":{"@id":"https:\/\/talja.pl\/index.php\/produkt\/lniana-spodnica-z-rozcieciem\/#breadcrumb"},"inLanguage":"pl-PL","potentialAction":[{"@type":"ReadAction","target":["https:\/\/talja.pl\/index.php\/produkt\/lniana-spodnica-z-rozcieciem\/"]}]},{"@type":"ImageObject","inLanguage":"pl-PL","@id":"https:\/\/talja.pl\/index.php\/produkt\/lniana-spodnica-z-rozcieciem\/#primaryimage","url":"https:\/\/talja.pl\/wp-content\/uploads\/2024\/04\/6I3A7069-scaled-e1714074307247.jpg","contentUrl":"https:\/\/talja.pl\/wp-content\/uploads\/2024\/04\/6I3A7069-scaled-e1714074307247.jpg","width":1369,"height":2035,"caption":"lniana sp\u00f3dnica midi z rozci\u0119ciem talja"},{"@type":"BreadcrumbList","@id":"https:\/\/talja.pl\/index.php\/produkt\/lniana-spodnica-z-rozcieciem\/#breadcrumb","itemListElement":[{"@type":"ListItem","position":1,"name":"Strona g\u0142\u00f3wna","item":"https:\/\/talja.pl\/"},{"@type":"ListItem","position":2,"name":"talja.pl","item":"https:\/\/talja.pl\/index.php\/sklep\/"},{"@type":"ListItem","position":3,"name":"Lniana midi sp\u00f3dnica z rozci\u0119ciem"}]},{"@type":"WebSite","@id":"https:\/\/talja.pl\/#website","url":"https:\/\/talja.pl\/","name":"www.talja.pl","description":"","publisher":{"@id":"https:\/\/talja.pl\/#organization"},"potentialAction":[{"@type":"SearchAction","target":{"@type":"EntryPoint","urlTemplate":"https:\/\/talja.pl\/?s={search_term_string}"},"query-input":{"@type":"PropertyValueSpecification","valueRequired":true,"valueName":"search_term_string"}}],"inLanguage":"pl-PL"},{"@type":"Organization","@id":"https:\/\/talja.pl\/#organization","name":"Talja","url":"https:\/\/talja.pl\/","logo":{"@type":"ImageObject","inLanguage":"pl-PL","@id":"https:\/\/talja.pl\/#\/schema\/logo\/image\/","url":"https:\/\/talja.pl\/wp-content\/uploads\/2019\/06\/baner-talja-2.jpg","contentUrl":"https:\/\/talja.pl\/wp-content\/uploads\/2019\/06\/baner-talja-2.jpg","width":1300,"height":300,"caption":"Talja"},"image":{"@id":"https:\/\/talja.pl\/#\/schema\/logo\/image\/"},"sameAs":["https:\/\/www.facebook.com\/Talja-418285408906660\/","https:\/\/x.com\/talja_pracownia","https:\/\/www.instagram.com\/talja_pracownia\/"]}]}},"_links":{"self":[{"href":"https:\/\/talja.pl\/index.php\/wp-json\/wp\/v2\/product\/10276","targetHints":{"allow":["GET"]}}],"collection":[{"href":"https:\/\/talja.pl\/index.php\/wp-json\/wp\/v2\/product"}],"about":[{"href":"https:\/\/talja.pl\/index.php\/wp-json\/wp\/v2\/types\/product"}],"replies":[{"embeddable":true,"href":"https:\/\/talja.pl\/index.php\/wp-json\/wp\/v2\/comments?post=10276"}],"version-history":[{"count":7,"href":"https:\/\/talja.pl\/index.php\/wp-json\/wp\/v2\/product\/10276\/revisions"}],"predecessor-version":[{"id":10387,"href":"https:\/\/talja.pl\/index.php\/wp-json\/wp\/v2\/product\/10276\/revisions\/10387"}],"wp:featuredmedia":[{"embeddable":true,"href":"https:\/\/talja.pl\/index.php\/wp-json\/wp\/v2\/media\/10278"}],"wp:attachment":[{"href":"https:\/\/talja.pl\/index.php\/wp-json\/wp\/v2\/media?parent=10276"}],"wp:term":[{"taxonomy":"product_brand","embeddable":true,"href":"https:\/\/talja.pl\/index.php\/wp-json\/wp\/v2\/product_brand?post=10276"},{"taxonomy":"product_cat","embeddable":true,"href":"https:\/\/talja.pl\/index.php\/wp-json\/wp\/v2\/product_cat?post=10276"},{"taxonomy":"product_tag","embeddable":true,"href":"https:\/\/talja.pl\/index.php\/wp-json\/wp\/v2\/product_tag?post=10276"}],"curies":[{"name":"wp","href":"https:\/\/api.w.org\/{rel}","templated":true}]}}