{"id":10771,"date":"2023-12-18T16:11:42","date_gmt":"2023-12-18T15:11:42","guid":{"rendered":"https:\/\/talja.pl\/?post_type=product&#038;p=10771"},"modified":"2026-04-29T12:51:08","modified_gmt":"2026-04-29T10:51:08","slug":"lniana-sukienka-otylia-dostepne-od-reki","status":"publish","type":"product","link":"https:\/\/talja.pl\/index.php\/produkt\/lniana-sukienka-otylia-dostepne-od-reki\/","title":{"rendered":"Lniana sukienka OTYLIA &#8211; kolory (wysy\u0142ka 48h)"},"content":{"rendered":"<p>Ta lniana sukienka z dekoltem V to si\u0142a prostoty i kobieco\u015bci. Wygody i klasy. Naturalnych materia\u0142\u00f3w , tj. lnianej tkaniny i kokosowych guzik\u00f3w. Dost\u0119pna do uszycia w ponad 20 kolorach ln\u00f3w oraz w trzech d\u0142ugo\u015bciach do wyboru : short, regular, midi.<\/p>\n<p>Dekolt V wysmukla szyj\u0119 i s\u0142u\u017cy ka\u017cdej kobiecej sylwetce.<\/p>\n<p>Dzi\u0119ki wi\u0105zaniu znajduj\u0105cemu si\u0119 w tyle, sukienk\u0119 mo\u017cesz nosi\u0107 na dwa sposoby :<\/p>\n<ul>\n<li>bardziej dopasowan\u0105 do cia\u0142a, podkre\u015blaj\u0105c\u0105 kobiec\u0105 tali\u0119 &#8211; zawi\u0105\u017c troczki w kokardk\u0119,<\/li>\n<li>swobodniejsz\u0105 &#8211; poluzuj, lub ca\u0142kowicie rozwi\u0105\u017c znajduj\u0105ce si\u0119 w tyle troczki<\/li>\n<\/ul>\n<p>Sk\u0142ad : len 100%<\/p>\n<p><strong>Model dost\u0119pny w ponad 20 r\u00f3\u017cnych wersjach kolorystycznych. <\/strong>Wybierz ten, o kt\u00f3rym marzysz!\u00a0 Wiedz r\u00f3wnie\u017c, \u017ce wszystkie nasze lny s\u0105 produkcji polskiej oraz spe\u0142niaj\u0105 wymogi\u00a0 norm\u00a0<strong>OEKO TEX \u2013 Standard 100<\/strong>, co oznacza, \u017ce zosta\u0142y przebadane i nie zawieraj\u0105 \u015brodk\u00f3w szkodliwych zar\u00f3wno dla cz\u0142owieka jak i \u015brodowiska. Dodatkowo s\u0105 cudownie zmi\u0119kczane, a ten fakt z pewno\u015bci\u0105 doceni Twoja sk\u00f3ra.<\/p>\n<p>Zaprojektowane i uszyte w Polsce.<\/p>\n<p>Wymiary :<\/p>\n<p><img fetchpriority=\"high\" decoding=\"async\" class=\"alignnone wp-image-279 \" src=\"https:\/\/talja.pl\/wp-content\/uploads\/2019\/05\/talja-wymiarydopasowane-e1606392159246-300x102.jpg\" alt=\"\" width=\"585\" height=\"199\" srcset=\"https:\/\/talja.pl\/wp-content\/uploads\/2019\/05\/talja-wymiarydopasowane-e1606392159246-300x102.jpg 300w, https:\/\/talja.pl\/wp-content\/uploads\/2019\/05\/talja-wymiarydopasowane-e1606392159246-100x34.jpg 100w, https:\/\/talja.pl\/wp-content\/uploads\/2019\/05\/talja-wymiarydopasowane-e1606392159246.jpg 756w\" sizes=\"(max-width: 585px) 100vw, 585px\" \/><\/p>\n<p><strong>D\u0142ugo\u015b\u0107 sukienki od talii do wyboru<\/strong> :<\/p>\n<p><strong>short :<\/strong> 55cm<\/p>\n<p><strong>regualar :<\/strong> 65cm<\/p>\n<p><strong>midi :<\/strong> 73cm<\/p>\n<p><img decoding=\"async\" class=\"alignleft wp-image-3428\" src=\"https:\/\/talja.pl\/wp-content\/uploads\/2019\/05\/1mDSC_3139-19-684x1024.jpg\" alt=\"\" width=\"400\" height=\"599\" \/>Natalia ( w sukience koloru &#8220;musztarda-&#8220;aktualnie niedost\u0119pny, najbli\u017cszy mu kolorystycznie jest kolor &#8221; cynamon&#8221; ) mierzy 173cm i nosi rozmiar S, d\u0142ugo\u015bci &#8221; midi &#8220;.<\/p>\n<p>Ania mierzy 165cm ( w sukience koloru &#8220;czerwone wino&#8221; ) nosi rozmiar S w d\u0142ugo\u015bci &#8220;midi&#8221; .<\/p>\n<p>Kolor &#8221; musztarda &#8221; jest niedost\u0119pny &#8211; jego zamiennik to nieco ciemniejszy odcieniem &#8221; cynamon&#8221; .<\/p>\n<h5><em>Ubrania z lnu traktuj delikatnie. Nie wybielaj, pierz w 30 stopniach, odwirowuj w pralce na ni\u017cszych obrotach i prasuj max w 150st. Dbaj o nie a b\u0119d\u0105 Ci wdzi\u0119czne.<\/em><\/h5>\n<p>&nbsp;<\/p>\n","protected":false},"excerpt":{"rendered":"<p><strong>Co to oznacza, \u017ce sukienka jest dost\u0119pna od r\u0119ki? <\/strong><\/p>\n<p><em>Nie musisz specjalnie czeka\u0107 na uszycie sukienka. Sukienka jest uszyta, gotowa do wysy\u0142ki i dotrze do Ciebie bardzo szybko. Wysy\u0142amy do 48h od zaksi\u0119gowania p\u0142atno\u015bci na koncie.<\/em><\/p>\n<p><strong>Jakie rozmiary i kolory dost\u0119pne s\u0105 od r\u0119ki?<\/strong><\/p>\n<p><em>Dost\u0119pno\u015b\u0107 gotowych sukienek sprawdzisz wybieraj\u0105c z podanych poni\u017cej przycisk\u00f3w zawieraj\u0105cych rozmiar i kolor danej sukienki.<br \/>\n<\/em><\/p>\n<hr \/>\n<p>Je\u015bli pragniesz zam\u00f3wi\u0107 inny rozmiar i kolor sp\u00f3dnicy , zerknij<a href=\"https:\/\/talja.pl\/index.php\/produkt\/otylia\/\"> tutaj.<\/a><\/p>\n<p><strong>Sk\u0142ad : Len 100% , polskiej produkcji<\/strong><\/p>\n<p><span style=\"color: #ff0000;\"><em>Wysy\u0142ka\u00a0 : do 48h<\/em><\/span><\/p>\n<p>Wyprodukowano w <strong>kameralnej pracowni w Szczecinie. <\/strong>Zamawiaj\u0105c w Talji wspierasz polskie rzemios\u0142o.<\/p>\n","protected":false},"featured_media":3162,"comment_status":"open","ping_status":"closed","template":"","meta":[],"product_brand":[],"product_cat":[32,20,140],"product_tag":[25,26,27],"class_list":{"0":"post-10771","1":"product","2":"type-product","3":"status-publish","4":"has-post-thumbnail","6":"product_cat-dostepne-od-reki","7":"product_cat-sukienki-lniane","8":"product_cat-sukienki-dlugi-rekaw","9":"product_tag-len","10":"product_tag-sukienka","11":"product_tag-sukienka-lniana","12":"pa_kolor-sliwka-170g-m2","13":"pa_kolor-karmel-170-g-m2","14":"pa_kolor-cegla-150g-m2","15":"pa_kolor-ciemna-zielen-150g-m2","16":"pa_kolor-ciemny-niebieski-170g-m2","17":"pa_kolor-cynamon-150g-m2","18":"pa_kolor-melon-150g-m2","20":"entry","21":"has-media","23":"first","24":"instock","25":"taxable","26":"shipping-taxable","27":"purchasable","28":"product-type-variable","29":"wvs-archive-product-wrapper","30":"has-rating","31":"has-product-nav","32":"col","33":"span_1_of_4","34":"owp-content-center","35":"owp-thumbs-layout-horizontal","36":"owp-btn-big","37":"owp-tabs-layout-horizontal"},"yoast_head":"<!-- This site is optimized with the Yoast SEO plugin v27.0 - https:\/\/yoast.com\/product\/yoast-seo-wordpress\/ -->\n<title>Lniana sukienka OTYLIA - kolory (wysy\u0142ka 48h) - www.talja.pl<\/title>\n<meta name=\"description\" content=\"Ta lniana sukienka z dekoltem V to si\u0142a prostoty i kobieco\u015bci. Wygody i klasy. Naturalnych materia\u0142\u00f3w , tj. lnianej tkaniny i kokosowych guzik\u00f3w.\" \/>\n<meta name=\"robots\" content=\"index, follow, max-snippet:-1, max-image-preview:large, max-video-preview:-1\" \/>\n<link rel=\"canonical\" href=\"https:\/\/talja.pl\/index.php\/produkt\/lniana-sukienka-otylia-dostepne-od-reki\/\" \/>\n<meta property=\"og:locale\" content=\"pl_PL\" \/>\n<meta property=\"og:type\" content=\"article\" \/>\n<meta property=\"og:title\" content=\"Lniana sukienka OTYLIA - kolory (wysy\u0142ka 48h) - www.talja.pl\" \/>\n<meta property=\"og:description\" content=\"Ta lniana sukienka z dekoltem V to si\u0142a prostoty i kobieco\u015bci. Wygody i klasy. Naturalnych materia\u0142\u00f3w , tj. lnianej tkaniny i kokosowych guzik\u00f3w.\" \/>\n<meta property=\"og:url\" content=\"https:\/\/talja.pl\/index.php\/produkt\/lniana-sukienka-otylia-dostepne-od-reki\/\" \/>\n<meta property=\"og:site_name\" content=\"www.talja.pl\" \/>\n<meta property=\"article:publisher\" content=\"https:\/\/www.facebook.com\/Talja-418285408906660\/\" \/>\n<meta property=\"article:modified_time\" content=\"2026-04-29T10:51:08+00:00\" \/>\n<meta property=\"og:image\" content=\"https:\/\/talja.pl\/wp-content\/uploads\/2019\/05\/1080x1600-2.jpg\" \/>\n\t<meta property=\"og:image:width\" content=\"1080\" \/>\n\t<meta property=\"og:image:height\" content=\"1600\" \/>\n\t<meta property=\"og:image:type\" content=\"image\/jpeg\" \/>\n<meta name=\"twitter:card\" content=\"summary_large_image\" \/>\n<meta name=\"twitter:site\" content=\"@talja_pracownia\" \/>\n<meta name=\"twitter:label1\" content=\"Szacowany czas czytania\" \/>\n\t<meta name=\"twitter:data1\" content=\"3 minuty\" \/>\n<script type=\"application\/ld+json\" class=\"yoast-schema-graph\">{\"@context\":\"https:\/\/schema.org\",\"@graph\":[{\"@type\":\"WebPage\",\"@id\":\"https:\/\/talja.pl\/index.php\/produkt\/lniana-sukienka-otylia-dostepne-od-reki\/\",\"url\":\"https:\/\/talja.pl\/index.php\/produkt\/lniana-sukienka-otylia-dostepne-od-reki\/\",\"name\":\"Lniana sukienka OTYLIA - kolory (wysy\u0142ka 48h) - www.talja.pl\",\"isPartOf\":{\"@id\":\"https:\/\/talja.pl\/#website\"},\"primaryImageOfPage\":{\"@id\":\"https:\/\/talja.pl\/index.php\/produkt\/lniana-sukienka-otylia-dostepne-od-reki\/#primaryimage\"},\"image\":{\"@id\":\"https:\/\/talja.pl\/index.php\/produkt\/lniana-sukienka-otylia-dostepne-od-reki\/#primaryimage\"},\"thumbnailUrl\":\"https:\/\/talja.pl\/wp-content\/uploads\/2019\/05\/1080x1600-2.jpg\",\"datePublished\":\"2023-12-18T15:11:42+00:00\",\"dateModified\":\"2026-04-29T10:51:08+00:00\",\"description\":\"Ta lniana sukienka z dekoltem V to si\u0142a prostoty i kobieco\u015bci. Wygody i klasy. Naturalnych materia\u0142\u00f3w , tj. lnianej tkaniny i kokosowych guzik\u00f3w.\",\"breadcrumb\":{\"@id\":\"https:\/\/talja.pl\/index.php\/produkt\/lniana-sukienka-otylia-dostepne-od-reki\/#breadcrumb\"},\"inLanguage\":\"pl-PL\",\"potentialAction\":[{\"@type\":\"ReadAction\",\"target\":[\"https:\/\/talja.pl\/index.php\/produkt\/lniana-sukienka-otylia-dostepne-od-reki\/\"]}]},{\"@type\":\"ImageObject\",\"inLanguage\":\"pl-PL\",\"@id\":\"https:\/\/talja.pl\/index.php\/produkt\/lniana-sukienka-otylia-dostepne-od-reki\/#primaryimage\",\"url\":\"https:\/\/talja.pl\/wp-content\/uploads\/2019\/05\/1080x1600-2.jpg\",\"contentUrl\":\"https:\/\/talja.pl\/wp-content\/uploads\/2019\/05\/1080x1600-2.jpg\",\"width\":1080,\"height\":1600},{\"@type\":\"BreadcrumbList\",\"@id\":\"https:\/\/talja.pl\/index.php\/produkt\/lniana-sukienka-otylia-dostepne-od-reki\/#breadcrumb\",\"itemListElement\":[{\"@type\":\"ListItem\",\"position\":1,\"name\":\"Strona g\u0142\u00f3wna\",\"item\":\"https:\/\/talja.pl\/\"},{\"@type\":\"ListItem\",\"position\":2,\"name\":\"talja.pl\",\"item\":\"https:\/\/talja.pl\/index.php\/sklep\/\"},{\"@type\":\"ListItem\",\"position\":3,\"name\":\"Lniana sukienka OTYLIA &#8211; kolory (wysy\u0142ka 48h)\"}]},{\"@type\":\"WebSite\",\"@id\":\"https:\/\/talja.pl\/#website\",\"url\":\"https:\/\/talja.pl\/\",\"name\":\"www.talja.pl\",\"description\":\"\",\"publisher\":{\"@id\":\"https:\/\/talja.pl\/#organization\"},\"potentialAction\":[{\"@type\":\"SearchAction\",\"target\":{\"@type\":\"EntryPoint\",\"urlTemplate\":\"https:\/\/talja.pl\/?s={search_term_string}\"},\"query-input\":{\"@type\":\"PropertyValueSpecification\",\"valueRequired\":true,\"valueName\":\"search_term_string\"}}],\"inLanguage\":\"pl-PL\"},{\"@type\":\"Organization\",\"@id\":\"https:\/\/talja.pl\/#organization\",\"name\":\"Talja\",\"url\":\"https:\/\/talja.pl\/\",\"logo\":{\"@type\":\"ImageObject\",\"inLanguage\":\"pl-PL\",\"@id\":\"https:\/\/talja.pl\/#\/schema\/logo\/image\/\",\"url\":\"https:\/\/talja.pl\/wp-content\/uploads\/2019\/06\/baner-talja-2.jpg\",\"contentUrl\":\"https:\/\/talja.pl\/wp-content\/uploads\/2019\/06\/baner-talja-2.jpg\",\"width\":1300,\"height\":300,\"caption\":\"Talja\"},\"image\":{\"@id\":\"https:\/\/talja.pl\/#\/schema\/logo\/image\/\"},\"sameAs\":[\"https:\/\/www.facebook.com\/Talja-418285408906660\/\",\"https:\/\/x.com\/talja_pracownia\",\"https:\/\/www.instagram.com\/talja_pracownia\/\"]}]}<\/script>\n<!-- \/ Yoast SEO plugin. -->","yoast_head_json":{"title":"Lniana sukienka OTYLIA - kolory (wysy\u0142ka 48h) - www.talja.pl","description":"Ta lniana sukienka z dekoltem V to si\u0142a prostoty i kobieco\u015bci. Wygody i klasy. Naturalnych materia\u0142\u00f3w , tj. lnianej tkaniny i kokosowych guzik\u00f3w.","robots":{"index":"index","follow":"follow","max-snippet":"max-snippet:-1","max-image-preview":"max-image-preview:large","max-video-preview":"max-video-preview:-1"},"canonical":"https:\/\/talja.pl\/index.php\/produkt\/lniana-sukienka-otylia-dostepne-od-reki\/","og_locale":"pl_PL","og_type":"article","og_title":"Lniana sukienka OTYLIA - kolory (wysy\u0142ka 48h) - www.talja.pl","og_description":"Ta lniana sukienka z dekoltem V to si\u0142a prostoty i kobieco\u015bci. Wygody i klasy. Naturalnych materia\u0142\u00f3w , tj. lnianej tkaniny i kokosowych guzik\u00f3w.","og_url":"https:\/\/talja.pl\/index.php\/produkt\/lniana-sukienka-otylia-dostepne-od-reki\/","og_site_name":"www.talja.pl","article_publisher":"https:\/\/www.facebook.com\/Talja-418285408906660\/","article_modified_time":"2026-04-29T10:51:08+00:00","og_image":[{"width":1080,"height":1600,"url":"https:\/\/talja.pl\/wp-content\/uploads\/2019\/05\/1080x1600-2.jpg","type":"image\/jpeg"}],"twitter_card":"summary_large_image","twitter_site":"@talja_pracownia","twitter_misc":{"Szacowany czas czytania":"3 minuty"},"schema":{"@context":"https:\/\/schema.org","@graph":[{"@type":"WebPage","@id":"https:\/\/talja.pl\/index.php\/produkt\/lniana-sukienka-otylia-dostepne-od-reki\/","url":"https:\/\/talja.pl\/index.php\/produkt\/lniana-sukienka-otylia-dostepne-od-reki\/","name":"Lniana sukienka OTYLIA - kolory (wysy\u0142ka 48h) - www.talja.pl","isPartOf":{"@id":"https:\/\/talja.pl\/#website"},"primaryImageOfPage":{"@id":"https:\/\/talja.pl\/index.php\/produkt\/lniana-sukienka-otylia-dostepne-od-reki\/#primaryimage"},"image":{"@id":"https:\/\/talja.pl\/index.php\/produkt\/lniana-sukienka-otylia-dostepne-od-reki\/#primaryimage"},"thumbnailUrl":"https:\/\/talja.pl\/wp-content\/uploads\/2019\/05\/1080x1600-2.jpg","datePublished":"2023-12-18T15:11:42+00:00","dateModified":"2026-04-29T10:51:08+00:00","description":"Ta lniana sukienka z dekoltem V to si\u0142a prostoty i kobieco\u015bci. Wygody i klasy. Naturalnych materia\u0142\u00f3w , tj. lnianej tkaniny i kokosowych guzik\u00f3w.","breadcrumb":{"@id":"https:\/\/talja.pl\/index.php\/produkt\/lniana-sukienka-otylia-dostepne-od-reki\/#breadcrumb"},"inLanguage":"pl-PL","potentialAction":[{"@type":"ReadAction","target":["https:\/\/talja.pl\/index.php\/produkt\/lniana-sukienka-otylia-dostepne-od-reki\/"]}]},{"@type":"ImageObject","inLanguage":"pl-PL","@id":"https:\/\/talja.pl\/index.php\/produkt\/lniana-sukienka-otylia-dostepne-od-reki\/#primaryimage","url":"https:\/\/talja.pl\/wp-content\/uploads\/2019\/05\/1080x1600-2.jpg","contentUrl":"https:\/\/talja.pl\/wp-content\/uploads\/2019\/05\/1080x1600-2.jpg","width":1080,"height":1600},{"@type":"BreadcrumbList","@id":"https:\/\/talja.pl\/index.php\/produkt\/lniana-sukienka-otylia-dostepne-od-reki\/#breadcrumb","itemListElement":[{"@type":"ListItem","position":1,"name":"Strona g\u0142\u00f3wna","item":"https:\/\/talja.pl\/"},{"@type":"ListItem","position":2,"name":"talja.pl","item":"https:\/\/talja.pl\/index.php\/sklep\/"},{"@type":"ListItem","position":3,"name":"Lniana sukienka OTYLIA &#8211; kolory (wysy\u0142ka 48h)"}]},{"@type":"WebSite","@id":"https:\/\/talja.pl\/#website","url":"https:\/\/talja.pl\/","name":"www.talja.pl","description":"","publisher":{"@id":"https:\/\/talja.pl\/#organization"},"potentialAction":[{"@type":"SearchAction","target":{"@type":"EntryPoint","urlTemplate":"https:\/\/talja.pl\/?s={search_term_string}"},"query-input":{"@type":"PropertyValueSpecification","valueRequired":true,"valueName":"search_term_string"}}],"inLanguage":"pl-PL"},{"@type":"Organization","@id":"https:\/\/talja.pl\/#organization","name":"Talja","url":"https:\/\/talja.pl\/","logo":{"@type":"ImageObject","inLanguage":"pl-PL","@id":"https:\/\/talja.pl\/#\/schema\/logo\/image\/","url":"https:\/\/talja.pl\/wp-content\/uploads\/2019\/06\/baner-talja-2.jpg","contentUrl":"https:\/\/talja.pl\/wp-content\/uploads\/2019\/06\/baner-talja-2.jpg","width":1300,"height":300,"caption":"Talja"},"image":{"@id":"https:\/\/talja.pl\/#\/schema\/logo\/image\/"},"sameAs":["https:\/\/www.facebook.com\/Talja-418285408906660\/","https:\/\/x.com\/talja_pracownia","https:\/\/www.instagram.com\/talja_pracownia\/"]}]}},"_links":{"self":[{"href":"https:\/\/talja.pl\/index.php\/wp-json\/wp\/v2\/product\/10771","targetHints":{"allow":["GET"]}}],"collection":[{"href":"https:\/\/talja.pl\/index.php\/wp-json\/wp\/v2\/product"}],"about":[{"href":"https:\/\/talja.pl\/index.php\/wp-json\/wp\/v2\/types\/product"}],"replies":[{"embeddable":true,"href":"https:\/\/talja.pl\/index.php\/wp-json\/wp\/v2\/comments?post=10771"}],"version-history":[{"count":3,"href":"https:\/\/talja.pl\/index.php\/wp-json\/wp\/v2\/product\/10771\/revisions"}],"predecessor-version":[{"id":11534,"href":"https:\/\/talja.pl\/index.php\/wp-json\/wp\/v2\/product\/10771\/revisions\/11534"}],"wp:featuredmedia":[{"embeddable":true,"href":"https:\/\/talja.pl\/index.php\/wp-json\/wp\/v2\/media\/3162"}],"wp:attachment":[{"href":"https:\/\/talja.pl\/index.php\/wp-json\/wp\/v2\/media?parent=10771"}],"wp:term":[{"taxonomy":"product_brand","embeddable":true,"href":"https:\/\/talja.pl\/index.php\/wp-json\/wp\/v2\/product_brand?post=10771"},{"taxonomy":"product_cat","embeddable":true,"href":"https:\/\/talja.pl\/index.php\/wp-json\/wp\/v2\/product_cat?post=10771"},{"taxonomy":"product_tag","embeddable":true,"href":"https:\/\/talja.pl\/index.php\/wp-json\/wp\/v2\/product_tag?post=10771"}],"curies":[{"name":"wp","href":"https:\/\/api.w.org\/{rel}","templated":true}]}}