{"id":10778,"date":"2023-07-18T16:22:09","date_gmt":"2023-07-18T14:22:09","guid":{"rendered":"https:\/\/talja.pl\/?post_type=product&#038;p=10778"},"modified":"2026-02-03T11:21:25","modified_gmt":"2026-02-03T10:21:25","slug":"lniana-koszula-mia-kolory-dostepne-od-reki","status":"publish","type":"product","link":"https:\/\/talja.pl\/index.php\/produkt\/lniana-koszula-mia-kolory-dostepne-od-reki\/","title":{"rendered":"Lniana koszula MIA- kolory (wysy\u0142ka 48h)"},"content":{"rendered":"<h4><strong><img fetchpriority=\"high\" decoding=\"async\" class=\"alignleft wp-image-8808 size-medium\" src=\"https:\/\/talja.pl\/wp-content\/uploads\/2023\/10\/talja-lniana-koszula-m641A0769-200x300.jpg\" alt=\"lniana koszula MIA\" width=\"200\" height=\"300\" \/>Lniana koszula MIA<br \/>\n<\/strong><\/h4>\n<p>MIA to wygodna lniana koszula uszyta ze szlachetnej tkaniny jak\u0105 jest len. Posiada fantastyczny kr\u00f3j, kt\u00f3ry odnajdzie si\u0119 z powodzeniem zar\u00f3wno na co dzie\u0144 jak i od \u015bwi\u0119ta. Lekko lu\u017aniejszy kr\u00f3j, przykuwaj\u0105ce uwag\u0119 sporej obj\u0119to\u015bci r\u0119kawki, naturalne guziki z masy per\u0142owej &#8211; wszystkie te elementy sprawi\u0105, \u017ce poczujesz si\u0119 w niej zjawiskowo!<\/p>\n<h4><strong>Za co j\u0105 pokochasz?\u00a0<\/strong><\/h4>\n<ul>\n<li>za mo\u017cliwo\u015b\u0107 uszycia jej\u00a0<strong>w jednym z a\u017c 27 dost\u0119pnych kolor\u00f3w ln\u00f3w ( 100%len &#8211; zmi\u0119kczany)\u00a0<\/strong><\/li>\n<li>lu\u017aniejszy kr\u00f3j ( jednak\u017ce dopasowany w okolicy biustu zaszewkami piersiowymi), kt\u00f3ry zapewni Ci swobod\u0119 oddechu i ruchu<\/li>\n<li>obszerne r\u0119kawki, z bogatymi marszczeniami, kt\u00f3re dodaj\u0105 koszuli lekko teatralnego charakteru<\/li>\n<li><strong>eleganckie, naturalne guziki z masy per\u0142owej &#8211; s\u0105 tak zdobne, \u017ce nie potrzebna Ci ju\u017c \u017cadna bi\u017cuteria! <\/strong><\/li>\n<li>asymetryczny, lekko wyd\u0142u\u017cony w tyle kr\u00f3j<\/li>\n<li>uszycie z dba\u0142o\u015bci\u0105 w niewielkiej manufakturze w Szczecinie; wspierasz polskie rzemios\u0142o!<\/li>\n<\/ul>\n<h4><strong>Sk\u0142ad\u00a0<\/strong><\/h4>\n<p>len 100%, cudownie zmi\u0119kczany ; produkcji polskiej. Do wyboru w wielu kolorach !<\/p>\n<h4><strong><img decoding=\"async\" class=\"wp-image-5333 size-medium alignleft\" src=\"https:\/\/talja.pl\/wp-content\/uploads\/2022\/04\/Certyfikat-Oeko-Tex-standard-100-e1698257301591-300x119.png\" alt=\"\" width=\"300\" height=\"119\" \/><\/strong><\/h4>\n<p>&nbsp;<\/p>\n<p>&nbsp;<\/p>\n<h4><\/h4>\n<p>&nbsp;<\/p>\n<h4><strong>Rozmiar\u00a0<\/strong><\/h4>\n<p><img decoding=\"async\" class=\"alignnone size-full wp-image-8850\" src=\"https:\/\/talja.pl\/wp-content\/uploads\/2023\/10\/MIA-wymiary.png\" alt=\"\" width=\"519\" height=\"142\" srcset=\"https:\/\/talja.pl\/wp-content\/uploads\/2023\/10\/MIA-wymiary.png 519w, https:\/\/talja.pl\/wp-content\/uploads\/2023\/10\/MIA-wymiary-300x82.png 300w\" sizes=\"(max-width: 519px) 100vw, 519px\" \/><\/p>\n<p>Natalia ( 173cm ) prezentuje koszule w rozmiarach S\/M kolorach &#8220;cynamon&#8221; oraz &#8221; karmel&#8221;.<\/p>\n<p>Je\u015bli masz problem z doborem rozmiaru, czy koloru lnu &#8211; napisz do nas na kontakt@talja.pl \u2013 ch\u0119tnie pomo\u017cemy!<\/p>\n<h4><strong>Piel\u0119gnacja\u00a0<\/strong><\/h4>\n<p>Ubrania z lnu traktuj delikatnie, nie wybielaj, pierz w 30 stopniach. Odwirowuj w pralce na ni\u017cszych obrotach i prasuj max w 150st, dbaj o nie a b\u0119d\u0105 Ci wdzi\u0119czne.<\/p>\n<h4><strong>Personalizacja<\/strong><\/h4>\n<p>Je\u015bli marzysz o wprowadzeniu pewnych zmian do koszuli, wystarczy \u017ce wykupisz dodatkow\u0105 opcj\u0119<a href=\"https:\/\/talja.pl\/index.php\/produkt\/personalizacja\/\">\u00a0<strong>\u201d PERSONALIZACJA \u201e<\/strong><\/a>. Dzi\u0119ki tej opcji Twoja koszula zyska niepowtarzalno\u015b\u0107 i indywidualny charakter. Przyk\u0142adowe mo\u017cliwo\u015bci zmian w koszuli, jakie mo\u017cemy dokona\u0107 : zmiana wymiar\u00f3w, zmiana guzik\u00f3w, naszycie kieszonki itp \ud83d\ude42 Skontaktuj si\u0119 z nami\u00a0 mailowo : kontakt@talja.pl, razem z pewno\u015bci\u0105 wyczarujemy koszul\u0119 Twoich marze\u0144!<\/p>\n<p>Na zdj\u0119ciach\u00a0 koszule w kolorach &#8220;cynamon&#8221; oraz &#8220;karmel&#8221; , je\u015bli chcesz dowiedzie\u0107 si\u0119 wi\u0119cej o kolorach z jakich szyjemy w pracowni &#8211; zerknij<a href=\"https:\/\/talja.pl\/index.php\/kolory-lnow\/\"> tutaj<\/a> .<\/p>\n","protected":false},"excerpt":{"rendered":"<p><strong>Co to oznacza, \u017ce bluzka jest dost\u0119pna od r\u0119ki? <\/strong><\/p>\n<p><em>Nie musisz specjalnie czeka\u0107 na uszycie bluzki. Jest ona ju\u017c uszyta, gotowa do wysy\u0142ki i dotrze do Ciebie bardzo szybko. Wysy\u0142amy do 48h od zaksi\u0119gowania p\u0142atno\u015bci na koncie.<\/em><\/p>\n<p><strong>Jakie rozmiary i kolory dost\u0119pne s\u0105 od r\u0119ki?<\/strong><\/p>\n<p><em>Dost\u0119pno\u015b\u0107 gotowych bluzek sprawdzisz wybieraj\u0105c z podanych poni\u017cej przycisk\u00f3w zawieraj\u0105cych rozmiar i kolor danej bluzki.<br \/>\n<\/em><\/p>\n<hr \/>\n<p>Je\u015bli pragniesz zam\u00f3wi\u0107 inny rozmiar i kolor bluzki , zerknij<a href=\"https:\/\/talja.pl\/index.php\/produkt\/lniana-bluzka\/\"> tutaj.<\/a><\/p>\n<p><strong>Sk\u0142ad : Len 100% , polskiej produkcji<\/strong><\/p>\n<p><span style=\"color: #ff0000;\"><em>Wysy\u0142ka\u00a0 : do 48h<\/em><\/span><\/p>\n<p>Wyprodukowano w <strong>kameralnej pracowni w Szczecinie. <\/strong>Zamawiaj\u0105c w Talji wspierasz polskie rzemios\u0142o.<\/p>\n","protected":false},"featured_media":8789,"comment_status":"open","ping_status":"closed","template":"","meta":[],"product_brand":[],"product_cat":[39,32],"product_tag":[40,84,25],"class_list":{"0":"post-10778","1":"product","2":"type-product","3":"status-publish","4":"has-post-thumbnail","6":"product_cat-koszule-i-swetry","7":"product_cat-dostepne-od-reki","8":"product_tag-bluzka","9":"product_tag-koszula","10":"product_tag-len","11":"pa_kolor-wisienki","12":"pa_kolor-pudrowy-roz-150g-m2","14":"entry","15":"has-media","17":"first","18":"instock","19":"taxable","20":"shipping-taxable","21":"purchasable","22":"product-type-variable","23":"wvs-archive-product-wrapper","24":"has-product-nav","25":"col","26":"span_1_of_4","27":"owp-content-center","28":"owp-thumbs-layout-horizontal","29":"owp-btn-big","30":"owp-tabs-layout-horizontal"},"yoast_head":"<!-- This site is optimized with the Yoast SEO plugin v27.0 - https:\/\/yoast.com\/product\/yoast-seo-wordpress\/ -->\n<title>Lniana koszula MIA- kolory (wysy\u0142ka 48h) - www.talja.pl<\/title>\n<meta name=\"description\" content=\"Lniana koszula MIA to wygodna koszula na co dzie\u0144, i od \u015bwi\u0119ta o wygodnym, lu\u017aniejszym kroju i zamaszystych, przyci\u0105gaj\u0105cych uwag\u0119 r\u0119kawkach.\" \/>\n<meta name=\"robots\" content=\"index, follow, max-snippet:-1, max-image-preview:large, max-video-preview:-1\" \/>\n<link rel=\"canonical\" href=\"https:\/\/talja.pl\/index.php\/produkt\/lniana-koszula-mia-kolory-dostepne-od-reki\/\" \/>\n<meta property=\"og:locale\" content=\"pl_PL\" \/>\n<meta property=\"og:type\" content=\"article\" \/>\n<meta property=\"og:title\" content=\"Lniana koszula MIA- kolory (wysy\u0142ka 48h) - www.talja.pl\" \/>\n<meta property=\"og:description\" content=\"Lniana koszula MIA to wygodna koszula na co dzie\u0144, i od \u015bwi\u0119ta o wygodnym, lu\u017aniejszym kroju i zamaszystych, przyci\u0105gaj\u0105cych uwag\u0119 r\u0119kawkach.\" \/>\n<meta property=\"og:url\" content=\"https:\/\/talja.pl\/index.php\/produkt\/lniana-koszula-mia-kolory-dostepne-od-reki\/\" \/>\n<meta property=\"og:site_name\" content=\"www.talja.pl\" \/>\n<meta property=\"article:publisher\" content=\"https:\/\/www.facebook.com\/Talja-418285408906660\/\" \/>\n<meta property=\"article:modified_time\" content=\"2026-02-03T10:21:25+00:00\" \/>\n<meta property=\"og:image\" content=\"https:\/\/talja.pl\/wp-content\/uploads\/2023\/10\/koszula-mia-talja-profil.jpg\" \/>\n\t<meta property=\"og:image:width\" content=\"1200\" \/>\n\t<meta property=\"og:image:height\" content=\"1779\" \/>\n\t<meta property=\"og:image:type\" content=\"image\/jpeg\" \/>\n<meta name=\"twitter:card\" content=\"summary_large_image\" \/>\n<meta name=\"twitter:site\" content=\"@talja_pracownia\" \/>\n<meta name=\"twitter:label1\" content=\"Szacowany czas czytania\" \/>\n\t<meta name=\"twitter:data1\" content=\"3 minuty\" \/>\n<script type=\"application\/ld+json\" class=\"yoast-schema-graph\">{\"@context\":\"https:\/\/schema.org\",\"@graph\":[{\"@type\":\"WebPage\",\"@id\":\"https:\/\/talja.pl\/index.php\/produkt\/lniana-koszula-mia-kolory-dostepne-od-reki\/\",\"url\":\"https:\/\/talja.pl\/index.php\/produkt\/lniana-koszula-mia-kolory-dostepne-od-reki\/\",\"name\":\"Lniana koszula MIA- kolory (wysy\u0142ka 48h) - www.talja.pl\",\"isPartOf\":{\"@id\":\"https:\/\/talja.pl\/#website\"},\"primaryImageOfPage\":{\"@id\":\"https:\/\/talja.pl\/index.php\/produkt\/lniana-koszula-mia-kolory-dostepne-od-reki\/#primaryimage\"},\"image\":{\"@id\":\"https:\/\/talja.pl\/index.php\/produkt\/lniana-koszula-mia-kolory-dostepne-od-reki\/#primaryimage\"},\"thumbnailUrl\":\"https:\/\/talja.pl\/wp-content\/uploads\/2023\/10\/koszula-mia-talja-profil.jpg\",\"datePublished\":\"2023-07-18T14:22:09+00:00\",\"dateModified\":\"2026-02-03T10:21:25+00:00\",\"description\":\"Lniana koszula MIA to wygodna koszula na co dzie\u0144, i od \u015bwi\u0119ta o wygodnym, lu\u017aniejszym kroju i zamaszystych, przyci\u0105gaj\u0105cych uwag\u0119 r\u0119kawkach.\",\"breadcrumb\":{\"@id\":\"https:\/\/talja.pl\/index.php\/produkt\/lniana-koszula-mia-kolory-dostepne-od-reki\/#breadcrumb\"},\"inLanguage\":\"pl-PL\",\"potentialAction\":[{\"@type\":\"ReadAction\",\"target\":[\"https:\/\/talja.pl\/index.php\/produkt\/lniana-koszula-mia-kolory-dostepne-od-reki\/\"]}]},{\"@type\":\"ImageObject\",\"inLanguage\":\"pl-PL\",\"@id\":\"https:\/\/talja.pl\/index.php\/produkt\/lniana-koszula-mia-kolory-dostepne-od-reki\/#primaryimage\",\"url\":\"https:\/\/talja.pl\/wp-content\/uploads\/2023\/10\/koszula-mia-talja-profil.jpg\",\"contentUrl\":\"https:\/\/talja.pl\/wp-content\/uploads\/2023\/10\/koszula-mia-talja-profil.jpg\",\"width\":1200,\"height\":1779,\"caption\":\"lniana koszula talja\"},{\"@type\":\"BreadcrumbList\",\"@id\":\"https:\/\/talja.pl\/index.php\/produkt\/lniana-koszula-mia-kolory-dostepne-od-reki\/#breadcrumb\",\"itemListElement\":[{\"@type\":\"ListItem\",\"position\":1,\"name\":\"Strona g\u0142\u00f3wna\",\"item\":\"https:\/\/talja.pl\/\"},{\"@type\":\"ListItem\",\"position\":2,\"name\":\"talja.pl\",\"item\":\"https:\/\/talja.pl\/index.php\/sklep\/\"},{\"@type\":\"ListItem\",\"position\":3,\"name\":\"Lniana koszula MIA- kolory (wysy\u0142ka 48h)\"}]},{\"@type\":\"WebSite\",\"@id\":\"https:\/\/talja.pl\/#website\",\"url\":\"https:\/\/talja.pl\/\",\"name\":\"www.talja.pl\",\"description\":\"\",\"publisher\":{\"@id\":\"https:\/\/talja.pl\/#organization\"},\"potentialAction\":[{\"@type\":\"SearchAction\",\"target\":{\"@type\":\"EntryPoint\",\"urlTemplate\":\"https:\/\/talja.pl\/?s={search_term_string}\"},\"query-input\":{\"@type\":\"PropertyValueSpecification\",\"valueRequired\":true,\"valueName\":\"search_term_string\"}}],\"inLanguage\":\"pl-PL\"},{\"@type\":\"Organization\",\"@id\":\"https:\/\/talja.pl\/#organization\",\"name\":\"Talja\",\"url\":\"https:\/\/talja.pl\/\",\"logo\":{\"@type\":\"ImageObject\",\"inLanguage\":\"pl-PL\",\"@id\":\"https:\/\/talja.pl\/#\/schema\/logo\/image\/\",\"url\":\"https:\/\/talja.pl\/wp-content\/uploads\/2019\/06\/baner-talja-2.jpg\",\"contentUrl\":\"https:\/\/talja.pl\/wp-content\/uploads\/2019\/06\/baner-talja-2.jpg\",\"width\":1300,\"height\":300,\"caption\":\"Talja\"},\"image\":{\"@id\":\"https:\/\/talja.pl\/#\/schema\/logo\/image\/\"},\"sameAs\":[\"https:\/\/www.facebook.com\/Talja-418285408906660\/\",\"https:\/\/x.com\/talja_pracownia\",\"https:\/\/www.instagram.com\/talja_pracownia\/\"]}]}<\/script>\n<!-- \/ Yoast SEO plugin. -->","yoast_head_json":{"title":"Lniana koszula MIA- kolory (wysy\u0142ka 48h) - www.talja.pl","description":"Lniana koszula MIA to wygodna koszula na co dzie\u0144, i od \u015bwi\u0119ta o wygodnym, lu\u017aniejszym kroju i zamaszystych, przyci\u0105gaj\u0105cych uwag\u0119 r\u0119kawkach.","robots":{"index":"index","follow":"follow","max-snippet":"max-snippet:-1","max-image-preview":"max-image-preview:large","max-video-preview":"max-video-preview:-1"},"canonical":"https:\/\/talja.pl\/index.php\/produkt\/lniana-koszula-mia-kolory-dostepne-od-reki\/","og_locale":"pl_PL","og_type":"article","og_title":"Lniana koszula MIA- kolory (wysy\u0142ka 48h) - www.talja.pl","og_description":"Lniana koszula MIA to wygodna koszula na co dzie\u0144, i od \u015bwi\u0119ta o wygodnym, lu\u017aniejszym kroju i zamaszystych, przyci\u0105gaj\u0105cych uwag\u0119 r\u0119kawkach.","og_url":"https:\/\/talja.pl\/index.php\/produkt\/lniana-koszula-mia-kolory-dostepne-od-reki\/","og_site_name":"www.talja.pl","article_publisher":"https:\/\/www.facebook.com\/Talja-418285408906660\/","article_modified_time":"2026-02-03T10:21:25+00:00","og_image":[{"width":1200,"height":1779,"url":"https:\/\/talja.pl\/wp-content\/uploads\/2023\/10\/koszula-mia-talja-profil.jpg","type":"image\/jpeg"}],"twitter_card":"summary_large_image","twitter_site":"@talja_pracownia","twitter_misc":{"Szacowany czas czytania":"3 minuty"},"schema":{"@context":"https:\/\/schema.org","@graph":[{"@type":"WebPage","@id":"https:\/\/talja.pl\/index.php\/produkt\/lniana-koszula-mia-kolory-dostepne-od-reki\/","url":"https:\/\/talja.pl\/index.php\/produkt\/lniana-koszula-mia-kolory-dostepne-od-reki\/","name":"Lniana koszula MIA- kolory (wysy\u0142ka 48h) - www.talja.pl","isPartOf":{"@id":"https:\/\/talja.pl\/#website"},"primaryImageOfPage":{"@id":"https:\/\/talja.pl\/index.php\/produkt\/lniana-koszula-mia-kolory-dostepne-od-reki\/#primaryimage"},"image":{"@id":"https:\/\/talja.pl\/index.php\/produkt\/lniana-koszula-mia-kolory-dostepne-od-reki\/#primaryimage"},"thumbnailUrl":"https:\/\/talja.pl\/wp-content\/uploads\/2023\/10\/koszula-mia-talja-profil.jpg","datePublished":"2023-07-18T14:22:09+00:00","dateModified":"2026-02-03T10:21:25+00:00","description":"Lniana koszula MIA to wygodna koszula na co dzie\u0144, i od \u015bwi\u0119ta o wygodnym, lu\u017aniejszym kroju i zamaszystych, przyci\u0105gaj\u0105cych uwag\u0119 r\u0119kawkach.","breadcrumb":{"@id":"https:\/\/talja.pl\/index.php\/produkt\/lniana-koszula-mia-kolory-dostepne-od-reki\/#breadcrumb"},"inLanguage":"pl-PL","potentialAction":[{"@type":"ReadAction","target":["https:\/\/talja.pl\/index.php\/produkt\/lniana-koszula-mia-kolory-dostepne-od-reki\/"]}]},{"@type":"ImageObject","inLanguage":"pl-PL","@id":"https:\/\/talja.pl\/index.php\/produkt\/lniana-koszula-mia-kolory-dostepne-od-reki\/#primaryimage","url":"https:\/\/talja.pl\/wp-content\/uploads\/2023\/10\/koszula-mia-talja-profil.jpg","contentUrl":"https:\/\/talja.pl\/wp-content\/uploads\/2023\/10\/koszula-mia-talja-profil.jpg","width":1200,"height":1779,"caption":"lniana koszula talja"},{"@type":"BreadcrumbList","@id":"https:\/\/talja.pl\/index.php\/produkt\/lniana-koszula-mia-kolory-dostepne-od-reki\/#breadcrumb","itemListElement":[{"@type":"ListItem","position":1,"name":"Strona g\u0142\u00f3wna","item":"https:\/\/talja.pl\/"},{"@type":"ListItem","position":2,"name":"talja.pl","item":"https:\/\/talja.pl\/index.php\/sklep\/"},{"@type":"ListItem","position":3,"name":"Lniana koszula MIA- kolory (wysy\u0142ka 48h)"}]},{"@type":"WebSite","@id":"https:\/\/talja.pl\/#website","url":"https:\/\/talja.pl\/","name":"www.talja.pl","description":"","publisher":{"@id":"https:\/\/talja.pl\/#organization"},"potentialAction":[{"@type":"SearchAction","target":{"@type":"EntryPoint","urlTemplate":"https:\/\/talja.pl\/?s={search_term_string}"},"query-input":{"@type":"PropertyValueSpecification","valueRequired":true,"valueName":"search_term_string"}}],"inLanguage":"pl-PL"},{"@type":"Organization","@id":"https:\/\/talja.pl\/#organization","name":"Talja","url":"https:\/\/talja.pl\/","logo":{"@type":"ImageObject","inLanguage":"pl-PL","@id":"https:\/\/talja.pl\/#\/schema\/logo\/image\/","url":"https:\/\/talja.pl\/wp-content\/uploads\/2019\/06\/baner-talja-2.jpg","contentUrl":"https:\/\/talja.pl\/wp-content\/uploads\/2019\/06\/baner-talja-2.jpg","width":1300,"height":300,"caption":"Talja"},"image":{"@id":"https:\/\/talja.pl\/#\/schema\/logo\/image\/"},"sameAs":["https:\/\/www.facebook.com\/Talja-418285408906660\/","https:\/\/x.com\/talja_pracownia","https:\/\/www.instagram.com\/talja_pracownia\/"]}]}},"_links":{"self":[{"href":"https:\/\/talja.pl\/index.php\/wp-json\/wp\/v2\/product\/10778","targetHints":{"allow":["GET"]}}],"collection":[{"href":"https:\/\/talja.pl\/index.php\/wp-json\/wp\/v2\/product"}],"about":[{"href":"https:\/\/talja.pl\/index.php\/wp-json\/wp\/v2\/types\/product"}],"replies":[{"embeddable":true,"href":"https:\/\/talja.pl\/index.php\/wp-json\/wp\/v2\/comments?post=10778"}],"version-history":[{"count":3,"href":"https:\/\/talja.pl\/index.php\/wp-json\/wp\/v2\/product\/10778\/revisions"}],"predecessor-version":[{"id":11987,"href":"https:\/\/talja.pl\/index.php\/wp-json\/wp\/v2\/product\/10778\/revisions\/11987"}],"wp:featuredmedia":[{"embeddable":true,"href":"https:\/\/talja.pl\/index.php\/wp-json\/wp\/v2\/media\/8789"}],"wp:attachment":[{"href":"https:\/\/talja.pl\/index.php\/wp-json\/wp\/v2\/media?parent=10778"}],"wp:term":[{"taxonomy":"product_brand","embeddable":true,"href":"https:\/\/talja.pl\/index.php\/wp-json\/wp\/v2\/product_brand?post=10778"},{"taxonomy":"product_cat","embeddable":true,"href":"https:\/\/talja.pl\/index.php\/wp-json\/wp\/v2\/product_cat?post=10778"},{"taxonomy":"product_tag","embeddable":true,"href":"https:\/\/talja.pl\/index.php\/wp-json\/wp\/v2\/product_tag?post=10778"}],"curies":[{"name":"wp","href":"https:\/\/api.w.org\/{rel}","templated":true}]}}