{"id":1119,"date":"2026-02-01T08:56:51","date_gmt":"2026-02-01T07:56:51","guid":{"rendered":"https:\/\/talja.pl\/?post_type=product&#038;p=1119"},"modified":"2026-03-20T14:37:41","modified_gmt":"2026-03-20T13:37:41","slug":"matylda-lniana-sukienka","status":"publish","type":"product","link":"https:\/\/talja.pl\/index.php\/produkt\/matylda-lniana-sukienka\/","title":{"rendered":"Lniana sukienka  MATYLDA"},"content":{"rendered":"<p><em><strong>Wymiary sukienki na p\u0142asko:\u00a0<\/strong><\/em><\/p>\n<p><strong>S<\/strong> : biust 46,5cm ;\u00a0 \u00a0 talia 43,5cm, z zawi\u0105zanymi troczkami 34cm<\/p>\n<p><strong>M<\/strong> : biust 48,5cm;\u00a0 \u00a0 talia 46cm, z zawi\u0105zanymi troczkami 36,5cm<\/p>\n<p><strong>L<\/strong> : biust 50,5cm;\u00a0 \u00a0 \u00a0 talia 48,5cm, z zawi\u0105zanymi troczkami 39cm<\/p>\n<p><strong>XL<\/strong> : biust 52,5cm;\u00a0 \u00a0 talia 51cm, z zawi\u0105zanymi troczkami 41,5cm<\/p>\n<p><em><strong>D\u0142ugo\u015b\u0107 sukienki od talii<\/strong> <strong>do wyboru :\u00a0<\/strong><\/em><\/p>\n<p><strong>short :<\/strong> 55cm<\/p>\n<p><strong>regular :<\/strong> 65cm<\/p>\n<p><strong>midi :<\/strong> 73cm<\/p>\n<p>W tym fasonie sukienki najwa\u017cniejsza jest szeroko\u015b\u0107 w biu\u015bcie. W talii jest wygodny luz, kt\u00f3ry zbierzesz troczkami. Je\u015bli masz problem z doborem rozmiaru lub <a href=\"https:\/\/talja.pl\/index.php\/produkt\/personalizacja\/\">personalizacj\u0105<\/a> sukienki napisz prosz\u0119 do mnie na : kontakt@talja.pl z ch\u0119ci\u0105 pomog\u0119 Ci przy wyborze.<\/p>\n<p>Na modelkach prezentowane s\u0105 sukienki w kolorach szmaragdowej zieleni ( niedost\u0119pny &#8211; bardzo zbli\u017cony do niego jest kolor &#8221; ciemna ziele\u0144&#8221; )oraz cynamonu. Obie prezentuj\u0105 rozmiar S o d\u0142ugo\u015bci &#8220;midi&#8221;.<\/p>\n<h5><em><strong>Dopasuj sukienk\u0119 pod siebie\u00a0<\/strong><\/em><\/h5>\n<h5>J<em>e\u015bli marzysz o wprowadzeniu pewnych zmian do sukienki, wystarczy \u017ce wykupisz dodatkow\u0105 opcj\u0119<a href=\"https:\/\/talja.pl\/index.php\/produkt\/personalizacja\/\">\u00a0<strong>\u201d PERSONALIZACJA \u201e<\/strong><\/a>. Dzi\u0119ki tej opcji Twoja sukienka zyska niepowtarzalno\u015b\u0107 i indywidualny charakter. Mo\u017cesz bowiem zmieni\u0107 d\u0142ugo\u015b\u0107 sukienki, d\u0142ugo\u015b\u0107 r\u0119kawa lub spos\u00f3b wi\u0105zania. Je\u015bli masz jeszcze inny pomys\u0142 na zmodyfikowanie sukienki, a nie znajdujesz go w opcji \u201d Personalizacja\u201d skontaktuj si\u0119 ze mn\u0105\u00a0 mailowo : kontakt@talja.pl . Razem z pewno\u015bci\u0105 wyczarujemy sukienk\u0119 Twoich marze\u0144!\u00a0<\/em><\/h5>\n<h5><em>Ubrania z lnu traktuj delikatnie. Nie wybielaj, pierz w 30 stopniach, odwirowuj w pralce na ni\u017cszych obrotach i prasuj max w 150st. Dbaj o nie, a b\u0119d\u0105 Ci wdzi\u0119czne.<\/em><\/h5>\n<p>&nbsp;<\/p>\n","protected":false},"excerpt":{"rendered":"<p>Lniana sukienka Matylda to dziewcz\u0119co\u015b\u0107 z nut\u0105 retro w naturalnym, bo w 100% lnianym wydaniu.<\/p>\n<p><strong>Sukienka szyta jest w ponad 20 kolorach ln\u00f3w oraz trzech d\u0142ugo\u015bciach do wyboru : short, regular i midi.<\/strong> Posiada w pe\u0142ni funkcjonalne zapi\u0119cie na guziczki. Guziki s\u0105 r\u0119cznie oblekane tkanin\u0105, t\u0105 sam\u0105, z kt\u00f3rej uszyta jest sukienka. Detale jak ko\u0142nierzyk bebe oraz tulipanowe mankiety stanowi\u0105 sp\u00f3jn\u0105, wdzi\u0119czn\u0105 ca\u0142o\u015b\u0107. Marszczony d\u00f3\u0142 za\u015b dodaje dziewcz\u0119cej energii. Dodatkowo Matylda posiada w tyle wi\u0105zanie na troczki, dzi\u0119ki kt\u00f3rym bez problemu dostosujesz j\u0105 do obwodu swojej talii.<\/p>\n<p>Sk\u0142ad :\u00a0 \u00a0len 100%<\/p>\n<p><strong>Model dost\u0119pny w ponad 20 r\u00f3\u017cnych wersjach kolorystycznych. <\/strong>Wybierz ten, o kt\u00f3rym marzysz!\u00a0 Wiedz r\u00f3wnie\u017c, \u017ce wszystkie nasze lny s\u0105 produkcji polskiej oraz spe\u0142niaj\u0105 wymogi\u00a0 norm\u00a0<strong>OEKO TEX \u2013 Standard 100<\/strong>, co oznacza, \u017ce zosta\u0142y przebadane i nie zawieraj\u0105 \u015brodk\u00f3w szkodliwych zar\u00f3wno dla cz\u0142owieka jak i \u015brodowiska. Dodatkowo s\u0105 cudownie zmi\u0119kczane, a ten fakt z pewno\u015bci\u0105 doceni Twoja sk\u00f3ra.<\/p>\n<p>Zaprojektowane i uszyte w Polsce.<\/p>\n<h5>Wysy\u0142ka w : 5-14 dni roboczych . Pami\u0119taj : wszystkie lniane sukienki szyte s\u0105 przez nas dopiero po z\u0142o\u017ceniu zam\u00f3wienia. Daj nam czas na precyzyjn\u0105 realizacj\u0119 Twojego zam\u00f3wienia.<\/h5>\n<p>&nbsp;<\/p>\n","protected":false},"featured_media":3145,"comment_status":"open","ping_status":"closed","template":"","meta":[],"product_brand":[],"product_cat":[45,20,140],"product_tag":[25,26,27],"class_list":{"0":"post-1119","1":"product","2":"type-product","3":"status-publish","4":"has-post-thumbnail","6":"product_cat-produkty-na-zamowienie","7":"product_cat-sukienki-lniane","8":"product_cat-sukienki-dlugi-rekaw","9":"product_tag-len","10":"product_tag-sukienka","11":"product_tag-sukienka-lniana","12":"pa_kolor-kratka-vichy-len-100","13":"pa_kolor-len-30-wiskoza-70","14":"pa_kolor-koktajl-truskawkowy-150g-m2","15":"pa_kolor-malina","16":"pa_kolor-liliowy-170g-m2","17":"pa_kolor-pochmurne-niebo-170g-m2","18":"pa_kolor-zielen-trawiasta-170g-m2","19":"pa_kolor-czerwone-wino-150g-m2","20":"pa_kolor-sliwka-170g-m2","21":"pa_kolor-mleczna-czekolada-170g-m2","22":"pa_kolor-letnie-niebo-150g-m2","23":"pa_kolor-biel-170g-m2","24":"pa_kolor-naturalny-150g-m2","25":"pa_kolor-fuksja","26":"pa_kolor-morelowy","27":"pa_kolor-chabrowy-150g-m2","28":"pa_kolor-karmel-170-g-m2","29":"pa_kolor-baby-blue-150g-m2","30":"pa_kolor-pudrowy-roz-150g-m2","31":"pa_kolor-arbuz-150g-m2","32":"pa_kolor-pudrowy-szary-170g-m2","33":"pa_kolor-cegla-150g-m2","34":"pa_kolor-ciemna-zielen-150g-m2","35":"pa_kolor-ciemny-niebieski-170g-m2","36":"pa_kolor-cynamon-150g-m2","37":"pa_kolor-czern-150g-m2","38":"pa_kolor-eukaliptus-150g-m2","39":"pa_kolor-khaki-150g-m2","40":"pa_kolor-melon-150g-m2","41":"pa_kolor-wrszos-150g-m2","42":"pa_kolor-stalowo-szary-170g-m2","43":"pa_kolor-wisnia-150g-m2","45":"entry","46":"has-media","48":"first","49":"instock","50":"taxable","51":"shipping-taxable","52":"purchasable","53":"product-type-variable","54":"wvs-archive-product-wrapper","55":"has-rating","56":"has-product-nav","57":"col","58":"span_1_of_4","59":"owp-content-center","60":"owp-thumbs-layout-horizontal","61":"owp-btn-big","62":"owp-tabs-layout-horizontal"},"yoast_head":"<!-- This site is optimized with the Yoast SEO plugin v27.0 - https:\/\/yoast.com\/product\/yoast-seo-wordpress\/ -->\n<title>Lniana sukienka MATYLDA - www.talja.pl<\/title>\n<meta name=\"robots\" content=\"index, follow, max-snippet:-1, max-image-preview:large, max-video-preview:-1\" \/>\n<link rel=\"canonical\" href=\"https:\/\/talja.pl\/index.php\/produkt\/matylda-lniana-sukienka\/\" \/>\n<meta property=\"og:locale\" content=\"pl_PL\" \/>\n<meta property=\"og:type\" content=\"article\" \/>\n<meta property=\"og:title\" content=\"Lniana sukienka MATYLDA - www.talja.pl\" \/>\n<meta property=\"og:description\" content=\"Lniana sukienka Matylda to dziewcz\u0119co\u015b\u0107 z nut\u0105 retro w naturalnym, bo w 100% lnianym wydaniu.  Sukienka szyta jest w ponad 20 kolorach ln\u00f3w oraz trzech d\u0142ugo\u015bciach do wyboru : short, regular i midi. Posiada w pe\u0142ni funkcjonalne zapi\u0119cie na guziczki. Guziki s\u0105 r\u0119cznie oblekane tkanin\u0105, t\u0105 sam\u0105, z kt\u00f3rej uszyta jest sukienka. Detale jak ko\u0142nierzyk bebe oraz tulipanowe mankiety stanowi\u0105 sp\u00f3jn\u0105, wdzi\u0119czn\u0105 ca\u0142o\u015b\u0107. Marszczony d\u00f3\u0142 za\u015b dodaje dziewcz\u0119cej energii. Dodatkowo Matylda posiada w tyle wi\u0105zanie na troczki, dzi\u0119ki kt\u00f3rym bez problemu dostosujesz j\u0105 do obwodu swojej talii.  Sk\u0142ad :\u00a0 \u00a0len 100%  Model dost\u0119pny w ponad 20 r\u00f3\u017cnych wersjach kolorystycznych. Wybierz ten, o kt\u00f3rym marzysz!\u00a0 Wiedz r\u00f3wnie\u017c, \u017ce wszystkie nasze lny s\u0105 produkcji polskiej oraz spe\u0142niaj\u0105 wymogi\u00a0 norm\u00a0OEKO TEX \u2013 Standard 100, co oznacza, \u017ce zosta\u0142y przebadane i nie zawieraj\u0105 \u015brodk\u00f3w szkodliwych zar\u00f3wno dla cz\u0142owieka jak i \u015brodowiska. Dodatkowo s\u0105 cudownie zmi\u0119kczane, a ten fakt z pewno\u015bci\u0105 doceni Twoja sk\u00f3ra.  Zaprojektowane i uszyte w Polsce. Wysy\u0142ka w : 5-14 dni roboczych . Pami\u0119taj : wszystkie lniane sukienki szyte s\u0105 przez nas dopiero po z\u0142o\u017ceniu zam\u00f3wienia. Daj nam czas na precyzyjn\u0105 realizacj\u0119 Twojego zam\u00f3wienia. &nbsp;\" \/>\n<meta property=\"og:url\" content=\"https:\/\/talja.pl\/index.php\/produkt\/matylda-lniana-sukienka\/\" \/>\n<meta property=\"og:site_name\" content=\"www.talja.pl\" \/>\n<meta property=\"article:publisher\" content=\"https:\/\/www.facebook.com\/Talja-418285408906660\/\" \/>\n<meta property=\"article:modified_time\" content=\"2026-03-20T13:37:41+00:00\" \/>\n<meta property=\"og:image\" content=\"https:\/\/talja.pl\/wp-content\/uploads\/2019\/10\/1080x1600.jpg\" \/>\n\t<meta property=\"og:image:width\" content=\"1080\" \/>\n\t<meta property=\"og:image:height\" content=\"1600\" \/>\n\t<meta property=\"og:image:type\" content=\"image\/jpeg\" \/>\n<meta name=\"twitter:card\" content=\"summary_large_image\" \/>\n<meta name=\"twitter:site\" content=\"@talja_pracownia\" \/>\n<meta name=\"twitter:label1\" content=\"Szacowany czas czytania\" \/>\n\t<meta name=\"twitter:data1\" content=\"2 minuty\" \/>\n<script type=\"application\/ld+json\" class=\"yoast-schema-graph\">{\"@context\":\"https:\/\/schema.org\",\"@graph\":[{\"@type\":\"WebPage\",\"@id\":\"https:\/\/talja.pl\/index.php\/produkt\/matylda-lniana-sukienka\/\",\"url\":\"https:\/\/talja.pl\/index.php\/produkt\/matylda-lniana-sukienka\/\",\"name\":\"Lniana sukienka MATYLDA - www.talja.pl\",\"isPartOf\":{\"@id\":\"https:\/\/talja.pl\/#website\"},\"primaryImageOfPage\":{\"@id\":\"https:\/\/talja.pl\/index.php\/produkt\/matylda-lniana-sukienka\/#primaryimage\"},\"image\":{\"@id\":\"https:\/\/talja.pl\/index.php\/produkt\/matylda-lniana-sukienka\/#primaryimage\"},\"thumbnailUrl\":\"https:\/\/talja.pl\/wp-content\/uploads\/2019\/10\/1080x1600.jpg\",\"datePublished\":\"2026-02-01T07:56:51+00:00\",\"dateModified\":\"2026-03-20T13:37:41+00:00\",\"breadcrumb\":{\"@id\":\"https:\/\/talja.pl\/index.php\/produkt\/matylda-lniana-sukienka\/#breadcrumb\"},\"inLanguage\":\"pl-PL\",\"potentialAction\":[{\"@type\":\"ReadAction\",\"target\":[\"https:\/\/talja.pl\/index.php\/produkt\/matylda-lniana-sukienka\/\"]}]},{\"@type\":\"ImageObject\",\"inLanguage\":\"pl-PL\",\"@id\":\"https:\/\/talja.pl\/index.php\/produkt\/matylda-lniana-sukienka\/#primaryimage\",\"url\":\"https:\/\/talja.pl\/wp-content\/uploads\/2019\/10\/1080x1600.jpg\",\"contentUrl\":\"https:\/\/talja.pl\/wp-content\/uploads\/2019\/10\/1080x1600.jpg\",\"width\":1080,\"height\":1600},{\"@type\":\"BreadcrumbList\",\"@id\":\"https:\/\/talja.pl\/index.php\/produkt\/matylda-lniana-sukienka\/#breadcrumb\",\"itemListElement\":[{\"@type\":\"ListItem\",\"position\":1,\"name\":\"Strona g\u0142\u00f3wna\",\"item\":\"https:\/\/talja.pl\/\"},{\"@type\":\"ListItem\",\"position\":2,\"name\":\"talja.pl\",\"item\":\"https:\/\/talja.pl\/index.php\/sklep\/\"},{\"@type\":\"ListItem\",\"position\":3,\"name\":\"Lniana sukienka MATYLDA\"}]},{\"@type\":\"WebSite\",\"@id\":\"https:\/\/talja.pl\/#website\",\"url\":\"https:\/\/talja.pl\/\",\"name\":\"www.talja.pl\",\"description\":\"\",\"publisher\":{\"@id\":\"https:\/\/talja.pl\/#organization\"},\"potentialAction\":[{\"@type\":\"SearchAction\",\"target\":{\"@type\":\"EntryPoint\",\"urlTemplate\":\"https:\/\/talja.pl\/?s={search_term_string}\"},\"query-input\":{\"@type\":\"PropertyValueSpecification\",\"valueRequired\":true,\"valueName\":\"search_term_string\"}}],\"inLanguage\":\"pl-PL\"},{\"@type\":\"Organization\",\"@id\":\"https:\/\/talja.pl\/#organization\",\"name\":\"Talja\",\"url\":\"https:\/\/talja.pl\/\",\"logo\":{\"@type\":\"ImageObject\",\"inLanguage\":\"pl-PL\",\"@id\":\"https:\/\/talja.pl\/#\/schema\/logo\/image\/\",\"url\":\"https:\/\/talja.pl\/wp-content\/uploads\/2019\/06\/baner-talja-2.jpg\",\"contentUrl\":\"https:\/\/talja.pl\/wp-content\/uploads\/2019\/06\/baner-talja-2.jpg\",\"width\":1300,\"height\":300,\"caption\":\"Talja\"},\"image\":{\"@id\":\"https:\/\/talja.pl\/#\/schema\/logo\/image\/\"},\"sameAs\":[\"https:\/\/www.facebook.com\/Talja-418285408906660\/\",\"https:\/\/x.com\/talja_pracownia\",\"https:\/\/www.instagram.com\/talja_pracownia\/\"]}]}<\/script>\n<!-- \/ Yoast SEO plugin. -->","yoast_head_json":{"title":"Lniana sukienka MATYLDA - www.talja.pl","robots":{"index":"index","follow":"follow","max-snippet":"max-snippet:-1","max-image-preview":"max-image-preview:large","max-video-preview":"max-video-preview:-1"},"canonical":"https:\/\/talja.pl\/index.php\/produkt\/matylda-lniana-sukienka\/","og_locale":"pl_PL","og_type":"article","og_title":"Lniana sukienka MATYLDA - www.talja.pl","og_description":"Lniana sukienka Matylda to dziewcz\u0119co\u015b\u0107 z nut\u0105 retro w naturalnym, bo w 100% lnianym wydaniu.  Sukienka szyta jest w ponad 20 kolorach ln\u00f3w oraz trzech d\u0142ugo\u015bciach do wyboru : short, regular i midi. Posiada w pe\u0142ni funkcjonalne zapi\u0119cie na guziczki. Guziki s\u0105 r\u0119cznie oblekane tkanin\u0105, t\u0105 sam\u0105, z kt\u00f3rej uszyta jest sukienka. Detale jak ko\u0142nierzyk bebe oraz tulipanowe mankiety stanowi\u0105 sp\u00f3jn\u0105, wdzi\u0119czn\u0105 ca\u0142o\u015b\u0107. Marszczony d\u00f3\u0142 za\u015b dodaje dziewcz\u0119cej energii. Dodatkowo Matylda posiada w tyle wi\u0105zanie na troczki, dzi\u0119ki kt\u00f3rym bez problemu dostosujesz j\u0105 do obwodu swojej talii.  Sk\u0142ad :\u00a0 \u00a0len 100%  Model dost\u0119pny w ponad 20 r\u00f3\u017cnych wersjach kolorystycznych. Wybierz ten, o kt\u00f3rym marzysz!\u00a0 Wiedz r\u00f3wnie\u017c, \u017ce wszystkie nasze lny s\u0105 produkcji polskiej oraz spe\u0142niaj\u0105 wymogi\u00a0 norm\u00a0OEKO TEX \u2013 Standard 100, co oznacza, \u017ce zosta\u0142y przebadane i nie zawieraj\u0105 \u015brodk\u00f3w szkodliwych zar\u00f3wno dla cz\u0142owieka jak i \u015brodowiska. Dodatkowo s\u0105 cudownie zmi\u0119kczane, a ten fakt z pewno\u015bci\u0105 doceni Twoja sk\u00f3ra.  Zaprojektowane i uszyte w Polsce. Wysy\u0142ka w : 5-14 dni roboczych . Pami\u0119taj : wszystkie lniane sukienki szyte s\u0105 przez nas dopiero po z\u0142o\u017ceniu zam\u00f3wienia. Daj nam czas na precyzyjn\u0105 realizacj\u0119 Twojego zam\u00f3wienia. &nbsp;","og_url":"https:\/\/talja.pl\/index.php\/produkt\/matylda-lniana-sukienka\/","og_site_name":"www.talja.pl","article_publisher":"https:\/\/www.facebook.com\/Talja-418285408906660\/","article_modified_time":"2026-03-20T13:37:41+00:00","og_image":[{"width":1080,"height":1600,"url":"https:\/\/talja.pl\/wp-content\/uploads\/2019\/10\/1080x1600.jpg","type":"image\/jpeg"}],"twitter_card":"summary_large_image","twitter_site":"@talja_pracownia","twitter_misc":{"Szacowany czas czytania":"2 minuty"},"schema":{"@context":"https:\/\/schema.org","@graph":[{"@type":"WebPage","@id":"https:\/\/talja.pl\/index.php\/produkt\/matylda-lniana-sukienka\/","url":"https:\/\/talja.pl\/index.php\/produkt\/matylda-lniana-sukienka\/","name":"Lniana sukienka MATYLDA - www.talja.pl","isPartOf":{"@id":"https:\/\/talja.pl\/#website"},"primaryImageOfPage":{"@id":"https:\/\/talja.pl\/index.php\/produkt\/matylda-lniana-sukienka\/#primaryimage"},"image":{"@id":"https:\/\/talja.pl\/index.php\/produkt\/matylda-lniana-sukienka\/#primaryimage"},"thumbnailUrl":"https:\/\/talja.pl\/wp-content\/uploads\/2019\/10\/1080x1600.jpg","datePublished":"2026-02-01T07:56:51+00:00","dateModified":"2026-03-20T13:37:41+00:00","breadcrumb":{"@id":"https:\/\/talja.pl\/index.php\/produkt\/matylda-lniana-sukienka\/#breadcrumb"},"inLanguage":"pl-PL","potentialAction":[{"@type":"ReadAction","target":["https:\/\/talja.pl\/index.php\/produkt\/matylda-lniana-sukienka\/"]}]},{"@type":"ImageObject","inLanguage":"pl-PL","@id":"https:\/\/talja.pl\/index.php\/produkt\/matylda-lniana-sukienka\/#primaryimage","url":"https:\/\/talja.pl\/wp-content\/uploads\/2019\/10\/1080x1600.jpg","contentUrl":"https:\/\/talja.pl\/wp-content\/uploads\/2019\/10\/1080x1600.jpg","width":1080,"height":1600},{"@type":"BreadcrumbList","@id":"https:\/\/talja.pl\/index.php\/produkt\/matylda-lniana-sukienka\/#breadcrumb","itemListElement":[{"@type":"ListItem","position":1,"name":"Strona g\u0142\u00f3wna","item":"https:\/\/talja.pl\/"},{"@type":"ListItem","position":2,"name":"talja.pl","item":"https:\/\/talja.pl\/index.php\/sklep\/"},{"@type":"ListItem","position":3,"name":"Lniana sukienka MATYLDA"}]},{"@type":"WebSite","@id":"https:\/\/talja.pl\/#website","url":"https:\/\/talja.pl\/","name":"www.talja.pl","description":"","publisher":{"@id":"https:\/\/talja.pl\/#organization"},"potentialAction":[{"@type":"SearchAction","target":{"@type":"EntryPoint","urlTemplate":"https:\/\/talja.pl\/?s={search_term_string}"},"query-input":{"@type":"PropertyValueSpecification","valueRequired":true,"valueName":"search_term_string"}}],"inLanguage":"pl-PL"},{"@type":"Organization","@id":"https:\/\/talja.pl\/#organization","name":"Talja","url":"https:\/\/talja.pl\/","logo":{"@type":"ImageObject","inLanguage":"pl-PL","@id":"https:\/\/talja.pl\/#\/schema\/logo\/image\/","url":"https:\/\/talja.pl\/wp-content\/uploads\/2019\/06\/baner-talja-2.jpg","contentUrl":"https:\/\/talja.pl\/wp-content\/uploads\/2019\/06\/baner-talja-2.jpg","width":1300,"height":300,"caption":"Talja"},"image":{"@id":"https:\/\/talja.pl\/#\/schema\/logo\/image\/"},"sameAs":["https:\/\/www.facebook.com\/Talja-418285408906660\/","https:\/\/x.com\/talja_pracownia","https:\/\/www.instagram.com\/talja_pracownia\/"]}]}},"_links":{"self":[{"href":"https:\/\/talja.pl\/index.php\/wp-json\/wp\/v2\/product\/1119","targetHints":{"allow":["GET"]}}],"collection":[{"href":"https:\/\/talja.pl\/index.php\/wp-json\/wp\/v2\/product"}],"about":[{"href":"https:\/\/talja.pl\/index.php\/wp-json\/wp\/v2\/types\/product"}],"replies":[{"embeddable":true,"href":"https:\/\/talja.pl\/index.php\/wp-json\/wp\/v2\/comments?post=1119"}],"version-history":[{"count":4,"href":"https:\/\/talja.pl\/index.php\/wp-json\/wp\/v2\/product\/1119\/revisions"}],"predecessor-version":[{"id":3142,"href":"https:\/\/talja.pl\/index.php\/wp-json\/wp\/v2\/product\/1119\/revisions\/3142"}],"wp:featuredmedia":[{"embeddable":true,"href":"https:\/\/talja.pl\/index.php\/wp-json\/wp\/v2\/media\/3145"}],"wp:attachment":[{"href":"https:\/\/talja.pl\/index.php\/wp-json\/wp\/v2\/media?parent=1119"}],"wp:term":[{"taxonomy":"product_brand","embeddable":true,"href":"https:\/\/talja.pl\/index.php\/wp-json\/wp\/v2\/product_brand?post=1119"},{"taxonomy":"product_cat","embeddable":true,"href":"https:\/\/talja.pl\/index.php\/wp-json\/wp\/v2\/product_cat?post=1119"},{"taxonomy":"product_tag","embeddable":true,"href":"https:\/\/talja.pl\/index.php\/wp-json\/wp\/v2\/product_tag?post=1119"}],"curies":[{"name":"wp","href":"https:\/\/api.w.org\/{rel}","templated":true}]}}