{"id":11687,"date":"2025-09-09T19:53:46","date_gmt":"2025-09-09T17:53:46","guid":{"rendered":"https:\/\/talja.pl\/?post_type=product&#038;p=11687"},"modified":"2026-03-17T12:16:47","modified_gmt":"2026-03-17T11:16:47","slug":"scarlett-sukienka-bawelniana-w-czerwone-kwiatki","status":"publish","type":"product","link":"https:\/\/talja.pl\/index.php\/produkt\/scarlett-sukienka-bawelniana-w-czerwone-kwiatki\/","title":{"rendered":"SCARLETT &#8211; sukienka bawe\u0142niana w czerwone kwiatki"},"content":{"rendered":"<p><strong>Sukienka\u00a0 SCARLETT to nasz bestseller, kt\u00f3ry bardzo ch\u0119tnie zamawiacie w wersji lnianej oraz wiskozowej, dlatego zdecydowali\u015bmy si\u0119 na wprowadzenie kolejnej wersji tej sukienki w dw\u00f3ch kwiatowych printach : niebieskie oraz czerwone kwiatuszki na jasnym tle.<br \/>\n<\/strong><\/p>\n<p>Wersj\u0119 z niebieskimi kwiatkami na jasnym tle znajdziesz <a href=\"https:\/\/talja.pl\/index.php\/produkt\/scarlett-sukienka-bawelniana-w-niebieskie-kwiatki\/\"><em><strong>tutaj<\/strong><\/em><\/a><\/p>\n<p><strong>Scarlett to must have mi\u0142o\u015bniczek sukienek bogatych w formie, inspirowanych latami 40-tymi.\u00a0 <\/strong>Niezwykle kobieca i romantyczna. Na ka\u017cd\u0105 wi\u0119ksz\u0105, i mniejsz\u0105 okazj\u0119, jak r\u00f3wnie\u017c na co dzie\u0144, kiedy tylko pragniesz podkre\u015bli\u0107 nieco bardziej swoj\u0105 kobieco\u015b\u0107. Uszyta z przemi\u0142ej w dotyku, najwy\u017cszej jako\u015bci bawe\u0142nie o pi\u0119knym, sko\u015bnym splocie ( tzw. twill) , dzi\u0119ki czemu nie jest sztywna jak klasyczne bawe\u0142ny, lecz bardziej mi\u0119kka i mi\u0119sista. Scarlett dzi\u0119ki swojej przemy\u015blanej konstrukcji i precyzji detali b\u0119dzie Twoj\u0105 najwspanialsz\u0105 ozdob\u0105.<\/p>\n<h4><strong>Za co j\u0105 pokochasz?\u00a0<\/strong><\/h4>\n<ul>\n<li><strong>kr\u00f3j z wszytym geometrycznym pasem podkre\u015blaj\u0105cym ob\u0142\u0119dnie tali\u0119<\/strong>;\u00a0 nawet je\u015bli my\u015blisz, \u017ce jej nie masz \u2013 zaskoczenie ! \u2013 w tym fasonie j\u0105 odkryjesz!<\/li>\n<li>n<strong>ajwy\u017cszej jako\u015bci bawe\u0142na organiczna z widocznymi sko\u015bnymi pr\u0105\u017ckami<\/strong> (tzw. splot sko\u015bny). Niezwykle przyjemna w dotyku i mi\u0119sista.<\/li>\n<li>szarfy, dzi\u0119ki kt\u00f3rym wyeksponujesz tali\u0119 jeszcze pi\u0119kniej<\/li>\n<li>bawe\u0142niana, urocza koronka prze\u0142amuj\u0105ca drobny print tkaniny<\/li>\n<li>prz\u00f3d zapinany na r\u0119cznie oblekane tkanin\u0105 guziczki<\/li>\n<li>zamek kryty w szwie bocznym<\/li>\n<li><strong>efektowne, mnogie marszczenia, kt\u00f3re dodaj\u0105 sukience lekko\u015bci i dziewcz\u0119co\u015bci<\/strong><\/li>\n<li><strong>zwiewny d\u00f3\u0142, lekko rozkloszowany i marszczony w centralnej cz\u0119\u015bci talii<\/strong><\/li>\n<li>r\u0119kawki d\u0142ugo\u015bci 3\/4 z delikatnym marszczeniem, wyko\u0144czone subtelnym mankietem zapinanym na r\u0119cznie oblekany tkanin\u0105 guziczek<\/li>\n<li>d\u0142ugo\u015b\u0107 REGULAR ( czyli 65cm od talii &#8211; delikatnie przykryje kolanko, w zale\u017cno\u015bci od wzrostu )<\/li>\n<li>uszycie z dba\u0142o\u015bci\u0105 w niewielkiej manufakturze w Szczecinie<\/li>\n<\/ul>\n<p class=\"responsive-video-wrap clr\"><iframe title=\"Bawe\u0142niana sukienka Scarlett z pracowni TALJA\" width=\"563\" height=\"1000\" src=\"https:\/\/www.youtube.com\/embed\/6DO_GPlYm1o?feature=oembed\" frameborder=\"0\" allow=\"accelerometer; autoplay; clipboard-write; encrypted-media; gyroscope; picture-in-picture; web-share\" referrerpolicy=\"strict-origin-when-cross-origin\" allowfullscreen><\/iframe><\/p>\n<p><img decoding=\"async\" class=\"aligncenter wp-image-5333 size-medium\" src=\"https:\/\/talja.pl\/wp-content\/uploads\/2022\/04\/Certyfikat-Oeko-Tex-standard-100-e1698257301591-300x119.png\" alt=\"\" width=\"300\" height=\"119\" \/><\/p>\n<table width=\"502\">\n<tbody>\n<tr>\n<td colspan=\"6\" width=\"502\">Wymiary gotowego ubrania mierzonego na p\u0142asko:<\/td>\n<\/tr>\n<tr>\n<td width=\"157\">SCARLETT<\/td>\n<td>S<\/td>\n<td>M<\/td>\n<td>L<\/td>\n<td>XL<\/td>\n<td>XXL<\/td>\n<\/tr>\n<tr>\n<td width=\"157\">Szeroko\u015b\u0107 w biu\u015bcie\u00a0 (cm)<\/td>\n<td>44<\/td>\n<td>46<\/td>\n<td>48<\/td>\n<td>50<\/td>\n<td>52<\/td>\n<\/tr>\n<tr>\n<td>Szeroko\u015b\u0107 w talii (cm)<\/td>\n<td>35,5<\/td>\n<td>37,5<\/td>\n<td>39,5<\/td>\n<td>41,5<\/td>\n<td>43,5<\/td>\n<\/tr>\n<tr>\n<td>D\u0142ugo\u015b\u0107 sukienki ( cm)<\/td>\n<td>106<\/td>\n<td>106,5<\/td>\n<td>107<\/td>\n<td>107,5<\/td>\n<td>108<\/td>\n<\/tr>\n<\/tbody>\n<\/table>\n<p>Wymiary +\/-2cm<\/p>\n<p>Natalia ma wzrost 173cm, obw\u00f3d biustu 83cm i prezentuje rozmiar S.<\/p>\n<p><strong>Sk\u0142ad<\/strong> : bawe\u0142na organiczna o sko\u015bnym splocie 100%, certyfikat Oeko TEX Standard 100<\/p>\n<p><em>Masz pytania , w\u0105tpliwo\u015bci? Nie wiesz, kt\u00f3ry rozmiar wybra\u0107, lub chcia\u0142aby\u015b spersonalizowa\u0107 sukienk\u0119? Napisz do nas na kotankt@talja.pl \u2013 z ch\u0119ci\u0105 pomo\u017cemy!<\/em><\/p>\n","protected":false},"excerpt":{"rendered":"<div class=\"woocommerce-product-details__short-description\">\n<p>Sukienka z bawe\u0142ny organicznej o pi\u0119knym, sko\u015bnym splocie.<\/p>\n<p>Eteryczna sukienka uszyta z najwy\u017cszej \u00a0jako\u015bci, mi\u0119sistej tkaniny bawe\u0142nianej . Nasz bestseller. Pozosta\u0142e wersje sukienki Scarlett uszytych z lnu, wiskozy oraz bawe\u0142ny znajdziesz <strong><a href=\"https:\/\/talja.pl\/?s=scarlett\">tutaj<\/a>.<\/strong><\/p>\n<p><strong>Sk\u0142ad : Bawe\u0142na organiczna 100%\u00a0<\/strong><\/p>\n<p>Szyta w kameralnej pracowni w Szczecinie. Zamawiaj\u0105c w Talji wspierasz polskie rzemios\u0142o.<\/p>\n<p><span style=\"color: #ff0000;\"><strong>\ud83d\udd25 Sukienka do zam\u00f3wienia tylko w formie przedsprzeda\u017cy w dniach 4-11 wrze\u015bnia \ud83d\udd25<\/strong><\/span><\/p>\n<p><em>Wysy\u0142ka do 14 dni roboczych .<\/em><\/p>\n<\/div>\n","protected":false},"featured_media":11777,"comment_status":"open","ping_status":"closed","template":"","meta":[],"product_brand":[],"product_cat":[45,130],"product_tag":[117,26,128],"class_list":{"0":"post-11687","1":"product","2":"type-product","3":"status-publish","4":"has-post-thumbnail","6":"product_cat-produkty-na-zamowienie","7":"product_cat-sukienki-z-wiskozy-i-bawelny","8":"product_tag-bawelna","9":"product_tag-sukienka","10":"product_tag-sukienka-bawelniana","12":"entry","13":"has-media","15":"first","16":"outofstock","17":"featured","18":"taxable","19":"shipping-taxable","20":"product-type-variable","21":"wvs-archive-product-wrapper","22":"has-rating","23":"has-product-nav","24":"col","25":"span_1_of_4","26":"owp-content-center","27":"owp-thumbs-layout-horizontal","28":"owp-btn-big","29":"owp-tabs-layout-horizontal"},"yoast_head":"<!-- This site is optimized with the Yoast SEO plugin v27.0 - https:\/\/yoast.com\/product\/yoast-seo-wordpress\/ -->\n<title>SCARLETT - sukienka bawe\u0142niana w czerwone kwiatki - www.talja.pl<\/title>\n<meta name=\"description\" content=\"Niezwykle eteryczna sukienka z wiskozy produkcji w\u0142oskiej najwy\u017cszej jako\u015bci. Nasz bestseller! Szyta w kameralnej pracowni w Szczecinie.\" \/>\n<meta name=\"robots\" content=\"index, follow, max-snippet:-1, max-image-preview:large, max-video-preview:-1\" \/>\n<link rel=\"canonical\" href=\"https:\/\/talja.pl\/index.php\/produkt\/scarlett-sukienka-bawelniana-w-czerwone-kwiatki\/\" \/>\n<meta property=\"og:locale\" content=\"pl_PL\" \/>\n<meta property=\"og:type\" content=\"article\" \/>\n<meta property=\"og:title\" content=\"SCARLETT - sukienka bawe\u0142niana w czerwone kwiatki - www.talja.pl\" \/>\n<meta property=\"og:description\" content=\"Niezwykle eteryczna sukienka z wiskozy produkcji w\u0142oskiej najwy\u017cszej jako\u015bci. Nasz bestseller! Szyta w kameralnej pracowni w Szczecinie.\" \/>\n<meta property=\"og:url\" content=\"https:\/\/talja.pl\/index.php\/produkt\/scarlett-sukienka-bawelniana-w-czerwone-kwiatki\/\" \/>\n<meta property=\"og:site_name\" content=\"www.talja.pl\" \/>\n<meta property=\"article:publisher\" content=\"https:\/\/www.facebook.com\/Talja-418285408906660\/\" \/>\n<meta property=\"article:modified_time\" content=\"2026-03-17T11:16:47+00:00\" \/>\n<meta property=\"og:image\" content=\"https:\/\/talja.pl\/wp-content\/uploads\/2024\/10\/641A3895-e1730191972456.jpg\" \/>\n\t<meta property=\"og:image:width\" content=\"1024\" \/>\n\t<meta property=\"og:image:height\" content=\"1518\" \/>\n\t<meta property=\"og:image:type\" content=\"image\/jpeg\" \/>\n<meta name=\"twitter:card\" content=\"summary_large_image\" \/>\n<meta name=\"twitter:site\" content=\"@talja_pracownia\" \/>\n<meta name=\"twitter:label1\" content=\"Szacowany czas czytania\" \/>\n\t<meta name=\"twitter:data1\" content=\"3 minuty\" \/>\n<script type=\"application\/ld+json\" class=\"yoast-schema-graph\">{\"@context\":\"https:\/\/schema.org\",\"@graph\":[{\"@type\":\"WebPage\",\"@id\":\"https:\/\/talja.pl\/index.php\/produkt\/scarlett-sukienka-bawelniana-w-czerwone-kwiatki\/\",\"url\":\"https:\/\/talja.pl\/index.php\/produkt\/scarlett-sukienka-bawelniana-w-czerwone-kwiatki\/\",\"name\":\"SCARLETT - sukienka bawe\u0142niana w czerwone kwiatki - www.talja.pl\",\"isPartOf\":{\"@id\":\"https:\/\/talja.pl\/#website\"},\"primaryImageOfPage\":{\"@id\":\"https:\/\/talja.pl\/index.php\/produkt\/scarlett-sukienka-bawelniana-w-czerwone-kwiatki\/#primaryimage\"},\"image\":{\"@id\":\"https:\/\/talja.pl\/index.php\/produkt\/scarlett-sukienka-bawelniana-w-czerwone-kwiatki\/#primaryimage\"},\"thumbnailUrl\":\"https:\/\/talja.pl\/wp-content\/uploads\/2024\/10\/641A3895-e1730191972456.jpg\",\"datePublished\":\"2025-09-09T17:53:46+00:00\",\"dateModified\":\"2026-03-17T11:16:47+00:00\",\"description\":\"Niezwykle eteryczna sukienka z wiskozy produkcji w\u0142oskiej najwy\u017cszej jako\u015bci. Nasz bestseller! Szyta w kameralnej pracowni w Szczecinie.\",\"breadcrumb\":{\"@id\":\"https:\/\/talja.pl\/index.php\/produkt\/scarlett-sukienka-bawelniana-w-czerwone-kwiatki\/#breadcrumb\"},\"inLanguage\":\"pl-PL\",\"potentialAction\":[{\"@type\":\"ReadAction\",\"target\":[\"https:\/\/talja.pl\/index.php\/produkt\/scarlett-sukienka-bawelniana-w-czerwone-kwiatki\/\"]}]},{\"@type\":\"ImageObject\",\"inLanguage\":\"pl-PL\",\"@id\":\"https:\/\/talja.pl\/index.php\/produkt\/scarlett-sukienka-bawelniana-w-czerwone-kwiatki\/#primaryimage\",\"url\":\"https:\/\/talja.pl\/wp-content\/uploads\/2024\/10\/641A3895-e1730191972456.jpg\",\"contentUrl\":\"https:\/\/talja.pl\/wp-content\/uploads\/2024\/10\/641A3895-e1730191972456.jpg\",\"width\":1024,\"height\":1518},{\"@type\":\"BreadcrumbList\",\"@id\":\"https:\/\/talja.pl\/index.php\/produkt\/scarlett-sukienka-bawelniana-w-czerwone-kwiatki\/#breadcrumb\",\"itemListElement\":[{\"@type\":\"ListItem\",\"position\":1,\"name\":\"Strona g\u0142\u00f3wna\",\"item\":\"https:\/\/talja.pl\/\"},{\"@type\":\"ListItem\",\"position\":2,\"name\":\"talja.pl\",\"item\":\"https:\/\/talja.pl\/index.php\/sklep\/\"},{\"@type\":\"ListItem\",\"position\":3,\"name\":\"SCARLETT &#8211; sukienka bawe\u0142niana w czerwone kwiatki\"}]},{\"@type\":\"WebSite\",\"@id\":\"https:\/\/talja.pl\/#website\",\"url\":\"https:\/\/talja.pl\/\",\"name\":\"www.talja.pl\",\"description\":\"\",\"publisher\":{\"@id\":\"https:\/\/talja.pl\/#organization\"},\"potentialAction\":[{\"@type\":\"SearchAction\",\"target\":{\"@type\":\"EntryPoint\",\"urlTemplate\":\"https:\/\/talja.pl\/?s={search_term_string}\"},\"query-input\":{\"@type\":\"PropertyValueSpecification\",\"valueRequired\":true,\"valueName\":\"search_term_string\"}}],\"inLanguage\":\"pl-PL\"},{\"@type\":\"Organization\",\"@id\":\"https:\/\/talja.pl\/#organization\",\"name\":\"Talja\",\"url\":\"https:\/\/talja.pl\/\",\"logo\":{\"@type\":\"ImageObject\",\"inLanguage\":\"pl-PL\",\"@id\":\"https:\/\/talja.pl\/#\/schema\/logo\/image\/\",\"url\":\"https:\/\/talja.pl\/wp-content\/uploads\/2019\/06\/baner-talja-2.jpg\",\"contentUrl\":\"https:\/\/talja.pl\/wp-content\/uploads\/2019\/06\/baner-talja-2.jpg\",\"width\":1300,\"height\":300,\"caption\":\"Talja\"},\"image\":{\"@id\":\"https:\/\/talja.pl\/#\/schema\/logo\/image\/\"},\"sameAs\":[\"https:\/\/www.facebook.com\/Talja-418285408906660\/\",\"https:\/\/x.com\/talja_pracownia\",\"https:\/\/www.instagram.com\/talja_pracownia\/\"]}]}<\/script>\n<!-- \/ Yoast SEO plugin. -->","yoast_head_json":{"title":"SCARLETT - sukienka bawe\u0142niana w czerwone kwiatki - www.talja.pl","description":"Niezwykle eteryczna sukienka z wiskozy produkcji w\u0142oskiej najwy\u017cszej jako\u015bci. Nasz bestseller! Szyta w kameralnej pracowni w Szczecinie.","robots":{"index":"index","follow":"follow","max-snippet":"max-snippet:-1","max-image-preview":"max-image-preview:large","max-video-preview":"max-video-preview:-1"},"canonical":"https:\/\/talja.pl\/index.php\/produkt\/scarlett-sukienka-bawelniana-w-czerwone-kwiatki\/","og_locale":"pl_PL","og_type":"article","og_title":"SCARLETT - sukienka bawe\u0142niana w czerwone kwiatki - www.talja.pl","og_description":"Niezwykle eteryczna sukienka z wiskozy produkcji w\u0142oskiej najwy\u017cszej jako\u015bci. Nasz bestseller! Szyta w kameralnej pracowni w Szczecinie.","og_url":"https:\/\/talja.pl\/index.php\/produkt\/scarlett-sukienka-bawelniana-w-czerwone-kwiatki\/","og_site_name":"www.talja.pl","article_publisher":"https:\/\/www.facebook.com\/Talja-418285408906660\/","article_modified_time":"2026-03-17T11:16:47+00:00","og_image":[{"width":1024,"height":1518,"url":"https:\/\/talja.pl\/wp-content\/uploads\/2024\/10\/641A3895-e1730191972456.jpg","type":"image\/jpeg"}],"twitter_card":"summary_large_image","twitter_site":"@talja_pracownia","twitter_misc":{"Szacowany czas czytania":"3 minuty"},"schema":{"@context":"https:\/\/schema.org","@graph":[{"@type":"WebPage","@id":"https:\/\/talja.pl\/index.php\/produkt\/scarlett-sukienka-bawelniana-w-czerwone-kwiatki\/","url":"https:\/\/talja.pl\/index.php\/produkt\/scarlett-sukienka-bawelniana-w-czerwone-kwiatki\/","name":"SCARLETT - sukienka bawe\u0142niana w czerwone kwiatki - www.talja.pl","isPartOf":{"@id":"https:\/\/talja.pl\/#website"},"primaryImageOfPage":{"@id":"https:\/\/talja.pl\/index.php\/produkt\/scarlett-sukienka-bawelniana-w-czerwone-kwiatki\/#primaryimage"},"image":{"@id":"https:\/\/talja.pl\/index.php\/produkt\/scarlett-sukienka-bawelniana-w-czerwone-kwiatki\/#primaryimage"},"thumbnailUrl":"https:\/\/talja.pl\/wp-content\/uploads\/2024\/10\/641A3895-e1730191972456.jpg","datePublished":"2025-09-09T17:53:46+00:00","dateModified":"2026-03-17T11:16:47+00:00","description":"Niezwykle eteryczna sukienka z wiskozy produkcji w\u0142oskiej najwy\u017cszej jako\u015bci. Nasz bestseller! Szyta w kameralnej pracowni w Szczecinie.","breadcrumb":{"@id":"https:\/\/talja.pl\/index.php\/produkt\/scarlett-sukienka-bawelniana-w-czerwone-kwiatki\/#breadcrumb"},"inLanguage":"pl-PL","potentialAction":[{"@type":"ReadAction","target":["https:\/\/talja.pl\/index.php\/produkt\/scarlett-sukienka-bawelniana-w-czerwone-kwiatki\/"]}]},{"@type":"ImageObject","inLanguage":"pl-PL","@id":"https:\/\/talja.pl\/index.php\/produkt\/scarlett-sukienka-bawelniana-w-czerwone-kwiatki\/#primaryimage","url":"https:\/\/talja.pl\/wp-content\/uploads\/2024\/10\/641A3895-e1730191972456.jpg","contentUrl":"https:\/\/talja.pl\/wp-content\/uploads\/2024\/10\/641A3895-e1730191972456.jpg","width":1024,"height":1518},{"@type":"BreadcrumbList","@id":"https:\/\/talja.pl\/index.php\/produkt\/scarlett-sukienka-bawelniana-w-czerwone-kwiatki\/#breadcrumb","itemListElement":[{"@type":"ListItem","position":1,"name":"Strona g\u0142\u00f3wna","item":"https:\/\/talja.pl\/"},{"@type":"ListItem","position":2,"name":"talja.pl","item":"https:\/\/talja.pl\/index.php\/sklep\/"},{"@type":"ListItem","position":3,"name":"SCARLETT &#8211; sukienka bawe\u0142niana w czerwone kwiatki"}]},{"@type":"WebSite","@id":"https:\/\/talja.pl\/#website","url":"https:\/\/talja.pl\/","name":"www.talja.pl","description":"","publisher":{"@id":"https:\/\/talja.pl\/#organization"},"potentialAction":[{"@type":"SearchAction","target":{"@type":"EntryPoint","urlTemplate":"https:\/\/talja.pl\/?s={search_term_string}"},"query-input":{"@type":"PropertyValueSpecification","valueRequired":true,"valueName":"search_term_string"}}],"inLanguage":"pl-PL"},{"@type":"Organization","@id":"https:\/\/talja.pl\/#organization","name":"Talja","url":"https:\/\/talja.pl\/","logo":{"@type":"ImageObject","inLanguage":"pl-PL","@id":"https:\/\/talja.pl\/#\/schema\/logo\/image\/","url":"https:\/\/talja.pl\/wp-content\/uploads\/2019\/06\/baner-talja-2.jpg","contentUrl":"https:\/\/talja.pl\/wp-content\/uploads\/2019\/06\/baner-talja-2.jpg","width":1300,"height":300,"caption":"Talja"},"image":{"@id":"https:\/\/talja.pl\/#\/schema\/logo\/image\/"},"sameAs":["https:\/\/www.facebook.com\/Talja-418285408906660\/","https:\/\/x.com\/talja_pracownia","https:\/\/www.instagram.com\/talja_pracownia\/"]}]}},"_links":{"self":[{"href":"https:\/\/talja.pl\/index.php\/wp-json\/wp\/v2\/product\/11687","targetHints":{"allow":["GET"]}}],"collection":[{"href":"https:\/\/talja.pl\/index.php\/wp-json\/wp\/v2\/product"}],"about":[{"href":"https:\/\/talja.pl\/index.php\/wp-json\/wp\/v2\/types\/product"}],"replies":[{"embeddable":true,"href":"https:\/\/talja.pl\/index.php\/wp-json\/wp\/v2\/comments?post=11687"}],"version-history":[{"count":10,"href":"https:\/\/talja.pl\/index.php\/wp-json\/wp\/v2\/product\/11687\/revisions"}],"predecessor-version":[{"id":14165,"href":"https:\/\/talja.pl\/index.php\/wp-json\/wp\/v2\/product\/11687\/revisions\/14165"}],"wp:featuredmedia":[{"embeddable":true,"href":"https:\/\/talja.pl\/index.php\/wp-json\/wp\/v2\/media\/11777"}],"wp:attachment":[{"href":"https:\/\/talja.pl\/index.php\/wp-json\/wp\/v2\/media?parent=11687"}],"wp:term":[{"taxonomy":"product_brand","embeddable":true,"href":"https:\/\/talja.pl\/index.php\/wp-json\/wp\/v2\/product_brand?post=11687"},{"taxonomy":"product_cat","embeddable":true,"href":"https:\/\/talja.pl\/index.php\/wp-json\/wp\/v2\/product_cat?post=11687"},{"taxonomy":"product_tag","embeddable":true,"href":"https:\/\/talja.pl\/index.php\/wp-json\/wp\/v2\/product_tag?post=11687"}],"curies":[{"name":"wp","href":"https:\/\/api.w.org\/{rel}","templated":true}]}}