{"id":13158,"date":"2025-05-13T11:57:31","date_gmt":"2025-05-13T09:57:31","guid":{"rendered":"https:\/\/talja.pl\/?post_type=product&#038;p=13158"},"modified":"2026-03-17T12:16:51","modified_gmt":"2026-03-17T11:16:51","slug":"lniana-koszula-oversize-swoboda","status":"publish","type":"product","link":"https:\/\/talja.pl\/index.php\/produkt\/lniana-koszula-oversize-swoboda\/","title":{"rendered":"Lniana koszula SWOBODA"},"content":{"rendered":"<h4><strong>Lniana koszula oversize Swoboda\u00a0<\/strong><\/h4>\n<p>Marzysz o wygodnej i pi\u0119knej lnianej koszuli, kt\u00f3ra b\u0119dzie Tw\u00f3j\u0105 wiern\u0105 towarzyszk\u0105 zar\u00f3wno na codzie\u0144 jak i na urlopowych wyprawach? \u015awietnie trafi\u0142a\u015b! Nasza lniana koszula Swoboda o oversizowym, lekko przerysowanym w formie kroju zapewni Ci arcy wygodny look z lekk\u0105 nut\u0105 nonszalancji &#8211; tak po\u017c\u0105dany w wielu \u017cyciowych sytuacjach!<\/p>\n<p>Prezentuje si\u0119 wybornie zapi\u0119ta, za\u0142o\u017cona na obcis\u0142y topik, a tak\u017ce &#8211; dzi\u0119ki przed\u0142u\u017conej formie &#8211; sprawdzi si\u0119 fantastycznie w wakacyjnej formie narzucona na str\u00f3j k\u0105pielowy! Uszyjemy j\u0105 dla Ciebie w niemal\u017ce 30 jednolitych kolorach cudnie zmi\u0119kczanych ln\u00f3w i a\u017c 3 limitowanych lnach we wzory kwiatowe, wisienkowe i paskowe!<\/p>\n<p>Wersj\u0119 we wzory tej koszuli znajdziesz <a href=\"https:\/\/talja.pl\/index.php\/produkt\/lniana-koszula-swoboda\/\">tutaj.<\/a><\/p>\n<h4><strong>Za co j\u0105 pokochasz?<\/strong><\/h4>\n<ul>\n<li><strong>len 100%, produkcji polskiej,<\/strong> dodatkowo zmi\u0119kczany<\/li>\n<li>mo\u017cliwo\u015b\u0107 uszycia jej w niemal\u017ce 30 kolorach ln\u00f3w<\/li>\n<li>lu\u017any, oversizowy fason z obni\u017conymi r\u0119kawkami o poszerzonej formie korpusu<\/li>\n<li>nieco przed\u0142u\u017cona forma, kt\u00f3ra prezentuje si\u0119 wprost ob\u0142\u0119dnie w wersji rozpi\u0119tej<\/li>\n<li>z ty\u0142u karczek z kontrafa\u0142d\u0105<\/li>\n<li>naturalne guziczki z masy per\u0142owej<\/li>\n<li><strong>zadbali\u015bmy o najwy\u017csz\u0105 jako\u015b\u0107 wewn\u0105trz koszuli:<\/strong> ukryte szwy w karczku i tzw.\u00a0 szwy francuskie . Wn\u0119trze jest tak pi\u0119kne, \u017ce a\u017c chcia\u0142oby si\u0119 j\u0105 nosi\u0107 na lewej stronie : &#8211; )<\/li>\n<\/ul>\n<p>&nbsp;<\/p>\n<h4><strong>Sk\u0142ad i szycie<\/strong><\/h4>\n<p><strong>len 100%, cudownie zmi\u0119kczany ; produkcji polskiej.<\/strong> Do wyboru w niemal\u017ce 30 kolorach !<\/p>\n<p>Ta lniana koszula oversize powstanie dla Ciebie w kameralnej szczeci\u0144skiej pracowni .<\/p>\n<p><img decoding=\"async\" class=\"alignnone wp-image-5333 size-medium\" src=\"https:\/\/talja.pl\/wp-content\/uploads\/2022\/04\/Certyfikat-Oeko-Tex-standard-100-300x119.png\" alt=\"\" width=\"300\" height=\"119\" \/><\/p>\n<p>Wszystkie nasze lny s\u0105 produkcji polskiej oraz spe\u0142niaj\u0105 wymogi\u00a0 norm <strong>OEKO TEX \u2013 Standard 100<\/strong>, co oznacza, \u017ce zosta\u0142y przebadane i nie zawieraj\u0105 \u015brodk\u00f3w szkodliwych zar\u00f3wno dla cz\u0142owieka jak i \u015brodowiska. Dodatkowo s\u0105 cudownie zmi\u0119kczane, a ten fakt z pewno\u015bci\u0105 doceni Twoja sk\u00f3ra.<\/p>\n<h4><strong>Rozmiar &#8211; ONE SIZE\u00a0<\/strong><\/h4>\n<p>One Size, kt\u00f3ry dobrze wygl\u0105da zar\u00f3wno na drobniejszych jak i pe\u0142niejszych sylwetkach. Nie kr\u0119puje ruch\u00f3w, mi\u0142o op\u0142ywa sylwetk\u0119 a wspania\u0142a faktura lnu powoduje, \u017ce szlachetnie si\u0119 nosi.<\/p>\n<p>Wymiary modelki na zdj\u0119ciu : 173cm wzrostu, 83cm obw\u00f3d biustu, 70 cm obw\u00f3d talii<\/p>\n<p><strong>Wymiary koszuli ( mierzone na p\u0142asko):<\/strong><\/p>\n<p>szeroko\u015b\u0107 w biu\u015bcie: 71cm<\/p>\n<p>szeroko\u015b\u0107 w biodrach: 67cm<\/p>\n<p>d\u0142ugo\u015b\u0107 przodu: 73cm<\/p>\n<p>d\u0142ugo\u015b\u0107 ty\u0142u: 84cm<\/p>\n<p class=\"responsive-video-wrap clr\"><iframe title=\"Lniana koszula Swoboda  dost\u0119pna ju\u017c w naszej pracowni ! Zapraszamy ! www.talja.pl\" width=\"563\" height=\"1000\" src=\"https:\/\/www.youtube.com\/embed\/iHXzjjxEL28?feature=oembed\" frameborder=\"0\" allow=\"accelerometer; autoplay; clipboard-write; encrypted-media; gyroscope; picture-in-picture; web-share\" referrerpolicy=\"strict-origin-when-cross-origin\" allowfullscreen><\/iframe><\/p>\n<p><img fetchpriority=\"high\" decoding=\"async\" class=\"alignleft wp-image-13182 size-medium\" src=\"https:\/\/talja.pl\/wp-content\/uploads\/2025\/05\/koszula_oversize_lniana_taljaIMG_3634-169x300.webp\" alt=\"\" width=\"169\" height=\"300\" \/><\/p>\n<p>Natalia prezentuje koszule w kolorach lnu : baby blue, melon, pudrowy r\u00f3\u017c oraz wz\u00f3r kwiaty lnu.\u00a0 Je\u015bli chcesz dowiedzie\u0107 si\u0119 wi\u0119cej o kolorach z jakich szyjemy w pracowni &#8211; zerknij<a href=\"https:\/\/talja.pl\/index.php\/kolory-lnow\/\"> tutaj<\/a> .<\/p>\n<p>Je\u015bli masz problem z doborem rozmiaru, czy koloru lnu &#8211; napisz do nas na kontakt@talja.pl \u2013 ch\u0119tnie pomo\u017cemy!<\/p>\n<h4><strong>Piel\u0119gnacja\u00a0<\/strong><\/h4>\n<p>Ubrania z lnu traktuj delikatnie. Nie wybielaj, pierz w 30 stopniach, odwirowuj w pralce na ni\u017cszych obrotach i prasuj max w 150st. Aby dowiedzie\u0107 si\u0119 jak najlepiej dba\u0107 o lniane ubrania pobierz nasz darmowy poradnik <a href=\"https:\/\/www.subscribepage.com\/poradnik_pielegnacji_lnu_landing_page\">tutaj.\u00a0<\/a><\/p>\n<h4><strong>Personalizacja<\/strong><\/h4>\n<p>Je\u015bli marzysz o wprowadzeniu pewnych zmian do koszuli, wystarczy \u017ce wykupisz dodatkow\u0105 opcj\u0119<a href=\"http:\/\/talja.pl\/index.php\/produkt\/personalizacja\/\">\u00a0\u201d PERSONALIZACJA \u201e<\/a>. Dzi\u0119ki tej opcji Twoja koszula zyska niepowtarzalno\u015b\u0107 i indywidualny charakter. Mo\u017cesz bowiem zmieni\u0107 d\u0142ugo\u015b\u0107 koszuli, d\u0142ugo\u015b\u0107 r\u0119kawa, guziki ( kokosowe lub oblekane lnem ) itp.<\/p>\n","protected":false},"excerpt":{"rendered":"<p>Lniana koszula oversize &#8211; <em>SWOBODA<\/em><\/p>\n<p><strong>Sk\u0142ad : Len 100% , polskiej produkcji<\/strong><\/p>\n<p><strong>Koszula dost\u0119pna jest w r\u00f3\u017cnych wersjach kolorystycznych. \u00a0Do wyboru masz niemal\u017ce 30 ln\u00f3w jednolitych kolorystycznie oraz 3 lny we wzory ( koszul\u0119 we wzory zakupisz<a href=\"https:\/\/talja.pl\/index.php\/produkt\/lniana-koszula-swoboda\/\"> tutaj<\/a> ).<\/strong><\/p>\n<p><em>Wysy\u0142ka w : 5-14 dni roboczych . Pami\u0119taj : wszystkie lniane koszule szyte s\u0105 przez nas dopiero po z\u0142o\u017ceniu zam\u00f3wienia. Pozw\u00f3l nam na precyzyjn\u0105 realizacj\u0119 Twojego zam\u00f3wienia<\/em>.<\/p>\n","protected":false},"featured_media":13345,"comment_status":"open","ping_status":"closed","template":"","meta":[],"product_brand":[],"product_cat":[39,45],"product_tag":[84,25],"class_list":{"0":"post-13158","1":"product","2":"type-product","3":"status-publish","4":"has-post-thumbnail","6":"product_cat-koszule-i-swetry","7":"product_cat-produkty-na-zamowienie","8":"product_tag-koszula","9":"product_tag-len","10":"pa_kolor-koktajl-truskawkowy-150g-m2","11":"pa_kolor-malina","12":"pa_kolor-liliowy-170g-m2","13":"pa_kolor-pochmurne-niebo-170g-m2","14":"pa_kolor-sliwka-170g-m2","15":"pa_kolor-mleczna-czekolada-170g-m2","16":"pa_kolor-letnie-niebo-150g-m2","17":"pa_kolor-biel-170g-m2","18":"pa_kolor-paski-150g-m2-len-100","19":"pa_kolor-naturalny-150g-m2","20":"pa_kolor-fuksja","21":"pa_kolor-morelowy","22":"pa_kolor-chabrowy-150g-m2","23":"pa_kolor-karmel-170-g-m2","24":"pa_kolor-baby-blue-150g-m2","25":"pa_kolor-pudrowy-roz-150g-m2","26":"pa_kolor-arbuz-150g-m2","27":"pa_kolor-pudrowy-szary-170g-m2","28":"pa_kolor-cegla-150g-m2","29":"pa_kolor-ciemna-zielen-150g-m2","30":"pa_kolor-ciemny-niebieski-170g-m2","31":"pa_kolor-cynamon-150g-m2","32":"pa_kolor-czern-150g-m2","33":"pa_kolor-eukaliptus-150g-m2","34":"pa_kolor-khaki-150g-m2","35":"pa_kolor-melon-150g-m2","36":"pa_kolor-wrszos-150g-m2","37":"pa_kolor-stalowo-szary-170g-m2","38":"pa_kolor-wisnia-150g-m2","40":"entry","41":"has-media","43":"first","44":"instock","45":"taxable","46":"shipping-taxable","47":"purchasable","48":"product-type-variable","49":"wvs-archive-product-wrapper","50":"has-product-nav","51":"col","52":"span_1_of_4","53":"owp-content-center","54":"owp-thumbs-layout-horizontal","55":"owp-btn-big","56":"owp-tabs-layout-horizontal"},"yoast_head":"<!-- This site is optimized with the Yoast SEO plugin v27.0 - https:\/\/yoast.com\/product\/yoast-seo-wordpress\/ -->\n<title>Lniana koszula SWOBODA - www.talja.pl lniana koszula oversize<\/title>\n<meta name=\"description\" content=\"Wygodna lniana koszula oversize kt\u00f3ra b\u0119dzie Tw\u00f3j\u0105 wiern\u0105 towarzyszk\u0105 zar\u00f3wno na codzie\u0144 jak i na urlopowych wyprawach? Oto i ona!\" \/>\n<meta name=\"robots\" content=\"index, follow, max-snippet:-1, max-image-preview:large, max-video-preview:-1\" \/>\n<link rel=\"canonical\" href=\"https:\/\/talja.pl\/index.php\/produkt\/lniana-koszula-oversize-swoboda\/\" \/>\n<meta property=\"og:locale\" content=\"pl_PL\" \/>\n<meta property=\"og:type\" content=\"article\" \/>\n<meta property=\"og:title\" content=\"Lniana koszula SWOBODA - www.talja.pl lniana koszula oversize\" \/>\n<meta property=\"og:description\" content=\"Wygodna lniana koszula oversize kt\u00f3ra b\u0119dzie Tw\u00f3j\u0105 wiern\u0105 towarzyszk\u0105 zar\u00f3wno na codzie\u0144 jak i na urlopowych wyprawach? Oto i ona!\" \/>\n<meta property=\"og:url\" content=\"https:\/\/talja.pl\/index.php\/produkt\/lniana-koszula-oversize-swoboda\/\" \/>\n<meta property=\"og:site_name\" content=\"www.talja.pl\" \/>\n<meta property=\"article:publisher\" content=\"https:\/\/www.facebook.com\/Talja-418285408906660\/\" \/>\n<meta property=\"article:modified_time\" content=\"2026-03-17T11:16:51+00:00\" \/>\n<meta property=\"og:image\" content=\"https:\/\/talja.pl\/wp-content\/uploads\/2025\/05\/koszula_oversize_lniana_taljaIMG_3665-2-e1747551331450.jpg\" \/>\n\t<meta property=\"og:image:width\" content=\"1280\" \/>\n\t<meta property=\"og:image:height\" content=\"1900\" \/>\n\t<meta property=\"og:image:type\" content=\"image\/jpeg\" \/>\n<meta name=\"twitter:card\" content=\"summary_large_image\" \/>\n<meta name=\"twitter:site\" content=\"@talja_pracownia\" \/>\n<meta name=\"twitter:label1\" content=\"Szacowany czas czytania\" \/>\n\t<meta name=\"twitter:data1\" content=\"4 minuty\" \/>\n<script type=\"application\/ld+json\" class=\"yoast-schema-graph\">{\"@context\":\"https:\/\/schema.org\",\"@graph\":[{\"@type\":\"WebPage\",\"@id\":\"https:\/\/talja.pl\/index.php\/produkt\/lniana-koszula-oversize-swoboda\/\",\"url\":\"https:\/\/talja.pl\/index.php\/produkt\/lniana-koszula-oversize-swoboda\/\",\"name\":\"Lniana koszula SWOBODA - www.talja.pl lniana koszula oversize\",\"isPartOf\":{\"@id\":\"https:\/\/talja.pl\/#website\"},\"primaryImageOfPage\":{\"@id\":\"https:\/\/talja.pl\/index.php\/produkt\/lniana-koszula-oversize-swoboda\/#primaryimage\"},\"image\":{\"@id\":\"https:\/\/talja.pl\/index.php\/produkt\/lniana-koszula-oversize-swoboda\/#primaryimage\"},\"thumbnailUrl\":\"https:\/\/talja.pl\/wp-content\/uploads\/2025\/05\/koszula_oversize_lniana_taljaIMG_3665-2-e1747551331450.jpg\",\"datePublished\":\"2025-05-13T09:57:31+00:00\",\"dateModified\":\"2026-03-17T11:16:51+00:00\",\"description\":\"Wygodna lniana koszula oversize kt\u00f3ra b\u0119dzie Tw\u00f3j\u0105 wiern\u0105 towarzyszk\u0105 zar\u00f3wno na codzie\u0144 jak i na urlopowych wyprawach? Oto i ona!\",\"breadcrumb\":{\"@id\":\"https:\/\/talja.pl\/index.php\/produkt\/lniana-koszula-oversize-swoboda\/#breadcrumb\"},\"inLanguage\":\"pl-PL\",\"potentialAction\":[{\"@type\":\"ReadAction\",\"target\":[\"https:\/\/talja.pl\/index.php\/produkt\/lniana-koszula-oversize-swoboda\/\"]}]},{\"@type\":\"ImageObject\",\"inLanguage\":\"pl-PL\",\"@id\":\"https:\/\/talja.pl\/index.php\/produkt\/lniana-koszula-oversize-swoboda\/#primaryimage\",\"url\":\"https:\/\/talja.pl\/wp-content\/uploads\/2025\/05\/koszula_oversize_lniana_taljaIMG_3665-2-e1747551331450.jpg\",\"contentUrl\":\"https:\/\/talja.pl\/wp-content\/uploads\/2025\/05\/koszula_oversize_lniana_taljaIMG_3665-2-e1747551331450.jpg\",\"width\":1280,\"height\":1900},{\"@type\":\"BreadcrumbList\",\"@id\":\"https:\/\/talja.pl\/index.php\/produkt\/lniana-koszula-oversize-swoboda\/#breadcrumb\",\"itemListElement\":[{\"@type\":\"ListItem\",\"position\":1,\"name\":\"Strona g\u0142\u00f3wna\",\"item\":\"https:\/\/talja.pl\/\"},{\"@type\":\"ListItem\",\"position\":2,\"name\":\"talja.pl\",\"item\":\"https:\/\/talja.pl\/index.php\/sklep\/\"},{\"@type\":\"ListItem\",\"position\":3,\"name\":\"Lniana koszula SWOBODA\"}]},{\"@type\":\"WebSite\",\"@id\":\"https:\/\/talja.pl\/#website\",\"url\":\"https:\/\/talja.pl\/\",\"name\":\"www.talja.pl\",\"description\":\"\",\"publisher\":{\"@id\":\"https:\/\/talja.pl\/#organization\"},\"potentialAction\":[{\"@type\":\"SearchAction\",\"target\":{\"@type\":\"EntryPoint\",\"urlTemplate\":\"https:\/\/talja.pl\/?s={search_term_string}\"},\"query-input\":{\"@type\":\"PropertyValueSpecification\",\"valueRequired\":true,\"valueName\":\"search_term_string\"}}],\"inLanguage\":\"pl-PL\"},{\"@type\":\"Organization\",\"@id\":\"https:\/\/talja.pl\/#organization\",\"name\":\"Talja\",\"url\":\"https:\/\/talja.pl\/\",\"logo\":{\"@type\":\"ImageObject\",\"inLanguage\":\"pl-PL\",\"@id\":\"https:\/\/talja.pl\/#\/schema\/logo\/image\/\",\"url\":\"https:\/\/talja.pl\/wp-content\/uploads\/2019\/06\/baner-talja-2.jpg\",\"contentUrl\":\"https:\/\/talja.pl\/wp-content\/uploads\/2019\/06\/baner-talja-2.jpg\",\"width\":1300,\"height\":300,\"caption\":\"Talja\"},\"image\":{\"@id\":\"https:\/\/talja.pl\/#\/schema\/logo\/image\/\"},\"sameAs\":[\"https:\/\/www.facebook.com\/Talja-418285408906660\/\",\"https:\/\/x.com\/talja_pracownia\",\"https:\/\/www.instagram.com\/talja_pracownia\/\"]}]}<\/script>\n<!-- \/ Yoast SEO plugin. -->","yoast_head_json":{"title":"Lniana koszula SWOBODA - www.talja.pl lniana koszula oversize","description":"Wygodna lniana koszula oversize kt\u00f3ra b\u0119dzie Tw\u00f3j\u0105 wiern\u0105 towarzyszk\u0105 zar\u00f3wno na codzie\u0144 jak i na urlopowych wyprawach? Oto i ona!","robots":{"index":"index","follow":"follow","max-snippet":"max-snippet:-1","max-image-preview":"max-image-preview:large","max-video-preview":"max-video-preview:-1"},"canonical":"https:\/\/talja.pl\/index.php\/produkt\/lniana-koszula-oversize-swoboda\/","og_locale":"pl_PL","og_type":"article","og_title":"Lniana koszula SWOBODA - www.talja.pl lniana koszula oversize","og_description":"Wygodna lniana koszula oversize kt\u00f3ra b\u0119dzie Tw\u00f3j\u0105 wiern\u0105 towarzyszk\u0105 zar\u00f3wno na codzie\u0144 jak i na urlopowych wyprawach? Oto i ona!","og_url":"https:\/\/talja.pl\/index.php\/produkt\/lniana-koszula-oversize-swoboda\/","og_site_name":"www.talja.pl","article_publisher":"https:\/\/www.facebook.com\/Talja-418285408906660\/","article_modified_time":"2026-03-17T11:16:51+00:00","og_image":[{"width":1280,"height":1900,"url":"https:\/\/talja.pl\/wp-content\/uploads\/2025\/05\/koszula_oversize_lniana_taljaIMG_3665-2-e1747551331450.jpg","type":"image\/jpeg"}],"twitter_card":"summary_large_image","twitter_site":"@talja_pracownia","twitter_misc":{"Szacowany czas czytania":"4 minuty"},"schema":{"@context":"https:\/\/schema.org","@graph":[{"@type":"WebPage","@id":"https:\/\/talja.pl\/index.php\/produkt\/lniana-koszula-oversize-swoboda\/","url":"https:\/\/talja.pl\/index.php\/produkt\/lniana-koszula-oversize-swoboda\/","name":"Lniana koszula SWOBODA - www.talja.pl lniana koszula oversize","isPartOf":{"@id":"https:\/\/talja.pl\/#website"},"primaryImageOfPage":{"@id":"https:\/\/talja.pl\/index.php\/produkt\/lniana-koszula-oversize-swoboda\/#primaryimage"},"image":{"@id":"https:\/\/talja.pl\/index.php\/produkt\/lniana-koszula-oversize-swoboda\/#primaryimage"},"thumbnailUrl":"https:\/\/talja.pl\/wp-content\/uploads\/2025\/05\/koszula_oversize_lniana_taljaIMG_3665-2-e1747551331450.jpg","datePublished":"2025-05-13T09:57:31+00:00","dateModified":"2026-03-17T11:16:51+00:00","description":"Wygodna lniana koszula oversize kt\u00f3ra b\u0119dzie Tw\u00f3j\u0105 wiern\u0105 towarzyszk\u0105 zar\u00f3wno na codzie\u0144 jak i na urlopowych wyprawach? Oto i ona!","breadcrumb":{"@id":"https:\/\/talja.pl\/index.php\/produkt\/lniana-koszula-oversize-swoboda\/#breadcrumb"},"inLanguage":"pl-PL","potentialAction":[{"@type":"ReadAction","target":["https:\/\/talja.pl\/index.php\/produkt\/lniana-koszula-oversize-swoboda\/"]}]},{"@type":"ImageObject","inLanguage":"pl-PL","@id":"https:\/\/talja.pl\/index.php\/produkt\/lniana-koszula-oversize-swoboda\/#primaryimage","url":"https:\/\/talja.pl\/wp-content\/uploads\/2025\/05\/koszula_oversize_lniana_taljaIMG_3665-2-e1747551331450.jpg","contentUrl":"https:\/\/talja.pl\/wp-content\/uploads\/2025\/05\/koszula_oversize_lniana_taljaIMG_3665-2-e1747551331450.jpg","width":1280,"height":1900},{"@type":"BreadcrumbList","@id":"https:\/\/talja.pl\/index.php\/produkt\/lniana-koszula-oversize-swoboda\/#breadcrumb","itemListElement":[{"@type":"ListItem","position":1,"name":"Strona g\u0142\u00f3wna","item":"https:\/\/talja.pl\/"},{"@type":"ListItem","position":2,"name":"talja.pl","item":"https:\/\/talja.pl\/index.php\/sklep\/"},{"@type":"ListItem","position":3,"name":"Lniana koszula SWOBODA"}]},{"@type":"WebSite","@id":"https:\/\/talja.pl\/#website","url":"https:\/\/talja.pl\/","name":"www.talja.pl","description":"","publisher":{"@id":"https:\/\/talja.pl\/#organization"},"potentialAction":[{"@type":"SearchAction","target":{"@type":"EntryPoint","urlTemplate":"https:\/\/talja.pl\/?s={search_term_string}"},"query-input":{"@type":"PropertyValueSpecification","valueRequired":true,"valueName":"search_term_string"}}],"inLanguage":"pl-PL"},{"@type":"Organization","@id":"https:\/\/talja.pl\/#organization","name":"Talja","url":"https:\/\/talja.pl\/","logo":{"@type":"ImageObject","inLanguage":"pl-PL","@id":"https:\/\/talja.pl\/#\/schema\/logo\/image\/","url":"https:\/\/talja.pl\/wp-content\/uploads\/2019\/06\/baner-talja-2.jpg","contentUrl":"https:\/\/talja.pl\/wp-content\/uploads\/2019\/06\/baner-talja-2.jpg","width":1300,"height":300,"caption":"Talja"},"image":{"@id":"https:\/\/talja.pl\/#\/schema\/logo\/image\/"},"sameAs":["https:\/\/www.facebook.com\/Talja-418285408906660\/","https:\/\/x.com\/talja_pracownia","https:\/\/www.instagram.com\/talja_pracownia\/"]}]}},"_links":{"self":[{"href":"https:\/\/talja.pl\/index.php\/wp-json\/wp\/v2\/product\/13158","targetHints":{"allow":["GET"]}}],"collection":[{"href":"https:\/\/talja.pl\/index.php\/wp-json\/wp\/v2\/product"}],"about":[{"href":"https:\/\/talja.pl\/index.php\/wp-json\/wp\/v2\/types\/product"}],"replies":[{"embeddable":true,"href":"https:\/\/talja.pl\/index.php\/wp-json\/wp\/v2\/comments?post=13158"}],"version-history":[{"count":16,"href":"https:\/\/talja.pl\/index.php\/wp-json\/wp\/v2\/product\/13158\/revisions"}],"predecessor-version":[{"id":15057,"href":"https:\/\/talja.pl\/index.php\/wp-json\/wp\/v2\/product\/13158\/revisions\/15057"}],"wp:featuredmedia":[{"embeddable":true,"href":"https:\/\/talja.pl\/index.php\/wp-json\/wp\/v2\/media\/13345"}],"wp:attachment":[{"href":"https:\/\/talja.pl\/index.php\/wp-json\/wp\/v2\/media?parent=13158"}],"wp:term":[{"taxonomy":"product_brand","embeddable":true,"href":"https:\/\/talja.pl\/index.php\/wp-json\/wp\/v2\/product_brand?post=13158"},{"taxonomy":"product_cat","embeddable":true,"href":"https:\/\/talja.pl\/index.php\/wp-json\/wp\/v2\/product_cat?post=13158"},{"taxonomy":"product_tag","embeddable":true,"href":"https:\/\/talja.pl\/index.php\/wp-json\/wp\/v2\/product_tag?post=13158"}],"curies":[{"name":"wp","href":"https:\/\/api.w.org\/{rel}","templated":true}]}}