{"id":14418,"date":"2026-02-03T15:00:22","date_gmt":"2026-02-03T14:00:22","guid":{"rendered":"https:\/\/talja.pl\/?post_type=product&#038;p=14418"},"modified":"2026-03-17T12:16:41","modified_gmt":"2026-03-17T11:16:41","slug":"felicja-sukienka-z-wiskozy","status":"publish","type":"product","link":"https:\/\/talja.pl\/index.php\/produkt\/felicja-sukienka-z-wiskozy\/","title":{"rendered":"FELICJA &#8211; sukienka z wiskozy"},"content":{"rendered":"<p>Sukienka Felicja to istna gratka dla mi\u0142o\u015bniczek retro fason\u00f3w w nowoczesnym wydaniu. To kolejna, nowa ods\u0142ona dobrze ju\u017c znanej z poprzednich sezon\u00f3w sukienki. \u00a0Uszyta z przemi\u0142ej w dotyku, najwy\u017cszej jako\u015bci wiskozy o pi\u0119knym, sko\u015bnym splocie ( tzw. twill) , dzi\u0119ki czemu jest bardziej mi\u0119sista i przyjemna dla cia\u0142a, a przy tym mniej si\u0119 gniecie ni\u017c popularna wiskoza o splocie p\u0142\u00f3ciennym.<\/p>\n<h4><strong>Za co j\u0105 pokochasz?\u00a0<\/strong><\/h4>\n<ul>\n<li><strong>wygodny kr\u00f3j z wi\u0119kszymi luzami w talli i \u00a0troczkami<\/strong> w jej tylnej cz\u0119\u015bci, dzi\u0119ki czemu zawi\u0105\u017cesz je sobie w romantyczn\u0105 kokardk\u0119 i idealnie dopasujesz do swojej sylwetki<\/li>\n<li>przykuwaj\u0105cy uwag\u0119 dekolt : <strong>uroczy ko\u0142nierzyk obszyty bawe\u0142nian\u0105 koronk\u0105,<\/strong> a przy tym konstrukcja w szpic jest szalenie kobieca<\/li>\n<li><strong>\u00a0wiskoza premium w\u0142oskiej produkcji <\/strong><strong>o subtelnym po\u0142ysku <\/strong>(przypominaj\u0105cym jedwab!) <strong>z widocznymi sko\u015bnymi pr\u0105\u017ckami <\/strong>(tzw. splot sko\u015bny)<strong>\u00a0<\/strong><\/li>\n<li>3 kolory tkaniny do wyboru <strong>( wy\u017csza gramatura 230 g\/m2)<\/strong><\/li>\n<li>prz\u00f3d zapinany na r\u0119cznie oblekane tkanin\u0105 guziczki ( guziki- jak we wszystkich naszych sukienkach s\u0105 w pe\u0142ni odpinane )<\/li>\n<li><strong>efektowne marszczenia, kt\u00f3re dodaj\u0105 sukience lekko\u015bci i dziewcz\u0119co\u015bci<\/strong><\/li>\n<li>d\u0142ugie r\u0119kawki, wyko\u0144czone subtelnym mankietem zapinanym na r\u0119cznie oblekany tkanin\u0105 guziczek<\/li>\n<li>d\u0142ugo\u015b\u0107 MIDI ( czyli 73 cm od talii)<\/li>\n<li>uszycie z dba\u0142o\u015bci\u0105 w niewielkiej manufakturze w Szczecinie.<\/li>\n<\/ul>\n<p><img decoding=\"async\" class=\"aligncenter wp-image-5333 size-medium\" src=\"https:\/\/talja.pl\/wp-content\/uploads\/2022\/04\/Certyfikat-Oeko-Tex-standard-100-e1698257301591-300x119.png\" alt=\"\" width=\"300\" height=\"119\" \/><\/p>\n<p class=\"responsive-video-wrap clr\"><iframe title=\"Felicja\" width=\"563\" height=\"1000\" src=\"https:\/\/www.youtube.com\/embed\/tWXEvdy7AJM?feature=oembed\" frameborder=\"0\" allow=\"accelerometer; autoplay; clipboard-write; encrypted-media; gyroscope; picture-in-picture; web-share\" referrerpolicy=\"strict-origin-when-cross-origin\" allowfullscreen><\/iframe><\/p>\n<table border=\"0\" width=\"682\" cellspacing=\"0\" cellpadding=\"0\">\n<colgroup>\n<col width=\"87\" \/>\n<col width=\"252\" \/>\n<col width=\"115\" \/>\n<col width=\"141\" \/>\n<col width=\"87\" \/><\/colgroup>\n<tbody>\n<tr>\n<td class=\"xl69\" width=\"87\" height=\"80\">rozmiar<\/td>\n<td class=\"xl71\" width=\"252\">szeroko\u015b\u0107 sukienki mierzona na p\u0142asko w biu\u015bcie<\/td>\n<td class=\"xl72\" width=\"115\">szeroko\u015b\u0107 sukienki mierzona na p\u0142asko w talii<\/td>\n<td class=\"xl72\" width=\"141\">szeroko\u015b\u0107 sukienki mierzona z zawi\u0105szanymi troczkami<\/td>\n<td class=\"xl71\" width=\"87\">d\u0142ugo\u015b\u0107 ca\u0142kowita sukienki<\/td>\n<\/tr>\n<tr>\n<td class=\"xl70\" height=\"19\">s<\/td>\n<td class=\"xl73\">45 cm<\/td>\n<td class=\"xl73\">40 cm<\/td>\n<td class=\"xl73\">34 cm<\/td>\n<td class=\"xl74\">112,0 cm<\/td>\n<\/tr>\n<tr>\n<td class=\"xl70\" height=\"19\">m<\/td>\n<td class=\"xl73\">47 cm<\/td>\n<td class=\"xl73\">42 cm<\/td>\n<td class=\"xl73\">36 cm<\/td>\n<td class=\"xl74\">112,5 cm<\/td>\n<\/tr>\n<tr>\n<td class=\"xl70\" height=\"19\">l<\/td>\n<td class=\"xl73\">49 cm<\/td>\n<td class=\"xl73\">44 cm<\/td>\n<td class=\"xl73\">38 cm<\/td>\n<td class=\"xl74\">113,0 cm<\/td>\n<\/tr>\n<tr>\n<td class=\"xl70\" height=\"19\">xl<\/td>\n<td class=\"xl73\">51 cm<\/td>\n<td class=\"xl73\">46 cm<\/td>\n<td class=\"xl73\">40 cm<\/td>\n<td class=\"xl74\">113,5 cm<\/td>\n<\/tr>\n<tr>\n<td class=\"xl75\" colspan=\"5\" rowspan=\"2\" width=\"682\" height=\"38\">Przy wyborze sukienki kieruj si\u0119 wymiarami biustu.Wskazane by by\u0142o tutaj 3-4cm luzu.\u00a0 Sukienka ma w talii troczki, kt\u00f3rymi dostosujesz j\u0105 do wymiar\u00f3w swojej talii.<\/p>\n<p>Wymiary +\/- 2cm<\/td>\n<\/tr>\n<\/tbody>\n<\/table>\n<p>Natalia ma wzrost 173cm, obw\u00f3d biustu 83cm, obw\u00f3d talii 69cm i prezentuje rozmiar S .<\/p>\n<p><strong>Sk\u0142ad<\/strong> : tkanina wiskozowa 100% w\u0142oskiej produkcji a o sko\u015bnym splocie<\/p>\n<p><em>Masz pytania , w\u0105tpliwo\u015bci? Nie wiesz, kt\u00f3ry rozmiar wybra\u0107, lub chcia\u0142aby\u015b spersonalizowa\u0107 sukienk\u0119? Napisz do nas na kontakt@talja.pl \u2013 z ch\u0119ci\u0105 pomo\u017cemy!<\/em><\/p>\n","protected":false},"excerpt":{"rendered":"<div class=\"woocommerce-product-details__short-description\">\n<p>Subtelna sukienka z lekk\u0105 nut\u0105 vintage uszyta z najwy\u017cszej \u00a0jako\u015bci, mi\u0119sistej tkaniny wiskozowej premium o sko\u015bnym splocie.<\/p>\n<p><strong>Sk\u0142ad : wiskoza 100%<\/strong> ( wy\u017cszej gramatury 230g\/m2 )<\/p>\n<p>Szyta w kameralnej pracowni w Szczecinie. Zamawiaj\u0105c w Talji wspierasz polskie rzemios\u0142o.<\/p>\n<p data-path-to-node=\"4,0\"><b data-path-to-node=\"4,0\" data-index-in-node=\"0\">Czas realizacji zam\u00f3wienia:<\/b><\/p>\n<ul data-path-to-node=\"4,1\">\n<li>\n<p data-path-to-node=\"4,1,0,0\"><img decoding=\"async\" class=\"emoji\" role=\"img\" draggable=\"false\" src=\"https:\/\/s.w.org\/images\/core\/emoji\/16.0.1\/svg\/1f4e6.svg\" alt=\"\ud83d\udce6\" \/> <b data-path-to-node=\"4,1,0,0\" data-index-in-node=\"3\">Dost\u0119pne od r\u0119ki:<\/b> Je\u015bli po wybraniu rozmiaru i koloru widzisz status<span style=\"color: #99cc00;\"> \u201ena stanie\u201d<\/span> lub <span style=\"color: #99cc00;\">\u201epozosta\u0142o X sztuk\u201d<\/span> \u2013 wysy\u0142ka w <b data-path-to-node=\"4,1,0,0\" data-index-in-node=\"90\">2 dni robocze<\/b>.<\/p>\n<\/li>\n<li>\n<p data-path-to-node=\"4,1,1,0\"><img decoding=\"async\" class=\"emoji\" role=\"img\" draggable=\"false\" src=\"https:\/\/s.w.org\/images\/core\/emoji\/16.0.1\/svg\/1f9f5.svg\" alt=\"\ud83e\uddf5\" \/> <b data-path-to-node=\"4,1,1,0\" data-index-in-node=\"3\">Szyte na zam\u00f3wienie:<\/b> Brak powy\u017cszego komunikatu oznacza, \u017ce produkt powstanie specjalnie dla Ciebie \u2013 czas oczekiwania to <b data-path-to-node=\"4,1,1,0\" data-index-in-node=\"125\">5\u201314 dni roboczych<\/b>.<\/p>\n<\/li>\n<\/ul>\n<\/div>\n","protected":false},"featured_media":14494,"comment_status":"open","ping_status":"closed","template":"","meta":[],"product_brand":[],"product_cat":[38,45,140,130],"product_tag":[26,119],"class_list":{"0":"post-14418","1":"product","2":"type-product","3":"status-publish","4":"has-post-thumbnail","6":"product_cat-nowosci","7":"product_cat-produkty-na-zamowienie","8":"product_cat-sukienki-dlugi-rekaw","9":"product_cat-sukienki-z-wiskozy-i-bawelny","10":"product_tag-sukienka","11":"product_tag-wiskoza","12":"pa_kolor-granat","13":"pa_kolor-roz-antyczny","15":"entry","16":"has-media","18":"first","19":"instock","20":"taxable","21":"shipping-taxable","22":"purchasable","23":"product-type-variable","24":"wvs-archive-product-wrapper","25":"has-product-nav","26":"col","27":"span_1_of_4","28":"owp-content-center","29":"owp-thumbs-layout-horizontal","30":"owp-btn-big","31":"owp-tabs-layout-horizontal"},"yoast_head":"<!-- This site is optimized with the Yoast SEO plugin v27.0 - https:\/\/yoast.com\/product\/yoast-seo-wordpress\/ -->\n<title>FELICJA - sukienka z wiskozy - www.talja.pl<\/title>\n<meta name=\"description\" content=\"Subtelna sukienka z lekk\u0105 nut\u0105 vintage uszyta z najwy\u017cszej \u00a0jako\u015bci, mi\u0119sistej tkaniny wiskozowej premium o sko\u015bnym splocie.\" \/>\n<meta name=\"robots\" content=\"index, follow, max-snippet:-1, max-image-preview:large, max-video-preview:-1\" \/>\n<link rel=\"canonical\" href=\"https:\/\/talja.pl\/index.php\/produkt\/felicja-sukienka-z-wiskozy\/\" \/>\n<meta property=\"og:locale\" content=\"pl_PL\" \/>\n<meta property=\"og:type\" content=\"article\" \/>\n<meta property=\"og:title\" content=\"FELICJA - sukienka z wiskozy - www.talja.pl\" \/>\n<meta property=\"og:description\" content=\"Subtelna sukienka z lekk\u0105 nut\u0105 vintage uszyta z najwy\u017cszej \u00a0jako\u015bci, mi\u0119sistej tkaniny wiskozowej premium o sko\u015bnym splocie.\" \/>\n<meta property=\"og:url\" content=\"https:\/\/talja.pl\/index.php\/produkt\/felicja-sukienka-z-wiskozy\/\" \/>\n<meta property=\"og:site_name\" content=\"www.talja.pl\" \/>\n<meta property=\"article:publisher\" content=\"https:\/\/www.facebook.com\/Talja-418285408906660\/\" \/>\n<meta property=\"article:modified_time\" content=\"2026-03-17T11:16:41+00:00\" \/>\n<meta property=\"og:image\" content=\"https:\/\/talja.pl\/wp-content\/uploads\/2025\/10\/641A9163-e1761297077850.jpg\" \/>\n\t<meta property=\"og:image:width\" content=\"883\" \/>\n\t<meta property=\"og:image:height\" content=\"1310\" \/>\n\t<meta property=\"og:image:type\" content=\"image\/jpeg\" \/>\n<meta name=\"twitter:card\" content=\"summary_large_image\" \/>\n<meta name=\"twitter:site\" content=\"@talja_pracownia\" \/>\n<meta name=\"twitter:label1\" content=\"Szacowany czas czytania\" \/>\n\t<meta name=\"twitter:data1\" content=\"3 minuty\" \/>\n<script type=\"application\/ld+json\" class=\"yoast-schema-graph\">{\"@context\":\"https:\/\/schema.org\",\"@graph\":[{\"@type\":\"WebPage\",\"@id\":\"https:\/\/talja.pl\/index.php\/produkt\/felicja-sukienka-z-wiskozy\/\",\"url\":\"https:\/\/talja.pl\/index.php\/produkt\/felicja-sukienka-z-wiskozy\/\",\"name\":\"FELICJA - sukienka z wiskozy - www.talja.pl\",\"isPartOf\":{\"@id\":\"https:\/\/talja.pl\/#website\"},\"primaryImageOfPage\":{\"@id\":\"https:\/\/talja.pl\/index.php\/produkt\/felicja-sukienka-z-wiskozy\/#primaryimage\"},\"image\":{\"@id\":\"https:\/\/talja.pl\/index.php\/produkt\/felicja-sukienka-z-wiskozy\/#primaryimage\"},\"thumbnailUrl\":\"https:\/\/talja.pl\/wp-content\/uploads\/2025\/10\/641A9163-e1761297077850.jpg\",\"datePublished\":\"2026-02-03T14:00:22+00:00\",\"dateModified\":\"2026-03-17T11:16:41+00:00\",\"description\":\"Subtelna sukienka z lekk\u0105 nut\u0105 vintage uszyta z najwy\u017cszej \u00a0jako\u015bci, mi\u0119sistej tkaniny wiskozowej premium o sko\u015bnym splocie.\",\"breadcrumb\":{\"@id\":\"https:\/\/talja.pl\/index.php\/produkt\/felicja-sukienka-z-wiskozy\/#breadcrumb\"},\"inLanguage\":\"pl-PL\",\"potentialAction\":[{\"@type\":\"ReadAction\",\"target\":[\"https:\/\/talja.pl\/index.php\/produkt\/felicja-sukienka-z-wiskozy\/\"]}]},{\"@type\":\"ImageObject\",\"inLanguage\":\"pl-PL\",\"@id\":\"https:\/\/talja.pl\/index.php\/produkt\/felicja-sukienka-z-wiskozy\/#primaryimage\",\"url\":\"https:\/\/talja.pl\/wp-content\/uploads\/2025\/10\/641A9163-e1761297077850.jpg\",\"contentUrl\":\"https:\/\/talja.pl\/wp-content\/uploads\/2025\/10\/641A9163-e1761297077850.jpg\",\"width\":883,\"height\":1310,\"caption\":\"Felicja sukienka z wiskozy polska pracownia lnianych sukienek\"},{\"@type\":\"BreadcrumbList\",\"@id\":\"https:\/\/talja.pl\/index.php\/produkt\/felicja-sukienka-z-wiskozy\/#breadcrumb\",\"itemListElement\":[{\"@type\":\"ListItem\",\"position\":1,\"name\":\"Strona g\u0142\u00f3wna\",\"item\":\"https:\/\/talja.pl\/\"},{\"@type\":\"ListItem\",\"position\":2,\"name\":\"talja.pl\",\"item\":\"https:\/\/talja.pl\/index.php\/sklep\/\"},{\"@type\":\"ListItem\",\"position\":3,\"name\":\"FELICJA &#8211; sukienka z wiskozy\"}]},{\"@type\":\"WebSite\",\"@id\":\"https:\/\/talja.pl\/#website\",\"url\":\"https:\/\/talja.pl\/\",\"name\":\"www.talja.pl\",\"description\":\"\",\"publisher\":{\"@id\":\"https:\/\/talja.pl\/#organization\"},\"potentialAction\":[{\"@type\":\"SearchAction\",\"target\":{\"@type\":\"EntryPoint\",\"urlTemplate\":\"https:\/\/talja.pl\/?s={search_term_string}\"},\"query-input\":{\"@type\":\"PropertyValueSpecification\",\"valueRequired\":true,\"valueName\":\"search_term_string\"}}],\"inLanguage\":\"pl-PL\"},{\"@type\":\"Organization\",\"@id\":\"https:\/\/talja.pl\/#organization\",\"name\":\"Talja\",\"url\":\"https:\/\/talja.pl\/\",\"logo\":{\"@type\":\"ImageObject\",\"inLanguage\":\"pl-PL\",\"@id\":\"https:\/\/talja.pl\/#\/schema\/logo\/image\/\",\"url\":\"https:\/\/talja.pl\/wp-content\/uploads\/2019\/06\/baner-talja-2.jpg\",\"contentUrl\":\"https:\/\/talja.pl\/wp-content\/uploads\/2019\/06\/baner-talja-2.jpg\",\"width\":1300,\"height\":300,\"caption\":\"Talja\"},\"image\":{\"@id\":\"https:\/\/talja.pl\/#\/schema\/logo\/image\/\"},\"sameAs\":[\"https:\/\/www.facebook.com\/Talja-418285408906660\/\",\"https:\/\/x.com\/talja_pracownia\",\"https:\/\/www.instagram.com\/talja_pracownia\/\"]}]}<\/script>\n<!-- \/ Yoast SEO plugin. -->","yoast_head_json":{"title":"FELICJA - sukienka z wiskozy - www.talja.pl","description":"Subtelna sukienka z lekk\u0105 nut\u0105 vintage uszyta z najwy\u017cszej \u00a0jako\u015bci, mi\u0119sistej tkaniny wiskozowej premium o sko\u015bnym splocie.","robots":{"index":"index","follow":"follow","max-snippet":"max-snippet:-1","max-image-preview":"max-image-preview:large","max-video-preview":"max-video-preview:-1"},"canonical":"https:\/\/talja.pl\/index.php\/produkt\/felicja-sukienka-z-wiskozy\/","og_locale":"pl_PL","og_type":"article","og_title":"FELICJA - sukienka z wiskozy - www.talja.pl","og_description":"Subtelna sukienka z lekk\u0105 nut\u0105 vintage uszyta z najwy\u017cszej \u00a0jako\u015bci, mi\u0119sistej tkaniny wiskozowej premium o sko\u015bnym splocie.","og_url":"https:\/\/talja.pl\/index.php\/produkt\/felicja-sukienka-z-wiskozy\/","og_site_name":"www.talja.pl","article_publisher":"https:\/\/www.facebook.com\/Talja-418285408906660\/","article_modified_time":"2026-03-17T11:16:41+00:00","og_image":[{"width":883,"height":1310,"url":"https:\/\/talja.pl\/wp-content\/uploads\/2025\/10\/641A9163-e1761297077850.jpg","type":"image\/jpeg"}],"twitter_card":"summary_large_image","twitter_site":"@talja_pracownia","twitter_misc":{"Szacowany czas czytania":"3 minuty"},"schema":{"@context":"https:\/\/schema.org","@graph":[{"@type":"WebPage","@id":"https:\/\/talja.pl\/index.php\/produkt\/felicja-sukienka-z-wiskozy\/","url":"https:\/\/talja.pl\/index.php\/produkt\/felicja-sukienka-z-wiskozy\/","name":"FELICJA - sukienka z wiskozy - www.talja.pl","isPartOf":{"@id":"https:\/\/talja.pl\/#website"},"primaryImageOfPage":{"@id":"https:\/\/talja.pl\/index.php\/produkt\/felicja-sukienka-z-wiskozy\/#primaryimage"},"image":{"@id":"https:\/\/talja.pl\/index.php\/produkt\/felicja-sukienka-z-wiskozy\/#primaryimage"},"thumbnailUrl":"https:\/\/talja.pl\/wp-content\/uploads\/2025\/10\/641A9163-e1761297077850.jpg","datePublished":"2026-02-03T14:00:22+00:00","dateModified":"2026-03-17T11:16:41+00:00","description":"Subtelna sukienka z lekk\u0105 nut\u0105 vintage uszyta z najwy\u017cszej \u00a0jako\u015bci, mi\u0119sistej tkaniny wiskozowej premium o sko\u015bnym splocie.","breadcrumb":{"@id":"https:\/\/talja.pl\/index.php\/produkt\/felicja-sukienka-z-wiskozy\/#breadcrumb"},"inLanguage":"pl-PL","potentialAction":[{"@type":"ReadAction","target":["https:\/\/talja.pl\/index.php\/produkt\/felicja-sukienka-z-wiskozy\/"]}]},{"@type":"ImageObject","inLanguage":"pl-PL","@id":"https:\/\/talja.pl\/index.php\/produkt\/felicja-sukienka-z-wiskozy\/#primaryimage","url":"https:\/\/talja.pl\/wp-content\/uploads\/2025\/10\/641A9163-e1761297077850.jpg","contentUrl":"https:\/\/talja.pl\/wp-content\/uploads\/2025\/10\/641A9163-e1761297077850.jpg","width":883,"height":1310,"caption":"Felicja sukienka z wiskozy polska pracownia lnianych sukienek"},{"@type":"BreadcrumbList","@id":"https:\/\/talja.pl\/index.php\/produkt\/felicja-sukienka-z-wiskozy\/#breadcrumb","itemListElement":[{"@type":"ListItem","position":1,"name":"Strona g\u0142\u00f3wna","item":"https:\/\/talja.pl\/"},{"@type":"ListItem","position":2,"name":"talja.pl","item":"https:\/\/talja.pl\/index.php\/sklep\/"},{"@type":"ListItem","position":3,"name":"FELICJA &#8211; sukienka z wiskozy"}]},{"@type":"WebSite","@id":"https:\/\/talja.pl\/#website","url":"https:\/\/talja.pl\/","name":"www.talja.pl","description":"","publisher":{"@id":"https:\/\/talja.pl\/#organization"},"potentialAction":[{"@type":"SearchAction","target":{"@type":"EntryPoint","urlTemplate":"https:\/\/talja.pl\/?s={search_term_string}"},"query-input":{"@type":"PropertyValueSpecification","valueRequired":true,"valueName":"search_term_string"}}],"inLanguage":"pl-PL"},{"@type":"Organization","@id":"https:\/\/talja.pl\/#organization","name":"Talja","url":"https:\/\/talja.pl\/","logo":{"@type":"ImageObject","inLanguage":"pl-PL","@id":"https:\/\/talja.pl\/#\/schema\/logo\/image\/","url":"https:\/\/talja.pl\/wp-content\/uploads\/2019\/06\/baner-talja-2.jpg","contentUrl":"https:\/\/talja.pl\/wp-content\/uploads\/2019\/06\/baner-talja-2.jpg","width":1300,"height":300,"caption":"Talja"},"image":{"@id":"https:\/\/talja.pl\/#\/schema\/logo\/image\/"},"sameAs":["https:\/\/www.facebook.com\/Talja-418285408906660\/","https:\/\/x.com\/talja_pracownia","https:\/\/www.instagram.com\/talja_pracownia\/"]}]}},"_links":{"self":[{"href":"https:\/\/talja.pl\/index.php\/wp-json\/wp\/v2\/product\/14418","targetHints":{"allow":["GET"]}}],"collection":[{"href":"https:\/\/talja.pl\/index.php\/wp-json\/wp\/v2\/product"}],"about":[{"href":"https:\/\/talja.pl\/index.php\/wp-json\/wp\/v2\/types\/product"}],"replies":[{"embeddable":true,"href":"https:\/\/talja.pl\/index.php\/wp-json\/wp\/v2\/comments?post=14418"}],"version-history":[{"count":16,"href":"https:\/\/talja.pl\/index.php\/wp-json\/wp\/v2\/product\/14418\/revisions"}],"predecessor-version":[{"id":14561,"href":"https:\/\/talja.pl\/index.php\/wp-json\/wp\/v2\/product\/14418\/revisions\/14561"}],"wp:featuredmedia":[{"embeddable":true,"href":"https:\/\/talja.pl\/index.php\/wp-json\/wp\/v2\/media\/14494"}],"wp:attachment":[{"href":"https:\/\/talja.pl\/index.php\/wp-json\/wp\/v2\/media?parent=14418"}],"wp:term":[{"taxonomy":"product_brand","embeddable":true,"href":"https:\/\/talja.pl\/index.php\/wp-json\/wp\/v2\/product_brand?post=14418"},{"taxonomy":"product_cat","embeddable":true,"href":"https:\/\/talja.pl\/index.php\/wp-json\/wp\/v2\/product_cat?post=14418"},{"taxonomy":"product_tag","embeddable":true,"href":"https:\/\/talja.pl\/index.php\/wp-json\/wp\/v2\/product_tag?post=14418"}],"curies":[{"name":"wp","href":"https:\/\/api.w.org\/{rel}","templated":true}]}}