{"id":14433,"date":"2025-10-24T11:55:39","date_gmt":"2025-10-24T09:55:39","guid":{"rendered":"https:\/\/talja.pl\/?post_type=product&#038;p=14433"},"modified":"2026-04-09T13:11:50","modified_gmt":"2026-04-09T11:11:50","slug":"scarlett-sukienka-z-wiskozy","status":"publish","type":"product","link":"https:\/\/talja.pl\/index.php\/produkt\/scarlett-sukienka-z-wiskozy\/","title":{"rendered":"SCARLETT &#8211; sukienka z wiskozy"},"content":{"rendered":"<p><strong>Sukienka\u00a0 SCARLETT to nasz bestseller, kt\u00f3ry bardzo ch\u0119tnie zamawiacie w wersji lnianej oraz wiskozowej, dlatego zdecydowali\u015bmy si\u0119 na wprowadzenie kolejnej wersji tej sukienki w nowej ods\u0142onie .<\/strong><\/p>\n<p><strong>Scarlett to must have mi\u0142o\u015bniczek sukienek bogatych w formie, inspirowanych latami 40-tymi.\u00a0 <\/strong>Niezwykle kobieca i romantyczna. Na ka\u017cd\u0105 wi\u0119ksz\u0105, i mniejsz\u0105 okazj\u0119, jak r\u00f3wnie\u017c na co dzie\u0144, kiedy tylko pragniesz podkre\u015bli\u0107 nieco bardziej swoj\u0105 kobieco\u015b\u0107. Uszyta z przemi\u0142ej w dotyku, najwy\u017cszej jako\u015bci tkaninie wiskozowej w\u0142oskiej produkcji o pi\u0119knym, sko\u015bnym splocie ( tzw. twill) , dzi\u0119ki czemu jest bardziej mi\u0119sista i przyjemna dla cia\u0142a, a przy tym mniej si\u0119 gniecie ni\u017c popularna wiskoza o splocie p\u0142\u00f3ciennym. Scarlett dzi\u0119ki swojej przemy\u015blanej konstrukcji i precyzji detali b\u0119dzie Twoj\u0105 najwspanialsz\u0105 ozdob\u0105.<\/p>\n<h4><strong>Za co j\u0105 pokochasz?\u00a0<\/strong><\/h4>\n<ul>\n<li><strong>kr\u00f3j z wszytym geometrycznym pasem podkre\u015blaj\u0105cym ob\u0142\u0119dnie tali\u0119<\/strong>;\u00a0 nawet je\u015bli my\u015blisz, \u017ce jej nie masz \u2013 zaskoczenie ! \u2013 w tym fasonie j\u0105 odkryjesz!<\/li>\n<li><strong>wiskoza premium w\u0142oskiej produkcji <\/strong><strong>o subtelnym po\u0142ysku <\/strong>(przypominaj\u0105cym jedwab!) <strong>z widocznymi sko\u015bnymi pr\u0105\u017ckami <\/strong>(tzw. splot sko\u015bny)<strong>\u00a0<\/strong><\/li>\n<li>3 kolory tkaniny do wyboru <strong>( wy\u017csza gramatura 230 g\/m2)<\/strong><\/li>\n<li>szarfy, dzi\u0119ki kt\u00f3rym wyeksponujesz tali\u0119 jeszcze pi\u0119kniej<\/li>\n<li>bawe\u0142niana, urocza koronka niczym wisienka na torcie<\/li>\n<li>prz\u00f3d zapinany na r\u0119cznie oblekane tkanin\u0105 guziczki<\/li>\n<li>zamek kryty w szwie bocznym<\/li>\n<li><strong>efektowne, mnogie marszczenia, kt\u00f3re dodaj\u0105 sukience lekko\u015bci i dziewcz\u0119co\u015bci<\/strong><\/li>\n<li><strong>zwiewny d\u00f3\u0142, lekko rozkloszowany i marszczony w centralnej cz\u0119\u015bci talii<\/strong><\/li>\n<li>d\u0142ugie r\u0119kawki, wyko\u0144czone subtelnym mankietem zapinanym na r\u0119cznie oblekany tkanin\u0105 guziczek<\/li>\n<li>d\u0142ugo\u015b\u0107 MIDI ( czyli 73 cm od talii)<\/li>\n<li>uszycie z dba\u0142o\u015bci\u0105 w niewielkiej manufakturze w Szczecinie<\/li>\n<\/ul>\n<p class=\"responsive-video-wrap clr\"><iframe title=\"Scarlett 3 kolory\" width=\"563\" height=\"1000\" src=\"https:\/\/www.youtube.com\/embed\/dzl3xgBKWt8?feature=oembed\" frameborder=\"0\" allow=\"accelerometer; autoplay; clipboard-write; encrypted-media; gyroscope; picture-in-picture; web-share\" referrerpolicy=\"strict-origin-when-cross-origin\" allowfullscreen><\/iframe><\/p>\n<p><img decoding=\"async\" class=\"aligncenter wp-image-5333 size-medium\" src=\"https:\/\/talja.pl\/wp-content\/uploads\/2022\/04\/Certyfikat-Oeko-Tex-standard-100-e1698257301591-300x119.png\" alt=\"\" width=\"300\" height=\"119\" \/><\/p>\n<table width=\"502\">\n<tbody>\n<tr>\n<td colspan=\"6\" width=\"502\">Wymiary gotowego ubrania mierzonego na p\u0142asko:<\/td>\n<\/tr>\n<tr>\n<td width=\"157\">SCARLETT<\/td>\n<td>S<\/td>\n<td>M<\/td>\n<td>L<\/td>\n<td>XL<\/td>\n<td>XXL<\/td>\n<\/tr>\n<tr>\n<td width=\"157\">Szeroko\u015b\u0107 w biu\u015bcie\u00a0 (cm)<\/td>\n<td>44<\/td>\n<td>46<\/td>\n<td>48<\/td>\n<td>50<\/td>\n<td>52<\/td>\n<\/tr>\n<tr>\n<td>Szeroko\u015b\u0107 w talii (cm)<\/td>\n<td>35,5<\/td>\n<td>37,5<\/td>\n<td>39,5<\/td>\n<td>41,5<\/td>\n<td>43,5<\/td>\n<\/tr>\n<tr>\n<td>D\u0142ugo\u015b\u0107 sukienki ( cm)<\/td>\n<td>114<\/td>\n<td>114,5<\/td>\n<td>115<\/td>\n<td>115,5<\/td>\n<td>116<\/td>\n<\/tr>\n<\/tbody>\n<\/table>\n<p>Wymiary +\/-2cm<\/p>\n<p>Natalia ma wzrost 173cm, obw\u00f3d biustu 83cm i prezentuje rozmiar S.<\/p>\n<p><strong>Sk\u0142ad<\/strong> : tkanina wiskozowa 100%, w\u0142oskiej produkcji a o sko\u015bnym splocie<\/p>\n<p><em>Masz pytania , w\u0105tpliwo\u015bci? Nie wiesz, kt\u00f3ry rozmiar wybra\u0107, lub chcia\u0142aby\u015b spersonalizowa\u0107 sukienk\u0119? Napisz do nas na kotankt@talja.pl \u2013 z ch\u0119ci\u0105 pomo\u017cemy!<\/em><\/p>\n","protected":false},"excerpt":{"rendered":"<div class=\"woocommerce-product-details__short-description\">\n<p>Eteryczna sukienka Scarlett w nowej ods\u0142onie uszyta z najwy\u017cszej \u00a0jako\u015bci, mi\u0119sistej tkaniny wiskozowej premium o sko\u015bnym splocie. Do wyboru 3 kolory. Nasz bestseller. Pozosta\u0142e wersje sukienki Scarlett uszytych z lnu, wiskozy oraz bawe\u0142ny znajdziesz <strong><a href=\"https:\/\/talja.pl\/?s=scarlett\">tutaj<\/a>.<\/strong><\/p>\n<p><strong>Sk\u0142ad : wiskoza 100%<\/strong> ( wy\u017cszej gramatury 230g\/m2 )<\/p>\n<p>Szyta w kameralnej pracowni w Szczecinie. Zamawiaj\u0105c w Talji wspierasz polskie rzemios\u0142o.<\/p>\n<p data-path-to-node=\"4,0\"><b data-path-to-node=\"4,0\" data-index-in-node=\"0\">Czas realizacji zam\u00f3wienia:<\/b><\/p>\n<ul data-path-to-node=\"4,1\">\n<li>\n<p data-path-to-node=\"4,1,0,0\"><img decoding=\"async\" class=\"emoji\" role=\"img\" draggable=\"false\" src=\"https:\/\/s.w.org\/images\/core\/emoji\/16.0.1\/svg\/1f4e6.svg\" alt=\"\ud83d\udce6\" \/> <b data-path-to-node=\"4,1,0,0\" data-index-in-node=\"3\">Dost\u0119pne od r\u0119ki:<\/b> Je\u015bli po wybraniu rozmiaru i koloru widzisz status <span style=\"color: #99cc00;\">\u201ena stanie\u201d<\/span> lub <span style=\"color: #99cc00;\">\u201epozosta\u0142o X sztuk\u201d<\/span> \u2013 wysy\u0142ka w <b data-path-to-node=\"4,1,0,0\" data-index-in-node=\"90\">2 dni robocze<\/b>.<\/p>\n<\/li>\n<li>\n<p data-path-to-node=\"4,1,1,0\"><img decoding=\"async\" class=\"emoji\" role=\"img\" draggable=\"false\" src=\"https:\/\/s.w.org\/images\/core\/emoji\/16.0.1\/svg\/1f9f5.svg\" alt=\"\ud83e\uddf5\" \/> <b data-path-to-node=\"4,1,1,0\" data-index-in-node=\"3\">Szyte na zam\u00f3wienie:<\/b> Brak powy\u017cszego komunikatu oznacza, \u017ce produkt powstanie specjalnie dla Ciebie \u2013 czas oczekiwania to <b data-path-to-node=\"4,1,1,0\" data-index-in-node=\"125\">5\u201314 dni roboczych<\/b>.<\/p>\n<\/li>\n<\/ul>\n<\/div>\n","protected":false},"featured_media":14495,"comment_status":"open","ping_status":"closed","template":"","meta":[],"product_brand":[],"product_cat":[38,45,140,130],"product_tag":[26,119],"class_list":{"0":"post-14433","1":"product","2":"type-product","3":"status-publish","4":"has-post-thumbnail","6":"product_cat-nowosci","7":"product_cat-produkty-na-zamowienie","8":"product_cat-sukienki-dlugi-rekaw","9":"product_cat-sukienki-z-wiskozy-i-bawelny","10":"product_tag-sukienka","11":"product_tag-wiskoza","12":"pa_kolor-roz-antyczny","13":"pa_kolor-wino","15":"entry","16":"has-media","18":"first","19":"instock","20":"featured","21":"taxable","22":"shipping-taxable","23":"purchasable","24":"product-type-variable","25":"wvs-archive-product-wrapper","26":"has-product-nav","27":"col","28":"span_1_of_4","29":"owp-content-center","30":"owp-thumbs-layout-horizontal","31":"owp-btn-big","32":"owp-tabs-layout-horizontal"},"yoast_head":"<!-- This site is optimized with the Yoast SEO plugin v27.0 - https:\/\/yoast.com\/product\/yoast-seo-wordpress\/ -->\n<title>SCARLETT - sukienka z wiskozy - www.talja.pl<\/title>\n<meta name=\"description\" content=\"Niezwykle eteryczna sukienka z wiskozy produkcji w\u0142oskiej najwy\u017cszej jako\u015bci. Nasz bestseller! Szyta w kameralnej pracowni w Szczecinie.\" \/>\n<meta name=\"robots\" content=\"index, follow, max-snippet:-1, max-image-preview:large, max-video-preview:-1\" \/>\n<link rel=\"canonical\" href=\"https:\/\/talja.pl\/index.php\/produkt\/scarlett-sukienka-z-wiskozy\/\" \/>\n<meta property=\"og:locale\" content=\"pl_PL\" \/>\n<meta property=\"og:type\" content=\"article\" \/>\n<meta property=\"og:title\" content=\"SCARLETT - sukienka z wiskozy - www.talja.pl\" \/>\n<meta property=\"og:description\" content=\"Niezwykle eteryczna sukienka z wiskozy produkcji w\u0142oskiej najwy\u017cszej jako\u015bci. Nasz bestseller! Szyta w kameralnej pracowni w Szczecinie.\" \/>\n<meta property=\"og:url\" content=\"https:\/\/talja.pl\/index.php\/produkt\/scarlett-sukienka-z-wiskozy\/\" \/>\n<meta property=\"og:site_name\" content=\"www.talja.pl\" \/>\n<meta property=\"article:publisher\" content=\"https:\/\/www.facebook.com\/Talja-418285408906660\/\" \/>\n<meta property=\"article:modified_time\" content=\"2026-04-09T11:11:50+00:00\" \/>\n<meta property=\"og:image\" content=\"https:\/\/talja.pl\/wp-content\/uploads\/2025\/10\/641A9199-e1761301788258.jpg\" \/>\n\t<meta property=\"og:image:width\" content=\"942\" \/>\n\t<meta property=\"og:image:height\" content=\"1400\" \/>\n\t<meta property=\"og:image:type\" content=\"image\/jpeg\" \/>\n<meta name=\"twitter:card\" content=\"summary_large_image\" \/>\n<meta name=\"twitter:site\" content=\"@talja_pracownia\" \/>\n<meta name=\"twitter:label1\" content=\"Szacowany czas czytania\" \/>\n\t<meta name=\"twitter:data1\" content=\"3 minuty\" \/>\n<script type=\"application\/ld+json\" class=\"yoast-schema-graph\">{\"@context\":\"https:\/\/schema.org\",\"@graph\":[{\"@type\":\"WebPage\",\"@id\":\"https:\/\/talja.pl\/index.php\/produkt\/scarlett-sukienka-z-wiskozy\/\",\"url\":\"https:\/\/talja.pl\/index.php\/produkt\/scarlett-sukienka-z-wiskozy\/\",\"name\":\"SCARLETT - sukienka z wiskozy - www.talja.pl\",\"isPartOf\":{\"@id\":\"https:\/\/talja.pl\/#website\"},\"primaryImageOfPage\":{\"@id\":\"https:\/\/talja.pl\/index.php\/produkt\/scarlett-sukienka-z-wiskozy\/#primaryimage\"},\"image\":{\"@id\":\"https:\/\/talja.pl\/index.php\/produkt\/scarlett-sukienka-z-wiskozy\/#primaryimage\"},\"thumbnailUrl\":\"https:\/\/talja.pl\/wp-content\/uploads\/2025\/10\/641A9199-e1761301788258.jpg\",\"datePublished\":\"2025-10-24T09:55:39+00:00\",\"dateModified\":\"2026-04-09T11:11:50+00:00\",\"description\":\"Niezwykle eteryczna sukienka z wiskozy produkcji w\u0142oskiej najwy\u017cszej jako\u015bci. Nasz bestseller! Szyta w kameralnej pracowni w Szczecinie.\",\"breadcrumb\":{\"@id\":\"https:\/\/talja.pl\/index.php\/produkt\/scarlett-sukienka-z-wiskozy\/#breadcrumb\"},\"inLanguage\":\"pl-PL\",\"potentialAction\":[{\"@type\":\"ReadAction\",\"target\":[\"https:\/\/talja.pl\/index.php\/produkt\/scarlett-sukienka-z-wiskozy\/\"]}]},{\"@type\":\"ImageObject\",\"inLanguage\":\"pl-PL\",\"@id\":\"https:\/\/talja.pl\/index.php\/produkt\/scarlett-sukienka-z-wiskozy\/#primaryimage\",\"url\":\"https:\/\/talja.pl\/wp-content\/uploads\/2025\/10\/641A9199-e1761301788258.jpg\",\"contentUrl\":\"https:\/\/talja.pl\/wp-content\/uploads\/2025\/10\/641A9199-e1761301788258.jpg\",\"width\":942,\"height\":1400,\"caption\":\"Scarlett sukienka wiskozow\u0105 z koronk\u0105 w stylu retro talia polska pracownia lnianych sukienek\"},{\"@type\":\"BreadcrumbList\",\"@id\":\"https:\/\/talja.pl\/index.php\/produkt\/scarlett-sukienka-z-wiskozy\/#breadcrumb\",\"itemListElement\":[{\"@type\":\"ListItem\",\"position\":1,\"name\":\"Strona g\u0142\u00f3wna\",\"item\":\"https:\/\/talja.pl\/\"},{\"@type\":\"ListItem\",\"position\":2,\"name\":\"talja.pl\",\"item\":\"https:\/\/talja.pl\/index.php\/sklep\/\"},{\"@type\":\"ListItem\",\"position\":3,\"name\":\"SCARLETT &#8211; sukienka z wiskozy\"}]},{\"@type\":\"WebSite\",\"@id\":\"https:\/\/talja.pl\/#website\",\"url\":\"https:\/\/talja.pl\/\",\"name\":\"www.talja.pl\",\"description\":\"\",\"publisher\":{\"@id\":\"https:\/\/talja.pl\/#organization\"},\"potentialAction\":[{\"@type\":\"SearchAction\",\"target\":{\"@type\":\"EntryPoint\",\"urlTemplate\":\"https:\/\/talja.pl\/?s={search_term_string}\"},\"query-input\":{\"@type\":\"PropertyValueSpecification\",\"valueRequired\":true,\"valueName\":\"search_term_string\"}}],\"inLanguage\":\"pl-PL\"},{\"@type\":\"Organization\",\"@id\":\"https:\/\/talja.pl\/#organization\",\"name\":\"Talja\",\"url\":\"https:\/\/talja.pl\/\",\"logo\":{\"@type\":\"ImageObject\",\"inLanguage\":\"pl-PL\",\"@id\":\"https:\/\/talja.pl\/#\/schema\/logo\/image\/\",\"url\":\"https:\/\/talja.pl\/wp-content\/uploads\/2019\/06\/baner-talja-2.jpg\",\"contentUrl\":\"https:\/\/talja.pl\/wp-content\/uploads\/2019\/06\/baner-talja-2.jpg\",\"width\":1300,\"height\":300,\"caption\":\"Talja\"},\"image\":{\"@id\":\"https:\/\/talja.pl\/#\/schema\/logo\/image\/\"},\"sameAs\":[\"https:\/\/www.facebook.com\/Talja-418285408906660\/\",\"https:\/\/x.com\/talja_pracownia\",\"https:\/\/www.instagram.com\/talja_pracownia\/\"]}]}<\/script>\n<!-- \/ Yoast SEO plugin. -->","yoast_head_json":{"title":"SCARLETT - sukienka z wiskozy - www.talja.pl","description":"Niezwykle eteryczna sukienka z wiskozy produkcji w\u0142oskiej najwy\u017cszej jako\u015bci. Nasz bestseller! Szyta w kameralnej pracowni w Szczecinie.","robots":{"index":"index","follow":"follow","max-snippet":"max-snippet:-1","max-image-preview":"max-image-preview:large","max-video-preview":"max-video-preview:-1"},"canonical":"https:\/\/talja.pl\/index.php\/produkt\/scarlett-sukienka-z-wiskozy\/","og_locale":"pl_PL","og_type":"article","og_title":"SCARLETT - sukienka z wiskozy - www.talja.pl","og_description":"Niezwykle eteryczna sukienka z wiskozy produkcji w\u0142oskiej najwy\u017cszej jako\u015bci. Nasz bestseller! Szyta w kameralnej pracowni w Szczecinie.","og_url":"https:\/\/talja.pl\/index.php\/produkt\/scarlett-sukienka-z-wiskozy\/","og_site_name":"www.talja.pl","article_publisher":"https:\/\/www.facebook.com\/Talja-418285408906660\/","article_modified_time":"2026-04-09T11:11:50+00:00","og_image":[{"width":942,"height":1400,"url":"https:\/\/talja.pl\/wp-content\/uploads\/2025\/10\/641A9199-e1761301788258.jpg","type":"image\/jpeg"}],"twitter_card":"summary_large_image","twitter_site":"@talja_pracownia","twitter_misc":{"Szacowany czas czytania":"3 minuty"},"schema":{"@context":"https:\/\/schema.org","@graph":[{"@type":"WebPage","@id":"https:\/\/talja.pl\/index.php\/produkt\/scarlett-sukienka-z-wiskozy\/","url":"https:\/\/talja.pl\/index.php\/produkt\/scarlett-sukienka-z-wiskozy\/","name":"SCARLETT - sukienka z wiskozy - www.talja.pl","isPartOf":{"@id":"https:\/\/talja.pl\/#website"},"primaryImageOfPage":{"@id":"https:\/\/talja.pl\/index.php\/produkt\/scarlett-sukienka-z-wiskozy\/#primaryimage"},"image":{"@id":"https:\/\/talja.pl\/index.php\/produkt\/scarlett-sukienka-z-wiskozy\/#primaryimage"},"thumbnailUrl":"https:\/\/talja.pl\/wp-content\/uploads\/2025\/10\/641A9199-e1761301788258.jpg","datePublished":"2025-10-24T09:55:39+00:00","dateModified":"2026-04-09T11:11:50+00:00","description":"Niezwykle eteryczna sukienka z wiskozy produkcji w\u0142oskiej najwy\u017cszej jako\u015bci. Nasz bestseller! Szyta w kameralnej pracowni w Szczecinie.","breadcrumb":{"@id":"https:\/\/talja.pl\/index.php\/produkt\/scarlett-sukienka-z-wiskozy\/#breadcrumb"},"inLanguage":"pl-PL","potentialAction":[{"@type":"ReadAction","target":["https:\/\/talja.pl\/index.php\/produkt\/scarlett-sukienka-z-wiskozy\/"]}]},{"@type":"ImageObject","inLanguage":"pl-PL","@id":"https:\/\/talja.pl\/index.php\/produkt\/scarlett-sukienka-z-wiskozy\/#primaryimage","url":"https:\/\/talja.pl\/wp-content\/uploads\/2025\/10\/641A9199-e1761301788258.jpg","contentUrl":"https:\/\/talja.pl\/wp-content\/uploads\/2025\/10\/641A9199-e1761301788258.jpg","width":942,"height":1400,"caption":"Scarlett sukienka wiskozow\u0105 z koronk\u0105 w stylu retro talia polska pracownia lnianych sukienek"},{"@type":"BreadcrumbList","@id":"https:\/\/talja.pl\/index.php\/produkt\/scarlett-sukienka-z-wiskozy\/#breadcrumb","itemListElement":[{"@type":"ListItem","position":1,"name":"Strona g\u0142\u00f3wna","item":"https:\/\/talja.pl\/"},{"@type":"ListItem","position":2,"name":"talja.pl","item":"https:\/\/talja.pl\/index.php\/sklep\/"},{"@type":"ListItem","position":3,"name":"SCARLETT &#8211; sukienka z wiskozy"}]},{"@type":"WebSite","@id":"https:\/\/talja.pl\/#website","url":"https:\/\/talja.pl\/","name":"www.talja.pl","description":"","publisher":{"@id":"https:\/\/talja.pl\/#organization"},"potentialAction":[{"@type":"SearchAction","target":{"@type":"EntryPoint","urlTemplate":"https:\/\/talja.pl\/?s={search_term_string}"},"query-input":{"@type":"PropertyValueSpecification","valueRequired":true,"valueName":"search_term_string"}}],"inLanguage":"pl-PL"},{"@type":"Organization","@id":"https:\/\/talja.pl\/#organization","name":"Talja","url":"https:\/\/talja.pl\/","logo":{"@type":"ImageObject","inLanguage":"pl-PL","@id":"https:\/\/talja.pl\/#\/schema\/logo\/image\/","url":"https:\/\/talja.pl\/wp-content\/uploads\/2019\/06\/baner-talja-2.jpg","contentUrl":"https:\/\/talja.pl\/wp-content\/uploads\/2019\/06\/baner-talja-2.jpg","width":1300,"height":300,"caption":"Talja"},"image":{"@id":"https:\/\/talja.pl\/#\/schema\/logo\/image\/"},"sameAs":["https:\/\/www.facebook.com\/Talja-418285408906660\/","https:\/\/x.com\/talja_pracownia","https:\/\/www.instagram.com\/talja_pracownia\/"]}]}},"_links":{"self":[{"href":"https:\/\/talja.pl\/index.php\/wp-json\/wp\/v2\/product\/14433","targetHints":{"allow":["GET"]}}],"collection":[{"href":"https:\/\/talja.pl\/index.php\/wp-json\/wp\/v2\/product"}],"about":[{"href":"https:\/\/talja.pl\/index.php\/wp-json\/wp\/v2\/types\/product"}],"replies":[{"embeddable":true,"href":"https:\/\/talja.pl\/index.php\/wp-json\/wp\/v2\/comments?post=14433"}],"version-history":[{"count":9,"href":"https:\/\/talja.pl\/index.php\/wp-json\/wp\/v2\/product\/14433\/revisions"}],"predecessor-version":[{"id":14837,"href":"https:\/\/talja.pl\/index.php\/wp-json\/wp\/v2\/product\/14433\/revisions\/14837"}],"wp:featuredmedia":[{"embeddable":true,"href":"https:\/\/talja.pl\/index.php\/wp-json\/wp\/v2\/media\/14495"}],"wp:attachment":[{"href":"https:\/\/talja.pl\/index.php\/wp-json\/wp\/v2\/media?parent=14433"}],"wp:term":[{"taxonomy":"product_brand","embeddable":true,"href":"https:\/\/talja.pl\/index.php\/wp-json\/wp\/v2\/product_brand?post=14433"},{"taxonomy":"product_cat","embeddable":true,"href":"https:\/\/talja.pl\/index.php\/wp-json\/wp\/v2\/product_cat?post=14433"},{"taxonomy":"product_tag","embeddable":true,"href":"https:\/\/talja.pl\/index.php\/wp-json\/wp\/v2\/product_tag?post=14433"}],"curies":[{"name":"wp","href":"https:\/\/api.w.org\/{rel}","templated":true}]}}