{"id":14454,"date":"2025-10-24T14:48:27","date_gmt":"2025-10-24T12:48:27","guid":{"rendered":"https:\/\/talja.pl\/?post_type=product&#038;p=14454"},"modified":"2026-03-17T12:16:44","modified_gmt":"2026-03-17T11:16:44","slug":"lniana-sukienka-kopertowa-zoe-z-falbanka-kolory","status":"publish","type":"product","link":"https:\/\/talja.pl\/index.php\/produkt\/lniana-sukienka-kopertowa-zoe-z-falbanka-kolory\/","title":{"rendered":"Lniana sukienka kopertowa ZOE z falbank\u0105"},"content":{"rendered":"<p>Kopertowy kr\u00f3j sukienki to rozwi\u0105zanie niezwykle wygodne i na wiele okazji.<em> Za\u0142\u00f3\u017c do niej szpilki, za\u0142\u00f3\u017c do niej trampki i id\u017a przez \u015bwiat tak,\u00a0 jak kochasz!\u00a0<\/em><\/p>\n<p><strong>Sukienka szyta jest w a\u017c 3 d\u0142ugo\u015bciach do wyboru : short, regular i midi.<\/strong> Jest w pe\u0142ni otwierana i posiada wi\u0105zania, kt\u00f3re przewleczesz przez skryt\u0105 dziurk\u0119 w bocznej cz\u0119\u015bci sukienki. <strong>Wi\u0105zania te zawi\u0105\u017cesz w kokardk\u0119 z ty\u0142u, lub z boku &#8211; tak jak lubisz.<\/strong> Dekolt w szpic wysmukli szyj\u0119, a wszyte malutkie falbanki nadaj\u0105 sukience niezwykle romantyczny, lekko vintage klimat. \u00a0Wyra\u017anie zaznaczony pas w talii i marszczony d\u00f3\u0142 nadaj\u0105 sylwetce odpowiednich proporcji. Charakteru ca\u0142ej kreacji dodaj\u0105 bufiaste, d\u0142ugie r\u0119kawki zako\u0144czone gumkami. Mo\u017cesz je nosi\u0107 zar\u00f3wno d\u0142ugie, jak i podci\u0105gni\u0119te wy\u017cej.<\/p>\n<p>Sk\u0142ad :\u00a0 najwy\u017cszej jako\u015bci len 100%<\/p>\n<p><strong>Model dost\u0119pny w a\u017c 30 r\u00f3\u017cnych wersjach kolorystycznych. <\/strong>Wybierz ten, o kt\u00f3rym marzysz!\u00a0 Wiedz r\u00f3wnie\u017c, \u017ce wszystkie nasze lny s\u0105 produkcji polskiej oraz spe\u0142niaj\u0105 wymogi\u00a0 norm\u00a0<strong>OEKO TEX \u2013 Standard 100<\/strong>, co oznacza, \u017ce zosta\u0142y przebadane i nie zawieraj\u0105 \u015brodk\u00f3w szkodliwych zar\u00f3wno dla cz\u0142owieka jak i \u015brodowiska. Dodatkowo s\u0105 cudownie zmi\u0119kczane, a ten fakt z pewno\u015bci\u0105 doceni Twoja sk\u00f3ra.<\/p>\n<p><img fetchpriority=\"high\" decoding=\"async\" class=\"alignnone size-full wp-image-5333\" src=\"https:\/\/talja.pl\/wp-content\/uploads\/2022\/04\/Certyfikat-Oeko-Tex-standard-100-e1698257301591.png\" alt=\"\" width=\"500\" height=\"199\" \/><\/p>\n<p>Sukienka dost\u0119pna jest w poni\u017cszych rozmiarach oraz trzech d\u0142ugo\u015bciach do wyboru\u00a0 ( Short, Regular oraz Midi )<\/p>\n<p><img decoding=\"async\" class=\"alignnone wp-image-3364 \" src=\"https:\/\/talja.pl\/wp-content\/uploads\/2020\/11\/ZOE-3-DL-WYMIARY-300x97.png\" alt=\"\" width=\"408\" height=\"132\" srcset=\"https:\/\/talja.pl\/wp-content\/uploads\/2020\/11\/ZOE-3-DL-WYMIARY-300x97.png 300w, https:\/\/talja.pl\/wp-content\/uploads\/2020\/11\/ZOE-3-DL-WYMIARY-100x32.png 100w, https:\/\/talja.pl\/wp-content\/uploads\/2020\/11\/ZOE-3-DL-WYMIARY.png 700w\" sizes=\"(max-width: 408px) 100vw, 408px\" \/><\/p>\n<p>Natalia mierzy 173cm , prezentuje sukienk\u0119 w kolorze &#8221; ciemny niebieski &#8221; w rozm. S\u00a0 i d\u0142ugo\u015bci &#8220;midi&#8221; .<\/p>\n<p class=\"responsive-video-wrap clr\"><iframe title=\"Zoe z falbank\u0105 ciemny niebieski\" width=\"563\" height=\"1000\" src=\"https:\/\/www.youtube.com\/embed\/CPATn_pwCsE?feature=oembed\" frameborder=\"0\" allow=\"accelerometer; autoplay; clipboard-write; encrypted-media; gyroscope; picture-in-picture; web-share\" referrerpolicy=\"strict-origin-when-cross-origin\" allowfullscreen><\/iframe><\/p>\n<p>W tym fasonie sukienki najwa\u017cniejsza jest szeroko\u015b\u0107 w biu\u015bcie. W talii jest wygodny luz, kt\u00f3ry zbierzesz troczkami. Je\u015bli masz problem z doborem rozmiaru lub\u00a0<a href=\"https:\/\/talja.pl\/index.php\/produkt\/personalizacja\/\">personalizacj\u0105<\/a>\u00a0sukienki napisz prosz\u0119 do mnie na : kontakt@talja.pl z ch\u0119ci\u0105 pomog\u0119 Ci przy wyborze.<\/p>\n<h5><em>Ubrania z lnu traktuj delikatnie. Nie wybielaj, pierz w 30 stopniach, odwirowuj w pralce na ni\u017cszych obrotach i prasuj max w 150st. Dbaj o nie, a b\u0119d\u0105 Ci wdzi\u0119czne.<\/em><\/h5>\n<h5><em><strong>Dopasuj sukienk\u0119 pod siebie\u00a0<\/strong><\/em><\/h5>\n<h5>J<em>e\u015bli marzysz o wprowadzeniu pewnych zmian do sukienki, wystarczy \u017ce wykupisz dodatkow\u0105 opcj\u0119<a href=\"https:\/\/talja.pl\/index.php\/produkt\/personalizacja\/\">\u00a0<strong>\u201d PERSONALIZACJA \u201e<\/strong><\/a>. Dzi\u0119ki tej opcji Twoja sukienka zyska niepowtarzalno\u015b\u0107 i indywidualny charakter. Mo\u017cesz bowiem zmieni\u0107 d\u0142ugo\u015b\u0107 sukienki, d\u0142ugo\u015b\u0107 r\u0119kawa lub spos\u00f3b wi\u0105zania. Je\u015bli masz jeszcze inny pomys\u0142 na zmodyfikowanie sukienki, a nie znajdujesz go w opcji \u201d Personalizacja\u201d skontaktuj si\u0119 ze mn\u0105\u00a0 mailowo : kontakt@talja.pl . Razem z pewno\u015bci\u0105 wyczarujemy sukienk\u0119 Twoich marze\u0144!\u00a0<\/em><\/h5>\n<h5><em>Ubrania z lnu traktuj delikatnie. Nie wybielaj, pierz w 30 stopniach, odwirowuj w pralce na ni\u017cszych obrotach i prasuj max w 150st. Dbaj o nie, a b\u0119d\u0105 Ci wdzi\u0119czne.<\/em><\/h5>\n<p>&nbsp;<\/p>\n","protected":false},"excerpt":{"rendered":"<p><em>Zoe<\/em> to klasyczna kopertowa sukienka wzbogacona ba\u015bniowym akcentem w postaci bufiastych r\u0119kaw\u00f3w oraz uroczych falbanek . Jej odpowiednik bez falbanek znajdziesz <strong><a href=\"https:\/\/talja.pl\/index.php\/produkt\/lniana-sukienka-kopertowa-zoe-kolory\/\">tutaj.<\/a> <\/strong>Ta lniana sukienka dost\u0119pna jest w a\u017c trzech \u00a0d\u0142ugo\u015bciach : SHORT, REGULAR oraz MIDI\u00a0 i w a\u017c 30 kolorach ln\u00f3w do wyboru.<\/p>\n<p><strong>Sk\u0142ad : len 100%,\u00a0<\/strong><b>zmi\u0119kczany\u00a0<\/b><\/p>\n<p>Szyta w kameralnej pracowni w Szczecinie. Zamawiaj\u0105c w Talji wspierasz polskie rzemios\u0142o.<\/p>\n<h5>Wysy\u0142ka : 5 do 14 dni roboczych <em>. <\/em><\/h5>\n<p><em>Pami\u0119taj : wszystkie kreacje szyjemy dopiero po z\u0142o\u017ceniu zam\u00f3wienia. Wiedz jednak, \u017ce robimy, co w naszej mocy, by zam\u00f3wione przez Ciebie produkty opu\u015bci\u0142y pracowni\u0119 tak szybko, jak to tylko mo\u017cliwe <\/em><img decoding=\"async\" class=\"emoji\" role=\"img\" draggable=\"false\" src=\"https:\/\/s.w.org\/images\/core\/emoji\/16.0.1\/svg\/1f90d.svg\" alt=\"\ud83e\udd0d\" \/><\/p>\n","protected":false},"featured_media":14512,"comment_status":"open","ping_status":"closed","template":"","meta":[],"product_brand":[],"product_cat":[38,45,20,140],"product_tag":[25,26,27],"class_list":{"0":"post-14454","1":"product","2":"type-product","3":"status-publish","4":"has-post-thumbnail","6":"product_cat-nowosci","7":"product_cat-produkty-na-zamowienie","8":"product_cat-sukienki-lniane","9":"product_cat-sukienki-dlugi-rekaw","10":"product_tag-len","11":"product_tag-sukienka","12":"product_tag-sukienka-lniana","13":"pa_kolor-kratka-vichy-len-100","14":"pa_kolor-len-30-wiskoza-70","15":"pa_kolor-koktajl-truskawkowy-150g-m2","16":"pa_kolor-malina","17":"pa_kolor-liliowy-170g-m2","18":"pa_kolor-pochmurne-niebo-170g-m2","19":"pa_kolor-zielen-trawiasta-170g-m2","20":"pa_kolor-czerwone-wino-150g-m2","21":"pa_kolor-sliwka-170g-m2","22":"pa_kolor-mleczna-czekolada-170g-m2","23":"pa_kolor-letnie-niebo-150g-m2","24":"pa_kolor-biel-170g-m2","25":"pa_kolor-paski-150g-m2-len-100","26":"pa_kolor-naturalny-150g-m2","27":"pa_kolor-fuksja","28":"pa_kolor-morelowy","29":"pa_kolor-chabrowy-150g-m2","30":"pa_kolor-karmel-170-g-m2","31":"pa_kolor-baby-blue-150g-m2","32":"pa_kolor-pudrowy-roz-150g-m2","33":"pa_kolor-arbuz-150g-m2","34":"pa_kolor-pudrowy-szary-170g-m2","35":"pa_kolor-cegla-150g-m2","36":"pa_kolor-ciemna-zielen-150g-m2","37":"pa_kolor-ciemny-niebieski-170g-m2","38":"pa_kolor-cynamon-150g-m2","39":"pa_kolor-czern-150g-m2","40":"pa_kolor-eukaliptus-150g-m2","41":"pa_kolor-khaki-150g-m2","42":"pa_kolor-melon-150g-m2","43":"pa_kolor-wrszos-150g-m2","44":"pa_kolor-stalowo-szary-170g-m2","45":"pa_kolor-wisnia-150g-m2","47":"entry","48":"has-media","50":"first","51":"instock","52":"taxable","53":"shipping-taxable","54":"purchasable","55":"product-type-variable","56":"wvs-archive-product-wrapper","57":"has-product-nav","58":"col","59":"span_1_of_4","60":"owp-content-center","61":"owp-thumbs-layout-horizontal","62":"owp-btn-big","63":"owp-tabs-layout-horizontal"},"yoast_head":"<!-- This site is optimized with the Yoast SEO plugin v27.0 - https:\/\/yoast.com\/product\/yoast-seo-wordpress\/ -->\n<title>Lniana sukienka kopertowa ZOE z falbank\u0105 - www.talja.pl<\/title>\n<meta name=\"description\" content=\"Lniana sukienka Zoe to klasyka w postaci uniwersalnego kopertowego kroju wzbogacona ba\u015bniowym akcentem takim jak zwiewne bufiaste r\u0119kawy i falbanki.\" \/>\n<meta name=\"robots\" content=\"index, follow, max-snippet:-1, max-image-preview:large, max-video-preview:-1\" \/>\n<link rel=\"canonical\" href=\"https:\/\/talja.pl\/index.php\/produkt\/lniana-sukienka-kopertowa-zoe-z-falbanka-kolory\/\" \/>\n<meta property=\"og:locale\" content=\"pl_PL\" \/>\n<meta property=\"og:type\" content=\"article\" \/>\n<meta property=\"og:title\" content=\"Lniana sukienka kopertowa ZOE z falbank\u0105 - www.talja.pl\" \/>\n<meta property=\"og:description\" content=\"Lniana sukienka Zoe to klasyka w postaci uniwersalnego kopertowego kroju wzbogacona ba\u015bniowym akcentem takim jak zwiewne bufiaste r\u0119kawy i falbanki.\" \/>\n<meta property=\"og:url\" content=\"https:\/\/talja.pl\/index.php\/produkt\/lniana-sukienka-kopertowa-zoe-z-falbanka-kolory\/\" \/>\n<meta property=\"og:site_name\" content=\"www.talja.pl\" \/>\n<meta property=\"article:publisher\" content=\"https:\/\/www.facebook.com\/Talja-418285408906660\/\" \/>\n<meta property=\"article:modified_time\" content=\"2026-03-17T11:16:44+00:00\" \/>\n<meta property=\"og:image\" content=\"https:\/\/talja.pl\/wp-content\/uploads\/2025\/10\/641A9423-e1761307102328.jpg\" \/>\n\t<meta property=\"og:image:width\" content=\"680\" \/>\n\t<meta property=\"og:image:height\" content=\"1014\" \/>\n\t<meta property=\"og:image:type\" content=\"image\/jpeg\" \/>\n<meta name=\"twitter:card\" content=\"summary_large_image\" \/>\n<meta name=\"twitter:site\" content=\"@talja_pracownia\" \/>\n<meta name=\"twitter:label1\" content=\"Szacowany czas czytania\" \/>\n\t<meta name=\"twitter:data1\" content=\"3 minuty\" \/>\n<script type=\"application\/ld+json\" class=\"yoast-schema-graph\">{\"@context\":\"https:\/\/schema.org\",\"@graph\":[{\"@type\":\"WebPage\",\"@id\":\"https:\/\/talja.pl\/index.php\/produkt\/lniana-sukienka-kopertowa-zoe-z-falbanka-kolory\/\",\"url\":\"https:\/\/talja.pl\/index.php\/produkt\/lniana-sukienka-kopertowa-zoe-z-falbanka-kolory\/\",\"name\":\"Lniana sukienka kopertowa ZOE z falbank\u0105 - www.talja.pl\",\"isPartOf\":{\"@id\":\"https:\/\/talja.pl\/#website\"},\"primaryImageOfPage\":{\"@id\":\"https:\/\/talja.pl\/index.php\/produkt\/lniana-sukienka-kopertowa-zoe-z-falbanka-kolory\/#primaryimage\"},\"image\":{\"@id\":\"https:\/\/talja.pl\/index.php\/produkt\/lniana-sukienka-kopertowa-zoe-z-falbanka-kolory\/#primaryimage\"},\"thumbnailUrl\":\"https:\/\/talja.pl\/wp-content\/uploads\/2025\/10\/641A9423-e1761307102328.jpg\",\"datePublished\":\"2025-10-24T12:48:27+00:00\",\"dateModified\":\"2026-03-17T11:16:44+00:00\",\"description\":\"Lniana sukienka Zoe to klasyka w postaci uniwersalnego kopertowego kroju wzbogacona ba\u015bniowym akcentem takim jak zwiewne bufiaste r\u0119kawy i falbanki.\",\"breadcrumb\":{\"@id\":\"https:\/\/talja.pl\/index.php\/produkt\/lniana-sukienka-kopertowa-zoe-z-falbanka-kolory\/#breadcrumb\"},\"inLanguage\":\"pl-PL\",\"potentialAction\":[{\"@type\":\"ReadAction\",\"target\":[\"https:\/\/talja.pl\/index.php\/produkt\/lniana-sukienka-kopertowa-zoe-z-falbanka-kolory\/\"]}]},{\"@type\":\"ImageObject\",\"inLanguage\":\"pl-PL\",\"@id\":\"https:\/\/talja.pl\/index.php\/produkt\/lniana-sukienka-kopertowa-zoe-z-falbanka-kolory\/#primaryimage\",\"url\":\"https:\/\/talja.pl\/wp-content\/uploads\/2025\/10\/641A9423-e1761307102328.jpg\",\"contentUrl\":\"https:\/\/talja.pl\/wp-content\/uploads\/2025\/10\/641A9423-e1761307102328.jpg\",\"width\":680,\"height\":1014},{\"@type\":\"BreadcrumbList\",\"@id\":\"https:\/\/talja.pl\/index.php\/produkt\/lniana-sukienka-kopertowa-zoe-z-falbanka-kolory\/#breadcrumb\",\"itemListElement\":[{\"@type\":\"ListItem\",\"position\":1,\"name\":\"Strona g\u0142\u00f3wna\",\"item\":\"https:\/\/talja.pl\/\"},{\"@type\":\"ListItem\",\"position\":2,\"name\":\"talja.pl\",\"item\":\"https:\/\/talja.pl\/index.php\/sklep\/\"},{\"@type\":\"ListItem\",\"position\":3,\"name\":\"Lniana sukienka kopertowa ZOE z falbank\u0105\"}]},{\"@type\":\"WebSite\",\"@id\":\"https:\/\/talja.pl\/#website\",\"url\":\"https:\/\/talja.pl\/\",\"name\":\"www.talja.pl\",\"description\":\"\",\"publisher\":{\"@id\":\"https:\/\/talja.pl\/#organization\"},\"potentialAction\":[{\"@type\":\"SearchAction\",\"target\":{\"@type\":\"EntryPoint\",\"urlTemplate\":\"https:\/\/talja.pl\/?s={search_term_string}\"},\"query-input\":{\"@type\":\"PropertyValueSpecification\",\"valueRequired\":true,\"valueName\":\"search_term_string\"}}],\"inLanguage\":\"pl-PL\"},{\"@type\":\"Organization\",\"@id\":\"https:\/\/talja.pl\/#organization\",\"name\":\"Talja\",\"url\":\"https:\/\/talja.pl\/\",\"logo\":{\"@type\":\"ImageObject\",\"inLanguage\":\"pl-PL\",\"@id\":\"https:\/\/talja.pl\/#\/schema\/logo\/image\/\",\"url\":\"https:\/\/talja.pl\/wp-content\/uploads\/2019\/06\/baner-talja-2.jpg\",\"contentUrl\":\"https:\/\/talja.pl\/wp-content\/uploads\/2019\/06\/baner-talja-2.jpg\",\"width\":1300,\"height\":300,\"caption\":\"Talja\"},\"image\":{\"@id\":\"https:\/\/talja.pl\/#\/schema\/logo\/image\/\"},\"sameAs\":[\"https:\/\/www.facebook.com\/Talja-418285408906660\/\",\"https:\/\/x.com\/talja_pracownia\",\"https:\/\/www.instagram.com\/talja_pracownia\/\"]}]}<\/script>\n<!-- \/ Yoast SEO plugin. -->","yoast_head_json":{"title":"Lniana sukienka kopertowa ZOE z falbank\u0105 - www.talja.pl","description":"Lniana sukienka Zoe to klasyka w postaci uniwersalnego kopertowego kroju wzbogacona ba\u015bniowym akcentem takim jak zwiewne bufiaste r\u0119kawy i falbanki.","robots":{"index":"index","follow":"follow","max-snippet":"max-snippet:-1","max-image-preview":"max-image-preview:large","max-video-preview":"max-video-preview:-1"},"canonical":"https:\/\/talja.pl\/index.php\/produkt\/lniana-sukienka-kopertowa-zoe-z-falbanka-kolory\/","og_locale":"pl_PL","og_type":"article","og_title":"Lniana sukienka kopertowa ZOE z falbank\u0105 - www.talja.pl","og_description":"Lniana sukienka Zoe to klasyka w postaci uniwersalnego kopertowego kroju wzbogacona ba\u015bniowym akcentem takim jak zwiewne bufiaste r\u0119kawy i falbanki.","og_url":"https:\/\/talja.pl\/index.php\/produkt\/lniana-sukienka-kopertowa-zoe-z-falbanka-kolory\/","og_site_name":"www.talja.pl","article_publisher":"https:\/\/www.facebook.com\/Talja-418285408906660\/","article_modified_time":"2026-03-17T11:16:44+00:00","og_image":[{"width":680,"height":1014,"url":"https:\/\/talja.pl\/wp-content\/uploads\/2025\/10\/641A9423-e1761307102328.jpg","type":"image\/jpeg"}],"twitter_card":"summary_large_image","twitter_site":"@talja_pracownia","twitter_misc":{"Szacowany czas czytania":"3 minuty"},"schema":{"@context":"https:\/\/schema.org","@graph":[{"@type":"WebPage","@id":"https:\/\/talja.pl\/index.php\/produkt\/lniana-sukienka-kopertowa-zoe-z-falbanka-kolory\/","url":"https:\/\/talja.pl\/index.php\/produkt\/lniana-sukienka-kopertowa-zoe-z-falbanka-kolory\/","name":"Lniana sukienka kopertowa ZOE z falbank\u0105 - www.talja.pl","isPartOf":{"@id":"https:\/\/talja.pl\/#website"},"primaryImageOfPage":{"@id":"https:\/\/talja.pl\/index.php\/produkt\/lniana-sukienka-kopertowa-zoe-z-falbanka-kolory\/#primaryimage"},"image":{"@id":"https:\/\/talja.pl\/index.php\/produkt\/lniana-sukienka-kopertowa-zoe-z-falbanka-kolory\/#primaryimage"},"thumbnailUrl":"https:\/\/talja.pl\/wp-content\/uploads\/2025\/10\/641A9423-e1761307102328.jpg","datePublished":"2025-10-24T12:48:27+00:00","dateModified":"2026-03-17T11:16:44+00:00","description":"Lniana sukienka Zoe to klasyka w postaci uniwersalnego kopertowego kroju wzbogacona ba\u015bniowym akcentem takim jak zwiewne bufiaste r\u0119kawy i falbanki.","breadcrumb":{"@id":"https:\/\/talja.pl\/index.php\/produkt\/lniana-sukienka-kopertowa-zoe-z-falbanka-kolory\/#breadcrumb"},"inLanguage":"pl-PL","potentialAction":[{"@type":"ReadAction","target":["https:\/\/talja.pl\/index.php\/produkt\/lniana-sukienka-kopertowa-zoe-z-falbanka-kolory\/"]}]},{"@type":"ImageObject","inLanguage":"pl-PL","@id":"https:\/\/talja.pl\/index.php\/produkt\/lniana-sukienka-kopertowa-zoe-z-falbanka-kolory\/#primaryimage","url":"https:\/\/talja.pl\/wp-content\/uploads\/2025\/10\/641A9423-e1761307102328.jpg","contentUrl":"https:\/\/talja.pl\/wp-content\/uploads\/2025\/10\/641A9423-e1761307102328.jpg","width":680,"height":1014},{"@type":"BreadcrumbList","@id":"https:\/\/talja.pl\/index.php\/produkt\/lniana-sukienka-kopertowa-zoe-z-falbanka-kolory\/#breadcrumb","itemListElement":[{"@type":"ListItem","position":1,"name":"Strona g\u0142\u00f3wna","item":"https:\/\/talja.pl\/"},{"@type":"ListItem","position":2,"name":"talja.pl","item":"https:\/\/talja.pl\/index.php\/sklep\/"},{"@type":"ListItem","position":3,"name":"Lniana sukienka kopertowa ZOE z falbank\u0105"}]},{"@type":"WebSite","@id":"https:\/\/talja.pl\/#website","url":"https:\/\/talja.pl\/","name":"www.talja.pl","description":"","publisher":{"@id":"https:\/\/talja.pl\/#organization"},"potentialAction":[{"@type":"SearchAction","target":{"@type":"EntryPoint","urlTemplate":"https:\/\/talja.pl\/?s={search_term_string}"},"query-input":{"@type":"PropertyValueSpecification","valueRequired":true,"valueName":"search_term_string"}}],"inLanguage":"pl-PL"},{"@type":"Organization","@id":"https:\/\/talja.pl\/#organization","name":"Talja","url":"https:\/\/talja.pl\/","logo":{"@type":"ImageObject","inLanguage":"pl-PL","@id":"https:\/\/talja.pl\/#\/schema\/logo\/image\/","url":"https:\/\/talja.pl\/wp-content\/uploads\/2019\/06\/baner-talja-2.jpg","contentUrl":"https:\/\/talja.pl\/wp-content\/uploads\/2019\/06\/baner-talja-2.jpg","width":1300,"height":300,"caption":"Talja"},"image":{"@id":"https:\/\/talja.pl\/#\/schema\/logo\/image\/"},"sameAs":["https:\/\/www.facebook.com\/Talja-418285408906660\/","https:\/\/x.com\/talja_pracownia","https:\/\/www.instagram.com\/talja_pracownia\/"]}]}},"_links":{"self":[{"href":"https:\/\/talja.pl\/index.php\/wp-json\/wp\/v2\/product\/14454","targetHints":{"allow":["GET"]}}],"collection":[{"href":"https:\/\/talja.pl\/index.php\/wp-json\/wp\/v2\/product"}],"about":[{"href":"https:\/\/talja.pl\/index.php\/wp-json\/wp\/v2\/types\/product"}],"replies":[{"embeddable":true,"href":"https:\/\/talja.pl\/index.php\/wp-json\/wp\/v2\/comments?post=14454"}],"version-history":[{"count":7,"href":"https:\/\/talja.pl\/index.php\/wp-json\/wp\/v2\/product\/14454\/revisions"}],"predecessor-version":[{"id":15028,"href":"https:\/\/talja.pl\/index.php\/wp-json\/wp\/v2\/product\/14454\/revisions\/15028"}],"wp:featuredmedia":[{"embeddable":true,"href":"https:\/\/talja.pl\/index.php\/wp-json\/wp\/v2\/media\/14512"}],"wp:attachment":[{"href":"https:\/\/talja.pl\/index.php\/wp-json\/wp\/v2\/media?parent=14454"}],"wp:term":[{"taxonomy":"product_brand","embeddable":true,"href":"https:\/\/talja.pl\/index.php\/wp-json\/wp\/v2\/product_brand?post=14454"},{"taxonomy":"product_cat","embeddable":true,"href":"https:\/\/talja.pl\/index.php\/wp-json\/wp\/v2\/product_cat?post=14454"},{"taxonomy":"product_tag","embeddable":true,"href":"https:\/\/talja.pl\/index.php\/wp-json\/wp\/v2\/product_tag?post=14454"}],"curies":[{"name":"wp","href":"https:\/\/api.w.org\/{rel}","templated":true}]}}