{"id":14466,"date":"2025-10-23T15:59:43","date_gmt":"2025-10-23T13:59:43","guid":{"rendered":"https:\/\/talja.pl\/?post_type=product&#038;p=14466"},"modified":"2026-04-20T08:23:17","modified_gmt":"2026-04-20T06:23:17","slug":"koszula-lniano-bawelniana-wiktoria","status":"publish","type":"product","link":"https:\/\/talja.pl\/index.php\/produkt\/koszula-lniano-bawelniana-wiktoria\/","title":{"rendered":"WIKTORIA &#8211; koszula lniano-bawe\u0142niana"},"content":{"rendered":"<h4><strong><img fetchpriority=\"high\" decoding=\"async\" class=\"alignleft wp-image-14528 size-medium\" src=\"https:\/\/talja.pl\/wp-content\/uploads\/2025\/10\/641A9588-200x300.jpg\" alt=\"\" width=\"200\" height=\"300\" \/><\/strong><\/h4>\n<h3 data-start=\"148\" data-end=\"172\"><strong data-start=\"152\" data-end=\"172\">Koszula lniano &#8211; bawe\u0142niana WIKTORIA<\/strong><\/h3>\n<p>&nbsp;<\/p>\n<p data-start=\"174\" data-end=\"382\">Wiktoria to koszula, w kt\u00f3rej klasyka spotyka si\u0119 z nut\u0105 retro.<br data-start=\"237\" data-end=\"240\" \/>Uszyta z wyj\u0105tkowej <strong data-start=\"260\" data-end=\"287\">mieszanki lnu i bawe\u0142ny<\/strong> o pi\u0119knej strukturze jode\u0142ki \u2014 jest przyjemna dla sk\u00f3ry, oddychaj\u0105ca i elegancko si\u0119 uk\u0142ada.<\/p>\n<p data-start=\"384\" data-end=\"598\">Dopasowany kr\u00f3j subtelnie podkre\u015bla sylwetk\u0119, a <strong data-start=\"432\" data-end=\"469\">r\u0119cznie oblekane tkanin\u0105 guziczki<\/strong>, <strong data-start=\"471\" data-end=\"494\">misterne mankieciki<\/strong> i <strong data-start=\"497\" data-end=\"536\">ko\u0142nierz inspirowany stylem vintage<\/strong> tworz\u0105 ponadczasow\u0105, niebanaln\u0105 ca\u0142o\u015b\u0107.<\/p>\n<p data-start=\"600\" data-end=\"709\">To koszula, kt\u00f3ra dodaje klasy ka\u017cdej stylizacji \u2014 zar\u00f3wno w duecie z ulubionymi spodniami, jak i sp\u00f3dnic\u0105.<\/p>\n<hr data-start=\"711\" data-end=\"714\" \/>\n<p data-start=\"716\" data-end=\"740\">\u2728 <strong data-start=\"718\" data-end=\"738\">Pokochasz j\u0105 za:<\/strong><\/p>\n<ul data-start=\"741\" data-end=\"1155\">\n<li data-start=\"741\" data-end=\"837\">\n<p data-start=\"743\" data-end=\"837\">szlachetne po\u0142\u0105czenie <strong data-start=\"765\" data-end=\"783\">lnu i bawe\u0142ny<\/strong>, kt\u00f3re oddycha i zapewnia komfort przez ca\u0142y dzie\u0144,<\/p>\n<\/li>\n<li data-start=\"741\" data-end=\"837\">\n<p data-start=\"743\" data-end=\"837\"><strong data-start=\"840\" data-end=\"861\">struktur\u0119 jode\u0142ki<\/strong>, kt\u00f3ra dodaje g\u0142\u0119bi i elegancji,<\/p>\n<\/li>\n<li data-start=\"897\" data-end=\"993\">\n<p data-start=\"899\" data-end=\"993\"><strong data-start=\"899\" data-end=\"946\">r\u0119cznie oblekane guziczki i subtelne detale<\/strong>, tworz\u0105ce unikalny, rzemie\u015blniczy charakter,<\/p>\n<\/li>\n<li data-start=\"994\" data-end=\"1060\">\n<p data-start=\"996\" data-end=\"1060\"><strong data-start=\"996\" data-end=\"1015\">dopasowany kr\u00f3j<\/strong>, kt\u00f3ry pi\u0119knie podkre\u015bla kobiec\u0105 sylwetk\u0119,<\/p>\n<\/li>\n<li data-start=\"1061\" data-end=\"1155\">\n<p data-start=\"1063\" data-end=\"1155\"><strong data-start=\"1063\" data-end=\"1080\">uniwersalno\u015b\u0107<\/strong> \u2013 idealna zar\u00f3wno na co dzie\u0144, jak i do bardziej eleganckich stylizacji.<\/p>\n<\/li>\n<\/ul>\n<h4><strong>Sk\u0142ad : len55%, bawe\u0142na 45%<\/strong><\/h4>\n<h4><strong>Rozmiar\u00a0<\/strong><\/h4>\n<p><img decoding=\"async\" class=\"alignnone size-full wp-image-14468\" src=\"https:\/\/talja.pl\/wp-content\/uploads\/2025\/10\/Obraz-23.10.2025-godz.-16.57.jpg\" alt=\"\" width=\"418\" height=\"73\" srcset=\"https:\/\/talja.pl\/wp-content\/uploads\/2025\/10\/Obraz-23.10.2025-godz.-16.57.jpg 418w, https:\/\/talja.pl\/wp-content\/uploads\/2025\/10\/Obraz-23.10.2025-godz.-16.57-300x52.jpg 300w, https:\/\/talja.pl\/wp-content\/uploads\/2025\/10\/Obraz-23.10.2025-godz.-16.57-190x33.jpg 190w\" sizes=\"(max-width: 418px) 100vw, 418px\" \/><\/p>\n<p>Natalia ( 173cm ) prezentuje koszule w rozmiarach S.<\/p>\n<p class=\"responsive-video-wrap clr\"><iframe title=\"Sp\u00f3dnica z marszczeniem + koszula Wiktoria\" width=\"563\" height=\"1000\" src=\"https:\/\/www.youtube.com\/embed\/Te1_NYwlCRk?feature=oembed\" frameborder=\"0\" allow=\"accelerometer; autoplay; clipboard-write; encrypted-media; gyroscope; picture-in-picture; web-share\" referrerpolicy=\"strict-origin-when-cross-origin\" allowfullscreen><\/iframe><\/p>\n<p>WIKTORIA pi\u0119knie si\u0119 komponuje z nasz\u0105 wiskozow\u0105 sp\u00f3dnic\u0105 z marszczeniem \u00a0<a href=\"https:\/\/talja.pl\/index.php\/produkt\/spodnica-z-marszczeniem-wiskoza\/\">klik.<\/a> Spr\u00f3buj sama!<\/p>\n<p>Je\u015bli masz problem z doborem rozmiaru &#8211; napisz do nas na kontakt@talja.pl \u2013 ch\u0119tnie pomo\u017cemy!<\/p>\n<h4><strong>Piel\u0119gnacja\u00a0<\/strong><\/h4>\n<p>Ubranie traktuj delikatnie. Nie wybielaj, pierz w 30 stopniach, odwirowuj w pralce na ni\u017cszych obrotach i prasuj max w 150st. Dbaj o nie a b\u0119dzie Ci wdzi\u0119czne.<\/p>\n<h4><strong>Personalizacja<\/strong><\/h4>\n<p>Je\u015bli marzysz o wprowadzeniu pewnych zmian do koszuli, wystarczy \u017ce wykupisz dodatkow\u0105 opcj\u0119<a href=\"https:\/\/talja.pl\/index.php\/produkt\/personalizacja\/\">\u00a0<strong>\u201d PERSONALIZACJA \u201e<\/strong><\/a>. Dzi\u0119ki tej opcji Twoja koszula zyska niepowtarzalno\u015b\u0107 i indywidualny charakter. Przyk\u0142adowe mo\u017cliwo\u015bci zmian w koszuli jakie mo\u017cemy dokona\u0107 : zmiana wymiar\u00f3w, zmiana guzik\u00f3w itp \ud83d\ude42 Skontaktuj si\u0119 z nami\u00a0 mailowo : kontakt@talja.pl . Razem z pewno\u015bci\u0105 wyczarujemy koszul\u0119 Twoich marze\u0144!<\/p>\n","protected":false},"excerpt":{"rendered":"<p>R\u0119cznie oblekane guziczki, struktura jode\u0142ki i retro ko\u0142nierz \u2013 Wiktoria to koszula, w kt\u00f3rej wida\u0107 kunszt i serce w\u0142o\u017cone w ka\u017cdy detal.<\/p>\n<p><strong>Sk\u0142ad : len 55%+ wiskoza 45%<\/strong><\/p>\n<p>Szyta w kameralnej pracowni w Szczecinie. Zamawiaj\u0105c w Talji wspierasz polskie rzemios\u0142o.<\/p>\n<p data-path-to-node=\"4,0\"><b data-path-to-node=\"4,0\" data-index-in-node=\"0\">Czas realizacji zam\u00f3wienia:<\/b><\/p>\n<ul data-path-to-node=\"4,1\">\n<li>\n<p data-path-to-node=\"4,1,0,0\">\ud83d\udce6 <b data-path-to-node=\"4,1,0,0\" data-index-in-node=\"3\">Dost\u0119pne od r\u0119ki:<\/b> Je\u015bli po wybraniu rozmiaru widzisz status \u201ena stanie\u201d lub \u201epozosta\u0142o X sztuk\u201d \u2013 wysy\u0142ka w <b data-path-to-node=\"4,1,0,0\" data-index-in-node=\"90\">2 dni robocze<\/b>.<\/p>\n<\/li>\n<li>\n<p data-path-to-node=\"4,1,1,0\">\ud83e\uddf5 <b data-path-to-node=\"4,1,1,0\" data-index-in-node=\"3\">Szyte na zam\u00f3wienie:<\/b> Brak powy\u017cszego komunikatu oznacza, \u017ce produkt powstanie specjalnie dla Ciebie \u2013 czas oczekiwania to <b data-path-to-node=\"4,1,1,0\" data-index-in-node=\"125\">5\u201314 dni roboczych<\/b>.<\/p>\n<\/li>\n<\/ul>\n","protected":false},"featured_media":14527,"comment_status":"open","ping_status":"closed","template":"","meta":[],"product_brand":[],"product_cat":[39,38,45,130],"product_tag":[117,40,84,25],"class_list":{"0":"post-14466","1":"product","2":"type-product","3":"status-publish","4":"has-post-thumbnail","6":"product_cat-koszule-i-swetry","7":"product_cat-nowosci","8":"product_cat-produkty-na-zamowienie","9":"product_cat-sukienki-z-wiskozy-i-bawelny","10":"product_tag-bawelna","11":"product_tag-bluzka","12":"product_tag-koszula","13":"product_tag-len","15":"entry","16":"has-media","18":"first","19":"instock","20":"taxable","21":"shipping-taxable","22":"purchasable","23":"product-type-variable","24":"wvs-archive-product-wrapper","25":"has-rating","26":"has-product-nav","27":"col","28":"span_1_of_4","29":"owp-content-center","30":"owp-thumbs-layout-horizontal","31":"owp-btn-big","32":"owp-tabs-layout-horizontal"},"yoast_head":"<!-- This site is optimized with the Yoast SEO plugin v27.0 - https:\/\/yoast.com\/product\/yoast-seo-wordpress\/ -->\n<title>WIKTORIA - koszula lniano-bawe\u0142niana - www.talja.pl<\/title>\n<meta name=\"description\" content=\"Wiktoria to koszula, w kt\u00f3rej klasyka spotyka si\u0119 z nut\u0105 retro.Uszyta z wyj\u0105tkowej mieszanki lnu i bawe\u0142ny o pi\u0119knej strukturze jode\u0142ki.\" \/>\n<meta name=\"robots\" content=\"index, follow, max-snippet:-1, max-image-preview:large, max-video-preview:-1\" \/>\n<link rel=\"canonical\" href=\"https:\/\/talja.pl\/index.php\/produkt\/koszula-lniano-bawelniana-wiktoria\/\" \/>\n<meta property=\"og:locale\" content=\"pl_PL\" \/>\n<meta property=\"og:type\" content=\"article\" \/>\n<meta property=\"og:title\" content=\"WIKTORIA - koszula lniano-bawe\u0142niana - www.talja.pl\" \/>\n<meta property=\"og:description\" content=\"Wiktoria to koszula, w kt\u00f3rej klasyka spotyka si\u0119 z nut\u0105 retro.Uszyta z wyj\u0105tkowej mieszanki lnu i bawe\u0142ny o pi\u0119knej strukturze jode\u0142ki.\" \/>\n<meta property=\"og:url\" content=\"https:\/\/talja.pl\/index.php\/produkt\/koszula-lniano-bawelniana-wiktoria\/\" \/>\n<meta property=\"og:site_name\" content=\"www.talja.pl\" \/>\n<meta property=\"article:publisher\" content=\"https:\/\/www.facebook.com\/Talja-418285408906660\/\" \/>\n<meta property=\"article:modified_time\" content=\"2026-04-20T06:23:17+00:00\" \/>\n<meta property=\"og:image\" content=\"https:\/\/talja.pl\/wp-content\/uploads\/2025\/10\/641A9586.jpg\" \/>\n\t<meta property=\"og:image:width\" content=\"1024\" \/>\n\t<meta property=\"og:image:height\" content=\"1536\" \/>\n\t<meta property=\"og:image:type\" content=\"image\/jpeg\" \/>\n<meta name=\"twitter:card\" content=\"summary_large_image\" \/>\n<meta name=\"twitter:site\" content=\"@talja_pracownia\" \/>\n<meta name=\"twitter:label1\" content=\"Szacowany czas czytania\" \/>\n\t<meta name=\"twitter:data1\" content=\"3 minuty\" \/>\n<script type=\"application\/ld+json\" class=\"yoast-schema-graph\">{\"@context\":\"https:\/\/schema.org\",\"@graph\":[{\"@type\":\"WebPage\",\"@id\":\"https:\/\/talja.pl\/index.php\/produkt\/koszula-lniano-bawelniana-wiktoria\/\",\"url\":\"https:\/\/talja.pl\/index.php\/produkt\/koszula-lniano-bawelniana-wiktoria\/\",\"name\":\"WIKTORIA - koszula lniano-bawe\u0142niana - www.talja.pl\",\"isPartOf\":{\"@id\":\"https:\/\/talja.pl\/#website\"},\"primaryImageOfPage\":{\"@id\":\"https:\/\/talja.pl\/index.php\/produkt\/koszula-lniano-bawelniana-wiktoria\/#primaryimage\"},\"image\":{\"@id\":\"https:\/\/talja.pl\/index.php\/produkt\/koszula-lniano-bawelniana-wiktoria\/#primaryimage\"},\"thumbnailUrl\":\"https:\/\/talja.pl\/wp-content\/uploads\/2025\/10\/641A9586.jpg\",\"datePublished\":\"2025-10-23T13:59:43+00:00\",\"dateModified\":\"2026-04-20T06:23:17+00:00\",\"description\":\"Wiktoria to koszula, w kt\u00f3rej klasyka spotyka si\u0119 z nut\u0105 retro.Uszyta z wyj\u0105tkowej mieszanki lnu i bawe\u0142ny o pi\u0119knej strukturze jode\u0142ki.\",\"breadcrumb\":{\"@id\":\"https:\/\/talja.pl\/index.php\/produkt\/koszula-lniano-bawelniana-wiktoria\/#breadcrumb\"},\"inLanguage\":\"pl-PL\",\"potentialAction\":[{\"@type\":\"ReadAction\",\"target\":[\"https:\/\/talja.pl\/index.php\/produkt\/koszula-lniano-bawelniana-wiktoria\/\"]}]},{\"@type\":\"ImageObject\",\"inLanguage\":\"pl-PL\",\"@id\":\"https:\/\/talja.pl\/index.php\/produkt\/koszula-lniano-bawelniana-wiktoria\/#primaryimage\",\"url\":\"https:\/\/talja.pl\/wp-content\/uploads\/2025\/10\/641A9586.jpg\",\"contentUrl\":\"https:\/\/talja.pl\/wp-content\/uploads\/2025\/10\/641A9586.jpg\",\"width\":1024,\"height\":1536,\"caption\":\"koszula lniano bawe\u0142niana Wiktoria Talja pracownia\"},{\"@type\":\"BreadcrumbList\",\"@id\":\"https:\/\/talja.pl\/index.php\/produkt\/koszula-lniano-bawelniana-wiktoria\/#breadcrumb\",\"itemListElement\":[{\"@type\":\"ListItem\",\"position\":1,\"name\":\"Strona g\u0142\u00f3wna\",\"item\":\"https:\/\/talja.pl\/\"},{\"@type\":\"ListItem\",\"position\":2,\"name\":\"talja.pl\",\"item\":\"https:\/\/talja.pl\/index.php\/sklep\/\"},{\"@type\":\"ListItem\",\"position\":3,\"name\":\"WIKTORIA &#8211; koszula lniano-bawe\u0142niana\"}]},{\"@type\":\"WebSite\",\"@id\":\"https:\/\/talja.pl\/#website\",\"url\":\"https:\/\/talja.pl\/\",\"name\":\"www.talja.pl\",\"description\":\"\",\"publisher\":{\"@id\":\"https:\/\/talja.pl\/#organization\"},\"potentialAction\":[{\"@type\":\"SearchAction\",\"target\":{\"@type\":\"EntryPoint\",\"urlTemplate\":\"https:\/\/talja.pl\/?s={search_term_string}\"},\"query-input\":{\"@type\":\"PropertyValueSpecification\",\"valueRequired\":true,\"valueName\":\"search_term_string\"}}],\"inLanguage\":\"pl-PL\"},{\"@type\":\"Organization\",\"@id\":\"https:\/\/talja.pl\/#organization\",\"name\":\"Talja\",\"url\":\"https:\/\/talja.pl\/\",\"logo\":{\"@type\":\"ImageObject\",\"inLanguage\":\"pl-PL\",\"@id\":\"https:\/\/talja.pl\/#\/schema\/logo\/image\/\",\"url\":\"https:\/\/talja.pl\/wp-content\/uploads\/2019\/06\/baner-talja-2.jpg\",\"contentUrl\":\"https:\/\/talja.pl\/wp-content\/uploads\/2019\/06\/baner-talja-2.jpg\",\"width\":1300,\"height\":300,\"caption\":\"Talja\"},\"image\":{\"@id\":\"https:\/\/talja.pl\/#\/schema\/logo\/image\/\"},\"sameAs\":[\"https:\/\/www.facebook.com\/Talja-418285408906660\/\",\"https:\/\/x.com\/talja_pracownia\",\"https:\/\/www.instagram.com\/talja_pracownia\/\"]}]}<\/script>\n<!-- \/ Yoast SEO plugin. -->","yoast_head_json":{"title":"WIKTORIA - koszula lniano-bawe\u0142niana - www.talja.pl","description":"Wiktoria to koszula, w kt\u00f3rej klasyka spotyka si\u0119 z nut\u0105 retro.Uszyta z wyj\u0105tkowej mieszanki lnu i bawe\u0142ny o pi\u0119knej strukturze jode\u0142ki.","robots":{"index":"index","follow":"follow","max-snippet":"max-snippet:-1","max-image-preview":"max-image-preview:large","max-video-preview":"max-video-preview:-1"},"canonical":"https:\/\/talja.pl\/index.php\/produkt\/koszula-lniano-bawelniana-wiktoria\/","og_locale":"pl_PL","og_type":"article","og_title":"WIKTORIA - koszula lniano-bawe\u0142niana - www.talja.pl","og_description":"Wiktoria to koszula, w kt\u00f3rej klasyka spotyka si\u0119 z nut\u0105 retro.Uszyta z wyj\u0105tkowej mieszanki lnu i bawe\u0142ny o pi\u0119knej strukturze jode\u0142ki.","og_url":"https:\/\/talja.pl\/index.php\/produkt\/koszula-lniano-bawelniana-wiktoria\/","og_site_name":"www.talja.pl","article_publisher":"https:\/\/www.facebook.com\/Talja-418285408906660\/","article_modified_time":"2026-04-20T06:23:17+00:00","og_image":[{"width":1024,"height":1536,"url":"https:\/\/talja.pl\/wp-content\/uploads\/2025\/10\/641A9586.jpg","type":"image\/jpeg"}],"twitter_card":"summary_large_image","twitter_site":"@talja_pracownia","twitter_misc":{"Szacowany czas czytania":"3 minuty"},"schema":{"@context":"https:\/\/schema.org","@graph":[{"@type":"WebPage","@id":"https:\/\/talja.pl\/index.php\/produkt\/koszula-lniano-bawelniana-wiktoria\/","url":"https:\/\/talja.pl\/index.php\/produkt\/koszula-lniano-bawelniana-wiktoria\/","name":"WIKTORIA - koszula lniano-bawe\u0142niana - www.talja.pl","isPartOf":{"@id":"https:\/\/talja.pl\/#website"},"primaryImageOfPage":{"@id":"https:\/\/talja.pl\/index.php\/produkt\/koszula-lniano-bawelniana-wiktoria\/#primaryimage"},"image":{"@id":"https:\/\/talja.pl\/index.php\/produkt\/koszula-lniano-bawelniana-wiktoria\/#primaryimage"},"thumbnailUrl":"https:\/\/talja.pl\/wp-content\/uploads\/2025\/10\/641A9586.jpg","datePublished":"2025-10-23T13:59:43+00:00","dateModified":"2026-04-20T06:23:17+00:00","description":"Wiktoria to koszula, w kt\u00f3rej klasyka spotyka si\u0119 z nut\u0105 retro.Uszyta z wyj\u0105tkowej mieszanki lnu i bawe\u0142ny o pi\u0119knej strukturze jode\u0142ki.","breadcrumb":{"@id":"https:\/\/talja.pl\/index.php\/produkt\/koszula-lniano-bawelniana-wiktoria\/#breadcrumb"},"inLanguage":"pl-PL","potentialAction":[{"@type":"ReadAction","target":["https:\/\/talja.pl\/index.php\/produkt\/koszula-lniano-bawelniana-wiktoria\/"]}]},{"@type":"ImageObject","inLanguage":"pl-PL","@id":"https:\/\/talja.pl\/index.php\/produkt\/koszula-lniano-bawelniana-wiktoria\/#primaryimage","url":"https:\/\/talja.pl\/wp-content\/uploads\/2025\/10\/641A9586.jpg","contentUrl":"https:\/\/talja.pl\/wp-content\/uploads\/2025\/10\/641A9586.jpg","width":1024,"height":1536,"caption":"koszula lniano bawe\u0142niana Wiktoria Talja pracownia"},{"@type":"BreadcrumbList","@id":"https:\/\/talja.pl\/index.php\/produkt\/koszula-lniano-bawelniana-wiktoria\/#breadcrumb","itemListElement":[{"@type":"ListItem","position":1,"name":"Strona g\u0142\u00f3wna","item":"https:\/\/talja.pl\/"},{"@type":"ListItem","position":2,"name":"talja.pl","item":"https:\/\/talja.pl\/index.php\/sklep\/"},{"@type":"ListItem","position":3,"name":"WIKTORIA &#8211; koszula lniano-bawe\u0142niana"}]},{"@type":"WebSite","@id":"https:\/\/talja.pl\/#website","url":"https:\/\/talja.pl\/","name":"www.talja.pl","description":"","publisher":{"@id":"https:\/\/talja.pl\/#organization"},"potentialAction":[{"@type":"SearchAction","target":{"@type":"EntryPoint","urlTemplate":"https:\/\/talja.pl\/?s={search_term_string}"},"query-input":{"@type":"PropertyValueSpecification","valueRequired":true,"valueName":"search_term_string"}}],"inLanguage":"pl-PL"},{"@type":"Organization","@id":"https:\/\/talja.pl\/#organization","name":"Talja","url":"https:\/\/talja.pl\/","logo":{"@type":"ImageObject","inLanguage":"pl-PL","@id":"https:\/\/talja.pl\/#\/schema\/logo\/image\/","url":"https:\/\/talja.pl\/wp-content\/uploads\/2019\/06\/baner-talja-2.jpg","contentUrl":"https:\/\/talja.pl\/wp-content\/uploads\/2019\/06\/baner-talja-2.jpg","width":1300,"height":300,"caption":"Talja"},"image":{"@id":"https:\/\/talja.pl\/#\/schema\/logo\/image\/"},"sameAs":["https:\/\/www.facebook.com\/Talja-418285408906660\/","https:\/\/x.com\/talja_pracownia","https:\/\/www.instagram.com\/talja_pracownia\/"]}]}},"_links":{"self":[{"href":"https:\/\/talja.pl\/index.php\/wp-json\/wp\/v2\/product\/14466","targetHints":{"allow":["GET"]}}],"collection":[{"href":"https:\/\/talja.pl\/index.php\/wp-json\/wp\/v2\/product"}],"about":[{"href":"https:\/\/talja.pl\/index.php\/wp-json\/wp\/v2\/types\/product"}],"replies":[{"embeddable":true,"href":"https:\/\/talja.pl\/index.php\/wp-json\/wp\/v2\/comments?post=14466"}],"version-history":[{"count":13,"href":"https:\/\/talja.pl\/index.php\/wp-json\/wp\/v2\/product\/14466\/revisions"}],"predecessor-version":[{"id":14551,"href":"https:\/\/talja.pl\/index.php\/wp-json\/wp\/v2\/product\/14466\/revisions\/14551"}],"wp:featuredmedia":[{"embeddable":true,"href":"https:\/\/talja.pl\/index.php\/wp-json\/wp\/v2\/media\/14527"}],"wp:attachment":[{"href":"https:\/\/talja.pl\/index.php\/wp-json\/wp\/v2\/media?parent=14466"}],"wp:term":[{"taxonomy":"product_brand","embeddable":true,"href":"https:\/\/talja.pl\/index.php\/wp-json\/wp\/v2\/product_brand?post=14466"},{"taxonomy":"product_cat","embeddable":true,"href":"https:\/\/talja.pl\/index.php\/wp-json\/wp\/v2\/product_cat?post=14466"},{"taxonomy":"product_tag","embeddable":true,"href":"https:\/\/talja.pl\/index.php\/wp-json\/wp\/v2\/product_tag?post=14466"}],"curies":[{"name":"wp","href":"https:\/\/api.w.org\/{rel}","templated":true}]}}