{"id":15995,"date":"2026-05-11T19:58:00","date_gmt":"2026-05-11T17:58:00","guid":{"rendered":"https:\/\/talja.pl\/?post_type=product&#038;p=15995"},"modified":"2026-05-11T19:58:01","modified_gmt":"2026-05-11T17:58:01","slug":"felicja-sukienka-wiskozowa","status":"publish","type":"product","link":"https:\/\/talja.pl\/index.php\/produkt\/felicja-sukienka-wiskozowa\/","title":{"rendered":"FELICJA &#8211; sukienka wiskozowa w \u0142\u0105czk\u0119"},"content":{"rendered":"<p class=\"responsive-video-wrap clr\"><iframe title=\"Sukienka Felicja short sleeves\" width=\"563\" height=\"1000\" src=\"https:\/\/www.youtube.com\/embed\/koxsGkpje1o?feature=oembed\" frameborder=\"0\" allow=\"accelerometer; autoplay; clipboard-write; encrypted-media; gyroscope; picture-in-picture; web-share\" referrerpolicy=\"strict-origin-when-cross-origin\" allowfullscreen><\/iframe><\/p>\n<p data-path-to-node=\"3\"><b data-path-to-node=\"3\" data-index-in-node=\"0\">Sukienka wiskozowa Felicja short sleeves<\/b><\/p>\n<p data-path-to-node=\"4\">Felicja to Wasza absolutna ulubienica. Tym razem w nowej ods\u0142oni\u0119 w kr\u00f3tkim r\u0119kawku i uroczej tkaninie.<\/p>\n<p data-path-to-node=\"5\">To istna gratka dla mi\u0142o\u015bniczek retro fason\u00f3w w nowoczesnym, lekkim wydaniu. Tym razem uszy\u0142y\u015bmy j\u0105 z przepi\u0119knej, najwy\u017cszej jako\u015bci <b data-path-to-node=\"5\" data-index-in-node=\"134\">100% wiskozy o sko\u015bnym splocie (tzw. twill)<\/b>. Dzi\u0119ki temu materia\u0142 jest nie tylko cudownie przewiewny i idealnie op\u0142ywaj\u0105cy sylwetk\u0119, ale te\u017c zyskuje szlachetn\u0105, delikatnie wyczuwaln\u0105 pod palcami faktur\u0119. Romantyczny, kwiatowy wz\u00f3r sprawi, \u017ce nie b\u0119dziesz chcia\u0142a jej zdj\u0105\u0107 przez ca\u0142e lato! W dodatku praktycznie si\u0119 nie gniecie!<\/p>\n<p data-path-to-node=\"6\"><b data-path-to-node=\"6\" data-index-in-node=\"0\">Za co j\u0105 pokochasz?<\/b><\/p>\n<ul data-path-to-node=\"7\">\n<li><b data-path-to-node=\"6\" data-index-in-node=\"22\">idealny na ciep\u0142e dni kr\u00f3tki r\u0119kawek<\/b>, wyko\u0144czony t\u0105 sam\u0105, urocz\u0105 bawe\u0142nian\u0105 koronk\u0105 co ko\u0142nierzyk<\/li>\n<li>\n<p data-path-to-node=\"7,0,0\"><b data-path-to-node=\"7,0,0\" data-index-in-node=\"0\">wygodny kr\u00f3j<\/b> z wi\u0119kszymi luzami w talii i ukrytymi w jej tylnej cz\u0119\u015bci troczkami. Z \u0142atwo\u015bci\u0105 zawi\u0105\u017cesz je w romantyczn\u0105 kokardk\u0119 na plecach, idealnie dopasowuj\u0105c sukienk\u0119 do swojej sylwetki<\/p>\n<\/li>\n<li>\n<p data-path-to-node=\"7,1,0\"><b data-path-to-node=\"7,1,0\" data-index-in-node=\"0\">przykuwaj\u0105cy uwag\u0119 dekolt:<\/b> uroczy, retro ko\u0142nierzyk obszyty bawe\u0142nian\u0105 koronk\u0105, po\u0142\u0105czony z szalenie kobiec\u0105 i wysmuklaj\u0105c\u0105 szyj\u0119 konstrukcj\u0105 w szpic (V-neck)<\/p>\n<\/li>\n<li>\n<p data-path-to-node=\"7,2,0\"><b data-path-to-node=\"7,2,0\" data-index-in-node=\"0\">najwy\u017cszej jako\u015bci 100% wiskoza ze splotem sko\u015bnym<\/b>, kt\u00f3ra pi\u0119knie \u201epracuje\u201d w ruchu, jest mi\u0119sista, a zarazem niezwykle przewiewna<\/p>\n<\/li>\n<li>\n<p data-path-to-node=\"7,3,0\"><b data-path-to-node=\"7,3,0\" data-index-in-node=\"0\">prz\u00f3d zapinany na r\u0119cznie oblekane tkanin\u0105 guziczki<\/b> (kt\u00f3re \u2013 jak we wszystkich naszych projektach \u2013 s\u0105 w pe\u0142ni odpinane!)<\/p>\n<\/li>\n<li>\n<p data-path-to-node=\"7,4,0\"><b data-path-to-node=\"7,4,0\" data-index-in-node=\"0\">efektowne marszczenia<\/b>, kt\u00f3re dodaj\u0105 do\u0142owi sukienki dziewcz\u0119cej lekko\u015bci<\/p>\n<\/li>\n<li>\n<p data-path-to-node=\"7,5,0\">dost\u0119pna w sprawdzonej <b data-path-to-node=\"7,5,0\" data-index-in-node=\"31\">d\u0142ugo\u015bci MIDI <\/b>(73 cm od talii)<\/p>\n<\/li>\n<li>\n<p data-path-to-node=\"7,6,0\"><b data-path-to-node=\"7,6,0\" data-index-in-node=\"0\">lokalna produkcja:<\/b> krojona i szyta z ogromn\u0105 dba\u0142o\u015bci\u0105 o ka\u017cdy detal w naszej niewielkiej manufakturze w Szczecinie.<\/p>\n<\/li>\n<\/ul>\n<p><img decoding=\"async\" class=\"aligncenter wp-image-5333 size-medium\" src=\"https:\/\/talja.pl\/wp-content\/uploads\/2022\/04\/Certyfikat-Oeko-Tex-standard-100-e1698257301591-300x119.png\" alt=\"\" width=\"300\" height=\"119\" \/><\/p>\n<table border=\"0\" width=\"682\" cellspacing=\"0\" cellpadding=\"0\">\n<colgroup>\n<col width=\"87\" \/>\n<col width=\"252\" \/>\n<col width=\"115\" \/>\n<col width=\"141\" \/>\n<col width=\"87\" \/><\/colgroup>\n<tbody>\n<tr>\n<td class=\"xl69\" width=\"87\" height=\"80\">rozmiar<\/td>\n<td class=\"xl71\" width=\"252\">szeroko\u015b\u0107 sukienki mierzona na p\u0142asko w biu\u015bcie<\/td>\n<td class=\"xl72\" width=\"115\">szeroko\u015b\u0107 sukienki mierzona na p\u0142asko w talii<\/td>\n<td class=\"xl72\" width=\"141\">szeroko\u015b\u0107 sukienki mierzona z zawi\u0105szanymi troczkami<\/td>\n<td class=\"xl71\" width=\"87\">d\u0142ugo\u015b\u0107 ca\u0142kowita sukienki<\/td>\n<\/tr>\n<tr>\n<td class=\"xl70\" height=\"19\">s<\/td>\n<td class=\"xl73\">45 cm<\/td>\n<td class=\"xl73\">40 cm<\/td>\n<td class=\"xl73\">34 cm<\/td>\n<td class=\"xl74\">113,0 cm<\/td>\n<\/tr>\n<tr>\n<td class=\"xl70\" height=\"19\">m<\/td>\n<td class=\"xl73\">47 cm<\/td>\n<td class=\"xl73\">42 cm<\/td>\n<td class=\"xl73\">36 cm<\/td>\n<td class=\"xl74\">1113,5 cm<\/td>\n<\/tr>\n<tr>\n<td class=\"xl70\" height=\"19\">l<\/td>\n<td class=\"xl73\">49 cm<\/td>\n<td class=\"xl73\">44 cm<\/td>\n<td class=\"xl73\">38 cm<\/td>\n<td class=\"xl74\">114,0 cm<\/td>\n<\/tr>\n<tr>\n<td class=\"xl70\" height=\"19\">xl<\/td>\n<td class=\"xl73\">51 cm<\/td>\n<td class=\"xl73\">46 cm<\/td>\n<td class=\"xl73\">40 cm<\/td>\n<td class=\"xl74\">114,5 cm<\/td>\n<\/tr>\n<tr>\n<td class=\"xl75\" colspan=\"5\" rowspan=\"2\" width=\"682\" height=\"38\">Przy wyborze sukienki kieruj si\u0119 wymiarami biustu.Wskazane by by\u0142o tutaj 3-4cm luzu.\u00a0 Sukienka ma w talii troczki, kt\u00f3rymi dostosujesz j\u0105 do wymiar\u00f3w swojej talii.<\/p>\n<p>Wymiary +\/- 2cm<\/td>\n<\/tr>\n<\/tbody>\n<\/table>\n<p>Natalia ma wzrost 173cm, obw\u00f3d biustu 83cm, obw\u00f3d talii 69cm i prezentuje rozmiar S.<\/p>\n<p><strong>Sk\u0142ad<\/strong> : wiskoza o sko\u015bnym splocie 100%, certyfikat Oeko TEX Standard 100<\/p>\n<p><em>Masz pytania , w\u0105tpliwo\u015bci? Nie wiesz, kt\u00f3ry rozmiar wybra\u0107, lub chcia\u0142aby\u015b spersonalizowa\u0107 sukienk\u0119? Napisz do nas na kotankt@talja.pl \u2013 z ch\u0119ci\u0105 pomo\u017cemy!<\/em><\/p>\n","protected":false},"excerpt":{"rendered":"<div class=\"woocommerce-product-details__short-description\">\n<p>Subtelna sukienka z lekk\u0105 nut\u0105 vintage uszyta z najwy\u017cszej \u00a0jako\u015bci, mi\u0119sistej tkaniny wiskozowej . Wersj\u0119 w d\u0142ugim r\u0119kawku tej sukienki znajdziesz <a href=\"https:\/\/talja.pl\/index.php\/produkt\/felicja-sukienka-z-wiskozy\/\">tutaj.\u00a0<\/a><\/p>\n<p><strong>Sk\u0142ad : wiskoza 100%\u00a0<\/strong><\/p>\n<p>Szyta w kameralnej pracowni w Szczecinie. Zamawiaj\u0105c w Talji wspierasz polskie rzemios\u0142o.<\/p>\n<p><em>Wysy\u0142ka w : 5-14 dni roboczych . Pami\u0119taj : wszystkie nasze sukienki szyte s\u0105 przez nas dopiero po z\u0142o\u017ceniu zam\u00f3wienia. Pozw\u00f3l nam na precyzyjn\u0105 realizacj\u0119 Twojego zam\u00f3wienia<\/em>.<\/p>\n<p><b data-path-to-node=\"9,0\" data-index-in-node=\"3\">\ud83d\udd25 <span style=\"color: #ff0000;\">Ni\u017csza premierowa cena tylko do 18.05<\/span> \ud83d\udd25<\/b><\/p>\n<\/div>\n","protected":false},"featured_media":16016,"comment_status":"open","ping_status":"closed","template":"","meta":[],"product_brand":[],"product_cat":[15,38,45,20,130],"product_tag":[26,120,119],"class_list":{"0":"post-15995","1":"product","2":"type-product","3":"status-publish","4":"has-post-thumbnail","6":"product_cat-bez-kategorii","7":"product_cat-nowosci","8":"product_cat-produkty-na-zamowienie","9":"product_cat-sukienki-lniane","10":"product_cat-sukienki-z-wiskozy-i-bawelny","11":"product_tag-sukienka","12":"product_tag-sukienka-wiskozowa","13":"product_tag-wiskoza","15":"entry","16":"has-media","18":"first","19":"instock","20":"sale","21":"taxable","22":"shipping-taxable","23":"purchasable","24":"product-type-variable","25":"wvs-archive-product-wrapper","26":"has-product-nav","27":"col","28":"span_1_of_4","29":"owp-content-center","30":"owp-thumbs-layout-horizontal","31":"owp-btn-big","32":"owp-tabs-layout-horizontal"},"yoast_head":"<!-- This site is optimized with the Yoast SEO plugin v27.0 - https:\/\/yoast.com\/product\/yoast-seo-wordpress\/ -->\n<title>FELICJA - sukienka wiskozowa w \u0142\u0105czk\u0119 - www.talja.pl<\/title>\n<meta name=\"description\" content=\"Niezwykle eteryczna z odrobin\u0105 nuty retro sukienka z wiskozy najwy\u017cszej jako\u015bci. Nasz bestseller! Szyta w kameralnej pracowni w Szczecinie.\" \/>\n<meta name=\"robots\" content=\"index, follow, max-snippet:-1, max-image-preview:large, max-video-preview:-1\" \/>\n<link rel=\"canonical\" href=\"https:\/\/talja.pl\/index.php\/produkt\/felicja-sukienka-wiskozowa\/\" \/>\n<meta property=\"og:locale\" content=\"pl_PL\" \/>\n<meta property=\"og:type\" content=\"article\" \/>\n<meta property=\"og:title\" content=\"FELICJA - sukienka wiskozowa w \u0142\u0105czk\u0119 - www.talja.pl\" \/>\n<meta property=\"og:description\" content=\"Niezwykle eteryczna z odrobin\u0105 nuty retro sukienka z wiskozy najwy\u017cszej jako\u015bci. Nasz bestseller! Szyta w kameralnej pracowni w Szczecinie.\" \/>\n<meta property=\"og:url\" content=\"https:\/\/talja.pl\/index.php\/produkt\/felicja-sukienka-wiskozowa\/\" \/>\n<meta property=\"og:site_name\" content=\"www.talja.pl\" \/>\n<meta property=\"article:publisher\" content=\"https:\/\/www.facebook.com\/Talja-418285408906660\/\" \/>\n<meta property=\"article:modified_time\" content=\"2026-05-11T17:58:01+00:00\" \/>\n<meta property=\"og:image\" content=\"https:\/\/talja.pl\/wp-content\/uploads\/2026\/05\/Felicja-_wiskzoa_profi.webp\" \/>\n\t<meta property=\"og:image:width\" content=\"910\" \/>\n\t<meta property=\"og:image:height\" content=\"1352\" \/>\n\t<meta property=\"og:image:type\" content=\"image\/webp\" \/>\n<meta name=\"twitter:card\" content=\"summary_large_image\" \/>\n<meta name=\"twitter:site\" content=\"@talja_pracownia\" \/>\n<meta name=\"twitter:label1\" content=\"Szacowany czas czytania\" \/>\n\t<meta name=\"twitter:data1\" content=\"3 minuty\" \/>\n<script type=\"application\/ld+json\" class=\"yoast-schema-graph\">{\"@context\":\"https:\/\/schema.org\",\"@graph\":[{\"@type\":\"WebPage\",\"@id\":\"https:\/\/talja.pl\/index.php\/produkt\/felicja-sukienka-wiskozowa\/\",\"url\":\"https:\/\/talja.pl\/index.php\/produkt\/felicja-sukienka-wiskozowa\/\",\"name\":\"FELICJA - sukienka wiskozowa w \u0142\u0105czk\u0119 - www.talja.pl\",\"isPartOf\":{\"@id\":\"https:\/\/talja.pl\/#website\"},\"primaryImageOfPage\":{\"@id\":\"https:\/\/talja.pl\/index.php\/produkt\/felicja-sukienka-wiskozowa\/#primaryimage\"},\"image\":{\"@id\":\"https:\/\/talja.pl\/index.php\/produkt\/felicja-sukienka-wiskozowa\/#primaryimage\"},\"thumbnailUrl\":\"https:\/\/talja.pl\/wp-content\/uploads\/2026\/05\/Felicja-_wiskzoa_profi.webp\",\"datePublished\":\"2026-05-11T17:58:00+00:00\",\"dateModified\":\"2026-05-11T17:58:01+00:00\",\"description\":\"Niezwykle eteryczna z odrobin\u0105 nuty retro sukienka z wiskozy najwy\u017cszej jako\u015bci. Nasz bestseller! Szyta w kameralnej pracowni w Szczecinie.\",\"breadcrumb\":{\"@id\":\"https:\/\/talja.pl\/index.php\/produkt\/felicja-sukienka-wiskozowa\/#breadcrumb\"},\"inLanguage\":\"pl-PL\",\"potentialAction\":[{\"@type\":\"ReadAction\",\"target\":[\"https:\/\/talja.pl\/index.php\/produkt\/felicja-sukienka-wiskozowa\/\"]}]},{\"@type\":\"ImageObject\",\"inLanguage\":\"pl-PL\",\"@id\":\"https:\/\/talja.pl\/index.php\/produkt\/felicja-sukienka-wiskozowa\/#primaryimage\",\"url\":\"https:\/\/talja.pl\/wp-content\/uploads\/2026\/05\/Felicja-_wiskzoa_profi.webp\",\"contentUrl\":\"https:\/\/talja.pl\/wp-content\/uploads\/2026\/05\/Felicja-_wiskzoa_profi.webp\",\"width\":910,\"height\":1352,\"caption\":\"Felicja_sukienka_talja_wiskoza\"},{\"@type\":\"BreadcrumbList\",\"@id\":\"https:\/\/talja.pl\/index.php\/produkt\/felicja-sukienka-wiskozowa\/#breadcrumb\",\"itemListElement\":[{\"@type\":\"ListItem\",\"position\":1,\"name\":\"Strona g\u0142\u00f3wna\",\"item\":\"https:\/\/talja.pl\/\"},{\"@type\":\"ListItem\",\"position\":2,\"name\":\"talja.pl\",\"item\":\"https:\/\/talja.pl\/index.php\/sklep\/\"},{\"@type\":\"ListItem\",\"position\":3,\"name\":\"FELICJA &#8211; sukienka wiskozowa w \u0142\u0105czk\u0119\"}]},{\"@type\":\"WebSite\",\"@id\":\"https:\/\/talja.pl\/#website\",\"url\":\"https:\/\/talja.pl\/\",\"name\":\"www.talja.pl\",\"description\":\"\",\"publisher\":{\"@id\":\"https:\/\/talja.pl\/#organization\"},\"potentialAction\":[{\"@type\":\"SearchAction\",\"target\":{\"@type\":\"EntryPoint\",\"urlTemplate\":\"https:\/\/talja.pl\/?s={search_term_string}\"},\"query-input\":{\"@type\":\"PropertyValueSpecification\",\"valueRequired\":true,\"valueName\":\"search_term_string\"}}],\"inLanguage\":\"pl-PL\"},{\"@type\":\"Organization\",\"@id\":\"https:\/\/talja.pl\/#organization\",\"name\":\"Talja\",\"url\":\"https:\/\/talja.pl\/\",\"logo\":{\"@type\":\"ImageObject\",\"inLanguage\":\"pl-PL\",\"@id\":\"https:\/\/talja.pl\/#\/schema\/logo\/image\/\",\"url\":\"https:\/\/talja.pl\/wp-content\/uploads\/2019\/06\/baner-talja-2.jpg\",\"contentUrl\":\"https:\/\/talja.pl\/wp-content\/uploads\/2019\/06\/baner-talja-2.jpg\",\"width\":1300,\"height\":300,\"caption\":\"Talja\"},\"image\":{\"@id\":\"https:\/\/talja.pl\/#\/schema\/logo\/image\/\"},\"sameAs\":[\"https:\/\/www.facebook.com\/Talja-418285408906660\/\",\"https:\/\/x.com\/talja_pracownia\",\"https:\/\/www.instagram.com\/talja_pracownia\/\"]}]}<\/script>\n<!-- \/ Yoast SEO plugin. -->","yoast_head_json":{"title":"FELICJA - sukienka wiskozowa w \u0142\u0105czk\u0119 - www.talja.pl","description":"Niezwykle eteryczna z odrobin\u0105 nuty retro sukienka z wiskozy najwy\u017cszej jako\u015bci. Nasz bestseller! Szyta w kameralnej pracowni w Szczecinie.","robots":{"index":"index","follow":"follow","max-snippet":"max-snippet:-1","max-image-preview":"max-image-preview:large","max-video-preview":"max-video-preview:-1"},"canonical":"https:\/\/talja.pl\/index.php\/produkt\/felicja-sukienka-wiskozowa\/","og_locale":"pl_PL","og_type":"article","og_title":"FELICJA - sukienka wiskozowa w \u0142\u0105czk\u0119 - www.talja.pl","og_description":"Niezwykle eteryczna z odrobin\u0105 nuty retro sukienka z wiskozy najwy\u017cszej jako\u015bci. Nasz bestseller! Szyta w kameralnej pracowni w Szczecinie.","og_url":"https:\/\/talja.pl\/index.php\/produkt\/felicja-sukienka-wiskozowa\/","og_site_name":"www.talja.pl","article_publisher":"https:\/\/www.facebook.com\/Talja-418285408906660\/","article_modified_time":"2026-05-11T17:58:01+00:00","og_image":[{"width":910,"height":1352,"url":"https:\/\/talja.pl\/wp-content\/uploads\/2026\/05\/Felicja-_wiskzoa_profi.webp","type":"image\/webp"}],"twitter_card":"summary_large_image","twitter_site":"@talja_pracownia","twitter_misc":{"Szacowany czas czytania":"3 minuty"},"schema":{"@context":"https:\/\/schema.org","@graph":[{"@type":"WebPage","@id":"https:\/\/talja.pl\/index.php\/produkt\/felicja-sukienka-wiskozowa\/","url":"https:\/\/talja.pl\/index.php\/produkt\/felicja-sukienka-wiskozowa\/","name":"FELICJA - sukienka wiskozowa w \u0142\u0105czk\u0119 - www.talja.pl","isPartOf":{"@id":"https:\/\/talja.pl\/#website"},"primaryImageOfPage":{"@id":"https:\/\/talja.pl\/index.php\/produkt\/felicja-sukienka-wiskozowa\/#primaryimage"},"image":{"@id":"https:\/\/talja.pl\/index.php\/produkt\/felicja-sukienka-wiskozowa\/#primaryimage"},"thumbnailUrl":"https:\/\/talja.pl\/wp-content\/uploads\/2026\/05\/Felicja-_wiskzoa_profi.webp","datePublished":"2026-05-11T17:58:00+00:00","dateModified":"2026-05-11T17:58:01+00:00","description":"Niezwykle eteryczna z odrobin\u0105 nuty retro sukienka z wiskozy najwy\u017cszej jako\u015bci. Nasz bestseller! Szyta w kameralnej pracowni w Szczecinie.","breadcrumb":{"@id":"https:\/\/talja.pl\/index.php\/produkt\/felicja-sukienka-wiskozowa\/#breadcrumb"},"inLanguage":"pl-PL","potentialAction":[{"@type":"ReadAction","target":["https:\/\/talja.pl\/index.php\/produkt\/felicja-sukienka-wiskozowa\/"]}]},{"@type":"ImageObject","inLanguage":"pl-PL","@id":"https:\/\/talja.pl\/index.php\/produkt\/felicja-sukienka-wiskozowa\/#primaryimage","url":"https:\/\/talja.pl\/wp-content\/uploads\/2026\/05\/Felicja-_wiskzoa_profi.webp","contentUrl":"https:\/\/talja.pl\/wp-content\/uploads\/2026\/05\/Felicja-_wiskzoa_profi.webp","width":910,"height":1352,"caption":"Felicja_sukienka_talja_wiskoza"},{"@type":"BreadcrumbList","@id":"https:\/\/talja.pl\/index.php\/produkt\/felicja-sukienka-wiskozowa\/#breadcrumb","itemListElement":[{"@type":"ListItem","position":1,"name":"Strona g\u0142\u00f3wna","item":"https:\/\/talja.pl\/"},{"@type":"ListItem","position":2,"name":"talja.pl","item":"https:\/\/talja.pl\/index.php\/sklep\/"},{"@type":"ListItem","position":3,"name":"FELICJA &#8211; sukienka wiskozowa w \u0142\u0105czk\u0119"}]},{"@type":"WebSite","@id":"https:\/\/talja.pl\/#website","url":"https:\/\/talja.pl\/","name":"www.talja.pl","description":"","publisher":{"@id":"https:\/\/talja.pl\/#organization"},"potentialAction":[{"@type":"SearchAction","target":{"@type":"EntryPoint","urlTemplate":"https:\/\/talja.pl\/?s={search_term_string}"},"query-input":{"@type":"PropertyValueSpecification","valueRequired":true,"valueName":"search_term_string"}}],"inLanguage":"pl-PL"},{"@type":"Organization","@id":"https:\/\/talja.pl\/#organization","name":"Talja","url":"https:\/\/talja.pl\/","logo":{"@type":"ImageObject","inLanguage":"pl-PL","@id":"https:\/\/talja.pl\/#\/schema\/logo\/image\/","url":"https:\/\/talja.pl\/wp-content\/uploads\/2019\/06\/baner-talja-2.jpg","contentUrl":"https:\/\/talja.pl\/wp-content\/uploads\/2019\/06\/baner-talja-2.jpg","width":1300,"height":300,"caption":"Talja"},"image":{"@id":"https:\/\/talja.pl\/#\/schema\/logo\/image\/"},"sameAs":["https:\/\/www.facebook.com\/Talja-418285408906660\/","https:\/\/x.com\/talja_pracownia","https:\/\/www.instagram.com\/talja_pracownia\/"]}]}},"_links":{"self":[{"href":"https:\/\/talja.pl\/index.php\/wp-json\/wp\/v2\/product\/15995","targetHints":{"allow":["GET"]}}],"collection":[{"href":"https:\/\/talja.pl\/index.php\/wp-json\/wp\/v2\/product"}],"about":[{"href":"https:\/\/talja.pl\/index.php\/wp-json\/wp\/v2\/types\/product"}],"replies":[{"embeddable":true,"href":"https:\/\/talja.pl\/index.php\/wp-json\/wp\/v2\/comments?post=15995"}],"version-history":[{"count":5,"href":"https:\/\/talja.pl\/index.php\/wp-json\/wp\/v2\/product\/15995\/revisions"}],"predecessor-version":[{"id":16136,"href":"https:\/\/talja.pl\/index.php\/wp-json\/wp\/v2\/product\/15995\/revisions\/16136"}],"wp:featuredmedia":[{"embeddable":true,"href":"https:\/\/talja.pl\/index.php\/wp-json\/wp\/v2\/media\/16016"}],"wp:attachment":[{"href":"https:\/\/talja.pl\/index.php\/wp-json\/wp\/v2\/media?parent=15995"}],"wp:term":[{"taxonomy":"product_brand","embeddable":true,"href":"https:\/\/talja.pl\/index.php\/wp-json\/wp\/v2\/product_brand?post=15995"},{"taxonomy":"product_cat","embeddable":true,"href":"https:\/\/talja.pl\/index.php\/wp-json\/wp\/v2\/product_cat?post=15995"},{"taxonomy":"product_tag","embeddable":true,"href":"https:\/\/talja.pl\/index.php\/wp-json\/wp\/v2\/product_tag?post=15995"}],"curies":[{"name":"wp","href":"https:\/\/api.w.org\/{rel}","templated":true}]}}