{"id":16062,"date":"2026-05-11T19:57:59","date_gmt":"2026-05-11T17:57:59","guid":{"rendered":"https:\/\/talja.pl\/?post_type=product&#038;p=16062"},"modified":"2026-05-11T20:00:57","modified_gmt":"2026-05-11T18:00:57","slug":"lniana-sukienka-pola-mini","status":"publish","type":"product","link":"https:\/\/talja.pl\/index.php\/produkt\/lniana-sukienka-pola-mini\/","title":{"rendered":"Lniana sukienka POLA mini"},"content":{"rendered":"<p>&nbsp;<\/p>\n<p class=\"responsive-video-wrap clr\"><iframe title=\"Lniana sukienka Pola Mini\" width=\"1200\" height=\"675\" src=\"https:\/\/www.youtube.com\/embed\/kPeg3rj8Lj0?feature=oembed\" frameborder=\"0\" allow=\"accelerometer; autoplay; clipboard-write; encrypted-media; gyroscope; picture-in-picture; web-share\" referrerpolicy=\"strict-origin-when-cross-origin\" allowfullscreen><\/iframe><\/p>\n<p data-path-to-node=\"3\"><strong>Lniana sukienka POLA mini z wi\u0105zaniami na bokach<\/strong><\/p>\n<p data-path-to-node=\"3\">Sukienka Pola w uroczej ods\u0142onie mini to kwintesencja letniej beztroski i dziewcz\u0119cego wdzi\u0119ku. To siostrzana, kr\u00f3tsza wersja naszego zmys\u0142owego modelu Maxi <a href=\"https:\/\/talja.pl\/index.php\/produkt\/lniana-sukienka-pola-maxi\/\">(klik!)<\/a> , stworzona z my\u015bl\u0105 o najgor\u0119tszych, wakacyjnych dniach i chwilach, w kt\u00f3rych chcesz poczu\u0107 maksymaln\u0105 swobod\u0119. Ta wyj\u0105tkowa <b data-path-to-node=\"3\" data-index-in-node=\"281\">lniana sukienka<\/b> \u0142\u0105czy w sobie urokliwy minimalizm z detalami, kt\u00f3re przyci\u0105gaj\u0105 spojrzenia.<\/p>\n<p data-path-to-node=\"4\">Podobnie jak w d\u0142u\u017cszej wersji, Pola Mini zachwyca czyst\u0105 form\u0105 dekoltu karo (kwadratowego) oraz subtelnymi, cieniutkimi rami\u0105czkami, kt\u00f3re pi\u0119knie eksponuj\u0105 ramiona. Jej najwi\u0119ksz\u0105 ozdob\u0105 pozostaj\u0105 urocze wi\u0105zania na kokardki po bokach, pozwalaj\u0105ce na delikatne dopasowanie sukienki do sylwetki. Suto marszczony d\u00f3\u0142 o d\u0142ugo\u015bci mini przepi\u0119knie uk\u0142ada si\u0119 w ruchu i wspaniale eksponuje nogi. Uszyta w naszej szczeci\u0144skiej pracowni z cudownie zmi\u0119kczanego polskiego lnu, idealnie sprawdzi si\u0119 na pla\u017c\u0119, spacer po mie\u015bcie czy letni\u0105 randk\u0119.<\/p>\n<p data-path-to-node=\"5\"><b data-path-to-node=\"5\" data-index-in-node=\"0\">Za co j\u0105 pokochasz?<\/b><\/p>\n<ul data-path-to-node=\"6\">\n<li>\n<p data-path-to-node=\"6,0,0\">za mo\u017cliwo\u015b\u0107 wyboru jednego z<b data-path-to-node=\"6,0,0\" data-index-in-node=\"31\">\u00a030 kolor\u00f3w<\/b> polskich ln\u00f3w (100% len &#8211; zmi\u0119kczany).<\/p>\n<\/li>\n<li>\n<p data-path-to-node=\"6,1,0\">klasyczny i bardzo twarzowy dekolt karo (kwadratowy).<\/p>\n<\/li>\n<li>\n<p data-path-to-node=\"6,2,0\">subtelne, cieniutkie rami\u0105czka, dodaj\u0105ce figurze lekko\u015bci.<\/p>\n<\/li>\n<li>\n<p data-path-to-node=\"6,3,0\"><b data-path-to-node=\"6,3,0\" data-index-in-node=\"0\">efektowne, urocze wi\u0105zania na bokach<\/b> talii, kt\u00f3re nadaj\u0105 sukience unikalnego, romantycznego charakteru.<\/p>\n<\/li>\n<li>\n<p data-path-to-node=\"6,4,0\">suto marszczony, zwiewny d\u00f3\u0142.<\/p>\n<\/li>\n<li>\n<p data-path-to-node=\"6,5,0\">dziewcz\u0119c\u0105, swobodn\u0105 d\u0142ugo\u015b\u0107 <b data-path-to-node=\"6,5,0\" data-index-in-node=\"29\">MINI<\/b>, idealn\u0105 na najwi\u0119ksze upa\u0142y i pi\u0119knie wyd\u0142u\u017caj\u0105c\u0105 nogi.<\/p>\n<\/li>\n<li>\n<p data-path-to-node=\"6,6,0\">uszycie z sercem i najwi\u0119ksz\u0105 dba\u0142o\u015bci\u0105 w naszej kameralnej manufakturze w Szczecinie.<\/p>\n<\/li>\n<\/ul>\n<h4><strong>Sk\u0142ad i szycie\u00a0<\/strong><\/h4>\n<p>len 100%, cudownie zmi\u0119kczany ; produkcji polskiej. Do wyboru w wielu kolorach !<\/p>\n<p>Sukienka powstanie dla Ciebie w kameralnej szczeci\u0144skiej pracowni .<\/p>\n<p><img decoding=\"async\" class=\"alignnone wp-image-5333 size-medium\" src=\"https:\/\/talja.pl\/wp-content\/uploads\/2022\/04\/Certyfikat-Oeko-Tex-standard-100-300x119.png\" alt=\"\" width=\"300\" height=\"119\" \/>Wszystkie nasze lny s\u0105 produkcji polskiej oraz spe\u0142niaj\u0105 wymogi\u00a0 norm\u00a0<strong>OEKO TEX \u2013 Standard 100<\/strong>, co oznacza, \u017ce zosta\u0142y przebadane i nie zawieraj\u0105 \u015brodk\u00f3w szkodliwych zar\u00f3wno dla cz\u0142owieka jak i \u015brodowiska. Dodatkowo s\u0105 cudownie zmi\u0119kczane, a ten fakt z pewno\u015bci\u0105 doceni Twoja sk\u00f3ra.<\/p>\n<h4><strong>Rozmiar\u00a0<\/strong><\/h4>\n<p>W poni\u017cszej tabeli znajdziesz wymiary gotowego ubrania mierzonego na p\u0142asko.<\/p>\n<p><img fetchpriority=\"high\" decoding=\"async\" class=\"alignnone size-full wp-image-16096\" src=\"https:\/\/talja.pl\/wp-content\/uploads\/2026\/05\/Pola-mini.jpg\" alt=\"\" width=\"442\" height=\"154\" srcset=\"https:\/\/talja.pl\/wp-content\/uploads\/2026\/05\/Pola-mini.jpg 442w, https:\/\/talja.pl\/wp-content\/uploads\/2026\/05\/Pola-mini-300x105.jpg 300w\" sizes=\"(max-width: 442px) 100vw, 442px\" \/><\/p>\n<p>&nbsp;<\/p>\n<p>Natalia (173cm , 83cm biust) prezentuje sukienk\u0119 w rozmiarze S , kolor &#8221; pudrowy r\u00f3\u017c&#8221; oraz &#8220;ciemna ziele\u0144 &#8221; . Je\u015bli chcesz dowiedzie\u0107 si\u0119 wi\u0119cej o kolorach z jakich szyjemy w pracowni &#8211; zerknij<a href=\"https:\/\/talja.pl\/index.php\/kolory-lnow\/\"> tutaj<\/a> .<\/p>\n<p>Je\u015bli masz problem z doborem rozmiaru, czy koloru lnu &#8211; napisz do nas na kontakt@talja.pl \u2013 ch\u0119tnie pomo\u017cemy!<\/p>\n<h4><strong>Piel\u0119gnacja\u00a0<\/strong><\/h4>\n<p>Ubrania z lnu traktuj delikatnie. Nie wybielaj, pierz w 30 stopniach, odwirowuj w pralce na ni\u017cszych obrotach i prasuj max w 150st. Dbaj o nie a b\u0119d\u0105 Ci wdzi\u0119czne.<\/p>\n<h4><strong>Personalizacja<\/strong><\/h4>\n<p>Je\u015bli marzysz o wprowadzeniu pewnych zmian do sukienki, wystarczy \u017ce wykupisz dodatkow\u0105 opcj\u0119<a href=\"https:\/\/talja.pl\/index.php\/produkt\/personalizacja\/\">\u00a0<strong>\u201d PERSONALIZACJA \u201e<\/strong><\/a>. Dzi\u0119ki tej opcji Twoja sukienka zyska niepowtarzalno\u015b\u0107 i indywidualny charakter. Mo\u017cesz bowiem zmieni\u0107 d\u0142ugo\u015b\u0107 sukienki, wysoko\u015b\u0107 stanu, doda\u0107 kieszenie w szwach bocznych itp. Je\u015bli masz jeszcze inny pomys\u0142 na zmodyfikowanie sukienki, a nie znajdujesz go w opcji \u201d Personalizacja\u201d skontaktuj si\u0119 z nami\u00a0 mailowo : kontakt@talja.pl . Razem z pewno\u015bci\u0105 wyczarujemy sukienk\u0119 Twoich marze\u0144!<\/p>\n","protected":false},"excerpt":{"rendered":"<h4><strong>Sk\u0142ad : Len 100% , polskiej produkcji<\/strong><\/h4>\n<p><strong>Model dost\u0119pny w r\u00f3\u017cnych wersjach kolorystycznych. Je\u015bli szukasz maxi wersji tej sukienki zajrzyj <a href=\"https:\/\/talja.pl\/index.php\/produkt\/lniana-sukienka-pola-maxi\/\">tutaj<\/a>.<\/strong><\/p>\n<p><em>Wysy\u0142ka w : 5-14 dni roboczych . Pami\u0119taj : wszystkie nasze sukienki szyte s\u0105 przez nas dopiero po z\u0142o\u017ceniu zam\u00f3wienia. Pozw\u00f3l nam na precyzyjn\u0105 realizacj\u0119 Twojego zam\u00f3wienia<\/em>.<\/p>\n<p><b data-path-to-node=\"9,0\" data-index-in-node=\"3\">\ud83d\udd25 <span style=\"color: #ff0000;\">Ni\u017csza premierowa cena tylko do 18.05<\/span> \ud83d\udd25<\/b><\/p>\n","protected":false},"featured_media":16064,"comment_status":"open","ping_status":"closed","template":"","meta":[],"product_brand":[],"product_cat":[15,38,45,20],"product_tag":[25,26,27],"class_list":{"0":"post-16062","1":"product","2":"type-product","3":"status-publish","4":"has-post-thumbnail","6":"product_cat-bez-kategorii","7":"product_cat-nowosci","8":"product_cat-produkty-na-zamowienie","9":"product_cat-sukienki-lniane","10":"product_tag-len","11":"product_tag-sukienka","12":"product_tag-sukienka-lniana","13":"pa_kolor-kratka-vichy-len-100","14":"pa_kolor-len-30-wiskoza-70","15":"pa_kolor-koktajl-truskawkowy-150g-m2","16":"pa_kolor-malina","17":"pa_kolor-liliowy-170g-m2","18":"pa_kolor-pochmurne-niebo-170g-m2","19":"pa_kolor-zielen-trawiasta-170g-m2","20":"pa_kolor-czerwone-wino-150g-m2","21":"pa_kolor-sliwka-170g-m2","22":"pa_kolor-mleczna-czekolada-170g-m2","23":"pa_kolor-letnie-niebo-150g-m2","24":"pa_kolor-biel-170g-m2","25":"pa_kolor-paski-150g-m2-len-100","26":"pa_kolor-naturalny-150g-m2","27":"pa_kolor-fuksja","28":"pa_kolor-morelowy","29":"pa_kolor-chabrowy-150g-m2","30":"pa_kolor-karmel-170-g-m2","31":"pa_kolor-baby-blue-150g-m2","32":"pa_kolor-pudrowy-roz-150g-m2","33":"pa_kolor-arbuz-150g-m2","34":"pa_kolor-pudrowy-szary-170g-m2","35":"pa_kolor-cegla-150g-m2","36":"pa_kolor-ciemna-zielen-150g-m2","37":"pa_kolor-ciemny-niebieski-170g-m2","38":"pa_kolor-cynamon-150g-m2","39":"pa_kolor-czern-150g-m2","40":"pa_kolor-eukaliptus-150g-m2","41":"pa_kolor-khaki-150g-m2","42":"pa_kolor-melon-150g-m2","43":"pa_kolor-wrszos-150g-m2","44":"pa_kolor-stalowo-szary-170g-m2","45":"pa_kolor-wisnia-150g-m2","47":"entry","48":"has-media","50":"first","51":"instock","52":"sale","53":"taxable","54":"shipping-taxable","55":"purchasable","56":"product-type-variable","57":"wvs-archive-product-wrapper","58":"has-product-nav","59":"col","60":"span_1_of_4","61":"owp-content-center","62":"owp-thumbs-layout-horizontal","63":"owp-btn-big","64":"owp-tabs-layout-horizontal"},"yoast_head":"<!-- This site is optimized with the Yoast SEO plugin v27.0 - https:\/\/yoast.com\/product\/yoast-seo-wordpress\/ -->\n<title>Lniana sukienka POLA mini - www.talja.pl<\/title>\n<meta name=\"description\" content=\"Lniana sukienka Pola mini z efektownymi wi\u0105zaniami na bokach i dekoltem karo. Szyta r\u0119cznie w Polsce z 100% zmi\u0119kczanego lnu w a\u017c 30 kolorach\" \/>\n<meta name=\"robots\" content=\"index, follow, max-snippet:-1, max-image-preview:large, max-video-preview:-1\" \/>\n<link rel=\"canonical\" href=\"https:\/\/talja.pl\/index.php\/produkt\/lniana-sukienka-pola-mini\/\" \/>\n<meta property=\"og:locale\" content=\"pl_PL\" \/>\n<meta property=\"og:type\" content=\"article\" \/>\n<meta property=\"og:title\" content=\"Lniana sukienka POLA mini - www.talja.pl\" \/>\n<meta property=\"og:description\" content=\"Lniana sukienka Pola mini z efektownymi wi\u0105zaniami na bokach i dekoltem karo. Szyta r\u0119cznie w Polsce z 100% zmi\u0119kczanego lnu w a\u017c 30 kolorach\" \/>\n<meta property=\"og:url\" content=\"https:\/\/talja.pl\/index.php\/produkt\/lniana-sukienka-pola-mini\/\" \/>\n<meta property=\"og:site_name\" content=\"www.talja.pl\" \/>\n<meta property=\"article:publisher\" content=\"https:\/\/www.facebook.com\/Talja-418285408906660\/\" \/>\n<meta property=\"article:modified_time\" content=\"2026-05-11T18:00:57+00:00\" \/>\n<meta property=\"og:image\" content=\"https:\/\/talja.pl\/wp-content\/uploads\/2026\/05\/pola_mini_lniana_sukienka.webp\" \/>\n\t<meta property=\"og:image:width\" content=\"829\" \/>\n\t<meta property=\"og:image:height\" content=\"1230\" \/>\n\t<meta property=\"og:image:type\" content=\"image\/webp\" \/>\n<meta name=\"twitter:card\" content=\"summary_large_image\" \/>\n<meta name=\"twitter:site\" content=\"@talja_pracownia\" \/>\n<meta name=\"twitter:label1\" content=\"Szacowany czas czytania\" \/>\n\t<meta name=\"twitter:data1\" content=\"4 minuty\" \/>\n<script type=\"application\/ld+json\" class=\"yoast-schema-graph\">{\"@context\":\"https:\/\/schema.org\",\"@graph\":[{\"@type\":\"WebPage\",\"@id\":\"https:\/\/talja.pl\/index.php\/produkt\/lniana-sukienka-pola-mini\/\",\"url\":\"https:\/\/talja.pl\/index.php\/produkt\/lniana-sukienka-pola-mini\/\",\"name\":\"Lniana sukienka POLA mini - www.talja.pl\",\"isPartOf\":{\"@id\":\"https:\/\/talja.pl\/#website\"},\"primaryImageOfPage\":{\"@id\":\"https:\/\/talja.pl\/index.php\/produkt\/lniana-sukienka-pola-mini\/#primaryimage\"},\"image\":{\"@id\":\"https:\/\/talja.pl\/index.php\/produkt\/lniana-sukienka-pola-mini\/#primaryimage\"},\"thumbnailUrl\":\"https:\/\/talja.pl\/wp-content\/uploads\/2026\/05\/pola_mini_lniana_sukienka.webp\",\"datePublished\":\"2026-05-11T17:57:59+00:00\",\"dateModified\":\"2026-05-11T18:00:57+00:00\",\"description\":\"Lniana sukienka Pola mini z efektownymi wi\u0105zaniami na bokach i dekoltem karo. Szyta r\u0119cznie w Polsce z 100% zmi\u0119kczanego lnu w a\u017c 30 kolorach\",\"breadcrumb\":{\"@id\":\"https:\/\/talja.pl\/index.php\/produkt\/lniana-sukienka-pola-mini\/#breadcrumb\"},\"inLanguage\":\"pl-PL\",\"potentialAction\":[{\"@type\":\"ReadAction\",\"target\":[\"https:\/\/talja.pl\/index.php\/produkt\/lniana-sukienka-pola-mini\/\"]}]},{\"@type\":\"ImageObject\",\"inLanguage\":\"pl-PL\",\"@id\":\"https:\/\/talja.pl\/index.php\/produkt\/lniana-sukienka-pola-mini\/#primaryimage\",\"url\":\"https:\/\/talja.pl\/wp-content\/uploads\/2026\/05\/pola_mini_lniana_sukienka.webp\",\"contentUrl\":\"https:\/\/talja.pl\/wp-content\/uploads\/2026\/05\/pola_mini_lniana_sukienka.webp\",\"width\":829,\"height\":1230,\"caption\":\"talja_pola_mini_lniana_sukienka\"},{\"@type\":\"BreadcrumbList\",\"@id\":\"https:\/\/talja.pl\/index.php\/produkt\/lniana-sukienka-pola-mini\/#breadcrumb\",\"itemListElement\":[{\"@type\":\"ListItem\",\"position\":1,\"name\":\"Strona g\u0142\u00f3wna\",\"item\":\"https:\/\/talja.pl\/\"},{\"@type\":\"ListItem\",\"position\":2,\"name\":\"talja.pl\",\"item\":\"https:\/\/talja.pl\/index.php\/sklep\/\"},{\"@type\":\"ListItem\",\"position\":3,\"name\":\"Lniana sukienka POLA mini\"}]},{\"@type\":\"WebSite\",\"@id\":\"https:\/\/talja.pl\/#website\",\"url\":\"https:\/\/talja.pl\/\",\"name\":\"www.talja.pl\",\"description\":\"\",\"publisher\":{\"@id\":\"https:\/\/talja.pl\/#organization\"},\"potentialAction\":[{\"@type\":\"SearchAction\",\"target\":{\"@type\":\"EntryPoint\",\"urlTemplate\":\"https:\/\/talja.pl\/?s={search_term_string}\"},\"query-input\":{\"@type\":\"PropertyValueSpecification\",\"valueRequired\":true,\"valueName\":\"search_term_string\"}}],\"inLanguage\":\"pl-PL\"},{\"@type\":\"Organization\",\"@id\":\"https:\/\/talja.pl\/#organization\",\"name\":\"Talja\",\"url\":\"https:\/\/talja.pl\/\",\"logo\":{\"@type\":\"ImageObject\",\"inLanguage\":\"pl-PL\",\"@id\":\"https:\/\/talja.pl\/#\/schema\/logo\/image\/\",\"url\":\"https:\/\/talja.pl\/wp-content\/uploads\/2019\/06\/baner-talja-2.jpg\",\"contentUrl\":\"https:\/\/talja.pl\/wp-content\/uploads\/2019\/06\/baner-talja-2.jpg\",\"width\":1300,\"height\":300,\"caption\":\"Talja\"},\"image\":{\"@id\":\"https:\/\/talja.pl\/#\/schema\/logo\/image\/\"},\"sameAs\":[\"https:\/\/www.facebook.com\/Talja-418285408906660\/\",\"https:\/\/x.com\/talja_pracownia\",\"https:\/\/www.instagram.com\/talja_pracownia\/\"]}]}<\/script>\n<!-- \/ Yoast SEO plugin. -->","yoast_head_json":{"title":"Lniana sukienka POLA mini - www.talja.pl","description":"Lniana sukienka Pola mini z efektownymi wi\u0105zaniami na bokach i dekoltem karo. Szyta r\u0119cznie w Polsce z 100% zmi\u0119kczanego lnu w a\u017c 30 kolorach","robots":{"index":"index","follow":"follow","max-snippet":"max-snippet:-1","max-image-preview":"max-image-preview:large","max-video-preview":"max-video-preview:-1"},"canonical":"https:\/\/talja.pl\/index.php\/produkt\/lniana-sukienka-pola-mini\/","og_locale":"pl_PL","og_type":"article","og_title":"Lniana sukienka POLA mini - www.talja.pl","og_description":"Lniana sukienka Pola mini z efektownymi wi\u0105zaniami na bokach i dekoltem karo. Szyta r\u0119cznie w Polsce z 100% zmi\u0119kczanego lnu w a\u017c 30 kolorach","og_url":"https:\/\/talja.pl\/index.php\/produkt\/lniana-sukienka-pola-mini\/","og_site_name":"www.talja.pl","article_publisher":"https:\/\/www.facebook.com\/Talja-418285408906660\/","article_modified_time":"2026-05-11T18:00:57+00:00","og_image":[{"width":829,"height":1230,"url":"https:\/\/talja.pl\/wp-content\/uploads\/2026\/05\/pola_mini_lniana_sukienka.webp","type":"image\/webp"}],"twitter_card":"summary_large_image","twitter_site":"@talja_pracownia","twitter_misc":{"Szacowany czas czytania":"4 minuty"},"schema":{"@context":"https:\/\/schema.org","@graph":[{"@type":"WebPage","@id":"https:\/\/talja.pl\/index.php\/produkt\/lniana-sukienka-pola-mini\/","url":"https:\/\/talja.pl\/index.php\/produkt\/lniana-sukienka-pola-mini\/","name":"Lniana sukienka POLA mini - www.talja.pl","isPartOf":{"@id":"https:\/\/talja.pl\/#website"},"primaryImageOfPage":{"@id":"https:\/\/talja.pl\/index.php\/produkt\/lniana-sukienka-pola-mini\/#primaryimage"},"image":{"@id":"https:\/\/talja.pl\/index.php\/produkt\/lniana-sukienka-pola-mini\/#primaryimage"},"thumbnailUrl":"https:\/\/talja.pl\/wp-content\/uploads\/2026\/05\/pola_mini_lniana_sukienka.webp","datePublished":"2026-05-11T17:57:59+00:00","dateModified":"2026-05-11T18:00:57+00:00","description":"Lniana sukienka Pola mini z efektownymi wi\u0105zaniami na bokach i dekoltem karo. Szyta r\u0119cznie w Polsce z 100% zmi\u0119kczanego lnu w a\u017c 30 kolorach","breadcrumb":{"@id":"https:\/\/talja.pl\/index.php\/produkt\/lniana-sukienka-pola-mini\/#breadcrumb"},"inLanguage":"pl-PL","potentialAction":[{"@type":"ReadAction","target":["https:\/\/talja.pl\/index.php\/produkt\/lniana-sukienka-pola-mini\/"]}]},{"@type":"ImageObject","inLanguage":"pl-PL","@id":"https:\/\/talja.pl\/index.php\/produkt\/lniana-sukienka-pola-mini\/#primaryimage","url":"https:\/\/talja.pl\/wp-content\/uploads\/2026\/05\/pola_mini_lniana_sukienka.webp","contentUrl":"https:\/\/talja.pl\/wp-content\/uploads\/2026\/05\/pola_mini_lniana_sukienka.webp","width":829,"height":1230,"caption":"talja_pola_mini_lniana_sukienka"},{"@type":"BreadcrumbList","@id":"https:\/\/talja.pl\/index.php\/produkt\/lniana-sukienka-pola-mini\/#breadcrumb","itemListElement":[{"@type":"ListItem","position":1,"name":"Strona g\u0142\u00f3wna","item":"https:\/\/talja.pl\/"},{"@type":"ListItem","position":2,"name":"talja.pl","item":"https:\/\/talja.pl\/index.php\/sklep\/"},{"@type":"ListItem","position":3,"name":"Lniana sukienka POLA mini"}]},{"@type":"WebSite","@id":"https:\/\/talja.pl\/#website","url":"https:\/\/talja.pl\/","name":"www.talja.pl","description":"","publisher":{"@id":"https:\/\/talja.pl\/#organization"},"potentialAction":[{"@type":"SearchAction","target":{"@type":"EntryPoint","urlTemplate":"https:\/\/talja.pl\/?s={search_term_string}"},"query-input":{"@type":"PropertyValueSpecification","valueRequired":true,"valueName":"search_term_string"}}],"inLanguage":"pl-PL"},{"@type":"Organization","@id":"https:\/\/talja.pl\/#organization","name":"Talja","url":"https:\/\/talja.pl\/","logo":{"@type":"ImageObject","inLanguage":"pl-PL","@id":"https:\/\/talja.pl\/#\/schema\/logo\/image\/","url":"https:\/\/talja.pl\/wp-content\/uploads\/2019\/06\/baner-talja-2.jpg","contentUrl":"https:\/\/talja.pl\/wp-content\/uploads\/2019\/06\/baner-talja-2.jpg","width":1300,"height":300,"caption":"Talja"},"image":{"@id":"https:\/\/talja.pl\/#\/schema\/logo\/image\/"},"sameAs":["https:\/\/www.facebook.com\/Talja-418285408906660\/","https:\/\/x.com\/talja_pracownia","https:\/\/www.instagram.com\/talja_pracownia\/"]}]}},"_links":{"self":[{"href":"https:\/\/talja.pl\/index.php\/wp-json\/wp\/v2\/product\/16062","targetHints":{"allow":["GET"]}}],"collection":[{"href":"https:\/\/talja.pl\/index.php\/wp-json\/wp\/v2\/product"}],"about":[{"href":"https:\/\/talja.pl\/index.php\/wp-json\/wp\/v2\/types\/product"}],"replies":[{"embeddable":true,"href":"https:\/\/talja.pl\/index.php\/wp-json\/wp\/v2\/comments?post=16062"}],"version-history":[{"count":6,"href":"https:\/\/talja.pl\/index.php\/wp-json\/wp\/v2\/product\/16062\/revisions"}],"predecessor-version":[{"id":16149,"href":"https:\/\/talja.pl\/index.php\/wp-json\/wp\/v2\/product\/16062\/revisions\/16149"}],"wp:featuredmedia":[{"embeddable":true,"href":"https:\/\/talja.pl\/index.php\/wp-json\/wp\/v2\/media\/16064"}],"wp:attachment":[{"href":"https:\/\/talja.pl\/index.php\/wp-json\/wp\/v2\/media?parent=16062"}],"wp:term":[{"taxonomy":"product_brand","embeddable":true,"href":"https:\/\/talja.pl\/index.php\/wp-json\/wp\/v2\/product_brand?post=16062"},{"taxonomy":"product_cat","embeddable":true,"href":"https:\/\/talja.pl\/index.php\/wp-json\/wp\/v2\/product_cat?post=16062"},{"taxonomy":"product_tag","embeddable":true,"href":"https:\/\/talja.pl\/index.php\/wp-json\/wp\/v2\/product_tag?post=16062"}],"curies":[{"name":"wp","href":"https:\/\/api.w.org\/{rel}","templated":true}]}}