{"id":3298,"date":"2025-07-30T08:58:30","date_gmt":"2025-07-30T06:58:30","guid":{"rendered":"https:\/\/talja.pl\/?post_type=product&#038;p=3298"},"modified":"2026-03-17T12:16:47","modified_gmt":"2026-03-17T11:16:47","slug":"lniana-sukienka-kopertowa-zoe-kolory","status":"publish","type":"product","link":"https:\/\/talja.pl\/index.php\/produkt\/lniana-sukienka-kopertowa-zoe-kolory\/","title":{"rendered":"Lniana sukienka kopertowa ZOE"},"content":{"rendered":"<p>Sukienka dost\u0119pna jest w poni\u017cszych rozmiarach oraz trzech d\u0142ugo\u015bciach do wyboru\u00a0 ( Short, Regular oraz Midi )<\/p>\n<p><img fetchpriority=\"high\" decoding=\"async\" class=\"alignnone wp-image-3364 \" src=\"https:\/\/talja.pl\/wp-content\/uploads\/2020\/11\/ZOE-3-DL-WYMIARY-300x97.png\" alt=\"\" width=\"408\" height=\"132\" srcset=\"https:\/\/talja.pl\/wp-content\/uploads\/2020\/11\/ZOE-3-DL-WYMIARY-300x97.png 300w, https:\/\/talja.pl\/wp-content\/uploads\/2020\/11\/ZOE-3-DL-WYMIARY-100x32.png 100w, https:\/\/talja.pl\/wp-content\/uploads\/2020\/11\/ZOE-3-DL-WYMIARY.png 700w\" sizes=\"(max-width: 408px) 100vw, 408px\" \/><\/p>\n<p>&nbsp;<\/p>\n<p>Natalia mierzy 173cm , prezentuje sukienk\u0119 w kolorze &#8221; ciemna ziele\u0144 &#8221; w rozm. S\u00a0 i d\u0142ugo\u015bci &#8220;midi&#8221; . Na manekinie Zoe w kolorze &#8221; letnie niebo&#8221;.<\/p>\n<p>W tym fasonie sukienki najwa\u017cniejsza jest szeroko\u015b\u0107 w biu\u015bcie. W talii jest wygodny luz, kt\u00f3ry zbierzesz troczkami. Je\u015bli masz problem z doborem rozmiaru lub\u00a0<a href=\"https:\/\/talja.pl\/index.php\/produkt\/personalizacja\/\">personalizacj\u0105<\/a>\u00a0sukienki napisz prosz\u0119 do mnie na : kontakt@talja.pl z ch\u0119ci\u0105 pomog\u0119 Ci przy wyborze.<\/p>\n<h5><em>Ubrania z lnu traktuj delikatnie. Nie wybielaj, pierz w 30 stopniach, odwirowuj w pralce na ni\u017cszych obrotach i prasuj max w 150st. Dbaj o nie, a b\u0119d\u0105 Ci wdzi\u0119czne.<\/em><\/h5>\n<h5><em><strong>Dopasuj sukienk\u0119 pod siebie\u00a0<\/strong><\/em><\/h5>\n<h5>J<em>e\u015bli marzysz o wprowadzeniu pewnych zmian do sukienki, wystarczy \u017ce wykupisz dodatkow\u0105 opcj\u0119<a href=\"https:\/\/talja.pl\/index.php\/produkt\/personalizacja\/\">\u00a0<strong>\u201d PERSONALIZACJA \u201e<\/strong><\/a>. Dzi\u0119ki tej opcji Twoja sukienka zyska niepowtarzalno\u015b\u0107 i indywidualny charakter. Mo\u017cesz bowiem zmieni\u0107 d\u0142ugo\u015b\u0107 sukienki, d\u0142ugo\u015b\u0107 r\u0119kawa lub spos\u00f3b wi\u0105zania. Je\u015bli masz jeszcze inny pomys\u0142 na zmodyfikowanie sukienki, a nie znajdujesz go w opcji \u201d Personalizacja\u201d skontaktuj si\u0119 ze mn\u0105\u00a0 mailowo : kontakt@talja.pl . Razem z pewno\u015bci\u0105 wyczarujemy sukienk\u0119 Twoich marze\u0144!\u00a0<\/em><\/h5>\n<h5><em>Ubrania z lnu traktuj delikatnie. Nie wybielaj, pierz w 30 stopniach, odwirowuj w pralce na ni\u017cszych obrotach i prasuj max w 150st. Dbaj o nie, a b\u0119d\u0105 Ci wdzi\u0119czne.<\/em><\/h5>\n<p>&nbsp;<\/p>\n","protected":false},"excerpt":{"rendered":"<p><em>Zoe<\/em> to klasyczna kopertowa sukienka wzbogacona ba\u015bniowym akcentem w postaci bufiastych r\u0119kaw\u00f3w. Kopertowy kr\u00f3j sukienki to rozwi\u0105zanie niezwykle wygodne i na wiele okazji.<em> Za\u0142\u00f3\u017c do niej szpilki, za\u0142\u00f3\u017c do niej trampki i id\u017a przez \u015bwiat tak,\u00a0 jak kochasz!\u00a0<\/em><\/p>\n<p><strong>Sukienka szyta jest w a\u017c 3 d\u0142ugo\u015bciach do wyboru : short, regular i midi.<\/strong> Jest w pe\u0142ni otwierana i posiada wi\u0105zania, kt\u00f3re przewleczesz przez skryt\u0105 dziurk\u0119 w bocznej cz\u0119\u015bci sukienki. Wi\u0105zania te zawi\u0105\u017cesz w kokardk\u0119 z ty\u0142u, lub z boku &#8211; tak jak lubisz. Dekolt w szpic wysmukli szyj\u0119, a wyra\u017anie zaznaczony pas w talii i marszczony d\u00f3\u0142 nadaj\u0105 sylwetce proporcji. Charakteru ca\u0142ej kreacji dodaj\u0105 bufiaste, d\u0142ugie r\u0119kawki zako\u0144czone gumkami. Mo\u017cesz je nosi\u0107 zar\u00f3wno d\u0142ugie, jak i podci\u0105gni\u0119te wy\u017cej.<\/p>\n<p>Sk\u0142ad :\u00a0 najwy\u017cszej jako\u015bci len 100%<\/p>\n<p><strong>Model dost\u0119pny w a\u017c 20 r\u00f3\u017cnych wersjach kolorystycznych.\u00a0<\/strong>Wybierz ten, o kt\u00f3rym marzysz!\u00a0 Wiedz r\u00f3wnie\u017c, \u017ce wszystkie nasze lny s\u0105 produkcji polskiej oraz spe\u0142niaj\u0105 wymogi\u00a0 norm\u00a0<strong>OEKO TEX \u2013 Standard 100<\/strong>, co oznacza, \u017ce zosta\u0142y przebadane i nie zawieraj\u0105 \u015brodk\u00f3w szkodliwych zar\u00f3wno dla cz\u0142owieka jak i \u015brodowiska. Dodatkowo s\u0105 cudownie zmi\u0119kczane, a ten fakt z pewno\u015bci\u0105 doceni Twoja sk\u00f3ra.<\/p>\n<p>Zaprojektowane i uszyte w Polsce.<\/p>\n<h5>Wysy\u0142ka w : 5-14 dni roboczych . Pami\u0119taj : wszystkie lniane sukienki szyte s\u0105 przez nas dopiero po z\u0142o\u017ceniu zam\u00f3wienia. Daj nam czas na precyzyjn\u0105 realizacj\u0119 Twojego zam\u00f3wienia.<\/h5>\n<h5><\/h5>\n","protected":false},"featured_media":2505,"comment_status":"open","ping_status":"closed","template":"","meta":[],"product_brand":[],"product_cat":[45,20,140],"product_tag":[25,26,27],"class_list":{"0":"post-3298","1":"product","2":"type-product","3":"status-publish","4":"has-post-thumbnail","6":"product_cat-produkty-na-zamowienie","7":"product_cat-sukienki-lniane","8":"product_cat-sukienki-dlugi-rekaw","9":"product_tag-len","10":"product_tag-sukienka","11":"product_tag-sukienka-lniana","12":"pa_kolor-kratka-vichy-len-100","13":"pa_kolor-len-30-wiskoza-70","14":"pa_kolor-koktajl-truskawkowy-150g-m2","15":"pa_kolor-malina","16":"pa_kolor-liliowy-170g-m2","17":"pa_kolor-pochmurne-niebo-170g-m2","18":"pa_kolor-zielen-trawiasta-170g-m2","19":"pa_kolor-czerwone-wino-150g-m2","20":"pa_kolor-sliwka-170g-m2","21":"pa_kolor-mleczna-czekolada-170g-m2","22":"pa_kolor-letnie-niebo-150g-m2","23":"pa_kolor-biel-170g-m2","24":"pa_kolor-paski-150g-m2-len-100","25":"pa_kolor-naturalny-150g-m2","26":"pa_kolor-fuksja","27":"pa_kolor-morelowy","28":"pa_kolor-chabrowy-150g-m2","29":"pa_kolor-karmel-170-g-m2","30":"pa_kolor-baby-blue-150g-m2","31":"pa_kolor-pudrowy-roz-150g-m2","32":"pa_kolor-arbuz-150g-m2","33":"pa_kolor-pudrowy-szary-170g-m2","34":"pa_kolor-cegla-150g-m2","35":"pa_kolor-ciemna-zielen-150g-m2","36":"pa_kolor-ciemny-niebieski-170g-m2","37":"pa_kolor-cynamon-150g-m2","38":"pa_kolor-czern-150g-m2","39":"pa_kolor-eukaliptus-150g-m2","40":"pa_kolor-khaki-150g-m2","41":"pa_kolor-melon-150g-m2","42":"pa_kolor-wrszos-150g-m2","43":"pa_kolor-stalowo-szary-170g-m2","44":"pa_kolor-wisnia-150g-m2","46":"entry","47":"has-media","49":"first","50":"instock","51":"taxable","52":"shipping-taxable","53":"purchasable","54":"product-type-variable","55":"wvs-archive-product-wrapper","56":"has-rating","57":"has-product-nav","58":"col","59":"span_1_of_4","60":"owp-content-center","61":"owp-thumbs-layout-horizontal","62":"owp-btn-big","63":"owp-tabs-layout-horizontal"},"yoast_head":"<!-- This site is optimized with the Yoast SEO plugin v27.0 - https:\/\/yoast.com\/product\/yoast-seo-wordpress\/ -->\n<title>Lniana sukienka kopertowa ZOE - www.talja.pl<\/title>\n<meta name=\"description\" content=\"Lniana sukienka Zoe to klasyka w postaci uniwersalnego kopertowego kroju wzbogacona ba\u015bniowym akcentem takim jak zwiewne bufiaste r\u0119kawy.\" \/>\n<meta name=\"robots\" content=\"index, follow, max-snippet:-1, max-image-preview:large, max-video-preview:-1\" \/>\n<link rel=\"canonical\" href=\"https:\/\/talja.pl\/index.php\/produkt\/lniana-sukienka-kopertowa-zoe-kolory\/\" \/>\n<meta property=\"og:locale\" content=\"pl_PL\" \/>\n<meta property=\"og:type\" content=\"article\" \/>\n<meta property=\"og:title\" content=\"Lniana sukienka kopertowa ZOE - www.talja.pl\" \/>\n<meta property=\"og:description\" content=\"Lniana sukienka Zoe to klasyka w postaci uniwersalnego kopertowego kroju wzbogacona ba\u015bniowym akcentem takim jak zwiewne bufiaste r\u0119kawy.\" \/>\n<meta property=\"og:url\" content=\"https:\/\/talja.pl\/index.php\/produkt\/lniana-sukienka-kopertowa-zoe-kolory\/\" \/>\n<meta property=\"og:site_name\" content=\"www.talja.pl\" \/>\n<meta property=\"article:publisher\" content=\"https:\/\/www.facebook.com\/Talja-418285408906660\/\" \/>\n<meta property=\"article:modified_time\" content=\"2026-03-17T11:16:47+00:00\" \/>\n<meta property=\"og:image\" content=\"https:\/\/talja.pl\/wp-content\/uploads\/2020\/03\/male_MG_3403-e1663847979745.jpg\" \/>\n\t<meta property=\"og:image:width\" content=\"805\" \/>\n\t<meta property=\"og:image:height\" content=\"1193\" \/>\n\t<meta property=\"og:image:type\" content=\"image\/jpeg\" \/>\n<meta name=\"twitter:card\" content=\"summary_large_image\" \/>\n<meta name=\"twitter:site\" content=\"@talja_pracownia\" \/>\n<meta name=\"twitter:label1\" content=\"Szacowany czas czytania\" \/>\n\t<meta name=\"twitter:data1\" content=\"2 minuty\" \/>\n<script type=\"application\/ld+json\" class=\"yoast-schema-graph\">{\"@context\":\"https:\/\/schema.org\",\"@graph\":[{\"@type\":\"WebPage\",\"@id\":\"https:\/\/talja.pl\/index.php\/produkt\/lniana-sukienka-kopertowa-zoe-kolory\/\",\"url\":\"https:\/\/talja.pl\/index.php\/produkt\/lniana-sukienka-kopertowa-zoe-kolory\/\",\"name\":\"Lniana sukienka kopertowa ZOE - www.talja.pl\",\"isPartOf\":{\"@id\":\"https:\/\/talja.pl\/#website\"},\"primaryImageOfPage\":{\"@id\":\"https:\/\/talja.pl\/index.php\/produkt\/lniana-sukienka-kopertowa-zoe-kolory\/#primaryimage\"},\"image\":{\"@id\":\"https:\/\/talja.pl\/index.php\/produkt\/lniana-sukienka-kopertowa-zoe-kolory\/#primaryimage\"},\"thumbnailUrl\":\"https:\/\/talja.pl\/wp-content\/uploads\/2020\/03\/male_MG_3403-e1663847979745.jpg\",\"datePublished\":\"2025-07-30T06:58:30+00:00\",\"dateModified\":\"2026-03-17T11:16:47+00:00\",\"description\":\"Lniana sukienka Zoe to klasyka w postaci uniwersalnego kopertowego kroju wzbogacona ba\u015bniowym akcentem takim jak zwiewne bufiaste r\u0119kawy.\",\"breadcrumb\":{\"@id\":\"https:\/\/talja.pl\/index.php\/produkt\/lniana-sukienka-kopertowa-zoe-kolory\/#breadcrumb\"},\"inLanguage\":\"pl-PL\",\"potentialAction\":[{\"@type\":\"ReadAction\",\"target\":[\"https:\/\/talja.pl\/index.php\/produkt\/lniana-sukienka-kopertowa-zoe-kolory\/\"]}]},{\"@type\":\"ImageObject\",\"inLanguage\":\"pl-PL\",\"@id\":\"https:\/\/talja.pl\/index.php\/produkt\/lniana-sukienka-kopertowa-zoe-kolory\/#primaryimage\",\"url\":\"https:\/\/talja.pl\/wp-content\/uploads\/2020\/03\/male_MG_3403-e1663847979745.jpg\",\"contentUrl\":\"https:\/\/talja.pl\/wp-content\/uploads\/2020\/03\/male_MG_3403-e1663847979745.jpg\",\"width\":805,\"height\":1193,\"caption\":\"LNIANA sukienka Zoe\"},{\"@type\":\"BreadcrumbList\",\"@id\":\"https:\/\/talja.pl\/index.php\/produkt\/lniana-sukienka-kopertowa-zoe-kolory\/#breadcrumb\",\"itemListElement\":[{\"@type\":\"ListItem\",\"position\":1,\"name\":\"Strona g\u0142\u00f3wna\",\"item\":\"https:\/\/talja.pl\/\"},{\"@type\":\"ListItem\",\"position\":2,\"name\":\"talja.pl\",\"item\":\"https:\/\/talja.pl\/index.php\/sklep\/\"},{\"@type\":\"ListItem\",\"position\":3,\"name\":\"Lniana sukienka kopertowa ZOE\"}]},{\"@type\":\"WebSite\",\"@id\":\"https:\/\/talja.pl\/#website\",\"url\":\"https:\/\/talja.pl\/\",\"name\":\"www.talja.pl\",\"description\":\"\",\"publisher\":{\"@id\":\"https:\/\/talja.pl\/#organization\"},\"potentialAction\":[{\"@type\":\"SearchAction\",\"target\":{\"@type\":\"EntryPoint\",\"urlTemplate\":\"https:\/\/talja.pl\/?s={search_term_string}\"},\"query-input\":{\"@type\":\"PropertyValueSpecification\",\"valueRequired\":true,\"valueName\":\"search_term_string\"}}],\"inLanguage\":\"pl-PL\"},{\"@type\":\"Organization\",\"@id\":\"https:\/\/talja.pl\/#organization\",\"name\":\"Talja\",\"url\":\"https:\/\/talja.pl\/\",\"logo\":{\"@type\":\"ImageObject\",\"inLanguage\":\"pl-PL\",\"@id\":\"https:\/\/talja.pl\/#\/schema\/logo\/image\/\",\"url\":\"https:\/\/talja.pl\/wp-content\/uploads\/2019\/06\/baner-talja-2.jpg\",\"contentUrl\":\"https:\/\/talja.pl\/wp-content\/uploads\/2019\/06\/baner-talja-2.jpg\",\"width\":1300,\"height\":300,\"caption\":\"Talja\"},\"image\":{\"@id\":\"https:\/\/talja.pl\/#\/schema\/logo\/image\/\"},\"sameAs\":[\"https:\/\/www.facebook.com\/Talja-418285408906660\/\",\"https:\/\/x.com\/talja_pracownia\",\"https:\/\/www.instagram.com\/talja_pracownia\/\"]}]}<\/script>\n<!-- \/ Yoast SEO plugin. -->","yoast_head_json":{"title":"Lniana sukienka kopertowa ZOE - www.talja.pl","description":"Lniana sukienka Zoe to klasyka w postaci uniwersalnego kopertowego kroju wzbogacona ba\u015bniowym akcentem takim jak zwiewne bufiaste r\u0119kawy.","robots":{"index":"index","follow":"follow","max-snippet":"max-snippet:-1","max-image-preview":"max-image-preview:large","max-video-preview":"max-video-preview:-1"},"canonical":"https:\/\/talja.pl\/index.php\/produkt\/lniana-sukienka-kopertowa-zoe-kolory\/","og_locale":"pl_PL","og_type":"article","og_title":"Lniana sukienka kopertowa ZOE - www.talja.pl","og_description":"Lniana sukienka Zoe to klasyka w postaci uniwersalnego kopertowego kroju wzbogacona ba\u015bniowym akcentem takim jak zwiewne bufiaste r\u0119kawy.","og_url":"https:\/\/talja.pl\/index.php\/produkt\/lniana-sukienka-kopertowa-zoe-kolory\/","og_site_name":"www.talja.pl","article_publisher":"https:\/\/www.facebook.com\/Talja-418285408906660\/","article_modified_time":"2026-03-17T11:16:47+00:00","og_image":[{"width":805,"height":1193,"url":"https:\/\/talja.pl\/wp-content\/uploads\/2020\/03\/male_MG_3403-e1663847979745.jpg","type":"image\/jpeg"}],"twitter_card":"summary_large_image","twitter_site":"@talja_pracownia","twitter_misc":{"Szacowany czas czytania":"2 minuty"},"schema":{"@context":"https:\/\/schema.org","@graph":[{"@type":"WebPage","@id":"https:\/\/talja.pl\/index.php\/produkt\/lniana-sukienka-kopertowa-zoe-kolory\/","url":"https:\/\/talja.pl\/index.php\/produkt\/lniana-sukienka-kopertowa-zoe-kolory\/","name":"Lniana sukienka kopertowa ZOE - www.talja.pl","isPartOf":{"@id":"https:\/\/talja.pl\/#website"},"primaryImageOfPage":{"@id":"https:\/\/talja.pl\/index.php\/produkt\/lniana-sukienka-kopertowa-zoe-kolory\/#primaryimage"},"image":{"@id":"https:\/\/talja.pl\/index.php\/produkt\/lniana-sukienka-kopertowa-zoe-kolory\/#primaryimage"},"thumbnailUrl":"https:\/\/talja.pl\/wp-content\/uploads\/2020\/03\/male_MG_3403-e1663847979745.jpg","datePublished":"2025-07-30T06:58:30+00:00","dateModified":"2026-03-17T11:16:47+00:00","description":"Lniana sukienka Zoe to klasyka w postaci uniwersalnego kopertowego kroju wzbogacona ba\u015bniowym akcentem takim jak zwiewne bufiaste r\u0119kawy.","breadcrumb":{"@id":"https:\/\/talja.pl\/index.php\/produkt\/lniana-sukienka-kopertowa-zoe-kolory\/#breadcrumb"},"inLanguage":"pl-PL","potentialAction":[{"@type":"ReadAction","target":["https:\/\/talja.pl\/index.php\/produkt\/lniana-sukienka-kopertowa-zoe-kolory\/"]}]},{"@type":"ImageObject","inLanguage":"pl-PL","@id":"https:\/\/talja.pl\/index.php\/produkt\/lniana-sukienka-kopertowa-zoe-kolory\/#primaryimage","url":"https:\/\/talja.pl\/wp-content\/uploads\/2020\/03\/male_MG_3403-e1663847979745.jpg","contentUrl":"https:\/\/talja.pl\/wp-content\/uploads\/2020\/03\/male_MG_3403-e1663847979745.jpg","width":805,"height":1193,"caption":"LNIANA sukienka Zoe"},{"@type":"BreadcrumbList","@id":"https:\/\/talja.pl\/index.php\/produkt\/lniana-sukienka-kopertowa-zoe-kolory\/#breadcrumb","itemListElement":[{"@type":"ListItem","position":1,"name":"Strona g\u0142\u00f3wna","item":"https:\/\/talja.pl\/"},{"@type":"ListItem","position":2,"name":"talja.pl","item":"https:\/\/talja.pl\/index.php\/sklep\/"},{"@type":"ListItem","position":3,"name":"Lniana sukienka kopertowa ZOE"}]},{"@type":"WebSite","@id":"https:\/\/talja.pl\/#website","url":"https:\/\/talja.pl\/","name":"www.talja.pl","description":"","publisher":{"@id":"https:\/\/talja.pl\/#organization"},"potentialAction":[{"@type":"SearchAction","target":{"@type":"EntryPoint","urlTemplate":"https:\/\/talja.pl\/?s={search_term_string}"},"query-input":{"@type":"PropertyValueSpecification","valueRequired":true,"valueName":"search_term_string"}}],"inLanguage":"pl-PL"},{"@type":"Organization","@id":"https:\/\/talja.pl\/#organization","name":"Talja","url":"https:\/\/talja.pl\/","logo":{"@type":"ImageObject","inLanguage":"pl-PL","@id":"https:\/\/talja.pl\/#\/schema\/logo\/image\/","url":"https:\/\/talja.pl\/wp-content\/uploads\/2019\/06\/baner-talja-2.jpg","contentUrl":"https:\/\/talja.pl\/wp-content\/uploads\/2019\/06\/baner-talja-2.jpg","width":1300,"height":300,"caption":"Talja"},"image":{"@id":"https:\/\/talja.pl\/#\/schema\/logo\/image\/"},"sameAs":["https:\/\/www.facebook.com\/Talja-418285408906660\/","https:\/\/x.com\/talja_pracownia","https:\/\/www.instagram.com\/talja_pracownia\/"]}]}},"_links":{"self":[{"href":"https:\/\/talja.pl\/index.php\/wp-json\/wp\/v2\/product\/3298","targetHints":{"allow":["GET"]}}],"collection":[{"href":"https:\/\/talja.pl\/index.php\/wp-json\/wp\/v2\/product"}],"about":[{"href":"https:\/\/talja.pl\/index.php\/wp-json\/wp\/v2\/types\/product"}],"replies":[{"embeddable":true,"href":"https:\/\/talja.pl\/index.php\/wp-json\/wp\/v2\/comments?post=3298"}],"version-history":[{"count":3,"href":"https:\/\/talja.pl\/index.php\/wp-json\/wp\/v2\/product\/3298\/revisions"}],"predecessor-version":[{"id":3363,"href":"https:\/\/talja.pl\/index.php\/wp-json\/wp\/v2\/product\/3298\/revisions\/3363"}],"wp:featuredmedia":[{"embeddable":true,"href":"https:\/\/talja.pl\/index.php\/wp-json\/wp\/v2\/media\/2505"}],"wp:attachment":[{"href":"https:\/\/talja.pl\/index.php\/wp-json\/wp\/v2\/media?parent=3298"}],"wp:term":[{"taxonomy":"product_brand","embeddable":true,"href":"https:\/\/talja.pl\/index.php\/wp-json\/wp\/v2\/product_brand?post=3298"},{"taxonomy":"product_cat","embeddable":true,"href":"https:\/\/talja.pl\/index.php\/wp-json\/wp\/v2\/product_cat?post=3298"},{"taxonomy":"product_tag","embeddable":true,"href":"https:\/\/talja.pl\/index.php\/wp-json\/wp\/v2\/product_tag?post=3298"}],"curies":[{"name":"wp","href":"https:\/\/api.w.org\/{rel}","templated":true}]}}