{"id":3358,"date":"2021-11-23T00:00:41","date_gmt":"2021-11-22T23:00:41","guid":{"rendered":"https:\/\/talja.pl\/?post_type=product&#038;p=3358"},"modified":"2026-03-30T12:02:25","modified_gmt":"2026-03-30T10:02:25","slug":"zestaw-lnianych-gumek-4-w-cenie-3","status":"publish","type":"product","link":"https:\/\/talja.pl\/index.php\/produkt\/zestaw-lnianych-gumek-4-w-cenie-3\/","title":{"rendered":"Zestaw Lnianych gumek 4 w cenie 3"},"content":{"rendered":"","protected":false},"excerpt":{"rendered":"<p>Zestaw 4 lnianych gumek w cenie 3.<\/p>\n<p>Taki zestaw to idealny pomys\u0142 na prezent dla mi\u0142o\u015bnik\u00f3w natury, dbania o swoje kosmyki oraz zwyczajnie &#8211; rzeczy pi\u0119knych.<\/p>\n<p>W naszej pracowni nic si\u0119 nie zmarnuje &#8211; lniane gumki szyjemy ze skrawk\u00f3w tkanin pozosta\u0142ych po uszyciu sukienek i sp\u00f3dnic .<\/p>\n<p>\u017byj w zgodzie z natur\u0105 i ozdabiaj swoje w\u0142osy gumkami, kt\u00f3re lubi nasza planeta.<\/p>\n<p>Uszyte w Polsce.<\/p>\n<h5>Wysy\u0142ka w : do 4 dni roboczych<\/h5>\n<p>&nbsp;<\/p>\n","protected":false},"featured_media":3762,"comment_status":"open","ping_status":"closed","template":"","meta":[],"product_brand":[],"product_cat":[16,15,37,32],"product_tag":[36,25],"class_list":{"0":"post-3358","1":"product","2":"type-product","3":"status-publish","4":"has-post-thumbnail","6":"product_cat-accessories","7":"product_cat-bez-kategorii","8":"product_cat-bestsellery","9":"product_cat-dostepne-od-reki","10":"product_tag-gumka-do-wlosow","11":"product_tag-len","13":"entry","14":"has-media","16":"first","17":"instock","18":"sale","19":"taxable","20":"shipping-taxable","21":"purchasable","22":"product-type-variable","23":"wvs-archive-product-wrapper","24":"has-product-nav","25":"col","26":"span_1_of_4","27":"owp-content-center","28":"owp-thumbs-layout-horizontal","29":"owp-btn-big","30":"owp-tabs-layout-horizontal"},"yoast_head":"<!-- This site is optimized with the Yoast SEO plugin v27.0 - https:\/\/yoast.com\/product\/yoast-seo-wordpress\/ -->\n<title>Zestaw Lnianych gumek 4 w cenie 3 - www.talja.pl<\/title>\n<meta name=\"robots\" content=\"index, follow, max-snippet:-1, max-image-preview:large, max-video-preview:-1\" \/>\n<link rel=\"canonical\" href=\"https:\/\/talja.pl\/index.php\/produkt\/zestaw-lnianych-gumek-4-w-cenie-3\/\" \/>\n<meta property=\"og:locale\" content=\"pl_PL\" \/>\n<meta property=\"og:type\" content=\"article\" \/>\n<meta property=\"og:title\" content=\"Zestaw Lnianych gumek 4 w cenie 3 - www.talja.pl\" \/>\n<meta property=\"og:description\" content=\"Zestaw 4 lnianych gumek w cenie 3.  Taki zestaw to idealny pomys\u0142 na prezent dla mi\u0142o\u015bnik\u00f3w natury, dbania o swoje kosmyki oraz zwyczajnie - rzeczy pi\u0119knych.  W naszej pracowni nic si\u0119 nie zmarnuje - lniane gumki szyjemy ze skrawk\u00f3w tkanin pozosta\u0142ych po uszyciu sukienek i sp\u00f3dnic .  \u017byj w zgodzie z natur\u0105 i ozdabiaj swoje w\u0142osy gumkami, kt\u00f3re lubi nasza planeta.  Uszyte w Polsce. Wysy\u0142ka w : do 4 dni roboczych &nbsp;\" \/>\n<meta property=\"og:url\" content=\"https:\/\/talja.pl\/index.php\/produkt\/zestaw-lnianych-gumek-4-w-cenie-3\/\" \/>\n<meta property=\"og:site_name\" content=\"www.talja.pl\" \/>\n<meta property=\"article:publisher\" content=\"https:\/\/www.facebook.com\/Talja-418285408906660\/\" \/>\n<meta property=\"article:modified_time\" content=\"2026-03-30T10:02:25+00:00\" \/>\n<meta property=\"og:image\" content=\"https:\/\/talja.pl\/wp-content\/uploads\/2020\/11\/1080x1600-gumki.jpeg\" \/>\n\t<meta property=\"og:image:width\" content=\"1080\" \/>\n\t<meta property=\"og:image:height\" content=\"1600\" \/>\n\t<meta property=\"og:image:type\" content=\"image\/jpeg\" \/>\n<meta name=\"twitter:card\" content=\"summary_large_image\" \/>\n<meta name=\"twitter:site\" content=\"@talja_pracownia\" \/>\n<meta name=\"twitter:label1\" content=\"Szacowany czas czytania\" \/>\n\t<meta name=\"twitter:data1\" content=\"1 minuta\" \/>\n<script type=\"application\/ld+json\" class=\"yoast-schema-graph\">{\"@context\":\"https:\/\/schema.org\",\"@graph\":[{\"@type\":\"WebPage\",\"@id\":\"https:\/\/talja.pl\/index.php\/produkt\/zestaw-lnianych-gumek-4-w-cenie-3\/\",\"url\":\"https:\/\/talja.pl\/index.php\/produkt\/zestaw-lnianych-gumek-4-w-cenie-3\/\",\"name\":\"Zestaw Lnianych gumek 4 w cenie 3 - www.talja.pl\",\"isPartOf\":{\"@id\":\"https:\/\/talja.pl\/#website\"},\"primaryImageOfPage\":{\"@id\":\"https:\/\/talja.pl\/index.php\/produkt\/zestaw-lnianych-gumek-4-w-cenie-3\/#primaryimage\"},\"image\":{\"@id\":\"https:\/\/talja.pl\/index.php\/produkt\/zestaw-lnianych-gumek-4-w-cenie-3\/#primaryimage\"},\"thumbnailUrl\":\"https:\/\/talja.pl\/wp-content\/uploads\/2020\/11\/1080x1600-gumki.jpeg\",\"datePublished\":\"2021-11-22T23:00:41+00:00\",\"dateModified\":\"2026-03-30T10:02:25+00:00\",\"breadcrumb\":{\"@id\":\"https:\/\/talja.pl\/index.php\/produkt\/zestaw-lnianych-gumek-4-w-cenie-3\/#breadcrumb\"},\"inLanguage\":\"pl-PL\",\"potentialAction\":[{\"@type\":\"ReadAction\",\"target\":[\"https:\/\/talja.pl\/index.php\/produkt\/zestaw-lnianych-gumek-4-w-cenie-3\/\"]}]},{\"@type\":\"ImageObject\",\"inLanguage\":\"pl-PL\",\"@id\":\"https:\/\/talja.pl\/index.php\/produkt\/zestaw-lnianych-gumek-4-w-cenie-3\/#primaryimage\",\"url\":\"https:\/\/talja.pl\/wp-content\/uploads\/2020\/11\/1080x1600-gumki.jpeg\",\"contentUrl\":\"https:\/\/talja.pl\/wp-content\/uploads\/2020\/11\/1080x1600-gumki.jpeg\",\"width\":1080,\"height\":1600},{\"@type\":\"BreadcrumbList\",\"@id\":\"https:\/\/talja.pl\/index.php\/produkt\/zestaw-lnianych-gumek-4-w-cenie-3\/#breadcrumb\",\"itemListElement\":[{\"@type\":\"ListItem\",\"position\":1,\"name\":\"Strona g\u0142\u00f3wna\",\"item\":\"https:\/\/talja.pl\/\"},{\"@type\":\"ListItem\",\"position\":2,\"name\":\"talja.pl\",\"item\":\"https:\/\/talja.pl\/index.php\/sklep\/\"},{\"@type\":\"ListItem\",\"position\":3,\"name\":\"Zestaw Lnianych gumek 4 w cenie 3\"}]},{\"@type\":\"WebSite\",\"@id\":\"https:\/\/talja.pl\/#website\",\"url\":\"https:\/\/talja.pl\/\",\"name\":\"www.talja.pl\",\"description\":\"\",\"publisher\":{\"@id\":\"https:\/\/talja.pl\/#organization\"},\"potentialAction\":[{\"@type\":\"SearchAction\",\"target\":{\"@type\":\"EntryPoint\",\"urlTemplate\":\"https:\/\/talja.pl\/?s={search_term_string}\"},\"query-input\":{\"@type\":\"PropertyValueSpecification\",\"valueRequired\":true,\"valueName\":\"search_term_string\"}}],\"inLanguage\":\"pl-PL\"},{\"@type\":\"Organization\",\"@id\":\"https:\/\/talja.pl\/#organization\",\"name\":\"Talja\",\"url\":\"https:\/\/talja.pl\/\",\"logo\":{\"@type\":\"ImageObject\",\"inLanguage\":\"pl-PL\",\"@id\":\"https:\/\/talja.pl\/#\/schema\/logo\/image\/\",\"url\":\"https:\/\/talja.pl\/wp-content\/uploads\/2019\/06\/baner-talja-2.jpg\",\"contentUrl\":\"https:\/\/talja.pl\/wp-content\/uploads\/2019\/06\/baner-talja-2.jpg\",\"width\":1300,\"height\":300,\"caption\":\"Talja\"},\"image\":{\"@id\":\"https:\/\/talja.pl\/#\/schema\/logo\/image\/\"},\"sameAs\":[\"https:\/\/www.facebook.com\/Talja-418285408906660\/\",\"https:\/\/x.com\/talja_pracownia\",\"https:\/\/www.instagram.com\/talja_pracownia\/\"]}]}<\/script>\n<!-- \/ Yoast SEO plugin. -->","yoast_head_json":{"title":"Zestaw Lnianych gumek 4 w cenie 3 - www.talja.pl","robots":{"index":"index","follow":"follow","max-snippet":"max-snippet:-1","max-image-preview":"max-image-preview:large","max-video-preview":"max-video-preview:-1"},"canonical":"https:\/\/talja.pl\/index.php\/produkt\/zestaw-lnianych-gumek-4-w-cenie-3\/","og_locale":"pl_PL","og_type":"article","og_title":"Zestaw Lnianych gumek 4 w cenie 3 - www.talja.pl","og_description":"Zestaw 4 lnianych gumek w cenie 3.  Taki zestaw to idealny pomys\u0142 na prezent dla mi\u0142o\u015bnik\u00f3w natury, dbania o swoje kosmyki oraz zwyczajnie - rzeczy pi\u0119knych.  W naszej pracowni nic si\u0119 nie zmarnuje - lniane gumki szyjemy ze skrawk\u00f3w tkanin pozosta\u0142ych po uszyciu sukienek i sp\u00f3dnic .  \u017byj w zgodzie z natur\u0105 i ozdabiaj swoje w\u0142osy gumkami, kt\u00f3re lubi nasza planeta.  Uszyte w Polsce. Wysy\u0142ka w : do 4 dni roboczych &nbsp;","og_url":"https:\/\/talja.pl\/index.php\/produkt\/zestaw-lnianych-gumek-4-w-cenie-3\/","og_site_name":"www.talja.pl","article_publisher":"https:\/\/www.facebook.com\/Talja-418285408906660\/","article_modified_time":"2026-03-30T10:02:25+00:00","og_image":[{"width":1080,"height":1600,"url":"https:\/\/talja.pl\/wp-content\/uploads\/2020\/11\/1080x1600-gumki.jpeg","type":"image\/jpeg"}],"twitter_card":"summary_large_image","twitter_site":"@talja_pracownia","twitter_misc":{"Szacowany czas czytania":"1 minuta"},"schema":{"@context":"https:\/\/schema.org","@graph":[{"@type":"WebPage","@id":"https:\/\/talja.pl\/index.php\/produkt\/zestaw-lnianych-gumek-4-w-cenie-3\/","url":"https:\/\/talja.pl\/index.php\/produkt\/zestaw-lnianych-gumek-4-w-cenie-3\/","name":"Zestaw Lnianych gumek 4 w cenie 3 - www.talja.pl","isPartOf":{"@id":"https:\/\/talja.pl\/#website"},"primaryImageOfPage":{"@id":"https:\/\/talja.pl\/index.php\/produkt\/zestaw-lnianych-gumek-4-w-cenie-3\/#primaryimage"},"image":{"@id":"https:\/\/talja.pl\/index.php\/produkt\/zestaw-lnianych-gumek-4-w-cenie-3\/#primaryimage"},"thumbnailUrl":"https:\/\/talja.pl\/wp-content\/uploads\/2020\/11\/1080x1600-gumki.jpeg","datePublished":"2021-11-22T23:00:41+00:00","dateModified":"2026-03-30T10:02:25+00:00","breadcrumb":{"@id":"https:\/\/talja.pl\/index.php\/produkt\/zestaw-lnianych-gumek-4-w-cenie-3\/#breadcrumb"},"inLanguage":"pl-PL","potentialAction":[{"@type":"ReadAction","target":["https:\/\/talja.pl\/index.php\/produkt\/zestaw-lnianych-gumek-4-w-cenie-3\/"]}]},{"@type":"ImageObject","inLanguage":"pl-PL","@id":"https:\/\/talja.pl\/index.php\/produkt\/zestaw-lnianych-gumek-4-w-cenie-3\/#primaryimage","url":"https:\/\/talja.pl\/wp-content\/uploads\/2020\/11\/1080x1600-gumki.jpeg","contentUrl":"https:\/\/talja.pl\/wp-content\/uploads\/2020\/11\/1080x1600-gumki.jpeg","width":1080,"height":1600},{"@type":"BreadcrumbList","@id":"https:\/\/talja.pl\/index.php\/produkt\/zestaw-lnianych-gumek-4-w-cenie-3\/#breadcrumb","itemListElement":[{"@type":"ListItem","position":1,"name":"Strona g\u0142\u00f3wna","item":"https:\/\/talja.pl\/"},{"@type":"ListItem","position":2,"name":"talja.pl","item":"https:\/\/talja.pl\/index.php\/sklep\/"},{"@type":"ListItem","position":3,"name":"Zestaw Lnianych gumek 4 w cenie 3"}]},{"@type":"WebSite","@id":"https:\/\/talja.pl\/#website","url":"https:\/\/talja.pl\/","name":"www.talja.pl","description":"","publisher":{"@id":"https:\/\/talja.pl\/#organization"},"potentialAction":[{"@type":"SearchAction","target":{"@type":"EntryPoint","urlTemplate":"https:\/\/talja.pl\/?s={search_term_string}"},"query-input":{"@type":"PropertyValueSpecification","valueRequired":true,"valueName":"search_term_string"}}],"inLanguage":"pl-PL"},{"@type":"Organization","@id":"https:\/\/talja.pl\/#organization","name":"Talja","url":"https:\/\/talja.pl\/","logo":{"@type":"ImageObject","inLanguage":"pl-PL","@id":"https:\/\/talja.pl\/#\/schema\/logo\/image\/","url":"https:\/\/talja.pl\/wp-content\/uploads\/2019\/06\/baner-talja-2.jpg","contentUrl":"https:\/\/talja.pl\/wp-content\/uploads\/2019\/06\/baner-talja-2.jpg","width":1300,"height":300,"caption":"Talja"},"image":{"@id":"https:\/\/talja.pl\/#\/schema\/logo\/image\/"},"sameAs":["https:\/\/www.facebook.com\/Talja-418285408906660\/","https:\/\/x.com\/talja_pracownia","https:\/\/www.instagram.com\/talja_pracownia\/"]}]}},"_links":{"self":[{"href":"https:\/\/talja.pl\/index.php\/wp-json\/wp\/v2\/product\/3358","targetHints":{"allow":["GET"]}}],"collection":[{"href":"https:\/\/talja.pl\/index.php\/wp-json\/wp\/v2\/product"}],"about":[{"href":"https:\/\/talja.pl\/index.php\/wp-json\/wp\/v2\/types\/product"}],"replies":[{"embeddable":true,"href":"https:\/\/talja.pl\/index.php\/wp-json\/wp\/v2\/comments?post=3358"}],"version-history":[{"count":2,"href":"https:\/\/talja.pl\/index.php\/wp-json\/wp\/v2\/product\/3358\/revisions"}],"predecessor-version":[{"id":12781,"href":"https:\/\/talja.pl\/index.php\/wp-json\/wp\/v2\/product\/3358\/revisions\/12781"}],"wp:featuredmedia":[{"embeddable":true,"href":"https:\/\/talja.pl\/index.php\/wp-json\/wp\/v2\/media\/3762"}],"wp:attachment":[{"href":"https:\/\/talja.pl\/index.php\/wp-json\/wp\/v2\/media?parent=3358"}],"wp:term":[{"taxonomy":"product_brand","embeddable":true,"href":"https:\/\/talja.pl\/index.php\/wp-json\/wp\/v2\/product_brand?post=3358"},{"taxonomy":"product_cat","embeddable":true,"href":"https:\/\/talja.pl\/index.php\/wp-json\/wp\/v2\/product_cat?post=3358"},{"taxonomy":"product_tag","embeddable":true,"href":"https:\/\/talja.pl\/index.php\/wp-json\/wp\/v2\/product_tag?post=3358"}],"curies":[{"name":"wp","href":"https:\/\/api.w.org\/{rel}","templated":true}]}}