{"id":3939,"date":"2024-07-24T20:01:23","date_gmt":"2024-07-24T18:01:23","guid":{"rendered":"https:\/\/talja.pl\/?post_type=product&#038;p=3939"},"modified":"2026-03-05T17:42:06","modified_gmt":"2026-03-05T16:42:06","slug":"lniana-sukienka-summer-midi","status":"publish","type":"product","link":"https:\/\/talja.pl\/index.php\/produkt\/lniana-sukienka-summer-midi\/","title":{"rendered":"Lniana sukienka SUMMER &#8211; MIDI"},"content":{"rendered":"<p><strong>Rozmiary:\u00a0<\/strong><\/p>\n<table width=\"613\">\n<tbody>\n<tr>\n<td width=\"337\">Wymiary gotowego ubrania mierzonego na p\u0142asko:<\/td>\n<td width=\"69\">S<\/td>\n<td width=\"69\">M<\/td>\n<td width=\"69\">L<\/td>\n<td width=\"69\">XL<\/td>\n<\/tr>\n<tr>\n<td>Szeroko\u015b\u0107 w biu\u015bcie\u00a0 (cm)<\/td>\n<td>45<\/td>\n<td>48<\/td>\n<td>51<\/td>\n<td>54<\/td>\n<\/tr>\n<tr>\n<td>Szeroko\u015b\u0107 na wysoko\u015bci bioder (cm)<\/td>\n<td>55<\/td>\n<td>58<\/td>\n<td>61<\/td>\n<td>64<\/td>\n<\/tr>\n<tr>\n<td>D\u0142ugo\u015b\u0107 ca\u0142kowita sukienki ( bez rami\u0105czek) (cm)<\/td>\n<td>106<\/td>\n<td>107<\/td>\n<td>108<\/td>\n<td>109<\/td>\n<\/tr>\n<\/tbody>\n<\/table>\n<p><strong><img fetchpriority=\"high\" decoding=\"async\" class=\"size-medium wp-image-3957 alignleft\" src=\"https:\/\/talja.pl\/wp-content\/uploads\/2021\/06\/www.talja_.pl-m-topIMG_9576-240x300.jpg\" alt=\"www.talja.pl lniana sukienka\" width=\"240\" height=\"300\" \/><\/strong><\/p>\n<p>Natalia mierzy 173 cm i prezentuje sukienk\u0119 w kolorze lnu &#8221; pudrowy szary&#8221;\u00a0 w rozmiarze S. Olga mierzy 163 cm i prezentuje sukienk\u0119 w kolorze lnu &#8221; czer\u0144&#8221; w rozmiarze S. Karolina mierzy 169 cm i prezentuje sukienk\u0119 w kolorze lnu &#8220;cynamon&#8221; w rozmiarze M.<\/p>\n<p>&nbsp;<\/p>\n<p>Masz problem z doborem rozmiaru, czy koloru lnu ? Napisz do nas na\u00a0<em>kontakt@talja.pl<\/em>\u00a0\u2013 ch\u0119tnie pomo\u017cemy!<\/p>\n<p>&nbsp;<\/p>\n<p>&nbsp;<\/p>\n<p>&nbsp;<\/p>\n<p>&nbsp;<\/p>\n<p><em><strong>Dopasuj sukienk\u0119 pod siebie\u00a0<\/strong><\/em><\/p>\n<p>J<em>e\u015bli marzysz o wprowadzeniu pewnych, drobnych\u00a0 zmian do sukienki, wystarczy \u017ce wykupisz dodatkow\u0105 opcj\u0119<a href=\"https:\/\/talja.pl\/index.php\/produkt\/personalizacja\/\">\u00a0\u201d PERSONALIZACJA \u201e<\/a>.\u00a0<\/em><em>Mo\u017cesz bowiem z \u0142atwo\u015bci\u0105 zmieni\u0107 d\u0142ugo\u015b\u0107 sukienki, doda\u0107 lniany pasek, zmniejszy\u0107 rozci\u0119cia\u00a0 itp. <\/em><em>Dzi\u0119ki tej opcji Twoja sukienka zyska niepowtarzalno\u015b\u0107 i indywidualny charakter.\u00a0<\/em><\/p>\n<h5><em>Ubrania z lnu traktuj delikatnie. Nie wybielaj, pierz w 30 stopniach, odwirowuj w pralce na ni\u017cszych obrotach i prasuj max w 150st. Dbaj o nie a b\u0119d\u0105 Ci wdzi\u0119czne.<\/em><\/h5>\n","protected":false},"excerpt":{"rendered":"<p>Lniana sukienka SUMMER na cienkich rami\u0105czkach to pozycja obowi\u0105zkowa na upalne dni.\u00a0 Lekka i przewiewna, uszyta w Polsce z najwy\u017cszej jako\u015bci tkaniny lnianej. Sukienka jest d\u0142ugo\u015bci MIDI , je\u015bli wolisz d\u0142ugo\u015b\u0107 REGULAR -zerknij <a href=\"https:\/\/talja.pl\/index.php\/produkt\/summer-regular-kolory\/\">tutaj<\/a>. Dzi\u0119ki wi\u0105zanym rami\u0105czkom mo\u017cesz nosi\u0107 j\u0105 na kilka sposob\u00f3w : zawi\u0105\u017c rami\u0105czka w kokardki lub supe\u0142ki , z przodu, centralnie lub z ty\u0142u.\u00a0 Rami\u0105czka pozostaw d\u0142u\u017csze, lub kr\u00f3tsze &#8211; to Ty decydujesz finalnie o g\u0142\u0119boko\u015bci dekoltu na jak\u0105 masz w danej chwili ochot\u0119. Ponadto sukienka posiada po obu stronach rozci\u0119cia, kt\u00f3re przy ka\u017cdym ruchu dyskretnie eksponuj\u0105 nogi.<\/p>\n<p><strong>Za co j\u0105 pokochasz:\u00a0<\/strong><\/p>\n<ul>\n<li>dekolt w serek ( z przodu i z ty\u0142u)\u00a0 obszyty eleganckim, szerszym odszyciem;<\/li>\n<li>wi\u0105zane cienkie rami\u0105czka, dzi\u0119ki kt\u00f3rym dostosujesz g\u0142\u0119boko\u015b\u0107 dekoltu dok\u0142adnie tak, jak lubisz;<\/li>\n<li>modeluj\u0105ce zaszewki piersiowe;<\/li>\n<li>rozci\u0119cia po obu stronach sukienki pi\u0119knie eksponuj\u0105ce nogi;<\/li>\n<li>lu\u017any fason niekr\u0119puj\u0105cy ruch\u00f3w;<\/li>\n<li>delikatna, przewiewna, cudnie zmi\u0119kczana tkanina lniana &#8211; do wyboru masz <strong>ponad 20 kolor\u00f3w ln\u00f3w !\u00a0<\/strong><\/li>\n<li>dodatkowy lniany pasek ( pokazany na sukience w wersji cynamonowej)<\/li>\n<\/ul>\n<p>Sk\u0142ad : Len 100%<\/p>\n<p><strong>Model dost\u0119pny w a\u017c 20 r\u00f3\u017cnych wersjach kolorystycznych.\u00a0<\/strong>Wybierz ten, o kt\u00f3rym marzysz!\u00a0 Wiedz r\u00f3wnie\u017c, \u017ce wszystkie nasze lny s\u0105 produkcji polskiej oraz spe\u0142niaj\u0105 wymogi\u00a0 norm\u00a0<strong>OEKO TEX \u2013 Standard 100<\/strong>, co oznacza, \u017ce zosta\u0142y przebadane i nie zawieraj\u0105 \u015brodk\u00f3w szkodliwych zar\u00f3wno dla cz\u0142owieka jak i \u015brodowiska. Dodatkowo s\u0105 cudownie zmi\u0119kczane, a ten fakt z pewno\u015bci\u0105 doceni Twoja sk\u00f3ra.<\/p>\n<h5>Wysy\u0142ka w : 5-14 dni roboczych . Pami\u0119taj : wszystkie lniane sukienki szyte s\u0105 przez nas dopiero po z\u0142o\u017ceniu zam\u00f3wienia. Daj nam czas na precyzyjn\u0105 realizacj\u0119 Twojego zam\u00f3wienia.<\/h5>\n","protected":false},"featured_media":3941,"comment_status":"open","ping_status":"closed","template":"","meta":[],"product_brand":[],"product_cat":[45,20],"product_tag":[25,26],"class_list":{"0":"post-3939","1":"product","2":"type-product","3":"status-publish","4":"has-post-thumbnail","6":"product_cat-produkty-na-zamowienie","7":"product_cat-sukienki-lniane","8":"product_tag-len","9":"product_tag-sukienka","10":"pa_kolor-kratka-vichy-len-100","11":"pa_kolor-koktajl-truskawkowy-150g-m2","12":"pa_kolor-malina","13":"pa_kolor-liliowy-170g-m2","14":"pa_kolor-pochmurne-niebo-170g-m2","15":"pa_kolor-zielen-trawiasta-170g-m2","16":"pa_kolor-czerwone-wino-150g-m2","17":"pa_kolor-sliwka-170g-m2","18":"pa_kolor-mleczna-czekolada-170g-m2","19":"pa_kolor-letnie-niebo-150g-m2","20":"pa_kolor-biel-170g-m2","21":"pa_kolor-paski-150g-m2-len-100","22":"pa_kolor-naturalny-150g-m2","23":"pa_kolor-fuksja","24":"pa_kolor-morelowy","25":"pa_kolor-chabrowy-150g-m2","26":"pa_kolor-karmel-170-g-m2","27":"pa_kolor-baby-blue-150g-m2","28":"pa_kolor-pudrowy-roz-150g-m2","29":"pa_kolor-arbuz-150g-m2","30":"pa_kolor-pudrowy-szary-170g-m2","31":"pa_kolor-cegla-150g-m2","32":"pa_kolor-ciemna-zielen-150g-m2","33":"pa_kolor-ciemny-niebieski-170g-m2","34":"pa_kolor-cynamon-150g-m2","35":"pa_kolor-czern-150g-m2","36":"pa_kolor-eukaliptus-150g-m2","37":"pa_kolor-khaki-150g-m2","38":"pa_kolor-melon-150g-m2","39":"pa_kolor-wrszos-150g-m2","40":"pa_kolor-stalowo-szary-170g-m2","41":"pa_kolor-wisnia-150g-m2","43":"entry","44":"has-media","46":"first","47":"instock","48":"taxable","49":"shipping-taxable","50":"purchasable","51":"product-type-variable","52":"wvs-archive-product-wrapper","53":"has-rating","54":"has-product-nav","55":"col","56":"span_1_of_4","57":"owp-content-center","58":"owp-thumbs-layout-horizontal","59":"owp-btn-big","60":"owp-tabs-layout-horizontal"},"yoast_head":"<!-- This site is optimized with the Yoast SEO plugin v27.0 - https:\/\/yoast.com\/product\/yoast-seo-wordpress\/ -->\n<title>Lniana sukienka SUMMER - MIDI - www.talja.pl<\/title>\n<meta name=\"description\" content=\"Lniana sukienka SUMMER na cienkich rami\u0105czkach to pozycja obowi\u0105zkowa na upalne dni.\u00a0 Lekka i przewiewna, uszyta w Polsce .\" \/>\n<meta name=\"robots\" content=\"index, follow, max-snippet:-1, max-image-preview:large, max-video-preview:-1\" \/>\n<link rel=\"canonical\" href=\"https:\/\/talja.pl\/index.php\/produkt\/lniana-sukienka-summer-midi\/\" \/>\n<meta property=\"og:locale\" content=\"pl_PL\" \/>\n<meta property=\"og:type\" content=\"article\" \/>\n<meta property=\"og:title\" content=\"Lniana sukienka SUMMER - MIDI - www.talja.pl\" \/>\n<meta property=\"og:description\" content=\"Lniana sukienka SUMMER na cienkich rami\u0105czkach to pozycja obowi\u0105zkowa na upalne dni.\u00a0 Lekka i przewiewna, uszyta w Polsce .\" \/>\n<meta property=\"og:url\" content=\"https:\/\/talja.pl\/index.php\/produkt\/lniana-sukienka-summer-midi\/\" \/>\n<meta property=\"og:site_name\" content=\"www.talja.pl\" \/>\n<meta property=\"article:publisher\" content=\"https:\/\/www.facebook.com\/Talja-418285408906660\/\" \/>\n<meta property=\"article:modified_time\" content=\"2026-03-05T16:42:06+00:00\" \/>\n<meta property=\"og:image\" content=\"https:\/\/talja.pl\/wp-content\/uploads\/2021\/06\/talja.pl-profilowe-sukienka-na-ramiaczkach.jpg\" \/>\n\t<meta property=\"og:image:width\" content=\"1080\" \/>\n\t<meta property=\"og:image:height\" content=\"1601\" \/>\n\t<meta property=\"og:image:type\" content=\"image\/jpeg\" \/>\n<meta name=\"twitter:card\" content=\"summary_large_image\" \/>\n<meta name=\"twitter:site\" content=\"@talja_pracownia\" \/>\n<meta name=\"twitter:label1\" content=\"Szacowany czas czytania\" \/>\n\t<meta name=\"twitter:data1\" content=\"2 minuty\" \/>\n<script type=\"application\/ld+json\" class=\"yoast-schema-graph\">{\"@context\":\"https:\/\/schema.org\",\"@graph\":[{\"@type\":\"WebPage\",\"@id\":\"https:\/\/talja.pl\/index.php\/produkt\/lniana-sukienka-summer-midi\/\",\"url\":\"https:\/\/talja.pl\/index.php\/produkt\/lniana-sukienka-summer-midi\/\",\"name\":\"Lniana sukienka SUMMER - MIDI - www.talja.pl\",\"isPartOf\":{\"@id\":\"https:\/\/talja.pl\/#website\"},\"primaryImageOfPage\":{\"@id\":\"https:\/\/talja.pl\/index.php\/produkt\/lniana-sukienka-summer-midi\/#primaryimage\"},\"image\":{\"@id\":\"https:\/\/talja.pl\/index.php\/produkt\/lniana-sukienka-summer-midi\/#primaryimage\"},\"thumbnailUrl\":\"https:\/\/talja.pl\/wp-content\/uploads\/2021\/06\/talja.pl-profilowe-sukienka-na-ramiaczkach.jpg\",\"datePublished\":\"2024-07-24T18:01:23+00:00\",\"dateModified\":\"2026-03-05T16:42:06+00:00\",\"description\":\"Lniana sukienka SUMMER na cienkich rami\u0105czkach to pozycja obowi\u0105zkowa na upalne dni.\u00a0 Lekka i przewiewna, uszyta w Polsce .\",\"breadcrumb\":{\"@id\":\"https:\/\/talja.pl\/index.php\/produkt\/lniana-sukienka-summer-midi\/#breadcrumb\"},\"inLanguage\":\"pl-PL\",\"potentialAction\":[{\"@type\":\"ReadAction\",\"target\":[\"https:\/\/talja.pl\/index.php\/produkt\/lniana-sukienka-summer-midi\/\"]}]},{\"@type\":\"ImageObject\",\"inLanguage\":\"pl-PL\",\"@id\":\"https:\/\/talja.pl\/index.php\/produkt\/lniana-sukienka-summer-midi\/#primaryimage\",\"url\":\"https:\/\/talja.pl\/wp-content\/uploads\/2021\/06\/talja.pl-profilowe-sukienka-na-ramiaczkach.jpg\",\"contentUrl\":\"https:\/\/talja.pl\/wp-content\/uploads\/2021\/06\/talja.pl-profilowe-sukienka-na-ramiaczkach.jpg\",\"width\":1080,\"height\":1601,\"caption\":\"talja sukienka lniana\"},{\"@type\":\"BreadcrumbList\",\"@id\":\"https:\/\/talja.pl\/index.php\/produkt\/lniana-sukienka-summer-midi\/#breadcrumb\",\"itemListElement\":[{\"@type\":\"ListItem\",\"position\":1,\"name\":\"Strona g\u0142\u00f3wna\",\"item\":\"https:\/\/talja.pl\/\"},{\"@type\":\"ListItem\",\"position\":2,\"name\":\"talja.pl\",\"item\":\"https:\/\/talja.pl\/index.php\/sklep\/\"},{\"@type\":\"ListItem\",\"position\":3,\"name\":\"Lniana sukienka SUMMER &#8211; MIDI\"}]},{\"@type\":\"WebSite\",\"@id\":\"https:\/\/talja.pl\/#website\",\"url\":\"https:\/\/talja.pl\/\",\"name\":\"www.talja.pl\",\"description\":\"\",\"publisher\":{\"@id\":\"https:\/\/talja.pl\/#organization\"},\"potentialAction\":[{\"@type\":\"SearchAction\",\"target\":{\"@type\":\"EntryPoint\",\"urlTemplate\":\"https:\/\/talja.pl\/?s={search_term_string}\"},\"query-input\":{\"@type\":\"PropertyValueSpecification\",\"valueRequired\":true,\"valueName\":\"search_term_string\"}}],\"inLanguage\":\"pl-PL\"},{\"@type\":\"Organization\",\"@id\":\"https:\/\/talja.pl\/#organization\",\"name\":\"Talja\",\"url\":\"https:\/\/talja.pl\/\",\"logo\":{\"@type\":\"ImageObject\",\"inLanguage\":\"pl-PL\",\"@id\":\"https:\/\/talja.pl\/#\/schema\/logo\/image\/\",\"url\":\"https:\/\/talja.pl\/wp-content\/uploads\/2019\/06\/baner-talja-2.jpg\",\"contentUrl\":\"https:\/\/talja.pl\/wp-content\/uploads\/2019\/06\/baner-talja-2.jpg\",\"width\":1300,\"height\":300,\"caption\":\"Talja\"},\"image\":{\"@id\":\"https:\/\/talja.pl\/#\/schema\/logo\/image\/\"},\"sameAs\":[\"https:\/\/www.facebook.com\/Talja-418285408906660\/\",\"https:\/\/x.com\/talja_pracownia\",\"https:\/\/www.instagram.com\/talja_pracownia\/\"]}]}<\/script>\n<!-- \/ Yoast SEO plugin. -->","yoast_head_json":{"title":"Lniana sukienka SUMMER - MIDI - www.talja.pl","description":"Lniana sukienka SUMMER na cienkich rami\u0105czkach to pozycja obowi\u0105zkowa na upalne dni.\u00a0 Lekka i przewiewna, uszyta w Polsce .","robots":{"index":"index","follow":"follow","max-snippet":"max-snippet:-1","max-image-preview":"max-image-preview:large","max-video-preview":"max-video-preview:-1"},"canonical":"https:\/\/talja.pl\/index.php\/produkt\/lniana-sukienka-summer-midi\/","og_locale":"pl_PL","og_type":"article","og_title":"Lniana sukienka SUMMER - MIDI - www.talja.pl","og_description":"Lniana sukienka SUMMER na cienkich rami\u0105czkach to pozycja obowi\u0105zkowa na upalne dni.\u00a0 Lekka i przewiewna, uszyta w Polsce .","og_url":"https:\/\/talja.pl\/index.php\/produkt\/lniana-sukienka-summer-midi\/","og_site_name":"www.talja.pl","article_publisher":"https:\/\/www.facebook.com\/Talja-418285408906660\/","article_modified_time":"2026-03-05T16:42:06+00:00","og_image":[{"width":1080,"height":1601,"url":"https:\/\/talja.pl\/wp-content\/uploads\/2021\/06\/talja.pl-profilowe-sukienka-na-ramiaczkach.jpg","type":"image\/jpeg"}],"twitter_card":"summary_large_image","twitter_site":"@talja_pracownia","twitter_misc":{"Szacowany czas czytania":"2 minuty"},"schema":{"@context":"https:\/\/schema.org","@graph":[{"@type":"WebPage","@id":"https:\/\/talja.pl\/index.php\/produkt\/lniana-sukienka-summer-midi\/","url":"https:\/\/talja.pl\/index.php\/produkt\/lniana-sukienka-summer-midi\/","name":"Lniana sukienka SUMMER - MIDI - www.talja.pl","isPartOf":{"@id":"https:\/\/talja.pl\/#website"},"primaryImageOfPage":{"@id":"https:\/\/talja.pl\/index.php\/produkt\/lniana-sukienka-summer-midi\/#primaryimage"},"image":{"@id":"https:\/\/talja.pl\/index.php\/produkt\/lniana-sukienka-summer-midi\/#primaryimage"},"thumbnailUrl":"https:\/\/talja.pl\/wp-content\/uploads\/2021\/06\/talja.pl-profilowe-sukienka-na-ramiaczkach.jpg","datePublished":"2024-07-24T18:01:23+00:00","dateModified":"2026-03-05T16:42:06+00:00","description":"Lniana sukienka SUMMER na cienkich rami\u0105czkach to pozycja obowi\u0105zkowa na upalne dni.\u00a0 Lekka i przewiewna, uszyta w Polsce .","breadcrumb":{"@id":"https:\/\/talja.pl\/index.php\/produkt\/lniana-sukienka-summer-midi\/#breadcrumb"},"inLanguage":"pl-PL","potentialAction":[{"@type":"ReadAction","target":["https:\/\/talja.pl\/index.php\/produkt\/lniana-sukienka-summer-midi\/"]}]},{"@type":"ImageObject","inLanguage":"pl-PL","@id":"https:\/\/talja.pl\/index.php\/produkt\/lniana-sukienka-summer-midi\/#primaryimage","url":"https:\/\/talja.pl\/wp-content\/uploads\/2021\/06\/talja.pl-profilowe-sukienka-na-ramiaczkach.jpg","contentUrl":"https:\/\/talja.pl\/wp-content\/uploads\/2021\/06\/talja.pl-profilowe-sukienka-na-ramiaczkach.jpg","width":1080,"height":1601,"caption":"talja sukienka lniana"},{"@type":"BreadcrumbList","@id":"https:\/\/talja.pl\/index.php\/produkt\/lniana-sukienka-summer-midi\/#breadcrumb","itemListElement":[{"@type":"ListItem","position":1,"name":"Strona g\u0142\u00f3wna","item":"https:\/\/talja.pl\/"},{"@type":"ListItem","position":2,"name":"talja.pl","item":"https:\/\/talja.pl\/index.php\/sklep\/"},{"@type":"ListItem","position":3,"name":"Lniana sukienka SUMMER &#8211; MIDI"}]},{"@type":"WebSite","@id":"https:\/\/talja.pl\/#website","url":"https:\/\/talja.pl\/","name":"www.talja.pl","description":"","publisher":{"@id":"https:\/\/talja.pl\/#organization"},"potentialAction":[{"@type":"SearchAction","target":{"@type":"EntryPoint","urlTemplate":"https:\/\/talja.pl\/?s={search_term_string}"},"query-input":{"@type":"PropertyValueSpecification","valueRequired":true,"valueName":"search_term_string"}}],"inLanguage":"pl-PL"},{"@type":"Organization","@id":"https:\/\/talja.pl\/#organization","name":"Talja","url":"https:\/\/talja.pl\/","logo":{"@type":"ImageObject","inLanguage":"pl-PL","@id":"https:\/\/talja.pl\/#\/schema\/logo\/image\/","url":"https:\/\/talja.pl\/wp-content\/uploads\/2019\/06\/baner-talja-2.jpg","contentUrl":"https:\/\/talja.pl\/wp-content\/uploads\/2019\/06\/baner-talja-2.jpg","width":1300,"height":300,"caption":"Talja"},"image":{"@id":"https:\/\/talja.pl\/#\/schema\/logo\/image\/"},"sameAs":["https:\/\/www.facebook.com\/Talja-418285408906660\/","https:\/\/x.com\/talja_pracownia","https:\/\/www.instagram.com\/talja_pracownia\/"]}]}},"_links":{"self":[{"href":"https:\/\/talja.pl\/index.php\/wp-json\/wp\/v2\/product\/3939","targetHints":{"allow":["GET"]}}],"collection":[{"href":"https:\/\/talja.pl\/index.php\/wp-json\/wp\/v2\/product"}],"about":[{"href":"https:\/\/talja.pl\/index.php\/wp-json\/wp\/v2\/types\/product"}],"replies":[{"embeddable":true,"href":"https:\/\/talja.pl\/index.php\/wp-json\/wp\/v2\/comments?post=3939"}],"version-history":[{"count":3,"href":"https:\/\/talja.pl\/index.php\/wp-json\/wp\/v2\/product\/3939\/revisions"}],"predecessor-version":[{"id":3980,"href":"https:\/\/talja.pl\/index.php\/wp-json\/wp\/v2\/product\/3939\/revisions\/3980"}],"wp:featuredmedia":[{"embeddable":true,"href":"https:\/\/talja.pl\/index.php\/wp-json\/wp\/v2\/media\/3941"}],"wp:attachment":[{"href":"https:\/\/talja.pl\/index.php\/wp-json\/wp\/v2\/media?parent=3939"}],"wp:term":[{"taxonomy":"product_brand","embeddable":true,"href":"https:\/\/talja.pl\/index.php\/wp-json\/wp\/v2\/product_brand?post=3939"},{"taxonomy":"product_cat","embeddable":true,"href":"https:\/\/talja.pl\/index.php\/wp-json\/wp\/v2\/product_cat?post=3939"},{"taxonomy":"product_tag","embeddable":true,"href":"https:\/\/talja.pl\/index.php\/wp-json\/wp\/v2\/product_tag?post=3939"}],"curies":[{"name":"wp","href":"https:\/\/api.w.org\/{rel}","templated":true}]}}