{"id":447,"date":"2025-07-02T20:51:38","date_gmt":"2025-07-02T18:51:38","guid":{"rendered":"http:\/\/talja.pl\/?post_type=product&#038;p=447"},"modified":"2026-03-17T12:16:50","modified_gmt":"2026-03-17T11:16:50","slug":"lniana-sukienka-klara","status":"publish","type":"product","link":"https:\/\/talja.pl\/index.php\/produkt\/lniana-sukienka-klara\/","title":{"rendered":"Lniana sukienka KLARA"},"content":{"rendered":"<p>Wymiary sukienki na p\u0142asko:<\/p>\n<p><strong>S<\/strong><\/p>\n<p>pod pachami : 43cm<\/p>\n<p>talia : 37cm<\/p>\n<p><strong>M<\/strong><\/p>\n<p>pod pachami : 46cm<\/p>\n<p>talia : 40cm<\/p>\n<p><strong>L<\/strong><\/p>\n<p>pod pachami : 49cm<\/p>\n<p>talia : 43cm<\/p>\n<p><strong>XL<\/strong><\/p>\n<p>pod pachami : 52cm<\/p>\n<p>talia : 46<\/p>\n<hr \/>\n<p><strong>D\u0142ugo\u015b\u0107 sukienki od talii do wyboru<\/strong> :<\/p>\n<p><strong>short :<\/strong> 55cm<\/p>\n<p><strong>regualar :<\/strong> 65cm<\/p>\n<p><strong>midi :<\/strong> 73cm<\/p>\n<p>Natalia mierzy 173cm i nosi rozmiar S, d\u0142ugo\u015bci &#8221; midi&#8221; w kolorze lnu &#8220;bia\u0142ym&#8221;, Marysia nosi rozmiar S, d\u0142ugo\u015bci &#8221; midi&#8221; w kolorze lnu &#8221; cynamon&#8221;.<\/p>\n<h5><em><strong>Dopasuj sukienk\u0119 pod siebie\u00a0<\/strong><\/em><\/h5>\n<h5>J<em>e\u015bli marzysz o wprowadzeniu pewnych zmian do sukienki, wystarczy \u017ce wykupisz dodatkow\u0105 opcj\u0119<a href=\"http:\/\/talja.pl\/index.php\/produkt\/personalizacja\/\">\u00a0\u201d<strong> PERSONALIZACJA<\/strong> \u201e<\/a>. Dzi\u0119ki tej opcji Twoja sukienka zyska niepowtarzalno\u015b\u0107 i indywidualny charakter. Mo\u017cesz bowiem zmieni\u0107 d\u0142ugo\u015b\u0107 sukienki, d\u0142ugo\u015b\u0107 r\u0119kawa, wielko\u015b\u0107 guzik\u00f3w, a tak\u017ce zdecydowa\u0107, by sukienka rozpinana by\u0142a nie tylko do talii, lecz po ca\u0142ej d\u0142ugo\u015bci.<\/em><\/h5>\n<h5><em>Ubrania z lnu traktuj delikatnie. Nie wybielaj, pierz w 30stopniach, odwirowuj w pralce na ni\u017cszych obrotach i prasuj max w 150st. Dbaj o nie a b\u0119d\u0105 Ci wdzi\u0119czne.<\/em><\/h5>\n","protected":false},"excerpt":{"rendered":"<p>Lniana sukienka Klara to kwintesencja kobieco\u015bci w i\u015bcie letnim wydaniu. G\u0142\u0119bszy dekolt, du\u017ce kokosowe guziki, sporych rozmiar\u00f3w naszywane kieszenie, kt\u00f3re pomieszcz\u0105 wiele. Do tego sukienk\u0119 mo\u017cesz nosi\u0107 w dw\u00f3ch wariantach:\u00a0 z przewi\u0105zanym lnianym paskiem , b\u0105d\u017a te\u017c bez niego &#8211; wszystko to w zale\u017cno\u015bci od nastroju i upodoba\u0144. Sukienka zaprojektowana jest w taki spos\u00f3b, by nawet bez niego podkre\u015bla\u0107 Twoje kobiece atuty.<\/p>\n<p>Model dost\u0119pny w r\u00f3\u017cnych wersjach kolorystycznych. Na zdj\u0119ciach w kolorach : bia\u0142y, pudrowy r\u00f3\u017c, wrzos, cynamon.<\/p>\n<p>Pasek sprzedawany jest razem z sukienk\u0105.<\/p>\n<p>Sk\u0142ad : len 100%<\/p>\n<p><strong>Model dost\u0119pny w ponad 20 r\u00f3\u017cnych wersjach kolorystycznych. <\/strong>Wybierz ten, o kt\u00f3rym marzysz!\u00a0 Wiedz r\u00f3wnie\u017c, \u017ce wszystkie nasze lny s\u0105 produkcji polskiej oraz spe\u0142niaj\u0105 wymogi\u00a0 norm\u00a0<strong>OEKO TEX \u2013 Standard 100<\/strong>, co oznacza, \u017ce zosta\u0142y przebadane i nie zawieraj\u0105 \u015brodk\u00f3w szkodliwych zar\u00f3wno dla cz\u0142owieka jak i \u015brodowiska. Dodatkowo s\u0105 cudownie zmi\u0119kczane, a ten fakt z pewno\u015bci\u0105 doceni Twoja sk\u00f3ra.<\/p>\n<h5>Wysy\u0142ka w : 5-14 dni roboczych . Pami\u0119taj : wszystkie lniane sukienki szyte s\u0105 przez nas dopiero po z\u0142o\u017ceniu zam\u00f3wienia. Daj nam czas na precyzyjn\u0105 realizacj\u0119 Twojego zam\u00f3wienia.<\/h5>\n","protected":false},"featured_media":4926,"comment_status":"open","ping_status":"closed","template":"","meta":[],"product_brand":[],"product_cat":[45,20],"product_tag":[25,26,27],"class_list":{"0":"post-447","1":"product","2":"type-product","3":"status-publish","4":"has-post-thumbnail","6":"product_cat-produkty-na-zamowienie","7":"product_cat-sukienki-lniane","8":"product_tag-len","9":"product_tag-sukienka","10":"product_tag-sukienka-lniana","11":"pa_kolor-kratka-vichy-len-100","12":"pa_kolor-len-30-wiskoza-70","13":"pa_kolor-koktajl-truskawkowy-150g-m2","14":"pa_kolor-malina","15":"pa_kolor-liliowy-170g-m2","16":"pa_kolor-pochmurne-niebo-170g-m2","17":"pa_kolor-czerwone-wino-150g-m2","18":"pa_kolor-sliwka-170g-m2","19":"pa_kolor-mleczna-czekolada-170g-m2","20":"pa_kolor-letnie-niebo-150g-m2","21":"pa_kolor-biel-170g-m2","22":"pa_kolor-paski-150g-m2-len-100","23":"pa_kolor-naturalny-150g-m2","24":"pa_kolor-fuksja","25":"pa_kolor-morelowy","26":"pa_kolor-chabrowy-150g-m2","27":"pa_kolor-karmel-170-g-m2","28":"pa_kolor-baby-blue-150g-m2","29":"pa_kolor-pudrowy-roz-150g-m2","30":"pa_kolor-arbuz-150g-m2","31":"pa_kolor-pudrowy-szary-170g-m2","32":"pa_kolor-cegla-150g-m2","33":"pa_kolor-ciemna-zielen-150g-m2","34":"pa_kolor-ciemny-niebieski-170g-m2","35":"pa_kolor-cynamon-150g-m2","36":"pa_kolor-czern-150g-m2","37":"pa_kolor-eukaliptus-150g-m2","38":"pa_kolor-khaki-150g-m2","39":"pa_kolor-melon-150g-m2","40":"pa_kolor-wrszos-150g-m2","41":"pa_kolor-stalowo-szary-170g-m2","42":"pa_kolor-wisnia-150g-m2","44":"entry","45":"has-media","47":"first","48":"instock","49":"taxable","50":"shipping-taxable","51":"purchasable","52":"product-type-variable","53":"wvs-archive-product-wrapper","54":"has-rating","55":"has-product-nav","56":"col","57":"span_1_of_4","58":"owp-content-center","59":"owp-thumbs-layout-horizontal","60":"owp-btn-big","61":"owp-tabs-layout-horizontal"},"yoast_head":"<!-- This site is optimized with the Yoast SEO plugin v27.0 - https:\/\/yoast.com\/product\/yoast-seo-wordpress\/ -->\n<title>Lniana sukienka KLARA - www.talja.pl<\/title>\n<meta name=\"robots\" content=\"index, follow, max-snippet:-1, max-image-preview:large, max-video-preview:-1\" \/>\n<link rel=\"canonical\" href=\"https:\/\/talja.pl\/index.php\/produkt\/lniana-sukienka-klara\/\" \/>\n<meta property=\"og:locale\" content=\"pl_PL\" \/>\n<meta property=\"og:type\" content=\"article\" \/>\n<meta property=\"og:title\" content=\"Lniana sukienka KLARA - www.talja.pl\" \/>\n<meta property=\"og:description\" content=\"Lniana sukienka Klara to kwintesencja kobieco\u015bci w i\u015bcie letnim wydaniu. G\u0142\u0119bszy dekolt, du\u017ce kokosowe guziki, sporych rozmiar\u00f3w naszywane kieszenie, kt\u00f3re pomieszcz\u0105 wiele. Do tego sukienk\u0119 mo\u017cesz nosi\u0107 w dw\u00f3ch wariantach:\u00a0 z przewi\u0105zanym lnianym paskiem , b\u0105d\u017a te\u017c bez niego - wszystko to w zale\u017cno\u015bci od nastroju i upodoba\u0144. Sukienka zaprojektowana jest w taki spos\u00f3b, by nawet bez niego podkre\u015bla\u0107 Twoje kobiece atuty.  Model dost\u0119pny w r\u00f3\u017cnych wersjach kolorystycznych. Na zdj\u0119ciach w kolorach : bia\u0142y, pudrowy r\u00f3\u017c, wrzos, cynamon.  Pasek sprzedawany jest razem z sukienk\u0105.  Sk\u0142ad : len 100%  Model dost\u0119pny w ponad 20 r\u00f3\u017cnych wersjach kolorystycznych. Wybierz ten, o kt\u00f3rym marzysz!\u00a0 Wiedz r\u00f3wnie\u017c, \u017ce wszystkie nasze lny s\u0105 produkcji polskiej oraz spe\u0142niaj\u0105 wymogi\u00a0 norm\u00a0OEKO TEX \u2013 Standard 100, co oznacza, \u017ce zosta\u0142y przebadane i nie zawieraj\u0105 \u015brodk\u00f3w szkodliwych zar\u00f3wno dla cz\u0142owieka jak i \u015brodowiska. Dodatkowo s\u0105 cudownie zmi\u0119kczane, a ten fakt z pewno\u015bci\u0105 doceni Twoja sk\u00f3ra. Wysy\u0142ka w : 5-14 dni roboczych . Pami\u0119taj : wszystkie lniane sukienki szyte s\u0105 przez nas dopiero po z\u0142o\u017ceniu zam\u00f3wienia. Daj nam czas na precyzyjn\u0105 realizacj\u0119 Twojego zam\u00f3wienia.\" \/>\n<meta property=\"og:url\" content=\"https:\/\/talja.pl\/index.php\/produkt\/lniana-sukienka-klara\/\" \/>\n<meta property=\"og:site_name\" content=\"www.talja.pl\" \/>\n<meta property=\"article:publisher\" content=\"https:\/\/www.facebook.com\/Talja-418285408906660\/\" \/>\n<meta property=\"article:modified_time\" content=\"2026-03-17T11:16:50+00:00\" \/>\n<meta property=\"og:image\" content=\"https:\/\/talja.pl\/wp-content\/uploads\/2021\/12\/www.talja_.pl-m-IMG_8685-1m-e1656089460627.jpg\" \/>\n\t<meta property=\"og:image:width\" content=\"959\" \/>\n\t<meta property=\"og:image:height\" content=\"1414\" \/>\n\t<meta property=\"og:image:type\" content=\"image\/jpeg\" \/>\n<meta name=\"twitter:card\" content=\"summary_large_image\" \/>\n<meta name=\"twitter:site\" content=\"@talja_pracownia\" \/>\n<meta name=\"twitter:label1\" content=\"Szacowany czas czytania\" \/>\n\t<meta name=\"twitter:data1\" content=\"2 minuty\" \/>\n<script type=\"application\/ld+json\" class=\"yoast-schema-graph\">{\"@context\":\"https:\/\/schema.org\",\"@graph\":[{\"@type\":\"WebPage\",\"@id\":\"https:\/\/talja.pl\/index.php\/produkt\/lniana-sukienka-klara\/\",\"url\":\"https:\/\/talja.pl\/index.php\/produkt\/lniana-sukienka-klara\/\",\"name\":\"Lniana sukienka KLARA - www.talja.pl\",\"isPartOf\":{\"@id\":\"https:\/\/talja.pl\/#website\"},\"primaryImageOfPage\":{\"@id\":\"https:\/\/talja.pl\/index.php\/produkt\/lniana-sukienka-klara\/#primaryimage\"},\"image\":{\"@id\":\"https:\/\/talja.pl\/index.php\/produkt\/lniana-sukienka-klara\/#primaryimage\"},\"thumbnailUrl\":\"https:\/\/talja.pl\/wp-content\/uploads\/2021\/12\/www.talja_.pl-m-IMG_8685-1m-e1656089460627.jpg\",\"datePublished\":\"2025-07-02T18:51:38+00:00\",\"dateModified\":\"2026-03-17T11:16:50+00:00\",\"breadcrumb\":{\"@id\":\"https:\/\/talja.pl\/index.php\/produkt\/lniana-sukienka-klara\/#breadcrumb\"},\"inLanguage\":\"pl-PL\",\"potentialAction\":[{\"@type\":\"ReadAction\",\"target\":[\"https:\/\/talja.pl\/index.php\/produkt\/lniana-sukienka-klara\/\"]}]},{\"@type\":\"ImageObject\",\"inLanguage\":\"pl-PL\",\"@id\":\"https:\/\/talja.pl\/index.php\/produkt\/lniana-sukienka-klara\/#primaryimage\",\"url\":\"https:\/\/talja.pl\/wp-content\/uploads\/2021\/12\/www.talja_.pl-m-IMG_8685-1m-e1656089460627.jpg\",\"contentUrl\":\"https:\/\/talja.pl\/wp-content\/uploads\/2021\/12\/www.talja_.pl-m-IMG_8685-1m-e1656089460627.jpg\",\"width\":959,\"height\":1414},{\"@type\":\"BreadcrumbList\",\"@id\":\"https:\/\/talja.pl\/index.php\/produkt\/lniana-sukienka-klara\/#breadcrumb\",\"itemListElement\":[{\"@type\":\"ListItem\",\"position\":1,\"name\":\"Strona g\u0142\u00f3wna\",\"item\":\"https:\/\/talja.pl\/\"},{\"@type\":\"ListItem\",\"position\":2,\"name\":\"talja.pl\",\"item\":\"https:\/\/talja.pl\/index.php\/sklep\/\"},{\"@type\":\"ListItem\",\"position\":3,\"name\":\"Lniana sukienka KLARA\"}]},{\"@type\":\"WebSite\",\"@id\":\"https:\/\/talja.pl\/#website\",\"url\":\"https:\/\/talja.pl\/\",\"name\":\"www.talja.pl\",\"description\":\"\",\"publisher\":{\"@id\":\"https:\/\/talja.pl\/#organization\"},\"potentialAction\":[{\"@type\":\"SearchAction\",\"target\":{\"@type\":\"EntryPoint\",\"urlTemplate\":\"https:\/\/talja.pl\/?s={search_term_string}\"},\"query-input\":{\"@type\":\"PropertyValueSpecification\",\"valueRequired\":true,\"valueName\":\"search_term_string\"}}],\"inLanguage\":\"pl-PL\"},{\"@type\":\"Organization\",\"@id\":\"https:\/\/talja.pl\/#organization\",\"name\":\"Talja\",\"url\":\"https:\/\/talja.pl\/\",\"logo\":{\"@type\":\"ImageObject\",\"inLanguage\":\"pl-PL\",\"@id\":\"https:\/\/talja.pl\/#\/schema\/logo\/image\/\",\"url\":\"https:\/\/talja.pl\/wp-content\/uploads\/2019\/06\/baner-talja-2.jpg\",\"contentUrl\":\"https:\/\/talja.pl\/wp-content\/uploads\/2019\/06\/baner-talja-2.jpg\",\"width\":1300,\"height\":300,\"caption\":\"Talja\"},\"image\":{\"@id\":\"https:\/\/talja.pl\/#\/schema\/logo\/image\/\"},\"sameAs\":[\"https:\/\/www.facebook.com\/Talja-418285408906660\/\",\"https:\/\/x.com\/talja_pracownia\",\"https:\/\/www.instagram.com\/talja_pracownia\/\"]}]}<\/script>\n<!-- \/ Yoast SEO plugin. -->","yoast_head_json":{"title":"Lniana sukienka KLARA - www.talja.pl","robots":{"index":"index","follow":"follow","max-snippet":"max-snippet:-1","max-image-preview":"max-image-preview:large","max-video-preview":"max-video-preview:-1"},"canonical":"https:\/\/talja.pl\/index.php\/produkt\/lniana-sukienka-klara\/","og_locale":"pl_PL","og_type":"article","og_title":"Lniana sukienka KLARA - www.talja.pl","og_description":"Lniana sukienka Klara to kwintesencja kobieco\u015bci w i\u015bcie letnim wydaniu. G\u0142\u0119bszy dekolt, du\u017ce kokosowe guziki, sporych rozmiar\u00f3w naszywane kieszenie, kt\u00f3re pomieszcz\u0105 wiele. Do tego sukienk\u0119 mo\u017cesz nosi\u0107 w dw\u00f3ch wariantach:\u00a0 z przewi\u0105zanym lnianym paskiem , b\u0105d\u017a te\u017c bez niego - wszystko to w zale\u017cno\u015bci od nastroju i upodoba\u0144. Sukienka zaprojektowana jest w taki spos\u00f3b, by nawet bez niego podkre\u015bla\u0107 Twoje kobiece atuty.  Model dost\u0119pny w r\u00f3\u017cnych wersjach kolorystycznych. Na zdj\u0119ciach w kolorach : bia\u0142y, pudrowy r\u00f3\u017c, wrzos, cynamon.  Pasek sprzedawany jest razem z sukienk\u0105.  Sk\u0142ad : len 100%  Model dost\u0119pny w ponad 20 r\u00f3\u017cnych wersjach kolorystycznych. Wybierz ten, o kt\u00f3rym marzysz!\u00a0 Wiedz r\u00f3wnie\u017c, \u017ce wszystkie nasze lny s\u0105 produkcji polskiej oraz spe\u0142niaj\u0105 wymogi\u00a0 norm\u00a0OEKO TEX \u2013 Standard 100, co oznacza, \u017ce zosta\u0142y przebadane i nie zawieraj\u0105 \u015brodk\u00f3w szkodliwych zar\u00f3wno dla cz\u0142owieka jak i \u015brodowiska. Dodatkowo s\u0105 cudownie zmi\u0119kczane, a ten fakt z pewno\u015bci\u0105 doceni Twoja sk\u00f3ra. Wysy\u0142ka w : 5-14 dni roboczych . Pami\u0119taj : wszystkie lniane sukienki szyte s\u0105 przez nas dopiero po z\u0142o\u017ceniu zam\u00f3wienia. Daj nam czas na precyzyjn\u0105 realizacj\u0119 Twojego zam\u00f3wienia.","og_url":"https:\/\/talja.pl\/index.php\/produkt\/lniana-sukienka-klara\/","og_site_name":"www.talja.pl","article_publisher":"https:\/\/www.facebook.com\/Talja-418285408906660\/","article_modified_time":"2026-03-17T11:16:50+00:00","og_image":[{"width":959,"height":1414,"url":"https:\/\/talja.pl\/wp-content\/uploads\/2021\/12\/www.talja_.pl-m-IMG_8685-1m-e1656089460627.jpg","type":"image\/jpeg"}],"twitter_card":"summary_large_image","twitter_site":"@talja_pracownia","twitter_misc":{"Szacowany czas czytania":"2 minuty"},"schema":{"@context":"https:\/\/schema.org","@graph":[{"@type":"WebPage","@id":"https:\/\/talja.pl\/index.php\/produkt\/lniana-sukienka-klara\/","url":"https:\/\/talja.pl\/index.php\/produkt\/lniana-sukienka-klara\/","name":"Lniana sukienka KLARA - www.talja.pl","isPartOf":{"@id":"https:\/\/talja.pl\/#website"},"primaryImageOfPage":{"@id":"https:\/\/talja.pl\/index.php\/produkt\/lniana-sukienka-klara\/#primaryimage"},"image":{"@id":"https:\/\/talja.pl\/index.php\/produkt\/lniana-sukienka-klara\/#primaryimage"},"thumbnailUrl":"https:\/\/talja.pl\/wp-content\/uploads\/2021\/12\/www.talja_.pl-m-IMG_8685-1m-e1656089460627.jpg","datePublished":"2025-07-02T18:51:38+00:00","dateModified":"2026-03-17T11:16:50+00:00","breadcrumb":{"@id":"https:\/\/talja.pl\/index.php\/produkt\/lniana-sukienka-klara\/#breadcrumb"},"inLanguage":"pl-PL","potentialAction":[{"@type":"ReadAction","target":["https:\/\/talja.pl\/index.php\/produkt\/lniana-sukienka-klara\/"]}]},{"@type":"ImageObject","inLanguage":"pl-PL","@id":"https:\/\/talja.pl\/index.php\/produkt\/lniana-sukienka-klara\/#primaryimage","url":"https:\/\/talja.pl\/wp-content\/uploads\/2021\/12\/www.talja_.pl-m-IMG_8685-1m-e1656089460627.jpg","contentUrl":"https:\/\/talja.pl\/wp-content\/uploads\/2021\/12\/www.talja_.pl-m-IMG_8685-1m-e1656089460627.jpg","width":959,"height":1414},{"@type":"BreadcrumbList","@id":"https:\/\/talja.pl\/index.php\/produkt\/lniana-sukienka-klara\/#breadcrumb","itemListElement":[{"@type":"ListItem","position":1,"name":"Strona g\u0142\u00f3wna","item":"https:\/\/talja.pl\/"},{"@type":"ListItem","position":2,"name":"talja.pl","item":"https:\/\/talja.pl\/index.php\/sklep\/"},{"@type":"ListItem","position":3,"name":"Lniana sukienka KLARA"}]},{"@type":"WebSite","@id":"https:\/\/talja.pl\/#website","url":"https:\/\/talja.pl\/","name":"www.talja.pl","description":"","publisher":{"@id":"https:\/\/talja.pl\/#organization"},"potentialAction":[{"@type":"SearchAction","target":{"@type":"EntryPoint","urlTemplate":"https:\/\/talja.pl\/?s={search_term_string}"},"query-input":{"@type":"PropertyValueSpecification","valueRequired":true,"valueName":"search_term_string"}}],"inLanguage":"pl-PL"},{"@type":"Organization","@id":"https:\/\/talja.pl\/#organization","name":"Talja","url":"https:\/\/talja.pl\/","logo":{"@type":"ImageObject","inLanguage":"pl-PL","@id":"https:\/\/talja.pl\/#\/schema\/logo\/image\/","url":"https:\/\/talja.pl\/wp-content\/uploads\/2019\/06\/baner-talja-2.jpg","contentUrl":"https:\/\/talja.pl\/wp-content\/uploads\/2019\/06\/baner-talja-2.jpg","width":1300,"height":300,"caption":"Talja"},"image":{"@id":"https:\/\/talja.pl\/#\/schema\/logo\/image\/"},"sameAs":["https:\/\/www.facebook.com\/Talja-418285408906660\/","https:\/\/x.com\/talja_pracownia","https:\/\/www.instagram.com\/talja_pracownia\/"]}]}},"_links":{"self":[{"href":"https:\/\/talja.pl\/index.php\/wp-json\/wp\/v2\/product\/447","targetHints":{"allow":["GET"]}}],"collection":[{"href":"https:\/\/talja.pl\/index.php\/wp-json\/wp\/v2\/product"}],"about":[{"href":"https:\/\/talja.pl\/index.php\/wp-json\/wp\/v2\/types\/product"}],"replies":[{"embeddable":true,"href":"https:\/\/talja.pl\/index.php\/wp-json\/wp\/v2\/comments?post=447"}],"version-history":[{"count":6,"href":"https:\/\/talja.pl\/index.php\/wp-json\/wp\/v2\/product\/447\/revisions"}],"predecessor-version":[{"id":459,"href":"https:\/\/talja.pl\/index.php\/wp-json\/wp\/v2\/product\/447\/revisions\/459"}],"wp:featuredmedia":[{"embeddable":true,"href":"https:\/\/talja.pl\/index.php\/wp-json\/wp\/v2\/media\/4926"}],"wp:attachment":[{"href":"https:\/\/talja.pl\/index.php\/wp-json\/wp\/v2\/media?parent=447"}],"wp:term":[{"taxonomy":"product_brand","embeddable":true,"href":"https:\/\/talja.pl\/index.php\/wp-json\/wp\/v2\/product_brand?post=447"},{"taxonomy":"product_cat","embeddable":true,"href":"https:\/\/talja.pl\/index.php\/wp-json\/wp\/v2\/product_cat?post=447"},{"taxonomy":"product_tag","embeddable":true,"href":"https:\/\/talja.pl\/index.php\/wp-json\/wp\/v2\/product_tag?post=447"}],"curies":[{"name":"wp","href":"https:\/\/api.w.org\/{rel}","templated":true}]}}