{"id":4497,"date":"2025-07-25T09:59:05","date_gmt":"2025-07-25T07:59:05","guid":{"rendered":"https:\/\/talja.pl\/?post_type=product&#038;p=4497"},"modified":"2026-03-17T12:16:48","modified_gmt":"2026-03-17T11:16:48","slug":"lniana-sukienka-kopertowa-dalia","status":"publish","type":"product","link":"https:\/\/talja.pl\/index.php\/produkt\/lniana-sukienka-kopertowa-dalia\/","title":{"rendered":"Lniana sukienka kopertowa DALIA"},"content":{"rendered":"<p><strong>Lniana sukienka kopertowa Dalia<\/strong> to sukienka stworzona wprost dla ka\u017cdej kobiety. Dlaczego? Dlatego, \u017ce <strong>ten kopertowy kr\u00f3j w po\u0142\u0105czeniu z trapezowym do\u0142em tworzy z kobiecej figury prawdziwe dzie\u0142o sztuki.<\/strong> Wysmukli dekolt, podkre\u015bli tali\u0119, subtelnie op\u0142ynie biodra, a r\u0119kawki d\u0142ugo\u015bci 3\/4 wyeksponuj\u0105 za\u015b pi\u0119knie delikatne nadgarstki. <strong>Dodaj do tego szlachetny len, z kt\u00f3rego jest uszyta! Czego pragn\u0105\u0107 wi\u0119cej?<\/strong><\/p>\n<p>Dalia daje fantastyczne pole do popisu w mo\u017cliwo\u015bciach stylizacji. Mo\u017cesz j\u0105 nosi\u0107 w spos\u00f3b subtelny i romantyczny do delikatnego obuwia w po\u0142\u0105czeniu z torebk\u0105\/koszykiem. Spr\u00f3buj jednak\u017ce wsun\u0105\u0107 na stopy bardziej sportowe rozwi\u0105zanie, jak trampki oraz zarzu\u0107 sk\u00f3rzan\u0105 ramonesk\u0119, a zdziwisz si\u0119 jakiego pazura nadasz takiej stylizacji!<\/p>\n<h4><strong>Za co j\u0105 pokochasz?\u00a0<\/strong><\/h4>\n<ul>\n<li>za mo\u017cliwo\u015b\u0107 uszycia jej\u00a0<strong>w jednym z ponad 20 dost\u0119pnych kolor\u00f3w ln\u00f3w ( 100%len, zmi\u0119kczany )\u00a0<\/strong><\/li>\n<li>kopertowy kr\u00f3j wysmuklaj\u0105cy szyj\u0119 i podkre\u015blaj\u0105cy dekolt<\/li>\n<li>uroczy detal przy dekolcie, jak karczki z marszczeniem<\/li>\n<li>szarfy, dzi\u0119ki kt\u00f3rym dopasujesz\u00a0 sukienk\u0119 idealnie w talii<\/li>\n<li>r\u0119kawki d\u0142ugo\u015bci 3\/4 wyko\u0144czone subtelnym mankietem zapinanym na <strong>r\u0119cznie oblekany lnem guziczek\u00a0<\/strong><\/li>\n<li>a\u017c 3 d\u0142ugo\u015bci sukienki do wyboru : SHORT ( 55cm od odci\u0119cia w talii ) REGULAR\u00a0 (65 cm) oraz MIDI (75 cm)<\/li>\n<li>uszycie z dba\u0142o\u015bci\u0105 w niewielkiej manufakturze w Szczecinie<\/li>\n<\/ul>\n<p class=\"responsive-video-wrap clr\"><iframe title=\"Lniana sukienka Dalia w pracowni Talja\" width=\"1200\" height=\"900\" src=\"https:\/\/www.youtube.com\/embed\/Y_JsTI7mPpc?feature=oembed\" frameborder=\"0\" allow=\"accelerometer; autoplay; clipboard-write; encrypted-media; gyroscope; picture-in-picture; web-share\" referrerpolicy=\"strict-origin-when-cross-origin\" allowfullscreen><\/iframe><\/p>\n<h4><strong>Sk\u0142ad\u00a0<\/strong><\/h4>\n<p>len 100%, cudownie zmi\u0119kczany ; produkcji polskiej. Do wyboru w a\u017c 20 kolorach !<\/p>\n<h4><strong>Rozmiar\u00a0<\/strong><\/h4>\n<p>W tabeli poni\u017cej podane s\u0105 sugerowane obwody cia\u0142a. Wybierz rozmiar jak najbli\u017cszy zw\u0142aszcza obwodowi biustu.<\/p>\n<p><img fetchpriority=\"high\" decoding=\"async\" class=\"alignnone size-full wp-image-4728\" src=\"https:\/\/talja.pl\/wp-content\/uploads\/2021\/11\/Dalia-wymiary-Regular-Midi.png\" alt=\"\" width=\"716\" height=\"220\" srcset=\"https:\/\/talja.pl\/wp-content\/uploads\/2021\/11\/Dalia-wymiary-Regular-Midi.png 716w, https:\/\/talja.pl\/wp-content\/uploads\/2021\/11\/Dalia-wymiary-Regular-Midi-100x31.png 100w, https:\/\/talja.pl\/wp-content\/uploads\/2021\/11\/Dalia-wymiary-Regular-Midi-300x92.png 300w\" sizes=\"(max-width: 716px) 100vw, 716px\" \/><\/p>\n<p>Natalia ma 173cm ( obw\u00f3d biustu 83cm, talii 70cm ) i prezentuje sukienk\u0119 w rozmiarze XS o d\u0142ugo\u015bci REGULAR ( 65cm od odci\u0119cia w talii) w kolorach \u015bliwka oraz cynamon.<\/p>\n<p>Je\u015bli masz problem z doborem rozmiaru, czy koloru lnu &#8211; napisz do nas na kontakt@talja.pl \u2013 ch\u0119tnie pomo\u017cemy!<\/p>\n<h4><strong>Piel\u0119gnacja\u00a0<\/strong><\/h4>\n<p>Ubrania z lnu traktuj delikatnie. Nie wybielaj, pierz w 30 stopniach, odwirowuj w pralce na ni\u017cszych obrotach i prasuj max w 150st. Dbaj o nie a b\u0119d\u0105 Ci wdzi\u0119czne.<\/p>\n<h4><strong>Personalizacja<\/strong><\/h4>\n<p>Je\u015bli marzysz o wprowadzeniu pewnych zmian do sukienki, wystarczy \u017ce wykupisz dodatkow\u0105 opcj\u0119<a href=\"https:\/\/talja.pl\/index.php\/produkt\/personalizacja\/\">\u00a0<strong>\u201d PERSONALIZACJA \u201e<\/strong><\/a>. Dzi\u0119ki tej opcji Twoja sukienka zyska niepowtarzalno\u015b\u0107 i indywidualny charakter. Mo\u017cesz bowiem zmieni\u0107 d\u0142ugo\u015b\u0107 sukienki czy r\u0119kawa, wysoko\u015b\u0107 stanu itp. Je\u015bli masz jeszcze inny pomys\u0142 na zmodyfikowanie sukienki, a nie znajdujesz go w opcji \u201d Personalizacja\u201d skontaktuj si\u0119 z nami\u00a0 mailowo : kontakt@talja.pl . Razem z pewno\u015bci\u0105 wyczarujemy sukienk\u0119 Twoich marze\u0144!<\/p>\n<p>&nbsp;<\/p>\n<p>Na zdj\u0119ciach\u00a0 sukienki w kolorach :\u00a0 cynamonu oraz \u015bliwki , je\u015bli chcesz dowiedzie\u0107 si\u0119 wi\u0119cej o kolorach z jakich szyjemy w pracowni &#8211; zerknij<a href=\"https:\/\/talja.pl\/index.php\/kolory-lnow\/\"> tutaj<\/a> .<\/p>\n<p>&nbsp;<\/p>\n<h5><\/h5>\n<p>&nbsp;<\/p>\n","protected":false},"excerpt":{"rendered":"<p>Lniana sukienka kopertowa DALIA szyta w a\u017c trzech d\u0142ugo\u015bciach : SHORT, REGULAR , MIDI oraz w niemal\u017ce 30 kolorach ln\u00f3w do wyboru.<\/p>\n<p>Na zdj\u0119ciach prezentowana w d\u0142ugo\u015bci REGULAR.<\/p>\n<p>Sk\u0142ad : len 100%, zmi\u0119kczany.<\/p>\n<p><span style=\"font-size: 16px;\">Uszyta w niewielkiej manufakturze z Polsce.\u00a0<\/span><\/p>\n<h5>Wysy\u0142ka : 5 do 14 dni roboczych <em>. <\/em><\/h5>\n<h5>Pami\u0119taj : wszystkie lniane sukienki szyjemy dopiero po z\u0142o\u017ceniu zam\u00f3wienia. Wiedz jednak, \u017ce robimy, co w naszej mocy, by zam\u00f3wione przez Ciebie produkty opu\u015bci\u0142y pracowni\u0119 tak szybko, jak to tylko mo\u017cliwe.<\/h5>\n","protected":false},"featured_media":4592,"comment_status":"open","ping_status":"closed","template":"","meta":[],"product_brand":[],"product_cat":[45,20,140],"product_tag":[25,26,27],"class_list":{"0":"post-4497","1":"product","2":"type-product","3":"status-publish","4":"has-post-thumbnail","6":"product_cat-produkty-na-zamowienie","7":"product_cat-sukienki-lniane","8":"product_cat-sukienki-dlugi-rekaw","9":"product_tag-len","10":"product_tag-sukienka","11":"product_tag-sukienka-lniana","12":"pa_kolor-kratka-vichy-len-100","13":"pa_kolor-len-30-wiskoza-70","14":"pa_kolor-koktajl-truskawkowy-150g-m2","15":"pa_kolor-malina","16":"pa_kolor-liliowy-170g-m2","17":"pa_kolor-pochmurne-niebo-170g-m2","18":"pa_kolor-zielen-trawiasta-170g-m2","19":"pa_kolor-czerwone-wino-150g-m2","20":"pa_kolor-sliwka-170g-m2","21":"pa_kolor-mleczna-czekolada-170g-m2","22":"pa_kolor-letnie-niebo-150g-m2","23":"pa_kolor-biel-170g-m2","24":"pa_kolor-paski-150g-m2-len-100","25":"pa_kolor-naturalny-150g-m2","26":"pa_kolor-fuksja","27":"pa_kolor-morelowy","28":"pa_kolor-chabrowy-150g-m2","29":"pa_kolor-karmel-170-g-m2","30":"pa_kolor-baby-blue-150g-m2","31":"pa_kolor-pudrowy-roz-150g-m2","32":"pa_kolor-arbuz-150g-m2","33":"pa_kolor-pudrowy-szary-170g-m2","34":"pa_kolor-cegla-150g-m2","35":"pa_kolor-ciemna-zielen-150g-m2","36":"pa_kolor-ciemny-niebieski-170g-m2","37":"pa_kolor-cynamon-150g-m2","38":"pa_kolor-czern-150g-m2","39":"pa_kolor-eukaliptus-150g-m2","40":"pa_kolor-khaki-150g-m2","41":"pa_kolor-melon-150g-m2","42":"pa_kolor-wrszos-150g-m2","43":"pa_kolor-stalowo-szary-170g-m2","44":"pa_kolor-wisnia-150g-m2","46":"entry","47":"has-media","49":"first","50":"instock","51":"taxable","52":"shipping-taxable","53":"purchasable","54":"product-type-variable","55":"wvs-archive-product-wrapper","56":"has-rating","57":"has-product-nav","58":"col","59":"span_1_of_4","60":"owp-content-center","61":"owp-thumbs-layout-horizontal","62":"owp-btn-big","63":"owp-tabs-layout-horizontal"},"yoast_head":"<!-- This site is optimized with the Yoast SEO plugin v27.0 - https:\/\/yoast.com\/product\/yoast-seo-wordpress\/ -->\n<title>Lniana sukienka kopertowa DALIA - www.talja.pl<\/title>\n<meta name=\"description\" content=\"Lniana sukienka kopertowa DALIA to sukienka, kt\u00f3r\u0105 uszyjemy dla Ciebie w a\u017c 20 kolorach ln\u00f3w w niewielkiej polskiej manufakturze.\" \/>\n<meta name=\"robots\" content=\"index, follow, max-snippet:-1, max-image-preview:large, max-video-preview:-1\" \/>\n<link rel=\"canonical\" href=\"https:\/\/talja.pl\/index.php\/produkt\/lniana-sukienka-kopertowa-dalia\/\" \/>\n<meta property=\"og:locale\" content=\"pl_PL\" \/>\n<meta property=\"og:type\" content=\"article\" \/>\n<meta property=\"og:title\" content=\"Lniana sukienka kopertowa DALIA - www.talja.pl\" \/>\n<meta property=\"og:description\" content=\"Lniana sukienka kopertowa DALIA to sukienka, kt\u00f3r\u0105 uszyjemy dla Ciebie w a\u017c 20 kolorach ln\u00f3w w niewielkiej polskiej manufakturze.\" \/>\n<meta property=\"og:url\" content=\"https:\/\/talja.pl\/index.php\/produkt\/lniana-sukienka-kopertowa-dalia\/\" \/>\n<meta property=\"og:site_name\" content=\"www.talja.pl\" \/>\n<meta property=\"article:publisher\" content=\"https:\/\/www.facebook.com\/Talja-418285408906660\/\" \/>\n<meta property=\"article:modified_time\" content=\"2026-03-17T11:16:48+00:00\" \/>\n<meta property=\"og:image\" content=\"https:\/\/talja.pl\/wp-content\/uploads\/2021\/10\/dalia-zdj-profi.jpg\" \/>\n\t<meta property=\"og:image:width\" content=\"1080\" \/>\n\t<meta property=\"og:image:height\" content=\"1600\" \/>\n\t<meta property=\"og:image:type\" content=\"image\/jpeg\" \/>\n<meta name=\"twitter:card\" content=\"summary_large_image\" \/>\n<meta name=\"twitter:site\" content=\"@talja_pracownia\" \/>\n<meta name=\"twitter:label1\" content=\"Szacowany czas czytania\" \/>\n\t<meta name=\"twitter:data1\" content=\"3 minuty\" \/>\n<script type=\"application\/ld+json\" class=\"yoast-schema-graph\">{\"@context\":\"https:\/\/schema.org\",\"@graph\":[{\"@type\":\"WebPage\",\"@id\":\"https:\/\/talja.pl\/index.php\/produkt\/lniana-sukienka-kopertowa-dalia\/\",\"url\":\"https:\/\/talja.pl\/index.php\/produkt\/lniana-sukienka-kopertowa-dalia\/\",\"name\":\"Lniana sukienka kopertowa DALIA - www.talja.pl\",\"isPartOf\":{\"@id\":\"https:\/\/talja.pl\/#website\"},\"primaryImageOfPage\":{\"@id\":\"https:\/\/talja.pl\/index.php\/produkt\/lniana-sukienka-kopertowa-dalia\/#primaryimage\"},\"image\":{\"@id\":\"https:\/\/talja.pl\/index.php\/produkt\/lniana-sukienka-kopertowa-dalia\/#primaryimage\"},\"thumbnailUrl\":\"https:\/\/talja.pl\/wp-content\/uploads\/2021\/10\/dalia-zdj-profi.jpg\",\"datePublished\":\"2025-07-25T07:59:05+00:00\",\"dateModified\":\"2026-03-17T11:16:48+00:00\",\"description\":\"Lniana sukienka kopertowa DALIA to sukienka, kt\u00f3r\u0105 uszyjemy dla Ciebie w a\u017c 20 kolorach ln\u00f3w w niewielkiej polskiej manufakturze.\",\"breadcrumb\":{\"@id\":\"https:\/\/talja.pl\/index.php\/produkt\/lniana-sukienka-kopertowa-dalia\/#breadcrumb\"},\"inLanguage\":\"pl-PL\",\"potentialAction\":[{\"@type\":\"ReadAction\",\"target\":[\"https:\/\/talja.pl\/index.php\/produkt\/lniana-sukienka-kopertowa-dalia\/\"]}]},{\"@type\":\"ImageObject\",\"inLanguage\":\"pl-PL\",\"@id\":\"https:\/\/talja.pl\/index.php\/produkt\/lniana-sukienka-kopertowa-dalia\/#primaryimage\",\"url\":\"https:\/\/talja.pl\/wp-content\/uploads\/2021\/10\/dalia-zdj-profi.jpg\",\"contentUrl\":\"https:\/\/talja.pl\/wp-content\/uploads\/2021\/10\/dalia-zdj-profi.jpg\",\"width\":1080,\"height\":1600,\"caption\":\"dalia lniana sukienka kopertowa\"},{\"@type\":\"BreadcrumbList\",\"@id\":\"https:\/\/talja.pl\/index.php\/produkt\/lniana-sukienka-kopertowa-dalia\/#breadcrumb\",\"itemListElement\":[{\"@type\":\"ListItem\",\"position\":1,\"name\":\"Strona g\u0142\u00f3wna\",\"item\":\"https:\/\/talja.pl\/\"},{\"@type\":\"ListItem\",\"position\":2,\"name\":\"talja.pl\",\"item\":\"https:\/\/talja.pl\/index.php\/sklep\/\"},{\"@type\":\"ListItem\",\"position\":3,\"name\":\"Lniana sukienka kopertowa DALIA\"}]},{\"@type\":\"WebSite\",\"@id\":\"https:\/\/talja.pl\/#website\",\"url\":\"https:\/\/talja.pl\/\",\"name\":\"www.talja.pl\",\"description\":\"\",\"publisher\":{\"@id\":\"https:\/\/talja.pl\/#organization\"},\"potentialAction\":[{\"@type\":\"SearchAction\",\"target\":{\"@type\":\"EntryPoint\",\"urlTemplate\":\"https:\/\/talja.pl\/?s={search_term_string}\"},\"query-input\":{\"@type\":\"PropertyValueSpecification\",\"valueRequired\":true,\"valueName\":\"search_term_string\"}}],\"inLanguage\":\"pl-PL\"},{\"@type\":\"Organization\",\"@id\":\"https:\/\/talja.pl\/#organization\",\"name\":\"Talja\",\"url\":\"https:\/\/talja.pl\/\",\"logo\":{\"@type\":\"ImageObject\",\"inLanguage\":\"pl-PL\",\"@id\":\"https:\/\/talja.pl\/#\/schema\/logo\/image\/\",\"url\":\"https:\/\/talja.pl\/wp-content\/uploads\/2019\/06\/baner-talja-2.jpg\",\"contentUrl\":\"https:\/\/talja.pl\/wp-content\/uploads\/2019\/06\/baner-talja-2.jpg\",\"width\":1300,\"height\":300,\"caption\":\"Talja\"},\"image\":{\"@id\":\"https:\/\/talja.pl\/#\/schema\/logo\/image\/\"},\"sameAs\":[\"https:\/\/www.facebook.com\/Talja-418285408906660\/\",\"https:\/\/x.com\/talja_pracownia\",\"https:\/\/www.instagram.com\/talja_pracownia\/\"]}]}<\/script>\n<!-- \/ Yoast SEO plugin. -->","yoast_head_json":{"title":"Lniana sukienka kopertowa DALIA - www.talja.pl","description":"Lniana sukienka kopertowa DALIA to sukienka, kt\u00f3r\u0105 uszyjemy dla Ciebie w a\u017c 20 kolorach ln\u00f3w w niewielkiej polskiej manufakturze.","robots":{"index":"index","follow":"follow","max-snippet":"max-snippet:-1","max-image-preview":"max-image-preview:large","max-video-preview":"max-video-preview:-1"},"canonical":"https:\/\/talja.pl\/index.php\/produkt\/lniana-sukienka-kopertowa-dalia\/","og_locale":"pl_PL","og_type":"article","og_title":"Lniana sukienka kopertowa DALIA - www.talja.pl","og_description":"Lniana sukienka kopertowa DALIA to sukienka, kt\u00f3r\u0105 uszyjemy dla Ciebie w a\u017c 20 kolorach ln\u00f3w w niewielkiej polskiej manufakturze.","og_url":"https:\/\/talja.pl\/index.php\/produkt\/lniana-sukienka-kopertowa-dalia\/","og_site_name":"www.talja.pl","article_publisher":"https:\/\/www.facebook.com\/Talja-418285408906660\/","article_modified_time":"2026-03-17T11:16:48+00:00","og_image":[{"width":1080,"height":1600,"url":"https:\/\/talja.pl\/wp-content\/uploads\/2021\/10\/dalia-zdj-profi.jpg","type":"image\/jpeg"}],"twitter_card":"summary_large_image","twitter_site":"@talja_pracownia","twitter_misc":{"Szacowany czas czytania":"3 minuty"},"schema":{"@context":"https:\/\/schema.org","@graph":[{"@type":"WebPage","@id":"https:\/\/talja.pl\/index.php\/produkt\/lniana-sukienka-kopertowa-dalia\/","url":"https:\/\/talja.pl\/index.php\/produkt\/lniana-sukienka-kopertowa-dalia\/","name":"Lniana sukienka kopertowa DALIA - www.talja.pl","isPartOf":{"@id":"https:\/\/talja.pl\/#website"},"primaryImageOfPage":{"@id":"https:\/\/talja.pl\/index.php\/produkt\/lniana-sukienka-kopertowa-dalia\/#primaryimage"},"image":{"@id":"https:\/\/talja.pl\/index.php\/produkt\/lniana-sukienka-kopertowa-dalia\/#primaryimage"},"thumbnailUrl":"https:\/\/talja.pl\/wp-content\/uploads\/2021\/10\/dalia-zdj-profi.jpg","datePublished":"2025-07-25T07:59:05+00:00","dateModified":"2026-03-17T11:16:48+00:00","description":"Lniana sukienka kopertowa DALIA to sukienka, kt\u00f3r\u0105 uszyjemy dla Ciebie w a\u017c 20 kolorach ln\u00f3w w niewielkiej polskiej manufakturze.","breadcrumb":{"@id":"https:\/\/talja.pl\/index.php\/produkt\/lniana-sukienka-kopertowa-dalia\/#breadcrumb"},"inLanguage":"pl-PL","potentialAction":[{"@type":"ReadAction","target":["https:\/\/talja.pl\/index.php\/produkt\/lniana-sukienka-kopertowa-dalia\/"]}]},{"@type":"ImageObject","inLanguage":"pl-PL","@id":"https:\/\/talja.pl\/index.php\/produkt\/lniana-sukienka-kopertowa-dalia\/#primaryimage","url":"https:\/\/talja.pl\/wp-content\/uploads\/2021\/10\/dalia-zdj-profi.jpg","contentUrl":"https:\/\/talja.pl\/wp-content\/uploads\/2021\/10\/dalia-zdj-profi.jpg","width":1080,"height":1600,"caption":"dalia lniana sukienka kopertowa"},{"@type":"BreadcrumbList","@id":"https:\/\/talja.pl\/index.php\/produkt\/lniana-sukienka-kopertowa-dalia\/#breadcrumb","itemListElement":[{"@type":"ListItem","position":1,"name":"Strona g\u0142\u00f3wna","item":"https:\/\/talja.pl\/"},{"@type":"ListItem","position":2,"name":"talja.pl","item":"https:\/\/talja.pl\/index.php\/sklep\/"},{"@type":"ListItem","position":3,"name":"Lniana sukienka kopertowa DALIA"}]},{"@type":"WebSite","@id":"https:\/\/talja.pl\/#website","url":"https:\/\/talja.pl\/","name":"www.talja.pl","description":"","publisher":{"@id":"https:\/\/talja.pl\/#organization"},"potentialAction":[{"@type":"SearchAction","target":{"@type":"EntryPoint","urlTemplate":"https:\/\/talja.pl\/?s={search_term_string}"},"query-input":{"@type":"PropertyValueSpecification","valueRequired":true,"valueName":"search_term_string"}}],"inLanguage":"pl-PL"},{"@type":"Organization","@id":"https:\/\/talja.pl\/#organization","name":"Talja","url":"https:\/\/talja.pl\/","logo":{"@type":"ImageObject","inLanguage":"pl-PL","@id":"https:\/\/talja.pl\/#\/schema\/logo\/image\/","url":"https:\/\/talja.pl\/wp-content\/uploads\/2019\/06\/baner-talja-2.jpg","contentUrl":"https:\/\/talja.pl\/wp-content\/uploads\/2019\/06\/baner-talja-2.jpg","width":1300,"height":300,"caption":"Talja"},"image":{"@id":"https:\/\/talja.pl\/#\/schema\/logo\/image\/"},"sameAs":["https:\/\/www.facebook.com\/Talja-418285408906660\/","https:\/\/x.com\/talja_pracownia","https:\/\/www.instagram.com\/talja_pracownia\/"]}]}},"_links":{"self":[{"href":"https:\/\/talja.pl\/index.php\/wp-json\/wp\/v2\/product\/4497","targetHints":{"allow":["GET"]}}],"collection":[{"href":"https:\/\/talja.pl\/index.php\/wp-json\/wp\/v2\/product"}],"about":[{"href":"https:\/\/talja.pl\/index.php\/wp-json\/wp\/v2\/types\/product"}],"replies":[{"embeddable":true,"href":"https:\/\/talja.pl\/index.php\/wp-json\/wp\/v2\/comments?post=4497"}],"version-history":[{"count":5,"href":"https:\/\/talja.pl\/index.php\/wp-json\/wp\/v2\/product\/4497\/revisions"}],"predecessor-version":[{"id":4598,"href":"https:\/\/talja.pl\/index.php\/wp-json\/wp\/v2\/product\/4497\/revisions\/4598"}],"wp:featuredmedia":[{"embeddable":true,"href":"https:\/\/talja.pl\/index.php\/wp-json\/wp\/v2\/media\/4592"}],"wp:attachment":[{"href":"https:\/\/talja.pl\/index.php\/wp-json\/wp\/v2\/media?parent=4497"}],"wp:term":[{"taxonomy":"product_brand","embeddable":true,"href":"https:\/\/talja.pl\/index.php\/wp-json\/wp\/v2\/product_brand?post=4497"},{"taxonomy":"product_cat","embeddable":true,"href":"https:\/\/talja.pl\/index.php\/wp-json\/wp\/v2\/product_cat?post=4497"},{"taxonomy":"product_tag","embeddable":true,"href":"https:\/\/talja.pl\/index.php\/wp-json\/wp\/v2\/product_tag?post=4497"}],"curies":[{"name":"wp","href":"https:\/\/api.w.org\/{rel}","templated":true}]}}