{"id":4513,"date":"2024-05-05T14:09:13","date_gmt":"2024-05-05T12:09:13","guid":{"rendered":"https:\/\/talja.pl\/?post_type=product&#038;p=4513"},"modified":"2026-02-02T16:13:55","modified_gmt":"2026-02-02T15:13:55","slug":"lniana-kokarda-spinka-kolory","status":"publish","type":"product","link":"https:\/\/talja.pl\/index.php\/produkt\/lniana-kokarda-spinka-kolory\/","title":{"rendered":"Lniana kokarda spinka"},"content":{"rendered":"<h4><strong>Z nut\u0105 retro\u00a0<\/strong><\/h4>\n<p><strong>Lniana kokarda -spinka stanowi wspania\u0142y dodatek do ka\u017cdej stylizacji, kt\u00f3rej chcemy nada\u0107 subtelnego retro charakteru.\u00a0<\/strong><\/p>\n<p>Sprawdzi si\u0119 wy\u015bmienicie na r\u00f3\u017cnych imprezach okoliczno\u015bciowych i nie tylko. Kokarda dost\u0119pna jest w kolorach ln\u00f3w dost\u0119pnych\u00a0 aktualnie w pracowni &#8211; <strong>wybierz kokard\u0119 w kolorze takim samym jak zamawiana sukienka, b\u0105d\u017a w zupe\u0142nie innym &#8211; kontrastowym!<\/strong> Miej na uwadze, \u017ce<strong> lniana kokarda b\u0119dzie wspania\u0142ym pomys\u0142em na prezent dla mi\u0142o\u015bniczek o &#8221; romantycznej duszy&#8221;<\/strong>.<\/p>\n<p>Kokarda mocowana jest r\u0119cznie do metalowej spinki ( szeroko\u015b\u0107 spinki 8 cm ) .<\/p>\n<h4><strong>Nic si\u0119 nie zmarnuje\u00a0<\/strong><\/h4>\n<p><strong>Lniana kokarda spinka zosta\u0142a uszyta w kameralnej szczeci\u0144skiej pracowni w duchu idei &#8221; less waste&#8221;<\/strong> jako wykorzystanie skrawk\u00f3w ln\u00f3w pozosta\u0142ych po szytych ubraniach.<\/p>\n<p>By\u0107 mo\u017ce zainteresuj\u0105 Ci\u0119 r\u00f3wnie\u017c nasze pozosta\u0142e lniane ozdoby do w\u0142os\u00f3w <a href=\"https:\/\/talja.pl\/index.php\/produkt\/lniana-gumka-do-wlosow\/\">( klik)<\/a><\/p>\n<p><img fetchpriority=\"high\" decoding=\"async\" class=\"alignnone wp-image-4553 size-large\" src=\"https:\/\/talja.pl\/wp-content\/uploads\/2021\/10\/Plik_000-768x1024.jpeg\" alt=\"www.talja.pl lniana sukienka\" width=\"768\" height=\"1024\" \/><\/p>\n<p>&nbsp;<\/p>\n","protected":false},"excerpt":{"rendered":"<p>Lniana kokarda &#8211; spinka.<\/p>\n<p>Sk\u0142ad : len 100%<\/p>\n<p><span style=\"font-size: 16px;\">Uszyta w niewielkiej manufakturze z Polsce.\u00a0<\/span><\/p>\n<h5><\/h5>\n<h5>Wysy\u0142ka : 2-14 dni roboczych<\/h5>\n<h5><\/h5>\n","protected":false},"featured_media":4525,"comment_status":"open","ping_status":"closed","template":"","meta":[],"product_brand":[],"product_cat":[16,45],"product_tag":[44,36,25],"class_list":{"0":"post-4513","1":"product","2":"type-product","3":"status-publish","4":"has-post-thumbnail","6":"product_cat-accessories","7":"product_cat-produkty-na-zamowienie","8":"product_tag-akcesoria","9":"product_tag-gumka-do-wlosow","10":"product_tag-len","11":"pa_kolor-koktajl-truskawkowy-150g-m2","12":"pa_kolor-malina","13":"pa_kolor-liliowy-170g-m2","14":"pa_kolor-pochmurne-niebo-170g-m2","15":"pa_kolor-zielen-trawiasta-170g-m2","16":"pa_kolor-czerwone-wino-150g-m2","17":"pa_kolor-sliwka-170g-m2","18":"pa_kolor-mleczna-czekolada-170g-m2","19":"pa_kolor-letnie-niebo-150g-m2","20":"pa_kolor-biel-170g-m2","21":"pa_kolor-paski-150g-m2-len-100","22":"pa_kolor-naturalny-150g-m2","23":"pa_kolor-fuksja","24":"pa_kolor-morelowy","25":"pa_kolor-chabrowy-150g-m2","26":"pa_kolor-karmel-170-g-m2","27":"pa_kolor-baby-blue-150g-m2","28":"pa_kolor-pudrowy-roz-150g-m2","29":"pa_kolor-arbuz-150g-m2","30":"pa_kolor-pudrowy-szary-170g-m2","31":"pa_kolor-cegla-150g-m2","32":"pa_kolor-ciemna-zielen-150g-m2","33":"pa_kolor-ciemny-niebieski-170g-m2","34":"pa_kolor-cynamon-150g-m2","35":"pa_kolor-czern-150g-m2","36":"pa_kolor-eukaliptus-150g-m2","37":"pa_kolor-khaki-150g-m2","38":"pa_kolor-melon-150g-m2","39":"pa_kolor-wrszos-150g-m2","40":"pa_kolor-stalowo-szary-170g-m2","41":"pa_kolor-wisnia-150g-m2","43":"entry","44":"has-media","46":"first","47":"instock","48":"taxable","49":"shipping-taxable","50":"purchasable","51":"product-type-variable","52":"wvs-archive-product-wrapper","53":"has-product-nav","54":"col","55":"span_1_of_4","56":"owp-content-center","57":"owp-thumbs-layout-horizontal","58":"owp-btn-big","59":"owp-tabs-layout-horizontal"},"yoast_head":"<!-- This site is optimized with the Yoast SEO plugin v27.0 - https:\/\/yoast.com\/product\/yoast-seo-wordpress\/ -->\n<title>Lniana kokarda spinka - www.talja.pl<\/title>\n<meta name=\"description\" content=\"Lniana kokarda -spinka stanowi wspania\u0142y dodatek do ka\u017cdej stylizacji, kt\u00f3rej chcemy nada\u0107 subtelnego retro charakteru.\u00a0Podkre\u015bl sw\u0105 dziewcz\u0119co\u015b\u0107!\" \/>\n<meta name=\"robots\" content=\"index, follow, max-snippet:-1, max-image-preview:large, max-video-preview:-1\" \/>\n<link rel=\"canonical\" href=\"https:\/\/talja.pl\/index.php\/produkt\/lniana-kokarda-spinka-kolory\/\" \/>\n<meta property=\"og:locale\" content=\"pl_PL\" \/>\n<meta property=\"og:type\" content=\"article\" \/>\n<meta property=\"og:title\" content=\"Lniana kokarda spinka - www.talja.pl\" \/>\n<meta property=\"og:description\" content=\"Lniana kokarda -spinka stanowi wspania\u0142y dodatek do ka\u017cdej stylizacji, kt\u00f3rej chcemy nada\u0107 subtelnego retro charakteru.\u00a0Podkre\u015bl sw\u0105 dziewcz\u0119co\u015b\u0107!\" \/>\n<meta property=\"og:url\" content=\"https:\/\/talja.pl\/index.php\/produkt\/lniana-kokarda-spinka-kolory\/\" \/>\n<meta property=\"og:site_name\" content=\"www.talja.pl\" \/>\n<meta property=\"article:publisher\" content=\"https:\/\/www.facebook.com\/Talja-418285408906660\/\" \/>\n<meta property=\"article:modified_time\" content=\"2026-02-02T15:13:55+00:00\" \/>\n<meta property=\"og:image\" content=\"https:\/\/talja.pl\/wp-content\/uploads\/2021\/10\/taljaIMG_3732-e1634640200224.jpg\" \/>\n\t<meta property=\"og:image:width\" content=\"971\" \/>\n\t<meta property=\"og:image:height\" content=\"1439\" \/>\n\t<meta property=\"og:image:type\" content=\"image\/jpeg\" \/>\n<meta name=\"twitter:card\" content=\"summary_large_image\" \/>\n<meta name=\"twitter:site\" content=\"@talja_pracownia\" \/>\n<meta name=\"twitter:label1\" content=\"Szacowany czas czytania\" \/>\n\t<meta name=\"twitter:data1\" content=\"2 minuty\" \/>\n<script type=\"application\/ld+json\" class=\"yoast-schema-graph\">{\"@context\":\"https:\/\/schema.org\",\"@graph\":[{\"@type\":\"WebPage\",\"@id\":\"https:\/\/talja.pl\/index.php\/produkt\/lniana-kokarda-spinka-kolory\/\",\"url\":\"https:\/\/talja.pl\/index.php\/produkt\/lniana-kokarda-spinka-kolory\/\",\"name\":\"Lniana kokarda spinka - www.talja.pl\",\"isPartOf\":{\"@id\":\"https:\/\/talja.pl\/#website\"},\"primaryImageOfPage\":{\"@id\":\"https:\/\/talja.pl\/index.php\/produkt\/lniana-kokarda-spinka-kolory\/#primaryimage\"},\"image\":{\"@id\":\"https:\/\/talja.pl\/index.php\/produkt\/lniana-kokarda-spinka-kolory\/#primaryimage\"},\"thumbnailUrl\":\"https:\/\/talja.pl\/wp-content\/uploads\/2021\/10\/taljaIMG_3732-e1634640200224.jpg\",\"datePublished\":\"2024-05-05T12:09:13+00:00\",\"dateModified\":\"2026-02-02T15:13:55+00:00\",\"description\":\"Lniana kokarda -spinka stanowi wspania\u0142y dodatek do ka\u017cdej stylizacji, kt\u00f3rej chcemy nada\u0107 subtelnego retro charakteru.\u00a0Podkre\u015bl sw\u0105 dziewcz\u0119co\u015b\u0107!\",\"breadcrumb\":{\"@id\":\"https:\/\/talja.pl\/index.php\/produkt\/lniana-kokarda-spinka-kolory\/#breadcrumb\"},\"inLanguage\":\"pl-PL\",\"potentialAction\":[{\"@type\":\"ReadAction\",\"target\":[\"https:\/\/talja.pl\/index.php\/produkt\/lniana-kokarda-spinka-kolory\/\"]}]},{\"@type\":\"ImageObject\",\"inLanguage\":\"pl-PL\",\"@id\":\"https:\/\/talja.pl\/index.php\/produkt\/lniana-kokarda-spinka-kolory\/#primaryimage\",\"url\":\"https:\/\/talja.pl\/wp-content\/uploads\/2021\/10\/taljaIMG_3732-e1634640200224.jpg\",\"contentUrl\":\"https:\/\/talja.pl\/wp-content\/uploads\/2021\/10\/taljaIMG_3732-e1634640200224.jpg\",\"width\":971,\"height\":1439,\"caption\":\"lniana kokarda - spinka\"},{\"@type\":\"BreadcrumbList\",\"@id\":\"https:\/\/talja.pl\/index.php\/produkt\/lniana-kokarda-spinka-kolory\/#breadcrumb\",\"itemListElement\":[{\"@type\":\"ListItem\",\"position\":1,\"name\":\"Strona g\u0142\u00f3wna\",\"item\":\"https:\/\/talja.pl\/\"},{\"@type\":\"ListItem\",\"position\":2,\"name\":\"talja.pl\",\"item\":\"https:\/\/talja.pl\/index.php\/sklep\/\"},{\"@type\":\"ListItem\",\"position\":3,\"name\":\"Lniana kokarda spinka\"}]},{\"@type\":\"WebSite\",\"@id\":\"https:\/\/talja.pl\/#website\",\"url\":\"https:\/\/talja.pl\/\",\"name\":\"www.talja.pl\",\"description\":\"\",\"publisher\":{\"@id\":\"https:\/\/talja.pl\/#organization\"},\"potentialAction\":[{\"@type\":\"SearchAction\",\"target\":{\"@type\":\"EntryPoint\",\"urlTemplate\":\"https:\/\/talja.pl\/?s={search_term_string}\"},\"query-input\":{\"@type\":\"PropertyValueSpecification\",\"valueRequired\":true,\"valueName\":\"search_term_string\"}}],\"inLanguage\":\"pl-PL\"},{\"@type\":\"Organization\",\"@id\":\"https:\/\/talja.pl\/#organization\",\"name\":\"Talja\",\"url\":\"https:\/\/talja.pl\/\",\"logo\":{\"@type\":\"ImageObject\",\"inLanguage\":\"pl-PL\",\"@id\":\"https:\/\/talja.pl\/#\/schema\/logo\/image\/\",\"url\":\"https:\/\/talja.pl\/wp-content\/uploads\/2019\/06\/baner-talja-2.jpg\",\"contentUrl\":\"https:\/\/talja.pl\/wp-content\/uploads\/2019\/06\/baner-talja-2.jpg\",\"width\":1300,\"height\":300,\"caption\":\"Talja\"},\"image\":{\"@id\":\"https:\/\/talja.pl\/#\/schema\/logo\/image\/\"},\"sameAs\":[\"https:\/\/www.facebook.com\/Talja-418285408906660\/\",\"https:\/\/x.com\/talja_pracownia\",\"https:\/\/www.instagram.com\/talja_pracownia\/\"]}]}<\/script>\n<!-- \/ Yoast SEO plugin. -->","yoast_head_json":{"title":"Lniana kokarda spinka - www.talja.pl","description":"Lniana kokarda -spinka stanowi wspania\u0142y dodatek do ka\u017cdej stylizacji, kt\u00f3rej chcemy nada\u0107 subtelnego retro charakteru.\u00a0Podkre\u015bl sw\u0105 dziewcz\u0119co\u015b\u0107!","robots":{"index":"index","follow":"follow","max-snippet":"max-snippet:-1","max-image-preview":"max-image-preview:large","max-video-preview":"max-video-preview:-1"},"canonical":"https:\/\/talja.pl\/index.php\/produkt\/lniana-kokarda-spinka-kolory\/","og_locale":"pl_PL","og_type":"article","og_title":"Lniana kokarda spinka - www.talja.pl","og_description":"Lniana kokarda -spinka stanowi wspania\u0142y dodatek do ka\u017cdej stylizacji, kt\u00f3rej chcemy nada\u0107 subtelnego retro charakteru.\u00a0Podkre\u015bl sw\u0105 dziewcz\u0119co\u015b\u0107!","og_url":"https:\/\/talja.pl\/index.php\/produkt\/lniana-kokarda-spinka-kolory\/","og_site_name":"www.talja.pl","article_publisher":"https:\/\/www.facebook.com\/Talja-418285408906660\/","article_modified_time":"2026-02-02T15:13:55+00:00","og_image":[{"width":971,"height":1439,"url":"https:\/\/talja.pl\/wp-content\/uploads\/2021\/10\/taljaIMG_3732-e1634640200224.jpg","type":"image\/jpeg"}],"twitter_card":"summary_large_image","twitter_site":"@talja_pracownia","twitter_misc":{"Szacowany czas czytania":"2 minuty"},"schema":{"@context":"https:\/\/schema.org","@graph":[{"@type":"WebPage","@id":"https:\/\/talja.pl\/index.php\/produkt\/lniana-kokarda-spinka-kolory\/","url":"https:\/\/talja.pl\/index.php\/produkt\/lniana-kokarda-spinka-kolory\/","name":"Lniana kokarda spinka - www.talja.pl","isPartOf":{"@id":"https:\/\/talja.pl\/#website"},"primaryImageOfPage":{"@id":"https:\/\/talja.pl\/index.php\/produkt\/lniana-kokarda-spinka-kolory\/#primaryimage"},"image":{"@id":"https:\/\/talja.pl\/index.php\/produkt\/lniana-kokarda-spinka-kolory\/#primaryimage"},"thumbnailUrl":"https:\/\/talja.pl\/wp-content\/uploads\/2021\/10\/taljaIMG_3732-e1634640200224.jpg","datePublished":"2024-05-05T12:09:13+00:00","dateModified":"2026-02-02T15:13:55+00:00","description":"Lniana kokarda -spinka stanowi wspania\u0142y dodatek do ka\u017cdej stylizacji, kt\u00f3rej chcemy nada\u0107 subtelnego retro charakteru.\u00a0Podkre\u015bl sw\u0105 dziewcz\u0119co\u015b\u0107!","breadcrumb":{"@id":"https:\/\/talja.pl\/index.php\/produkt\/lniana-kokarda-spinka-kolory\/#breadcrumb"},"inLanguage":"pl-PL","potentialAction":[{"@type":"ReadAction","target":["https:\/\/talja.pl\/index.php\/produkt\/lniana-kokarda-spinka-kolory\/"]}]},{"@type":"ImageObject","inLanguage":"pl-PL","@id":"https:\/\/talja.pl\/index.php\/produkt\/lniana-kokarda-spinka-kolory\/#primaryimage","url":"https:\/\/talja.pl\/wp-content\/uploads\/2021\/10\/taljaIMG_3732-e1634640200224.jpg","contentUrl":"https:\/\/talja.pl\/wp-content\/uploads\/2021\/10\/taljaIMG_3732-e1634640200224.jpg","width":971,"height":1439,"caption":"lniana kokarda - spinka"},{"@type":"BreadcrumbList","@id":"https:\/\/talja.pl\/index.php\/produkt\/lniana-kokarda-spinka-kolory\/#breadcrumb","itemListElement":[{"@type":"ListItem","position":1,"name":"Strona g\u0142\u00f3wna","item":"https:\/\/talja.pl\/"},{"@type":"ListItem","position":2,"name":"talja.pl","item":"https:\/\/talja.pl\/index.php\/sklep\/"},{"@type":"ListItem","position":3,"name":"Lniana kokarda spinka"}]},{"@type":"WebSite","@id":"https:\/\/talja.pl\/#website","url":"https:\/\/talja.pl\/","name":"www.talja.pl","description":"","publisher":{"@id":"https:\/\/talja.pl\/#organization"},"potentialAction":[{"@type":"SearchAction","target":{"@type":"EntryPoint","urlTemplate":"https:\/\/talja.pl\/?s={search_term_string}"},"query-input":{"@type":"PropertyValueSpecification","valueRequired":true,"valueName":"search_term_string"}}],"inLanguage":"pl-PL"},{"@type":"Organization","@id":"https:\/\/talja.pl\/#organization","name":"Talja","url":"https:\/\/talja.pl\/","logo":{"@type":"ImageObject","inLanguage":"pl-PL","@id":"https:\/\/talja.pl\/#\/schema\/logo\/image\/","url":"https:\/\/talja.pl\/wp-content\/uploads\/2019\/06\/baner-talja-2.jpg","contentUrl":"https:\/\/talja.pl\/wp-content\/uploads\/2019\/06\/baner-talja-2.jpg","width":1300,"height":300,"caption":"Talja"},"image":{"@id":"https:\/\/talja.pl\/#\/schema\/logo\/image\/"},"sameAs":["https:\/\/www.facebook.com\/Talja-418285408906660\/","https:\/\/x.com\/talja_pracownia","https:\/\/www.instagram.com\/talja_pracownia\/"]}]}},"_links":{"self":[{"href":"https:\/\/talja.pl\/index.php\/wp-json\/wp\/v2\/product\/4513","targetHints":{"allow":["GET"]}}],"collection":[{"href":"https:\/\/talja.pl\/index.php\/wp-json\/wp\/v2\/product"}],"about":[{"href":"https:\/\/talja.pl\/index.php\/wp-json\/wp\/v2\/types\/product"}],"replies":[{"embeddable":true,"href":"https:\/\/talja.pl\/index.php\/wp-json\/wp\/v2\/comments?post=4513"}],"version-history":[{"count":4,"href":"https:\/\/talja.pl\/index.php\/wp-json\/wp\/v2\/product\/4513\/revisions"}],"predecessor-version":[{"id":15085,"href":"https:\/\/talja.pl\/index.php\/wp-json\/wp\/v2\/product\/4513\/revisions\/15085"}],"wp:featuredmedia":[{"embeddable":true,"href":"https:\/\/talja.pl\/index.php\/wp-json\/wp\/v2\/media\/4525"}],"wp:attachment":[{"href":"https:\/\/talja.pl\/index.php\/wp-json\/wp\/v2\/media?parent=4513"}],"wp:term":[{"taxonomy":"product_brand","embeddable":true,"href":"https:\/\/talja.pl\/index.php\/wp-json\/wp\/v2\/product_brand?post=4513"},{"taxonomy":"product_cat","embeddable":true,"href":"https:\/\/talja.pl\/index.php\/wp-json\/wp\/v2\/product_cat?post=4513"},{"taxonomy":"product_tag","embeddable":true,"href":"https:\/\/talja.pl\/index.php\/wp-json\/wp\/v2\/product_tag?post=4513"}],"curies":[{"name":"wp","href":"https:\/\/api.w.org\/{rel}","templated":true}]}}