{"id":5297,"date":"2025-05-15T07:59:32","date_gmt":"2025-05-15T05:59:32","guid":{"rendered":"https:\/\/talja.pl\/?post_type=product&#038;p=5297"},"modified":"2026-03-17T12:16:50","modified_gmt":"2026-03-17T11:16:50","slug":"lniana-sukienka-alice-kolory","status":"publish","type":"product","link":"https:\/\/talja.pl\/index.php\/produkt\/lniana-sukienka-alice-kolory\/","title":{"rendered":"Lniana sukienka ALICE"},"content":{"rendered":"<h4><strong>Lniana sukienka ALICE <\/strong><\/h4>\n<p>Lniana sukienka Alice to czysta dziewcz\u0119co\u015b\u0107!\u00a0 To pozycja obowi\u0105zkowa dla mi\u0142o\u015bniczek d\u0142u\u017cszych i o wi\u0119kszej obj\u0119to\u015bci sukienek z bajkowym akcentem. Obok takiej sukienki ( a raczej Ciebie w niej ! ) wprost nie spos\u00f3b przej\u015b\u0107 oboj\u0119tnie.\u00a0 Sukienka dzi\u0119ki mnogim falbanom posiada spor\u0105 obj\u0119to\u015b\u0107 i pi\u0119knie prezentuje si\u0119 w ruchu.\u00a0 Subtelne wi\u0105zanie przy szyi mo\u017cesz nosi\u0107 na dwa sposoby: zawi\u0105zane w kokardk\u0119 lub luzem. Bufki na r\u0119kawkach wyko\u0144czone rz\u0119dami nieuciskowych gumeczek to element ba\u015bniowy przywo\u0142uj\u0105cy ksi\u0105\u017ckow\u0105 Alicj\u0119 w Krainie Czar\u00f3w.<\/p>\n<h4><strong>Za co j\u0105 pokochasz?\u00a0<\/strong><\/h4>\n<ul>\n<li>za mo\u017cliwo\u015b\u0107 uszycia jej\u00a0<strong>w jednym z a\u017c 20 dost\u0119pnych kolor\u00f3w ln\u00f3w ( 100%len &#8211; zmi\u0119kczany)\u00a0<\/strong><\/li>\n<li>sukienka ma lu\u017aniejszy fason, wi\u0119c w okolicy talii znajdziesz nieco luzu ( na obiad z podw\u00f3jnym deserem ; -) ! )<\/li>\n<li><strong>efektowne, mnogie marszczenia, kt\u00f3re dodaj\u0105 lekko\u015bci i dziewcz\u0119co\u015bci<\/strong><\/li>\n<li>wi\u0105zanie przy szyi, kt\u00f3re mo\u017cesz nosi\u0107 dwojako: zawi\u0105zane w kokardk\u0119, b\u0105d\u017a luzem<\/li>\n<li>ba\u015bniowe r\u0119kawki z bufkami, obok kt\u00f3rych wprost nie spos\u00f3b przej\u015b\u0107 oboj\u0119tnie<\/li>\n<li>uszycie z dba\u0142o\u015bci\u0105 w niewielkiej manufakturze w Szczecinie<\/li>\n<\/ul>\n<h4><strong>Sk\u0142ad i szycie<\/strong><\/h4>\n<p>len 100%, cudownie zmi\u0119kczany ; produkcji polskiej. Do wyboru w ponad 20 kolorach !<\/p>\n<p>Sukienka powstanie dla Ciebie w kameralnej szczeci\u0144skiej pracowni .<\/p>\n<p><img decoding=\"async\" class=\"alignnone wp-image-5333 size-medium\" src=\"https:\/\/talja.pl\/wp-content\/uploads\/2022\/04\/Certyfikat-Oeko-Tex-standard-100-300x119.png\" alt=\"\" width=\"300\" height=\"119\" \/>Wszystkie nasze lny s\u0105 produkcji polskiej oraz spe\u0142niaj\u0105 wymogi\u00a0 norm\u00a0<strong>OEKO TEX \u2013 Standard 100<\/strong>, co oznacza, \u017ce zosta\u0142y przebadane i nie zawieraj\u0105 \u015brodk\u00f3w szkodliwych zar\u00f3wno dla cz\u0142owieka jak i \u015brodowiska. Dodatkowo s\u0105 cudownie zmi\u0119kczane, a ten fakt z pewno\u015bci\u0105 doceni Twoja sk\u00f3ra.<\/p>\n<h4><strong>Rozmiar\u00a0<\/strong><\/h4>\n<p>Sukienka ma lekko podwy\u017cszony stan i wi\u0119ksze luzy na wysoko\u015bci talii oraz bioder. Dobieraj\u0105c odpowiedni rozmiar kieruj si\u0119 przede wszystkim obwodem biustu.<\/p>\n<p><img fetchpriority=\"high\" decoding=\"async\" class=\"alignnone size-full wp-image-5334\" src=\"https:\/\/talja.pl\/wp-content\/uploads\/2022\/04\/Alice-wymiary-sukienek.png\" alt=\"talja lniana sukienka\" width=\"781\" height=\"385\" srcset=\"https:\/\/talja.pl\/wp-content\/uploads\/2022\/04\/Alice-wymiary-sukienek.png 781w, https:\/\/talja.pl\/wp-content\/uploads\/2022\/04\/Alice-wymiary-sukienek-100x49.png 100w, https:\/\/talja.pl\/wp-content\/uploads\/2022\/04\/Alice-wymiary-sukienek-300x148.png 300w, https:\/\/talja.pl\/wp-content\/uploads\/2022\/04\/Alice-wymiary-sukienek-768x379.png 768w\" sizes=\"(max-width: 781px) 100vw, 781px\" \/><\/p>\n<p>&nbsp;<\/p>\n<p>Natalia ( 173cm, obw\u00f3d biustu 83cm)\u00a0 prezentuje sukienk\u0119 w rozm. S , kolorach lnu &#8220;melon&#8221; oraz &#8221; naturalny&#8221;.\u00a0 Je\u015bli chcesz dowiedzie\u0107 si\u0119 wi\u0119cej o kolorach z jakich szyjemy w pracowni &#8211; zerknij<a href=\"https:\/\/talja.pl\/index.php\/kolory-lnow\/\"> tutaj<\/a> .<\/p>\n<p>Je\u015bli masz problem z doborem rozmiaru, czy koloru lnu &#8211; napisz do nas na kontakt@talja.pl \u2013 ch\u0119tnie pomo\u017cemy!<\/p>\n<p class=\"responsive-video-wrap clr\"><iframe title=\"Lniana sukienka ALICE\" width=\"1200\" height=\"675\" src=\"https:\/\/www.youtube.com\/embed\/YlR8sW7W7Sw?feature=oembed\" frameborder=\"0\" allow=\"accelerometer; autoplay; clipboard-write; encrypted-media; gyroscope; picture-in-picture; web-share\" referrerpolicy=\"strict-origin-when-cross-origin\" allowfullscreen><\/iframe><\/p>\n<h4><strong>Piel\u0119gnacja\u00a0<\/strong><\/h4>\n<p>Ubrania z lnu traktuj delikatnie. Nie wybielaj, pierz w 30 stopniach, odwirowuj w pralce na ni\u017cszych obrotach i prasuj max w 150st. Dbaj o nie a b\u0119d\u0105 Ci wdzi\u0119czne.<\/p>\n<h4><strong>Personalizacja<\/strong><\/h4>\n<p>Je\u015bli marzysz o wprowadzeniu pewnych zmian do sukienki, wystarczy \u017ce wykupisz dodatkow\u0105 opcj\u0119<a href=\"https:\/\/talja.pl\/index.php\/produkt\/personalizacja\/\">\u00a0<strong>\u201d PERSONALIZACJA \u201e<\/strong><\/a>. Dzi\u0119ki tej opcji Twoja sukienka zyska niepowtarzalno\u015b\u0107 i indywidualny charakter. Mo\u017cesz bowiem zmieni\u0107 d\u0142ugo\u015b\u0107 sukienki czy r\u0119kawa, wysoko\u015b\u0107 stanu, doda\u0107 kieszenie itp. Je\u015bli masz jeszcze inny pomys\u0142 na zmodyfikowanie sukienki, a nie znajdujesz go w opcji \u201d Personalizacja\u201d skontaktuj si\u0119 z nami\u00a0 mailowo : kontakt@talja.pl . Razem z pewno\u015bci\u0105 wyczarujemy sukienk\u0119 Twoich marze\u0144!<\/p>\n<p>&nbsp;<\/p>\n<p>&nbsp;<\/p>\n<h5><\/h5>\n<p>&nbsp;<\/p>\n","protected":false},"excerpt":{"rendered":"<h4><strong>Sk\u0142ad : Len 100% , polskiej produkcji<\/strong><\/h4>\n<p><strong>Model dost\u0119pny w r\u00f3\u017cnych wersjach kolorystycznych. <\/strong>Wybierz ten, o kt\u00f3rym marzysz.<\/p>\n<p><em>Wysy\u0142ka w : 5-14 dni roboczych . Pami\u0119taj : wszystkie nasze sukienki szyte s\u0105 przez nas dopiero po z\u0142o\u017ceniu zam\u00f3wienia. Pozw\u00f3l nam na precyzyjn\u0105 realizacj\u0119 Twojego zam\u00f3wienia<\/em>.<\/p>\n","protected":false},"featured_media":5335,"comment_status":"open","ping_status":"closed","template":"","meta":[],"product_brand":[],"product_cat":[45,20],"product_tag":[25,26,27],"class_list":{"0":"post-5297","1":"product","2":"type-product","3":"status-publish","4":"has-post-thumbnail","6":"product_cat-produkty-na-zamowienie","7":"product_cat-sukienki-lniane","8":"product_tag-len","9":"product_tag-sukienka","10":"product_tag-sukienka-lniana","11":"pa_kolor-kratka-vichy-len-100","12":"pa_kolor-koktajl-truskawkowy-150g-m2","13":"pa_kolor-malina","14":"pa_kolor-liliowy-170g-m2","15":"pa_kolor-pochmurne-niebo-170g-m2","16":"pa_kolor-zielen-trawiasta-170g-m2","17":"pa_kolor-czerwone-wino-150g-m2","18":"pa_kolor-sliwka-170g-m2","19":"pa_kolor-mleczna-czekolada-170g-m2","20":"pa_kolor-letnie-niebo-150g-m2","21":"pa_kolor-biel-170g-m2","22":"pa_kolor-paski-150g-m2-len-100","23":"pa_kolor-naturalny-150g-m2","24":"pa_kolor-fuksja","25":"pa_kolor-morelowy","26":"pa_kolor-chabrowy-150g-m2","27":"pa_kolor-karmel-170-g-m2","28":"pa_kolor-baby-blue-150g-m2","29":"pa_kolor-pudrowy-roz-150g-m2","30":"pa_kolor-arbuz-150g-m2","31":"pa_kolor-pudrowy-szary-170g-m2","32":"pa_kolor-cegla-150g-m2","33":"pa_kolor-ciemna-zielen-150g-m2","34":"pa_kolor-ciemny-niebieski-170g-m2","35":"pa_kolor-cynamon-150g-m2","36":"pa_kolor-czern-150g-m2","37":"pa_kolor-eukaliptus-150g-m2","38":"pa_kolor-khaki-150g-m2","39":"pa_kolor-melon-150g-m2","40":"pa_kolor-wrszos-150g-m2","41":"pa_kolor-stalowo-szary-170g-m2","42":"pa_kolor-wisnia-150g-m2","44":"entry","45":"has-media","47":"first","48":"instock","49":"taxable","50":"shipping-taxable","51":"purchasable","52":"product-type-variable","53":"wvs-archive-product-wrapper","54":"has-rating","55":"has-product-nav","56":"col","57":"span_1_of_4","58":"owp-content-center","59":"owp-thumbs-layout-horizontal","60":"owp-btn-big","61":"owp-tabs-layout-horizontal"},"yoast_head":"<!-- This site is optimized with the Yoast SEO plugin v27.0 - https:\/\/yoast.com\/product\/yoast-seo-wordpress\/ -->\n<title>Lniana sukienka ALICE - www.talja.pl uszyte w Polsce<\/title>\n<meta name=\"description\" content=\"Lniana sukienka Alice to czysta dziewcz\u0119co\u015b\u0107!\u00a0 To pozycja obowi\u0105zkowa dla mi\u0142o\u015bniczek d\u0142u\u017cszych i o wi\u0119kszej obj\u0119to\u015bci sukienek z bajkowym akcentem.\" \/>\n<meta name=\"robots\" content=\"index, follow, max-snippet:-1, max-image-preview:large, max-video-preview:-1\" \/>\n<link rel=\"canonical\" href=\"https:\/\/talja.pl\/index.php\/produkt\/lniana-sukienka-alice-kolory\/\" \/>\n<meta property=\"og:locale\" content=\"pl_PL\" \/>\n<meta property=\"og:type\" content=\"article\" \/>\n<meta property=\"og:title\" content=\"Lniana sukienka ALICE - www.talja.pl uszyte w Polsce\" \/>\n<meta property=\"og:description\" content=\"Lniana sukienka Alice to czysta dziewcz\u0119co\u015b\u0107!\u00a0 To pozycja obowi\u0105zkowa dla mi\u0142o\u015bniczek d\u0142u\u017cszych i o wi\u0119kszej obj\u0119to\u015bci sukienek z bajkowym akcentem.\" \/>\n<meta property=\"og:url\" content=\"https:\/\/talja.pl\/index.php\/produkt\/lniana-sukienka-alice-kolory\/\" \/>\n<meta property=\"og:site_name\" content=\"www.talja.pl\" \/>\n<meta property=\"article:publisher\" content=\"https:\/\/www.facebook.com\/Talja-418285408906660\/\" \/>\n<meta property=\"article:modified_time\" content=\"2026-03-17T11:16:50+00:00\" \/>\n<meta property=\"og:image\" content=\"https:\/\/talja.pl\/wp-content\/uploads\/2022\/04\/talja-lniana-sukienka641A9428-e1649436951725.jpg\" \/>\n\t<meta property=\"og:image:width\" content=\"936\" \/>\n\t<meta property=\"og:image:height\" content=\"1386\" \/>\n\t<meta property=\"og:image:type\" content=\"image\/jpeg\" \/>\n<meta name=\"twitter:card\" content=\"summary_large_image\" \/>\n<meta name=\"twitter:site\" content=\"@talja_pracownia\" \/>\n<meta name=\"twitter:label1\" content=\"Szacowany czas czytania\" \/>\n\t<meta name=\"twitter:data1\" content=\"3 minuty\" \/>\n<script type=\"application\/ld+json\" class=\"yoast-schema-graph\">{\"@context\":\"https:\/\/schema.org\",\"@graph\":[{\"@type\":\"WebPage\",\"@id\":\"https:\/\/talja.pl\/index.php\/produkt\/lniana-sukienka-alice-kolory\/\",\"url\":\"https:\/\/talja.pl\/index.php\/produkt\/lniana-sukienka-alice-kolory\/\",\"name\":\"Lniana sukienka ALICE - www.talja.pl uszyte w Polsce\",\"isPartOf\":{\"@id\":\"https:\/\/talja.pl\/#website\"},\"primaryImageOfPage\":{\"@id\":\"https:\/\/talja.pl\/index.php\/produkt\/lniana-sukienka-alice-kolory\/#primaryimage\"},\"image\":{\"@id\":\"https:\/\/talja.pl\/index.php\/produkt\/lniana-sukienka-alice-kolory\/#primaryimage\"},\"thumbnailUrl\":\"https:\/\/talja.pl\/wp-content\/uploads\/2022\/04\/talja-lniana-sukienka641A9428-e1649436951725.jpg\",\"datePublished\":\"2025-05-15T05:59:32+00:00\",\"dateModified\":\"2026-03-17T11:16:50+00:00\",\"description\":\"Lniana sukienka Alice to czysta dziewcz\u0119co\u015b\u0107!\u00a0 To pozycja obowi\u0105zkowa dla mi\u0142o\u015bniczek d\u0142u\u017cszych i o wi\u0119kszej obj\u0119to\u015bci sukienek z bajkowym akcentem.\",\"breadcrumb\":{\"@id\":\"https:\/\/talja.pl\/index.php\/produkt\/lniana-sukienka-alice-kolory\/#breadcrumb\"},\"inLanguage\":\"pl-PL\",\"potentialAction\":[{\"@type\":\"ReadAction\",\"target\":[\"https:\/\/talja.pl\/index.php\/produkt\/lniana-sukienka-alice-kolory\/\"]}]},{\"@type\":\"ImageObject\",\"inLanguage\":\"pl-PL\",\"@id\":\"https:\/\/talja.pl\/index.php\/produkt\/lniana-sukienka-alice-kolory\/#primaryimage\",\"url\":\"https:\/\/talja.pl\/wp-content\/uploads\/2022\/04\/talja-lniana-sukienka641A9428-e1649436951725.jpg\",\"contentUrl\":\"https:\/\/talja.pl\/wp-content\/uploads\/2022\/04\/talja-lniana-sukienka641A9428-e1649436951725.jpg\",\"width\":936,\"height\":1386,\"caption\":\"sukienka lniana Alice\"},{\"@type\":\"BreadcrumbList\",\"@id\":\"https:\/\/talja.pl\/index.php\/produkt\/lniana-sukienka-alice-kolory\/#breadcrumb\",\"itemListElement\":[{\"@type\":\"ListItem\",\"position\":1,\"name\":\"Strona g\u0142\u00f3wna\",\"item\":\"https:\/\/talja.pl\/\"},{\"@type\":\"ListItem\",\"position\":2,\"name\":\"talja.pl\",\"item\":\"https:\/\/talja.pl\/index.php\/sklep\/\"},{\"@type\":\"ListItem\",\"position\":3,\"name\":\"Lniana sukienka ALICE\"}]},{\"@type\":\"WebSite\",\"@id\":\"https:\/\/talja.pl\/#website\",\"url\":\"https:\/\/talja.pl\/\",\"name\":\"www.talja.pl\",\"description\":\"\",\"publisher\":{\"@id\":\"https:\/\/talja.pl\/#organization\"},\"potentialAction\":[{\"@type\":\"SearchAction\",\"target\":{\"@type\":\"EntryPoint\",\"urlTemplate\":\"https:\/\/talja.pl\/?s={search_term_string}\"},\"query-input\":{\"@type\":\"PropertyValueSpecification\",\"valueRequired\":true,\"valueName\":\"search_term_string\"}}],\"inLanguage\":\"pl-PL\"},{\"@type\":\"Organization\",\"@id\":\"https:\/\/talja.pl\/#organization\",\"name\":\"Talja\",\"url\":\"https:\/\/talja.pl\/\",\"logo\":{\"@type\":\"ImageObject\",\"inLanguage\":\"pl-PL\",\"@id\":\"https:\/\/talja.pl\/#\/schema\/logo\/image\/\",\"url\":\"https:\/\/talja.pl\/wp-content\/uploads\/2019\/06\/baner-talja-2.jpg\",\"contentUrl\":\"https:\/\/talja.pl\/wp-content\/uploads\/2019\/06\/baner-talja-2.jpg\",\"width\":1300,\"height\":300,\"caption\":\"Talja\"},\"image\":{\"@id\":\"https:\/\/talja.pl\/#\/schema\/logo\/image\/\"},\"sameAs\":[\"https:\/\/www.facebook.com\/Talja-418285408906660\/\",\"https:\/\/x.com\/talja_pracownia\",\"https:\/\/www.instagram.com\/talja_pracownia\/\"]}]}<\/script>\n<!-- \/ Yoast SEO plugin. -->","yoast_head_json":{"title":"Lniana sukienka ALICE - www.talja.pl uszyte w Polsce","description":"Lniana sukienka Alice to czysta dziewcz\u0119co\u015b\u0107!\u00a0 To pozycja obowi\u0105zkowa dla mi\u0142o\u015bniczek d\u0142u\u017cszych i o wi\u0119kszej obj\u0119to\u015bci sukienek z bajkowym akcentem.","robots":{"index":"index","follow":"follow","max-snippet":"max-snippet:-1","max-image-preview":"max-image-preview:large","max-video-preview":"max-video-preview:-1"},"canonical":"https:\/\/talja.pl\/index.php\/produkt\/lniana-sukienka-alice-kolory\/","og_locale":"pl_PL","og_type":"article","og_title":"Lniana sukienka ALICE - www.talja.pl uszyte w Polsce","og_description":"Lniana sukienka Alice to czysta dziewcz\u0119co\u015b\u0107!\u00a0 To pozycja obowi\u0105zkowa dla mi\u0142o\u015bniczek d\u0142u\u017cszych i o wi\u0119kszej obj\u0119to\u015bci sukienek z bajkowym akcentem.","og_url":"https:\/\/talja.pl\/index.php\/produkt\/lniana-sukienka-alice-kolory\/","og_site_name":"www.talja.pl","article_publisher":"https:\/\/www.facebook.com\/Talja-418285408906660\/","article_modified_time":"2026-03-17T11:16:50+00:00","og_image":[{"width":936,"height":1386,"url":"https:\/\/talja.pl\/wp-content\/uploads\/2022\/04\/talja-lniana-sukienka641A9428-e1649436951725.jpg","type":"image\/jpeg"}],"twitter_card":"summary_large_image","twitter_site":"@talja_pracownia","twitter_misc":{"Szacowany czas czytania":"3 minuty"},"schema":{"@context":"https:\/\/schema.org","@graph":[{"@type":"WebPage","@id":"https:\/\/talja.pl\/index.php\/produkt\/lniana-sukienka-alice-kolory\/","url":"https:\/\/talja.pl\/index.php\/produkt\/lniana-sukienka-alice-kolory\/","name":"Lniana sukienka ALICE - www.talja.pl uszyte w Polsce","isPartOf":{"@id":"https:\/\/talja.pl\/#website"},"primaryImageOfPage":{"@id":"https:\/\/talja.pl\/index.php\/produkt\/lniana-sukienka-alice-kolory\/#primaryimage"},"image":{"@id":"https:\/\/talja.pl\/index.php\/produkt\/lniana-sukienka-alice-kolory\/#primaryimage"},"thumbnailUrl":"https:\/\/talja.pl\/wp-content\/uploads\/2022\/04\/talja-lniana-sukienka641A9428-e1649436951725.jpg","datePublished":"2025-05-15T05:59:32+00:00","dateModified":"2026-03-17T11:16:50+00:00","description":"Lniana sukienka Alice to czysta dziewcz\u0119co\u015b\u0107!\u00a0 To pozycja obowi\u0105zkowa dla mi\u0142o\u015bniczek d\u0142u\u017cszych i o wi\u0119kszej obj\u0119to\u015bci sukienek z bajkowym akcentem.","breadcrumb":{"@id":"https:\/\/talja.pl\/index.php\/produkt\/lniana-sukienka-alice-kolory\/#breadcrumb"},"inLanguage":"pl-PL","potentialAction":[{"@type":"ReadAction","target":["https:\/\/talja.pl\/index.php\/produkt\/lniana-sukienka-alice-kolory\/"]}]},{"@type":"ImageObject","inLanguage":"pl-PL","@id":"https:\/\/talja.pl\/index.php\/produkt\/lniana-sukienka-alice-kolory\/#primaryimage","url":"https:\/\/talja.pl\/wp-content\/uploads\/2022\/04\/talja-lniana-sukienka641A9428-e1649436951725.jpg","contentUrl":"https:\/\/talja.pl\/wp-content\/uploads\/2022\/04\/talja-lniana-sukienka641A9428-e1649436951725.jpg","width":936,"height":1386,"caption":"sukienka lniana Alice"},{"@type":"BreadcrumbList","@id":"https:\/\/talja.pl\/index.php\/produkt\/lniana-sukienka-alice-kolory\/#breadcrumb","itemListElement":[{"@type":"ListItem","position":1,"name":"Strona g\u0142\u00f3wna","item":"https:\/\/talja.pl\/"},{"@type":"ListItem","position":2,"name":"talja.pl","item":"https:\/\/talja.pl\/index.php\/sklep\/"},{"@type":"ListItem","position":3,"name":"Lniana sukienka ALICE"}]},{"@type":"WebSite","@id":"https:\/\/talja.pl\/#website","url":"https:\/\/talja.pl\/","name":"www.talja.pl","description":"","publisher":{"@id":"https:\/\/talja.pl\/#organization"},"potentialAction":[{"@type":"SearchAction","target":{"@type":"EntryPoint","urlTemplate":"https:\/\/talja.pl\/?s={search_term_string}"},"query-input":{"@type":"PropertyValueSpecification","valueRequired":true,"valueName":"search_term_string"}}],"inLanguage":"pl-PL"},{"@type":"Organization","@id":"https:\/\/talja.pl\/#organization","name":"Talja","url":"https:\/\/talja.pl\/","logo":{"@type":"ImageObject","inLanguage":"pl-PL","@id":"https:\/\/talja.pl\/#\/schema\/logo\/image\/","url":"https:\/\/talja.pl\/wp-content\/uploads\/2019\/06\/baner-talja-2.jpg","contentUrl":"https:\/\/talja.pl\/wp-content\/uploads\/2019\/06\/baner-talja-2.jpg","width":1300,"height":300,"caption":"Talja"},"image":{"@id":"https:\/\/talja.pl\/#\/schema\/logo\/image\/"},"sameAs":["https:\/\/www.facebook.com\/Talja-418285408906660\/","https:\/\/x.com\/talja_pracownia","https:\/\/www.instagram.com\/talja_pracownia\/"]}]}},"_links":{"self":[{"href":"https:\/\/talja.pl\/index.php\/wp-json\/wp\/v2\/product\/5297","targetHints":{"allow":["GET"]}}],"collection":[{"href":"https:\/\/talja.pl\/index.php\/wp-json\/wp\/v2\/product"}],"about":[{"href":"https:\/\/talja.pl\/index.php\/wp-json\/wp\/v2\/types\/product"}],"replies":[{"embeddable":true,"href":"https:\/\/talja.pl\/index.php\/wp-json\/wp\/v2\/comments?post=5297"}],"version-history":[{"count":3,"href":"https:\/\/talja.pl\/index.php\/wp-json\/wp\/v2\/product\/5297\/revisions"}],"predecessor-version":[{"id":5393,"href":"https:\/\/talja.pl\/index.php\/wp-json\/wp\/v2\/product\/5297\/revisions\/5393"}],"wp:featuredmedia":[{"embeddable":true,"href":"https:\/\/talja.pl\/index.php\/wp-json\/wp\/v2\/media\/5335"}],"wp:attachment":[{"href":"https:\/\/talja.pl\/index.php\/wp-json\/wp\/v2\/media?parent=5297"}],"wp:term":[{"taxonomy":"product_brand","embeddable":true,"href":"https:\/\/talja.pl\/index.php\/wp-json\/wp\/v2\/product_brand?post=5297"},{"taxonomy":"product_cat","embeddable":true,"href":"https:\/\/talja.pl\/index.php\/wp-json\/wp\/v2\/product_cat?post=5297"},{"taxonomy":"product_tag","embeddable":true,"href":"https:\/\/talja.pl\/index.php\/wp-json\/wp\/v2\/product_tag?post=5297"}],"curies":[{"name":"wp","href":"https:\/\/api.w.org\/{rel}","templated":true}]}}