{"id":5963,"date":"2024-06-09T21:27:24","date_gmt":"2024-06-09T19:27:24","guid":{"rendered":"https:\/\/talja.pl\/?post_type=product&#038;p=5963"},"modified":"2026-02-18T07:56:54","modified_gmt":"2026-02-18T06:56:54","slug":"lniana-sukienka-bella-dostepna-od-reki","status":"publish","type":"product","link":"https:\/\/talja.pl\/index.php\/produkt\/lniana-sukienka-bella-dostepna-od-reki\/","title":{"rendered":"Lniana sukienka BELLA- kolory (wysy\u0142ka 48h)"},"content":{"rendered":"<h4><strong>Lniana sukienka BELLA<\/strong><\/h4>\n<p>Sukienka Bella to pe\u0142na uroku lniana sukienka b\u0119d\u0105ca kwintesencj\u0105 s\u0142onecznego lata. To sukienka o niezwyk\u0142ej delikatno\u015bci, z lekk\u0105 nut\u0105 retro,\u00a0 uszyta z cudownej jako\u015bci lnu, kt\u00f3ry pokocha Twoja sk\u00f3ra.<\/p>\n<p>Bella powsta\u0142a z my\u015bl\u0105 o <i>kobietach<\/i>, kt\u00f3re<span class=\"gwpddc65ef3_highlight\"><span class=\"gwpddc65ef3_size\">\u00a0\u00a0<\/span><\/span>chc\u0105\u00a0<b>zaczarowa\u0107<\/b>\u00a0sw\u00f3j \u015bwiat, nada\u0107 mu\u00a0<i>koloru i rado\u015bci<\/i>. Otul si\u0119 Bell\u0105 i poczuj jej wyj\u0105tkowo\u015b\u0107 na w\u0142asnej sk\u00f3rze.<\/p>\n<h4><strong>Za co j\u0105 pokochasz?\u00a0<\/strong><\/h4>\n<ul>\n<li>za mo\u017cliwo\u015b\u0107 uszycia jej\u00a0<strong>w jednym z a\u017c 20 dost\u0119pnych kolor\u00f3w ln\u00f3w ( 100%len &#8211; zmi\u0119kczany)\u00a0<\/strong><\/li>\n<li><strong>kr\u00f3j z wszytym geometrycznym pasem podkre\u015blaj\u0105cym pi\u0119knie tali\u0119<\/strong>;\u00a0 \u00a0do tego troczki w tyle, kt\u00f3re zawi\u0105\u017cesz cia\u015bniej lub lu\u017aniej w kokardk\u0119. Cia\u015bniejsze zawi\u0105zanie spowoduje, \u017ce podkre\u015blisz i optycznie zw\u0119\u017cysz sw\u0105 tali\u0119 , lu\u017aniejsze &#8211; je\u015bli preferujesz wi\u0119ksze luzy<\/li>\n<li>urocze, r\u0119cznie oblekane lnem, guziczki<\/li>\n<li>szersze rami\u0105czka zakrywaj\u0105ce rami\u0105czka od biustonosza<\/li>\n<li>szalenie wdzi\u0119czne falbanki przy rami\u0105czkach<\/li>\n<li><strong>efektowne, mnogie marszczenia, kt\u00f3re dodaj\u0105 sukience lekko\u015bci i dziewcz\u0119co\u015bci<\/strong><\/li>\n<li><strong>zwiewny d\u00f3\u0142, lekko rozkloszowany i subtelnie zmarszczony<\/strong><\/li>\n<li>a\u017c dwie d\u0142ugo\u015bci sukienki do wyboru : <strong>REGULAR<\/strong> ( 65 cm od talii) oraz <strong>MIDI<\/strong> ( 73 cm od talii)<\/li>\n<li>uszycie z dba\u0142o\u015bci\u0105 w niewielkiej manufakturze w Szczecinie<\/li>\n<\/ul>\n<h4><strong>Sk\u0142ad i szycie\u00a0<\/strong><\/h4>\n<p>len 100%, cudownie zmi\u0119kczany ; produkcji polskiej. Do wyboru w ponad 20 kolorach !<\/p>\n<p>Sukienka powstanie dla Ciebie w kameralnej szczeci\u0144skiej pracowni .<\/p>\n<p><img decoding=\"async\" class=\"alignnone wp-image-5333 size-medium\" src=\"https:\/\/talja.pl\/wp-content\/uploads\/2022\/04\/Certyfikat-Oeko-Tex-standard-100-300x119.png\" alt=\"\" width=\"300\" height=\"119\" \/>Wszystkie nasze lny s\u0105 produkcji polskiej oraz spe\u0142niaj\u0105 wymogi\u00a0 norm\u00a0<strong>OEKO TEX \u2013 Standard 100<\/strong>, co oznacza, \u017ce zosta\u0142y przebadane i nie zawieraj\u0105 \u015brodk\u00f3w szkodliwych zar\u00f3wno dla cz\u0142owieka jak i \u015brodowiska. Dodatkowo s\u0105 cudownie zmi\u0119kczane, a ten fakt z pewno\u015bci\u0105 doceni Twoja sk\u00f3ra.<\/p>\n<h4><strong>Rozmiar\u00a0<\/strong><\/h4>\n<p>Dobieraj\u0105c rozmiar por\u00f3wnaj obwody w\u0142asnego cia\u0142a z podanymi w tabeli i wybierz rozmiar, kt\u00f3ry jest im najbli\u017cszy.<\/p>\n<p>Sukienka w talii ma nieco wi\u0119cej luz\u00f3w, po to by\u015b mog\u0142a wyregulowa\u0107 j\u0105 w tym miejscu troczkami dok\u0142adnie tak jak lubisz: cia\u015bniej lub lu\u017aniej.<\/p>\n<p><img fetchpriority=\"high\" decoding=\"async\" class=\"alignnone size-full wp-image-5664\" src=\"https:\/\/talja.pl\/wp-content\/uploads\/2022\/06\/Bella.png\" alt=\"\" width=\"756\" height=\"238\" srcset=\"https:\/\/talja.pl\/wp-content\/uploads\/2022\/06\/Bella.png 756w, https:\/\/talja.pl\/wp-content\/uploads\/2022\/06\/Bella-100x31.png 100w, https:\/\/talja.pl\/wp-content\/uploads\/2022\/06\/Bella-300x94.png 300w\" sizes=\"(max-width: 756px) 100vw, 756px\" \/><\/p>\n<p><img decoding=\"async\" class=\"wp-image-5665 size-full alignleft\" src=\"https:\/\/talja.pl\/wp-content\/uploads\/2022\/06\/talja-lniana-sukienka-m641A9826.jpg\" alt=\"\" width=\"1200\" height=\"1800\" srcset=\"https:\/\/talja.pl\/wp-content\/uploads\/2022\/06\/talja-lniana-sukienka-m641A9826.jpg 1200w, https:\/\/talja.pl\/wp-content\/uploads\/2022\/06\/talja-lniana-sukienka-m641A9826-999x1499.jpg 999w, https:\/\/talja.pl\/wp-content\/uploads\/2022\/06\/talja-lniana-sukienka-m641A9826-300x450.jpg 300w, https:\/\/talja.pl\/wp-content\/uploads\/2022\/06\/talja-lniana-sukienka-m641A9826-200x300.jpg 200w, https:\/\/talja.pl\/wp-content\/uploads\/2022\/06\/talja-lniana-sukienka-m641A9826-683x1024.jpg 683w, https:\/\/talja.pl\/wp-content\/uploads\/2022\/06\/talja-lniana-sukienka-m641A9826-768x1152.jpg 768w, https:\/\/talja.pl\/wp-content\/uploads\/2022\/06\/talja-lniana-sukienka-m641A9826-1024x1536.jpg 1024w\" sizes=\"(max-width: 1200px) 100vw, 1200px\" \/>Natalia (173cm , 83cm biust) prezentuje sukienki w rozmiarze S , d\u0142ugo\u015bci MIDI w kolorach\u00a0 lnu &#8221; kokrajl truskawkowy&#8221; oraz &#8221; baby blue&#8221;. Je\u015bli chcesz dowiedzie\u0107 si\u0119 wi\u0119cej o kolorach z jakich szyjemy w pracowni &#8211; zerknij<a href=\"https:\/\/talja.pl\/index.php\/kolory-lnow\/\"> tutaj<\/a> .<\/p>\n<p>Je\u015bli masz problem z doborem rozmiaru, czy koloru lnu &#8211; napisz do nas na kontakt@talja.pl \u2013 ch\u0119tnie pomo\u017cemy!<\/p>\n<h4><strong>Piel\u0119gnacja\u00a0<\/strong><\/h4>\n<p>Ubrania z lnu traktuj delikatnie. Nie wybielaj, pierz w 30 stopniach, odwirowuj w pralce na ni\u017cszych obrotach i prasuj max w 150st. Dbaj o nie a b\u0119d\u0105 Ci wdzi\u0119czne.<\/p>\n<h4><strong>Personalizacja<\/strong><\/h4>\n<p>Je\u015bli marzysz o wprowadzeniu pewnych zmian do sukienki, wystarczy \u017ce wykupisz dodatkow\u0105 opcj\u0119<a href=\"https:\/\/talja.pl\/index.php\/produkt\/personalizacja\/\">\u00a0<strong>\u201d PERSONALIZACJA \u201e<\/strong><\/a>. Dzi\u0119ki tej opcji Twoja sukienka zyska niepowtarzalno\u015b\u0107 i indywidualny charakter. Mo\u017cesz bowiem zmieni\u0107 d\u0142ugo\u015b\u0107 sukienki, zrezygnowa\u0107 z falbanek, troczk\u00f3w itp. zmieni\u0107 wysoko\u015b\u0107 stanu, doda\u0107 kieszenie w szwach bocznych itp. Je\u015bli masz jeszcze inny pomys\u0142 na zmodyfikowanie sukienki, a nie znajdujesz go w opcji \u201d Personalizacja\u201d skontaktuj si\u0119 z nami\u00a0 mailowo : kontakt@talja.pl . Razem z pewno\u015bci\u0105 wyczarujemy sukienk\u0119 Twoich marze\u0144!<\/p>\n<p>&nbsp;<\/p>\n<p>&nbsp;<\/p>\n<h5><\/h5>\n<p>&nbsp;<\/p>\n","protected":false},"excerpt":{"rendered":"<p><strong>Co to oznacza, \u017ce sukienka jest dost\u0119pna od r\u0119ki? <\/strong><\/p>\n<p><em>Nie musisz specjalnie czeka\u0107 na uszycie sukienki. Sukienka jest uszyta, gotowa do wysy\u0142ki i dotrze do Ciebie bardzo szybko. Wysy\u0142amy do 48h od zaksi\u0119gowania p\u0142atno\u015bci na koncie.<\/em><\/p>\n<p><strong>Jakie rozmiary i kolory dost\u0119pne s\u0105 od r\u0119ki?<\/strong><\/p>\n<p><em>Dost\u0119pno\u015b\u0107 gotowych sukienek sprawdzisz wybieraj\u0105c z podanych poni\u017cej przycisk\u00f3w zawieraj\u0105cych rozmiar, kolor i d\u0142ugo\u015b\u0107 danej sukienki.<\/em><\/p>\n<hr \/>\n<p>Je\u015bli pragniesz zam\u00f3wi\u0107 inny rozmiar i kolor sukienki, zerknij<a href=\"https:\/\/talja.pl\/index.php\/produkt\/lniana-sukienka-bella\/\"><span style=\"color: #ff6600;\"> tutaj.<\/span><\/a><\/p>\n<p><strong>Sk\u0142ad : Len 100% , polskiej produkcji<\/strong><\/p>\n<p><em>Wysy\u0142ka\u00a0 : do 48h<\/em><\/p>\n<p>Wyprodukowano w <strong>kameralnej pracowni w Szczecinie. <\/strong>Zamawiaj\u0105c w Talji wspierasz polskie rzemios\u0142o.<\/p>\n<p>&nbsp;<\/p>\n","protected":false},"featured_media":5666,"comment_status":"closed","ping_status":"closed","template":"","meta":[],"product_brand":[],"product_cat":[32,20],"product_tag":[25,26,27],"class_list":{"0":"post-5963","1":"product","2":"type-product","3":"status-publish","4":"has-post-thumbnail","6":"product_cat-dostepne-od-reki","7":"product_cat-sukienki-lniane","8":"product_tag-len","9":"product_tag-sukienka","10":"product_tag-sukienka-lniana","11":"pa_kolor-koktajl-truskawkowy-150g-m2","12":"pa_kolor-letnie-niebo-150g-m2","13":"pa_kolor-baby-blue-150g-m2","14":"pa_kolor-cynamon-150g-m2","16":"entry","17":"has-media","19":"first","20":"instock","21":"taxable","22":"shipping-taxable","23":"purchasable","24":"product-type-variable","25":"wvs-archive-product-wrapper","26":"has-product-nav","27":"col","28":"span_1_of_4","29":"owp-content-center","30":"owp-thumbs-layout-horizontal","31":"owp-btn-big","32":"owp-tabs-layout-horizontal"},"yoast_head":"<!-- This site is optimized with the Yoast SEO plugin v27.0 - https:\/\/yoast.com\/product\/yoast-seo-wordpress\/ -->\n<title>Lniana sukienka BELLA- kolory (wysy\u0142ka 48h) - www.talja.pl<\/title>\n<meta name=\"description\" content=\"Bella to lniana sukienka b\u0119d\u0105ca kwintesencj\u0105 s\u0142onecznego lata. To sukienka o niezwyk\u0142ej delikatno\u015bci, uszyta z najwy\u017cszej jako\u015bci lnu.\" \/>\n<meta name=\"robots\" content=\"index, follow, max-snippet:-1, max-image-preview:large, max-video-preview:-1\" \/>\n<link rel=\"canonical\" href=\"https:\/\/talja.pl\/index.php\/produkt\/lniana-sukienka-bella-dostepna-od-reki\/\" \/>\n<meta property=\"og:locale\" content=\"pl_PL\" \/>\n<meta property=\"og:type\" content=\"article\" \/>\n<meta property=\"og:title\" content=\"Lniana sukienka BELLA- kolory (wysy\u0142ka 48h) - www.talja.pl\" \/>\n<meta property=\"og:description\" content=\"Bella to lniana sukienka b\u0119d\u0105ca kwintesencj\u0105 s\u0142onecznego lata. To sukienka o niezwyk\u0142ej delikatno\u015bci, uszyta z najwy\u017cszej jako\u015bci lnu.\" \/>\n<meta property=\"og:url\" content=\"https:\/\/talja.pl\/index.php\/produkt\/lniana-sukienka-bella-dostepna-od-reki\/\" \/>\n<meta property=\"og:site_name\" content=\"www.talja.pl\" \/>\n<meta property=\"article:publisher\" content=\"https:\/\/www.facebook.com\/Talja-418285408906660\/\" \/>\n<meta property=\"article:modified_time\" content=\"2026-02-18T06:56:54+00:00\" \/>\n<meta property=\"og:image\" content=\"https:\/\/talja.pl\/wp-content\/uploads\/2022\/06\/Bella-talja-lniana-sukienka-profil.jpg\" \/>\n\t<meta property=\"og:image:width\" content=\"873\" \/>\n\t<meta property=\"og:image:height\" content=\"1294\" \/>\n\t<meta property=\"og:image:type\" content=\"image\/jpeg\" \/>\n<meta name=\"twitter:card\" content=\"summary_large_image\" \/>\n<meta name=\"twitter:site\" content=\"@talja_pracownia\" \/>\n<meta name=\"twitter:label1\" content=\"Szacowany czas czytania\" \/>\n\t<meta name=\"twitter:data1\" content=\"4 minuty\" \/>\n<script type=\"application\/ld+json\" class=\"yoast-schema-graph\">{\"@context\":\"https:\/\/schema.org\",\"@graph\":[{\"@type\":\"WebPage\",\"@id\":\"https:\/\/talja.pl\/index.php\/produkt\/lniana-sukienka-bella-dostepna-od-reki\/\",\"url\":\"https:\/\/talja.pl\/index.php\/produkt\/lniana-sukienka-bella-dostepna-od-reki\/\",\"name\":\"Lniana sukienka BELLA- kolory (wysy\u0142ka 48h) - www.talja.pl\",\"isPartOf\":{\"@id\":\"https:\/\/talja.pl\/#website\"},\"primaryImageOfPage\":{\"@id\":\"https:\/\/talja.pl\/index.php\/produkt\/lniana-sukienka-bella-dostepna-od-reki\/#primaryimage\"},\"image\":{\"@id\":\"https:\/\/talja.pl\/index.php\/produkt\/lniana-sukienka-bella-dostepna-od-reki\/#primaryimage\"},\"thumbnailUrl\":\"https:\/\/talja.pl\/wp-content\/uploads\/2022\/06\/Bella-talja-lniana-sukienka-profil.jpg\",\"datePublished\":\"2024-06-09T19:27:24+00:00\",\"dateModified\":\"2026-02-18T06:56:54+00:00\",\"description\":\"Bella to lniana sukienka b\u0119d\u0105ca kwintesencj\u0105 s\u0142onecznego lata. To sukienka o niezwyk\u0142ej delikatno\u015bci, uszyta z najwy\u017cszej jako\u015bci lnu.\",\"breadcrumb\":{\"@id\":\"https:\/\/talja.pl\/index.php\/produkt\/lniana-sukienka-bella-dostepna-od-reki\/#breadcrumb\"},\"inLanguage\":\"pl-PL\",\"potentialAction\":[{\"@type\":\"ReadAction\",\"target\":[\"https:\/\/talja.pl\/index.php\/produkt\/lniana-sukienka-bella-dostepna-od-reki\/\"]}]},{\"@type\":\"ImageObject\",\"inLanguage\":\"pl-PL\",\"@id\":\"https:\/\/talja.pl\/index.php\/produkt\/lniana-sukienka-bella-dostepna-od-reki\/#primaryimage\",\"url\":\"https:\/\/talja.pl\/wp-content\/uploads\/2022\/06\/Bella-talja-lniana-sukienka-profil.jpg\",\"contentUrl\":\"https:\/\/talja.pl\/wp-content\/uploads\/2022\/06\/Bella-talja-lniana-sukienka-profil.jpg\",\"width\":873,\"height\":1294,\"caption\":\"talja lniana sukienka\"},{\"@type\":\"BreadcrumbList\",\"@id\":\"https:\/\/talja.pl\/index.php\/produkt\/lniana-sukienka-bella-dostepna-od-reki\/#breadcrumb\",\"itemListElement\":[{\"@type\":\"ListItem\",\"position\":1,\"name\":\"Strona g\u0142\u00f3wna\",\"item\":\"https:\/\/talja.pl\/\"},{\"@type\":\"ListItem\",\"position\":2,\"name\":\"talja.pl\",\"item\":\"https:\/\/talja.pl\/index.php\/sklep\/\"},{\"@type\":\"ListItem\",\"position\":3,\"name\":\"Lniana sukienka BELLA- kolory (wysy\u0142ka 48h)\"}]},{\"@type\":\"WebSite\",\"@id\":\"https:\/\/talja.pl\/#website\",\"url\":\"https:\/\/talja.pl\/\",\"name\":\"www.talja.pl\",\"description\":\"\",\"publisher\":{\"@id\":\"https:\/\/talja.pl\/#organization\"},\"potentialAction\":[{\"@type\":\"SearchAction\",\"target\":{\"@type\":\"EntryPoint\",\"urlTemplate\":\"https:\/\/talja.pl\/?s={search_term_string}\"},\"query-input\":{\"@type\":\"PropertyValueSpecification\",\"valueRequired\":true,\"valueName\":\"search_term_string\"}}],\"inLanguage\":\"pl-PL\"},{\"@type\":\"Organization\",\"@id\":\"https:\/\/talja.pl\/#organization\",\"name\":\"Talja\",\"url\":\"https:\/\/talja.pl\/\",\"logo\":{\"@type\":\"ImageObject\",\"inLanguage\":\"pl-PL\",\"@id\":\"https:\/\/talja.pl\/#\/schema\/logo\/image\/\",\"url\":\"https:\/\/talja.pl\/wp-content\/uploads\/2019\/06\/baner-talja-2.jpg\",\"contentUrl\":\"https:\/\/talja.pl\/wp-content\/uploads\/2019\/06\/baner-talja-2.jpg\",\"width\":1300,\"height\":300,\"caption\":\"Talja\"},\"image\":{\"@id\":\"https:\/\/talja.pl\/#\/schema\/logo\/image\/\"},\"sameAs\":[\"https:\/\/www.facebook.com\/Talja-418285408906660\/\",\"https:\/\/x.com\/talja_pracownia\",\"https:\/\/www.instagram.com\/talja_pracownia\/\"]}]}<\/script>\n<!-- \/ Yoast SEO plugin. -->","yoast_head_json":{"title":"Lniana sukienka BELLA- kolory (wysy\u0142ka 48h) - www.talja.pl","description":"Bella to lniana sukienka b\u0119d\u0105ca kwintesencj\u0105 s\u0142onecznego lata. To sukienka o niezwyk\u0142ej delikatno\u015bci, uszyta z najwy\u017cszej jako\u015bci lnu.","robots":{"index":"index","follow":"follow","max-snippet":"max-snippet:-1","max-image-preview":"max-image-preview:large","max-video-preview":"max-video-preview:-1"},"canonical":"https:\/\/talja.pl\/index.php\/produkt\/lniana-sukienka-bella-dostepna-od-reki\/","og_locale":"pl_PL","og_type":"article","og_title":"Lniana sukienka BELLA- kolory (wysy\u0142ka 48h) - www.talja.pl","og_description":"Bella to lniana sukienka b\u0119d\u0105ca kwintesencj\u0105 s\u0142onecznego lata. To sukienka o niezwyk\u0142ej delikatno\u015bci, uszyta z najwy\u017cszej jako\u015bci lnu.","og_url":"https:\/\/talja.pl\/index.php\/produkt\/lniana-sukienka-bella-dostepna-od-reki\/","og_site_name":"www.talja.pl","article_publisher":"https:\/\/www.facebook.com\/Talja-418285408906660\/","article_modified_time":"2026-02-18T06:56:54+00:00","og_image":[{"width":873,"height":1294,"url":"https:\/\/talja.pl\/wp-content\/uploads\/2022\/06\/Bella-talja-lniana-sukienka-profil.jpg","type":"image\/jpeg"}],"twitter_card":"summary_large_image","twitter_site":"@talja_pracownia","twitter_misc":{"Szacowany czas czytania":"4 minuty"},"schema":{"@context":"https:\/\/schema.org","@graph":[{"@type":"WebPage","@id":"https:\/\/talja.pl\/index.php\/produkt\/lniana-sukienka-bella-dostepna-od-reki\/","url":"https:\/\/talja.pl\/index.php\/produkt\/lniana-sukienka-bella-dostepna-od-reki\/","name":"Lniana sukienka BELLA- kolory (wysy\u0142ka 48h) - www.talja.pl","isPartOf":{"@id":"https:\/\/talja.pl\/#website"},"primaryImageOfPage":{"@id":"https:\/\/talja.pl\/index.php\/produkt\/lniana-sukienka-bella-dostepna-od-reki\/#primaryimage"},"image":{"@id":"https:\/\/talja.pl\/index.php\/produkt\/lniana-sukienka-bella-dostepna-od-reki\/#primaryimage"},"thumbnailUrl":"https:\/\/talja.pl\/wp-content\/uploads\/2022\/06\/Bella-talja-lniana-sukienka-profil.jpg","datePublished":"2024-06-09T19:27:24+00:00","dateModified":"2026-02-18T06:56:54+00:00","description":"Bella to lniana sukienka b\u0119d\u0105ca kwintesencj\u0105 s\u0142onecznego lata. To sukienka o niezwyk\u0142ej delikatno\u015bci, uszyta z najwy\u017cszej jako\u015bci lnu.","breadcrumb":{"@id":"https:\/\/talja.pl\/index.php\/produkt\/lniana-sukienka-bella-dostepna-od-reki\/#breadcrumb"},"inLanguage":"pl-PL","potentialAction":[{"@type":"ReadAction","target":["https:\/\/talja.pl\/index.php\/produkt\/lniana-sukienka-bella-dostepna-od-reki\/"]}]},{"@type":"ImageObject","inLanguage":"pl-PL","@id":"https:\/\/talja.pl\/index.php\/produkt\/lniana-sukienka-bella-dostepna-od-reki\/#primaryimage","url":"https:\/\/talja.pl\/wp-content\/uploads\/2022\/06\/Bella-talja-lniana-sukienka-profil.jpg","contentUrl":"https:\/\/talja.pl\/wp-content\/uploads\/2022\/06\/Bella-talja-lniana-sukienka-profil.jpg","width":873,"height":1294,"caption":"talja lniana sukienka"},{"@type":"BreadcrumbList","@id":"https:\/\/talja.pl\/index.php\/produkt\/lniana-sukienka-bella-dostepna-od-reki\/#breadcrumb","itemListElement":[{"@type":"ListItem","position":1,"name":"Strona g\u0142\u00f3wna","item":"https:\/\/talja.pl\/"},{"@type":"ListItem","position":2,"name":"talja.pl","item":"https:\/\/talja.pl\/index.php\/sklep\/"},{"@type":"ListItem","position":3,"name":"Lniana sukienka BELLA- kolory (wysy\u0142ka 48h)"}]},{"@type":"WebSite","@id":"https:\/\/talja.pl\/#website","url":"https:\/\/talja.pl\/","name":"www.talja.pl","description":"","publisher":{"@id":"https:\/\/talja.pl\/#organization"},"potentialAction":[{"@type":"SearchAction","target":{"@type":"EntryPoint","urlTemplate":"https:\/\/talja.pl\/?s={search_term_string}"},"query-input":{"@type":"PropertyValueSpecification","valueRequired":true,"valueName":"search_term_string"}}],"inLanguage":"pl-PL"},{"@type":"Organization","@id":"https:\/\/talja.pl\/#organization","name":"Talja","url":"https:\/\/talja.pl\/","logo":{"@type":"ImageObject","inLanguage":"pl-PL","@id":"https:\/\/talja.pl\/#\/schema\/logo\/image\/","url":"https:\/\/talja.pl\/wp-content\/uploads\/2019\/06\/baner-talja-2.jpg","contentUrl":"https:\/\/talja.pl\/wp-content\/uploads\/2019\/06\/baner-talja-2.jpg","width":1300,"height":300,"caption":"Talja"},"image":{"@id":"https:\/\/talja.pl\/#\/schema\/logo\/image\/"},"sameAs":["https:\/\/www.facebook.com\/Talja-418285408906660\/","https:\/\/x.com\/talja_pracownia","https:\/\/www.instagram.com\/talja_pracownia\/"]}]}},"_links":{"self":[{"href":"https:\/\/talja.pl\/index.php\/wp-json\/wp\/v2\/product\/5963","targetHints":{"allow":["GET"]}}],"collection":[{"href":"https:\/\/talja.pl\/index.php\/wp-json\/wp\/v2\/product"}],"about":[{"href":"https:\/\/talja.pl\/index.php\/wp-json\/wp\/v2\/types\/product"}],"replies":[{"embeddable":true,"href":"https:\/\/talja.pl\/index.php\/wp-json\/wp\/v2\/comments?post=5963"}],"version-history":[{"count":9,"href":"https:\/\/talja.pl\/index.php\/wp-json\/wp\/v2\/product\/5963\/revisions"}],"predecessor-version":[{"id":6077,"href":"https:\/\/talja.pl\/index.php\/wp-json\/wp\/v2\/product\/5963\/revisions\/6077"}],"wp:featuredmedia":[{"embeddable":true,"href":"https:\/\/talja.pl\/index.php\/wp-json\/wp\/v2\/media\/5666"}],"wp:attachment":[{"href":"https:\/\/talja.pl\/index.php\/wp-json\/wp\/v2\/media?parent=5963"}],"wp:term":[{"taxonomy":"product_brand","embeddable":true,"href":"https:\/\/talja.pl\/index.php\/wp-json\/wp\/v2\/product_brand?post=5963"},{"taxonomy":"product_cat","embeddable":true,"href":"https:\/\/talja.pl\/index.php\/wp-json\/wp\/v2\/product_cat?post=5963"},{"taxonomy":"product_tag","embeddable":true,"href":"https:\/\/talja.pl\/index.php\/wp-json\/wp\/v2\/product_tag?post=5963"}],"curies":[{"name":"wp","href":"https:\/\/api.w.org\/{rel}","templated":true}]}}