{"id":7588,"date":"2025-07-24T12:27:47","date_gmt":"2025-07-24T10:27:47","guid":{"rendered":"https:\/\/talja.pl\/?post_type=product&#038;p=7588"},"modified":"2026-03-17T12:16:48","modified_gmt":"2026-03-17T11:16:48","slug":"lniana-sukienka-vivien-kolory","status":"publish","type":"product","link":"https:\/\/talja.pl\/index.php\/produkt\/lniana-sukienka-vivien-kolory\/","title":{"rendered":"Lniana sukienka Vivien"},"content":{"rendered":"<h4><strong>Sukienka Lniana VIVIEN<\/strong><\/h4>\n<p>Sukienka lniana VIVIEN to pot\u0119ga kobieco\u015bci w subtelnym klimacie retro. Jej dopasowany kr\u00f3j z dekoltem w serce rozkocha w sobie mi\u0142o\u015bniczki romantycznych kreacji, dla kt\u00f3rych noszenie sukienek to przyjemna codzienno\u015b\u0107. Za\u0142o\u017cysz j\u0105 zar\u00f3wno na wi\u0119ksze przyj\u0119cia, jak r\u00f3wnie\u017c te zwyczajne, mniejsze spotkania, spacery, gdziekolwiek pragniesz poczu\u0107 si\u0119 wyj\u0105tkowo. Uszyta z cudownie zmi\u0119kczanego lnu najwy\u017cszej jako\u015bci w wybranym przez Ciebie kolorze.<\/p>\n<h4><strong>Za co j\u0105 pokochasz?\u00a0<\/strong><\/h4>\n<ul>\n<li>za mo\u017cliwo\u015b\u0107 uszycia jej\u00a0<strong>w jednym z ponad 20 dost\u0119pnych kolor\u00f3w ln\u00f3w ( 100%len &#8211; zmi\u0119kczany)\u00a0<\/strong><\/li>\n<li>niezwyk\u0142ej urody niewielki dekolt w serduszko &#8211; kwintesencja looku vintage !<\/li>\n<li>g\u00f3ra sukienki jest mocniej dopasowana dzi\u0119ki konstrukcyjnym zaszewkom ( 4 z przodu , 2 z ty\u0142u), co pozwoli na zgrabne dopasowanie jej do Twojej sylwetki przy jednocze\u015bnie wysokiej wygodzie noszenia<\/li>\n<li>mocniej rozkloszowany zwiewny d\u00f3\u0142 sukienki z marszczeniami, kt\u00f3ry pi\u0119knie &#8220;ta\u0144czy&#8221; przy ka\u017cdym kroku ! \ud83d\ude42<\/li>\n<li>zamek kryty w szwie bocznym<\/li>\n<li>r\u0119kawki z niewielk\u0105 bufk\u0105 nawi\u0105zuj\u0105ce do klimatu vintage<\/li>\n<li>a\u017c dwie d\u0142ugo\u015bci sukienki do wyboru : REGULAR ( 65 cm od talii) oraz MIDI ( 80 cm od talii)<\/li>\n<li>uszycie z dba\u0142o\u015bci\u0105 w niewielkiej manufakturze w Szczecinie<\/li>\n<\/ul>\n<h4><strong>Rozmiar\u00a0<\/strong><\/h4>\n<p>W poni\u017cszej tabeli znajdziesz wymiary gotowego ubrania mierzonego na p\u0142asko.<img fetchpriority=\"high\" decoding=\"async\" class=\"alignnone wp-image-7678 size-full\" src=\"https:\/\/talja.pl\/wp-content\/uploads\/2023\/04\/VIVIEN.png\" alt=\"\" width=\"799\" height=\"181\" srcset=\"https:\/\/talja.pl\/wp-content\/uploads\/2023\/04\/VIVIEN.png 799w, https:\/\/talja.pl\/wp-content\/uploads\/2023\/04\/VIVIEN-300x68.png 300w, https:\/\/talja.pl\/wp-content\/uploads\/2023\/04\/VIVIEN-768x174.png 768w\" sizes=\"(max-width: 799px) 100vw, 799px\" \/><\/p>\n<p>Natalia (173cm , 83cm biust) prezentuje sukienki w rozmiarze S , &#8220;morelowy &#8221; -d\u0142ugo\u015bci REGULAR, &#8220;czerwone wino&#8221; &#8211; d\u0142ugo\u015b\u0107 MIDI. Je\u015bli chcesz dowiedzie\u0107 si\u0119 wi\u0119cej o kolorach z jakich szyjemy w pracowni &#8211; zerknij<a href=\"https:\/\/talja.pl\/index.php\/kolory-lnow\/\"> tutaj<\/a> .<\/p>\n<p>Je\u015bli masz problem z doborem rozmiaru, czy koloru lnu &#8211; napisz do nas na kontakt@talja.pl \u2013 ch\u0119tnie pomo\u017cemy!<\/p>\n<p class=\"responsive-video-wrap clr\"><iframe title=\"Lniana sukienka Vivien\" width=\"1200\" height=\"675\" src=\"https:\/\/www.youtube.com\/embed\/k3DFpoZFlOg?feature=oembed\" frameborder=\"0\" allow=\"accelerometer; autoplay; clipboard-write; encrypted-media; gyroscope; picture-in-picture; web-share\" referrerpolicy=\"strict-origin-when-cross-origin\" allowfullscreen><\/iframe><\/p>\n<p><img decoding=\"async\" class=\"wp-image-5333 size-medium aligncenter\" src=\"https:\/\/talja.pl\/wp-content\/uploads\/2022\/04\/Certyfikat-Oeko-Tex-standard-100-300x119.png\" alt=\"\" width=\"300\" height=\"119\" \/><\/p>\n<p>Wszystkie nasze lny s\u0105 produkcji polskiej oraz spe\u0142niaj\u0105 wymogi\u00a0 norm\u00a0<strong>OEKO TEX \u2013 Standard 100<\/strong>,<\/p>\n<p>co oznacza, \u017ce zosta\u0142y przebadane i nie zawieraj\u0105 \u015brodk\u00f3w szkodliwych zar\u00f3wno dla cz\u0142owieka jak i \u015brodowiska. Dodatkowo s\u0105 cudownie zmi\u0119kczane, a ten fakt z pewno\u015bci\u0105 doceni Twoja sk\u00f3ra.<\/p>\n<h4><strong>Piel\u0119gnacja\u00a0<\/strong><\/h4>\n<p>Ubrania z lnu traktuj delikatnie. Nie wybielaj, pierz w 30 stopniach, odwirowuj w pralce na ni\u017cszych obrotach i prasuj max w 150st. Dbaj o nie a b\u0119d\u0105 Ci wdzi\u0119czne.<\/p>\n<h4><strong>Personalizacja<\/strong><\/h4>\n<p>Je\u015bli marzysz o wprowadzeniu pewnych zmian do sukienki, lub potrzebujesz uszycia sukienki na Twoje wymiary-\u00a0 wystarczy \u017ce wykupisz dodatkow\u0105 opcj\u0119<a href=\"https:\/\/talja.pl\/index.php\/produkt\/personalizacja\/\">\u00a0<strong>\u201d PERSONALIZACJA \u201e<\/strong><\/a>. Dzi\u0119ki tej opcji Twoja sukienka zyska niepowtarzalno\u015b\u0107 i indywidualny charakter. Mo\u017cesz bowiem zmieni\u0107 d\u0142ugo\u015b\u0107 sukienki czy r\u0119kawka, wysoko\u015b\u0107 stanu, doda\u0107 kieszenie w szwach bocznych itp. Je\u015bli masz jeszcze inny pomys\u0142 na zmodyfikowanie sukienki, a nie znajdujesz go w opcji \u201d Personalizacja\u201d skontaktuj si\u0119 z nami\u00a0 mailowo : kontakt@talja.pl . Razem z pewno\u015bci\u0105 wyczarujemy sukienk\u0119 Twoich marze\u0144!<\/p>\n<p>&nbsp;<\/p>\n<p>&nbsp;<\/p>\n<h5><\/h5>\n<p>&nbsp;<\/p>\n","protected":false},"excerpt":{"rendered":"<h4><strong>Sk\u0142ad : Len 100% , polskiej produkcji<\/strong><\/h4>\n<p><strong>Model dost\u0119pny w r\u00f3\u017cnych wersjach kolorystycznych oraz d\u0142ugo\u015bciach. <\/strong>Wybierz ten, o kt\u00f3rym marzysz.<\/p>\n<p><em>Wysy\u0142ka w : 5-14 dni roboczych . Pami\u0119taj : wszystkie nasze sukienki szyte s\u0105 przez nas dopiero po z\u0142o\u017ceniu zam\u00f3wienia. Pozw\u00f3l nam na precyzyjn\u0105 realizacj\u0119 Twojego zam\u00f3wienia<\/em>.<\/p>\n","protected":false},"featured_media":8739,"comment_status":"open","ping_status":"closed","template":"","meta":[],"product_brand":[],"product_cat":[45,20,140],"product_tag":[25,26,27],"class_list":{"0":"post-7588","1":"product","2":"type-product","3":"status-publish","4":"has-post-thumbnail","6":"product_cat-produkty-na-zamowienie","7":"product_cat-sukienki-lniane","8":"product_cat-sukienki-dlugi-rekaw","9":"product_tag-len","10":"product_tag-sukienka","11":"product_tag-sukienka-lniana","12":"pa_kolor-kratka-vichy-len-100","13":"pa_kolor-len-30-wiskoza-70","14":"pa_kolor-koktajl-truskawkowy-150g-m2","15":"pa_kolor-malina","16":"pa_kolor-liliowy-170g-m2","17":"pa_kolor-pochmurne-niebo-170g-m2","18":"pa_kolor-zielen-trawiasta-170g-m2","19":"pa_kolor-czerwone-wino-150g-m2","20":"pa_kolor-sliwka-170g-m2","21":"pa_kolor-mleczna-czekolada-170g-m2","22":"pa_kolor-letnie-niebo-150g-m2","23":"pa_kolor-biel-170g-m2","24":"pa_kolor-paski-150g-m2-len-100","25":"pa_kolor-naturalny-150g-m2","26":"pa_kolor-fuksja","27":"pa_kolor-morelowy","28":"pa_kolor-chabrowy-150g-m2","29":"pa_kolor-karmel-170-g-m2","30":"pa_kolor-baby-blue-150g-m2","31":"pa_kolor-pudrowy-roz-150g-m2","32":"pa_kolor-arbuz-150g-m2","33":"pa_kolor-pudrowy-szary-170g-m2","34":"pa_kolor-cegla-150g-m2","35":"pa_kolor-ciemna-zielen-150g-m2","36":"pa_kolor-ciemny-niebieski-170g-m2","37":"pa_kolor-cynamon-150g-m2","38":"pa_kolor-czern-150g-m2","39":"pa_kolor-eukaliptus-150g-m2","40":"pa_kolor-khaki-150g-m2","41":"pa_kolor-melon-150g-m2","42":"pa_kolor-wrszos-150g-m2","43":"pa_kolor-stalowo-szary-170g-m2","44":"pa_kolor-wisnia-150g-m2","46":"entry","47":"has-media","49":"first","50":"instock","51":"taxable","52":"shipping-taxable","53":"purchasable","54":"product-type-variable","55":"wvs-archive-product-wrapper","56":"has-rating","57":"has-product-nav","58":"col","59":"span_1_of_4","60":"owp-content-center","61":"owp-thumbs-layout-horizontal","62":"owp-btn-big","63":"owp-tabs-layout-horizontal"},"yoast_head":"<!-- This site is optimized with the Yoast SEO plugin v27.0 - https:\/\/yoast.com\/product\/yoast-seo-wordpress\/ -->\n<title>Lniana sukienka Vivien - www.talja.pl<\/title>\n<meta name=\"description\" content=\"Lniana sukienka\u00a0Sukienka lniana VIVIEN to pot\u0119ga kobieco\u015bci w subtelnym klimacie retro. Jej dopasowany kr\u00f3j z dekoltem w serce ...\" \/>\n<meta name=\"robots\" content=\"index, follow, max-snippet:-1, max-image-preview:large, max-video-preview:-1\" \/>\n<link rel=\"canonical\" href=\"https:\/\/talja.pl\/index.php\/produkt\/lniana-sukienka-vivien-kolory\/\" \/>\n<meta property=\"og:locale\" content=\"pl_PL\" \/>\n<meta property=\"og:type\" content=\"article\" \/>\n<meta property=\"og:title\" content=\"Lniana sukienka Vivien - www.talja.pl\" \/>\n<meta property=\"og:description\" content=\"Lniana sukienka\u00a0Sukienka lniana VIVIEN to pot\u0119ga kobieco\u015bci w subtelnym klimacie retro. Jej dopasowany kr\u00f3j z dekoltem w serce ...\" \/>\n<meta property=\"og:url\" content=\"https:\/\/talja.pl\/index.php\/produkt\/lniana-sukienka-vivien-kolory\/\" \/>\n<meta property=\"og:site_name\" content=\"www.talja.pl\" \/>\n<meta property=\"article:publisher\" content=\"https:\/\/www.facebook.com\/Talja-418285408906660\/\" \/>\n<meta property=\"article:modified_time\" content=\"2026-03-17T11:16:48+00:00\" \/>\n<meta property=\"og:image\" content=\"https:\/\/talja.pl\/wp-content\/uploads\/2023\/10\/IMG_9910-1-e1697187428878.jpg\" \/>\n\t<meta property=\"og:image:width\" content=\"952\" \/>\n\t<meta property=\"og:image:height\" content=\"1413\" \/>\n\t<meta property=\"og:image:type\" content=\"image\/jpeg\" \/>\n<meta name=\"twitter:card\" content=\"summary_large_image\" \/>\n<meta name=\"twitter:site\" content=\"@talja_pracownia\" \/>\n<meta name=\"twitter:label1\" content=\"Szacowany czas czytania\" \/>\n\t<meta name=\"twitter:data1\" content=\"3 minuty\" \/>\n<script type=\"application\/ld+json\" class=\"yoast-schema-graph\">{\"@context\":\"https:\/\/schema.org\",\"@graph\":[{\"@type\":\"WebPage\",\"@id\":\"https:\/\/talja.pl\/index.php\/produkt\/lniana-sukienka-vivien-kolory\/\",\"url\":\"https:\/\/talja.pl\/index.php\/produkt\/lniana-sukienka-vivien-kolory\/\",\"name\":\"Lniana sukienka Vivien - www.talja.pl\",\"isPartOf\":{\"@id\":\"https:\/\/talja.pl\/#website\"},\"primaryImageOfPage\":{\"@id\":\"https:\/\/talja.pl\/index.php\/produkt\/lniana-sukienka-vivien-kolory\/#primaryimage\"},\"image\":{\"@id\":\"https:\/\/talja.pl\/index.php\/produkt\/lniana-sukienka-vivien-kolory\/#primaryimage\"},\"thumbnailUrl\":\"https:\/\/talja.pl\/wp-content\/uploads\/2023\/10\/IMG_9910-1-e1697187428878.jpg\",\"datePublished\":\"2025-07-24T10:27:47+00:00\",\"dateModified\":\"2026-03-17T11:16:48+00:00\",\"description\":\"Lniana sukienka\u00a0Sukienka lniana VIVIEN to pot\u0119ga kobieco\u015bci w subtelnym klimacie retro. Jej dopasowany kr\u00f3j z dekoltem w serce ...\",\"breadcrumb\":{\"@id\":\"https:\/\/talja.pl\/index.php\/produkt\/lniana-sukienka-vivien-kolory\/#breadcrumb\"},\"inLanguage\":\"pl-PL\",\"potentialAction\":[{\"@type\":\"ReadAction\",\"target\":[\"https:\/\/talja.pl\/index.php\/produkt\/lniana-sukienka-vivien-kolory\/\"]}]},{\"@type\":\"ImageObject\",\"inLanguage\":\"pl-PL\",\"@id\":\"https:\/\/talja.pl\/index.php\/produkt\/lniana-sukienka-vivien-kolory\/#primaryimage\",\"url\":\"https:\/\/talja.pl\/wp-content\/uploads\/2023\/10\/IMG_9910-1-e1697187428878.jpg\",\"contentUrl\":\"https:\/\/talja.pl\/wp-content\/uploads\/2023\/10\/IMG_9910-1-e1697187428878.jpg\",\"width\":952,\"height\":1413},{\"@type\":\"BreadcrumbList\",\"@id\":\"https:\/\/talja.pl\/index.php\/produkt\/lniana-sukienka-vivien-kolory\/#breadcrumb\",\"itemListElement\":[{\"@type\":\"ListItem\",\"position\":1,\"name\":\"Strona g\u0142\u00f3wna\",\"item\":\"https:\/\/talja.pl\/\"},{\"@type\":\"ListItem\",\"position\":2,\"name\":\"talja.pl\",\"item\":\"https:\/\/talja.pl\/index.php\/sklep\/\"},{\"@type\":\"ListItem\",\"position\":3,\"name\":\"Lniana sukienka Vivien\"}]},{\"@type\":\"WebSite\",\"@id\":\"https:\/\/talja.pl\/#website\",\"url\":\"https:\/\/talja.pl\/\",\"name\":\"www.talja.pl\",\"description\":\"\",\"publisher\":{\"@id\":\"https:\/\/talja.pl\/#organization\"},\"potentialAction\":[{\"@type\":\"SearchAction\",\"target\":{\"@type\":\"EntryPoint\",\"urlTemplate\":\"https:\/\/talja.pl\/?s={search_term_string}\"},\"query-input\":{\"@type\":\"PropertyValueSpecification\",\"valueRequired\":true,\"valueName\":\"search_term_string\"}}],\"inLanguage\":\"pl-PL\"},{\"@type\":\"Organization\",\"@id\":\"https:\/\/talja.pl\/#organization\",\"name\":\"Talja\",\"url\":\"https:\/\/talja.pl\/\",\"logo\":{\"@type\":\"ImageObject\",\"inLanguage\":\"pl-PL\",\"@id\":\"https:\/\/talja.pl\/#\/schema\/logo\/image\/\",\"url\":\"https:\/\/talja.pl\/wp-content\/uploads\/2019\/06\/baner-talja-2.jpg\",\"contentUrl\":\"https:\/\/talja.pl\/wp-content\/uploads\/2019\/06\/baner-talja-2.jpg\",\"width\":1300,\"height\":300,\"caption\":\"Talja\"},\"image\":{\"@id\":\"https:\/\/talja.pl\/#\/schema\/logo\/image\/\"},\"sameAs\":[\"https:\/\/www.facebook.com\/Talja-418285408906660\/\",\"https:\/\/x.com\/talja_pracownia\",\"https:\/\/www.instagram.com\/talja_pracownia\/\"]}]}<\/script>\n<!-- \/ Yoast SEO plugin. -->","yoast_head_json":{"title":"Lniana sukienka Vivien - www.talja.pl","description":"Lniana sukienka\u00a0Sukienka lniana VIVIEN to pot\u0119ga kobieco\u015bci w subtelnym klimacie retro. Jej dopasowany kr\u00f3j z dekoltem w serce ...","robots":{"index":"index","follow":"follow","max-snippet":"max-snippet:-1","max-image-preview":"max-image-preview:large","max-video-preview":"max-video-preview:-1"},"canonical":"https:\/\/talja.pl\/index.php\/produkt\/lniana-sukienka-vivien-kolory\/","og_locale":"pl_PL","og_type":"article","og_title":"Lniana sukienka Vivien - www.talja.pl","og_description":"Lniana sukienka\u00a0Sukienka lniana VIVIEN to pot\u0119ga kobieco\u015bci w subtelnym klimacie retro. Jej dopasowany kr\u00f3j z dekoltem w serce ...","og_url":"https:\/\/talja.pl\/index.php\/produkt\/lniana-sukienka-vivien-kolory\/","og_site_name":"www.talja.pl","article_publisher":"https:\/\/www.facebook.com\/Talja-418285408906660\/","article_modified_time":"2026-03-17T11:16:48+00:00","og_image":[{"width":952,"height":1413,"url":"https:\/\/talja.pl\/wp-content\/uploads\/2023\/10\/IMG_9910-1-e1697187428878.jpg","type":"image\/jpeg"}],"twitter_card":"summary_large_image","twitter_site":"@talja_pracownia","twitter_misc":{"Szacowany czas czytania":"3 minuty"},"schema":{"@context":"https:\/\/schema.org","@graph":[{"@type":"WebPage","@id":"https:\/\/talja.pl\/index.php\/produkt\/lniana-sukienka-vivien-kolory\/","url":"https:\/\/talja.pl\/index.php\/produkt\/lniana-sukienka-vivien-kolory\/","name":"Lniana sukienka Vivien - www.talja.pl","isPartOf":{"@id":"https:\/\/talja.pl\/#website"},"primaryImageOfPage":{"@id":"https:\/\/talja.pl\/index.php\/produkt\/lniana-sukienka-vivien-kolory\/#primaryimage"},"image":{"@id":"https:\/\/talja.pl\/index.php\/produkt\/lniana-sukienka-vivien-kolory\/#primaryimage"},"thumbnailUrl":"https:\/\/talja.pl\/wp-content\/uploads\/2023\/10\/IMG_9910-1-e1697187428878.jpg","datePublished":"2025-07-24T10:27:47+00:00","dateModified":"2026-03-17T11:16:48+00:00","description":"Lniana sukienka\u00a0Sukienka lniana VIVIEN to pot\u0119ga kobieco\u015bci w subtelnym klimacie retro. Jej dopasowany kr\u00f3j z dekoltem w serce ...","breadcrumb":{"@id":"https:\/\/talja.pl\/index.php\/produkt\/lniana-sukienka-vivien-kolory\/#breadcrumb"},"inLanguage":"pl-PL","potentialAction":[{"@type":"ReadAction","target":["https:\/\/talja.pl\/index.php\/produkt\/lniana-sukienka-vivien-kolory\/"]}]},{"@type":"ImageObject","inLanguage":"pl-PL","@id":"https:\/\/talja.pl\/index.php\/produkt\/lniana-sukienka-vivien-kolory\/#primaryimage","url":"https:\/\/talja.pl\/wp-content\/uploads\/2023\/10\/IMG_9910-1-e1697187428878.jpg","contentUrl":"https:\/\/talja.pl\/wp-content\/uploads\/2023\/10\/IMG_9910-1-e1697187428878.jpg","width":952,"height":1413},{"@type":"BreadcrumbList","@id":"https:\/\/talja.pl\/index.php\/produkt\/lniana-sukienka-vivien-kolory\/#breadcrumb","itemListElement":[{"@type":"ListItem","position":1,"name":"Strona g\u0142\u00f3wna","item":"https:\/\/talja.pl\/"},{"@type":"ListItem","position":2,"name":"talja.pl","item":"https:\/\/talja.pl\/index.php\/sklep\/"},{"@type":"ListItem","position":3,"name":"Lniana sukienka Vivien"}]},{"@type":"WebSite","@id":"https:\/\/talja.pl\/#website","url":"https:\/\/talja.pl\/","name":"www.talja.pl","description":"","publisher":{"@id":"https:\/\/talja.pl\/#organization"},"potentialAction":[{"@type":"SearchAction","target":{"@type":"EntryPoint","urlTemplate":"https:\/\/talja.pl\/?s={search_term_string}"},"query-input":{"@type":"PropertyValueSpecification","valueRequired":true,"valueName":"search_term_string"}}],"inLanguage":"pl-PL"},{"@type":"Organization","@id":"https:\/\/talja.pl\/#organization","name":"Talja","url":"https:\/\/talja.pl\/","logo":{"@type":"ImageObject","inLanguage":"pl-PL","@id":"https:\/\/talja.pl\/#\/schema\/logo\/image\/","url":"https:\/\/talja.pl\/wp-content\/uploads\/2019\/06\/baner-talja-2.jpg","contentUrl":"https:\/\/talja.pl\/wp-content\/uploads\/2019\/06\/baner-talja-2.jpg","width":1300,"height":300,"caption":"Talja"},"image":{"@id":"https:\/\/talja.pl\/#\/schema\/logo\/image\/"},"sameAs":["https:\/\/www.facebook.com\/Talja-418285408906660\/","https:\/\/x.com\/talja_pracownia","https:\/\/www.instagram.com\/talja_pracownia\/"]}]}},"_links":{"self":[{"href":"https:\/\/talja.pl\/index.php\/wp-json\/wp\/v2\/product\/7588","targetHints":{"allow":["GET"]}}],"collection":[{"href":"https:\/\/talja.pl\/index.php\/wp-json\/wp\/v2\/product"}],"about":[{"href":"https:\/\/talja.pl\/index.php\/wp-json\/wp\/v2\/types\/product"}],"replies":[{"embeddable":true,"href":"https:\/\/talja.pl\/index.php\/wp-json\/wp\/v2\/comments?post=7588"}],"version-history":[{"count":10,"href":"https:\/\/talja.pl\/index.php\/wp-json\/wp\/v2\/product\/7588\/revisions"}],"predecessor-version":[{"id":8740,"href":"https:\/\/talja.pl\/index.php\/wp-json\/wp\/v2\/product\/7588\/revisions\/8740"}],"wp:featuredmedia":[{"embeddable":true,"href":"https:\/\/talja.pl\/index.php\/wp-json\/wp\/v2\/media\/8739"}],"wp:attachment":[{"href":"https:\/\/talja.pl\/index.php\/wp-json\/wp\/v2\/media?parent=7588"}],"wp:term":[{"taxonomy":"product_brand","embeddable":true,"href":"https:\/\/talja.pl\/index.php\/wp-json\/wp\/v2\/product_brand?post=7588"},{"taxonomy":"product_cat","embeddable":true,"href":"https:\/\/talja.pl\/index.php\/wp-json\/wp\/v2\/product_cat?post=7588"},{"taxonomy":"product_tag","embeddable":true,"href":"https:\/\/talja.pl\/index.php\/wp-json\/wp\/v2\/product_tag?post=7588"}],"curies":[{"name":"wp","href":"https:\/\/api.w.org\/{rel}","templated":true}]}}