{"id":787,"date":"2026-02-06T08:59:05","date_gmt":"2026-02-06T07:59:05","guid":{"rendered":"https:\/\/talja.pl\/?post_type=product&#038;p=787"},"modified":"2026-03-24T06:56:59","modified_gmt":"2026-03-24T05:56:59","slug":"lniana-sukienka-sophia","status":"publish","type":"product","link":"https:\/\/talja.pl\/index.php\/produkt\/lniana-sukienka-sophia\/","title":{"rendered":"Lniana sukienka SOPHIA"},"content":{"rendered":"<p><em><strong>29Wymiary sukienki na p\u0142asko:\u00a0<\/strong><\/em><\/p>\n<p><strong>S<\/strong> : biust 46,5cm , talia 43,5cm<\/p>\n<p><strong>M<\/strong> : biust 48,5cm, talia 46cm<\/p>\n<p><strong>L<\/strong> : biust 50,5cm, talia 48,5cm<\/p>\n<p><strong>XL<\/strong> : biust 52,5cm , talia 51cm<\/p>\n<p><strong>D\u0142ugo\u015b\u0107 sukienki od talii do wyboru<\/strong> :<\/p>\n<p><strong>short :<\/strong> 55cm<\/p>\n<p><strong>regualar :<\/strong> 65cm<\/p>\n<p><strong>midi :<\/strong> 73cm<\/p>\n<p>W tym fasonie sukienki najwa\u017cniejsza jest szeroko\u015b\u0107 w biu\u015bcie. Je\u015bli wahasz si\u0119 pomi\u0119dzy dwoma rozmiarami &#8211; napisz do mnie na kontakt@talja.pl a ch\u0119tnie pomog\u0119 w wyborze.<\/p>\n<p>Natalia mierzy 173cm wzrostu i nosi rozmiar S o d\u0142ugo\u015bci &#8221; midi&#8221; . Na zdj\u0119ciu sukienka uszyta z lnu w kolorach &#8220;stalowa szaro\u015b\u0107&#8221;oraz &#8221; wrzosowy&#8221;<\/p>\n<h5><em><strong>Dopasuj sukienk\u0119 pod siebie\u00a0<\/strong><\/em><\/h5>\n<h5>J<em>e\u015bli marzysz o wprowadzeniu pewnych zmian do sukienki, wystarczy \u017ce wykupisz dodatkow\u0105 opcj\u0119<a href=\"https:\/\/talja.pl\/index.php\/produkt\/personalizacja\/\">\u00a0<strong>\u201d PERSONALIZACJA \u201e<\/strong><\/a>. Dzi\u0119ki tej opcji Twoja sukienka zyska niepowtarzalno\u015b\u0107 i indywidualny charakter. Mo\u017cesz bowiem zmieni\u0107 d\u0142ugo\u015b\u0107 sukienki, d\u0142ugo\u015b\u0107 r\u0119kawa lub spos\u00f3b wi\u0105zania. Je\u015bli masz jeszcze inny pomys\u0142 na zmodyfikowanie sukienki, a nie znajdujesz go w opcji &#8221; Personalizacja&#8221; skontaktuj si\u0119 ze mn\u0105\u00a0 mailowo : kontakt@talja.pl . Razem z pewno\u015bci\u0105 wyczarujemy sukienk\u0119 Twoich marze\u0144!\u00a0<\/em><\/h5>\n<h5><em>Ubrania z lnu traktuj delikatnie. Nie wybielaj, pierz w 30 stopniach, odwirowuj w pralce na ni\u017cszych obrotach i prasuj max w 150st. Dbaj o nie, a b\u0119d\u0105 Ci wdzi\u0119czne.<\/em><\/h5>\n","protected":false},"excerpt":{"rendered":"<p>Lniana sukienka Sophia <strong>dost\u0119pna w trzech d\u0142ugo\u015bciach do wyboru : short, regulat oraz midi.\u00a0<\/strong><\/p>\n<p>Sophia to subtelna lniana sukienka z dekoltem w \u0142\u00f3dk\u0119 to minimalizm w czystej postaci.<\/p>\n<p>Lu\u017ane r\u0119kawki 3\/4 , d\u0142ugo\u015b\u0107 midi , marszczenie w pasie oraz szarfy wychodz\u0105ce ze szw\u00f3w bocznych powoduj\u0105, \u017ce sukienka jest niezwykle dziewcz\u0119ca i wygodna. Szarfy mo\u017cesz wi\u0105za\u0107 dowolnie, w zale\u017cno\u015bci od nastroju &#8211; z ty\u0142u, lub z przodu. Na kokardk\u0119, b\u0105d\u017a supe\u0142ek. Sukienk\u0119 dzi\u0119ki temu dopasujesz \u015bci\u015blej b\u0105d\u017a lu\u017aniej w okolicach talii.<\/p>\n<p>Sk\u0142ad : najwy\u017cszej jako\u015bci len 100%<\/p>\n<p><strong>Model dost\u0119pny w aponad 20 r\u00f3\u017cnych wersjach kolorystycznych. <\/strong>Wybierz ten, o kt\u00f3rym marzysz!\u00a0 Wiedz r\u00f3wnie\u017c, \u017ce wszystkie nasze lny s\u0105 produkcji polskiej oraz spe\u0142niaj\u0105 wymogi\u00a0 norm\u00a0<strong>OEKO TEX \u2013 Standard 100<\/strong>, co oznacza, \u017ce zosta\u0142y przebadane i nie zawieraj\u0105 \u015brodk\u00f3w szkodliwych zar\u00f3wno dla cz\u0142owieka jak i \u015brodowiska. Dodatkowo s\u0105 cudownie zmi\u0119kczane, a ten fakt z pewno\u015bci\u0105 doceni Twoja sk\u00f3ra.<\/p>\n<p>Zaprojektowane i uszyte w Polsce.<\/p>\n<h5>Wysy\u0142ka w : 5-14 dni roboczych . Pami\u0119taj : wszystkie lniane sukienki szyte s\u0105 przez nas dopiero po z\u0142o\u017ceniu zam\u00f3wienia. Daj nam czas na precyzyjn\u0105 realizacj\u0119 Twojego zam\u00f3wienia.<\/h5>\n<p>&nbsp;<\/p>\n<h5><\/h5>\n","protected":false},"featured_media":3146,"comment_status":"open","ping_status":"closed","template":"","meta":[],"product_brand":[],"product_cat":[45,20,140],"product_tag":[25,26,27],"class_list":{"0":"post-787","1":"product","2":"type-product","3":"status-publish","4":"has-post-thumbnail","6":"product_cat-produkty-na-zamowienie","7":"product_cat-sukienki-lniane","8":"product_cat-sukienki-dlugi-rekaw","9":"product_tag-len","10":"product_tag-sukienka","11":"product_tag-sukienka-lniana","12":"pa_kolor-kratka-vichy-len-100","13":"pa_kolor-len-30-wiskoza-70","14":"pa_kolor-koktajl-truskawkowy-150g-m2","15":"pa_kolor-malina","16":"pa_kolor-liliowy-170g-m2","17":"pa_kolor-pochmurne-niebo-170g-m2","18":"pa_kolor-zielen-trawiasta-170g-m2","19":"pa_kolor-czerwone-wino-150g-m2","20":"pa_kolor-sliwka-170g-m2","21":"pa_kolor-mleczna-czekolada-170g-m2","22":"pa_kolor-letnie-niebo-150g-m2","23":"pa_kolor-biel-170g-m2","24":"pa_kolor-paski-150g-m2-len-100","25":"pa_kolor-naturalny-150g-m2","26":"pa_kolor-fuksja","27":"pa_kolor-morelowy","28":"pa_kolor-chabrowy-150g-m2","29":"pa_kolor-karmel-170-g-m2","30":"pa_kolor-baby-blue-150g-m2","31":"pa_kolor-pudrowy-roz-150g-m2","32":"pa_kolor-arbuz-150g-m2","33":"pa_kolor-pudrowy-szary-170g-m2","34":"pa_kolor-cegla-150g-m2","35":"pa_kolor-ciemna-zielen-150g-m2","36":"pa_kolor-ciemny-niebieski-170g-m2","37":"pa_kolor-cynamon-150g-m2","38":"pa_kolor-czern-150g-m2","39":"pa_kolor-eukaliptus-150g-m2","40":"pa_kolor-khaki-150g-m2","41":"pa_kolor-melon-150g-m2","42":"pa_kolor-wrszos-150g-m2","43":"pa_kolor-stalowo-szary-170g-m2","44":"pa_kolor-wisnia-150g-m2","46":"entry","47":"has-media","49":"first","50":"instock","51":"taxable","52":"shipping-taxable","53":"purchasable","54":"product-type-variable","55":"wvs-archive-product-wrapper","56":"has-rating","57":"has-product-nav","58":"col","59":"span_1_of_4","60":"owp-content-center","61":"owp-thumbs-layout-horizontal","62":"owp-btn-big","63":"owp-tabs-layout-horizontal"},"yoast_head":"<!-- This site is optimized with the Yoast SEO plugin v27.0 - https:\/\/yoast.com\/product\/yoast-seo-wordpress\/ -->\n<title>Lniana sukienka SOPHIA - www.talja.pl<\/title>\n<meta name=\"description\" content=\"Sukienka lniana Sophia wykonana z najwy\u017cszej jako\u015bci tkaniny lnianej. Model dost\u0119pny w r\u00f3\u017cnych wersjach kolorystycznych. Sk\u0142ad : Len 100%\" \/>\n<meta name=\"robots\" content=\"index, follow, max-snippet:-1, max-image-preview:large, max-video-preview:-1\" \/>\n<link rel=\"canonical\" href=\"https:\/\/talja.pl\/index.php\/produkt\/lniana-sukienka-sophia\/\" \/>\n<meta property=\"og:locale\" content=\"pl_PL\" \/>\n<meta property=\"og:type\" content=\"article\" \/>\n<meta property=\"og:title\" content=\"Lniana sukienka SOPHIA - www.talja.pl\" \/>\n<meta property=\"og:description\" content=\"Sukienka lniana Sophia wykonana z najwy\u017cszej jako\u015bci tkaniny lnianej. Model dost\u0119pny w r\u00f3\u017cnych wersjach kolorystycznych. Sk\u0142ad : Len 100%\" \/>\n<meta property=\"og:url\" content=\"https:\/\/talja.pl\/index.php\/produkt\/lniana-sukienka-sophia\/\" \/>\n<meta property=\"og:site_name\" content=\"www.talja.pl\" \/>\n<meta property=\"article:publisher\" content=\"https:\/\/www.facebook.com\/Talja-418285408906660\/\" \/>\n<meta property=\"article:modified_time\" content=\"2026-03-24T05:56:59+00:00\" \/>\n<meta property=\"og:image\" content=\"https:\/\/talja.pl\/wp-content\/uploads\/2019\/09\/1080x1600.jpg\" \/>\n\t<meta property=\"og:image:width\" content=\"1080\" \/>\n\t<meta property=\"og:image:height\" content=\"1600\" \/>\n\t<meta property=\"og:image:type\" content=\"image\/jpeg\" \/>\n<meta name=\"twitter:card\" content=\"summary_large_image\" \/>\n<meta name=\"twitter:site\" content=\"@talja_pracownia\" \/>\n<meta name=\"twitter:label1\" content=\"Szacowany czas czytania\" \/>\n\t<meta name=\"twitter:data1\" content=\"2 minuty\" \/>\n<script type=\"application\/ld+json\" class=\"yoast-schema-graph\">{\"@context\":\"https:\/\/schema.org\",\"@graph\":[{\"@type\":\"WebPage\",\"@id\":\"https:\/\/talja.pl\/index.php\/produkt\/lniana-sukienka-sophia\/\",\"url\":\"https:\/\/talja.pl\/index.php\/produkt\/lniana-sukienka-sophia\/\",\"name\":\"Lniana sukienka SOPHIA - www.talja.pl\",\"isPartOf\":{\"@id\":\"https:\/\/talja.pl\/#website\"},\"primaryImageOfPage\":{\"@id\":\"https:\/\/talja.pl\/index.php\/produkt\/lniana-sukienka-sophia\/#primaryimage\"},\"image\":{\"@id\":\"https:\/\/talja.pl\/index.php\/produkt\/lniana-sukienka-sophia\/#primaryimage\"},\"thumbnailUrl\":\"https:\/\/talja.pl\/wp-content\/uploads\/2019\/09\/1080x1600.jpg\",\"datePublished\":\"2026-02-06T07:59:05+00:00\",\"dateModified\":\"2026-03-24T05:56:59+00:00\",\"description\":\"Sukienka lniana Sophia wykonana z najwy\u017cszej jako\u015bci tkaniny lnianej. Model dost\u0119pny w r\u00f3\u017cnych wersjach kolorystycznych. Sk\u0142ad : Len 100%\",\"breadcrumb\":{\"@id\":\"https:\/\/talja.pl\/index.php\/produkt\/lniana-sukienka-sophia\/#breadcrumb\"},\"inLanguage\":\"pl-PL\",\"potentialAction\":[{\"@type\":\"ReadAction\",\"target\":[\"https:\/\/talja.pl\/index.php\/produkt\/lniana-sukienka-sophia\/\"]}]},{\"@type\":\"ImageObject\",\"inLanguage\":\"pl-PL\",\"@id\":\"https:\/\/talja.pl\/index.php\/produkt\/lniana-sukienka-sophia\/#primaryimage\",\"url\":\"https:\/\/talja.pl\/wp-content\/uploads\/2019\/09\/1080x1600.jpg\",\"contentUrl\":\"https:\/\/talja.pl\/wp-content\/uploads\/2019\/09\/1080x1600.jpg\",\"width\":1080,\"height\":1600},{\"@type\":\"BreadcrumbList\",\"@id\":\"https:\/\/talja.pl\/index.php\/produkt\/lniana-sukienka-sophia\/#breadcrumb\",\"itemListElement\":[{\"@type\":\"ListItem\",\"position\":1,\"name\":\"Strona g\u0142\u00f3wna\",\"item\":\"https:\/\/talja.pl\/\"},{\"@type\":\"ListItem\",\"position\":2,\"name\":\"talja.pl\",\"item\":\"https:\/\/talja.pl\/index.php\/sklep\/\"},{\"@type\":\"ListItem\",\"position\":3,\"name\":\"Lniana sukienka SOPHIA\"}]},{\"@type\":\"WebSite\",\"@id\":\"https:\/\/talja.pl\/#website\",\"url\":\"https:\/\/talja.pl\/\",\"name\":\"www.talja.pl\",\"description\":\"\",\"publisher\":{\"@id\":\"https:\/\/talja.pl\/#organization\"},\"potentialAction\":[{\"@type\":\"SearchAction\",\"target\":{\"@type\":\"EntryPoint\",\"urlTemplate\":\"https:\/\/talja.pl\/?s={search_term_string}\"},\"query-input\":{\"@type\":\"PropertyValueSpecification\",\"valueRequired\":true,\"valueName\":\"search_term_string\"}}],\"inLanguage\":\"pl-PL\"},{\"@type\":\"Organization\",\"@id\":\"https:\/\/talja.pl\/#organization\",\"name\":\"Talja\",\"url\":\"https:\/\/talja.pl\/\",\"logo\":{\"@type\":\"ImageObject\",\"inLanguage\":\"pl-PL\",\"@id\":\"https:\/\/talja.pl\/#\/schema\/logo\/image\/\",\"url\":\"https:\/\/talja.pl\/wp-content\/uploads\/2019\/06\/baner-talja-2.jpg\",\"contentUrl\":\"https:\/\/talja.pl\/wp-content\/uploads\/2019\/06\/baner-talja-2.jpg\",\"width\":1300,\"height\":300,\"caption\":\"Talja\"},\"image\":{\"@id\":\"https:\/\/talja.pl\/#\/schema\/logo\/image\/\"},\"sameAs\":[\"https:\/\/www.facebook.com\/Talja-418285408906660\/\",\"https:\/\/x.com\/talja_pracownia\",\"https:\/\/www.instagram.com\/talja_pracownia\/\"]}]}<\/script>\n<!-- \/ Yoast SEO plugin. -->","yoast_head_json":{"title":"Lniana sukienka SOPHIA - www.talja.pl","description":"Sukienka lniana Sophia wykonana z najwy\u017cszej jako\u015bci tkaniny lnianej. Model dost\u0119pny w r\u00f3\u017cnych wersjach kolorystycznych. Sk\u0142ad : Len 100%","robots":{"index":"index","follow":"follow","max-snippet":"max-snippet:-1","max-image-preview":"max-image-preview:large","max-video-preview":"max-video-preview:-1"},"canonical":"https:\/\/talja.pl\/index.php\/produkt\/lniana-sukienka-sophia\/","og_locale":"pl_PL","og_type":"article","og_title":"Lniana sukienka SOPHIA - www.talja.pl","og_description":"Sukienka lniana Sophia wykonana z najwy\u017cszej jako\u015bci tkaniny lnianej. Model dost\u0119pny w r\u00f3\u017cnych wersjach kolorystycznych. Sk\u0142ad : Len 100%","og_url":"https:\/\/talja.pl\/index.php\/produkt\/lniana-sukienka-sophia\/","og_site_name":"www.talja.pl","article_publisher":"https:\/\/www.facebook.com\/Talja-418285408906660\/","article_modified_time":"2026-03-24T05:56:59+00:00","og_image":[{"width":1080,"height":1600,"url":"https:\/\/talja.pl\/wp-content\/uploads\/2019\/09\/1080x1600.jpg","type":"image\/jpeg"}],"twitter_card":"summary_large_image","twitter_site":"@talja_pracownia","twitter_misc":{"Szacowany czas czytania":"2 minuty"},"schema":{"@context":"https:\/\/schema.org","@graph":[{"@type":"WebPage","@id":"https:\/\/talja.pl\/index.php\/produkt\/lniana-sukienka-sophia\/","url":"https:\/\/talja.pl\/index.php\/produkt\/lniana-sukienka-sophia\/","name":"Lniana sukienka SOPHIA - www.talja.pl","isPartOf":{"@id":"https:\/\/talja.pl\/#website"},"primaryImageOfPage":{"@id":"https:\/\/talja.pl\/index.php\/produkt\/lniana-sukienka-sophia\/#primaryimage"},"image":{"@id":"https:\/\/talja.pl\/index.php\/produkt\/lniana-sukienka-sophia\/#primaryimage"},"thumbnailUrl":"https:\/\/talja.pl\/wp-content\/uploads\/2019\/09\/1080x1600.jpg","datePublished":"2026-02-06T07:59:05+00:00","dateModified":"2026-03-24T05:56:59+00:00","description":"Sukienka lniana Sophia wykonana z najwy\u017cszej jako\u015bci tkaniny lnianej. Model dost\u0119pny w r\u00f3\u017cnych wersjach kolorystycznych. Sk\u0142ad : Len 100%","breadcrumb":{"@id":"https:\/\/talja.pl\/index.php\/produkt\/lniana-sukienka-sophia\/#breadcrumb"},"inLanguage":"pl-PL","potentialAction":[{"@type":"ReadAction","target":["https:\/\/talja.pl\/index.php\/produkt\/lniana-sukienka-sophia\/"]}]},{"@type":"ImageObject","inLanguage":"pl-PL","@id":"https:\/\/talja.pl\/index.php\/produkt\/lniana-sukienka-sophia\/#primaryimage","url":"https:\/\/talja.pl\/wp-content\/uploads\/2019\/09\/1080x1600.jpg","contentUrl":"https:\/\/talja.pl\/wp-content\/uploads\/2019\/09\/1080x1600.jpg","width":1080,"height":1600},{"@type":"BreadcrumbList","@id":"https:\/\/talja.pl\/index.php\/produkt\/lniana-sukienka-sophia\/#breadcrumb","itemListElement":[{"@type":"ListItem","position":1,"name":"Strona g\u0142\u00f3wna","item":"https:\/\/talja.pl\/"},{"@type":"ListItem","position":2,"name":"talja.pl","item":"https:\/\/talja.pl\/index.php\/sklep\/"},{"@type":"ListItem","position":3,"name":"Lniana sukienka SOPHIA"}]},{"@type":"WebSite","@id":"https:\/\/talja.pl\/#website","url":"https:\/\/talja.pl\/","name":"www.talja.pl","description":"","publisher":{"@id":"https:\/\/talja.pl\/#organization"},"potentialAction":[{"@type":"SearchAction","target":{"@type":"EntryPoint","urlTemplate":"https:\/\/talja.pl\/?s={search_term_string}"},"query-input":{"@type":"PropertyValueSpecification","valueRequired":true,"valueName":"search_term_string"}}],"inLanguage":"pl-PL"},{"@type":"Organization","@id":"https:\/\/talja.pl\/#organization","name":"Talja","url":"https:\/\/talja.pl\/","logo":{"@type":"ImageObject","inLanguage":"pl-PL","@id":"https:\/\/talja.pl\/#\/schema\/logo\/image\/","url":"https:\/\/talja.pl\/wp-content\/uploads\/2019\/06\/baner-talja-2.jpg","contentUrl":"https:\/\/talja.pl\/wp-content\/uploads\/2019\/06\/baner-talja-2.jpg","width":1300,"height":300,"caption":"Talja"},"image":{"@id":"https:\/\/talja.pl\/#\/schema\/logo\/image\/"},"sameAs":["https:\/\/www.facebook.com\/Talja-418285408906660\/","https:\/\/x.com\/talja_pracownia","https:\/\/www.instagram.com\/talja_pracownia\/"]}]}},"_links":{"self":[{"href":"https:\/\/talja.pl\/index.php\/wp-json\/wp\/v2\/product\/787","targetHints":{"allow":["GET"]}}],"collection":[{"href":"https:\/\/talja.pl\/index.php\/wp-json\/wp\/v2\/product"}],"about":[{"href":"https:\/\/talja.pl\/index.php\/wp-json\/wp\/v2\/types\/product"}],"replies":[{"embeddable":true,"href":"https:\/\/talja.pl\/index.php\/wp-json\/wp\/v2\/comments?post=787"}],"version-history":[{"count":4,"href":"https:\/\/talja.pl\/index.php\/wp-json\/wp\/v2\/product\/787\/revisions"}],"predecessor-version":[{"id":3365,"href":"https:\/\/talja.pl\/index.php\/wp-json\/wp\/v2\/product\/787\/revisions\/3365"}],"wp:featuredmedia":[{"embeddable":true,"href":"https:\/\/talja.pl\/index.php\/wp-json\/wp\/v2\/media\/3146"}],"wp:attachment":[{"href":"https:\/\/talja.pl\/index.php\/wp-json\/wp\/v2\/media?parent=787"}],"wp:term":[{"taxonomy":"product_brand","embeddable":true,"href":"https:\/\/talja.pl\/index.php\/wp-json\/wp\/v2\/product_brand?post=787"},{"taxonomy":"product_cat","embeddable":true,"href":"https:\/\/talja.pl\/index.php\/wp-json\/wp\/v2\/product_cat?post=787"},{"taxonomy":"product_tag","embeddable":true,"href":"https:\/\/talja.pl\/index.php\/wp-json\/wp\/v2\/product_tag?post=787"}],"curies":[{"name":"wp","href":"https:\/\/api.w.org\/{rel}","templated":true}]}}