{"id":8224,"date":"2024-06-14T11:11:50","date_gmt":"2024-06-14T09:11:50","guid":{"rendered":"https:\/\/talja.pl\/?post_type=product&#038;p=8224"},"modified":"2026-04-29T12:51:08","modified_gmt":"2026-04-29T10:51:08","slug":"lniana-sukienka-helena-kolory-dostepne-od-reki","status":"publish","type":"product","link":"https:\/\/talja.pl\/index.php\/produkt\/lniana-sukienka-helena-kolory-dostepne-od-reki\/","title":{"rendered":"Lniana sukienka HELENA &#8211; kolory (wysy\u0142ka 48h)"},"content":{"rendered":"<p>Niezwykle zwiewna lniana sukienka z rozpinanymi guzikami kokosowymi. Posiada marszczony d\u00f3\u0142 i r\u0119kawki lubi\u0105ce wywini\u0119cia. Dodatkowe wi\u0105zanie znajduj\u0105ce si\u0119 w tylnej cz\u0119\u015bci talii pozwala na idealne jej dopasowanie. Estetyczne wyko\u0144czenie r\u0119kawk\u00f3w umo\u017cliwia noszenie ich zar\u00f3wno wywini\u0119tych jak i rozprostowanych. Guziczki wykonane z\u00a0 \u0142upiny kokosa s\u0105 ( naturalnie! ) w pe\u0142ni rozpinane .<\/p>\n<p>Sukienka dost\u0119pna jest w r\u00f3\u017cnych wersjach kolorystycznych oraz w a\u017c trzech d\u0142ugo\u015bciach do wyboru :\u00a0 short, regular oraz midi.<\/p>\n<p>Sk\u0142ad : len 100%<\/p>\n<p><strong>Model dost\u0119pny w a\u017c 20 r\u00f3\u017cnych wersjach kolorystycznych.\u00a0<\/strong>Wybierz ten, o kt\u00f3rym marzysz!\u00a0 Wiedz r\u00f3wnie\u017c, \u017ce wszystkie nasze lny s\u0105 produkcji polskiej oraz spe\u0142niaj\u0105 wymogi\u00a0 norm\u00a0<strong>OEKO TEX \u2013 Standard 100<\/strong>, co oznacza, \u017ce zosta\u0142y przebadane i nie zawieraj\u0105 \u015brodk\u00f3w szkodliwych zar\u00f3wno dla cz\u0142owieka jak i \u015brodowiska. Dodatkowo s\u0105 cudownie zmi\u0119kczane, a ten fakt z pewno\u015bci\u0105 doceni Twoja sk\u00f3ra.<\/p>\n<p>Sukienka dost\u0119pna jest w r\u00f3\u017cnych wersjach kolorystycznych oraz a\u017c w trzech d\u0142ugo\u015bciach do wyboru : short, regular oraz midi.<\/p>\n<p>Wymiary :<img fetchpriority=\"high\" decoding=\"async\" class=\"alignnone wp-image-279 \" src=\"https:\/\/talja.pl\/wp-content\/uploads\/2019\/05\/talja-wymiarydopasowane-e1606392159246-300x102.jpg\" alt=\"\" width=\"503\" height=\"171\" srcset=\"https:\/\/talja.pl\/wp-content\/uploads\/2019\/05\/talja-wymiarydopasowane-e1606392159246-300x102.jpg 300w, https:\/\/talja.pl\/wp-content\/uploads\/2019\/05\/talja-wymiarydopasowane-e1606392159246-100x34.jpg 100w, https:\/\/talja.pl\/wp-content\/uploads\/2019\/05\/talja-wymiarydopasowane-e1606392159246.jpg 756w\" sizes=\"(max-width: 503px) 100vw, 503px\" \/><\/p>\n<p><strong>D\u0142ugo\u015b\u0107 sukienki od talii do wyboru<\/strong> :<\/p>\n<p><strong>short :<\/strong> 55cm<\/p>\n<p><strong>regualar :<\/strong> 65cm<\/p>\n<p><strong>midi :<\/strong> 73cm<\/p>\n<p>Na zdj\u0119ciach sukienka prezentowana jest w kolorze pudrowego r\u00f3\u017cu oraz jasnej zieleni ( aktualnie niedost\u0119pnej, jej zamiennik to &#8221; eukaliptus&#8221; ) w rozmiarach S i d\u0142ugo\u015bci &#8221; midi&#8221; .<\/p>\n<h5><em>Ubrania z lnu traktuj delikatnie. Nie wybielaj, pierz w 30stopniach, odwirowuj w pralce na ni\u017cszych obrotach i prasuj max w 150st. Dbaj o nie a b\u0119d\u0105 Ci wdzi\u0119czne.<\/em><\/h5>\n","protected":false},"excerpt":{"rendered":"<p><strong>Co to oznacza, \u017ce sukienka jest dost\u0119pna od r\u0119ki? <\/strong><\/p>\n<p><em>Nie musisz specjalnie czeka\u0107 na uszycie sukienki. Sukienka jest uszyta, gotowa do wysy\u0142ki i dotrze do Ciebie bardzo szybko. Wysy\u0142amy do 48h od zaksi\u0119gowania p\u0142atno\u015bci na koncie.<\/em><\/p>\n<p><strong>Jakie rozmiary i kolory dost\u0119pne s\u0105 od r\u0119ki?<\/strong><\/p>\n<p><em>Dost\u0119pno\u015b\u0107 gotowych sukienek sprawdzisz wybieraj\u0105c z podanych poni\u017cej przycisk\u00f3w zawieraj\u0105cych rozmiar, kolor i d\u0142ugo\u015b\u0107 danej sukienki.<\/em><\/p>\n<hr \/>\n<p>Je\u015bli pragniesz zam\u00f3wi\u0107 inny rozmiar i kolor sukienki, zerknij<a href=\"https:\/\/talja.pl\/index.php\/produkt\/sukienka-lniana-helena-2\/\"> tutaj.<\/a><\/p>\n<p><strong>Sk\u0142ad : Len 100% , polskiej produkcji<\/strong><\/p>\n<p><span style=\"color: #ff0000;\"><em>Wysy\u0142ka\u00a0 : do 48h<\/em><\/span><\/p>\n<p>Wyprodukowano w <strong>kameralnej pracowni w Szczecinie. <\/strong>Zamawiaj\u0105c w Talji wspierasz polskie rzemios\u0142o.<\/p>\n","protected":false},"featured_media":6780,"comment_status":"closed","ping_status":"closed","template":"","meta":[],"product_brand":[],"product_cat":[37,32,20],"product_tag":[25,26,27],"class_list":{"0":"post-8224","1":"product","2":"type-product","3":"status-publish","4":"has-post-thumbnail","6":"product_cat-bestsellery","7":"product_cat-dostepne-od-reki","8":"product_cat-sukienki-lniane","9":"product_tag-len","10":"product_tag-sukienka","11":"product_tag-sukienka-lniana","12":"pa_kolor-kratka-vichy-len-100","13":"pa_kolor-pochmurne-niebo-170g-m2","14":"pa_kolor-sliwka-170g-m2","15":"pa_kolor-letnie-niebo-150g-m2","16":"pa_kolor-naturalny-150g-m2","17":"pa_kolor-chabrowy-150g-m2","18":"pa_kolor-pudrowy-roz-150g-m2","19":"pa_kolor-cegla-150g-m2","20":"pa_kolor-eukaliptus-150g-m2","21":"pa_kolor-khaki-150g-m2","22":"pa_kolor-melon-150g-m2","24":"entry","25":"has-media","27":"first","28":"instock","29":"taxable","30":"shipping-taxable","31":"purchasable","32":"product-type-variable","33":"wvs-archive-product-wrapper","34":"has-product-nav","35":"col","36":"span_1_of_4","37":"owp-content-center","38":"owp-thumbs-layout-horizontal","39":"owp-btn-big","40":"owp-tabs-layout-horizontal"},"yoast_head":"<!-- This site is optimized with the Yoast SEO plugin v27.0 - https:\/\/yoast.com\/product\/yoast-seo-wordpress\/ -->\n<title>Lniana sukienka HELENA - kolory (wysy\u0142ka 48h) - www.talja.pl<\/title>\n<meta name=\"description\" content=\"Sukienka lniana Helena wykonana z najwy\u017cszej jako\u015bci tkaniny lnianej. Model dost\u0119pny w r\u00f3\u017cnych wersjach kolorystycznych. Sk\u0142ad : Len 100%\" \/>\n<meta name=\"robots\" content=\"index, follow, max-snippet:-1, max-image-preview:large, max-video-preview:-1\" \/>\n<link rel=\"canonical\" href=\"https:\/\/talja.pl\/index.php\/produkt\/lniana-sukienka-helena-kolory-dostepne-od-reki\/\" \/>\n<meta property=\"og:locale\" content=\"pl_PL\" \/>\n<meta property=\"og:type\" content=\"article\" \/>\n<meta property=\"og:title\" content=\"Lniana sukienka HELENA - kolory (wysy\u0142ka 48h) - www.talja.pl\" \/>\n<meta property=\"og:description\" content=\"Sukienka lniana Helena wykonana z najwy\u017cszej jako\u015bci tkaniny lnianej. Model dost\u0119pny w r\u00f3\u017cnych wersjach kolorystycznych. Sk\u0142ad : Len 100%\" \/>\n<meta property=\"og:url\" content=\"https:\/\/talja.pl\/index.php\/produkt\/lniana-sukienka-helena-kolory-dostepne-od-reki\/\" \/>\n<meta property=\"og:site_name\" content=\"www.talja.pl\" \/>\n<meta property=\"article:publisher\" content=\"https:\/\/www.facebook.com\/Talja-418285408906660\/\" \/>\n<meta property=\"article:modified_time\" content=\"2026-04-29T10:51:08+00:00\" \/>\n<meta property=\"og:image\" content=\"https:\/\/talja.pl\/wp-content\/uploads\/2022\/08\/talja-lniana-sukienka-Helena.jpeg\" \/>\n\t<meta property=\"og:image:width\" content=\"1231\" \/>\n\t<meta property=\"og:image:height\" content=\"1825\" \/>\n\t<meta property=\"og:image:type\" content=\"image\/jpeg\" \/>\n<meta name=\"twitter:card\" content=\"summary_large_image\" \/>\n<meta name=\"twitter:site\" content=\"@talja_pracownia\" \/>\n<meta name=\"twitter:label1\" content=\"Szacowany czas czytania\" \/>\n\t<meta name=\"twitter:data1\" content=\"2 minuty\" \/>\n<script type=\"application\/ld+json\" class=\"yoast-schema-graph\">{\"@context\":\"https:\/\/schema.org\",\"@graph\":[{\"@type\":\"WebPage\",\"@id\":\"https:\/\/talja.pl\/index.php\/produkt\/lniana-sukienka-helena-kolory-dostepne-od-reki\/\",\"url\":\"https:\/\/talja.pl\/index.php\/produkt\/lniana-sukienka-helena-kolory-dostepne-od-reki\/\",\"name\":\"Lniana sukienka HELENA - kolory (wysy\u0142ka 48h) - www.talja.pl\",\"isPartOf\":{\"@id\":\"https:\/\/talja.pl\/#website\"},\"primaryImageOfPage\":{\"@id\":\"https:\/\/talja.pl\/index.php\/produkt\/lniana-sukienka-helena-kolory-dostepne-od-reki\/#primaryimage\"},\"image\":{\"@id\":\"https:\/\/talja.pl\/index.php\/produkt\/lniana-sukienka-helena-kolory-dostepne-od-reki\/#primaryimage\"},\"thumbnailUrl\":\"https:\/\/talja.pl\/wp-content\/uploads\/2022\/08\/talja-lniana-sukienka-Helena.jpeg\",\"datePublished\":\"2024-06-14T09:11:50+00:00\",\"dateModified\":\"2026-04-29T10:51:08+00:00\",\"description\":\"Sukienka lniana Helena wykonana z najwy\u017cszej jako\u015bci tkaniny lnianej. Model dost\u0119pny w r\u00f3\u017cnych wersjach kolorystycznych. Sk\u0142ad : Len 100%\",\"breadcrumb\":{\"@id\":\"https:\/\/talja.pl\/index.php\/produkt\/lniana-sukienka-helena-kolory-dostepne-od-reki\/#breadcrumb\"},\"inLanguage\":\"pl-PL\",\"potentialAction\":[{\"@type\":\"ReadAction\",\"target\":[\"https:\/\/talja.pl\/index.php\/produkt\/lniana-sukienka-helena-kolory-dostepne-od-reki\/\"]}]},{\"@type\":\"ImageObject\",\"inLanguage\":\"pl-PL\",\"@id\":\"https:\/\/talja.pl\/index.php\/produkt\/lniana-sukienka-helena-kolory-dostepne-od-reki\/#primaryimage\",\"url\":\"https:\/\/talja.pl\/wp-content\/uploads\/2022\/08\/talja-lniana-sukienka-Helena.jpeg\",\"contentUrl\":\"https:\/\/talja.pl\/wp-content\/uploads\/2022\/08\/talja-lniana-sukienka-Helena.jpeg\",\"width\":1231,\"height\":1825},{\"@type\":\"BreadcrumbList\",\"@id\":\"https:\/\/talja.pl\/index.php\/produkt\/lniana-sukienka-helena-kolory-dostepne-od-reki\/#breadcrumb\",\"itemListElement\":[{\"@type\":\"ListItem\",\"position\":1,\"name\":\"Strona g\u0142\u00f3wna\",\"item\":\"https:\/\/talja.pl\/\"},{\"@type\":\"ListItem\",\"position\":2,\"name\":\"talja.pl\",\"item\":\"https:\/\/talja.pl\/index.php\/sklep\/\"},{\"@type\":\"ListItem\",\"position\":3,\"name\":\"Lniana sukienka HELENA &#8211; kolory (wysy\u0142ka 48h)\"}]},{\"@type\":\"WebSite\",\"@id\":\"https:\/\/talja.pl\/#website\",\"url\":\"https:\/\/talja.pl\/\",\"name\":\"www.talja.pl\",\"description\":\"\",\"publisher\":{\"@id\":\"https:\/\/talja.pl\/#organization\"},\"potentialAction\":[{\"@type\":\"SearchAction\",\"target\":{\"@type\":\"EntryPoint\",\"urlTemplate\":\"https:\/\/talja.pl\/?s={search_term_string}\"},\"query-input\":{\"@type\":\"PropertyValueSpecification\",\"valueRequired\":true,\"valueName\":\"search_term_string\"}}],\"inLanguage\":\"pl-PL\"},{\"@type\":\"Organization\",\"@id\":\"https:\/\/talja.pl\/#organization\",\"name\":\"Talja\",\"url\":\"https:\/\/talja.pl\/\",\"logo\":{\"@type\":\"ImageObject\",\"inLanguage\":\"pl-PL\",\"@id\":\"https:\/\/talja.pl\/#\/schema\/logo\/image\/\",\"url\":\"https:\/\/talja.pl\/wp-content\/uploads\/2019\/06\/baner-talja-2.jpg\",\"contentUrl\":\"https:\/\/talja.pl\/wp-content\/uploads\/2019\/06\/baner-talja-2.jpg\",\"width\":1300,\"height\":300,\"caption\":\"Talja\"},\"image\":{\"@id\":\"https:\/\/talja.pl\/#\/schema\/logo\/image\/\"},\"sameAs\":[\"https:\/\/www.facebook.com\/Talja-418285408906660\/\",\"https:\/\/x.com\/talja_pracownia\",\"https:\/\/www.instagram.com\/talja_pracownia\/\"]}]}<\/script>\n<!-- \/ Yoast SEO plugin. -->","yoast_head_json":{"title":"Lniana sukienka HELENA - kolory (wysy\u0142ka 48h) - www.talja.pl","description":"Sukienka lniana Helena wykonana z najwy\u017cszej jako\u015bci tkaniny lnianej. Model dost\u0119pny w r\u00f3\u017cnych wersjach kolorystycznych. Sk\u0142ad : Len 100%","robots":{"index":"index","follow":"follow","max-snippet":"max-snippet:-1","max-image-preview":"max-image-preview:large","max-video-preview":"max-video-preview:-1"},"canonical":"https:\/\/talja.pl\/index.php\/produkt\/lniana-sukienka-helena-kolory-dostepne-od-reki\/","og_locale":"pl_PL","og_type":"article","og_title":"Lniana sukienka HELENA - kolory (wysy\u0142ka 48h) - www.talja.pl","og_description":"Sukienka lniana Helena wykonana z najwy\u017cszej jako\u015bci tkaniny lnianej. Model dost\u0119pny w r\u00f3\u017cnych wersjach kolorystycznych. Sk\u0142ad : Len 100%","og_url":"https:\/\/talja.pl\/index.php\/produkt\/lniana-sukienka-helena-kolory-dostepne-od-reki\/","og_site_name":"www.talja.pl","article_publisher":"https:\/\/www.facebook.com\/Talja-418285408906660\/","article_modified_time":"2026-04-29T10:51:08+00:00","og_image":[{"width":1231,"height":1825,"url":"https:\/\/talja.pl\/wp-content\/uploads\/2022\/08\/talja-lniana-sukienka-Helena.jpeg","type":"image\/jpeg"}],"twitter_card":"summary_large_image","twitter_site":"@talja_pracownia","twitter_misc":{"Szacowany czas czytania":"2 minuty"},"schema":{"@context":"https:\/\/schema.org","@graph":[{"@type":"WebPage","@id":"https:\/\/talja.pl\/index.php\/produkt\/lniana-sukienka-helena-kolory-dostepne-od-reki\/","url":"https:\/\/talja.pl\/index.php\/produkt\/lniana-sukienka-helena-kolory-dostepne-od-reki\/","name":"Lniana sukienka HELENA - kolory (wysy\u0142ka 48h) - www.talja.pl","isPartOf":{"@id":"https:\/\/talja.pl\/#website"},"primaryImageOfPage":{"@id":"https:\/\/talja.pl\/index.php\/produkt\/lniana-sukienka-helena-kolory-dostepne-od-reki\/#primaryimage"},"image":{"@id":"https:\/\/talja.pl\/index.php\/produkt\/lniana-sukienka-helena-kolory-dostepne-od-reki\/#primaryimage"},"thumbnailUrl":"https:\/\/talja.pl\/wp-content\/uploads\/2022\/08\/talja-lniana-sukienka-Helena.jpeg","datePublished":"2024-06-14T09:11:50+00:00","dateModified":"2026-04-29T10:51:08+00:00","description":"Sukienka lniana Helena wykonana z najwy\u017cszej jako\u015bci tkaniny lnianej. Model dost\u0119pny w r\u00f3\u017cnych wersjach kolorystycznych. Sk\u0142ad : Len 100%","breadcrumb":{"@id":"https:\/\/talja.pl\/index.php\/produkt\/lniana-sukienka-helena-kolory-dostepne-od-reki\/#breadcrumb"},"inLanguage":"pl-PL","potentialAction":[{"@type":"ReadAction","target":["https:\/\/talja.pl\/index.php\/produkt\/lniana-sukienka-helena-kolory-dostepne-od-reki\/"]}]},{"@type":"ImageObject","inLanguage":"pl-PL","@id":"https:\/\/talja.pl\/index.php\/produkt\/lniana-sukienka-helena-kolory-dostepne-od-reki\/#primaryimage","url":"https:\/\/talja.pl\/wp-content\/uploads\/2022\/08\/talja-lniana-sukienka-Helena.jpeg","contentUrl":"https:\/\/talja.pl\/wp-content\/uploads\/2022\/08\/talja-lniana-sukienka-Helena.jpeg","width":1231,"height":1825},{"@type":"BreadcrumbList","@id":"https:\/\/talja.pl\/index.php\/produkt\/lniana-sukienka-helena-kolory-dostepne-od-reki\/#breadcrumb","itemListElement":[{"@type":"ListItem","position":1,"name":"Strona g\u0142\u00f3wna","item":"https:\/\/talja.pl\/"},{"@type":"ListItem","position":2,"name":"talja.pl","item":"https:\/\/talja.pl\/index.php\/sklep\/"},{"@type":"ListItem","position":3,"name":"Lniana sukienka HELENA &#8211; kolory (wysy\u0142ka 48h)"}]},{"@type":"WebSite","@id":"https:\/\/talja.pl\/#website","url":"https:\/\/talja.pl\/","name":"www.talja.pl","description":"","publisher":{"@id":"https:\/\/talja.pl\/#organization"},"potentialAction":[{"@type":"SearchAction","target":{"@type":"EntryPoint","urlTemplate":"https:\/\/talja.pl\/?s={search_term_string}"},"query-input":{"@type":"PropertyValueSpecification","valueRequired":true,"valueName":"search_term_string"}}],"inLanguage":"pl-PL"},{"@type":"Organization","@id":"https:\/\/talja.pl\/#organization","name":"Talja","url":"https:\/\/talja.pl\/","logo":{"@type":"ImageObject","inLanguage":"pl-PL","@id":"https:\/\/talja.pl\/#\/schema\/logo\/image\/","url":"https:\/\/talja.pl\/wp-content\/uploads\/2019\/06\/baner-talja-2.jpg","contentUrl":"https:\/\/talja.pl\/wp-content\/uploads\/2019\/06\/baner-talja-2.jpg","width":1300,"height":300,"caption":"Talja"},"image":{"@id":"https:\/\/talja.pl\/#\/schema\/logo\/image\/"},"sameAs":["https:\/\/www.facebook.com\/Talja-418285408906660\/","https:\/\/x.com\/talja_pracownia","https:\/\/www.instagram.com\/talja_pracownia\/"]}]}},"_links":{"self":[{"href":"https:\/\/talja.pl\/index.php\/wp-json\/wp\/v2\/product\/8224","targetHints":{"allow":["GET"]}}],"collection":[{"href":"https:\/\/talja.pl\/index.php\/wp-json\/wp\/v2\/product"}],"about":[{"href":"https:\/\/talja.pl\/index.php\/wp-json\/wp\/v2\/types\/product"}],"replies":[{"embeddable":true,"href":"https:\/\/talja.pl\/index.php\/wp-json\/wp\/v2\/comments?post=8224"}],"version-history":[{"count":5,"href":"https:\/\/talja.pl\/index.php\/wp-json\/wp\/v2\/product\/8224\/revisions"}],"predecessor-version":[{"id":8235,"href":"https:\/\/talja.pl\/index.php\/wp-json\/wp\/v2\/product\/8224\/revisions\/8235"}],"wp:featuredmedia":[{"embeddable":true,"href":"https:\/\/talja.pl\/index.php\/wp-json\/wp\/v2\/media\/6780"}],"wp:attachment":[{"href":"https:\/\/talja.pl\/index.php\/wp-json\/wp\/v2\/media?parent=8224"}],"wp:term":[{"taxonomy":"product_brand","embeddable":true,"href":"https:\/\/talja.pl\/index.php\/wp-json\/wp\/v2\/product_brand?post=8224"},{"taxonomy":"product_cat","embeddable":true,"href":"https:\/\/talja.pl\/index.php\/wp-json\/wp\/v2\/product_cat?post=8224"},{"taxonomy":"product_tag","embeddable":true,"href":"https:\/\/talja.pl\/index.php\/wp-json\/wp\/v2\/product_tag?post=8224"}],"curies":[{"name":"wp","href":"https:\/\/api.w.org\/{rel}","templated":true}]}}