{"id":8248,"date":"2024-06-08T12:02:31","date_gmt":"2024-06-08T10:02:31","guid":{"rendered":"https:\/\/talja.pl\/?post_type=product&#038;p=8248"},"modified":"2026-02-03T11:24:15","modified_gmt":"2026-02-03T10:24:15","slug":"lniana-sukienka-summer-dostepne-od-reki","status":"publish","type":"product","link":"https:\/\/talja.pl\/index.php\/produkt\/lniana-sukienka-summer-dostepne-od-reki\/","title":{"rendered":"Lniana sukienka SUMMER MIDI- kolory (wysy\u0142ka 48h)"},"content":{"rendered":"<p>Lniana sukienka SUMMER na cienkich rami\u0105czkach to pozycja obowi\u0105zkowa na upalne dni.\u00a0 Lekka i przewiewna, uszyta w Polsce z najwy\u017cszej jako\u015bci tkaniny lnianej. Sukienka jest d\u0142ugo\u015bci MIDI , lub REGULAR. Dzi\u0119ki wi\u0105zanym rami\u0105czkom mo\u017cesz nosi\u0107 j\u0105 na kilka sposob\u00f3w : zawi\u0105\u017c rami\u0105czka w kokardki lub supe\u0142ki , z przodu, centralnie lub z ty\u0142u.\u00a0 Rami\u0105czka pozostaw d\u0142u\u017csze, lub kr\u00f3tsze &#8211; to Ty decydujesz finalnie o g\u0142\u0119boko\u015bci dekoltu na jak\u0105 masz w danej chwili ochot\u0119. Ponadto sukienka posiada po obu stronach rozci\u0119cia, kt\u00f3re przy ka\u017cdym ruchu dyskretnie eksponuj\u0105 nogi.<\/p>\n<p><strong>Za co j\u0105 pokochasz:\u00a0<\/strong><\/p>\n<ul>\n<li>dekolt w serek ( z przodu i z ty\u0142u)\u00a0 obszyty eleganckim, szerszym odszyciem;<\/li>\n<li>wi\u0105zane cienkie rami\u0105czka, dzi\u0119ki kt\u00f3rym dostosujesz g\u0142\u0119boko\u015b\u0107 dekoltu dok\u0142adnie tak, jak lubisz;<\/li>\n<li>modeluj\u0105ce zaszewki piersiowe;<\/li>\n<li>rozci\u0119cia po obu stronach sukienki pi\u0119knie eksponuj\u0105ce nogi;<\/li>\n<li>lu\u017any fason niekr\u0119puj\u0105cy ruch\u00f3w;<\/li>\n<li>delikatna, przewiewna, cudnie zmi\u0119kczana tkanina lniana &#8211; do wyboru masz <strong>ponad 20 kolor\u00f3w ln\u00f3w !\u00a0<\/strong><\/li>\n<li>dodatkowy lniany pasek ( pokazany na sukience w wersji cynamonowej)<\/li>\n<\/ul>\n<p>Sk\u0142ad : Len 100%<\/p>\n<p><strong>Model dost\u0119pny w a\u017c 20 r\u00f3\u017cnych wersjach kolorystycznych.\u00a0<\/strong>Wybierz ten, o kt\u00f3rym marzysz!\u00a0 Wiedz r\u00f3wnie\u017c, \u017ce wszystkie nasze lny s\u0105 produkcji polskiej oraz spe\u0142niaj\u0105 wymogi\u00a0 norm\u00a0<strong>OEKO TEX \u2013 Standard 100<\/strong>, co oznacza, \u017ce zosta\u0142y przebadane i nie zawieraj\u0105 \u015brodk\u00f3w szkodliwych zar\u00f3wno dla cz\u0142owieka jak i \u015brodowiska. Dodatkowo s\u0105 cudownie zmi\u0119kczane, a ten fakt z pewno\u015bci\u0105 doceni Twoja sk\u00f3ra.<\/p>\n","protected":false},"excerpt":{"rendered":"<p><strong>Co to oznacza, \u017ce sukienka jest dost\u0119pna od r\u0119ki? <\/strong><\/p>\n<p><em>Nie musisz specjalnie czeka\u0107 na uszycie sukienki. Sukienka jest uszyta, gotowa do wysy\u0142ki i dotrze do Ciebie bardzo szybko. Wysy\u0142amy do 48h od zaksi\u0119gowania p\u0142atno\u015bci na koncie.<\/em><\/p>\n<p><strong>Jakie rozmiary i kolory dost\u0119pne s\u0105 od r\u0119ki?<\/strong><\/p>\n<p><em>Dost\u0119pno\u015b\u0107 gotowych sukienek sprawdzisz wybieraj\u0105c z podanych poni\u017cej przycisk\u00f3w zawieraj\u0105cych rozmiar, kolor i d\u0142ugo\u015b\u0107 danej sukienki.<\/em><\/p>\n<p><strong>Sk\u0142ad : Len 100% , polskiej produkcji<\/strong><\/p>\n<p><span style=\"color: #ff0000;\"><em>Wysy\u0142ka\u00a0 : do 48h<\/em><\/span><\/p>\n<p>Wyprodukowano w <strong>kameralnej pracowni w Szczecinie. <\/strong>Zamawiaj\u0105c w Talji wspierasz polskie rzemios\u0142o.<\/p>\n","protected":false},"featured_media":9018,"comment_status":"closed","ping_status":"closed","template":"","meta":[],"product_brand":[],"product_cat":[32,20],"product_tag":[25,26],"class_list":{"0":"post-8248","1":"product","2":"type-product","3":"status-publish","4":"has-post-thumbnail","6":"product_cat-dostepne-od-reki","7":"product_cat-sukienki-lniane","8":"product_tag-len","9":"product_tag-sukienka","10":"pa_kolor-biel-170g-m2","11":"pa_kolor-ciemny-niebieski-170g-m2","12":"pa_kolor-cynamon-150g-m2","13":"pa_kolor-czern-150g-m2","15":"entry","16":"has-media","18":"first","19":"instock","20":"taxable","21":"shipping-taxable","22":"purchasable","23":"product-type-variable","24":"wvs-archive-product-wrapper","25":"has-product-nav","26":"col","27":"span_1_of_4","28":"owp-content-center","29":"owp-thumbs-layout-horizontal","30":"owp-btn-big","31":"owp-tabs-layout-horizontal"},"yoast_head":"<!-- This site is optimized with the Yoast SEO plugin v27.0 - https:\/\/yoast.com\/product\/yoast-seo-wordpress\/ -->\n<title>Lniana sukienka SUMMER MIDI- kolory (wysy\u0142ka 48h) - www.talja.pl<\/title>\n<meta name=\"description\" content=\"Lniana sukienka SUMMER na cienkich rami\u0105czkach to pozycja obowi\u0105zkowa na upalne dni.\u00a0 Lekka i przewiewna, uszyta w Polsce .\" \/>\n<meta name=\"robots\" content=\"index, follow, max-snippet:-1, max-image-preview:large, max-video-preview:-1\" \/>\n<link rel=\"canonical\" href=\"https:\/\/talja.pl\/index.php\/produkt\/lniana-sukienka-summer-dostepne-od-reki\/\" \/>\n<meta property=\"og:locale\" content=\"pl_PL\" \/>\n<meta property=\"og:type\" content=\"article\" \/>\n<meta property=\"og:title\" content=\"Lniana sukienka SUMMER MIDI- kolory (wysy\u0142ka 48h) - www.talja.pl\" \/>\n<meta property=\"og:description\" content=\"Lniana sukienka SUMMER na cienkich rami\u0105czkach to pozycja obowi\u0105zkowa na upalne dni.\u00a0 Lekka i przewiewna, uszyta w Polsce .\" \/>\n<meta property=\"og:url\" content=\"https:\/\/talja.pl\/index.php\/produkt\/lniana-sukienka-summer-dostepne-od-reki\/\" \/>\n<meta property=\"og:site_name\" content=\"www.talja.pl\" \/>\n<meta property=\"article:publisher\" content=\"https:\/\/www.facebook.com\/Talja-418285408906660\/\" \/>\n<meta property=\"article:modified_time\" content=\"2026-02-03T10:24:15+00:00\" \/>\n<meta property=\"og:image\" content=\"https:\/\/talja.pl\/wp-content\/uploads\/2022\/07\/Summer-Midi-fuksja.jpeg\" \/>\n\t<meta property=\"og:image:width\" content=\"873\" \/>\n\t<meta property=\"og:image:height\" content=\"1292\" \/>\n\t<meta property=\"og:image:type\" content=\"image\/jpeg\" \/>\n<meta name=\"twitter:card\" content=\"summary_large_image\" \/>\n<meta name=\"twitter:site\" content=\"@talja_pracownia\" \/>\n<meta name=\"twitter:label1\" content=\"Szacowany czas czytania\" \/>\n\t<meta name=\"twitter:data1\" content=\"2 minuty\" \/>\n<script type=\"application\/ld+json\" class=\"yoast-schema-graph\">{\"@context\":\"https:\/\/schema.org\",\"@graph\":[{\"@type\":\"WebPage\",\"@id\":\"https:\/\/talja.pl\/index.php\/produkt\/lniana-sukienka-summer-dostepne-od-reki\/\",\"url\":\"https:\/\/talja.pl\/index.php\/produkt\/lniana-sukienka-summer-dostepne-od-reki\/\",\"name\":\"Lniana sukienka SUMMER MIDI- kolory (wysy\u0142ka 48h) - www.talja.pl\",\"isPartOf\":{\"@id\":\"https:\/\/talja.pl\/#website\"},\"primaryImageOfPage\":{\"@id\":\"https:\/\/talja.pl\/index.php\/produkt\/lniana-sukienka-summer-dostepne-od-reki\/#primaryimage\"},\"image\":{\"@id\":\"https:\/\/talja.pl\/index.php\/produkt\/lniana-sukienka-summer-dostepne-od-reki\/#primaryimage\"},\"thumbnailUrl\":\"https:\/\/talja.pl\/wp-content\/uploads\/2022\/07\/Summer-Midi-fuksja.jpeg\",\"datePublished\":\"2024-06-08T10:02:31+00:00\",\"dateModified\":\"2026-02-03T10:24:15+00:00\",\"description\":\"Lniana sukienka SUMMER na cienkich rami\u0105czkach to pozycja obowi\u0105zkowa na upalne dni.\u00a0 Lekka i przewiewna, uszyta w Polsce .\",\"breadcrumb\":{\"@id\":\"https:\/\/talja.pl\/index.php\/produkt\/lniana-sukienka-summer-dostepne-od-reki\/#breadcrumb\"},\"inLanguage\":\"pl-PL\",\"potentialAction\":[{\"@type\":\"ReadAction\",\"target\":[\"https:\/\/talja.pl\/index.php\/produkt\/lniana-sukienka-summer-dostepne-od-reki\/\"]}]},{\"@type\":\"ImageObject\",\"inLanguage\":\"pl-PL\",\"@id\":\"https:\/\/talja.pl\/index.php\/produkt\/lniana-sukienka-summer-dostepne-od-reki\/#primaryimage\",\"url\":\"https:\/\/talja.pl\/wp-content\/uploads\/2022\/07\/Summer-Midi-fuksja.jpeg\",\"contentUrl\":\"https:\/\/talja.pl\/wp-content\/uploads\/2022\/07\/Summer-Midi-fuksja.jpeg\",\"width\":873,\"height\":1292},{\"@type\":\"BreadcrumbList\",\"@id\":\"https:\/\/talja.pl\/index.php\/produkt\/lniana-sukienka-summer-dostepne-od-reki\/#breadcrumb\",\"itemListElement\":[{\"@type\":\"ListItem\",\"position\":1,\"name\":\"Strona g\u0142\u00f3wna\",\"item\":\"https:\/\/talja.pl\/\"},{\"@type\":\"ListItem\",\"position\":2,\"name\":\"talja.pl\",\"item\":\"https:\/\/talja.pl\/index.php\/sklep\/\"},{\"@type\":\"ListItem\",\"position\":3,\"name\":\"Lniana sukienka SUMMER MIDI- kolory (wysy\u0142ka 48h)\"}]},{\"@type\":\"WebSite\",\"@id\":\"https:\/\/talja.pl\/#website\",\"url\":\"https:\/\/talja.pl\/\",\"name\":\"www.talja.pl\",\"description\":\"\",\"publisher\":{\"@id\":\"https:\/\/talja.pl\/#organization\"},\"potentialAction\":[{\"@type\":\"SearchAction\",\"target\":{\"@type\":\"EntryPoint\",\"urlTemplate\":\"https:\/\/talja.pl\/?s={search_term_string}\"},\"query-input\":{\"@type\":\"PropertyValueSpecification\",\"valueRequired\":true,\"valueName\":\"search_term_string\"}}],\"inLanguage\":\"pl-PL\"},{\"@type\":\"Organization\",\"@id\":\"https:\/\/talja.pl\/#organization\",\"name\":\"Talja\",\"url\":\"https:\/\/talja.pl\/\",\"logo\":{\"@type\":\"ImageObject\",\"inLanguage\":\"pl-PL\",\"@id\":\"https:\/\/talja.pl\/#\/schema\/logo\/image\/\",\"url\":\"https:\/\/talja.pl\/wp-content\/uploads\/2019\/06\/baner-talja-2.jpg\",\"contentUrl\":\"https:\/\/talja.pl\/wp-content\/uploads\/2019\/06\/baner-talja-2.jpg\",\"width\":1300,\"height\":300,\"caption\":\"Talja\"},\"image\":{\"@id\":\"https:\/\/talja.pl\/#\/schema\/logo\/image\/\"},\"sameAs\":[\"https:\/\/www.facebook.com\/Talja-418285408906660\/\",\"https:\/\/x.com\/talja_pracownia\",\"https:\/\/www.instagram.com\/talja_pracownia\/\"]}]}<\/script>\n<!-- \/ Yoast SEO plugin. -->","yoast_head_json":{"title":"Lniana sukienka SUMMER MIDI- kolory (wysy\u0142ka 48h) - www.talja.pl","description":"Lniana sukienka SUMMER na cienkich rami\u0105czkach to pozycja obowi\u0105zkowa na upalne dni.\u00a0 Lekka i przewiewna, uszyta w Polsce .","robots":{"index":"index","follow":"follow","max-snippet":"max-snippet:-1","max-image-preview":"max-image-preview:large","max-video-preview":"max-video-preview:-1"},"canonical":"https:\/\/talja.pl\/index.php\/produkt\/lniana-sukienka-summer-dostepne-od-reki\/","og_locale":"pl_PL","og_type":"article","og_title":"Lniana sukienka SUMMER MIDI- kolory (wysy\u0142ka 48h) - www.talja.pl","og_description":"Lniana sukienka SUMMER na cienkich rami\u0105czkach to pozycja obowi\u0105zkowa na upalne dni.\u00a0 Lekka i przewiewna, uszyta w Polsce .","og_url":"https:\/\/talja.pl\/index.php\/produkt\/lniana-sukienka-summer-dostepne-od-reki\/","og_site_name":"www.talja.pl","article_publisher":"https:\/\/www.facebook.com\/Talja-418285408906660\/","article_modified_time":"2026-02-03T10:24:15+00:00","og_image":[{"width":873,"height":1292,"url":"https:\/\/talja.pl\/wp-content\/uploads\/2022\/07\/Summer-Midi-fuksja.jpeg","type":"image\/jpeg"}],"twitter_card":"summary_large_image","twitter_site":"@talja_pracownia","twitter_misc":{"Szacowany czas czytania":"2 minuty"},"schema":{"@context":"https:\/\/schema.org","@graph":[{"@type":"WebPage","@id":"https:\/\/talja.pl\/index.php\/produkt\/lniana-sukienka-summer-dostepne-od-reki\/","url":"https:\/\/talja.pl\/index.php\/produkt\/lniana-sukienka-summer-dostepne-od-reki\/","name":"Lniana sukienka SUMMER MIDI- kolory (wysy\u0142ka 48h) - www.talja.pl","isPartOf":{"@id":"https:\/\/talja.pl\/#website"},"primaryImageOfPage":{"@id":"https:\/\/talja.pl\/index.php\/produkt\/lniana-sukienka-summer-dostepne-od-reki\/#primaryimage"},"image":{"@id":"https:\/\/talja.pl\/index.php\/produkt\/lniana-sukienka-summer-dostepne-od-reki\/#primaryimage"},"thumbnailUrl":"https:\/\/talja.pl\/wp-content\/uploads\/2022\/07\/Summer-Midi-fuksja.jpeg","datePublished":"2024-06-08T10:02:31+00:00","dateModified":"2026-02-03T10:24:15+00:00","description":"Lniana sukienka SUMMER na cienkich rami\u0105czkach to pozycja obowi\u0105zkowa na upalne dni.\u00a0 Lekka i przewiewna, uszyta w Polsce .","breadcrumb":{"@id":"https:\/\/talja.pl\/index.php\/produkt\/lniana-sukienka-summer-dostepne-od-reki\/#breadcrumb"},"inLanguage":"pl-PL","potentialAction":[{"@type":"ReadAction","target":["https:\/\/talja.pl\/index.php\/produkt\/lniana-sukienka-summer-dostepne-od-reki\/"]}]},{"@type":"ImageObject","inLanguage":"pl-PL","@id":"https:\/\/talja.pl\/index.php\/produkt\/lniana-sukienka-summer-dostepne-od-reki\/#primaryimage","url":"https:\/\/talja.pl\/wp-content\/uploads\/2022\/07\/Summer-Midi-fuksja.jpeg","contentUrl":"https:\/\/talja.pl\/wp-content\/uploads\/2022\/07\/Summer-Midi-fuksja.jpeg","width":873,"height":1292},{"@type":"BreadcrumbList","@id":"https:\/\/talja.pl\/index.php\/produkt\/lniana-sukienka-summer-dostepne-od-reki\/#breadcrumb","itemListElement":[{"@type":"ListItem","position":1,"name":"Strona g\u0142\u00f3wna","item":"https:\/\/talja.pl\/"},{"@type":"ListItem","position":2,"name":"talja.pl","item":"https:\/\/talja.pl\/index.php\/sklep\/"},{"@type":"ListItem","position":3,"name":"Lniana sukienka SUMMER MIDI- kolory (wysy\u0142ka 48h)"}]},{"@type":"WebSite","@id":"https:\/\/talja.pl\/#website","url":"https:\/\/talja.pl\/","name":"www.talja.pl","description":"","publisher":{"@id":"https:\/\/talja.pl\/#organization"},"potentialAction":[{"@type":"SearchAction","target":{"@type":"EntryPoint","urlTemplate":"https:\/\/talja.pl\/?s={search_term_string}"},"query-input":{"@type":"PropertyValueSpecification","valueRequired":true,"valueName":"search_term_string"}}],"inLanguage":"pl-PL"},{"@type":"Organization","@id":"https:\/\/talja.pl\/#organization","name":"Talja","url":"https:\/\/talja.pl\/","logo":{"@type":"ImageObject","inLanguage":"pl-PL","@id":"https:\/\/talja.pl\/#\/schema\/logo\/image\/","url":"https:\/\/talja.pl\/wp-content\/uploads\/2019\/06\/baner-talja-2.jpg","contentUrl":"https:\/\/talja.pl\/wp-content\/uploads\/2019\/06\/baner-talja-2.jpg","width":1300,"height":300,"caption":"Talja"},"image":{"@id":"https:\/\/talja.pl\/#\/schema\/logo\/image\/"},"sameAs":["https:\/\/www.facebook.com\/Talja-418285408906660\/","https:\/\/x.com\/talja_pracownia","https:\/\/www.instagram.com\/talja_pracownia\/"]}]}},"_links":{"self":[{"href":"https:\/\/talja.pl\/index.php\/wp-json\/wp\/v2\/product\/8248","targetHints":{"allow":["GET"]}}],"collection":[{"href":"https:\/\/talja.pl\/index.php\/wp-json\/wp\/v2\/product"}],"about":[{"href":"https:\/\/talja.pl\/index.php\/wp-json\/wp\/v2\/types\/product"}],"replies":[{"embeddable":true,"href":"https:\/\/talja.pl\/index.php\/wp-json\/wp\/v2\/comments?post=8248"}],"version-history":[{"count":5,"href":"https:\/\/talja.pl\/index.php\/wp-json\/wp\/v2\/product\/8248\/revisions"}],"predecessor-version":[{"id":8257,"href":"https:\/\/talja.pl\/index.php\/wp-json\/wp\/v2\/product\/8248\/revisions\/8257"}],"wp:featuredmedia":[{"embeddable":true,"href":"https:\/\/talja.pl\/index.php\/wp-json\/wp\/v2\/media\/9018"}],"wp:attachment":[{"href":"https:\/\/talja.pl\/index.php\/wp-json\/wp\/v2\/media?parent=8248"}],"wp:term":[{"taxonomy":"product_brand","embeddable":true,"href":"https:\/\/talja.pl\/index.php\/wp-json\/wp\/v2\/product_brand?post=8248"},{"taxonomy":"product_cat","embeddable":true,"href":"https:\/\/talja.pl\/index.php\/wp-json\/wp\/v2\/product_cat?post=8248"},{"taxonomy":"product_tag","embeddable":true,"href":"https:\/\/talja.pl\/index.php\/wp-json\/wp\/v2\/product_tag?post=8248"}],"curies":[{"name":"wp","href":"https:\/\/api.w.org\/{rel}","templated":true}]}}