{"id":8278,"date":"2024-06-13T13:58:56","date_gmt":"2024-06-13T11:58:56","guid":{"rendered":"https:\/\/talja.pl\/?post_type=product&#038;p=8278"},"modified":"2026-05-13T10:47:31","modified_gmt":"2026-05-13T08:47:31","slug":"lniana-sukienka-klara-kolory-dostepne-od-reki","status":"publish","type":"product","link":"https:\/\/talja.pl\/index.php\/produkt\/lniana-sukienka-klara-kolory-dostepne-od-reki\/","title":{"rendered":"Lniana sukienka KLARA &#8211; kolory (wysy\u0142ka 48h)"},"content":{"rendered":"<p>Lniana sukienka Klara to kwintesencja kobieco\u015bci w i\u015bcie letnim wydaniu. G\u0142\u0119bszy dekolt, du\u017ce kokosowe guziki, sporych rozmiar\u00f3w naszywane kieszenie, kt\u00f3re pomieszcz\u0105 wiele. Do tego sukienk\u0119 mo\u017cesz nosi\u0107 w dw\u00f3ch wariantach:\u00a0 z przewi\u0105zanym lnianym paskiem , b\u0105d\u017a te\u017c bez niego &#8211; wszystko to w zale\u017cno\u015bci od nastroju i upodoba\u0144. Sukienka zaprojektowana jest w taki spos\u00f3b, by nawet bez niego podkre\u015bla\u0107 Twoje kobiece atuty.<\/p>\n<p>Klara to lniana sukienka dost\u0119pna w r\u00f3\u017cnych wersjach kolorystycznych. Na zdj\u0119ciach w kolorach : bia\u0142y, pudrowy r\u00f3\u017c, wrzos, cynamon.<\/p>\n<p>Pasek sprzedawany jest razem z sukienk\u0105.<\/p>\n<p>Sk\u0142ad : len 100%<\/p>\n<p><strong>Model dost\u0119pny w ponad 20 r\u00f3\u017cnych wersjach kolorystycznych. <\/strong>Wybierz ten, o kt\u00f3rym marzysz!\u00a0 Wiedz r\u00f3wnie\u017c, \u017ce wszystkie nasze lny s\u0105 produkcji polskiej oraz spe\u0142niaj\u0105 wymogi\u00a0 norm\u00a0<strong>OEKO TEX \u2013 Standard 100<\/strong>, co oznacza, \u017ce zosta\u0142y przebadane i nie zawieraj\u0105 \u015brodk\u00f3w szkodliwych zar\u00f3wno dla cz\u0142owieka jak i \u015brodowiska. Dodatkowo s\u0105 cudownie zmi\u0119kczane, a ten fakt z pewno\u015bci\u0105 doceni Twoja sk\u00f3ra.<\/p>\n<h5><\/h5>\n<p>Wymiary sukienki na p\u0142asko:<\/p>\n<p><strong>S<\/strong><\/p>\n<p>pod pachami : 43cm<\/p>\n<p>talia : 37cm<\/p>\n<p><strong>M<\/strong><\/p>\n<p>pod pachami : 46cm<\/p>\n<p>talia : 40cm<\/p>\n<p><strong>L<\/strong><\/p>\n<p>pod pachami : 49cm<\/p>\n<p>talia : 43cm<\/p>\n<p><strong>XL<\/strong><\/p>\n<p>pod pachami : 52cm<\/p>\n<p>talia : 46<\/p>\n<hr \/>\n<p><strong>D\u0142ugo\u015b\u0107 sukienki od talii do wyboru<\/strong> :<\/p>\n<p><strong>short :<\/strong> 55cm<\/p>\n<p><strong>regualar :<\/strong> 65cm<\/p>\n<p><strong>midi :<\/strong> 73cm<\/p>\n<p>Natalia mierzy 173cm i nosi rozmiar S, d\u0142ugo\u015bci &#8221; midi&#8221; w kolorze lnu &#8220;bia\u0142ym&#8221;, Marysia nosi rozmiar S, d\u0142ugo\u015bci &#8221; midi&#8221; w kolorze lnu &#8221; cynamon&#8221;<\/p>\n<h5><em>Ubrania z lnu traktuj delikatnie. Nie wybielaj, pierz w 30stopniach, odwirowuj w pralce na ni\u017cszych obrotach i prasuj max w 150st. Dbaj o nie a b\u0119d\u0105 Ci wdzi\u0119czne.<\/em><\/h5>\n","protected":false},"excerpt":{"rendered":"<p><strong>Co to oznacza, \u017ce sukienka jest dost\u0119pna od r\u0119ki? <\/strong><\/p>\n<p><em>Nie musisz specjalnie czeka\u0107 na uszycie sukienki. Sukienka jest uszyta, gotowa do wysy\u0142ki i dotrze do Ciebie bardzo szybko. Wysy\u0142amy do 48h od zaksi\u0119gowania p\u0142atno\u015bci na koncie.<\/em><\/p>\n<p><strong>Jakie rozmiary i kolory dost\u0119pne s\u0105 od r\u0119ki?<\/strong><\/p>\n<p><em>Dost\u0119pno\u015b\u0107 gotowych sukienek sprawdzisz wybieraj\u0105c z podanych poni\u017cej przycisk\u00f3w zawieraj\u0105cych rozmiar, kolor i d\u0142ugo\u015b\u0107 danej sukienki.<\/em><\/p>\n<hr \/>\n<p>Je\u015bli pragniesz zam\u00f3wi\u0107 inny rozmiar i kolor sukienki, zerknij<a href=\"https:\/\/talja.pl\/index.php\/produkt\/lniana-sukienka-klara\/\"> tutaj.<\/a><\/p>\n<p><strong>Sk\u0142ad : Len 100% , polskiej produkcji<\/strong><\/p>\n<p><span style=\"color: #ff0000;\"><em>Wysy\u0142ka\u00a0 : do 48h<\/em><\/span><\/p>\n<p>Wyprodukowano w <strong>kameralnej pracowni w Szczecinie. <\/strong>Zamawiaj\u0105c w Talji wspierasz polskie rzemios\u0142o.<\/p>\n","protected":false},"featured_media":9016,"comment_status":"closed","ping_status":"closed","template":"","meta":[],"product_brand":[],"product_cat":[32,20],"product_tag":[25,26,27],"class_list":{"0":"post-8278","1":"product","2":"type-product","3":"status-publish","4":"has-post-thumbnail","6":"product_cat-dostepne-od-reki","7":"product_cat-sukienki-lniane","8":"product_tag-len","9":"product_tag-sukienka","10":"product_tag-sukienka-lniana","11":"pa_kolor-czerwone-wino-150g-m2","12":"pa_kolor-naturalny-150g-m2","13":"pa_kolor-chabrowy-150g-m2","14":"pa_kolor-baby-blue-150g-m2","15":"pa_kolor-arbuz-150g-m2","16":"pa_kolor-cynamon-150g-m2","17":"pa_kolor-eukaliptus-150g-m2","18":"pa_kolor-khaki-150g-m2","19":"pa_kolor-wrszos-150g-m2","21":"entry","22":"has-media","24":"first","25":"instock","26":"taxable","27":"shipping-taxable","28":"purchasable","29":"product-type-variable","30":"wvs-archive-product-wrapper","31":"has-product-nav","32":"col","33":"span_1_of_4","34":"owp-content-center","35":"owp-thumbs-layout-horizontal","36":"owp-btn-big","37":"owp-tabs-layout-horizontal"},"yoast_head":"<!-- This site is optimized with the Yoast SEO plugin v27.0 - https:\/\/yoast.com\/product\/yoast-seo-wordpress\/ -->\n<title>Lniana sukienka KLARA - kolory (wysy\u0142ka 48h) - www.talja.pl<\/title>\n<meta name=\"description\" content=\"Lniana sukienka Klara uszyta w kameralnej szczecinskiej pracowni lnianych sukienek. Dost\u0119pna w a\u017c 26 kolorach i trzech d\u0142ugo\u015bciach do wyboru !\" \/>\n<meta name=\"robots\" content=\"index, follow, max-snippet:-1, max-image-preview:large, max-video-preview:-1\" \/>\n<link rel=\"canonical\" href=\"https:\/\/talja.pl\/index.php\/produkt\/lniana-sukienka-klara-kolory-dostepne-od-reki\/\" \/>\n<meta property=\"og:locale\" content=\"pl_PL\" \/>\n<meta property=\"og:type\" content=\"article\" \/>\n<meta property=\"og:title\" content=\"Lniana sukienka KLARA - kolory (wysy\u0142ka 48h) - www.talja.pl\" \/>\n<meta property=\"og:description\" content=\"Lniana sukienka Klara uszyta w kameralnej szczecinskiej pracowni lnianych sukienek. Dost\u0119pna w a\u017c 26 kolorach i trzech d\u0142ugo\u015bciach do wyboru !\" \/>\n<meta property=\"og:url\" content=\"https:\/\/talja.pl\/index.php\/produkt\/lniana-sukienka-klara-kolory-dostepne-od-reki\/\" \/>\n<meta property=\"og:site_name\" content=\"www.talja.pl\" \/>\n<meta property=\"article:publisher\" content=\"https:\/\/www.facebook.com\/Talja-418285408906660\/\" \/>\n<meta property=\"article:modified_time\" content=\"2026-05-13T08:47:31+00:00\" \/>\n<meta property=\"og:image\" content=\"https:\/\/talja.pl\/wp-content\/uploads\/2022\/07\/01-e1699966810401.jpg\" \/>\n\t<meta property=\"og:image:width\" content=\"712\" \/>\n\t<meta property=\"og:image:height\" content=\"1056\" \/>\n\t<meta property=\"og:image:type\" content=\"image\/jpeg\" \/>\n<meta name=\"twitter:card\" content=\"summary_large_image\" \/>\n<meta name=\"twitter:site\" content=\"@talja_pracownia\" \/>\n<meta name=\"twitter:label1\" content=\"Szacowany czas czytania\" \/>\n\t<meta name=\"twitter:data1\" content=\"2 minuty\" \/>\n<script type=\"application\/ld+json\" class=\"yoast-schema-graph\">{\"@context\":\"https:\/\/schema.org\",\"@graph\":[{\"@type\":\"WebPage\",\"@id\":\"https:\/\/talja.pl\/index.php\/produkt\/lniana-sukienka-klara-kolory-dostepne-od-reki\/\",\"url\":\"https:\/\/talja.pl\/index.php\/produkt\/lniana-sukienka-klara-kolory-dostepne-od-reki\/\",\"name\":\"Lniana sukienka KLARA - kolory (wysy\u0142ka 48h) - www.talja.pl\",\"isPartOf\":{\"@id\":\"https:\/\/talja.pl\/#website\"},\"primaryImageOfPage\":{\"@id\":\"https:\/\/talja.pl\/index.php\/produkt\/lniana-sukienka-klara-kolory-dostepne-od-reki\/#primaryimage\"},\"image\":{\"@id\":\"https:\/\/talja.pl\/index.php\/produkt\/lniana-sukienka-klara-kolory-dostepne-od-reki\/#primaryimage\"},\"thumbnailUrl\":\"https:\/\/talja.pl\/wp-content\/uploads\/2022\/07\/01-e1699966810401.jpg\",\"datePublished\":\"2024-06-13T11:58:56+00:00\",\"dateModified\":\"2026-05-13T08:47:31+00:00\",\"description\":\"Lniana sukienka Klara uszyta w kameralnej szczecinskiej pracowni lnianych sukienek. Dost\u0119pna w a\u017c 26 kolorach i trzech d\u0142ugo\u015bciach do wyboru !\",\"breadcrumb\":{\"@id\":\"https:\/\/talja.pl\/index.php\/produkt\/lniana-sukienka-klara-kolory-dostepne-od-reki\/#breadcrumb\"},\"inLanguage\":\"pl-PL\",\"potentialAction\":[{\"@type\":\"ReadAction\",\"target\":[\"https:\/\/talja.pl\/index.php\/produkt\/lniana-sukienka-klara-kolory-dostepne-od-reki\/\"]}]},{\"@type\":\"ImageObject\",\"inLanguage\":\"pl-PL\",\"@id\":\"https:\/\/talja.pl\/index.php\/produkt\/lniana-sukienka-klara-kolory-dostepne-od-reki\/#primaryimage\",\"url\":\"https:\/\/talja.pl\/wp-content\/uploads\/2022\/07\/01-e1699966810401.jpg\",\"contentUrl\":\"https:\/\/talja.pl\/wp-content\/uploads\/2022\/07\/01-e1699966810401.jpg\",\"width\":712,\"height\":1056},{\"@type\":\"BreadcrumbList\",\"@id\":\"https:\/\/talja.pl\/index.php\/produkt\/lniana-sukienka-klara-kolory-dostepne-od-reki\/#breadcrumb\",\"itemListElement\":[{\"@type\":\"ListItem\",\"position\":1,\"name\":\"Strona g\u0142\u00f3wna\",\"item\":\"https:\/\/talja.pl\/\"},{\"@type\":\"ListItem\",\"position\":2,\"name\":\"talja.pl\",\"item\":\"https:\/\/talja.pl\/index.php\/sklep\/\"},{\"@type\":\"ListItem\",\"position\":3,\"name\":\"Lniana sukienka KLARA &#8211; kolory (wysy\u0142ka 48h)\"}]},{\"@type\":\"WebSite\",\"@id\":\"https:\/\/talja.pl\/#website\",\"url\":\"https:\/\/talja.pl\/\",\"name\":\"www.talja.pl\",\"description\":\"\",\"publisher\":{\"@id\":\"https:\/\/talja.pl\/#organization\"},\"potentialAction\":[{\"@type\":\"SearchAction\",\"target\":{\"@type\":\"EntryPoint\",\"urlTemplate\":\"https:\/\/talja.pl\/?s={search_term_string}\"},\"query-input\":{\"@type\":\"PropertyValueSpecification\",\"valueRequired\":true,\"valueName\":\"search_term_string\"}}],\"inLanguage\":\"pl-PL\"},{\"@type\":\"Organization\",\"@id\":\"https:\/\/talja.pl\/#organization\",\"name\":\"Talja\",\"url\":\"https:\/\/talja.pl\/\",\"logo\":{\"@type\":\"ImageObject\",\"inLanguage\":\"pl-PL\",\"@id\":\"https:\/\/talja.pl\/#\/schema\/logo\/image\/\",\"url\":\"https:\/\/talja.pl\/wp-content\/uploads\/2019\/06\/baner-talja-2.jpg\",\"contentUrl\":\"https:\/\/talja.pl\/wp-content\/uploads\/2019\/06\/baner-talja-2.jpg\",\"width\":1300,\"height\":300,\"caption\":\"Talja\"},\"image\":{\"@id\":\"https:\/\/talja.pl\/#\/schema\/logo\/image\/\"},\"sameAs\":[\"https:\/\/www.facebook.com\/Talja-418285408906660\/\",\"https:\/\/x.com\/talja_pracownia\",\"https:\/\/www.instagram.com\/talja_pracownia\/\"]}]}<\/script>\n<!-- \/ Yoast SEO plugin. -->","yoast_head_json":{"title":"Lniana sukienka KLARA - kolory (wysy\u0142ka 48h) - www.talja.pl","description":"Lniana sukienka Klara uszyta w kameralnej szczecinskiej pracowni lnianych sukienek. Dost\u0119pna w a\u017c 26 kolorach i trzech d\u0142ugo\u015bciach do wyboru !","robots":{"index":"index","follow":"follow","max-snippet":"max-snippet:-1","max-image-preview":"max-image-preview:large","max-video-preview":"max-video-preview:-1"},"canonical":"https:\/\/talja.pl\/index.php\/produkt\/lniana-sukienka-klara-kolory-dostepne-od-reki\/","og_locale":"pl_PL","og_type":"article","og_title":"Lniana sukienka KLARA - kolory (wysy\u0142ka 48h) - www.talja.pl","og_description":"Lniana sukienka Klara uszyta w kameralnej szczecinskiej pracowni lnianych sukienek. Dost\u0119pna w a\u017c 26 kolorach i trzech d\u0142ugo\u015bciach do wyboru !","og_url":"https:\/\/talja.pl\/index.php\/produkt\/lniana-sukienka-klara-kolory-dostepne-od-reki\/","og_site_name":"www.talja.pl","article_publisher":"https:\/\/www.facebook.com\/Talja-418285408906660\/","article_modified_time":"2026-05-13T08:47:31+00:00","og_image":[{"width":712,"height":1056,"url":"https:\/\/talja.pl\/wp-content\/uploads\/2022\/07\/01-e1699966810401.jpg","type":"image\/jpeg"}],"twitter_card":"summary_large_image","twitter_site":"@talja_pracownia","twitter_misc":{"Szacowany czas czytania":"2 minuty"},"schema":{"@context":"https:\/\/schema.org","@graph":[{"@type":"WebPage","@id":"https:\/\/talja.pl\/index.php\/produkt\/lniana-sukienka-klara-kolory-dostepne-od-reki\/","url":"https:\/\/talja.pl\/index.php\/produkt\/lniana-sukienka-klara-kolory-dostepne-od-reki\/","name":"Lniana sukienka KLARA - kolory (wysy\u0142ka 48h) - www.talja.pl","isPartOf":{"@id":"https:\/\/talja.pl\/#website"},"primaryImageOfPage":{"@id":"https:\/\/talja.pl\/index.php\/produkt\/lniana-sukienka-klara-kolory-dostepne-od-reki\/#primaryimage"},"image":{"@id":"https:\/\/talja.pl\/index.php\/produkt\/lniana-sukienka-klara-kolory-dostepne-od-reki\/#primaryimage"},"thumbnailUrl":"https:\/\/talja.pl\/wp-content\/uploads\/2022\/07\/01-e1699966810401.jpg","datePublished":"2024-06-13T11:58:56+00:00","dateModified":"2026-05-13T08:47:31+00:00","description":"Lniana sukienka Klara uszyta w kameralnej szczecinskiej pracowni lnianych sukienek. Dost\u0119pna w a\u017c 26 kolorach i trzech d\u0142ugo\u015bciach do wyboru !","breadcrumb":{"@id":"https:\/\/talja.pl\/index.php\/produkt\/lniana-sukienka-klara-kolory-dostepne-od-reki\/#breadcrumb"},"inLanguage":"pl-PL","potentialAction":[{"@type":"ReadAction","target":["https:\/\/talja.pl\/index.php\/produkt\/lniana-sukienka-klara-kolory-dostepne-od-reki\/"]}]},{"@type":"ImageObject","inLanguage":"pl-PL","@id":"https:\/\/talja.pl\/index.php\/produkt\/lniana-sukienka-klara-kolory-dostepne-od-reki\/#primaryimage","url":"https:\/\/talja.pl\/wp-content\/uploads\/2022\/07\/01-e1699966810401.jpg","contentUrl":"https:\/\/talja.pl\/wp-content\/uploads\/2022\/07\/01-e1699966810401.jpg","width":712,"height":1056},{"@type":"BreadcrumbList","@id":"https:\/\/talja.pl\/index.php\/produkt\/lniana-sukienka-klara-kolory-dostepne-od-reki\/#breadcrumb","itemListElement":[{"@type":"ListItem","position":1,"name":"Strona g\u0142\u00f3wna","item":"https:\/\/talja.pl\/"},{"@type":"ListItem","position":2,"name":"talja.pl","item":"https:\/\/talja.pl\/index.php\/sklep\/"},{"@type":"ListItem","position":3,"name":"Lniana sukienka KLARA &#8211; kolory (wysy\u0142ka 48h)"}]},{"@type":"WebSite","@id":"https:\/\/talja.pl\/#website","url":"https:\/\/talja.pl\/","name":"www.talja.pl","description":"","publisher":{"@id":"https:\/\/talja.pl\/#organization"},"potentialAction":[{"@type":"SearchAction","target":{"@type":"EntryPoint","urlTemplate":"https:\/\/talja.pl\/?s={search_term_string}"},"query-input":{"@type":"PropertyValueSpecification","valueRequired":true,"valueName":"search_term_string"}}],"inLanguage":"pl-PL"},{"@type":"Organization","@id":"https:\/\/talja.pl\/#organization","name":"Talja","url":"https:\/\/talja.pl\/","logo":{"@type":"ImageObject","inLanguage":"pl-PL","@id":"https:\/\/talja.pl\/#\/schema\/logo\/image\/","url":"https:\/\/talja.pl\/wp-content\/uploads\/2019\/06\/baner-talja-2.jpg","contentUrl":"https:\/\/talja.pl\/wp-content\/uploads\/2019\/06\/baner-talja-2.jpg","width":1300,"height":300,"caption":"Talja"},"image":{"@id":"https:\/\/talja.pl\/#\/schema\/logo\/image\/"},"sameAs":["https:\/\/www.facebook.com\/Talja-418285408906660\/","https:\/\/x.com\/talja_pracownia","https:\/\/www.instagram.com\/talja_pracownia\/"]}]}},"_links":{"self":[{"href":"https:\/\/talja.pl\/index.php\/wp-json\/wp\/v2\/product\/8278","targetHints":{"allow":["GET"]}}],"collection":[{"href":"https:\/\/talja.pl\/index.php\/wp-json\/wp\/v2\/product"}],"about":[{"href":"https:\/\/talja.pl\/index.php\/wp-json\/wp\/v2\/types\/product"}],"replies":[{"embeddable":true,"href":"https:\/\/talja.pl\/index.php\/wp-json\/wp\/v2\/comments?post=8278"}],"version-history":[{"count":4,"href":"https:\/\/talja.pl\/index.php\/wp-json\/wp\/v2\/product\/8278\/revisions"}],"predecessor-version":[{"id":8289,"href":"https:\/\/talja.pl\/index.php\/wp-json\/wp\/v2\/product\/8278\/revisions\/8289"}],"wp:featuredmedia":[{"embeddable":true,"href":"https:\/\/talja.pl\/index.php\/wp-json\/wp\/v2\/media\/9016"}],"wp:attachment":[{"href":"https:\/\/talja.pl\/index.php\/wp-json\/wp\/v2\/media?parent=8278"}],"wp:term":[{"taxonomy":"product_brand","embeddable":true,"href":"https:\/\/talja.pl\/index.php\/wp-json\/wp\/v2\/product_brand?post=8278"},{"taxonomy":"product_cat","embeddable":true,"href":"https:\/\/talja.pl\/index.php\/wp-json\/wp\/v2\/product_cat?post=8278"},{"taxonomy":"product_tag","embeddable":true,"href":"https:\/\/talja.pl\/index.php\/wp-json\/wp\/v2\/product_tag?post=8278"}],"curies":[{"name":"wp","href":"https:\/\/api.w.org\/{rel}","templated":true}]}}