{"id":84,"date":"2026-02-10T11:50:07","date_gmt":"2026-02-10T10:50:07","guid":{"rendered":"http:\/\/talja.pl\/?post_type=product&#038;p=84"},"modified":"2026-04-21T12:09:27","modified_gmt":"2026-04-21T10:09:27","slug":"sukienka-lniana-julia","status":"publish","type":"product","link":"https:\/\/talja.pl\/index.php\/produkt\/sukienka-lniana-julia\/","title":{"rendered":"Lniana sukienka JULIA"},"content":{"rendered":"<p>Sukienka dost\u0119pna jest w r\u00f3\u017cnych wersjach kolorystycznych .<\/p>\n<p><img fetchpriority=\"high\" decoding=\"async\" class=\"alignnone wp-image-279 \" src=\"https:\/\/talja.pl\/wp-content\/uploads\/2019\/05\/talja-wymiarydopasowane-e1606390610768-300x102.jpg\" alt=\"\" width=\"477\" height=\"162\" \/><\/p>\n<p><strong>D\u0142ugo\u015b\u0107 sukienki od talii do wyboru<\/strong> :<\/p>\n<p><strong>short :<\/strong> 55cm<\/p>\n<p><strong>regualar :<\/strong> 65cm<\/p>\n<p><strong>midi :<\/strong> 73cm<\/p>\n<p><img decoding=\"async\" class=\"size-medium wp-image-1631 alignleft\" src=\"https:\/\/talja.pl\/wp-content\/uploads\/2020\/02\/talja4-240x300.jpg\" alt=\"\" width=\"240\" height=\"300\" srcset=\"https:\/\/talja.pl\/wp-content\/uploads\/2020\/02\/talja4-240x300.jpg 240w, https:\/\/talja.pl\/wp-content\/uploads\/2020\/02\/talja4-100x125.jpg 100w, https:\/\/talja.pl\/wp-content\/uploads\/2020\/02\/talja4-300x375.jpg 300w, https:\/\/talja.pl\/wp-content\/uploads\/2020\/02\/talja4-768x960.jpg 768w, https:\/\/talja.pl\/wp-content\/uploads\/2020\/02\/talja4-819x1024.jpg 819w, https:\/\/talja.pl\/wp-content\/uploads\/2020\/02\/talja4.jpg 1000w\" sizes=\"(max-width: 240px) 100vw, 240px\" \/><\/p>\n<p>&nbsp;<\/p>\n<ul>\n<li>Natalia mierzy 173cm i nosi rozmiar S d\u0142ugo\u015bci &#8220;midi&#8221; .<\/li>\n<li>Marysia nosi rozmiar S, d\u0142ugo\u015bci \u201d midi\u201d w kolorze lnu \u201d ciemna ziele\u0144\u201d.<\/li>\n<\/ul>\n<p>Na zdj\u0119ciach sukienki w kolorach :\u00a0 wrzos, letnie niebo, biel, ciemna ziele\u0144 oraz granat \u00a0( niedost\u0119pny &#8211; aktualnie najbli\u017cszy mu &#8220;ciemny niebieski&#8221; )i malina.<\/p>\n<h5><em><strong>Dopasuj sukienk\u0119 pod siebie\u00a0<\/strong><\/em><\/h5>\n<h5>J<em>e\u015bli marzysz o wprowadzeniu pewnych zmian do sukienki, wystarczy \u017ce wykupisz dodatkow\u0105 opcj\u0119<a href=\"http:\/\/talja.pl\/index.php\/produkt\/personalizacja\/\">\u00a0\u201d PERSONALIZACJA \u201e<\/a>. Dzi\u0119ki tej opcji Twoja sukienka zyska niepowtarzalno\u015b\u0107 i indywidualny charakter. Mo\u017cesz bowiem zmieni\u0107 d\u0142ugo\u015b\u0107 sukienki, d\u0142ugo\u015b\u0107 r\u0119kawa, wielko\u015b\u0107 guzik\u00f3w, a tak\u017ce zdecydowa\u0107, by sukienka rozpinana by\u0142a nie tylko do talii, lecz po ca\u0142ej d\u0142ugo\u015bci.<\/em><\/h5>\n<h5><em>Ubrania z lnu traktuj delikatnie. Nie wybielaj, pierz w 30 stopniach, odwirowuj w pralce na ni\u017cszych obrotach i prasuj max w 150st. Dbaj o nie a b\u0119d\u0105 Ci wdzi\u0119czne.<\/em><\/h5>\n","protected":false},"excerpt":{"rendered":"<p>Sukienka lniana Julia.<\/p>\n<p>Niezwykle eteryczna lniana sukienka zapinana na kokosowe guziki z dekoltem w szpic. <strong>Dost\u0119pna w a\u017c trzech d\u0142ugo\u015bciach do wyboru : short, regular oraz midi.<\/strong>\u00a0 R\u0119kawki wyko\u0144czone romantycznymi falbankami dodaj\u0105 jej zwiewno\u015bci . Dodatkowe wi\u0105zanie znajduj\u0105ce si\u0119 w tylnej cz\u0119\u015bci talii pozwala na idealne jej dopasowanie. Pot\u0119ga kobieco\u015bci w jej najbardziej romantycznym wydaniu.<\/p>\n<p><strong>Model dost\u0119pny w r\u00f3\u017cnych wersjach kolorystycznych. <\/strong>Wybierz ten, o kt\u00f3rym marzysz.<\/p>\n<p>Sk\u0142ad : Len 100%<\/p>\n<p>Wszystkie nasze lny s\u0105 produkcji polskiej oraz spe\u0142niaj\u0105 wymogi\u00a0 norm\u00a0<strong>OEKO TEX \u2013 Standard 100<\/strong>, co oznacza, \u017ce zosta\u0142y przebadane i nie zawieraj\u0105 \u015brodk\u00f3w szkodliwych zar\u00f3wno dla cz\u0142owieka jak i \u015brodowiska. Dodatkowo s\u0105 cudownie zmi\u0119kczane, a ten fakt z pewno\u015bci\u0105 doceni Twoja sk\u00f3ra.<\/p>\n<h5>Wysy\u0142ka w : 5-14 dni roboczych . Pami\u0119taj : wszystkie lniane sukienki szyte s\u0105 przez nas dopiero po z\u0142o\u017ceniu zam\u00f3wienia. Daj nam czas na precyzyjn\u0105 realizacj\u0119 Twojego zam\u00f3wienia.<\/h5>\n","protected":false},"featured_media":3161,"comment_status":"open","ping_status":"closed","template":"","meta":[],"product_brand":[],"product_cat":[37,45,20],"product_tag":[25,26,27],"class_list":{"0":"post-84","1":"product","2":"type-product","3":"status-publish","4":"has-post-thumbnail","6":"product_cat-bestsellery","7":"product_cat-produkty-na-zamowienie","8":"product_cat-sukienki-lniane","9":"product_tag-len","10":"product_tag-sukienka","11":"product_tag-sukienka-lniana","12":"pa_kolor-kratka-vichy-len-100","13":"pa_kolor-len-30-wiskoza-70","14":"pa_kolor-koktajl-truskawkowy-150g-m2","15":"pa_kolor-malina","16":"pa_kolor-liliowy-170g-m2","17":"pa_kolor-pochmurne-niebo-170g-m2","18":"pa_kolor-zielen-trawiasta-170g-m2","19":"pa_kolor-czerwone-wino-150g-m2","20":"pa_kolor-sliwka-170g-m2","21":"pa_kolor-mleczna-czekolada-170g-m2","22":"pa_kolor-letnie-niebo-150g-m2","23":"pa_kolor-biel-170g-m2","24":"pa_kolor-paski-150g-m2-len-100","25":"pa_kolor-naturalny-150g-m2","26":"pa_kolor-fuksja","27":"pa_kolor-morelowy","28":"pa_kolor-chabrowy-150g-m2","29":"pa_kolor-karmel-170-g-m2","30":"pa_kolor-baby-blue-150g-m2","31":"pa_kolor-pudrowy-roz-150g-m2","32":"pa_kolor-arbuz-150g-m2","33":"pa_kolor-pudrowy-szary-170g-m2","34":"pa_kolor-cegla-150g-m2","35":"pa_kolor-ciemna-zielen-150g-m2","36":"pa_kolor-ciemny-niebieski-170g-m2","37":"pa_kolor-cynamon-150g-m2","38":"pa_kolor-czern-150g-m2","39":"pa_kolor-eukaliptus-150g-m2","40":"pa_kolor-khaki-150g-m2","41":"pa_kolor-melon-150g-m2","42":"pa_kolor-wrszos-150g-m2","43":"pa_kolor-stalowo-szary-170g-m2","44":"pa_kolor-wisnia-150g-m2","46":"entry","47":"has-media","49":"first","50":"instock","51":"taxable","52":"shipping-taxable","53":"purchasable","54":"product-type-variable","55":"wvs-archive-product-wrapper","56":"has-rating","57":"has-product-nav","58":"col","59":"span_1_of_4","60":"owp-content-center","61":"owp-thumbs-layout-horizontal","62":"owp-btn-big","63":"owp-tabs-layout-horizontal"},"yoast_head":"<!-- This site is optimized with the Yoast SEO plugin v27.0 - https:\/\/yoast.com\/product\/yoast-seo-wordpress\/ -->\n<title>Lniana sukienka JULIA - www.talja.pl<\/title>\n<meta name=\"robots\" content=\"index, follow, max-snippet:-1, max-image-preview:large, max-video-preview:-1\" \/>\n<link rel=\"canonical\" href=\"https:\/\/talja.pl\/index.php\/produkt\/sukienka-lniana-julia\/\" \/>\n<meta property=\"og:locale\" content=\"pl_PL\" \/>\n<meta property=\"og:type\" content=\"article\" \/>\n<meta property=\"og:title\" content=\"Lniana sukienka JULIA - www.talja.pl\" \/>\n<meta property=\"og:description\" content=\"Sukienka lniana Julia.  Niezwykle eteryczna lniana sukienka zapinana na kokosowe guziki z dekoltem w szpic. Dost\u0119pna w a\u017c trzech d\u0142ugo\u015bciach do wyboru : short, regular oraz midi.\u00a0 R\u0119kawki wyko\u0144czone romantycznymi falbankami dodaj\u0105 jej zwiewno\u015bci . Dodatkowe wi\u0105zanie znajduj\u0105ce si\u0119 w tylnej cz\u0119\u015bci talii pozwala na idealne jej dopasowanie. Pot\u0119ga kobieco\u015bci w jej najbardziej romantycznym wydaniu.  Model dost\u0119pny w r\u00f3\u017cnych wersjach kolorystycznych. Wybierz ten, o kt\u00f3rym marzysz.  Sk\u0142ad : Len 100%  Wszystkie nasze lny s\u0105 produkcji polskiej oraz spe\u0142niaj\u0105 wymogi\u00a0 norm\u00a0OEKO TEX \u2013 Standard 100, co oznacza, \u017ce zosta\u0142y przebadane i nie zawieraj\u0105 \u015brodk\u00f3w szkodliwych zar\u00f3wno dla cz\u0142owieka jak i \u015brodowiska. Dodatkowo s\u0105 cudownie zmi\u0119kczane, a ten fakt z pewno\u015bci\u0105 doceni Twoja sk\u00f3ra. Wysy\u0142ka w : 5-14 dni roboczych . Pami\u0119taj : wszystkie lniane sukienki szyte s\u0105 przez nas dopiero po z\u0142o\u017ceniu zam\u00f3wienia. Daj nam czas na precyzyjn\u0105 realizacj\u0119 Twojego zam\u00f3wienia.\" \/>\n<meta property=\"og:url\" content=\"https:\/\/talja.pl\/index.php\/produkt\/sukienka-lniana-julia\/\" \/>\n<meta property=\"og:site_name\" content=\"www.talja.pl\" \/>\n<meta property=\"article:publisher\" content=\"https:\/\/www.facebook.com\/Talja-418285408906660\/\" \/>\n<meta property=\"article:modified_time\" content=\"2026-04-21T10:09:27+00:00\" \/>\n<meta property=\"og:image\" content=\"https:\/\/talja.pl\/wp-content\/uploads\/2020\/07\/1080x1600.jpg\" \/>\n\t<meta property=\"og:image:width\" content=\"1080\" \/>\n\t<meta property=\"og:image:height\" content=\"1600\" \/>\n\t<meta property=\"og:image:type\" content=\"image\/jpeg\" \/>\n<meta name=\"twitter:card\" content=\"summary_large_image\" \/>\n<meta name=\"twitter:site\" content=\"@talja_pracownia\" \/>\n<meta name=\"twitter:label1\" content=\"Szacowany czas czytania\" \/>\n\t<meta name=\"twitter:data1\" content=\"2 minuty\" \/>\n<script type=\"application\/ld+json\" class=\"yoast-schema-graph\">{\"@context\":\"https:\/\/schema.org\",\"@graph\":[{\"@type\":\"WebPage\",\"@id\":\"https:\/\/talja.pl\/index.php\/produkt\/sukienka-lniana-julia\/\",\"url\":\"https:\/\/talja.pl\/index.php\/produkt\/sukienka-lniana-julia\/\",\"name\":\"Lniana sukienka JULIA - www.talja.pl\",\"isPartOf\":{\"@id\":\"https:\/\/talja.pl\/#website\"},\"primaryImageOfPage\":{\"@id\":\"https:\/\/talja.pl\/index.php\/produkt\/sukienka-lniana-julia\/#primaryimage\"},\"image\":{\"@id\":\"https:\/\/talja.pl\/index.php\/produkt\/sukienka-lniana-julia\/#primaryimage\"},\"thumbnailUrl\":\"https:\/\/talja.pl\/wp-content\/uploads\/2020\/07\/1080x1600.jpg\",\"datePublished\":\"2026-02-10T10:50:07+00:00\",\"dateModified\":\"2026-04-21T10:09:27+00:00\",\"breadcrumb\":{\"@id\":\"https:\/\/talja.pl\/index.php\/produkt\/sukienka-lniana-julia\/#breadcrumb\"},\"inLanguage\":\"pl-PL\",\"potentialAction\":[{\"@type\":\"ReadAction\",\"target\":[\"https:\/\/talja.pl\/index.php\/produkt\/sukienka-lniana-julia\/\"]}]},{\"@type\":\"ImageObject\",\"inLanguage\":\"pl-PL\",\"@id\":\"https:\/\/talja.pl\/index.php\/produkt\/sukienka-lniana-julia\/#primaryimage\",\"url\":\"https:\/\/talja.pl\/wp-content\/uploads\/2020\/07\/1080x1600.jpg\",\"contentUrl\":\"https:\/\/talja.pl\/wp-content\/uploads\/2020\/07\/1080x1600.jpg\",\"width\":1080,\"height\":1600},{\"@type\":\"BreadcrumbList\",\"@id\":\"https:\/\/talja.pl\/index.php\/produkt\/sukienka-lniana-julia\/#breadcrumb\",\"itemListElement\":[{\"@type\":\"ListItem\",\"position\":1,\"name\":\"Strona g\u0142\u00f3wna\",\"item\":\"https:\/\/talja.pl\/\"},{\"@type\":\"ListItem\",\"position\":2,\"name\":\"talja.pl\",\"item\":\"https:\/\/talja.pl\/index.php\/sklep\/\"},{\"@type\":\"ListItem\",\"position\":3,\"name\":\"Lniana sukienka JULIA\"}]},{\"@type\":\"WebSite\",\"@id\":\"https:\/\/talja.pl\/#website\",\"url\":\"https:\/\/talja.pl\/\",\"name\":\"www.talja.pl\",\"description\":\"\",\"publisher\":{\"@id\":\"https:\/\/talja.pl\/#organization\"},\"potentialAction\":[{\"@type\":\"SearchAction\",\"target\":{\"@type\":\"EntryPoint\",\"urlTemplate\":\"https:\/\/talja.pl\/?s={search_term_string}\"},\"query-input\":{\"@type\":\"PropertyValueSpecification\",\"valueRequired\":true,\"valueName\":\"search_term_string\"}}],\"inLanguage\":\"pl-PL\"},{\"@type\":\"Organization\",\"@id\":\"https:\/\/talja.pl\/#organization\",\"name\":\"Talja\",\"url\":\"https:\/\/talja.pl\/\",\"logo\":{\"@type\":\"ImageObject\",\"inLanguage\":\"pl-PL\",\"@id\":\"https:\/\/talja.pl\/#\/schema\/logo\/image\/\",\"url\":\"https:\/\/talja.pl\/wp-content\/uploads\/2019\/06\/baner-talja-2.jpg\",\"contentUrl\":\"https:\/\/talja.pl\/wp-content\/uploads\/2019\/06\/baner-talja-2.jpg\",\"width\":1300,\"height\":300,\"caption\":\"Talja\"},\"image\":{\"@id\":\"https:\/\/talja.pl\/#\/schema\/logo\/image\/\"},\"sameAs\":[\"https:\/\/www.facebook.com\/Talja-418285408906660\/\",\"https:\/\/x.com\/talja_pracownia\",\"https:\/\/www.instagram.com\/talja_pracownia\/\"]}]}<\/script>\n<!-- \/ Yoast SEO plugin. -->","yoast_head_json":{"title":"Lniana sukienka JULIA - www.talja.pl","robots":{"index":"index","follow":"follow","max-snippet":"max-snippet:-1","max-image-preview":"max-image-preview:large","max-video-preview":"max-video-preview:-1"},"canonical":"https:\/\/talja.pl\/index.php\/produkt\/sukienka-lniana-julia\/","og_locale":"pl_PL","og_type":"article","og_title":"Lniana sukienka JULIA - www.talja.pl","og_description":"Sukienka lniana Julia.  Niezwykle eteryczna lniana sukienka zapinana na kokosowe guziki z dekoltem w szpic. Dost\u0119pna w a\u017c trzech d\u0142ugo\u015bciach do wyboru : short, regular oraz midi.\u00a0 R\u0119kawki wyko\u0144czone romantycznymi falbankami dodaj\u0105 jej zwiewno\u015bci . Dodatkowe wi\u0105zanie znajduj\u0105ce si\u0119 w tylnej cz\u0119\u015bci talii pozwala na idealne jej dopasowanie. Pot\u0119ga kobieco\u015bci w jej najbardziej romantycznym wydaniu.  Model dost\u0119pny w r\u00f3\u017cnych wersjach kolorystycznych. Wybierz ten, o kt\u00f3rym marzysz.  Sk\u0142ad : Len 100%  Wszystkie nasze lny s\u0105 produkcji polskiej oraz spe\u0142niaj\u0105 wymogi\u00a0 norm\u00a0OEKO TEX \u2013 Standard 100, co oznacza, \u017ce zosta\u0142y przebadane i nie zawieraj\u0105 \u015brodk\u00f3w szkodliwych zar\u00f3wno dla cz\u0142owieka jak i \u015brodowiska. Dodatkowo s\u0105 cudownie zmi\u0119kczane, a ten fakt z pewno\u015bci\u0105 doceni Twoja sk\u00f3ra. Wysy\u0142ka w : 5-14 dni roboczych . Pami\u0119taj : wszystkie lniane sukienki szyte s\u0105 przez nas dopiero po z\u0142o\u017ceniu zam\u00f3wienia. Daj nam czas na precyzyjn\u0105 realizacj\u0119 Twojego zam\u00f3wienia.","og_url":"https:\/\/talja.pl\/index.php\/produkt\/sukienka-lniana-julia\/","og_site_name":"www.talja.pl","article_publisher":"https:\/\/www.facebook.com\/Talja-418285408906660\/","article_modified_time":"2026-04-21T10:09:27+00:00","og_image":[{"width":1080,"height":1600,"url":"https:\/\/talja.pl\/wp-content\/uploads\/2020\/07\/1080x1600.jpg","type":"image\/jpeg"}],"twitter_card":"summary_large_image","twitter_site":"@talja_pracownia","twitter_misc":{"Szacowany czas czytania":"2 minuty"},"schema":{"@context":"https:\/\/schema.org","@graph":[{"@type":"WebPage","@id":"https:\/\/talja.pl\/index.php\/produkt\/sukienka-lniana-julia\/","url":"https:\/\/talja.pl\/index.php\/produkt\/sukienka-lniana-julia\/","name":"Lniana sukienka JULIA - www.talja.pl","isPartOf":{"@id":"https:\/\/talja.pl\/#website"},"primaryImageOfPage":{"@id":"https:\/\/talja.pl\/index.php\/produkt\/sukienka-lniana-julia\/#primaryimage"},"image":{"@id":"https:\/\/talja.pl\/index.php\/produkt\/sukienka-lniana-julia\/#primaryimage"},"thumbnailUrl":"https:\/\/talja.pl\/wp-content\/uploads\/2020\/07\/1080x1600.jpg","datePublished":"2026-02-10T10:50:07+00:00","dateModified":"2026-04-21T10:09:27+00:00","breadcrumb":{"@id":"https:\/\/talja.pl\/index.php\/produkt\/sukienka-lniana-julia\/#breadcrumb"},"inLanguage":"pl-PL","potentialAction":[{"@type":"ReadAction","target":["https:\/\/talja.pl\/index.php\/produkt\/sukienka-lniana-julia\/"]}]},{"@type":"ImageObject","inLanguage":"pl-PL","@id":"https:\/\/talja.pl\/index.php\/produkt\/sukienka-lniana-julia\/#primaryimage","url":"https:\/\/talja.pl\/wp-content\/uploads\/2020\/07\/1080x1600.jpg","contentUrl":"https:\/\/talja.pl\/wp-content\/uploads\/2020\/07\/1080x1600.jpg","width":1080,"height":1600},{"@type":"BreadcrumbList","@id":"https:\/\/talja.pl\/index.php\/produkt\/sukienka-lniana-julia\/#breadcrumb","itemListElement":[{"@type":"ListItem","position":1,"name":"Strona g\u0142\u00f3wna","item":"https:\/\/talja.pl\/"},{"@type":"ListItem","position":2,"name":"talja.pl","item":"https:\/\/talja.pl\/index.php\/sklep\/"},{"@type":"ListItem","position":3,"name":"Lniana sukienka JULIA"}]},{"@type":"WebSite","@id":"https:\/\/talja.pl\/#website","url":"https:\/\/talja.pl\/","name":"www.talja.pl","description":"","publisher":{"@id":"https:\/\/talja.pl\/#organization"},"potentialAction":[{"@type":"SearchAction","target":{"@type":"EntryPoint","urlTemplate":"https:\/\/talja.pl\/?s={search_term_string}"},"query-input":{"@type":"PropertyValueSpecification","valueRequired":true,"valueName":"search_term_string"}}],"inLanguage":"pl-PL"},{"@type":"Organization","@id":"https:\/\/talja.pl\/#organization","name":"Talja","url":"https:\/\/talja.pl\/","logo":{"@type":"ImageObject","inLanguage":"pl-PL","@id":"https:\/\/talja.pl\/#\/schema\/logo\/image\/","url":"https:\/\/talja.pl\/wp-content\/uploads\/2019\/06\/baner-talja-2.jpg","contentUrl":"https:\/\/talja.pl\/wp-content\/uploads\/2019\/06\/baner-talja-2.jpg","width":1300,"height":300,"caption":"Talja"},"image":{"@id":"https:\/\/talja.pl\/#\/schema\/logo\/image\/"},"sameAs":["https:\/\/www.facebook.com\/Talja-418285408906660\/","https:\/\/x.com\/talja_pracownia","https:\/\/www.instagram.com\/talja_pracownia\/"]}]}},"_links":{"self":[{"href":"https:\/\/talja.pl\/index.php\/wp-json\/wp\/v2\/product\/84","targetHints":{"allow":["GET"]}}],"collection":[{"href":"https:\/\/talja.pl\/index.php\/wp-json\/wp\/v2\/product"}],"about":[{"href":"https:\/\/talja.pl\/index.php\/wp-json\/wp\/v2\/types\/product"}],"replies":[{"embeddable":true,"href":"https:\/\/talja.pl\/index.php\/wp-json\/wp\/v2\/comments?post=84"}],"version-history":[{"count":5,"href":"https:\/\/talja.pl\/index.php\/wp-json\/wp\/v2\/product\/84\/revisions"}],"predecessor-version":[{"id":115,"href":"https:\/\/talja.pl\/index.php\/wp-json\/wp\/v2\/product\/84\/revisions\/115"}],"wp:featuredmedia":[{"embeddable":true,"href":"https:\/\/talja.pl\/index.php\/wp-json\/wp\/v2\/media\/3161"}],"wp:attachment":[{"href":"https:\/\/talja.pl\/index.php\/wp-json\/wp\/v2\/media?parent=84"}],"wp:term":[{"taxonomy":"product_brand","embeddable":true,"href":"https:\/\/talja.pl\/index.php\/wp-json\/wp\/v2\/product_brand?post=84"},{"taxonomy":"product_cat","embeddable":true,"href":"https:\/\/talja.pl\/index.php\/wp-json\/wp\/v2\/product_cat?post=84"},{"taxonomy":"product_tag","embeddable":true,"href":"https:\/\/talja.pl\/index.php\/wp-json\/wp\/v2\/product_tag?post=84"}],"curies":[{"name":"wp","href":"https:\/\/api.w.org\/{rel}","templated":true}]}}