{"id":8825,"date":"2026-02-07T09:57:00","date_gmt":"2026-02-07T08:57:00","guid":{"rendered":"https:\/\/talja.pl\/?post_type=product&#038;p=8825"},"modified":"2026-03-17T12:16:40","modified_gmt":"2026-03-17T11:16:40","slug":"lniana-koszula-amelia","status":"publish","type":"product","link":"https:\/\/talja.pl\/index.php\/produkt\/lniana-koszula-amelia\/","title":{"rendered":"Lniana koszula AMELIA"},"content":{"rendered":"<h4><strong><img fetchpriority=\"high\" decoding=\"async\" class=\"alignleft wp-image-8836 size-medium\" src=\"https:\/\/talja.pl\/wp-content\/uploads\/2023\/10\/talja-lniana-koszula-m641A0861-200x300.jpg\" alt=\"talja lniana koszula Amelia\" width=\"200\" height=\"300\" \/>Lniana koszula AMELIA<br \/>\n<\/strong><\/h4>\n<p>AMELIA to lniana koszula, kt\u00f3rej urok drzemie\u00a0 w detalach. Zaprojektowana, by nawi\u0105zywa\u0107 do klimat\u00f3w vintage lecz w unowocze\u015bnionym wydaniu. Zachwycaj\u0105cy ko\u0142nierz i mankieciki z uroczymi falbankami, oblekane r\u0119cznie lnem guziczki &#8211; przyjrzyj si\u0119 jej z bliska, a poznasz prawdziwy kunszt rzemios\u0142a!<\/p>\n<h4><strong>Za co j\u0105 pokochasz?\u00a0<\/strong><\/h4>\n<ul>\n<li>za mo\u017cliwo\u015b\u0107 uszycia jej\u00a0<strong>w jednym z a\u017c 27 dost\u0119pnych kolor\u00f3w ln\u00f3w ( 100%len &#8211; zmi\u0119kczany)\u00a0<\/strong><\/li>\n<li>nieco lu\u017aniejszy kr\u00f3j (lecz dopasowany w biu\u015bcie zaszewkami piersiowymi), kt\u00f3ry zapewni Ci swobod\u0119 ruchu i oddechu,<\/li>\n<li><strong>pi\u0119kny, poka\u017anych rozmiar\u00f3w ko\u0142nierz z uroczymi falbankami<\/strong> + mankieciki z tymi samymi falbankami : to detale, wobec kt\u00f3rych nie spos\u00f3b przej\u015b\u0107 oboj\u0119tnie<\/li>\n<li><strong>koszula b\u0119dzie idealna zar\u00f3wno na te bardziej wymagaj\u0105ce uroczysto\u015bci jak i na co dzie\u0144<\/strong> ( wystarczy, \u017ce za\u0142o\u017cysz do niej jeansy + mokasyny)<\/li>\n<li>r\u0119cznie oblekane lnem guziki<\/li>\n<li>asymetryczny, lekko wyd\u0142u\u017cony w tyle kr\u00f3j ( element nowoczesno\u015bci)<\/li>\n<li>uszycie z dba\u0142o\u015bci\u0105 w niewielkiej manufakturze w Szczecinie; wspierasz polskie rzemios\u0142o!<\/li>\n<\/ul>\n<h4><strong>Sk\u0142ad\u00a0<\/strong><\/h4>\n<p>len 100%, cudownie zmi\u0119kczany ; produkcji polskiej. Do wyboru w wielu kolorach !<\/p>\n<h4><strong><img decoding=\"async\" class=\"wp-image-5333 size-medium alignleft\" src=\"https:\/\/talja.pl\/wp-content\/uploads\/2022\/04\/Certyfikat-Oeko-Tex-standard-100-e1698257301591-300x119.png\" alt=\"\" width=\"300\" height=\"119\" \/><\/strong><\/h4>\n<p>&nbsp;<\/p>\n<p>&nbsp;<\/p>\n<h4><\/h4>\n<p>&nbsp;<\/p>\n<h4><strong>Rozmiar\u00a0<\/strong><\/h4>\n<p><img decoding=\"async\" class=\"alignnone size-full wp-image-8849\" src=\"https:\/\/talja.pl\/wp-content\/uploads\/2023\/10\/AMELIA-wymiary.png\" alt=\"\" width=\"521\" height=\"158\" srcset=\"https:\/\/talja.pl\/wp-content\/uploads\/2023\/10\/AMELIA-wymiary.png 521w, https:\/\/talja.pl\/wp-content\/uploads\/2023\/10\/AMELIA-wymiary-300x91.png 300w\" sizes=\"(max-width: 521px) 100vw, 521px\" \/><\/p>\n<p>Natalia ( 173cm ) prezentuje koszule w rozmiarach S\/M w kolorach &#8220;naturalny&#8221; oraz &#8221; wi\u015bnia&#8221;.<\/p>\n<p>AMELIA pi\u0119knie si\u0119 komponuje z nasz\u0105 sp\u00f3dnic\u0105 z p\u00f3\u0142kola w wersji MINI <a href=\"https:\/\/talja.pl\/index.php\/produkt\/lniana-spodnica-z-polkola-kolory\/\">klik.<\/a> Spr\u00f3buj sama!<\/p>\n<p>Je\u015bli masz problem z doborem rozmiaru, czy koloru lnu &#8211; napisz do nas na kontakt@talja.pl \u2013 ch\u0119tnie pomo\u017cemy!<\/p>\n<h4><strong>Piel\u0119gnacja\u00a0<\/strong><\/h4>\n<p>Ubrania z lnu traktuj delikatnie. Nie wybielaj, pierz w 30 stopniach, odwirowuj w pralce na ni\u017cszych obrotach i prasuj max w 150st. Dbaj o nie a b\u0119d\u0105 Ci wdzi\u0119czne.<\/p>\n<h4><strong>Personalizacja<\/strong><\/h4>\n<p>Je\u015bli marzysz o wprowadzeniu pewnych zmian do koszuli, wystarczy \u017ce wykupisz dodatkow\u0105 opcj\u0119<a href=\"https:\/\/talja.pl\/index.php\/produkt\/personalizacja\/\">\u00a0<strong>\u201d PERSONALIZACJA \u201e<\/strong><\/a>. Dzi\u0119ki tej opcji Twoja koszula zyska niepowtarzalno\u015b\u0107 i indywidualny charakter. Przyk\u0142adowe mo\u017cliwo\u015bci zmian w koszuli jakie mo\u017cemy dokona\u0107 : zmiana wymiar\u00f3w, rezygnacja z falbanek, zmiana guzik\u00f3w itp \ud83d\ude42 Skontaktuj si\u0119 z nami\u00a0 mailowo : kontakt@talja.pl . Razem z pewno\u015bci\u0105 wyczarujemy koszul\u0119 Twoich marze\u0144!<\/p>\n<p>&nbsp;<\/p>\n<p>Na zdj\u0119ciach\u00a0 koszule w kolorach &#8220;wi\u015bnia&#8221; oraz &#8220;naturalny&#8221; , je\u015bli chcesz dowiedzie\u0107 si\u0119 wi\u0119cej o kolorach, z jakich szyjemy w pracowni &#8211; zerknij<a href=\"https:\/\/talja.pl\/index.php\/kolory-lnow\/\"> tutaj<\/a> .<\/p>\n","protected":false},"excerpt":{"rendered":"<h4><strong>Sk\u0142ad : len 100%, polskiej produkcji<\/strong>.<\/h4>\n<p><strong>Lniana koszula AMELIA szyta w szczeci\u0144skiej pracowni. Dost\u0119pna w a\u017c 27 kolorach zmi\u0119kczanych ln\u00f3w.<\/strong><\/p>\n<p><em>Wysy\u0142ka w : Pojedyncze sztuki dost\u0119pne od r\u0119ki \u2013 wysy\u0142amy do 48h, pozosta\u0142e wyszywamy po z\u0142o\u017ceniu zam\u00f3wienia i wysy\u0142amy w 5-10 dni roboczych ( zam\u00f3wienia takie mo\u017cesz oczywi\u015bcie zwr\u00f3ci\u0107 w przeci\u0105gu 14 dni od otrzymania przesy\u0142ki)<\/em><\/p>\n<p>&nbsp;<\/p>\n","protected":false},"featured_media":8827,"comment_status":"open","ping_status":"closed","template":"","meta":[],"product_brand":[],"product_cat":[39,45],"product_tag":[40,84,25],"class_list":{"0":"post-8825","1":"product","2":"type-product","3":"status-publish","4":"has-post-thumbnail","6":"product_cat-koszule-i-swetry","7":"product_cat-produkty-na-zamowienie","8":"product_tag-bluzka","9":"product_tag-koszula","10":"product_tag-len","11":"pa_kolor-kratka-vichy-len-100","12":"pa_kolor-koktajl-truskawkowy-150g-m2","13":"pa_kolor-malina","14":"pa_kolor-liliowy-170g-m2","15":"pa_kolor-pochmurne-niebo-170g-m2","16":"pa_kolor-zielen-trawiasta-170g-m2","17":"pa_kolor-czerwone-wino-150g-m2","18":"pa_kolor-sliwka-170g-m2","19":"pa_kolor-mleczna-czekolada-170g-m2","20":"pa_kolor-letnie-niebo-150g-m2","21":"pa_kolor-biel-170g-m2","22":"pa_kolor-paski-150g-m2-len-100","23":"pa_kolor-naturalny-150g-m2","24":"pa_kolor-morelowy","25":"pa_kolor-chabrowy-150g-m2","26":"pa_kolor-karmel-170-g-m2","27":"pa_kolor-baby-blue-150g-m2","28":"pa_kolor-pudrowy-roz-150g-m2","29":"pa_kolor-arbuz-150g-m2","30":"pa_kolor-pudrowy-szary-170g-m2","31":"pa_kolor-cegla-150g-m2","32":"pa_kolor-ciemna-zielen-150g-m2","33":"pa_kolor-ciemny-niebieski-170g-m2","34":"pa_kolor-cynamon-150g-m2","35":"pa_kolor-czern-150g-m2","36":"pa_kolor-eukaliptus-150g-m2","37":"pa_kolor-khaki-150g-m2","38":"pa_kolor-melon-150g-m2","39":"pa_kolor-wrszos-150g-m2","40":"pa_kolor-stalowo-szary-170g-m2","41":"pa_kolor-wisnia-150g-m2","43":"entry","44":"has-media","46":"first","47":"instock","48":"taxable","49":"shipping-taxable","50":"purchasable","51":"product-type-variable","52":"wvs-archive-product-wrapper","53":"has-rating","54":"has-product-nav","55":"col","56":"span_1_of_4","57":"owp-content-center","58":"owp-thumbs-layout-horizontal","59":"owp-btn-big","60":"owp-tabs-layout-horizontal"},"yoast_head":"<!-- This site is optimized with the Yoast SEO plugin v27.0 - https:\/\/yoast.com\/product\/yoast-seo-wordpress\/ -->\n<title>Lniana koszula AMELIA - www.talja.pl<\/title>\n<meta name=\"description\" content=\"Lniana koszula AMELIA to koszula o niezwyk\u0142ym uroku drzemi\u0105cym w detalach: zachwycaj\u0105cy vintage ko\u0142nierz z falbankami, r\u0119cznie oblekane lnem guziczki...\" \/>\n<meta name=\"robots\" content=\"index, follow, max-snippet:-1, max-image-preview:large, max-video-preview:-1\" \/>\n<link rel=\"canonical\" href=\"https:\/\/talja.pl\/index.php\/produkt\/lniana-koszula-amelia\/\" \/>\n<meta property=\"og:locale\" content=\"pl_PL\" \/>\n<meta property=\"og:type\" content=\"article\" \/>\n<meta property=\"og:title\" content=\"Lniana koszula AMELIA - www.talja.pl\" \/>\n<meta property=\"og:description\" content=\"Lniana koszula AMELIA to koszula o niezwyk\u0142ym uroku drzemi\u0105cym w detalach: zachwycaj\u0105cy vintage ko\u0142nierz z falbankami, r\u0119cznie oblekane lnem guziczki...\" \/>\n<meta property=\"og:url\" content=\"https:\/\/talja.pl\/index.php\/produkt\/lniana-koszula-amelia\/\" \/>\n<meta property=\"og:site_name\" content=\"www.talja.pl\" \/>\n<meta property=\"article:publisher\" content=\"https:\/\/www.facebook.com\/Talja-418285408906660\/\" \/>\n<meta property=\"article:modified_time\" content=\"2026-03-17T11:16:40+00:00\" \/>\n<meta property=\"og:image\" content=\"https:\/\/talja.pl\/wp-content\/uploads\/2023\/10\/koszula-amelia-talja-profi.jpg\" \/>\n\t<meta property=\"og:image:width\" content=\"1122\" \/>\n\t<meta property=\"og:image:height\" content=\"1663\" \/>\n\t<meta property=\"og:image:type\" content=\"image\/jpeg\" \/>\n<meta name=\"twitter:card\" content=\"summary_large_image\" \/>\n<meta name=\"twitter:site\" content=\"@talja_pracownia\" \/>\n<meta name=\"twitter:label1\" content=\"Szacowany czas czytania\" \/>\n\t<meta name=\"twitter:data1\" content=\"3 minuty\" \/>\n<script type=\"application\/ld+json\" class=\"yoast-schema-graph\">{\"@context\":\"https:\/\/schema.org\",\"@graph\":[{\"@type\":\"WebPage\",\"@id\":\"https:\/\/talja.pl\/index.php\/produkt\/lniana-koszula-amelia\/\",\"url\":\"https:\/\/talja.pl\/index.php\/produkt\/lniana-koszula-amelia\/\",\"name\":\"Lniana koszula AMELIA - www.talja.pl\",\"isPartOf\":{\"@id\":\"https:\/\/talja.pl\/#website\"},\"primaryImageOfPage\":{\"@id\":\"https:\/\/talja.pl\/index.php\/produkt\/lniana-koszula-amelia\/#primaryimage\"},\"image\":{\"@id\":\"https:\/\/talja.pl\/index.php\/produkt\/lniana-koszula-amelia\/#primaryimage\"},\"thumbnailUrl\":\"https:\/\/talja.pl\/wp-content\/uploads\/2023\/10\/koszula-amelia-talja-profi.jpg\",\"datePublished\":\"2026-02-07T08:57:00+00:00\",\"dateModified\":\"2026-03-17T11:16:40+00:00\",\"description\":\"Lniana koszula AMELIA to koszula o niezwyk\u0142ym uroku drzemi\u0105cym w detalach: zachwycaj\u0105cy vintage ko\u0142nierz z falbankami, r\u0119cznie oblekane lnem guziczki...\",\"breadcrumb\":{\"@id\":\"https:\/\/talja.pl\/index.php\/produkt\/lniana-koszula-amelia\/#breadcrumb\"},\"inLanguage\":\"pl-PL\",\"potentialAction\":[{\"@type\":\"ReadAction\",\"target\":[\"https:\/\/talja.pl\/index.php\/produkt\/lniana-koszula-amelia\/\"]}]},{\"@type\":\"ImageObject\",\"inLanguage\":\"pl-PL\",\"@id\":\"https:\/\/talja.pl\/index.php\/produkt\/lniana-koszula-amelia\/#primaryimage\",\"url\":\"https:\/\/talja.pl\/wp-content\/uploads\/2023\/10\/koszula-amelia-talja-profi.jpg\",\"contentUrl\":\"https:\/\/talja.pl\/wp-content\/uploads\/2023\/10\/koszula-amelia-talja-profi.jpg\",\"width\":1122,\"height\":1663,\"caption\":\"lniana koszula amelia talja\"},{\"@type\":\"BreadcrumbList\",\"@id\":\"https:\/\/talja.pl\/index.php\/produkt\/lniana-koszula-amelia\/#breadcrumb\",\"itemListElement\":[{\"@type\":\"ListItem\",\"position\":1,\"name\":\"Strona g\u0142\u00f3wna\",\"item\":\"https:\/\/talja.pl\/\"},{\"@type\":\"ListItem\",\"position\":2,\"name\":\"talja.pl\",\"item\":\"https:\/\/talja.pl\/index.php\/sklep\/\"},{\"@type\":\"ListItem\",\"position\":3,\"name\":\"Lniana koszula AMELIA\"}]},{\"@type\":\"WebSite\",\"@id\":\"https:\/\/talja.pl\/#website\",\"url\":\"https:\/\/talja.pl\/\",\"name\":\"www.talja.pl\",\"description\":\"\",\"publisher\":{\"@id\":\"https:\/\/talja.pl\/#organization\"},\"potentialAction\":[{\"@type\":\"SearchAction\",\"target\":{\"@type\":\"EntryPoint\",\"urlTemplate\":\"https:\/\/talja.pl\/?s={search_term_string}\"},\"query-input\":{\"@type\":\"PropertyValueSpecification\",\"valueRequired\":true,\"valueName\":\"search_term_string\"}}],\"inLanguage\":\"pl-PL\"},{\"@type\":\"Organization\",\"@id\":\"https:\/\/talja.pl\/#organization\",\"name\":\"Talja\",\"url\":\"https:\/\/talja.pl\/\",\"logo\":{\"@type\":\"ImageObject\",\"inLanguage\":\"pl-PL\",\"@id\":\"https:\/\/talja.pl\/#\/schema\/logo\/image\/\",\"url\":\"https:\/\/talja.pl\/wp-content\/uploads\/2019\/06\/baner-talja-2.jpg\",\"contentUrl\":\"https:\/\/talja.pl\/wp-content\/uploads\/2019\/06\/baner-talja-2.jpg\",\"width\":1300,\"height\":300,\"caption\":\"Talja\"},\"image\":{\"@id\":\"https:\/\/talja.pl\/#\/schema\/logo\/image\/\"},\"sameAs\":[\"https:\/\/www.facebook.com\/Talja-418285408906660\/\",\"https:\/\/x.com\/talja_pracownia\",\"https:\/\/www.instagram.com\/talja_pracownia\/\"]}]}<\/script>\n<!-- \/ Yoast SEO plugin. -->","yoast_head_json":{"title":"Lniana koszula AMELIA - www.talja.pl","description":"Lniana koszula AMELIA to koszula o niezwyk\u0142ym uroku drzemi\u0105cym w detalach: zachwycaj\u0105cy vintage ko\u0142nierz z falbankami, r\u0119cznie oblekane lnem guziczki...","robots":{"index":"index","follow":"follow","max-snippet":"max-snippet:-1","max-image-preview":"max-image-preview:large","max-video-preview":"max-video-preview:-1"},"canonical":"https:\/\/talja.pl\/index.php\/produkt\/lniana-koszula-amelia\/","og_locale":"pl_PL","og_type":"article","og_title":"Lniana koszula AMELIA - www.talja.pl","og_description":"Lniana koszula AMELIA to koszula o niezwyk\u0142ym uroku drzemi\u0105cym w detalach: zachwycaj\u0105cy vintage ko\u0142nierz z falbankami, r\u0119cznie oblekane lnem guziczki...","og_url":"https:\/\/talja.pl\/index.php\/produkt\/lniana-koszula-amelia\/","og_site_name":"www.talja.pl","article_publisher":"https:\/\/www.facebook.com\/Talja-418285408906660\/","article_modified_time":"2026-03-17T11:16:40+00:00","og_image":[{"width":1122,"height":1663,"url":"https:\/\/talja.pl\/wp-content\/uploads\/2023\/10\/koszula-amelia-talja-profi.jpg","type":"image\/jpeg"}],"twitter_card":"summary_large_image","twitter_site":"@talja_pracownia","twitter_misc":{"Szacowany czas czytania":"3 minuty"},"schema":{"@context":"https:\/\/schema.org","@graph":[{"@type":"WebPage","@id":"https:\/\/talja.pl\/index.php\/produkt\/lniana-koszula-amelia\/","url":"https:\/\/talja.pl\/index.php\/produkt\/lniana-koszula-amelia\/","name":"Lniana koszula AMELIA - www.talja.pl","isPartOf":{"@id":"https:\/\/talja.pl\/#website"},"primaryImageOfPage":{"@id":"https:\/\/talja.pl\/index.php\/produkt\/lniana-koszula-amelia\/#primaryimage"},"image":{"@id":"https:\/\/talja.pl\/index.php\/produkt\/lniana-koszula-amelia\/#primaryimage"},"thumbnailUrl":"https:\/\/talja.pl\/wp-content\/uploads\/2023\/10\/koszula-amelia-talja-profi.jpg","datePublished":"2026-02-07T08:57:00+00:00","dateModified":"2026-03-17T11:16:40+00:00","description":"Lniana koszula AMELIA to koszula o niezwyk\u0142ym uroku drzemi\u0105cym w detalach: zachwycaj\u0105cy vintage ko\u0142nierz z falbankami, r\u0119cznie oblekane lnem guziczki...","breadcrumb":{"@id":"https:\/\/talja.pl\/index.php\/produkt\/lniana-koszula-amelia\/#breadcrumb"},"inLanguage":"pl-PL","potentialAction":[{"@type":"ReadAction","target":["https:\/\/talja.pl\/index.php\/produkt\/lniana-koszula-amelia\/"]}]},{"@type":"ImageObject","inLanguage":"pl-PL","@id":"https:\/\/talja.pl\/index.php\/produkt\/lniana-koszula-amelia\/#primaryimage","url":"https:\/\/talja.pl\/wp-content\/uploads\/2023\/10\/koszula-amelia-talja-profi.jpg","contentUrl":"https:\/\/talja.pl\/wp-content\/uploads\/2023\/10\/koszula-amelia-talja-profi.jpg","width":1122,"height":1663,"caption":"lniana koszula amelia talja"},{"@type":"BreadcrumbList","@id":"https:\/\/talja.pl\/index.php\/produkt\/lniana-koszula-amelia\/#breadcrumb","itemListElement":[{"@type":"ListItem","position":1,"name":"Strona g\u0142\u00f3wna","item":"https:\/\/talja.pl\/"},{"@type":"ListItem","position":2,"name":"talja.pl","item":"https:\/\/talja.pl\/index.php\/sklep\/"},{"@type":"ListItem","position":3,"name":"Lniana koszula AMELIA"}]},{"@type":"WebSite","@id":"https:\/\/talja.pl\/#website","url":"https:\/\/talja.pl\/","name":"www.talja.pl","description":"","publisher":{"@id":"https:\/\/talja.pl\/#organization"},"potentialAction":[{"@type":"SearchAction","target":{"@type":"EntryPoint","urlTemplate":"https:\/\/talja.pl\/?s={search_term_string}"},"query-input":{"@type":"PropertyValueSpecification","valueRequired":true,"valueName":"search_term_string"}}],"inLanguage":"pl-PL"},{"@type":"Organization","@id":"https:\/\/talja.pl\/#organization","name":"Talja","url":"https:\/\/talja.pl\/","logo":{"@type":"ImageObject","inLanguage":"pl-PL","@id":"https:\/\/talja.pl\/#\/schema\/logo\/image\/","url":"https:\/\/talja.pl\/wp-content\/uploads\/2019\/06\/baner-talja-2.jpg","contentUrl":"https:\/\/talja.pl\/wp-content\/uploads\/2019\/06\/baner-talja-2.jpg","width":1300,"height":300,"caption":"Talja"},"image":{"@id":"https:\/\/talja.pl\/#\/schema\/logo\/image\/"},"sameAs":["https:\/\/www.facebook.com\/Talja-418285408906660\/","https:\/\/x.com\/talja_pracownia","https:\/\/www.instagram.com\/talja_pracownia\/"]}]}},"_links":{"self":[{"href":"https:\/\/talja.pl\/index.php\/wp-json\/wp\/v2\/product\/8825","targetHints":{"allow":["GET"]}}],"collection":[{"href":"https:\/\/talja.pl\/index.php\/wp-json\/wp\/v2\/product"}],"about":[{"href":"https:\/\/talja.pl\/index.php\/wp-json\/wp\/v2\/types\/product"}],"replies":[{"embeddable":true,"href":"https:\/\/talja.pl\/index.php\/wp-json\/wp\/v2\/comments?post=8825"}],"version-history":[{"count":9,"href":"https:\/\/talja.pl\/index.php\/wp-json\/wp\/v2\/product\/8825\/revisions"}],"predecessor-version":[{"id":8904,"href":"https:\/\/talja.pl\/index.php\/wp-json\/wp\/v2\/product\/8825\/revisions\/8904"}],"wp:featuredmedia":[{"embeddable":true,"href":"https:\/\/talja.pl\/index.php\/wp-json\/wp\/v2\/media\/8827"}],"wp:attachment":[{"href":"https:\/\/talja.pl\/index.php\/wp-json\/wp\/v2\/media?parent=8825"}],"wp:term":[{"taxonomy":"product_brand","embeddable":true,"href":"https:\/\/talja.pl\/index.php\/wp-json\/wp\/v2\/product_brand?post=8825"},{"taxonomy":"product_cat","embeddable":true,"href":"https:\/\/talja.pl\/index.php\/wp-json\/wp\/v2\/product_cat?post=8825"},{"taxonomy":"product_tag","embeddable":true,"href":"https:\/\/talja.pl\/index.php\/wp-json\/wp\/v2\/product_tag?post=8825"}],"curies":[{"name":"wp","href":"https:\/\/api.w.org\/{rel}","templated":true}]}}