{"id":9020,"date":"2024-09-05T18:37:17","date_gmt":"2024-09-05T16:37:17","guid":{"rendered":"https:\/\/talja.pl\/?post_type=product&#038;p=9020"},"modified":"2026-04-15T11:47:54","modified_gmt":"2026-04-15T09:47:54","slug":"lniana-koszula-marzycuelka","status":"publish","type":"product","link":"https:\/\/talja.pl\/index.php\/produkt\/lniana-koszula-marzycuelka\/","title":{"rendered":"Lniana koszula MARZYCIELKA- kolory (wysy\u0142ka 48h)"},"content":{"rendered":"<h4><strong>Lniana koszula Marzycielka<\/strong><\/h4>\n<p>Oto i ona ! Lniana Marzycielka. Cho\u0107 patrz\u0105c na jej przemy\u015blany kr\u00f3j mo\u017cna by rzec, \u017ce na drugie imi\u0119 jej <strong>WYGODA<\/strong> !<\/p>\n<p>A co by\u015b tak powiedzia\u0142a na lnian\u0105 koszul\u0119? Ale nie tak\u0105, ot &#8211; zwyczajn\u0105 koszul\u0119! Lecz uszyt\u0105 z cudnie zmi\u0119kczanego lnu, dopieszczon\u0105 w najmniejszym szczeg\u00f3le. Tak\u0105, kt\u00f3ra b\u0119dzie Twoj\u0105 wiern\u0105 towarzyszk\u0105 na wyprawach ma\u0142ych i du\u017cych! Do pracy? Prosz\u0119 bardzo! Na randk\u0119? Nie inaczej! Na koncert ? Bez w\u0105tpienia ! Nawet na pla\u017cy &#8211; niezast\u0105piona !<\/p>\n<p>A wszystko przez to, \u017ce Marzycielk\u0119 mo\u017cesz mie\u0107 w ponad 20 wersjach kolorystycznych! A w ka\u017cdej z nich &#8211; uwierz nam na s\u0142ow &#8211; zmienia ona sw\u00f3j charakter niczym kameleon !<\/p>\n<h4><strong>Za co j\u0105 pokochasz?<\/strong><\/h4>\n<ul>\n<li><strong>len 100%, produkcji polskiej,<\/strong> dodatkowo zmi\u0119kczany<\/li>\n<li>mo\u017cliwo\u015b\u0107 uszycia jej w ponad 20 kolorach ( i wzorach &#8211; edycja limitowana! )<\/li>\n<li>klasyczny fason z precyzyjnymi detalami takimi jak : kieszonka na guziczek, mankiety oraz ponadczasowo\u015b\u0107: ko\u0142nierzyk na st\u00f3jce; klasyka zawsze si\u0119 obroni!<\/li>\n<li>z ty\u0142u karczek z subteln\u0105 kontrafa\u0142d\u0105<\/li>\n<li>zaoblony d\u00f3\u0142 koszuli oraz kr\u00f3tszy prz\u00f3d wzgl\u0119dem ty\u0142u by zgrabnie w\u0142o\u017cy\u0107 cz\u0119\u015b\u0107 przedni\u0105 do sp\u00f3dnicy\/spodni<\/li>\n<li><strong>zadbali\u015bmy o najwy\u017csz\u0105 jako\u015b\u0107 wewn\u0105trz koszuli:<\/strong> ukryte szwy w karczku i tzw.\u00a0 szwy francuskie . Wn\u0119trze jest tak pi\u0119kne, \u017ce a\u017c chcia\u0142oby si\u0119 j\u0105 nosi\u0107 na lewej stronie : &#8211; )<\/li>\n<\/ul>\n<h4><strong>Sk\u0142ad i szycie<\/strong><\/h4>\n<p><strong>len 100%, cudownie zmi\u0119kczany ; produkcji polskiej.<\/strong> Do wyboru w ponad 20 kolorach !<\/p>\n<p>Koszula powstanie dla Ciebie w kameralnej szczeci\u0144skiej pracowni .<\/p>\n<p><img decoding=\"async\" class=\"alignnone wp-image-5333 size-medium\" src=\"https:\/\/talja.pl\/wp-content\/uploads\/2022\/04\/Certyfikat-Oeko-Tex-standard-100-300x119.png\" alt=\"\" width=\"300\" height=\"119\" \/><\/p>\n<p>Wszystkie nasze lny s\u0105 produkcji polskiej oraz spe\u0142niaj\u0105 wymogi\u00a0 norm <strong>OEKO TEX \u2013 Standard 100<\/strong>, co oznacza, \u017ce zosta\u0142y przebadane i nie zawieraj\u0105 \u015brodk\u00f3w szkodliwych zar\u00f3wno dla cz\u0142owieka jak i \u015brodowiska. Dodatkowo s\u0105 cudownie zmi\u0119kczane, a ten fakt z pewno\u015bci\u0105 doceni Twoja sk\u00f3ra.<\/p>\n<h4><strong>Rozmiar\u00a0<\/strong><\/h4>\n<p>Koszula ma lu\u017aniejszy fason, dopasowany w biu\u015bcie zaszewkami. Nie kr\u0119puje ruch\u00f3w, a wspania\u0142a faktura lnu powoduje, \u017ce szlachetnie si\u0119 nosi.<\/p>\n<p>&nbsp;<\/p>\n<p><strong>Wymiary koszuli ( mierzone na p\u0142asko):<\/strong><\/p>\n<p><strong>ROZMIAR S\/M<\/strong> ( pasuje dla &#8221; standardowych&#8221; XS, S, M )<\/p>\n<p>szeroko\u015b\u0107 w biu\u015bcie : 50cm<\/p>\n<p>szeroko\u015b\u0107 w biodrach: 55cm<\/p>\n<p>d\u0142ugo\u015b\u0107 przodu: 65cm<\/p>\n<p><strong>ROZMIAR L\/XL<\/strong> ( pasuje dla &#8221; standardowych&#8221;\u00a0 L, XL\u00a0 )<\/p>\n<p>szeroko\u015b\u0107 w biu\u015bcie : 55cm<\/p>\n<p>szeroko\u015b\u0107 w biodrach: 58cm<\/p>\n<p>d\u0142ugo\u015b\u0107 przodu: 66cm<\/p>\n<figure id=\"attachment_5312\" aria-describedby=\"caption-attachment-5312\" style=\"width: 200px\" class=\"wp-caption alignleft\"><img fetchpriority=\"high\" decoding=\"async\" class=\"wp-image-5312 size-medium\" src=\"https:\/\/talja.pl\/wp-content\/uploads\/2022\/04\/talja-lniana-koszula-641A9470-200x300.jpg\" alt=\"lniana koszula\" width=\"200\" height=\"300\" \/><figcaption id=\"caption-attachment-5312\" class=\"wp-caption-text\">talja koszula lniana Marzycielka<\/figcaption><\/figure>\n<p>Natalia ( 173cm, obw\u00f3d biustu 83cm)\u00a0 \u00a0prezentuje koszul\u0119 w rozm. S\/M w kolorach lnu : biel, baby blue, melon, pudrowy r\u00f3\u017c.\u00a0 Je\u015bli chcesz dowiedzie\u0107 si\u0119 wi\u0119cej o kolorach z jakich szyjemy w pracowni &#8211; zerknij<a href=\"https:\/\/talja.pl\/index.php\/kolory-lnow\/\"> tutaj<\/a> .<\/p>\n<p>Je\u015bli masz problem z doborem rozmiaru, czy koloru lnu &#8211; napisz do nas na kontakt@talja.pl \u2013 ch\u0119tnie pomo\u017cemy!<\/p>\n<h4><strong>Piel\u0119gnacja\u00a0<\/strong><\/h4>\n<p>Ubrania z lnu traktuj delikatnie. Nie wybielaj, pierz w 30 stopniach, odwirowuj w pralce na ni\u017cszych obrotach i prasuj max w 150st. Dbaj o nie a b\u0119d\u0105 Ci wdzi\u0119czne.<\/p>\n<h4><strong>Personalizacja<\/strong><\/h4>\n<p>Je\u015bli marzysz o wprowadzeniu pewnych zmian do koszuli, wystarczy \u017ce wykupisz dodatkow\u0105 opcj\u0119<a href=\"http:\/\/talja.pl\/index.php\/produkt\/personalizacja\/\">\u00a0\u201d PERSONALIZACJA \u201e<\/a>. Dzi\u0119ki tej opcji Twoja koszula zyska niepowtarzalno\u015b\u0107 i indywidualny charakter. Mo\u017cesz bowiem zmieni\u0107 d\u0142ugo\u015b\u0107 koszuli, d\u0142ugo\u015b\u0107 r\u0119kawa, wielko\u015b\u0107 guzik\u00f3w, zrezygnowa\u0107 z kieszonki itp.<\/p>\n","protected":false},"excerpt":{"rendered":"<p><strong>Co to oznacza, \u017ce koszula jest dost\u0119pna od r\u0119ki? <\/strong><\/p>\n<p><em>Nie musisz specjalnie czeka\u0107 na uszycie koszuli. Koszula jest uszyta, gotowa do wysy\u0142ki i dotrze do Ciebie bardzo szybko. Wysy\u0142amy do 48h od zaksi\u0119gowania p\u0142atno\u015bci na koncie.<\/em><\/p>\n<p><strong>Jakie rozmiary i kolory dost\u0119pne s\u0105 od r\u0119ki?<\/strong><\/p>\n<p><em>Dost\u0119pno\u015b\u0107 gotowych egzemplarzy sprawdzisz wybieraj\u0105c z podanych poni\u017cej przycisk\u00f3w zawieraj\u0105cych rozmiar i kolor danej koszuli.<br \/>\n<\/em><\/p>\n<hr \/>\n<p>Je\u015bli pragniesz zam\u00f3wi\u0107 inny rozmiar i kolor Marzycielki, zerknij<span style=\"color: #0000ff;\"><strong><a style=\"color: #0000ff;\" href=\"https:\/\/talja.pl\/index.php\/produkt\/lniana-koszula-marzycielka-kolory\/\"> tutaj.<\/a><\/strong><\/span><\/p>\n<p><strong>Sk\u0142ad : Len 100% , polskiej produkcji<\/strong><\/p>\n<p><span style=\"color: #ff0000;\"><em>Wysy\u0142ka\u00a0 : do 48h<\/em><\/span><\/p>\n<p>Wyprodukowano w <strong>kameralnej pracowni w Szczecinie. <\/strong>Zamawiaj\u0105c w Talji wspierasz polskie rzemios\u0142o.<\/p>\n<p>&nbsp;<\/p>\n","protected":false},"featured_media":6779,"comment_status":"closed","ping_status":"closed","template":"","meta":[],"product_brand":[],"product_cat":[39,32],"product_tag":[84,25],"class_list":{"0":"post-9020","1":"product","2":"type-product","3":"status-publish","4":"has-post-thumbnail","6":"product_cat-koszule-i-swetry","7":"product_cat-dostepne-od-reki","8":"product_tag-koszula","9":"product_tag-len","10":"pa_kolor-malina","11":"pa_kolor-biel-170g-m2","12":"pa_kolor-baby-blue-150g-m2","13":"pa_kolor-pudrowy-roz-150g-m2","15":"entry","16":"has-media","18":"first","19":"instock","20":"taxable","21":"shipping-taxable","22":"purchasable","23":"product-type-variable","24":"wvs-archive-product-wrapper","25":"has-product-nav","26":"col","27":"span_1_of_4","28":"owp-content-center","29":"owp-thumbs-layout-horizontal","30":"owp-btn-big","31":"owp-tabs-layout-horizontal"},"yoast_head":"<!-- This site is optimized with the Yoast SEO plugin v27.0 - https:\/\/yoast.com\/product\/yoast-seo-wordpress\/ -->\n<title>Lniana koszula MARZYCIELKA- kolory (wysy\u0142ka 48h) - www.talja.pl koszula<\/title>\n<meta name=\"description\" content=\"Oto i ona ! Lniana koszula Marzycielka. Cho\u0107 patrz\u0105c na jej przemy\u015blany kr\u00f3j mo\u017cna by rzec, \u017ce na drugie imi\u0119 jej WYGODA !\" \/>\n<meta name=\"robots\" content=\"index, follow, max-snippet:-1, max-image-preview:large, max-video-preview:-1\" \/>\n<link rel=\"canonical\" href=\"https:\/\/talja.pl\/index.php\/produkt\/lniana-koszula-marzycuelka\/\" \/>\n<meta property=\"og:locale\" content=\"pl_PL\" \/>\n<meta property=\"og:type\" content=\"article\" \/>\n<meta property=\"og:title\" content=\"Lniana koszula MARZYCIELKA- kolory (wysy\u0142ka 48h) - www.talja.pl koszula\" \/>\n<meta property=\"og:description\" content=\"Oto i ona ! Lniana koszula Marzycielka. Cho\u0107 patrz\u0105c na jej przemy\u015blany kr\u00f3j mo\u017cna by rzec, \u017ce na drugie imi\u0119 jej WYGODA !\" \/>\n<meta property=\"og:url\" content=\"https:\/\/talja.pl\/index.php\/produkt\/lniana-koszula-marzycuelka\/\" \/>\n<meta property=\"og:site_name\" content=\"www.talja.pl\" \/>\n<meta property=\"article:publisher\" content=\"https:\/\/www.facebook.com\/Talja-418285408906660\/\" \/>\n<meta property=\"article:modified_time\" content=\"2026-04-15T09:47:54+00:00\" \/>\n<meta property=\"og:image\" content=\"https:\/\/talja.pl\/wp-content\/uploads\/2022\/08\/talja-lniana-koszula-kadr.jpg\" \/>\n\t<meta property=\"og:image:width\" content=\"1200\" \/>\n\t<meta property=\"og:image:height\" content=\"1779\" \/>\n\t<meta property=\"og:image:type\" content=\"image\/jpeg\" \/>\n<meta name=\"twitter:card\" content=\"summary_large_image\" \/>\n<meta name=\"twitter:site\" content=\"@talja_pracownia\" \/>\n<meta name=\"twitter:label1\" content=\"Szacowany czas czytania\" \/>\n\t<meta name=\"twitter:data1\" content=\"4 minuty\" \/>\n<script type=\"application\/ld+json\" class=\"yoast-schema-graph\">{\"@context\":\"https:\/\/schema.org\",\"@graph\":[{\"@type\":\"WebPage\",\"@id\":\"https:\/\/talja.pl\/index.php\/produkt\/lniana-koszula-marzycuelka\/\",\"url\":\"https:\/\/talja.pl\/index.php\/produkt\/lniana-koszula-marzycuelka\/\",\"name\":\"Lniana koszula MARZYCIELKA- kolory (wysy\u0142ka 48h) - www.talja.pl koszula\",\"isPartOf\":{\"@id\":\"https:\/\/talja.pl\/#website\"},\"primaryImageOfPage\":{\"@id\":\"https:\/\/talja.pl\/index.php\/produkt\/lniana-koszula-marzycuelka\/#primaryimage\"},\"image\":{\"@id\":\"https:\/\/talja.pl\/index.php\/produkt\/lniana-koszula-marzycuelka\/#primaryimage\"},\"thumbnailUrl\":\"https:\/\/talja.pl\/wp-content\/uploads\/2022\/08\/talja-lniana-koszula-kadr.jpg\",\"datePublished\":\"2024-09-05T16:37:17+00:00\",\"dateModified\":\"2026-04-15T09:47:54+00:00\",\"description\":\"Oto i ona ! Lniana koszula Marzycielka. Cho\u0107 patrz\u0105c na jej przemy\u015blany kr\u00f3j mo\u017cna by rzec, \u017ce na drugie imi\u0119 jej WYGODA !\",\"breadcrumb\":{\"@id\":\"https:\/\/talja.pl\/index.php\/produkt\/lniana-koszula-marzycuelka\/#breadcrumb\"},\"inLanguage\":\"pl-PL\",\"potentialAction\":[{\"@type\":\"ReadAction\",\"target\":[\"https:\/\/talja.pl\/index.php\/produkt\/lniana-koszula-marzycuelka\/\"]}]},{\"@type\":\"ImageObject\",\"inLanguage\":\"pl-PL\",\"@id\":\"https:\/\/talja.pl\/index.php\/produkt\/lniana-koszula-marzycuelka\/#primaryimage\",\"url\":\"https:\/\/talja.pl\/wp-content\/uploads\/2022\/08\/talja-lniana-koszula-kadr.jpg\",\"contentUrl\":\"https:\/\/talja.pl\/wp-content\/uploads\/2022\/08\/talja-lniana-koszula-kadr.jpg\",\"width\":1200,\"height\":1779},{\"@type\":\"BreadcrumbList\",\"@id\":\"https:\/\/talja.pl\/index.php\/produkt\/lniana-koszula-marzycuelka\/#breadcrumb\",\"itemListElement\":[{\"@type\":\"ListItem\",\"position\":1,\"name\":\"Strona g\u0142\u00f3wna\",\"item\":\"https:\/\/talja.pl\/\"},{\"@type\":\"ListItem\",\"position\":2,\"name\":\"talja.pl\",\"item\":\"https:\/\/talja.pl\/index.php\/sklep\/\"},{\"@type\":\"ListItem\",\"position\":3,\"name\":\"Lniana koszula MARZYCIELKA- kolory (wysy\u0142ka 48h)\"}]},{\"@type\":\"WebSite\",\"@id\":\"https:\/\/talja.pl\/#website\",\"url\":\"https:\/\/talja.pl\/\",\"name\":\"www.talja.pl\",\"description\":\"\",\"publisher\":{\"@id\":\"https:\/\/talja.pl\/#organization\"},\"potentialAction\":[{\"@type\":\"SearchAction\",\"target\":{\"@type\":\"EntryPoint\",\"urlTemplate\":\"https:\/\/talja.pl\/?s={search_term_string}\"},\"query-input\":{\"@type\":\"PropertyValueSpecification\",\"valueRequired\":true,\"valueName\":\"search_term_string\"}}],\"inLanguage\":\"pl-PL\"},{\"@type\":\"Organization\",\"@id\":\"https:\/\/talja.pl\/#organization\",\"name\":\"Talja\",\"url\":\"https:\/\/talja.pl\/\",\"logo\":{\"@type\":\"ImageObject\",\"inLanguage\":\"pl-PL\",\"@id\":\"https:\/\/talja.pl\/#\/schema\/logo\/image\/\",\"url\":\"https:\/\/talja.pl\/wp-content\/uploads\/2019\/06\/baner-talja-2.jpg\",\"contentUrl\":\"https:\/\/talja.pl\/wp-content\/uploads\/2019\/06\/baner-talja-2.jpg\",\"width\":1300,\"height\":300,\"caption\":\"Talja\"},\"image\":{\"@id\":\"https:\/\/talja.pl\/#\/schema\/logo\/image\/\"},\"sameAs\":[\"https:\/\/www.facebook.com\/Talja-418285408906660\/\",\"https:\/\/x.com\/talja_pracownia\",\"https:\/\/www.instagram.com\/talja_pracownia\/\"]}]}<\/script>\n<!-- \/ Yoast SEO plugin. -->","yoast_head_json":{"title":"Lniana koszula MARZYCIELKA- kolory (wysy\u0142ka 48h) - www.talja.pl koszula","description":"Oto i ona ! Lniana koszula Marzycielka. Cho\u0107 patrz\u0105c na jej przemy\u015blany kr\u00f3j mo\u017cna by rzec, \u017ce na drugie imi\u0119 jej WYGODA !","robots":{"index":"index","follow":"follow","max-snippet":"max-snippet:-1","max-image-preview":"max-image-preview:large","max-video-preview":"max-video-preview:-1"},"canonical":"https:\/\/talja.pl\/index.php\/produkt\/lniana-koszula-marzycuelka\/","og_locale":"pl_PL","og_type":"article","og_title":"Lniana koszula MARZYCIELKA- kolory (wysy\u0142ka 48h) - www.talja.pl koszula","og_description":"Oto i ona ! Lniana koszula Marzycielka. Cho\u0107 patrz\u0105c na jej przemy\u015blany kr\u00f3j mo\u017cna by rzec, \u017ce na drugie imi\u0119 jej WYGODA !","og_url":"https:\/\/talja.pl\/index.php\/produkt\/lniana-koszula-marzycuelka\/","og_site_name":"www.talja.pl","article_publisher":"https:\/\/www.facebook.com\/Talja-418285408906660\/","article_modified_time":"2026-04-15T09:47:54+00:00","og_image":[{"width":1200,"height":1779,"url":"https:\/\/talja.pl\/wp-content\/uploads\/2022\/08\/talja-lniana-koszula-kadr.jpg","type":"image\/jpeg"}],"twitter_card":"summary_large_image","twitter_site":"@talja_pracownia","twitter_misc":{"Szacowany czas czytania":"4 minuty"},"schema":{"@context":"https:\/\/schema.org","@graph":[{"@type":"WebPage","@id":"https:\/\/talja.pl\/index.php\/produkt\/lniana-koszula-marzycuelka\/","url":"https:\/\/talja.pl\/index.php\/produkt\/lniana-koszula-marzycuelka\/","name":"Lniana koszula MARZYCIELKA- kolory (wysy\u0142ka 48h) - www.talja.pl koszula","isPartOf":{"@id":"https:\/\/talja.pl\/#website"},"primaryImageOfPage":{"@id":"https:\/\/talja.pl\/index.php\/produkt\/lniana-koszula-marzycuelka\/#primaryimage"},"image":{"@id":"https:\/\/talja.pl\/index.php\/produkt\/lniana-koszula-marzycuelka\/#primaryimage"},"thumbnailUrl":"https:\/\/talja.pl\/wp-content\/uploads\/2022\/08\/talja-lniana-koszula-kadr.jpg","datePublished":"2024-09-05T16:37:17+00:00","dateModified":"2026-04-15T09:47:54+00:00","description":"Oto i ona ! Lniana koszula Marzycielka. Cho\u0107 patrz\u0105c na jej przemy\u015blany kr\u00f3j mo\u017cna by rzec, \u017ce na drugie imi\u0119 jej WYGODA !","breadcrumb":{"@id":"https:\/\/talja.pl\/index.php\/produkt\/lniana-koszula-marzycuelka\/#breadcrumb"},"inLanguage":"pl-PL","potentialAction":[{"@type":"ReadAction","target":["https:\/\/talja.pl\/index.php\/produkt\/lniana-koszula-marzycuelka\/"]}]},{"@type":"ImageObject","inLanguage":"pl-PL","@id":"https:\/\/talja.pl\/index.php\/produkt\/lniana-koszula-marzycuelka\/#primaryimage","url":"https:\/\/talja.pl\/wp-content\/uploads\/2022\/08\/talja-lniana-koszula-kadr.jpg","contentUrl":"https:\/\/talja.pl\/wp-content\/uploads\/2022\/08\/talja-lniana-koszula-kadr.jpg","width":1200,"height":1779},{"@type":"BreadcrumbList","@id":"https:\/\/talja.pl\/index.php\/produkt\/lniana-koszula-marzycuelka\/#breadcrumb","itemListElement":[{"@type":"ListItem","position":1,"name":"Strona g\u0142\u00f3wna","item":"https:\/\/talja.pl\/"},{"@type":"ListItem","position":2,"name":"talja.pl","item":"https:\/\/talja.pl\/index.php\/sklep\/"},{"@type":"ListItem","position":3,"name":"Lniana koszula MARZYCIELKA- kolory (wysy\u0142ka 48h)"}]},{"@type":"WebSite","@id":"https:\/\/talja.pl\/#website","url":"https:\/\/talja.pl\/","name":"www.talja.pl","description":"","publisher":{"@id":"https:\/\/talja.pl\/#organization"},"potentialAction":[{"@type":"SearchAction","target":{"@type":"EntryPoint","urlTemplate":"https:\/\/talja.pl\/?s={search_term_string}"},"query-input":{"@type":"PropertyValueSpecification","valueRequired":true,"valueName":"search_term_string"}}],"inLanguage":"pl-PL"},{"@type":"Organization","@id":"https:\/\/talja.pl\/#organization","name":"Talja","url":"https:\/\/talja.pl\/","logo":{"@type":"ImageObject","inLanguage":"pl-PL","@id":"https:\/\/talja.pl\/#\/schema\/logo\/image\/","url":"https:\/\/talja.pl\/wp-content\/uploads\/2019\/06\/baner-talja-2.jpg","contentUrl":"https:\/\/talja.pl\/wp-content\/uploads\/2019\/06\/baner-talja-2.jpg","width":1300,"height":300,"caption":"Talja"},"image":{"@id":"https:\/\/talja.pl\/#\/schema\/logo\/image\/"},"sameAs":["https:\/\/www.facebook.com\/Talja-418285408906660\/","https:\/\/x.com\/talja_pracownia","https:\/\/www.instagram.com\/talja_pracownia\/"]}]}},"_links":{"self":[{"href":"https:\/\/talja.pl\/index.php\/wp-json\/wp\/v2\/product\/9020","targetHints":{"allow":["GET"]}}],"collection":[{"href":"https:\/\/talja.pl\/index.php\/wp-json\/wp\/v2\/product"}],"about":[{"href":"https:\/\/talja.pl\/index.php\/wp-json\/wp\/v2\/types\/product"}],"replies":[{"embeddable":true,"href":"https:\/\/talja.pl\/index.php\/wp-json\/wp\/v2\/comments?post=9020"}],"version-history":[{"count":5,"href":"https:\/\/talja.pl\/index.php\/wp-json\/wp\/v2\/product\/9020\/revisions"}],"predecessor-version":[{"id":9049,"href":"https:\/\/talja.pl\/index.php\/wp-json\/wp\/v2\/product\/9020\/revisions\/9049"}],"wp:featuredmedia":[{"embeddable":true,"href":"https:\/\/talja.pl\/index.php\/wp-json\/wp\/v2\/media\/6779"}],"wp:attachment":[{"href":"https:\/\/talja.pl\/index.php\/wp-json\/wp\/v2\/media?parent=9020"}],"wp:term":[{"taxonomy":"product_brand","embeddable":true,"href":"https:\/\/talja.pl\/index.php\/wp-json\/wp\/v2\/product_brand?post=9020"},{"taxonomy":"product_cat","embeddable":true,"href":"https:\/\/talja.pl\/index.php\/wp-json\/wp\/v2\/product_cat?post=9020"},{"taxonomy":"product_tag","embeddable":true,"href":"https:\/\/talja.pl\/index.php\/wp-json\/wp\/v2\/product_tag?post=9020"}],"curies":[{"name":"wp","href":"https:\/\/api.w.org\/{rel}","templated":true}]}}