{"id":9067,"date":"2024-06-10T19:34:32","date_gmt":"2024-06-10T17:34:32","guid":{"rendered":"https:\/\/talja.pl\/?post_type=product&#038;p=9067"},"modified":"2026-02-02T15:36:32","modified_gmt":"2026-02-02T14:36:32","slug":"lniana-sukienka-aurea-dostepne-od-reki","status":"publish","type":"product","link":"https:\/\/talja.pl\/index.php\/produkt\/lniana-sukienka-aurea-dostepne-od-reki\/","title":{"rendered":"Lniana sukienka AUREA-kolory (wysy\u0142ka 48h)"},"content":{"rendered":"<p>Lniana sukienka Aurea to kwintesencja kobieco\u015bci, subtelno\u015bci i romantyczno\u015bci. Dzi\u0119ki w\u0142a\u015bciwo\u015bciom lnianej tkaniny, z kt\u00f3rej powsta\u0142a, Aurea nadaje si\u0119 nie tylko na wyj\u0105tkowe okazje, lecz sprawdzi si\u0119 r\u00f3wnie\u017c wy\u015bmienicie jako sukienka codzienna. Za\u0142\u00f3\u017c do niej szpilki, sanda\u0142y czy baleriny i ciesz si\u0119 wygod\u0105 po\u0142\u0105czenia kobiecego fasonu z komfortem jaki niesie za sob\u0105 len.<\/p>\n<p>Sukienka uszyta w niewielkiej pracowni w Polsce, ze zmi\u0119kczanych tkanin lnianych, z\u00a0 dba\u0142o\u015bci\u0105 o najdrobniejszy detal.<\/p>\n<p><strong>Za co j\u0105 pokochasz?<\/strong><\/p>\n<ul>\n<li>za mo\u017cliwo\u015b\u0107 uszycia jej <strong>w jednym ponad 20 dost\u0119pnych kolor\u00f3w ln\u00f3w<\/strong><\/li>\n<li>subtelny dekolt w szpic, kt\u00f3ry wysmukla szyj\u0119<\/li>\n<li>urocze rozkloszowane r\u0119kawki<\/li>\n<li>d\u00f3\u0142 z p\u00f3\u0142kola zgrabnie podkre\u015blaj\u0105cy tali\u0119 i op\u0142ywaj\u0105cy biodra<\/li>\n<li>zamek kryty w szwie bocznym, dzi\u0119ki czemu sukienka b\u0119dzie pi\u0119knie dopasowana w talii<\/li>\n<li>r\u0119cznie oblekane lnem guziczki<\/li>\n<\/ul>\n<p>Sk\u0142ad : Len 100%<\/p>\n<p><strong>Model dost\u0119pny w a\u017c 20 r\u00f3\u017cnych wersjach kolorystycznych.\u00a0<\/strong>Wybierz ten, o kt\u00f3rym marzysz!\u00a0 Wiedz r\u00f3wnie\u017c, \u017ce wszystkie nasze lny s\u0105 produkcji polskiej oraz spe\u0142niaj\u0105 wymogi\u00a0 norm\u00a0<strong>OEKO TEX \u2013 Standard 100<\/strong>, co oznacza, \u017ce zosta\u0142y przebadane i nie zawieraj\u0105 \u015brodk\u00f3w szkodliwych zar\u00f3wno dla cz\u0142owieka jak i \u015brodowiska. Dodatkowo s\u0105 cudownie zmi\u0119kczane, a ten fakt z pewno\u015bci\u0105 doceni Twoja sk\u00f3ra.<\/p>\n<p><strong>Rozmiar:\u00a0<\/strong><\/p>\n<p>Dobierz sw\u00f3j rozmiar odszukuj\u0105c <strong>swoje<\/strong> obwody z tabeli poni\u017cej:<\/p>\n<table width=\"526\">\n<tbody>\n<tr>\n<td width=\"117\">Sukienka Aurea<\/td>\n<td width=\"85\">S<\/td>\n<td width=\"85\">M<\/td>\n<td width=\"85\">L<\/td>\n<td width=\"85\">XL<\/td>\n<td width=\"69\">XXL<\/td>\n<\/tr>\n<tr>\n<td>obw\u00f3d biustu<\/td>\n<td>82-85cm<\/td>\n<td>86-89 cm<\/td>\n<td>90-93cm<\/td>\n<td>94-97 cm<\/td>\n<td>98-101 cm<\/td>\n<\/tr>\n<tr>\n<td>obw\u00f3d talii<\/td>\n<td>68-71 cm<\/td>\n<td>72-75 cm<\/td>\n<td>76-79 cm<\/td>\n<td>80-83 cm<\/td>\n<td>84-87 cm<\/td>\n<\/tr>\n<tr>\n<td width=\"117\">d\u0142ugo\u015b\u0107 do\u0142u od talii<\/td>\n<td>65 cm<\/td>\n<td>65 cm<\/td>\n<td>65 cm<\/td>\n<td>65 cm<\/td>\n<td>65 cm<\/td>\n<\/tr>\n<\/tbody>\n<\/table>\n<p><img fetchpriority=\"high\" decoding=\"async\" class=\"alignleft wp-image-3645 size-medium\" src=\"https:\/\/talja.pl\/wp-content\/uploads\/2021\/04\/talja-lniana-sukienka-3G7A9682-200x300.jpg\" alt=\"\" width=\"200\" height=\"300\" \/>Natalia mierzy 173cm i nosi rozmiar S.<\/p>\n<p>Na zdj\u0119ciach sukienki w kolorach :\u00a0 naturalny oraz arbuzowy.<\/p>\n<p>Masz problem z doborem rozmiaru, czy koloru lnu ? Napisz do nas na kontakt@talja.pl &#8211; ch\u0119tnie pomo\u017cemy!<\/p>\n<h5><\/h5>\n<p><em><strong>Dopasuj sukienk\u0119 pod siebie\u00a0<\/strong><\/em><\/p>\n<p>J<em>e\u015bli marzysz o wprowadzeniu pewnych, drobnych\u00a0 zmian do sukienki, wystarczy \u017ce wykupisz dodatkow\u0105 opcj\u0119<a href=\"http:\/\/talja.pl\/index.php\/produkt\/personalizacja\/\">\u00a0\u201d PERSONALIZACJA \u201e<\/a>.\u00a0<\/em><em style=\"font-size: 16px;\">Mo\u017cesz bowiem zmieni\u0107 d\u0142ugo\u015b\u0107 sukienki, d\u0142ugo\u015b\u0107 r\u0119kawa, d\u0142ugo\u015b\u0107\/ rodzaj szarfy\u00a0 itp. <\/em><em style=\"font-size: 16px;\">Dzi\u0119ki tej opcji Twoja sukienka zyska niepowtarzalno\u015b\u0107 i indywidualny charakter.\u00a0<\/em><\/p>\n<h5><em>Ubrania z lnu traktuj delikatnie. Nie wybielaj, pierz w 30 stopniach, odwirowuj w pralce na ni\u017cszych obrotach i prasuj max w 150st. Dbaj o nie a b\u0119d\u0105 Ci wdzi\u0119czne.<\/em><\/h5>\n","protected":false},"excerpt":{"rendered":"<div class=\"woocommerce-product-details__short-description\">\n<div class=\"woocommerce-product-details__short-description\">\n<p><strong>Co to oznacza, \u017ce sukienka jest dost\u0119pna od r\u0119ki? <\/strong><\/p>\n<p><em>Nie musisz specjalnie czeka\u0107 na uszycie sukienki. Sukienka jest uszyta, gotowa do wysy\u0142ki i dotrze do Ciebie bardzo szybko. Wysy\u0142amy do 48h od zaksi\u0119gowania p\u0142atno\u015bci na koncie.<\/em><\/p>\n<p><strong>Jakie rozmiary i kolory dost\u0119pne s\u0105 od r\u0119ki?<\/strong><\/p>\n<p><em>Dost\u0119pno\u015b\u0107 gotowych sukienek sprawdzisz wybieraj\u0105c z podanych poni\u017cej przycisk\u00f3w zawieraj\u0105cych rozmiar, kolor i d\u0142ugo\u015b\u0107 danej sukienki.<\/em><\/p>\n<hr \/>\n<p>Je\u015bli pragniesz zam\u00f3wi\u0107 inny rozmiar i kolor sukienki, zerknij<a href=\"https:\/\/talja.pl\/index.php\/produkt\/lniana-sukienka-aurea-kolory\/\"> tutaj.<\/a><\/p>\n<p><strong>Sk\u0142ad : Len 100% , polskiej produkcji<\/strong><\/p>\n<p><span style=\"color: #ff0000;\"><em>Wysy\u0142ka\u00a0 : do 48h<\/em><\/span><\/p>\n<p>Wyprodukowano w <strong>kameralnej pracowni w Szczecinie. <\/strong>Zamawiaj\u0105c w Talji wspierasz polskie rzemios\u0142o.<\/p>\n<\/div>\n<\/div>\n","protected":false},"featured_media":3643,"comment_status":"closed","ping_status":"closed","template":"","meta":[],"product_brand":[],"product_cat":[37,32,20],"product_tag":[25,26,27],"class_list":{"0":"post-9067","1":"product","2":"type-product","3":"status-publish","4":"has-post-thumbnail","6":"product_cat-bestsellery","7":"product_cat-dostepne-od-reki","8":"product_cat-sukienki-lniane","9":"product_tag-len","10":"product_tag-sukienka","11":"product_tag-sukienka-lniana","12":"pa_kolor-pochmurne-niebo-170g-m2","13":"pa_kolor-ciemna-zielen-150g-m2","14":"pa_kolor-cynamon-150g-m2","15":"pa_kolor-wisnia-150g-m2","17":"entry","18":"has-media","20":"first","21":"instock","22":"taxable","23":"shipping-taxable","24":"purchasable","25":"product-type-variable","26":"wvs-archive-product-wrapper","27":"has-product-nav","28":"col","29":"span_1_of_4","30":"owp-content-center","31":"owp-thumbs-layout-horizontal","32":"owp-btn-big","33":"owp-tabs-layout-horizontal"},"yoast_head":"<!-- This site is optimized with the Yoast SEO plugin v27.0 - https:\/\/yoast.com\/product\/yoast-seo-wordpress\/ -->\n<title>Lniana sukienka AUREA-kolory (wysy\u0142ka 48h) - www.talja.pl<\/title>\n<meta name=\"description\" content=\"Sukienka lniana Aurea to kwintesencja kobieco\u015bci, subtelno\u015bci i romantyczno\u015bci. Uszyta w niewielkiej polskiej manufakturze dla Ciebie !\" \/>\n<meta name=\"robots\" content=\"index, follow, max-snippet:-1, max-image-preview:large, max-video-preview:-1\" \/>\n<link rel=\"canonical\" href=\"https:\/\/talja.pl\/index.php\/produkt\/lniana-sukienka-aurea-dostepne-od-reki\/\" \/>\n<meta property=\"og:locale\" content=\"pl_PL\" \/>\n<meta property=\"og:type\" content=\"article\" \/>\n<meta property=\"og:title\" content=\"Lniana sukienka AUREA-kolory (wysy\u0142ka 48h) - www.talja.pl\" \/>\n<meta property=\"og:description\" content=\"Sukienka lniana Aurea to kwintesencja kobieco\u015bci, subtelno\u015bci i romantyczno\u015bci. Uszyta w niewielkiej polskiej manufakturze dla Ciebie !\" \/>\n<meta property=\"og:url\" content=\"https:\/\/talja.pl\/index.php\/produkt\/lniana-sukienka-aurea-dostepne-od-reki\/\" \/>\n<meta property=\"og:site_name\" content=\"www.talja.pl\" \/>\n<meta property=\"article:publisher\" content=\"https:\/\/www.facebook.com\/Talja-418285408906660\/\" \/>\n<meta property=\"article:modified_time\" content=\"2026-02-02T14:36:32+00:00\" \/>\n<meta property=\"og:image\" content=\"https:\/\/talja.pl\/wp-content\/uploads\/2021\/04\/talja-lniana-sukienka-m.jpg\" \/>\n\t<meta property=\"og:image:width\" content=\"1080\" \/>\n\t<meta property=\"og:image:height\" content=\"1620\" \/>\n\t<meta property=\"og:image:type\" content=\"image\/jpeg\" \/>\n<meta name=\"twitter:card\" content=\"summary_large_image\" \/>\n<meta name=\"twitter:site\" content=\"@talja_pracownia\" \/>\n<meta name=\"twitter:label1\" content=\"Szacowany czas czytania\" \/>\n\t<meta name=\"twitter:data1\" content=\"3 minuty\" \/>\n<script type=\"application\/ld+json\" class=\"yoast-schema-graph\">{\"@context\":\"https:\/\/schema.org\",\"@graph\":[{\"@type\":\"WebPage\",\"@id\":\"https:\/\/talja.pl\/index.php\/produkt\/lniana-sukienka-aurea-dostepne-od-reki\/\",\"url\":\"https:\/\/talja.pl\/index.php\/produkt\/lniana-sukienka-aurea-dostepne-od-reki\/\",\"name\":\"Lniana sukienka AUREA-kolory (wysy\u0142ka 48h) - www.talja.pl\",\"isPartOf\":{\"@id\":\"https:\/\/talja.pl\/#website\"},\"primaryImageOfPage\":{\"@id\":\"https:\/\/talja.pl\/index.php\/produkt\/lniana-sukienka-aurea-dostepne-od-reki\/#primaryimage\"},\"image\":{\"@id\":\"https:\/\/talja.pl\/index.php\/produkt\/lniana-sukienka-aurea-dostepne-od-reki\/#primaryimage\"},\"thumbnailUrl\":\"https:\/\/talja.pl\/wp-content\/uploads\/2021\/04\/talja-lniana-sukienka-m.jpg\",\"datePublished\":\"2024-06-10T17:34:32+00:00\",\"dateModified\":\"2026-02-02T14:36:32+00:00\",\"description\":\"Sukienka lniana Aurea to kwintesencja kobieco\u015bci, subtelno\u015bci i romantyczno\u015bci. Uszyta w niewielkiej polskiej manufakturze dla Ciebie !\",\"breadcrumb\":{\"@id\":\"https:\/\/talja.pl\/index.php\/produkt\/lniana-sukienka-aurea-dostepne-od-reki\/#breadcrumb\"},\"inLanguage\":\"pl-PL\",\"potentialAction\":[{\"@type\":\"ReadAction\",\"target\":[\"https:\/\/talja.pl\/index.php\/produkt\/lniana-sukienka-aurea-dostepne-od-reki\/\"]}]},{\"@type\":\"ImageObject\",\"inLanguage\":\"pl-PL\",\"@id\":\"https:\/\/talja.pl\/index.php\/produkt\/lniana-sukienka-aurea-dostepne-od-reki\/#primaryimage\",\"url\":\"https:\/\/talja.pl\/wp-content\/uploads\/2021\/04\/talja-lniana-sukienka-m.jpg\",\"contentUrl\":\"https:\/\/talja.pl\/wp-content\/uploads\/2021\/04\/talja-lniana-sukienka-m.jpg\",\"width\":1080,\"height\":1620,\"caption\":\"www.talja.pl lniana sukienka\"},{\"@type\":\"BreadcrumbList\",\"@id\":\"https:\/\/talja.pl\/index.php\/produkt\/lniana-sukienka-aurea-dostepne-od-reki\/#breadcrumb\",\"itemListElement\":[{\"@type\":\"ListItem\",\"position\":1,\"name\":\"Strona g\u0142\u00f3wna\",\"item\":\"https:\/\/talja.pl\/\"},{\"@type\":\"ListItem\",\"position\":2,\"name\":\"talja.pl\",\"item\":\"https:\/\/talja.pl\/index.php\/sklep\/\"},{\"@type\":\"ListItem\",\"position\":3,\"name\":\"Lniana sukienka AUREA-kolory (wysy\u0142ka 48h)\"}]},{\"@type\":\"WebSite\",\"@id\":\"https:\/\/talja.pl\/#website\",\"url\":\"https:\/\/talja.pl\/\",\"name\":\"www.talja.pl\",\"description\":\"\",\"publisher\":{\"@id\":\"https:\/\/talja.pl\/#organization\"},\"potentialAction\":[{\"@type\":\"SearchAction\",\"target\":{\"@type\":\"EntryPoint\",\"urlTemplate\":\"https:\/\/talja.pl\/?s={search_term_string}\"},\"query-input\":{\"@type\":\"PropertyValueSpecification\",\"valueRequired\":true,\"valueName\":\"search_term_string\"}}],\"inLanguage\":\"pl-PL\"},{\"@type\":\"Organization\",\"@id\":\"https:\/\/talja.pl\/#organization\",\"name\":\"Talja\",\"url\":\"https:\/\/talja.pl\/\",\"logo\":{\"@type\":\"ImageObject\",\"inLanguage\":\"pl-PL\",\"@id\":\"https:\/\/talja.pl\/#\/schema\/logo\/image\/\",\"url\":\"https:\/\/talja.pl\/wp-content\/uploads\/2019\/06\/baner-talja-2.jpg\",\"contentUrl\":\"https:\/\/talja.pl\/wp-content\/uploads\/2019\/06\/baner-talja-2.jpg\",\"width\":1300,\"height\":300,\"caption\":\"Talja\"},\"image\":{\"@id\":\"https:\/\/talja.pl\/#\/schema\/logo\/image\/\"},\"sameAs\":[\"https:\/\/www.facebook.com\/Talja-418285408906660\/\",\"https:\/\/x.com\/talja_pracownia\",\"https:\/\/www.instagram.com\/talja_pracownia\/\"]}]}<\/script>\n<!-- \/ Yoast SEO plugin. -->","yoast_head_json":{"title":"Lniana sukienka AUREA-kolory (wysy\u0142ka 48h) - www.talja.pl","description":"Sukienka lniana Aurea to kwintesencja kobieco\u015bci, subtelno\u015bci i romantyczno\u015bci. Uszyta w niewielkiej polskiej manufakturze dla Ciebie !","robots":{"index":"index","follow":"follow","max-snippet":"max-snippet:-1","max-image-preview":"max-image-preview:large","max-video-preview":"max-video-preview:-1"},"canonical":"https:\/\/talja.pl\/index.php\/produkt\/lniana-sukienka-aurea-dostepne-od-reki\/","og_locale":"pl_PL","og_type":"article","og_title":"Lniana sukienka AUREA-kolory (wysy\u0142ka 48h) - www.talja.pl","og_description":"Sukienka lniana Aurea to kwintesencja kobieco\u015bci, subtelno\u015bci i romantyczno\u015bci. Uszyta w niewielkiej polskiej manufakturze dla Ciebie !","og_url":"https:\/\/talja.pl\/index.php\/produkt\/lniana-sukienka-aurea-dostepne-od-reki\/","og_site_name":"www.talja.pl","article_publisher":"https:\/\/www.facebook.com\/Talja-418285408906660\/","article_modified_time":"2026-02-02T14:36:32+00:00","og_image":[{"width":1080,"height":1620,"url":"https:\/\/talja.pl\/wp-content\/uploads\/2021\/04\/talja-lniana-sukienka-m.jpg","type":"image\/jpeg"}],"twitter_card":"summary_large_image","twitter_site":"@talja_pracownia","twitter_misc":{"Szacowany czas czytania":"3 minuty"},"schema":{"@context":"https:\/\/schema.org","@graph":[{"@type":"WebPage","@id":"https:\/\/talja.pl\/index.php\/produkt\/lniana-sukienka-aurea-dostepne-od-reki\/","url":"https:\/\/talja.pl\/index.php\/produkt\/lniana-sukienka-aurea-dostepne-od-reki\/","name":"Lniana sukienka AUREA-kolory (wysy\u0142ka 48h) - www.talja.pl","isPartOf":{"@id":"https:\/\/talja.pl\/#website"},"primaryImageOfPage":{"@id":"https:\/\/talja.pl\/index.php\/produkt\/lniana-sukienka-aurea-dostepne-od-reki\/#primaryimage"},"image":{"@id":"https:\/\/talja.pl\/index.php\/produkt\/lniana-sukienka-aurea-dostepne-od-reki\/#primaryimage"},"thumbnailUrl":"https:\/\/talja.pl\/wp-content\/uploads\/2021\/04\/talja-lniana-sukienka-m.jpg","datePublished":"2024-06-10T17:34:32+00:00","dateModified":"2026-02-02T14:36:32+00:00","description":"Sukienka lniana Aurea to kwintesencja kobieco\u015bci, subtelno\u015bci i romantyczno\u015bci. Uszyta w niewielkiej polskiej manufakturze dla Ciebie !","breadcrumb":{"@id":"https:\/\/talja.pl\/index.php\/produkt\/lniana-sukienka-aurea-dostepne-od-reki\/#breadcrumb"},"inLanguage":"pl-PL","potentialAction":[{"@type":"ReadAction","target":["https:\/\/talja.pl\/index.php\/produkt\/lniana-sukienka-aurea-dostepne-od-reki\/"]}]},{"@type":"ImageObject","inLanguage":"pl-PL","@id":"https:\/\/talja.pl\/index.php\/produkt\/lniana-sukienka-aurea-dostepne-od-reki\/#primaryimage","url":"https:\/\/talja.pl\/wp-content\/uploads\/2021\/04\/talja-lniana-sukienka-m.jpg","contentUrl":"https:\/\/talja.pl\/wp-content\/uploads\/2021\/04\/talja-lniana-sukienka-m.jpg","width":1080,"height":1620,"caption":"www.talja.pl lniana sukienka"},{"@type":"BreadcrumbList","@id":"https:\/\/talja.pl\/index.php\/produkt\/lniana-sukienka-aurea-dostepne-od-reki\/#breadcrumb","itemListElement":[{"@type":"ListItem","position":1,"name":"Strona g\u0142\u00f3wna","item":"https:\/\/talja.pl\/"},{"@type":"ListItem","position":2,"name":"talja.pl","item":"https:\/\/talja.pl\/index.php\/sklep\/"},{"@type":"ListItem","position":3,"name":"Lniana sukienka AUREA-kolory (wysy\u0142ka 48h)"}]},{"@type":"WebSite","@id":"https:\/\/talja.pl\/#website","url":"https:\/\/talja.pl\/","name":"www.talja.pl","description":"","publisher":{"@id":"https:\/\/talja.pl\/#organization"},"potentialAction":[{"@type":"SearchAction","target":{"@type":"EntryPoint","urlTemplate":"https:\/\/talja.pl\/?s={search_term_string}"},"query-input":{"@type":"PropertyValueSpecification","valueRequired":true,"valueName":"search_term_string"}}],"inLanguage":"pl-PL"},{"@type":"Organization","@id":"https:\/\/talja.pl\/#organization","name":"Talja","url":"https:\/\/talja.pl\/","logo":{"@type":"ImageObject","inLanguage":"pl-PL","@id":"https:\/\/talja.pl\/#\/schema\/logo\/image\/","url":"https:\/\/talja.pl\/wp-content\/uploads\/2019\/06\/baner-talja-2.jpg","contentUrl":"https:\/\/talja.pl\/wp-content\/uploads\/2019\/06\/baner-talja-2.jpg","width":1300,"height":300,"caption":"Talja"},"image":{"@id":"https:\/\/talja.pl\/#\/schema\/logo\/image\/"},"sameAs":["https:\/\/www.facebook.com\/Talja-418285408906660\/","https:\/\/x.com\/talja_pracownia","https:\/\/www.instagram.com\/talja_pracownia\/"]}]}},"_links":{"self":[{"href":"https:\/\/talja.pl\/index.php\/wp-json\/wp\/v2\/product\/9067","targetHints":{"allow":["GET"]}}],"collection":[{"href":"https:\/\/talja.pl\/index.php\/wp-json\/wp\/v2\/product"}],"about":[{"href":"https:\/\/talja.pl\/index.php\/wp-json\/wp\/v2\/types\/product"}],"replies":[{"embeddable":true,"href":"https:\/\/talja.pl\/index.php\/wp-json\/wp\/v2\/comments?post=9067"}],"version-history":[{"count":4,"href":"https:\/\/talja.pl\/index.php\/wp-json\/wp\/v2\/product\/9067\/revisions"}],"predecessor-version":[{"id":9077,"href":"https:\/\/talja.pl\/index.php\/wp-json\/wp\/v2\/product\/9067\/revisions\/9077"}],"wp:featuredmedia":[{"embeddable":true,"href":"https:\/\/talja.pl\/index.php\/wp-json\/wp\/v2\/media\/3643"}],"wp:attachment":[{"href":"https:\/\/talja.pl\/index.php\/wp-json\/wp\/v2\/media?parent=9067"}],"wp:term":[{"taxonomy":"product_brand","embeddable":true,"href":"https:\/\/talja.pl\/index.php\/wp-json\/wp\/v2\/product_brand?post=9067"},{"taxonomy":"product_cat","embeddable":true,"href":"https:\/\/talja.pl\/index.php\/wp-json\/wp\/v2\/product_cat?post=9067"},{"taxonomy":"product_tag","embeddable":true,"href":"https:\/\/talja.pl\/index.php\/wp-json\/wp\/v2\/product_tag?post=9067"}],"curies":[{"name":"wp","href":"https:\/\/api.w.org\/{rel}","templated":true}]}}