{"id":9567,"date":"2023-11-11T12:11:52","date_gmt":"2023-11-11T11:11:52","guid":{"rendered":"https:\/\/talja.pl\/?post_type=product&#038;p=9567"},"modified":"2026-01-26T13:31:07","modified_gmt":"2026-01-26T12:31:07","slug":"lniana-gumka-do-wlosow-wafelkowa-8-kolorow","status":"publish","type":"product","link":"https:\/\/talja.pl\/index.php\/produkt\/lniana-gumka-do-wlosow-wafelkowa-8-kolorow\/","title":{"rendered":"Lniana GUMKA do w\u0142os\u00f3w ( wafelkowa) &#8211; 8 kolor\u00f3w"},"content":{"rendered":"<p>Lniana gumka do w\u0142os\u00f3w<\/p>\n<h4><strong>Sk\u0142ad<\/strong><\/h4>\n<p>len 48%, bawe\u0142na 52%<\/p>\n<p class=\"responsive-video-wrap clr\"><iframe title=\"Lniane scrunchies | frotki do w\u0142os\u00f3w\" width=\"563\" height=\"1000\" src=\"https:\/\/www.youtube.com\/embed\/YE0SEmdRDj4?feature=oembed\" frameborder=\"0\" allow=\"accelerometer; autoplay; clipboard-write; encrypted-media; gyroscope; picture-in-picture; web-share\" referrerpolicy=\"strict-origin-when-cross-origin\" allowfullscreen><\/iframe><\/p>\n","protected":false},"excerpt":{"rendered":"<p>Lniana gumka do w\u0142os\u00f3w w 8 pi\u0119knych kolorach i zachwycaj\u0105cej, wafelkowej strukturze. Mi\u0119sista i przyjemna. Noszona na nadgarstku b\u0119dzie niebanaln\u0105 ozdob\u0105, niczym wytworna bransoleta.<\/p>\n<p>Lniane scrunchies powsta\u0142y ze skrawk\u00f3w tkanin szytych po naszych wafelkowych sweterkach , kt\u00f3re zakupisz <em><strong><a href=\"https:\/\/talja.pl\/index.php\/produkt\/sweter-wafelek-kolory\/\">tutaj.<\/a> <\/strong><\/em>Je\u015bli tylko pragniesz\u00a0 &#8211; stw\u00f3rz sobie niebanalny zestaw sweterek + gumka w tym samym kolorze!<\/p>\n<p>Nasze klasyczne lniane scrunchies znajdziesz<a href=\"https:\/\/talja.pl\/index.php\/produkt\/lniana-gumka-do-wlosow\/\"><em><strong> tutaj.<\/strong><\/em><\/a><\/p>\n<p>Uszyte w niewielkiej, polskiej manufakturze w Szczecinie w duchu idei <em>zerowaste.<\/em><\/p>\n<h5>Wysy\u0142ka w : do 48h<\/h5>\n","protected":false},"featured_media":9570,"comment_status":"open","ping_status":"closed","template":"","meta":[],"product_brand":[],"product_cat":[16,32],"product_tag":[36,25],"class_list":{"0":"post-9567","1":"product","2":"type-product","3":"status-publish","4":"has-post-thumbnail","6":"product_cat-accessories","7":"product_cat-dostepne-od-reki","8":"product_tag-gumka-do-wlosow","9":"product_tag-len","11":"entry","12":"has-media","14":"first","15":"instock","16":"taxable","17":"shipping-taxable","18":"purchasable","19":"product-type-variable","20":"wvs-archive-product-wrapper","21":"has-product-nav","22":"col","23":"span_1_of_4","24":"owp-content-center","25":"owp-thumbs-layout-horizontal","26":"owp-btn-big","27":"owp-tabs-layout-horizontal"},"yoast_head":"<!-- This site is optimized with the Yoast SEO plugin v27.0 - https:\/\/yoast.com\/product\/yoast-seo-wordpress\/ -->\n<title>Lniana GUMKA do w\u0142os\u00f3w ( wafelkowa) - 8 kolor\u00f3w - www.talja.pl<\/title>\n<meta name=\"description\" content=\"Lniana gumka do w\u0142os\u00f3w w 8 pi\u0119knych kolorach i zachwycaj\u0105cej, wafelkowej strukturze. Uszyte w niewielkiej, polskiej manufakturze w Szczecinie.\" \/>\n<meta name=\"robots\" content=\"index, follow, max-snippet:-1, max-image-preview:large, max-video-preview:-1\" \/>\n<link rel=\"canonical\" href=\"https:\/\/talja.pl\/index.php\/produkt\/lniana-gumka-do-wlosow-wafelkowa-8-kolorow\/\" \/>\n<meta property=\"og:locale\" content=\"pl_PL\" \/>\n<meta property=\"og:type\" content=\"article\" \/>\n<meta property=\"og:title\" content=\"Lniana GUMKA do w\u0142os\u00f3w ( wafelkowa) - 8 kolor\u00f3w - www.talja.pl\" \/>\n<meta property=\"og:description\" content=\"Lniana gumka do w\u0142os\u00f3w w 8 pi\u0119knych kolorach i zachwycaj\u0105cej, wafelkowej strukturze. Uszyte w niewielkiej, polskiej manufakturze w Szczecinie.\" \/>\n<meta property=\"og:url\" content=\"https:\/\/talja.pl\/index.php\/produkt\/lniana-gumka-do-wlosow-wafelkowa-8-kolorow\/\" \/>\n<meta property=\"og:site_name\" content=\"www.talja.pl\" \/>\n<meta property=\"article:publisher\" content=\"https:\/\/www.facebook.com\/Talja-418285408906660\/\" \/>\n<meta property=\"article:modified_time\" content=\"2026-01-26T12:31:07+00:00\" \/>\n<meta property=\"og:image\" content=\"https:\/\/talja.pl\/wp-content\/uploads\/2024\/01\/lniana-gumka-Plik_002-e1704973852430.jpeg\" \/>\n\t<meta property=\"og:image:width\" content=\"1199\" \/>\n\t<meta property=\"og:image:height\" content=\"1781\" \/>\n\t<meta property=\"og:image:type\" content=\"image\/jpeg\" \/>\n<meta name=\"twitter:card\" content=\"summary_large_image\" \/>\n<meta name=\"twitter:site\" content=\"@talja_pracownia\" \/>\n<meta name=\"twitter:label1\" content=\"Szacowany czas czytania\" \/>\n\t<meta name=\"twitter:data1\" content=\"1 minuta\" \/>\n<script type=\"application\/ld+json\" class=\"yoast-schema-graph\">{\"@context\":\"https:\/\/schema.org\",\"@graph\":[{\"@type\":\"WebPage\",\"@id\":\"https:\/\/talja.pl\/index.php\/produkt\/lniana-gumka-do-wlosow-wafelkowa-8-kolorow\/\",\"url\":\"https:\/\/talja.pl\/index.php\/produkt\/lniana-gumka-do-wlosow-wafelkowa-8-kolorow\/\",\"name\":\"Lniana GUMKA do w\u0142os\u00f3w ( wafelkowa) - 8 kolor\u00f3w - www.talja.pl\",\"isPartOf\":{\"@id\":\"https:\/\/talja.pl\/#website\"},\"primaryImageOfPage\":{\"@id\":\"https:\/\/talja.pl\/index.php\/produkt\/lniana-gumka-do-wlosow-wafelkowa-8-kolorow\/#primaryimage\"},\"image\":{\"@id\":\"https:\/\/talja.pl\/index.php\/produkt\/lniana-gumka-do-wlosow-wafelkowa-8-kolorow\/#primaryimage\"},\"thumbnailUrl\":\"https:\/\/talja.pl\/wp-content\/uploads\/2024\/01\/lniana-gumka-Plik_002-e1704973852430.jpeg\",\"datePublished\":\"2023-11-11T11:11:52+00:00\",\"dateModified\":\"2026-01-26T12:31:07+00:00\",\"description\":\"Lniana gumka do w\u0142os\u00f3w w 8 pi\u0119knych kolorach i zachwycaj\u0105cej, wafelkowej strukturze. Uszyte w niewielkiej, polskiej manufakturze w Szczecinie.\",\"breadcrumb\":{\"@id\":\"https:\/\/talja.pl\/index.php\/produkt\/lniana-gumka-do-wlosow-wafelkowa-8-kolorow\/#breadcrumb\"},\"inLanguage\":\"pl-PL\",\"potentialAction\":[{\"@type\":\"ReadAction\",\"target\":[\"https:\/\/talja.pl\/index.php\/produkt\/lniana-gumka-do-wlosow-wafelkowa-8-kolorow\/\"]}]},{\"@type\":\"ImageObject\",\"inLanguage\":\"pl-PL\",\"@id\":\"https:\/\/talja.pl\/index.php\/produkt\/lniana-gumka-do-wlosow-wafelkowa-8-kolorow\/#primaryimage\",\"url\":\"https:\/\/talja.pl\/wp-content\/uploads\/2024\/01\/lniana-gumka-Plik_002-e1704973852430.jpeg\",\"contentUrl\":\"https:\/\/talja.pl\/wp-content\/uploads\/2024\/01\/lniana-gumka-Plik_002-e1704973852430.jpeg\",\"width\":1199,\"height\":1781,\"caption\":\"lniana scrunchie talja pracownia\"},{\"@type\":\"BreadcrumbList\",\"@id\":\"https:\/\/talja.pl\/index.php\/produkt\/lniana-gumka-do-wlosow-wafelkowa-8-kolorow\/#breadcrumb\",\"itemListElement\":[{\"@type\":\"ListItem\",\"position\":1,\"name\":\"Strona g\u0142\u00f3wna\",\"item\":\"https:\/\/talja.pl\/\"},{\"@type\":\"ListItem\",\"position\":2,\"name\":\"talja.pl\",\"item\":\"https:\/\/talja.pl\/index.php\/sklep\/\"},{\"@type\":\"ListItem\",\"position\":3,\"name\":\"Lniana GUMKA do w\u0142os\u00f3w ( wafelkowa) &#8211; 8 kolor\u00f3w\"}]},{\"@type\":\"WebSite\",\"@id\":\"https:\/\/talja.pl\/#website\",\"url\":\"https:\/\/talja.pl\/\",\"name\":\"www.talja.pl\",\"description\":\"\",\"publisher\":{\"@id\":\"https:\/\/talja.pl\/#organization\"},\"potentialAction\":[{\"@type\":\"SearchAction\",\"target\":{\"@type\":\"EntryPoint\",\"urlTemplate\":\"https:\/\/talja.pl\/?s={search_term_string}\"},\"query-input\":{\"@type\":\"PropertyValueSpecification\",\"valueRequired\":true,\"valueName\":\"search_term_string\"}}],\"inLanguage\":\"pl-PL\"},{\"@type\":\"Organization\",\"@id\":\"https:\/\/talja.pl\/#organization\",\"name\":\"Talja\",\"url\":\"https:\/\/talja.pl\/\",\"logo\":{\"@type\":\"ImageObject\",\"inLanguage\":\"pl-PL\",\"@id\":\"https:\/\/talja.pl\/#\/schema\/logo\/image\/\",\"url\":\"https:\/\/talja.pl\/wp-content\/uploads\/2019\/06\/baner-talja-2.jpg\",\"contentUrl\":\"https:\/\/talja.pl\/wp-content\/uploads\/2019\/06\/baner-talja-2.jpg\",\"width\":1300,\"height\":300,\"caption\":\"Talja\"},\"image\":{\"@id\":\"https:\/\/talja.pl\/#\/schema\/logo\/image\/\"},\"sameAs\":[\"https:\/\/www.facebook.com\/Talja-418285408906660\/\",\"https:\/\/x.com\/talja_pracownia\",\"https:\/\/www.instagram.com\/talja_pracownia\/\"]}]}<\/script>\n<!-- \/ Yoast SEO plugin. -->","yoast_head_json":{"title":"Lniana GUMKA do w\u0142os\u00f3w ( wafelkowa) - 8 kolor\u00f3w - www.talja.pl","description":"Lniana gumka do w\u0142os\u00f3w w 8 pi\u0119knych kolorach i zachwycaj\u0105cej, wafelkowej strukturze. Uszyte w niewielkiej, polskiej manufakturze w Szczecinie.","robots":{"index":"index","follow":"follow","max-snippet":"max-snippet:-1","max-image-preview":"max-image-preview:large","max-video-preview":"max-video-preview:-1"},"canonical":"https:\/\/talja.pl\/index.php\/produkt\/lniana-gumka-do-wlosow-wafelkowa-8-kolorow\/","og_locale":"pl_PL","og_type":"article","og_title":"Lniana GUMKA do w\u0142os\u00f3w ( wafelkowa) - 8 kolor\u00f3w - www.talja.pl","og_description":"Lniana gumka do w\u0142os\u00f3w w 8 pi\u0119knych kolorach i zachwycaj\u0105cej, wafelkowej strukturze. Uszyte w niewielkiej, polskiej manufakturze w Szczecinie.","og_url":"https:\/\/talja.pl\/index.php\/produkt\/lniana-gumka-do-wlosow-wafelkowa-8-kolorow\/","og_site_name":"www.talja.pl","article_publisher":"https:\/\/www.facebook.com\/Talja-418285408906660\/","article_modified_time":"2026-01-26T12:31:07+00:00","og_image":[{"width":1199,"height":1781,"url":"https:\/\/talja.pl\/wp-content\/uploads\/2024\/01\/lniana-gumka-Plik_002-e1704973852430.jpeg","type":"image\/jpeg"}],"twitter_card":"summary_large_image","twitter_site":"@talja_pracownia","twitter_misc":{"Szacowany czas czytania":"1 minuta"},"schema":{"@context":"https:\/\/schema.org","@graph":[{"@type":"WebPage","@id":"https:\/\/talja.pl\/index.php\/produkt\/lniana-gumka-do-wlosow-wafelkowa-8-kolorow\/","url":"https:\/\/talja.pl\/index.php\/produkt\/lniana-gumka-do-wlosow-wafelkowa-8-kolorow\/","name":"Lniana GUMKA do w\u0142os\u00f3w ( wafelkowa) - 8 kolor\u00f3w - www.talja.pl","isPartOf":{"@id":"https:\/\/talja.pl\/#website"},"primaryImageOfPage":{"@id":"https:\/\/talja.pl\/index.php\/produkt\/lniana-gumka-do-wlosow-wafelkowa-8-kolorow\/#primaryimage"},"image":{"@id":"https:\/\/talja.pl\/index.php\/produkt\/lniana-gumka-do-wlosow-wafelkowa-8-kolorow\/#primaryimage"},"thumbnailUrl":"https:\/\/talja.pl\/wp-content\/uploads\/2024\/01\/lniana-gumka-Plik_002-e1704973852430.jpeg","datePublished":"2023-11-11T11:11:52+00:00","dateModified":"2026-01-26T12:31:07+00:00","description":"Lniana gumka do w\u0142os\u00f3w w 8 pi\u0119knych kolorach i zachwycaj\u0105cej, wafelkowej strukturze. Uszyte w niewielkiej, polskiej manufakturze w Szczecinie.","breadcrumb":{"@id":"https:\/\/talja.pl\/index.php\/produkt\/lniana-gumka-do-wlosow-wafelkowa-8-kolorow\/#breadcrumb"},"inLanguage":"pl-PL","potentialAction":[{"@type":"ReadAction","target":["https:\/\/talja.pl\/index.php\/produkt\/lniana-gumka-do-wlosow-wafelkowa-8-kolorow\/"]}]},{"@type":"ImageObject","inLanguage":"pl-PL","@id":"https:\/\/talja.pl\/index.php\/produkt\/lniana-gumka-do-wlosow-wafelkowa-8-kolorow\/#primaryimage","url":"https:\/\/talja.pl\/wp-content\/uploads\/2024\/01\/lniana-gumka-Plik_002-e1704973852430.jpeg","contentUrl":"https:\/\/talja.pl\/wp-content\/uploads\/2024\/01\/lniana-gumka-Plik_002-e1704973852430.jpeg","width":1199,"height":1781,"caption":"lniana scrunchie talja pracownia"},{"@type":"BreadcrumbList","@id":"https:\/\/talja.pl\/index.php\/produkt\/lniana-gumka-do-wlosow-wafelkowa-8-kolorow\/#breadcrumb","itemListElement":[{"@type":"ListItem","position":1,"name":"Strona g\u0142\u00f3wna","item":"https:\/\/talja.pl\/"},{"@type":"ListItem","position":2,"name":"talja.pl","item":"https:\/\/talja.pl\/index.php\/sklep\/"},{"@type":"ListItem","position":3,"name":"Lniana GUMKA do w\u0142os\u00f3w ( wafelkowa) &#8211; 8 kolor\u00f3w"}]},{"@type":"WebSite","@id":"https:\/\/talja.pl\/#website","url":"https:\/\/talja.pl\/","name":"www.talja.pl","description":"","publisher":{"@id":"https:\/\/talja.pl\/#organization"},"potentialAction":[{"@type":"SearchAction","target":{"@type":"EntryPoint","urlTemplate":"https:\/\/talja.pl\/?s={search_term_string}"},"query-input":{"@type":"PropertyValueSpecification","valueRequired":true,"valueName":"search_term_string"}}],"inLanguage":"pl-PL"},{"@type":"Organization","@id":"https:\/\/talja.pl\/#organization","name":"Talja","url":"https:\/\/talja.pl\/","logo":{"@type":"ImageObject","inLanguage":"pl-PL","@id":"https:\/\/talja.pl\/#\/schema\/logo\/image\/","url":"https:\/\/talja.pl\/wp-content\/uploads\/2019\/06\/baner-talja-2.jpg","contentUrl":"https:\/\/talja.pl\/wp-content\/uploads\/2019\/06\/baner-talja-2.jpg","width":1300,"height":300,"caption":"Talja"},"image":{"@id":"https:\/\/talja.pl\/#\/schema\/logo\/image\/"},"sameAs":["https:\/\/www.facebook.com\/Talja-418285408906660\/","https:\/\/x.com\/talja_pracownia","https:\/\/www.instagram.com\/talja_pracownia\/"]}]}},"_links":{"self":[{"href":"https:\/\/talja.pl\/index.php\/wp-json\/wp\/v2\/product\/9567","targetHints":{"allow":["GET"]}}],"collection":[{"href":"https:\/\/talja.pl\/index.php\/wp-json\/wp\/v2\/product"}],"about":[{"href":"https:\/\/talja.pl\/index.php\/wp-json\/wp\/v2\/types\/product"}],"replies":[{"embeddable":true,"href":"https:\/\/talja.pl\/index.php\/wp-json\/wp\/v2\/comments?post=9567"}],"version-history":[{"count":5,"href":"https:\/\/talja.pl\/index.php\/wp-json\/wp\/v2\/product\/9567\/revisions"}],"predecessor-version":[{"id":9577,"href":"https:\/\/talja.pl\/index.php\/wp-json\/wp\/v2\/product\/9567\/revisions\/9577"}],"wp:featuredmedia":[{"embeddable":true,"href":"https:\/\/talja.pl\/index.php\/wp-json\/wp\/v2\/media\/9570"}],"wp:attachment":[{"href":"https:\/\/talja.pl\/index.php\/wp-json\/wp\/v2\/media?parent=9567"}],"wp:term":[{"taxonomy":"product_brand","embeddable":true,"href":"https:\/\/talja.pl\/index.php\/wp-json\/wp\/v2\/product_brand?post=9567"},{"taxonomy":"product_cat","embeddable":true,"href":"https:\/\/talja.pl\/index.php\/wp-json\/wp\/v2\/product_cat?post=9567"},{"taxonomy":"product_tag","embeddable":true,"href":"https:\/\/talja.pl\/index.php\/wp-json\/wp\/v2\/product_tag?post=9567"}],"curies":[{"name":"wp","href":"https:\/\/api.w.org\/{rel}","templated":true}]}}