{"id":9702,"date":"2024-07-24T14:27:54","date_gmt":"2024-07-24T12:27:54","guid":{"rendered":"https:\/\/talja.pl\/?post_type=product&#038;p=9702"},"modified":"2026-01-29T10:32:40","modified_gmt":"2026-01-29T09:32:40","slug":"sukienka-z-wiskozy-estera","status":"publish","type":"product","link":"https:\/\/talja.pl\/index.php\/produkt\/sukienka-z-wiskozy-estera\/","title":{"rendered":"ESTERA  OSTATNIE SZTUKI!"},"content":{"rendered":"<p>Wiskozowa sukienka\u00a0 ESTERA to zupe\u0142na nowo\u015b\u0107 w naszej pracowni. Uszyta z cudownie przyjemnej w dotyku, lej\u0105cej tkaniny wiskozowej w niezwykle twarzowym princie w drobne kwiatki.\u00a0 ESTERA\u00a0 to wdzi\u0119czna midi sukienka, kt\u00f3r\u0105 za\u0142o\u017cysz na wiele okazji: wyj\u015bcie do parku, na randk\u0119 czy na wa\u017cn\u0105 uroczysto\u015b\u0107.<\/p>\n<h4><strong>Za co j\u0105 pokochasz?\u00a0<\/strong><\/h4>\n<ul>\n<li><strong>kr\u00f3j z wszytym geometrycznym pasem podkre\u015blaj\u0105cym ob\u0142\u0119dnie tali\u0119<\/strong>;\u00a0 nawet je\u015bli my\u015blisz, \u017ce jej nie masz \u2013 zaskoczenie ! \u2013 w tym fasonie j\u0105 odkryjesz!<\/li>\n<li>szarfy, dzi\u0119ki kt\u00f3rym wyeksponujesz tali\u0119 jeszcze pi\u0119kniej<\/li>\n<li>zamek kryty w szwie bocznym<\/li>\n<li><strong>efektowne, mnogie marszczenia, kt\u00f3re dodaj\u0105 sukience lekko\u015bci i dziewcz\u0119co\u015bci<\/strong><\/li>\n<li><strong>zwiewny d\u00f3\u0142, wyko\u0144czony falbank\u0105, dodaj\u0105cy filigranowo\u015bci<br \/>\n<\/strong><\/li>\n<li>r\u0119kawki d\u0142ugo\u015bci 3\/4 wyko\u0144czone zgrabn\u0105 gumeczk\u0105. Dzi\u0119ki niej mo\u017cesz je r\u00f3wnie\u017c podci\u0105gn\u0105\u0107 przed \u0142okie\u0107,<\/li>\n<li>d\u0142ugo\u015b\u0107 MIDI nawi\u0105zuj\u0105ca do stylu vintage<\/li>\n<li>uszycie z dba\u0142o\u015bci\u0105 w niewielkiej manufakturze w Szczecinie<\/li>\n<\/ul>\n<p class=\"responsive-video-wrap clr\"><iframe title=\"Sukienka Estera z pracowni Talja www.talja.pl\" width=\"563\" height=\"1000\" src=\"https:\/\/www.youtube.com\/embed\/6jnJFv5fZEM?feature=oembed\" frameborder=\"0\" allow=\"accelerometer; autoplay; clipboard-write; encrypted-media; gyroscope; picture-in-picture; web-share\" referrerpolicy=\"strict-origin-when-cross-origin\" allowfullscreen><\/iframe><\/p>\n<table width=\"502\">\n<tbody>\n<tr>\n<td colspan=\"6\" width=\"502\">Wymiary gotowego ubrania mierzonego na p\u0142asko:<\/td>\n<\/tr>\n<tr>\n<td width=\"157\">Estera<\/td>\n<td>S<\/td>\n<td>M<\/td>\n<td>L<\/td>\n<td>XL<\/td>\n<td>XXL<\/td>\n<\/tr>\n<tr>\n<td width=\"157\">Szeroko\u015b\u0107 w biu\u015bcie\u00a0 (cm)<\/td>\n<td>44<\/td>\n<td>46<\/td>\n<td>48<\/td>\n<td>50<\/td>\n<td>52<\/td>\n<\/tr>\n<tr>\n<td>Szeroko\u015b\u0107 w talii (cm)<\/td>\n<td>35,5<\/td>\n<td>37,5<\/td>\n<td>39,5<\/td>\n<td>41,5<\/td>\n<td>43,5<\/td>\n<\/tr>\n<tr>\n<td>D\u0142ugo\u015b\u0107 sukienki ( cm)<\/td>\n<td>115<\/td>\n<td>115,5<\/td>\n<td>116<\/td>\n<td>116,5<\/td>\n<td>117<\/td>\n<\/tr>\n<\/tbody>\n<\/table>\n<p>Wymiary +-2cm<\/p>\n<p>Natalia ma wzrost 173cm, obw\u00f3d biustu 83cm i prezentuje rozmiar S.<\/p>\n<p><strong>Sk\u0142ad<\/strong> : przepi\u0119knie lej\u0105ca tkanina wiskoza 100% , produkcji holenderskiej<\/p>\n<p><em>Masz pytania , w\u0105tpliwo\u015bci? Nie wiesz, kt\u00f3ry rozmiar wybra\u0107, lub chcia\u0142aby\u015b spersonalizowa\u0107 sukienk\u0119? Napisz do nas na kotankt@talja.pl \u2013 z ch\u0119ci\u0105 pomo\u017cemy!<\/em><\/p>\n","protected":false},"excerpt":{"rendered":"<div class=\"woocommerce-product-details__short-description\">\n<p>Subtelna wiskozowa sukienka w pi\u0119kny kwiecisty print.<\/p>\n<p><strong>Sk\u0142ad : Wiskoza 100%\u00a0<\/strong><\/p>\n<p>Szyta w kameralnej pracowni w Szczecinie. Zamawiaj\u0105c w Talji wspierasz polskie rzemios\u0142o.<\/p>\n<p><strong>Wysy\u0142ka: \u00a0sukienki mamy ju\u017c uszyte \u00a0i wy\u015blemy je do Ciebie w przeci\u0105gu 48h\u00a0<\/strong><\/p>\n<hr \/>\n<p><em>\u00a0<\/em><\/p>\n<\/div>\n","protected":false},"featured_media":9720,"comment_status":"open","ping_status":"closed","template":"","meta":[],"product_brand":[],"product_cat":[15,32,140,130],"product_tag":[26,120,119],"class_list":{"0":"post-9702","1":"product","2":"type-product","3":"status-publish","4":"has-post-thumbnail","6":"product_cat-bez-kategorii","7":"product_cat-dostepne-od-reki","8":"product_cat-sukienki-dlugi-rekaw","9":"product_cat-sukienki-z-wiskozy-i-bawelny","10":"product_tag-sukienka","11":"product_tag-sukienka-wiskozowa","12":"product_tag-wiskoza","14":"entry","15":"has-media","17":"first","18":"instock","19":"sale","20":"taxable","21":"shipping-taxable","22":"purchasable","23":"product-type-variable","24":"wvs-archive-product-wrapper","25":"has-rating","26":"has-product-nav","27":"col","28":"span_1_of_4","29":"owp-content-center","30":"owp-thumbs-layout-horizontal","31":"owp-btn-big","32":"owp-tabs-layout-horizontal"},"yoast_head":"<!-- This site is optimized with the Yoast SEO plugin v27.0 - https:\/\/yoast.com\/product\/yoast-seo-wordpress\/ -->\n<title>ESTERA OSTATNIE SZTUKI! - www.talja.pl<\/title>\n<meta name=\"description\" content=\"Niezwykle eteryczna sukienka z wiskozy produkcji holenderskiej najwy\u017cszej jako\u015bci. Nowo\u015b\u0107 w naszej pracowni! Szyta w kameralnej pracowni w Szczecinie.\" \/>\n<meta name=\"robots\" content=\"index, follow, max-snippet:-1, max-image-preview:large, max-video-preview:-1\" \/>\n<link rel=\"canonical\" href=\"https:\/\/talja.pl\/index.php\/produkt\/sukienka-z-wiskozy-estera\/\" \/>\n<meta property=\"og:locale\" content=\"pl_PL\" \/>\n<meta property=\"og:type\" content=\"article\" \/>\n<meta property=\"og:title\" content=\"ESTERA OSTATNIE SZTUKI! - www.talja.pl\" \/>\n<meta property=\"og:description\" content=\"Niezwykle eteryczna sukienka z wiskozy produkcji holenderskiej najwy\u017cszej jako\u015bci. Nowo\u015b\u0107 w naszej pracowni! Szyta w kameralnej pracowni w Szczecinie.\" \/>\n<meta property=\"og:url\" content=\"https:\/\/talja.pl\/index.php\/produkt\/sukienka-z-wiskozy-estera\/\" \/>\n<meta property=\"og:site_name\" content=\"www.talja.pl\" \/>\n<meta property=\"article:publisher\" content=\"https:\/\/www.facebook.com\/Talja-418285408906660\/\" \/>\n<meta property=\"article:modified_time\" content=\"2026-01-29T09:32:40+00:00\" \/>\n<meta property=\"og:image\" content=\"https:\/\/talja.pl\/wp-content\/uploads\/2024\/01\/profil-estera-talja-sukienka.jpg\" \/>\n\t<meta property=\"og:image:width\" content=\"873\" \/>\n\t<meta property=\"og:image:height\" content=\"1295\" \/>\n\t<meta property=\"og:image:type\" content=\"image\/jpeg\" \/>\n<meta name=\"twitter:card\" content=\"summary_large_image\" \/>\n<meta name=\"twitter:site\" content=\"@talja_pracownia\" \/>\n<meta name=\"twitter:label1\" content=\"Szacowany czas czytania\" \/>\n\t<meta name=\"twitter:data1\" content=\"2 minuty\" \/>\n<script type=\"application\/ld+json\" class=\"yoast-schema-graph\">{\"@context\":\"https:\/\/schema.org\",\"@graph\":[{\"@type\":\"WebPage\",\"@id\":\"https:\/\/talja.pl\/index.php\/produkt\/sukienka-z-wiskozy-estera\/\",\"url\":\"https:\/\/talja.pl\/index.php\/produkt\/sukienka-z-wiskozy-estera\/\",\"name\":\"ESTERA OSTATNIE SZTUKI! - www.talja.pl\",\"isPartOf\":{\"@id\":\"https:\/\/talja.pl\/#website\"},\"primaryImageOfPage\":{\"@id\":\"https:\/\/talja.pl\/index.php\/produkt\/sukienka-z-wiskozy-estera\/#primaryimage\"},\"image\":{\"@id\":\"https:\/\/talja.pl\/index.php\/produkt\/sukienka-z-wiskozy-estera\/#primaryimage\"},\"thumbnailUrl\":\"https:\/\/talja.pl\/wp-content\/uploads\/2024\/01\/profil-estera-talja-sukienka.jpg\",\"datePublished\":\"2024-07-24T12:27:54+00:00\",\"dateModified\":\"2026-01-29T09:32:40+00:00\",\"description\":\"Niezwykle eteryczna sukienka z wiskozy produkcji holenderskiej najwy\u017cszej jako\u015bci. Nowo\u015b\u0107 w naszej pracowni! Szyta w kameralnej pracowni w Szczecinie.\",\"breadcrumb\":{\"@id\":\"https:\/\/talja.pl\/index.php\/produkt\/sukienka-z-wiskozy-estera\/#breadcrumb\"},\"inLanguage\":\"pl-PL\",\"potentialAction\":[{\"@type\":\"ReadAction\",\"target\":[\"https:\/\/talja.pl\/index.php\/produkt\/sukienka-z-wiskozy-estera\/\"]}]},{\"@type\":\"ImageObject\",\"inLanguage\":\"pl-PL\",\"@id\":\"https:\/\/talja.pl\/index.php\/produkt\/sukienka-z-wiskozy-estera\/#primaryimage\",\"url\":\"https:\/\/talja.pl\/wp-content\/uploads\/2024\/01\/profil-estera-talja-sukienka.jpg\",\"contentUrl\":\"https:\/\/talja.pl\/wp-content\/uploads\/2024\/01\/profil-estera-talja-sukienka.jpg\",\"width\":873,\"height\":1295},{\"@type\":\"BreadcrumbList\",\"@id\":\"https:\/\/talja.pl\/index.php\/produkt\/sukienka-z-wiskozy-estera\/#breadcrumb\",\"itemListElement\":[{\"@type\":\"ListItem\",\"position\":1,\"name\":\"Strona g\u0142\u00f3wna\",\"item\":\"https:\/\/talja.pl\/\"},{\"@type\":\"ListItem\",\"position\":2,\"name\":\"talja.pl\",\"item\":\"https:\/\/talja.pl\/index.php\/sklep\/\"},{\"@type\":\"ListItem\",\"position\":3,\"name\":\"ESTERA OSTATNIE SZTUKI!\"}]},{\"@type\":\"WebSite\",\"@id\":\"https:\/\/talja.pl\/#website\",\"url\":\"https:\/\/talja.pl\/\",\"name\":\"www.talja.pl\",\"description\":\"\",\"publisher\":{\"@id\":\"https:\/\/talja.pl\/#organization\"},\"potentialAction\":[{\"@type\":\"SearchAction\",\"target\":{\"@type\":\"EntryPoint\",\"urlTemplate\":\"https:\/\/talja.pl\/?s={search_term_string}\"},\"query-input\":{\"@type\":\"PropertyValueSpecification\",\"valueRequired\":true,\"valueName\":\"search_term_string\"}}],\"inLanguage\":\"pl-PL\"},{\"@type\":\"Organization\",\"@id\":\"https:\/\/talja.pl\/#organization\",\"name\":\"Talja\",\"url\":\"https:\/\/talja.pl\/\",\"logo\":{\"@type\":\"ImageObject\",\"inLanguage\":\"pl-PL\",\"@id\":\"https:\/\/talja.pl\/#\/schema\/logo\/image\/\",\"url\":\"https:\/\/talja.pl\/wp-content\/uploads\/2019\/06\/baner-talja-2.jpg\",\"contentUrl\":\"https:\/\/talja.pl\/wp-content\/uploads\/2019\/06\/baner-talja-2.jpg\",\"width\":1300,\"height\":300,\"caption\":\"Talja\"},\"image\":{\"@id\":\"https:\/\/talja.pl\/#\/schema\/logo\/image\/\"},\"sameAs\":[\"https:\/\/www.facebook.com\/Talja-418285408906660\/\",\"https:\/\/x.com\/talja_pracownia\",\"https:\/\/www.instagram.com\/talja_pracownia\/\"]}]}<\/script>\n<!-- \/ Yoast SEO plugin. -->","yoast_head_json":{"title":"ESTERA OSTATNIE SZTUKI! - www.talja.pl","description":"Niezwykle eteryczna sukienka z wiskozy produkcji holenderskiej najwy\u017cszej jako\u015bci. Nowo\u015b\u0107 w naszej pracowni! Szyta w kameralnej pracowni w Szczecinie.","robots":{"index":"index","follow":"follow","max-snippet":"max-snippet:-1","max-image-preview":"max-image-preview:large","max-video-preview":"max-video-preview:-1"},"canonical":"https:\/\/talja.pl\/index.php\/produkt\/sukienka-z-wiskozy-estera\/","og_locale":"pl_PL","og_type":"article","og_title":"ESTERA OSTATNIE SZTUKI! - www.talja.pl","og_description":"Niezwykle eteryczna sukienka z wiskozy produkcji holenderskiej najwy\u017cszej jako\u015bci. Nowo\u015b\u0107 w naszej pracowni! Szyta w kameralnej pracowni w Szczecinie.","og_url":"https:\/\/talja.pl\/index.php\/produkt\/sukienka-z-wiskozy-estera\/","og_site_name":"www.talja.pl","article_publisher":"https:\/\/www.facebook.com\/Talja-418285408906660\/","article_modified_time":"2026-01-29T09:32:40+00:00","og_image":[{"width":873,"height":1295,"url":"https:\/\/talja.pl\/wp-content\/uploads\/2024\/01\/profil-estera-talja-sukienka.jpg","type":"image\/jpeg"}],"twitter_card":"summary_large_image","twitter_site":"@talja_pracownia","twitter_misc":{"Szacowany czas czytania":"2 minuty"},"schema":{"@context":"https:\/\/schema.org","@graph":[{"@type":"WebPage","@id":"https:\/\/talja.pl\/index.php\/produkt\/sukienka-z-wiskozy-estera\/","url":"https:\/\/talja.pl\/index.php\/produkt\/sukienka-z-wiskozy-estera\/","name":"ESTERA OSTATNIE SZTUKI! - www.talja.pl","isPartOf":{"@id":"https:\/\/talja.pl\/#website"},"primaryImageOfPage":{"@id":"https:\/\/talja.pl\/index.php\/produkt\/sukienka-z-wiskozy-estera\/#primaryimage"},"image":{"@id":"https:\/\/talja.pl\/index.php\/produkt\/sukienka-z-wiskozy-estera\/#primaryimage"},"thumbnailUrl":"https:\/\/talja.pl\/wp-content\/uploads\/2024\/01\/profil-estera-talja-sukienka.jpg","datePublished":"2024-07-24T12:27:54+00:00","dateModified":"2026-01-29T09:32:40+00:00","description":"Niezwykle eteryczna sukienka z wiskozy produkcji holenderskiej najwy\u017cszej jako\u015bci. Nowo\u015b\u0107 w naszej pracowni! Szyta w kameralnej pracowni w Szczecinie.","breadcrumb":{"@id":"https:\/\/talja.pl\/index.php\/produkt\/sukienka-z-wiskozy-estera\/#breadcrumb"},"inLanguage":"pl-PL","potentialAction":[{"@type":"ReadAction","target":["https:\/\/talja.pl\/index.php\/produkt\/sukienka-z-wiskozy-estera\/"]}]},{"@type":"ImageObject","inLanguage":"pl-PL","@id":"https:\/\/talja.pl\/index.php\/produkt\/sukienka-z-wiskozy-estera\/#primaryimage","url":"https:\/\/talja.pl\/wp-content\/uploads\/2024\/01\/profil-estera-talja-sukienka.jpg","contentUrl":"https:\/\/talja.pl\/wp-content\/uploads\/2024\/01\/profil-estera-talja-sukienka.jpg","width":873,"height":1295},{"@type":"BreadcrumbList","@id":"https:\/\/talja.pl\/index.php\/produkt\/sukienka-z-wiskozy-estera\/#breadcrumb","itemListElement":[{"@type":"ListItem","position":1,"name":"Strona g\u0142\u00f3wna","item":"https:\/\/talja.pl\/"},{"@type":"ListItem","position":2,"name":"talja.pl","item":"https:\/\/talja.pl\/index.php\/sklep\/"},{"@type":"ListItem","position":3,"name":"ESTERA OSTATNIE SZTUKI!"}]},{"@type":"WebSite","@id":"https:\/\/talja.pl\/#website","url":"https:\/\/talja.pl\/","name":"www.talja.pl","description":"","publisher":{"@id":"https:\/\/talja.pl\/#organization"},"potentialAction":[{"@type":"SearchAction","target":{"@type":"EntryPoint","urlTemplate":"https:\/\/talja.pl\/?s={search_term_string}"},"query-input":{"@type":"PropertyValueSpecification","valueRequired":true,"valueName":"search_term_string"}}],"inLanguage":"pl-PL"},{"@type":"Organization","@id":"https:\/\/talja.pl\/#organization","name":"Talja","url":"https:\/\/talja.pl\/","logo":{"@type":"ImageObject","inLanguage":"pl-PL","@id":"https:\/\/talja.pl\/#\/schema\/logo\/image\/","url":"https:\/\/talja.pl\/wp-content\/uploads\/2019\/06\/baner-talja-2.jpg","contentUrl":"https:\/\/talja.pl\/wp-content\/uploads\/2019\/06\/baner-talja-2.jpg","width":1300,"height":300,"caption":"Talja"},"image":{"@id":"https:\/\/talja.pl\/#\/schema\/logo\/image\/"},"sameAs":["https:\/\/www.facebook.com\/Talja-418285408906660\/","https:\/\/x.com\/talja_pracownia","https:\/\/www.instagram.com\/talja_pracownia\/"]}]}},"_links":{"self":[{"href":"https:\/\/talja.pl\/index.php\/wp-json\/wp\/v2\/product\/9702","targetHints":{"allow":["GET"]}}],"collection":[{"href":"https:\/\/talja.pl\/index.php\/wp-json\/wp\/v2\/product"}],"about":[{"href":"https:\/\/talja.pl\/index.php\/wp-json\/wp\/v2\/types\/product"}],"replies":[{"embeddable":true,"href":"https:\/\/talja.pl\/index.php\/wp-json\/wp\/v2\/comments?post=9702"}],"version-history":[{"count":11,"href":"https:\/\/talja.pl\/index.php\/wp-json\/wp\/v2\/product\/9702\/revisions"}],"predecessor-version":[{"id":9723,"href":"https:\/\/talja.pl\/index.php\/wp-json\/wp\/v2\/product\/9702\/revisions\/9723"}],"wp:featuredmedia":[{"embeddable":true,"href":"https:\/\/talja.pl\/index.php\/wp-json\/wp\/v2\/media\/9720"}],"wp:attachment":[{"href":"https:\/\/talja.pl\/index.php\/wp-json\/wp\/v2\/media?parent=9702"}],"wp:term":[{"taxonomy":"product_brand","embeddable":true,"href":"https:\/\/talja.pl\/index.php\/wp-json\/wp\/v2\/product_brand?post=9702"},{"taxonomy":"product_cat","embeddable":true,"href":"https:\/\/talja.pl\/index.php\/wp-json\/wp\/v2\/product_cat?post=9702"},{"taxonomy":"product_tag","embeddable":true,"href":"https:\/\/talja.pl\/index.php\/wp-json\/wp\/v2\/product_tag?post=9702"}],"curies":[{"name":"wp","href":"https:\/\/api.w.org\/{rel}","templated":true}]}}