{"id":9797,"date":"2023-12-18T14:45:08","date_gmt":"2023-12-18T13:45:08","guid":{"rendered":"https:\/\/talja.pl\/?post_type=product&#038;p=9797"},"modified":"2026-02-03T10:47:40","modified_gmt":"2026-02-03T09:47:40","slug":"lniana-bluzka-gaja-48h","status":"publish","type":"product","link":"https:\/\/talja.pl\/index.php\/produkt\/lniana-bluzka-gaja-48h\/","title":{"rendered":"Lniana bluzka GAJA- kolory (wysy\u0142ka 48h)"},"content":{"rendered":"<p>Lniana bluzka GAJA to pierwszy model tego typu w pracowni. <strong>Powsta\u0142a z zami\u0142owania do bluzek kopertowych, kt\u00f3re pi\u0119knie eksponuj\u0105 kobiecy dekolt.<\/strong> Dzi\u0119ki szarfom mo\u017cesz j\u0105 nosi\u0107 dwojako : zawi\u0105zan\u0105 z przodu, b\u0105d\u017a z ty\u0142u. Zdecydowan\u0105 wisienk\u0105 na torcie , kt\u00f3ra sprawia, \u017ce nasza <strong>bluzka nabiera niepowtarzanego charakteru s\u0105 bufiaste r\u0119kawy- wyko\u0144czone subtelnym mankiecikiem.<\/strong><\/p>\n<p>Mo\u017cesz by\u0107 pewna, \u017ce ta lniana bluzka sprawdzi si\u0119 fantastycznie zar\u00f3wno do jeans\u00f3w, kulot\u00f3w, czy sp\u00f3dnic.\u00a0 Mo\u017cliwo\u015bci stylizacji z jej udzia\u0142em znajdziesz bez liku:\u00a0 pocz\u0105wszy od tej &#8221; na luzie&#8221; z bia\u0142ymi sneakersami, po t\u0119 bardziej klasyczn\u0105- z botkami, czy oksfordkami.<\/p>\n<h4><strong>Za co j\u0105 pokochasz? :<\/strong><\/h4>\n<ul>\n<li>za mo\u017cliwo\u015b\u0107 uszycia jej\u00a0<strong>w jednym z\u00a0 20 dost\u0119pnych kolor\u00f3w ln\u00f3w ( 100%len, zmi\u0119kczany)\u00a0<\/strong><\/li>\n<li>szarfy, dzi\u0119ki kt\u00f3rym zawi\u0105\u017cesz j\u0105 zar\u00f3wno z przodu, jak i z ty\u0142u<\/li>\n<li><strong>konstrukcja z tzw. &#8220;ci\u0119ciami francuskimi&#8221;, kt\u00f3ra pi\u0119knie podkre\u015bla tali\u0119<\/strong><\/li>\n<li>bufiaste r\u0119kawy, dzi\u0119ki kt\u00f3rym bluzka zyskuje niepowtarzalny charakter<\/li>\n<li>subtelny mankiet zapinany na <strong>guzik r\u0119cznie oblekany lnem<\/strong><\/li>\n<li>optymaln\u0105 d\u0142ugo\u015b\u0107 bluzki umo\u017cliwiaj\u0105c\u0105 noszenie jej w\u0142o\u017conej w spodniach\/sp\u00f3dnicy lub na wierzchu<\/li>\n<li>uszycie z dba\u0142o\u015bci\u0105 w niewielkiej manufakturze w Szczecinie<\/li>\n<\/ul>\n<h4><strong>Sk\u0142ad :\u00a0<\/strong><\/h4>\n<p>len 100%, cudownie zmi\u0119kczany ; produkcji polskiej.<\/p>\n<h4><strong>Rozmiar\u00a0<\/strong><\/h4>\n<p><img fetchpriority=\"high\" decoding=\"async\" class=\"alignnone wp-image-4557 size-full\" src=\"https:\/\/talja.pl\/wp-content\/uploads\/2021\/10\/GAJA-rozmiary-.png\" alt=\"\" width=\"825\" height=\"241\" srcset=\"https:\/\/talja.pl\/wp-content\/uploads\/2021\/10\/GAJA-rozmiary-.png 825w, https:\/\/talja.pl\/wp-content\/uploads\/2021\/10\/GAJA-rozmiary--100x29.png 100w, https:\/\/talja.pl\/wp-content\/uploads\/2021\/10\/GAJA-rozmiary--300x88.png 300w, https:\/\/talja.pl\/wp-content\/uploads\/2021\/10\/GAJA-rozmiary--768x224.png 768w\" sizes=\"(max-width: 825px) 100vw, 825px\" \/><\/p>\n<p>Natalia mierzy 173cm ( obw\u00f3d biustu 83cm, talii 70cm)\u00a0 i prezentuje bluzk\u0119 w rozmiarze S .<\/p>\n<p>Je\u015bli masz problem z doborem rozmiaru, czy koloru lnu &#8211; napisz do nas na kontakt@talja.pl \u2013 ch\u0119tnie pomo\u017cemy!<\/p>\n<h4><strong>Piel\u0119gnacja :\u00a0<\/strong><\/h4>\n<p>Ubrania z lnu traktuj delikatnie. Nie wybielaj, pierz w 30 stopniach, odwirowuj w pralce na ni\u017cszych obrotach i prasuj max w 150st. Dbaj o nie a b\u0119d\u0105 Ci wdzi\u0119czne.<\/p>\n<p>&nbsp;<\/p>\n<p>Na zdj\u0119ciach\u00a0 bluzki\u00a0 w kolorach :\u00a0 karmelowy, ceg\u0142a, ciemny niebieski, je\u015bli chcesz dowiedzie\u0107 si\u0119 wi\u0119cej o kolorach z jakich szyjemy w pracowni &#8211; zerknij<a href=\"https:\/\/talja.pl\/index.php\/kolory-lnow\/\"> tutaj<\/a> .<\/p>\n<p>&nbsp;<\/p>\n<h5><\/h5>\n<p>&nbsp;<\/p>\n","protected":false},"excerpt":{"rendered":"<div class=\"woocommerce-product-details__short-description\">\n<div class=\"woocommerce-product-details__short-description\">\n<p><strong>Co to oznacza, \u017ce bluzka Gaja jest dost\u0119pna od r\u0119ki? <\/strong><\/p>\n<p><em>Nie musisz specjalnie czeka\u0107 na uszycie bluzki. Bluzka jest uszyta, gotowa do wysy\u0142ki i dotrze do Ciebie bardzo szybko. Wysy\u0142amy do 48h od zaksi\u0119gowania p\u0142atno\u015bci na koncie.<\/em><\/p>\n<p><strong>Jakie rozmiary i kolory dost\u0119pne s\u0105 od r\u0119ki?<\/strong><\/p>\n<p><em>Dost\u0119pno\u015b\u0107 gotowych bluzek sprawdzisz wybieraj\u0105c z podanych poni\u017cej przycisk\u00f3w zawieraj\u0105cych rozmiar i kolor danej bluzki.<br \/>\n<\/em><\/p>\n<hr \/>\n<p>Je\u015bli pragniesz zam\u00f3wi\u0107 inny rozmiar i kolor bluzki , zerknij<a href=\"https:\/\/talja.pl\/index.php\/produkt\/lniana-bluzka-kopertowa-gaja-uszyta-w-polskiej-manufakturze-kolory\/\"> tutaj.<\/a><\/p>\n<p><strong>Sk\u0142ad : Len 100% , polskiej produkcji<\/strong><\/p>\n<p><span style=\"color: #ff0000;\"><em>Wysy\u0142ka\u00a0 : do 48h<\/em><\/span><\/p>\n<p>Wyprodukowano w <strong>kameralnej pracowni w Szczecinie. <\/strong>Zamawiaj\u0105c w Talji wspierasz polskie rzemios\u0142o.<\/p>\n<\/div>\n<\/div>\n","protected":false},"featured_media":4589,"comment_status":"open","ping_status":"closed","template":"","meta":[],"product_brand":[],"product_cat":[39,32],"product_tag":[40,25],"class_list":{"0":"post-9797","1":"product","2":"type-product","3":"status-publish","4":"has-post-thumbnail","6":"product_cat-koszule-i-swetry","7":"product_cat-dostepne-od-reki","8":"product_tag-bluzka","9":"product_tag-len","10":"pa_kolor-czerwone-wino-150g-m2","11":"pa_kolor-pudrowy-roz-150g-m2","12":"pa_kolor-arbuz-150g-m2","13":"pa_kolor-ciemny-niebieski-170g-m2","14":"pa_kolor-wrszos-150g-m2","16":"entry","17":"has-media","19":"first","20":"instock","21":"taxable","22":"shipping-taxable","23":"purchasable","24":"product-type-variable","25":"wvs-archive-product-wrapper","26":"has-product-nav","27":"col","28":"span_1_of_4","29":"owp-content-center","30":"owp-thumbs-layout-horizontal","31":"owp-btn-big","32":"owp-tabs-layout-horizontal"},"yoast_head":"<!-- This site is optimized with the Yoast SEO plugin v27.0 - https:\/\/yoast.com\/product\/yoast-seo-wordpress\/ -->\n<title>Lniana bluzka GAJA- kolory (wysy\u0142ka 48h) - www.talja.pl<\/title>\n<meta name=\"description\" content=\"Lniana bluzka GAJA powsta\u0142a z zami\u0142owania do bluzek kopertowych, kt\u00f3re pi\u0119knie eksponuj\u0105 kobiecy dekolt, a dzi\u0119ki szarfom mo\u017cesz je wi\u0105za\u0107 dwojako.\" \/>\n<meta name=\"robots\" content=\"index, follow, max-snippet:-1, max-image-preview:large, max-video-preview:-1\" \/>\n<link rel=\"canonical\" href=\"https:\/\/talja.pl\/index.php\/produkt\/lniana-bluzka-gaja-48h\/\" \/>\n<meta property=\"og:locale\" content=\"pl_PL\" \/>\n<meta property=\"og:type\" content=\"article\" \/>\n<meta property=\"og:title\" content=\"Lniana bluzka GAJA- kolory (wysy\u0142ka 48h) - www.talja.pl\" \/>\n<meta property=\"og:description\" content=\"Lniana bluzka GAJA powsta\u0142a z zami\u0142owania do bluzek kopertowych, kt\u00f3re pi\u0119knie eksponuj\u0105 kobiecy dekolt, a dzi\u0119ki szarfom mo\u017cesz je wi\u0105za\u0107 dwojako.\" \/>\n<meta property=\"og:url\" content=\"https:\/\/talja.pl\/index.php\/produkt\/lniana-bluzka-gaja-48h\/\" \/>\n<meta property=\"og:site_name\" content=\"www.talja.pl\" \/>\n<meta property=\"article:publisher\" content=\"https:\/\/www.facebook.com\/Talja-418285408906660\/\" \/>\n<meta property=\"article:modified_time\" content=\"2026-02-03T09:47:40+00:00\" \/>\n<meta property=\"og:image\" content=\"https:\/\/talja.pl\/wp-content\/uploads\/2021\/10\/gaja-profi-e1659619031245.jpg\" \/>\n\t<meta property=\"og:image:width\" content=\"1028\" \/>\n\t<meta property=\"og:image:height\" content=\"1524\" \/>\n\t<meta property=\"og:image:type\" content=\"image\/jpeg\" \/>\n<meta name=\"twitter:card\" content=\"summary_large_image\" \/>\n<meta name=\"twitter:site\" content=\"@talja_pracownia\" \/>\n<meta name=\"twitter:label1\" content=\"Szacowany czas czytania\" \/>\n\t<meta name=\"twitter:data1\" content=\"2 minuty\" \/>\n<script type=\"application\/ld+json\" class=\"yoast-schema-graph\">{\"@context\":\"https:\/\/schema.org\",\"@graph\":[{\"@type\":\"WebPage\",\"@id\":\"https:\/\/talja.pl\/index.php\/produkt\/lniana-bluzka-gaja-48h\/\",\"url\":\"https:\/\/talja.pl\/index.php\/produkt\/lniana-bluzka-gaja-48h\/\",\"name\":\"Lniana bluzka GAJA- kolory (wysy\u0142ka 48h) - www.talja.pl\",\"isPartOf\":{\"@id\":\"https:\/\/talja.pl\/#website\"},\"primaryImageOfPage\":{\"@id\":\"https:\/\/talja.pl\/index.php\/produkt\/lniana-bluzka-gaja-48h\/#primaryimage\"},\"image\":{\"@id\":\"https:\/\/talja.pl\/index.php\/produkt\/lniana-bluzka-gaja-48h\/#primaryimage\"},\"thumbnailUrl\":\"https:\/\/talja.pl\/wp-content\/uploads\/2021\/10\/gaja-profi-e1659619031245.jpg\",\"datePublished\":\"2023-12-18T13:45:08+00:00\",\"dateModified\":\"2026-02-03T09:47:40+00:00\",\"description\":\"Lniana bluzka GAJA powsta\u0142a z zami\u0142owania do bluzek kopertowych, kt\u00f3re pi\u0119knie eksponuj\u0105 kobiecy dekolt, a dzi\u0119ki szarfom mo\u017cesz je wi\u0105za\u0107 dwojako.\",\"breadcrumb\":{\"@id\":\"https:\/\/talja.pl\/index.php\/produkt\/lniana-bluzka-gaja-48h\/#breadcrumb\"},\"inLanguage\":\"pl-PL\",\"potentialAction\":[{\"@type\":\"ReadAction\",\"target\":[\"https:\/\/talja.pl\/index.php\/produkt\/lniana-bluzka-gaja-48h\/\"]}]},{\"@type\":\"ImageObject\",\"inLanguage\":\"pl-PL\",\"@id\":\"https:\/\/talja.pl\/index.php\/produkt\/lniana-bluzka-gaja-48h\/#primaryimage\",\"url\":\"https:\/\/talja.pl\/wp-content\/uploads\/2021\/10\/gaja-profi-e1659619031245.jpg\",\"contentUrl\":\"https:\/\/talja.pl\/wp-content\/uploads\/2021\/10\/gaja-profi-e1659619031245.jpg\",\"width\":1028,\"height\":1524,\"caption\":\"lniana bluzka talja GAJA\"},{\"@type\":\"BreadcrumbList\",\"@id\":\"https:\/\/talja.pl\/index.php\/produkt\/lniana-bluzka-gaja-48h\/#breadcrumb\",\"itemListElement\":[{\"@type\":\"ListItem\",\"position\":1,\"name\":\"Strona g\u0142\u00f3wna\",\"item\":\"https:\/\/talja.pl\/\"},{\"@type\":\"ListItem\",\"position\":2,\"name\":\"talja.pl\",\"item\":\"https:\/\/talja.pl\/index.php\/sklep\/\"},{\"@type\":\"ListItem\",\"position\":3,\"name\":\"Lniana bluzka GAJA- kolory (wysy\u0142ka 48h)\"}]},{\"@type\":\"WebSite\",\"@id\":\"https:\/\/talja.pl\/#website\",\"url\":\"https:\/\/talja.pl\/\",\"name\":\"www.talja.pl\",\"description\":\"\",\"publisher\":{\"@id\":\"https:\/\/talja.pl\/#organization\"},\"potentialAction\":[{\"@type\":\"SearchAction\",\"target\":{\"@type\":\"EntryPoint\",\"urlTemplate\":\"https:\/\/talja.pl\/?s={search_term_string}\"},\"query-input\":{\"@type\":\"PropertyValueSpecification\",\"valueRequired\":true,\"valueName\":\"search_term_string\"}}],\"inLanguage\":\"pl-PL\"},{\"@type\":\"Organization\",\"@id\":\"https:\/\/talja.pl\/#organization\",\"name\":\"Talja\",\"url\":\"https:\/\/talja.pl\/\",\"logo\":{\"@type\":\"ImageObject\",\"inLanguage\":\"pl-PL\",\"@id\":\"https:\/\/talja.pl\/#\/schema\/logo\/image\/\",\"url\":\"https:\/\/talja.pl\/wp-content\/uploads\/2019\/06\/baner-talja-2.jpg\",\"contentUrl\":\"https:\/\/talja.pl\/wp-content\/uploads\/2019\/06\/baner-talja-2.jpg\",\"width\":1300,\"height\":300,\"caption\":\"Talja\"},\"image\":{\"@id\":\"https:\/\/talja.pl\/#\/schema\/logo\/image\/\"},\"sameAs\":[\"https:\/\/www.facebook.com\/Talja-418285408906660\/\",\"https:\/\/x.com\/talja_pracownia\",\"https:\/\/www.instagram.com\/talja_pracownia\/\"]}]}<\/script>\n<!-- \/ Yoast SEO plugin. -->","yoast_head_json":{"title":"Lniana bluzka GAJA- kolory (wysy\u0142ka 48h) - www.talja.pl","description":"Lniana bluzka GAJA powsta\u0142a z zami\u0142owania do bluzek kopertowych, kt\u00f3re pi\u0119knie eksponuj\u0105 kobiecy dekolt, a dzi\u0119ki szarfom mo\u017cesz je wi\u0105za\u0107 dwojako.","robots":{"index":"index","follow":"follow","max-snippet":"max-snippet:-1","max-image-preview":"max-image-preview:large","max-video-preview":"max-video-preview:-1"},"canonical":"https:\/\/talja.pl\/index.php\/produkt\/lniana-bluzka-gaja-48h\/","og_locale":"pl_PL","og_type":"article","og_title":"Lniana bluzka GAJA- kolory (wysy\u0142ka 48h) - www.talja.pl","og_description":"Lniana bluzka GAJA powsta\u0142a z zami\u0142owania do bluzek kopertowych, kt\u00f3re pi\u0119knie eksponuj\u0105 kobiecy dekolt, a dzi\u0119ki szarfom mo\u017cesz je wi\u0105za\u0107 dwojako.","og_url":"https:\/\/talja.pl\/index.php\/produkt\/lniana-bluzka-gaja-48h\/","og_site_name":"www.talja.pl","article_publisher":"https:\/\/www.facebook.com\/Talja-418285408906660\/","article_modified_time":"2026-02-03T09:47:40+00:00","og_image":[{"width":1028,"height":1524,"url":"https:\/\/talja.pl\/wp-content\/uploads\/2021\/10\/gaja-profi-e1659619031245.jpg","type":"image\/jpeg"}],"twitter_card":"summary_large_image","twitter_site":"@talja_pracownia","twitter_misc":{"Szacowany czas czytania":"2 minuty"},"schema":{"@context":"https:\/\/schema.org","@graph":[{"@type":"WebPage","@id":"https:\/\/talja.pl\/index.php\/produkt\/lniana-bluzka-gaja-48h\/","url":"https:\/\/talja.pl\/index.php\/produkt\/lniana-bluzka-gaja-48h\/","name":"Lniana bluzka GAJA- kolory (wysy\u0142ka 48h) - www.talja.pl","isPartOf":{"@id":"https:\/\/talja.pl\/#website"},"primaryImageOfPage":{"@id":"https:\/\/talja.pl\/index.php\/produkt\/lniana-bluzka-gaja-48h\/#primaryimage"},"image":{"@id":"https:\/\/talja.pl\/index.php\/produkt\/lniana-bluzka-gaja-48h\/#primaryimage"},"thumbnailUrl":"https:\/\/talja.pl\/wp-content\/uploads\/2021\/10\/gaja-profi-e1659619031245.jpg","datePublished":"2023-12-18T13:45:08+00:00","dateModified":"2026-02-03T09:47:40+00:00","description":"Lniana bluzka GAJA powsta\u0142a z zami\u0142owania do bluzek kopertowych, kt\u00f3re pi\u0119knie eksponuj\u0105 kobiecy dekolt, a dzi\u0119ki szarfom mo\u017cesz je wi\u0105za\u0107 dwojako.","breadcrumb":{"@id":"https:\/\/talja.pl\/index.php\/produkt\/lniana-bluzka-gaja-48h\/#breadcrumb"},"inLanguage":"pl-PL","potentialAction":[{"@type":"ReadAction","target":["https:\/\/talja.pl\/index.php\/produkt\/lniana-bluzka-gaja-48h\/"]}]},{"@type":"ImageObject","inLanguage":"pl-PL","@id":"https:\/\/talja.pl\/index.php\/produkt\/lniana-bluzka-gaja-48h\/#primaryimage","url":"https:\/\/talja.pl\/wp-content\/uploads\/2021\/10\/gaja-profi-e1659619031245.jpg","contentUrl":"https:\/\/talja.pl\/wp-content\/uploads\/2021\/10\/gaja-profi-e1659619031245.jpg","width":1028,"height":1524,"caption":"lniana bluzka talja GAJA"},{"@type":"BreadcrumbList","@id":"https:\/\/talja.pl\/index.php\/produkt\/lniana-bluzka-gaja-48h\/#breadcrumb","itemListElement":[{"@type":"ListItem","position":1,"name":"Strona g\u0142\u00f3wna","item":"https:\/\/talja.pl\/"},{"@type":"ListItem","position":2,"name":"talja.pl","item":"https:\/\/talja.pl\/index.php\/sklep\/"},{"@type":"ListItem","position":3,"name":"Lniana bluzka GAJA- kolory (wysy\u0142ka 48h)"}]},{"@type":"WebSite","@id":"https:\/\/talja.pl\/#website","url":"https:\/\/talja.pl\/","name":"www.talja.pl","description":"","publisher":{"@id":"https:\/\/talja.pl\/#organization"},"potentialAction":[{"@type":"SearchAction","target":{"@type":"EntryPoint","urlTemplate":"https:\/\/talja.pl\/?s={search_term_string}"},"query-input":{"@type":"PropertyValueSpecification","valueRequired":true,"valueName":"search_term_string"}}],"inLanguage":"pl-PL"},{"@type":"Organization","@id":"https:\/\/talja.pl\/#organization","name":"Talja","url":"https:\/\/talja.pl\/","logo":{"@type":"ImageObject","inLanguage":"pl-PL","@id":"https:\/\/talja.pl\/#\/schema\/logo\/image\/","url":"https:\/\/talja.pl\/wp-content\/uploads\/2019\/06\/baner-talja-2.jpg","contentUrl":"https:\/\/talja.pl\/wp-content\/uploads\/2019\/06\/baner-talja-2.jpg","width":1300,"height":300,"caption":"Talja"},"image":{"@id":"https:\/\/talja.pl\/#\/schema\/logo\/image\/"},"sameAs":["https:\/\/www.facebook.com\/Talja-418285408906660\/","https:\/\/x.com\/talja_pracownia","https:\/\/www.instagram.com\/talja_pracownia\/"]}]}},"_links":{"self":[{"href":"https:\/\/talja.pl\/index.php\/wp-json\/wp\/v2\/product\/9797","targetHints":{"allow":["GET"]}}],"collection":[{"href":"https:\/\/talja.pl\/index.php\/wp-json\/wp\/v2\/product"}],"about":[{"href":"https:\/\/talja.pl\/index.php\/wp-json\/wp\/v2\/types\/product"}],"replies":[{"embeddable":true,"href":"https:\/\/talja.pl\/index.php\/wp-json\/wp\/v2\/comments?post=9797"}],"version-history":[{"count":4,"href":"https:\/\/talja.pl\/index.php\/wp-json\/wp\/v2\/product\/9797\/revisions"}],"predecessor-version":[{"id":9842,"href":"https:\/\/talja.pl\/index.php\/wp-json\/wp\/v2\/product\/9797\/revisions\/9842"}],"wp:featuredmedia":[{"embeddable":true,"href":"https:\/\/talja.pl\/index.php\/wp-json\/wp\/v2\/media\/4589"}],"wp:attachment":[{"href":"https:\/\/talja.pl\/index.php\/wp-json\/wp\/v2\/media?parent=9797"}],"wp:term":[{"taxonomy":"product_brand","embeddable":true,"href":"https:\/\/talja.pl\/index.php\/wp-json\/wp\/v2\/product_brand?post=9797"},{"taxonomy":"product_cat","embeddable":true,"href":"https:\/\/talja.pl\/index.php\/wp-json\/wp\/v2\/product_cat?post=9797"},{"taxonomy":"product_tag","embeddable":true,"href":"https:\/\/talja.pl\/index.php\/wp-json\/wp\/v2\/product_tag?post=9797"}],"curies":[{"name":"wp","href":"https:\/\/api.w.org\/{rel}","templated":true}]}}